{"id":6574,"date":"2024-01-25T20:38:06","date_gmt":"2024-01-25T18:38:06","guid":{"rendered":"https:\/\/picoytallo.com\/versand-und-rueckgabe\/"},"modified":"2025-04-02T17:26:38","modified_gmt":"2025-04-02T15:26:38","slug":"versand-und-rueckgabe","status":"publish","type":"page","link":"https:\/\/picoytallo.com\/de\/versand-und-rueckgabe\/","title":{"rendered":"Versand und R\u00fcckgabe"},"content":{"rendered":"\n<p>Versandmethoden und Lieferzeiten<\/p>\n\n<p>www.picoytallo.com liefert nur Bestellungen auf der Halbinsel (Spanien und Portugal). Die Lieferzeit betr\u00e4gt 1 bis 4 Arbeitstage ab dem Datum des Bestelleingangs.   <\/p>\n\n<p>F\u00fcr Lieferungen auf die Inseln, senden Sie bitte eine E-Mail an gourmet@picoytallo.com<\/p>\n\n<p>Die Bestellungen werden direkt von Correos \u00fcber seine Logistikdienstleister versandt. Detaillierte Informationen finden Sie unter folgendem Link: <a href=\"http:\/\/www.correos.es\/ss\/Satellite\/site\/producto-carta_ordinaria-cartas_documentos\/cOrg=Producto_C-cidOrg=1363189407853-detalle_de_producto-sidioma=es_ES\">http:\/\/www.correos.es\/ss\/Satellite\/site\/producto-carta_ordinaria-cartas_documentos\/cOrg=Producto_C-cidOrg=1363189407853-detalle_de_producto-sidioma=es_ES.<\/a> <\/p>\n\n<p>Die normale Post hat keinen Tracking-Code. Wenn Sie m\u00f6chten, k\u00f6nnen Sie den 24-Stunden-Versand w\u00e4hlen.<\/p>\n\n<p>Die Versandkosten werden dynamisch anhand der Produkte in Ihrem Einkaufskorb berechnet.<\/p>\n\n<p>F\u00fcr den Fall, dass an der angegebenen Lieferadresse niemand f\u00fcr die Entgegennahme des Pakets zust\u00e4ndig ist, wird eine Nachricht mit einer Telefonnummer hinterlassen, die Sie anrufen sollten, um zu best\u00e4tigen, zu welchem Zeitpunkt die Ware an Sie geliefert werden kann. Das Transportunternehmen lagert Ihr Paket etwa 15 Tage lang in seinen Lagern, bevor es an uns zur\u00fcckgeschickt wird. <\/p>\n\n<p>Wenn Sie Ihren Kauf nicht innerhalb der gesch\u00e4tzten Zeit erhalten, sollten Sie sich an den Kundendienst von www.picoytallo.com wenden. Sie k\u00f6nnen uns unter gourmet@picoytallo.com schreiben. Sobald wir Ihre Mitteilung erhalten haben, werden wir die notwendigen Schritte unternehmen, um herauszufinden, warum Sie den Artikel nicht innerhalb der vereinbarten Zeit erhalten haben. <\/p>\n\n<h2 class=\"wp-block-heading\">Liefert<\/h2>\n\n<p>Der Umtausch oder die R\u00fcckerstattung erfolgt unter der Voraussetzung, dass:<\/p>\n\n<p>a) Sie m\u00fcssen unseren Kundendienst vorher informieren: Dieser Schritt ist unabh\u00e4ngig vom Grund der R\u00fccksendung unerl\u00e4sslich. Sie k\u00f6nnen dies tun, indem Sie eine E-Mail an gourmet@picoytallo.com senden und die Bestellnummer im Betreff der E-Mail anf\u00fcgen. Wir werden Ihnen mitteilen, wie Sie den Artikel zur\u00fccksenden k\u00f6nnen.  <\/p>\n\n<p>(b) die Produkte ihr Originalsiegel unversehrt behalten.  <strong>Wir akzeptieren keine R\u00fccksendungen von Produkten, die aus ihrer Verpackung ge\u00f6ffnet wurden.<\/strong><\/p>\n\n<p>c) Der zur\u00fcckzusendende Artikel muss f\u00fcr die R\u00fccksendung korrekt verpackt sein. Die Verpackung muss in einwandfreiem Zustand sein und alle Originalzubeh\u00f6rteile und -anweisungen enthalten, um zur\u00fcckgegeben werden zu k\u00f6nnen. <\/p>\n\n<p>d) 15 Tage nach Lieferung der Bestellung werden keine R\u00fccksendungen mehr angenommen.<\/p>\n\n<p>e) Falls Sie mit dem erhaltenen Produkt nicht zufrieden sind oder ein falsches Modell gekauft haben, gehen die Kosten f\u00fcr die R\u00fccksendung zu Lasten des Kunden und der Gesamtbetrag der Bestellung wird abz\u00fcglich der Versandkosten f\u00fcr die Lieferung der Bestellung und der Kosten f\u00fcr die R\u00fccksendung erstattet.<\/p>\n\n<p>f) Reklamationen f\u00fcr Artikel, die in der Bestellung fehlen, werden 48 Stunden nach Erhalt der Bestellung nicht akzeptiert.<\/p>\n","protected":false},"excerpt":{"rendered":"<p>Versandmethoden und Lieferzeiten www.picoytallo.com liefert nur Bestellungen auf der Halbinsel (Spanien und Portugal). Die Lieferzeit betr\u00e4gt 1 bis 4 Arbeitstage ab dem Datum des Bestelleingangs. F\u00fcr Lieferungen auf die Inseln, senden Sie bitte eine E-Mail an gourmet@picoytallo.com Die Bestellungen werden direkt von Correos \u00fcber seine Logistikdienstleister versandt. Detaillierte Informationen finden Sie unter folgendem Link: http:\/\/www.correos.es\/ss\/Satellite\/site\/producto-carta_ordinaria-cartas_documentos\/cOrg=Producto_C-cidOrg=1363189407853-detalle_de_producto-sidioma=es_ES. &hellip; <a href=\"https:\/\/picoytallo.com\/de\/versand-und-rueckgabe\/\" class=\"more-link\">Continue reading <span class=\"screen-reader-text\">Versand und R\u00fcckgabe<\/span><\/a><\/p>\n","protected":false},"author":1,"featured_media":0,"parent":0,"menu_order":0,"comment_status":"closed","ping_status":"closed","template":"","meta":{"footnotes":""},"class_list":["post-6574","page","type-page","status-publish","hentry"],"yoast_head":"<!-- This site is optimized with the Yoast SEO plugin v27.4 - https:\/\/yoast.com\/product\/yoast-seo-wordpress\/ -->\n<title>Versand und R\u00fcckgabe - Pico y Tallo<\/title>\n<meta name=\"robots\" content=\"index, follow, max-snippet:-1, max-image-preview:large, max-video-preview:-1\" \/>\n<link rel=\"canonical\" href=\"https:\/\/picoytallo.com\/de\/versand-und-rueckgabe\/\" \/>\n<meta property=\"og:locale\" content=\"de_DE\" \/>\n<meta property=\"og:type\" content=\"article\" \/>\n<meta property=\"og:title\" content=\"Versand und R\u00fcckgabe - Pico y Tallo\" \/>\n<meta property=\"og:description\" content=\"Versandmethoden und Lieferzeiten www.picoytallo.com liefert nur Bestellungen auf der Halbinsel (Spanien und Portugal). Die Lieferzeit betr\u00e4gt 1 bis 4 Arbeitstage ab dem Datum des Bestelleingangs. F\u00fcr Lieferungen auf die Inseln, senden Sie bitte eine E-Mail an gourmet@picoytallo.com Die Bestellungen werden direkt von Correos \u00fcber seine Logistikdienstleister versandt. Detaillierte Informationen finden Sie unter folgendem Link: http:\/\/www.correos.es\/ss\/Satellite\/site\/producto-carta_ordinaria-cartas_documentos\/cOrg=Producto_C-cidOrg=1363189407853-detalle_de_producto-sidioma=es_ES. &hellip; Continue reading Versand und R\u00fcckgabe\" \/>\n<meta property=\"og:url\" content=\"https:\/\/picoytallo.com\/de\/versand-und-rueckgabe\/\" \/>\n<meta property=\"og:site_name\" content=\"Pico y Tallo\" \/>\n<meta property=\"article:modified_time\" content=\"2025-04-02T15:26:38+00:00\" \/>\n<meta name=\"twitter:card\" content=\"summary_large_image\" \/>\n<meta name=\"twitter:label1\" content=\"Gesch\u00e4tzte Lesezeit\" \/>\n\t<meta name=\"twitter:data1\" content=\"2\u00a0Minuten\" \/>\n<script type=\"application\/ld+json\" class=\"yoast-schema-graph\">{\"@context\":\"https:\\\/\\\/schema.org\",\"@graph\":[{\"@type\":\"WebPage\",\"@id\":\"https:\\\/\\\/picoytallo.com\\\/de\\\/versand-und-rueckgabe\\\/\",\"url\":\"https:\\\/\\\/picoytallo.com\\\/de\\\/versand-und-rueckgabe\\\/\",\"name\":\"Versand und R\u00fcckgabe - Pico y Tallo\",\"isPartOf\":{\"@id\":\"https:\\\/\\\/picoytallo.com\\\/de\\\/#website\"},\"datePublished\":\"2024-01-25T18:38:06+00:00\",\"dateModified\":\"2025-04-02T15:26:38+00:00\",\"breadcrumb\":{\"@id\":\"https:\\\/\\\/picoytallo.com\\\/de\\\/versand-und-rueckgabe\\\/#breadcrumb\"},\"inLanguage\":\"de\",\"potentialAction\":[{\"@type\":\"ReadAction\",\"target\":[\"https:\\\/\\\/picoytallo.com\\\/de\\\/versand-und-rueckgabe\\\/\"]}]},{\"@type\":\"BreadcrumbList\",\"@id\":\"https:\\\/\\\/picoytallo.com\\\/de\\\/versand-und-rueckgabe\\\/#breadcrumb\",\"itemListElement\":[{\"@type\":\"ListItem\",\"position\":1,\"name\":\"Portada\",\"item\":\"https:\\\/\\\/picoytallo.com\\\/de\\\/home\\\/\"},{\"@type\":\"ListItem\",\"position\":2,\"name\":\"Versand und R\u00fcckgabe\"}]},{\"@type\":\"WebSite\",\"@id\":\"https:\\\/\\\/picoytallo.com\\\/de\\\/#website\",\"url\":\"https:\\\/\\\/picoytallo.com\\\/de\\\/\",\"name\":\"Pico y Tallo\",\"description\":\"Productos Gourmet Online\",\"publisher\":{\"@id\":\"https:\\\/\\\/picoytallo.com\\\/de\\\/#organization\"},\"potentialAction\":[{\"@type\":\"SearchAction\",\"target\":{\"@type\":\"EntryPoint\",\"urlTemplate\":\"https:\\\/\\\/picoytallo.com\\\/de\\\/?s={search_term_string}\"},\"query-input\":{\"@type\":\"PropertyValueSpecification\",\"valueRequired\":true,\"valueName\":\"search_term_string\"}}],\"inLanguage\":\"de\"},{\"@type\":\"Organization\",\"@id\":\"https:\\\/\\\/picoytallo.com\\\/de\\\/#organization\",\"name\":\"Pico y Tallo\",\"url\":\"https:\\\/\\\/picoytallo.com\\\/de\\\/\",\"logo\":{\"@type\":\"ImageObject\",\"inLanguage\":\"de\",\"@id\":\"https:\\\/\\\/picoytallo.com\\\/de\\\/#\\\/schema\\\/logo\\\/image\\\/\",\"url\":\"https:\\\/\\\/picoytallo.com\\\/wp-content\\\/uploads\\\/2022\\\/03\\\/cropped-Productos-gourmet-picotallo.webp\",\"contentUrl\":\"https:\\\/\\\/picoytallo.com\\\/wp-content\\\/uploads\\\/2022\\\/03\\\/cropped-Productos-gourmet-picotallo.webp\",\"width\":1194,\"height\":314,\"caption\":\"Pico y Tallo\"},\"image\":{\"@id\":\"https:\\\/\\\/picoytallo.com\\\/de\\\/#\\\/schema\\\/logo\\\/image\\\/\"}}]}<\/script>\n<!-- \/ Yoast SEO plugin. -->","yoast_head_json":{"title":"Versand und R\u00fcckgabe - Pico y Tallo","robots":{"index":"index","follow":"follow","max-snippet":"max-snippet:-1","max-image-preview":"max-image-preview:large","max-video-preview":"max-video-preview:-1"},"canonical":"https:\/\/picoytallo.com\/de\/versand-und-rueckgabe\/","og_locale":"de_DE","og_type":"article","og_title":"Versand und R\u00fcckgabe - Pico y Tallo","og_description":"Versandmethoden und Lieferzeiten www.picoytallo.com liefert nur Bestellungen auf der Halbinsel (Spanien und Portugal). Die Lieferzeit betr\u00e4gt 1 bis 4 Arbeitstage ab dem Datum des Bestelleingangs. F\u00fcr Lieferungen auf die Inseln, senden Sie bitte eine E-Mail an gourmet@picoytallo.com Die Bestellungen werden direkt von Correos \u00fcber seine Logistikdienstleister versandt. Detaillierte Informationen finden Sie unter folgendem Link: http:\/\/www.correos.es\/ss\/Satellite\/site\/producto-carta_ordinaria-cartas_documentos\/cOrg=Producto_C-cidOrg=1363189407853-detalle_de_producto-sidioma=es_ES. &hellip; Continue reading Versand und R\u00fcckgabe","og_url":"https:\/\/picoytallo.com\/de\/versand-und-rueckgabe\/","og_site_name":"Pico y Tallo","article_modified_time":"2025-04-02T15:26:38+00:00","twitter_card":"summary_large_image","twitter_misc":{"Gesch\u00e4tzte Lesezeit":"2\u00a0Minuten"},"schema":{"@context":"https:\/\/schema.org","@graph":[{"@type":"WebPage","@id":"https:\/\/picoytallo.com\/de\/versand-und-rueckgabe\/","url":"https:\/\/picoytallo.com\/de\/versand-und-rueckgabe\/","name":"Versand und R\u00fcckgabe - Pico y Tallo","isPartOf":{"@id":"https:\/\/picoytallo.com\/de\/#website"},"datePublished":"2024-01-25T18:38:06+00:00","dateModified":"2025-04-02T15:26:38+00:00","breadcrumb":{"@id":"https:\/\/picoytallo.com\/de\/versand-und-rueckgabe\/#breadcrumb"},"inLanguage":"de","potentialAction":[{"@type":"ReadAction","target":["https:\/\/picoytallo.com\/de\/versand-und-rueckgabe\/"]}]},{"@type":"BreadcrumbList","@id":"https:\/\/picoytallo.com\/de\/versand-und-rueckgabe\/#breadcrumb","itemListElement":[{"@type":"ListItem","position":1,"name":"Portada","item":"https:\/\/picoytallo.com\/de\/home\/"},{"@type":"ListItem","position":2,"name":"Versand und R\u00fcckgabe"}]},{"@type":"WebSite","@id":"https:\/\/picoytallo.com\/de\/#website","url":"https:\/\/picoytallo.com\/de\/","name":"Pico y Tallo","description":"Productos Gourmet Online","publisher":{"@id":"https:\/\/picoytallo.com\/de\/#organization"},"potentialAction":[{"@type":"SearchAction","target":{"@type":"EntryPoint","urlTemplate":"https:\/\/picoytallo.com\/de\/?s={search_term_string}"},"query-input":{"@type":"PropertyValueSpecification","valueRequired":true,"valueName":"search_term_string"}}],"inLanguage":"de"},{"@type":"Organization","@id":"https:\/\/picoytallo.com\/de\/#organization","name":"Pico y Tallo","url":"https:\/\/picoytallo.com\/de\/","logo":{"@type":"ImageObject","inLanguage":"de","@id":"https:\/\/picoytallo.com\/de\/#\/schema\/logo\/image\/","url":"https:\/\/picoytallo.com\/wp-content\/uploads\/2022\/03\/cropped-Productos-gourmet-picotallo.webp","contentUrl":"https:\/\/picoytallo.com\/wp-content\/uploads\/2022\/03\/cropped-Productos-gourmet-picotallo.webp","width":1194,"height":314,"caption":"Pico y Tallo"},"image":{"@id":"https:\/\/picoytallo.com\/de\/#\/schema\/logo\/image\/"}}]}},"_links":{"self":[{"href":"https:\/\/picoytallo.com\/de\/wp-json\/wp\/v2\/pages\/6574","targetHints":{"allow":["GET"]}}],"collection":[{"href":"https:\/\/picoytallo.com\/de\/wp-json\/wp\/v2\/pages"}],"about":[{"href":"https:\/\/picoytallo.com\/de\/wp-json\/wp\/v2\/types\/page"}],"author":[{"embeddable":true,"href":"https:\/\/picoytallo.com\/de\/wp-json\/wp\/v2\/users\/1"}],"replies":[{"embeddable":true,"href":"https:\/\/picoytallo.com\/de\/wp-json\/wp\/v2\/comments?post=6574"}],"version-history":[{"count":0,"href":"https:\/\/picoytallo.com\/de\/wp-json\/wp\/v2\/pages\/6574\/revisions"}],"wp:attachment":[{"href":"https:\/\/picoytallo.com\/de\/wp-json\/wp\/v2\/media?parent=6574"}],"curies":[{"name":"wp","href":"https:\/\/api.w.org\/{rel}","templated":true}]}}