{"id":10000,"date":"2025-12-02T09:37:10","date_gmt":"2025-12-02T07:37:10","guid":{"rendered":"https:\/\/picoytallo.com\/producto\/mediterraner-weisswein-flor-malves-malvasia\/"},"modified":"2025-12-02T09:37:10","modified_gmt":"2025-12-02T07:37:10","slug":"mediterraner-weisswein-flor-malves-malvasia","status":"publish","type":"product","link":"https:\/\/picoytallo.com\/de\/producto\/mediterraner-weisswein-flor-malves-malvasia\/","title":{"rendered":"Mediterraner Wei\u00dfwein Flor Malv\u00e9s &#8211; Malvas\u00eda"},"content":{"rendered":"<div class=\"woocommerce-product-details__short-description\">\n<h2>Alicante Wei\u00dfwein &#8211; Malvas\u00eda<\/h2>\n<p>Jahrgang 2023. 0,75 cl. <\/p>\n<\/div>\n<div class=\"group\/conversation-turn relative flex w-full min-w-0 flex-col agent-turn\">\n<div class=\"flex-col gap-1 md:gap-3\">\n<div class=\"flex max-w-full flex-col flex-grow\">\n<div class=\"min-h-8 text-message flex w-full flex-col items-end gap-2 whitespace-normal break-words [.text-message+&amp;]:mt-5\" dir=\"auto\" data-message-author-role=\"assistant\" data-message-id=\"e8fbacb4-97e0-4cb3-9522-da0f72d8730c\" data-message-model-slug=\"gpt-4o\">\n<div class=\"flex w-full flex-col gap-1 empty:hidden first:pt-[3px]\">\n<div class=\"markdown prose w-full break-words dark:prose-invert light\">\n<div class=\"group\/conversation-turn relative flex w-full min-w-0 flex-col agent-turn\">\n<div class=\"flex-col gap-1 md:gap-3\">\n<div class=\"flex max-w-full flex-col flex-grow\">\n<div class=\"min-h-8 text-message flex w-full flex-col items-end gap-2 whitespace-normal break-words [.text-message+&amp;]:mt-5\" dir=\"auto\" data-message-author-role=\"assistant\" data-message-id=\"8392630d-8864-42e2-a278-204e098f750b\" data-message-model-slug=\"gpt-4o\">\n<div class=\"flex w-full flex-col gap-1 empty:hidden first:pt-[3px]\">\n<div class=\"markdown prose w-full break-words dark:prose-invert light\">\n<div id=\"nota\" class=\"collapse show\">\n<div class=\"card card-body\">\n<p>Flor Malv\u00e9s ist ein wei\u00dfer Malvas\u00eda-Wein, der das Ergebnis jahrelanger Forschung und Arbeit ist. Er ist der erste einer neuen Kollektion, die wir Vinos Ancestrales (Ahnenweine) genannt haben. Mit diesem Wein haben wir versucht, die trockenen Wei\u00dfweine der Vergangenheit wieder aufleben zu lassen, indem wir sie an unsere Zeit angepasst haben, dabei aber so weit wie m\u00f6glich der alten Herstellungsweise treu geblieben sind, die wir in gewisser Weise wiederentdecken mussten.<br \/>\nFr\u00fcher wurden die Trauben mit den F\u00fc\u00dfen getreten und aus dem ersten Most oder dem Bl\u00fctenmost (ohne Kelterung) wurde der trockene Wei\u00dfwein hergestellt, w\u00e4hrend die S\u00fc\u00dfweine aus den Pressen und dem Most mit mehr Schalen hergestellt wurden. Sobald die G\u00e4rung abgeschlossen war, wurden sie unterirdisch in den Weinpressen gelagert und versiegelt, bis sie zum Verzehr bereit waren. Um Oxidation zu vermeiden, wurden sie mit einem gro\u00dfen Anteil an Hefe aufbewahrt. Beim Flor Malv\u00e9s haben wir all diese Verfahren mit unseren heutigen Kenntnissen nachgeahmt.<br \/>\nDas Ergebnis ist ein trockener Wei\u00dfwein mit vorherrschenden Aromen aus dieser Reifung auf der Hefe (Geb\u00e4ck, Pasteten, ein Hauch von Apfelkuchen), die den Aromen sehr \u00e4hnlich sind, die wir in Schaumweinen finden, die nach der traditionellen Methode in der Flasche reifen. Am Gaumen ist er ein sehr trockener Wein mit gro\u00dfem Volumen und einem enormen gastronomischen Potenzial. Es handelt sich um einen sehr markanten Wein<br \/>\n, der uns definitiv mit unseren Urspr\u00fcngen verbindet und sie auf den neuesten Stand bringt.      <\/p>\n<h3><strong>Mittelmeerwein<\/strong><\/h3>\n<p><strong>Verkostungsnotizen<\/strong><\/p>\n<p>Flor Malv\u00e9s ist ein sehr trockener Wei\u00dfwein mit einem seidigen Mundgef\u00fchl, das ihn zu einem sehr gastronomischen Wein macht.<br \/>\nVISUAL: Er hat eine blasse Farbe, aber mit einem goldenen Schimmer und einer Dichte, die durch leichtes Bewegen des Glases wahrgenommen werden kann.<br \/>\nNASE: Vorherrschende Aromen aus der Reifung auf der Hefe (Geb\u00e4ck, Pasteten, ein Hauch von Apfelkuchen), die den Aromen sehr \u00e4hnlich sind, die man bei traditionell in der Flasche gereiften Schaumweinen findet.<br \/>\nMUND: Im Mund ist es ein Wein mit gro\u00dfem Volumen und sehr trocken, mit enormem gastronomischem Potenzial.<\/p>\n<\/div>\n<\/div>\n<\/div>\n<\/div>\n<\/div>\n<\/div>\n<\/div>\n<\/div>\n<\/div>\n<\/div>\n<\/div>\n<\/div>\n<\/div>\n<\/div>\n","protected":false},"excerpt":{"rendered":"<p>Alicante Wei\u00dfwein &#8211; Malvas\u00eda Jahrgang 2023. 0,75 cl. Flor Malv\u00e9s ist ein wei\u00dfer Malvas\u00eda-Wein, der das Ergebnis jahrelanger Forschung und Arbeit ist. Er ist der erste einer neuen Kollektion, die wir Vinos Ancestrales (Ahnenweine) genannt haben. Mit diesem Wein haben wir versucht, die trockenen Wei\u00dfweine der Vergangenheit wieder aufleben zu lassen, indem wir sie an &hellip; <a href=\"https:\/\/picoytallo.com\/de\/producto\/mediterraner-weisswein-flor-malves-malvasia\/\" class=\"more-link\">Continue reading <span class=\"screen-reader-text\">Mediterraner Wei\u00dfwein Flor Malv\u00e9s &#8211; Malvas\u00eda<\/span><\/a><\/p>\n","protected":false},"featured_media":10003,"comment_status":"open","ping_status":"closed","template":"","meta":[],"product_brand":[],"product_cat":[465],"product_tag":[924,1208,466,923],"class_list":{"0":"post-10000","1":"product","2":"type-product","3":"status-publish","4":"has-post-thumbnail","6":"product_cat-weine-und-spirituosen","7":"product_tag-alicante-wein","8":"product_tag-malvasia","9":"product_tag-rotwein","10":"product_tag-wein","12":"first","13":"instock","14":"shipping-taxable","15":"purchasable","16":"product-type-simple"},"yoast_head":"<!-- This site is optimized with the Yoast SEO plugin v26.9 - https:\/\/yoast.com\/product\/yoast-seo-wordpress\/ -->\n<title>Mediterraner Wei\u00dfwein Flor Malv\u00e9s - Malvas\u00eda kaufen<\/title>\n<meta name=\"description\" content=\"Kaufen Sie online Wei\u00dfwein aus Alicante Flor Malv\u00e9s der Sorte Malvas\u00eda. Genie\u00dfen Sie den besten mediterranen Wei\u00dfwein in Pico y Tallo.\" \/>\n<meta name=\"robots\" content=\"index, follow, max-snippet:-1, max-image-preview:large, max-video-preview:-1\" \/>\n<link rel=\"canonical\" href=\"https:\/\/picoytallo.com\/de\/producto\/mediterraner-weisswein-flor-malves-malvasia\/\" \/>\n<meta property=\"og:locale\" content=\"de_DE\" \/>\n<meta property=\"og:type\" content=\"article\" \/>\n<meta property=\"og:title\" content=\"Mediterraner Wei\u00dfwein Flor Malv\u00e9s - Malvas\u00eda kaufen\" \/>\n<meta property=\"og:description\" content=\"Kaufen Sie online Wei\u00dfwein aus Alicante Flor Malv\u00e9s der Sorte Malvas\u00eda. Genie\u00dfen Sie den besten mediterranen Wei\u00dfwein in Pico y Tallo.\" \/>\n<meta property=\"og:url\" content=\"https:\/\/picoytallo.com\/de\/producto\/mediterraner-weisswein-flor-malves-malvasia\/\" \/>\n<meta property=\"og:site_name\" content=\"Pico y Tallo\" \/>\n<meta property=\"og:image\" content=\"https:\/\/picoytallo.com\/wp-content\/uploads\/2025\/12\/Vino-blanco-mediterraneo-malvasia.webp\" \/>\n\t<meta property=\"og:image:width\" content=\"1080\" \/>\n\t<meta property=\"og:image:height\" content=\"1080\" \/>\n\t<meta property=\"og:image:type\" content=\"image\/webp\" \/>\n<meta name=\"twitter:card\" content=\"summary_large_image\" \/>\n<meta name=\"twitter:label1\" content=\"Gesch\u00e4tzte Lesezeit\" \/>\n\t<meta name=\"twitter:data1\" content=\"2\u00a0Minuten\" \/>\n<script type=\"application\/ld+json\" class=\"yoast-schema-graph\">{\"@context\":\"https:\/\/schema.org\",\"@graph\":[{\"@type\":\"WebPage\",\"@id\":\"https:\/\/picoytallo.com\/de\/producto\/mediterraner-weisswein-flor-malves-malvasia\/\",\"url\":\"https:\/\/picoytallo.com\/de\/producto\/mediterraner-weisswein-flor-malves-malvasia\/\",\"name\":\"Mediterraner Wei\u00dfwein Flor Malv\u00e9s - Malvas\u00eda kaufen\",\"isPartOf\":{\"@id\":\"https:\/\/picoytallo.com\/de\/#website\"},\"primaryImageOfPage\":{\"@id\":\"https:\/\/picoytallo.com\/de\/producto\/mediterraner-weisswein-flor-malves-malvasia\/#primaryimage\"},\"image\":{\"@id\":\"https:\/\/picoytallo.com\/de\/producto\/mediterraner-weisswein-flor-malves-malvasia\/#primaryimage\"},\"thumbnailUrl\":\"https:\/\/picoytallo.com\/wp-content\/uploads\/2025\/12\/Vino-blanco-mediterraneo-malvasia.webp\",\"datePublished\":\"2025-12-02T07:37:10+00:00\",\"description\":\"Kaufen Sie online Wei\u00dfwein aus Alicante Flor Malv\u00e9s der Sorte Malvas\u00eda. Genie\u00dfen Sie den besten mediterranen Wei\u00dfwein in Pico y Tallo.\",\"breadcrumb\":{\"@id\":\"https:\/\/picoytallo.com\/de\/producto\/mediterraner-weisswein-flor-malves-malvasia\/#breadcrumb\"},\"inLanguage\":\"de\",\"potentialAction\":[{\"@type\":\"ReadAction\",\"target\":[\"https:\/\/picoytallo.com\/de\/producto\/mediterraner-weisswein-flor-malves-malvasia\/\"]}]},{\"@type\":\"ImageObject\",\"inLanguage\":\"de\",\"@id\":\"https:\/\/picoytallo.com\/de\/producto\/mediterraner-weisswein-flor-malves-malvasia\/#primaryimage\",\"url\":\"https:\/\/picoytallo.com\/wp-content\/uploads\/2025\/12\/Vino-blanco-mediterraneo-malvasia.webp\",\"contentUrl\":\"https:\/\/picoytallo.com\/wp-content\/uploads\/2025\/12\/Vino-blanco-mediterraneo-malvasia.webp\",\"width\":1080,\"height\":1080,\"caption\":\"Alicante Wei\u00dfwein\"},{\"@type\":\"BreadcrumbList\",\"@id\":\"https:\/\/picoytallo.com\/de\/producto\/mediterraner-weisswein-flor-malves-malvasia\/#breadcrumb\",\"itemListElement\":[{\"@type\":\"ListItem\",\"position\":1,\"name\":\"Portada\",\"item\":\"https:\/\/picoytallo.com\/de\/\"},{\"@type\":\"ListItem\",\"position\":2,\"name\":\"Shop\",\"item\":\"https:\/\/picoytallo.com\/de\/shop\/\"},{\"@type\":\"ListItem\",\"position\":3,\"name\":\"Mediterraner Wei\u00dfwein Flor Malv\u00e9s &#8211; Malvas\u00eda\"}]},{\"@type\":\"WebSite\",\"@id\":\"https:\/\/picoytallo.com\/de\/#website\",\"url\":\"https:\/\/picoytallo.com\/de\/\",\"name\":\"Pico y Tallo\",\"description\":\"Productos Gourmet Online\",\"publisher\":{\"@id\":\"https:\/\/picoytallo.com\/de\/#organization\"},\"potentialAction\":[{\"@type\":\"SearchAction\",\"target\":{\"@type\":\"EntryPoint\",\"urlTemplate\":\"https:\/\/picoytallo.com\/de\/?s={search_term_string}\"},\"query-input\":{\"@type\":\"PropertyValueSpecification\",\"valueRequired\":true,\"valueName\":\"search_term_string\"}}],\"inLanguage\":\"de\"},{\"@type\":\"Organization\",\"@id\":\"https:\/\/picoytallo.com\/de\/#organization\",\"name\":\"Pico y Tallo\",\"url\":\"https:\/\/picoytallo.com\/de\/\",\"logo\":{\"@type\":\"ImageObject\",\"inLanguage\":\"de\",\"@id\":\"https:\/\/picoytallo.com\/de\/#\/schema\/logo\/image\/\",\"url\":\"https:\/\/picoytallo.com\/wp-content\/uploads\/2022\/03\/cropped-Productos-gourmet-picotallo.webp\",\"contentUrl\":\"https:\/\/picoytallo.com\/wp-content\/uploads\/2022\/03\/cropped-Productos-gourmet-picotallo.webp\",\"width\":1194,\"height\":314,\"caption\":\"Pico y Tallo\"},\"image\":{\"@id\":\"https:\/\/picoytallo.com\/de\/#\/schema\/logo\/image\/\"}}]}<\/script>\n<!-- \/ Yoast SEO plugin. -->","yoast_head_json":{"title":"Mediterraner Wei\u00dfwein Flor Malv\u00e9s - Malvas\u00eda kaufen","description":"Kaufen Sie online Wei\u00dfwein aus Alicante Flor Malv\u00e9s der Sorte Malvas\u00eda. Genie\u00dfen Sie den besten mediterranen Wei\u00dfwein in Pico y Tallo.","robots":{"index":"index","follow":"follow","max-snippet":"max-snippet:-1","max-image-preview":"max-image-preview:large","max-video-preview":"max-video-preview:-1"},"canonical":"https:\/\/picoytallo.com\/de\/producto\/mediterraner-weisswein-flor-malves-malvasia\/","og_locale":"de_DE","og_type":"article","og_title":"Mediterraner Wei\u00dfwein Flor Malv\u00e9s - Malvas\u00eda kaufen","og_description":"Kaufen Sie online Wei\u00dfwein aus Alicante Flor Malv\u00e9s der Sorte Malvas\u00eda. Genie\u00dfen Sie den besten mediterranen Wei\u00dfwein in Pico y Tallo.","og_url":"https:\/\/picoytallo.com\/de\/producto\/mediterraner-weisswein-flor-malves-malvasia\/","og_site_name":"Pico y Tallo","og_image":[{"width":1080,"height":1080,"url":"https:\/\/picoytallo.com\/wp-content\/uploads\/2025\/12\/Vino-blanco-mediterraneo-malvasia.webp","type":"image\/webp"}],"twitter_card":"summary_large_image","twitter_misc":{"Gesch\u00e4tzte Lesezeit":"2\u00a0Minuten"},"schema":{"@context":"https:\/\/schema.org","@graph":[{"@type":"WebPage","@id":"https:\/\/picoytallo.com\/de\/producto\/mediterraner-weisswein-flor-malves-malvasia\/","url":"https:\/\/picoytallo.com\/de\/producto\/mediterraner-weisswein-flor-malves-malvasia\/","name":"Mediterraner Wei\u00dfwein Flor Malv\u00e9s - Malvas\u00eda kaufen","isPartOf":{"@id":"https:\/\/picoytallo.com\/de\/#website"},"primaryImageOfPage":{"@id":"https:\/\/picoytallo.com\/de\/producto\/mediterraner-weisswein-flor-malves-malvasia\/#primaryimage"},"image":{"@id":"https:\/\/picoytallo.com\/de\/producto\/mediterraner-weisswein-flor-malves-malvasia\/#primaryimage"},"thumbnailUrl":"https:\/\/picoytallo.com\/wp-content\/uploads\/2025\/12\/Vino-blanco-mediterraneo-malvasia.webp","datePublished":"2025-12-02T07:37:10+00:00","description":"Kaufen Sie online Wei\u00dfwein aus Alicante Flor Malv\u00e9s der Sorte Malvas\u00eda. Genie\u00dfen Sie den besten mediterranen Wei\u00dfwein in Pico y Tallo.","breadcrumb":{"@id":"https:\/\/picoytallo.com\/de\/producto\/mediterraner-weisswein-flor-malves-malvasia\/#breadcrumb"},"inLanguage":"de","potentialAction":[{"@type":"ReadAction","target":["https:\/\/picoytallo.com\/de\/producto\/mediterraner-weisswein-flor-malves-malvasia\/"]}]},{"@type":"ImageObject","inLanguage":"de","@id":"https:\/\/picoytallo.com\/de\/producto\/mediterraner-weisswein-flor-malves-malvasia\/#primaryimage","url":"https:\/\/picoytallo.com\/wp-content\/uploads\/2025\/12\/Vino-blanco-mediterraneo-malvasia.webp","contentUrl":"https:\/\/picoytallo.com\/wp-content\/uploads\/2025\/12\/Vino-blanco-mediterraneo-malvasia.webp","width":1080,"height":1080,"caption":"Alicante Wei\u00dfwein"},{"@type":"BreadcrumbList","@id":"https:\/\/picoytallo.com\/de\/producto\/mediterraner-weisswein-flor-malves-malvasia\/#breadcrumb","itemListElement":[{"@type":"ListItem","position":1,"name":"Portada","item":"https:\/\/picoytallo.com\/de\/"},{"@type":"ListItem","position":2,"name":"Shop","item":"https:\/\/picoytallo.com\/de\/shop\/"},{"@type":"ListItem","position":3,"name":"Mediterraner Wei\u00dfwein Flor Malv\u00e9s &#8211; Malvas\u00eda"}]},{"@type":"WebSite","@id":"https:\/\/picoytallo.com\/de\/#website","url":"https:\/\/picoytallo.com\/de\/","name":"Pico y Tallo","description":"Productos Gourmet Online","publisher":{"@id":"https:\/\/picoytallo.com\/de\/#organization"},"potentialAction":[{"@type":"SearchAction","target":{"@type":"EntryPoint","urlTemplate":"https:\/\/picoytallo.com\/de\/?s={search_term_string}"},"query-input":{"@type":"PropertyValueSpecification","valueRequired":true,"valueName":"search_term_string"}}],"inLanguage":"de"},{"@type":"Organization","@id":"https:\/\/picoytallo.com\/de\/#organization","name":"Pico y Tallo","url":"https:\/\/picoytallo.com\/de\/","logo":{"@type":"ImageObject","inLanguage":"de","@id":"https:\/\/picoytallo.com\/de\/#\/schema\/logo\/image\/","url":"https:\/\/picoytallo.com\/wp-content\/uploads\/2022\/03\/cropped-Productos-gourmet-picotallo.webp","contentUrl":"https:\/\/picoytallo.com\/wp-content\/uploads\/2022\/03\/cropped-Productos-gourmet-picotallo.webp","width":1194,"height":314,"caption":"Pico y Tallo"},"image":{"@id":"https:\/\/picoytallo.com\/de\/#\/schema\/logo\/image\/"}}]}},"_links":{"self":[{"href":"https:\/\/picoytallo.com\/de\/wp-json\/wp\/v2\/product\/10000","targetHints":{"allow":["GET"]}}],"collection":[{"href":"https:\/\/picoytallo.com\/de\/wp-json\/wp\/v2\/product"}],"about":[{"href":"https:\/\/picoytallo.com\/de\/wp-json\/wp\/v2\/types\/product"}],"replies":[{"embeddable":true,"href":"https:\/\/picoytallo.com\/de\/wp-json\/wp\/v2\/comments?post=10000"}],"wp:featuredmedia":[{"embeddable":true,"href":"https:\/\/picoytallo.com\/de\/wp-json\/wp\/v2\/media\/10003"}],"wp:attachment":[{"href":"https:\/\/picoytallo.com\/de\/wp-json\/wp\/v2\/media?parent=10000"}],"wp:term":[{"taxonomy":"product_brand","embeddable":true,"href":"https:\/\/picoytallo.com\/de\/wp-json\/wp\/v2\/product_brand?post=10000"},{"taxonomy":"product_cat","embeddable":true,"href":"https:\/\/picoytallo.com\/de\/wp-json\/wp\/v2\/product_cat?post=10000"},{"taxonomy":"product_tag","embeddable":true,"href":"https:\/\/picoytallo.com\/de\/wp-json\/wp\/v2\/product_tag?post=10000"}],"curies":[{"name":"wp","href":"https:\/\/api.w.org\/{rel}","templated":true}]}}