{"id":10044,"date":"2025-12-01T23:55:35","date_gmt":"2025-12-01T21:55:35","guid":{"rendered":"https:\/\/picoytallo.com\/producto\/piquillo-paprika-gefuellt-mit-spinnenkrabben\/"},"modified":"2025-12-01T23:55:35","modified_gmt":"2025-12-01T21:55:35","slug":"piquillo-paprika-gefuellt-mit-spinnenkrabben","status":"publish","type":"product","link":"https:\/\/picoytallo.com\/de\/producto\/piquillo-paprika-gefuellt-mit-spinnenkrabben\/","title":{"rendered":"Piquillo-Paprika gef\u00fcllt mit Spinnenkrabben"},"content":{"rendered":"<h2 dir=\"auto\">Piquillo-Paprika gef\u00fcllt mit Spinnenkrabben &#8211; Authentischer Luxus aus dem Meer<\/h2>\n<p dir=\"auto\">Exquisite Gourmet-Vorspeise, bei der die s\u00fc\u00dfen und fleischigen <strong>Piquillo-Paprikaschoten<\/strong> (im Holzofen ger\u00f6stet) gro\u00dfz\u00fcgig mit einer delikaten Meeresfr\u00fcchte-B\u00e9chamelsauce mit echter <strong>Seespinne<\/strong> und einem Hauch von Seekrabbe gef\u00fcllt sind. Die Spinnenkrabben werden von Hand ausgew\u00e4hlt und zerkleinert, um h\u00f6chste Qualit\u00e4t und Meeresgeschmack in jedem Bissen zu garantieren. <\/p>\n<p dir=\"auto\">Ein eleganter, weicher und intensiv nach Meer duftender Genuss, der selbst die anspruchsvollsten Gaumen erfreut. Perfekt als erstklassige Vorspeise, auf hei\u00dfem Toast oder direkt auf dem Teller. <\/p>\n<p dir=\"auto\"><strong>Nettogewicht:<\/strong> 280 g (ca. 4-6 Einheiten) <strong>100% handgemacht<\/strong> <strong>Glutenfrei<\/strong> <strong>Keine Konservierungs- oder Farbstoffe<\/strong><\/p>\n<p dir=\"auto\"><strong>Zutaten:<\/strong> Piquillo-Paprika (35%), Milch, Sahne, natives Oliven\u00f6l extra, Seespinne (Krustentier) (7,5%), Krabbe (Krustentier), Maismehl, Meersalz und schwarzer Pfeffer.<\/p>\n<p dir=\"auto\"><strong>Sehr einfach zuzubereiten (in 1 Minute fertig):<\/strong><\/p>\n<ul dir=\"auto\">\n<li>Mikrowelle: Legen Sie die Paprikaschoten auf einen Teller und erhitzen Sie sie 30-40 Sekunden lang bei maximaler Leistung.<\/li>\n<li>Bain marie: Erhitzen Sie die geschlossene Dose 4-5 Minuten lang in hei\u00dfem Wasser und servieren Sie sie.<\/li>\n<\/ul>\n<p dir=\"auto\">K\u00fchl aufbewahren zwischen 0-6 \u00b0C. Nach dem \u00d6ffnen innerhalb von 24 Stunden verbrauchen. <\/p>\n<p dir=\"auto\">Der reinste Geschmack des Golfs von Biskaya auf Ihrem Tisch, mit der ganzen Zuneigung der Seefahrertradition!<\/p>\n","protected":false},"excerpt":{"rendered":"<p>Exquisite Gourmet-Vorspeise, bei der die s\u00fc\u00dfen und fleischigen <strong>Piquillo-Paprikaschoten<\/strong> (im Holzofen ger\u00f6stet) gro\u00dfz\u00fcgig mit einer delikaten B\u00e9chamelsauce mit echten <strong>Seespinnen<\/strong> und einem Hauch von Seekrabben gef\u00fcllt sind.<\/p>\n","protected":false},"featured_media":9954,"comment_status":"open","ping_status":"closed","template":"","meta":[],"product_brand":[],"product_cat":[425,1061],"product_tag":[],"class_list":{"0":"post-10044","1":"product","2":"type-product","3":"status-publish","4":"has-post-thumbnail","6":"product_cat-gourmet-produkte","7":"product_cat-konserven","9":"first","10":"instock","11":"shipping-taxable","12":"purchasable","13":"product-type-simple"},"yoast_head":"<!-- This site is optimized with the Yoast SEO plugin v27.4 - https:\/\/yoast.com\/product\/yoast-seo-wordpress\/ -->\n<title>Piquillo-Paprika gef\u00fcllt mit Spinnenkrabben - Conservas asturianas<\/title>\n<meta name=\"description\" content=\"Entdecken Sie die mit Spinnenkrabben gef\u00fcllte Piquillo-Paprika, ein echter Luxus aus dem Kantabrischen Meer. Gourmet-Konserven aus Asturien.\" \/>\n<meta name=\"robots\" content=\"index, follow, max-snippet:-1, max-image-preview:large, max-video-preview:-1\" \/>\n<link rel=\"canonical\" href=\"https:\/\/picoytallo.com\/de\/producto\/piquillo-paprika-gefuellt-mit-spinnenkrabben\/\" \/>\n<meta property=\"og:locale\" content=\"de_DE\" \/>\n<meta property=\"og:type\" content=\"article\" \/>\n<meta property=\"og:title\" content=\"Piquillo-Paprika gef\u00fcllt mit Spinnenkrabben - Conservas asturianas\" \/>\n<meta property=\"og:description\" content=\"Entdecken Sie die mit Spinnenkrabben gef\u00fcllte Piquillo-Paprika, ein echter Luxus aus dem Kantabrischen Meer. Gourmet-Konserven aus Asturien.\" \/>\n<meta property=\"og:url\" content=\"https:\/\/picoytallo.com\/de\/producto\/piquillo-paprika-gefuellt-mit-spinnenkrabben\/\" \/>\n<meta property=\"og:site_name\" content=\"Pico y Tallo\" \/>\n<meta name=\"twitter:card\" content=\"summary_large_image\" \/>\n<meta name=\"twitter:label1\" content=\"Preis\" \/>\n\t<meta name=\"twitter:data1\" content=\"6,85&euro;\" \/>\n\t<meta name=\"twitter:label2\" content=\"Verf\u00fcgbarkeit\" \/>\n\t<meta name=\"twitter:data2\" content=\"Auf Lager\" \/>\n<script type=\"application\/ld+json\" class=\"yoast-schema-graph\">{\"@context\":\"https:\\\/\\\/schema.org\",\"@graph\":[{\"@type\":\"WebPage\",\"@id\":\"https:\\\/\\\/picoytallo.com\\\/de\\\/producto\\\/piquillo-paprika-gefuellt-mit-spinnenkrabben\\\/\",\"url\":\"https:\\\/\\\/picoytallo.com\\\/de\\\/producto\\\/piquillo-paprika-gefuellt-mit-spinnenkrabben\\\/\",\"name\":\"Piquillo-Paprika gef\u00fcllt mit Spinnenkrabben - Conservas asturianas\",\"isPartOf\":{\"@id\":\"https:\\\/\\\/picoytallo.com\\\/de\\\/#website\"},\"primaryImageOfPage\":{\"@id\":\"https:\\\/\\\/picoytallo.com\\\/de\\\/producto\\\/piquillo-paprika-gefuellt-mit-spinnenkrabben\\\/#primaryimage\"},\"image\":{\"@id\":\"https:\\\/\\\/picoytallo.com\\\/de\\\/producto\\\/piquillo-paprika-gefuellt-mit-spinnenkrabben\\\/#primaryimage\"},\"thumbnailUrl\":\"https:\\\/\\\/picoytallo.com\\\/wp-content\\\/uploads\\\/2025\\\/12\\\/Pimientos-Piquillo-Centollo.webp\",\"datePublished\":\"2025-12-01T21:55:35+00:00\",\"description\":\"Entdecken Sie die mit Spinnenkrabben gef\u00fcllte Piquillo-Paprika, ein echter Luxus aus dem Kantabrischen Meer. Gourmet-Konserven aus Asturien.\",\"breadcrumb\":{\"@id\":\"https:\\\/\\\/picoytallo.com\\\/de\\\/producto\\\/piquillo-paprika-gefuellt-mit-spinnenkrabben\\\/#breadcrumb\"},\"inLanguage\":\"de\",\"potentialAction\":[{\"@type\":\"ReadAction\",\"target\":[\"https:\\\/\\\/picoytallo.com\\\/de\\\/producto\\\/piquillo-paprika-gefuellt-mit-spinnenkrabben\\\/\"]}]},{\"@type\":\"ImageObject\",\"inLanguage\":\"de\",\"@id\":\"https:\\\/\\\/picoytallo.com\\\/de\\\/producto\\\/piquillo-paprika-gefuellt-mit-spinnenkrabben\\\/#primaryimage\",\"url\":\"https:\\\/\\\/picoytallo.com\\\/wp-content\\\/uploads\\\/2025\\\/12\\\/Pimientos-Piquillo-Centollo.webp\",\"contentUrl\":\"https:\\\/\\\/picoytallo.com\\\/wp-content\\\/uploads\\\/2025\\\/12\\\/Pimientos-Piquillo-Centollo.webp\",\"width\":960,\"height\":960,\"caption\":\"Aperitivo gourmet de centollo\"},{\"@type\":\"BreadcrumbList\",\"@id\":\"https:\\\/\\\/picoytallo.com\\\/de\\\/producto\\\/piquillo-paprika-gefuellt-mit-spinnenkrabben\\\/#breadcrumb\",\"itemListElement\":[{\"@type\":\"ListItem\",\"position\":1,\"name\":\"Portada\",\"item\":\"https:\\\/\\\/picoytallo.com\\\/de\\\/home\\\/\"},{\"@type\":\"ListItem\",\"position\":2,\"name\":\"Shop\",\"item\":\"https:\\\/\\\/picoytallo.com\\\/de\\\/shop\\\/\"},{\"@type\":\"ListItem\",\"position\":3,\"name\":\"Piquillo-Paprika gef\u00fcllt mit Spinnenkrabben\"}]},{\"@type\":\"WebSite\",\"@id\":\"https:\\\/\\\/picoytallo.com\\\/de\\\/#website\",\"url\":\"https:\\\/\\\/picoytallo.com\\\/de\\\/\",\"name\":\"Pico y Tallo\",\"description\":\"Productos Gourmet Online\",\"publisher\":{\"@id\":\"https:\\\/\\\/picoytallo.com\\\/de\\\/#organization\"},\"potentialAction\":[{\"@type\":\"SearchAction\",\"target\":{\"@type\":\"EntryPoint\",\"urlTemplate\":\"https:\\\/\\\/picoytallo.com\\\/de\\\/?s={search_term_string}\"},\"query-input\":{\"@type\":\"PropertyValueSpecification\",\"valueRequired\":true,\"valueName\":\"search_term_string\"}}],\"inLanguage\":\"de\"},{\"@type\":\"Organization\",\"@id\":\"https:\\\/\\\/picoytallo.com\\\/de\\\/#organization\",\"name\":\"Pico y Tallo\",\"url\":\"https:\\\/\\\/picoytallo.com\\\/de\\\/\",\"logo\":{\"@type\":\"ImageObject\",\"inLanguage\":\"de\",\"@id\":\"https:\\\/\\\/picoytallo.com\\\/de\\\/#\\\/schema\\\/logo\\\/image\\\/\",\"url\":\"https:\\\/\\\/picoytallo.com\\\/wp-content\\\/uploads\\\/2022\\\/03\\\/cropped-Productos-gourmet-picotallo.webp\",\"contentUrl\":\"https:\\\/\\\/picoytallo.com\\\/wp-content\\\/uploads\\\/2022\\\/03\\\/cropped-Productos-gourmet-picotallo.webp\",\"width\":1194,\"height\":314,\"caption\":\"Pico y Tallo\"},\"image\":{\"@id\":\"https:\\\/\\\/picoytallo.com\\\/de\\\/#\\\/schema\\\/logo\\\/image\\\/\"}}]}<\/script>\n<meta property=\"product:price:amount\" content=\"6.85\" \/>\n<meta property=\"product:price:currency\" content=\"EUR\" \/>\n<meta property=\"og:availability\" content=\"instock\" \/>\n<meta property=\"product:availability\" content=\"instock\" \/>\n<meta property=\"product:condition\" content=\"new\" \/>\n<!-- \/ Yoast SEO plugin. -->","yoast_head_json":{"title":"Piquillo-Paprika gef\u00fcllt mit Spinnenkrabben - Conservas asturianas","description":"Entdecken Sie die mit Spinnenkrabben gef\u00fcllte Piquillo-Paprika, ein echter Luxus aus dem Kantabrischen Meer. Gourmet-Konserven aus Asturien.","robots":{"index":"index","follow":"follow","max-snippet":"max-snippet:-1","max-image-preview":"max-image-preview:large","max-video-preview":"max-video-preview:-1"},"canonical":"https:\/\/picoytallo.com\/de\/producto\/piquillo-paprika-gefuellt-mit-spinnenkrabben\/","og_locale":"de_DE","og_type":"article","og_title":"Piquillo-Paprika gef\u00fcllt mit Spinnenkrabben - Conservas asturianas","og_description":"Entdecken Sie die mit Spinnenkrabben gef\u00fcllte Piquillo-Paprika, ein echter Luxus aus dem Kantabrischen Meer. Gourmet-Konserven aus Asturien.","og_url":"https:\/\/picoytallo.com\/de\/producto\/piquillo-paprika-gefuellt-mit-spinnenkrabben\/","og_site_name":"Pico y Tallo","twitter_card":"summary_large_image","twitter_misc":{"Preis":"6,85&euro;","Verf\u00fcgbarkeit":"Auf Lager"},"schema":{"@context":"https:\/\/schema.org","@graph":[{"@type":"WebPage","@id":"https:\/\/picoytallo.com\/de\/producto\/piquillo-paprika-gefuellt-mit-spinnenkrabben\/","url":"https:\/\/picoytallo.com\/de\/producto\/piquillo-paprika-gefuellt-mit-spinnenkrabben\/","name":"Piquillo-Paprika gef\u00fcllt mit Spinnenkrabben - Conservas asturianas","isPartOf":{"@id":"https:\/\/picoytallo.com\/de\/#website"},"primaryImageOfPage":{"@id":"https:\/\/picoytallo.com\/de\/producto\/piquillo-paprika-gefuellt-mit-spinnenkrabben\/#primaryimage"},"image":{"@id":"https:\/\/picoytallo.com\/de\/producto\/piquillo-paprika-gefuellt-mit-spinnenkrabben\/#primaryimage"},"thumbnailUrl":"https:\/\/picoytallo.com\/wp-content\/uploads\/2025\/12\/Pimientos-Piquillo-Centollo.webp","datePublished":"2025-12-01T21:55:35+00:00","description":"Entdecken Sie die mit Spinnenkrabben gef\u00fcllte Piquillo-Paprika, ein echter Luxus aus dem Kantabrischen Meer. Gourmet-Konserven aus Asturien.","breadcrumb":{"@id":"https:\/\/picoytallo.com\/de\/producto\/piquillo-paprika-gefuellt-mit-spinnenkrabben\/#breadcrumb"},"inLanguage":"de","potentialAction":[{"@type":"ReadAction","target":["https:\/\/picoytallo.com\/de\/producto\/piquillo-paprika-gefuellt-mit-spinnenkrabben\/"]}]},{"@type":"ImageObject","inLanguage":"de","@id":"https:\/\/picoytallo.com\/de\/producto\/piquillo-paprika-gefuellt-mit-spinnenkrabben\/#primaryimage","url":"https:\/\/picoytallo.com\/wp-content\/uploads\/2025\/12\/Pimientos-Piquillo-Centollo.webp","contentUrl":"https:\/\/picoytallo.com\/wp-content\/uploads\/2025\/12\/Pimientos-Piquillo-Centollo.webp","width":960,"height":960,"caption":"Aperitivo gourmet de centollo"},{"@type":"BreadcrumbList","@id":"https:\/\/picoytallo.com\/de\/producto\/piquillo-paprika-gefuellt-mit-spinnenkrabben\/#breadcrumb","itemListElement":[{"@type":"ListItem","position":1,"name":"Portada","item":"https:\/\/picoytallo.com\/de\/home\/"},{"@type":"ListItem","position":2,"name":"Shop","item":"https:\/\/picoytallo.com\/de\/shop\/"},{"@type":"ListItem","position":3,"name":"Piquillo-Paprika gef\u00fcllt mit Spinnenkrabben"}]},{"@type":"WebSite","@id":"https:\/\/picoytallo.com\/de\/#website","url":"https:\/\/picoytallo.com\/de\/","name":"Pico y Tallo","description":"Productos Gourmet Online","publisher":{"@id":"https:\/\/picoytallo.com\/de\/#organization"},"potentialAction":[{"@type":"SearchAction","target":{"@type":"EntryPoint","urlTemplate":"https:\/\/picoytallo.com\/de\/?s={search_term_string}"},"query-input":{"@type":"PropertyValueSpecification","valueRequired":true,"valueName":"search_term_string"}}],"inLanguage":"de"},{"@type":"Organization","@id":"https:\/\/picoytallo.com\/de\/#organization","name":"Pico y Tallo","url":"https:\/\/picoytallo.com\/de\/","logo":{"@type":"ImageObject","inLanguage":"de","@id":"https:\/\/picoytallo.com\/de\/#\/schema\/logo\/image\/","url":"https:\/\/picoytallo.com\/wp-content\/uploads\/2022\/03\/cropped-Productos-gourmet-picotallo.webp","contentUrl":"https:\/\/picoytallo.com\/wp-content\/uploads\/2022\/03\/cropped-Productos-gourmet-picotallo.webp","width":1194,"height":314,"caption":"Pico y Tallo"},"image":{"@id":"https:\/\/picoytallo.com\/de\/#\/schema\/logo\/image\/"}}]},"product_price_amount":"6.85","product_price_currency":"EUR","og_availability":"instock","product_availability":"instock","product_condition":"new"},"_links":{"self":[{"href":"https:\/\/picoytallo.com\/de\/wp-json\/wp\/v2\/product\/10044","targetHints":{"allow":["GET"]}}],"collection":[{"href":"https:\/\/picoytallo.com\/de\/wp-json\/wp\/v2\/product"}],"about":[{"href":"https:\/\/picoytallo.com\/de\/wp-json\/wp\/v2\/types\/product"}],"replies":[{"embeddable":true,"href":"https:\/\/picoytallo.com\/de\/wp-json\/wp\/v2\/comments?post=10044"}],"wp:featuredmedia":[{"embeddable":true,"href":"https:\/\/picoytallo.com\/de\/wp-json\/wp\/v2\/media\/9954"}],"wp:attachment":[{"href":"https:\/\/picoytallo.com\/de\/wp-json\/wp\/v2\/media?parent=10044"}],"wp:term":[{"taxonomy":"product_brand","embeddable":true,"href":"https:\/\/picoytallo.com\/de\/wp-json\/wp\/v2\/product_brand?post=10044"},{"taxonomy":"product_cat","embeddable":true,"href":"https:\/\/picoytallo.com\/de\/wp-json\/wp\/v2\/product_cat?post=10044"},{"taxonomy":"product_tag","embeddable":true,"href":"https:\/\/picoytallo.com\/de\/wp-json\/wp\/v2\/product_tag?post=10044"}],"curies":[{"name":"wp","href":"https:\/\/api.w.org\/{rel}","templated":true}]}}