{"id":3484,"date":"2022-03-23T17:27:22","date_gmt":"2022-03-23T15:27:22","guid":{"rendered":"https:\/\/picoytallo.com\/producto\/verkostungspaket-fuer-handwerkliche-oele\/"},"modified":"2024-11-10T03:52:07","modified_gmt":"2024-11-10T01:52:07","slug":"verkostungspaket-fuer-handwerkliche-oele","status":"publish","type":"product","link":"https:\/\/picoytallo.com\/de\/producto\/verkostungspaket-fuer-handwerkliche-oele\/","title":{"rendered":"Verkostungspaket f\u00fcr handwerkliche \u00d6le"},"content":{"rendered":"<h2>Handwerklich hergestellter EVOO<\/h2>\n<p>Kiste mit 5 unserer Nativen Oliven\u00f6le Extra OCTOBRIS im Format 100 ml. Dieser Koffer enth\u00e4lt alle \u00d6le, die ein guter Liebhaber des Kochens haben sollte, um das Kochen zu genie\u00dfen. Unser Bio-EVO in Gr\u00fcn und Reif sowie die Gew\u00fcrzmischungen Bio-EVO mit Bio-Orange, Bio-Zitrone und Bio-Rosmarin sind ideal, um jedes Gericht auf pers\u00f6nliche und kreative Weise zu w\u00fcrzen.<\/p>\n","protected":false},"excerpt":{"rendered":"<p>Verkostungspaket f\u00fcr Bio-Oliven\u00f6l aus Valencia.<\/p>\n","protected":false},"featured_media":2618,"comment_status":"open","ping_status":"closed","template":"","meta":[],"product_brand":[],"product_cat":[326],"product_tag":[332,334,338,330,337,339,336],"class_list":{"0":"post-3484","1":"product","2":"type-product","3":"status-publish","4":"has-post-thumbnail","6":"product_cat-gourmet-ol","7":"product_tag-bio-ol","8":"product_tag-bio-ol-de","9":"product_tag-evoo","10":"product_tag-gourmet-ol","11":"product_tag-olivenol","12":"product_tag-probierpaket","13":"product_tag-valencianisches-ol","15":"first","16":"outofstock","17":"shipping-taxable","18":"purchasable","19":"product-type-simple"},"yoast_head":"<!-- This site is optimized with the Yoast SEO plugin v27.4 - https:\/\/yoast.com\/product\/yoast-seo-wordpress\/ -->\n<title>Verkostung von handwerklich hergestelltem Oliven\u00f6l - AOVE Bio<\/title>\n<meta name=\"description\" content=\"Entdecken Sie das Artisan Olive Oil Tasting Pack. Gr\u00fcnes Gourmet-\u00d6l. \u00d6kologisches und biologisches valencianisches EVOO.\" \/>\n<meta name=\"robots\" content=\"index, follow, max-snippet:-1, max-image-preview:large, max-video-preview:-1\" \/>\n<link rel=\"canonical\" href=\"https:\/\/picoytallo.com\/de\/producto\/verkostungspaket-fuer-handwerkliche-oele\/\" \/>\n<meta property=\"og:locale\" content=\"de_DE\" \/>\n<meta property=\"og:type\" content=\"article\" \/>\n<meta property=\"og:title\" content=\"Verkostung von handwerklich hergestelltem Oliven\u00f6l - AOVE Bio\" \/>\n<meta property=\"og:description\" content=\"Entdecken Sie das Artisan Olive Oil Tasting Pack. Gr\u00fcnes Gourmet-\u00d6l. \u00d6kologisches und biologisches valencianisches EVOO.\" \/>\n<meta property=\"og:url\" content=\"https:\/\/picoytallo.com\/de\/producto\/verkostungspaket-fuer-handwerkliche-oele\/\" \/>\n<meta property=\"og:site_name\" content=\"Pico y Tallo\" \/>\n<meta property=\"article:modified_time\" content=\"2024-11-10T01:52:07+00:00\" \/>\n<meta property=\"og:image\" content=\"https:\/\/picoytallo.com\/wp-content\/uploads\/2022\/03\/Degustacion-aceite-oliva-artesanal.webp\" \/>\n\t<meta property=\"og:image:width\" content=\"300\" \/>\n\t<meta property=\"og:image:height\" content=\"300\" \/>\n\t<meta property=\"og:image:type\" content=\"image\/webp\" \/>\n<meta name=\"twitter:card\" content=\"summary_large_image\" \/>\n<meta name=\"twitter:label1\" content=\"Preis\" \/>\n\t<meta name=\"twitter:data1\" content=\"39,90&euro;\" \/>\n\t<meta name=\"twitter:label2\" content=\"Verf\u00fcgbarkeit\" \/>\n\t<meta name=\"twitter:data2\" content=\"ausverkauft\" \/>\n<script type=\"application\/ld+json\" class=\"yoast-schema-graph\">{\"@context\":\"https:\\\/\\\/schema.org\",\"@graph\":[{\"@type\":\"WebPage\",\"@id\":\"https:\\\/\\\/picoytallo.com\\\/de\\\/producto\\\/verkostungspaket-fuer-handwerkliche-oele\\\/\",\"url\":\"https:\\\/\\\/picoytallo.com\\\/de\\\/producto\\\/verkostungspaket-fuer-handwerkliche-oele\\\/\",\"name\":\"Verkostung von handwerklich hergestelltem Oliven\u00f6l - AOVE Bio\",\"isPartOf\":{\"@id\":\"https:\\\/\\\/picoytallo.com\\\/de\\\/#website\"},\"primaryImageOfPage\":{\"@id\":\"https:\\\/\\\/picoytallo.com\\\/de\\\/producto\\\/verkostungspaket-fuer-handwerkliche-oele\\\/#primaryimage\"},\"image\":{\"@id\":\"https:\\\/\\\/picoytallo.com\\\/de\\\/producto\\\/verkostungspaket-fuer-handwerkliche-oele\\\/#primaryimage\"},\"thumbnailUrl\":\"https:\\\/\\\/picoytallo.com\\\/wp-content\\\/uploads\\\/2022\\\/03\\\/Degustacion-aceite-oliva-artesanal.webp\",\"datePublished\":\"2022-03-23T15:27:22+00:00\",\"dateModified\":\"2024-11-10T01:52:07+00:00\",\"description\":\"Entdecken Sie das Artisan Olive Oil Tasting Pack. Gr\u00fcnes Gourmet-\u00d6l. \u00d6kologisches und biologisches valencianisches EVOO.\",\"breadcrumb\":{\"@id\":\"https:\\\/\\\/picoytallo.com\\\/de\\\/producto\\\/verkostungspaket-fuer-handwerkliche-oele\\\/#breadcrumb\"},\"inLanguage\":\"de\",\"potentialAction\":[{\"@type\":\"ReadAction\",\"target\":[\"https:\\\/\\\/picoytallo.com\\\/de\\\/producto\\\/verkostungspaket-fuer-handwerkliche-oele\\\/\"]}]},{\"@type\":\"ImageObject\",\"inLanguage\":\"de\",\"@id\":\"https:\\\/\\\/picoytallo.com\\\/de\\\/producto\\\/verkostungspaket-fuer-handwerkliche-oele\\\/#primaryimage\",\"url\":\"https:\\\/\\\/picoytallo.com\\\/wp-content\\\/uploads\\\/2022\\\/03\\\/Degustacion-aceite-oliva-artesanal.webp\",\"contentUrl\":\"https:\\\/\\\/picoytallo.com\\\/wp-content\\\/uploads\\\/2022\\\/03\\\/Degustacion-aceite-oliva-artesanal.webp\",\"width\":300,\"height\":300},{\"@type\":\"BreadcrumbList\",\"@id\":\"https:\\\/\\\/picoytallo.com\\\/de\\\/producto\\\/verkostungspaket-fuer-handwerkliche-oele\\\/#breadcrumb\",\"itemListElement\":[{\"@type\":\"ListItem\",\"position\":1,\"name\":\"Portada\",\"item\":\"https:\\\/\\\/picoytallo.com\\\/de\\\/\"},{\"@type\":\"ListItem\",\"position\":2,\"name\":\"Shop\",\"item\":\"https:\\\/\\\/picoytallo.com\\\/de\\\/shop\\\/\"},{\"@type\":\"ListItem\",\"position\":3,\"name\":\"Verkostungspaket f\u00fcr handwerkliche \u00d6le\"}]},{\"@type\":\"WebSite\",\"@id\":\"https:\\\/\\\/picoytallo.com\\\/de\\\/#website\",\"url\":\"https:\\\/\\\/picoytallo.com\\\/de\\\/\",\"name\":\"Pico y Tallo\",\"description\":\"Productos Gourmet Online\",\"publisher\":{\"@id\":\"https:\\\/\\\/picoytallo.com\\\/de\\\/#organization\"},\"potentialAction\":[{\"@type\":\"SearchAction\",\"target\":{\"@type\":\"EntryPoint\",\"urlTemplate\":\"https:\\\/\\\/picoytallo.com\\\/de\\\/?s={search_term_string}\"},\"query-input\":{\"@type\":\"PropertyValueSpecification\",\"valueRequired\":true,\"valueName\":\"search_term_string\"}}],\"inLanguage\":\"de\"},{\"@type\":\"Organization\",\"@id\":\"https:\\\/\\\/picoytallo.com\\\/de\\\/#organization\",\"name\":\"Pico y Tallo\",\"url\":\"https:\\\/\\\/picoytallo.com\\\/de\\\/\",\"logo\":{\"@type\":\"ImageObject\",\"inLanguage\":\"de\",\"@id\":\"https:\\\/\\\/picoytallo.com\\\/de\\\/#\\\/schema\\\/logo\\\/image\\\/\",\"url\":\"https:\\\/\\\/picoytallo.com\\\/wp-content\\\/uploads\\\/2022\\\/03\\\/cropped-Productos-gourmet-picotallo.webp\",\"contentUrl\":\"https:\\\/\\\/picoytallo.com\\\/wp-content\\\/uploads\\\/2022\\\/03\\\/cropped-Productos-gourmet-picotallo.webp\",\"width\":1194,\"height\":314,\"caption\":\"Pico y Tallo\"},\"image\":{\"@id\":\"https:\\\/\\\/picoytallo.com\\\/de\\\/#\\\/schema\\\/logo\\\/image\\\/\"}}]}<\/script>\n<meta property=\"product:price:amount\" content=\"39.90\" \/>\n<meta property=\"product:price:currency\" content=\"EUR\" \/>\n<meta property=\"og:availability\" content=\"out of stock\" \/>\n<meta property=\"product:availability\" content=\"out of stock\" \/>\n<meta property=\"product:condition\" content=\"new\" \/>\n<!-- \/ Yoast SEO plugin. -->","yoast_head_json":{"title":"Verkostung von handwerklich hergestelltem Oliven\u00f6l - AOVE Bio","description":"Entdecken Sie das Artisan Olive Oil Tasting Pack. Gr\u00fcnes Gourmet-\u00d6l. \u00d6kologisches und biologisches valencianisches EVOO.","robots":{"index":"index","follow":"follow","max-snippet":"max-snippet:-1","max-image-preview":"max-image-preview:large","max-video-preview":"max-video-preview:-1"},"canonical":"https:\/\/picoytallo.com\/de\/producto\/verkostungspaket-fuer-handwerkliche-oele\/","og_locale":"de_DE","og_type":"article","og_title":"Verkostung von handwerklich hergestelltem Oliven\u00f6l - AOVE Bio","og_description":"Entdecken Sie das Artisan Olive Oil Tasting Pack. Gr\u00fcnes Gourmet-\u00d6l. \u00d6kologisches und biologisches valencianisches EVOO.","og_url":"https:\/\/picoytallo.com\/de\/producto\/verkostungspaket-fuer-handwerkliche-oele\/","og_site_name":"Pico y Tallo","article_modified_time":"2024-11-10T01:52:07+00:00","og_image":[{"width":300,"height":300,"url":"https:\/\/picoytallo.com\/wp-content\/uploads\/2022\/03\/Degustacion-aceite-oliva-artesanal.webp","type":"image\/webp"}],"twitter_card":"summary_large_image","twitter_misc":{"Preis":"39,90&euro;","Verf\u00fcgbarkeit":"ausverkauft"},"schema":{"@context":"https:\/\/schema.org","@graph":[{"@type":"WebPage","@id":"https:\/\/picoytallo.com\/de\/producto\/verkostungspaket-fuer-handwerkliche-oele\/","url":"https:\/\/picoytallo.com\/de\/producto\/verkostungspaket-fuer-handwerkliche-oele\/","name":"Verkostung von handwerklich hergestelltem Oliven\u00f6l - AOVE Bio","isPartOf":{"@id":"https:\/\/picoytallo.com\/de\/#website"},"primaryImageOfPage":{"@id":"https:\/\/picoytallo.com\/de\/producto\/verkostungspaket-fuer-handwerkliche-oele\/#primaryimage"},"image":{"@id":"https:\/\/picoytallo.com\/de\/producto\/verkostungspaket-fuer-handwerkliche-oele\/#primaryimage"},"thumbnailUrl":"https:\/\/picoytallo.com\/wp-content\/uploads\/2022\/03\/Degustacion-aceite-oliva-artesanal.webp","datePublished":"2022-03-23T15:27:22+00:00","dateModified":"2024-11-10T01:52:07+00:00","description":"Entdecken Sie das Artisan Olive Oil Tasting Pack. Gr\u00fcnes Gourmet-\u00d6l. \u00d6kologisches und biologisches valencianisches EVOO.","breadcrumb":{"@id":"https:\/\/picoytallo.com\/de\/producto\/verkostungspaket-fuer-handwerkliche-oele\/#breadcrumb"},"inLanguage":"de","potentialAction":[{"@type":"ReadAction","target":["https:\/\/picoytallo.com\/de\/producto\/verkostungspaket-fuer-handwerkliche-oele\/"]}]},{"@type":"ImageObject","inLanguage":"de","@id":"https:\/\/picoytallo.com\/de\/producto\/verkostungspaket-fuer-handwerkliche-oele\/#primaryimage","url":"https:\/\/picoytallo.com\/wp-content\/uploads\/2022\/03\/Degustacion-aceite-oliva-artesanal.webp","contentUrl":"https:\/\/picoytallo.com\/wp-content\/uploads\/2022\/03\/Degustacion-aceite-oliva-artesanal.webp","width":300,"height":300},{"@type":"BreadcrumbList","@id":"https:\/\/picoytallo.com\/de\/producto\/verkostungspaket-fuer-handwerkliche-oele\/#breadcrumb","itemListElement":[{"@type":"ListItem","position":1,"name":"Portada","item":"https:\/\/picoytallo.com\/de\/"},{"@type":"ListItem","position":2,"name":"Shop","item":"https:\/\/picoytallo.com\/de\/shop\/"},{"@type":"ListItem","position":3,"name":"Verkostungspaket f\u00fcr handwerkliche \u00d6le"}]},{"@type":"WebSite","@id":"https:\/\/picoytallo.com\/de\/#website","url":"https:\/\/picoytallo.com\/de\/","name":"Pico y Tallo","description":"Productos Gourmet Online","publisher":{"@id":"https:\/\/picoytallo.com\/de\/#organization"},"potentialAction":[{"@type":"SearchAction","target":{"@type":"EntryPoint","urlTemplate":"https:\/\/picoytallo.com\/de\/?s={search_term_string}"},"query-input":{"@type":"PropertyValueSpecification","valueRequired":true,"valueName":"search_term_string"}}],"inLanguage":"de"},{"@type":"Organization","@id":"https:\/\/picoytallo.com\/de\/#organization","name":"Pico y Tallo","url":"https:\/\/picoytallo.com\/de\/","logo":{"@type":"ImageObject","inLanguage":"de","@id":"https:\/\/picoytallo.com\/de\/#\/schema\/logo\/image\/","url":"https:\/\/picoytallo.com\/wp-content\/uploads\/2022\/03\/cropped-Productos-gourmet-picotallo.webp","contentUrl":"https:\/\/picoytallo.com\/wp-content\/uploads\/2022\/03\/cropped-Productos-gourmet-picotallo.webp","width":1194,"height":314,"caption":"Pico y Tallo"},"image":{"@id":"https:\/\/picoytallo.com\/de\/#\/schema\/logo\/image\/"}}]},"product_price_amount":"39.90","product_price_currency":"EUR","og_availability":"out of stock","product_availability":"out of stock","product_condition":"new"},"_links":{"self":[{"href":"https:\/\/picoytallo.com\/de\/wp-json\/wp\/v2\/product\/3484","targetHints":{"allow":["GET"]}}],"collection":[{"href":"https:\/\/picoytallo.com\/de\/wp-json\/wp\/v2\/product"}],"about":[{"href":"https:\/\/picoytallo.com\/de\/wp-json\/wp\/v2\/types\/product"}],"replies":[{"embeddable":true,"href":"https:\/\/picoytallo.com\/de\/wp-json\/wp\/v2\/comments?post=3484"}],"wp:featuredmedia":[{"embeddable":true,"href":"https:\/\/picoytallo.com\/de\/wp-json\/wp\/v2\/media\/2618"}],"wp:attachment":[{"href":"https:\/\/picoytallo.com\/de\/wp-json\/wp\/v2\/media?parent=3484"}],"wp:term":[{"taxonomy":"product_brand","embeddable":true,"href":"https:\/\/picoytallo.com\/de\/wp-json\/wp\/v2\/product_brand?post=3484"},{"taxonomy":"product_cat","embeddable":true,"href":"https:\/\/picoytallo.com\/de\/wp-json\/wp\/v2\/product_cat?post=3484"},{"taxonomy":"product_tag","embeddable":true,"href":"https:\/\/picoytallo.com\/de\/wp-json\/wp\/v2\/product_tag?post=3484"}],"curies":[{"name":"wp","href":"https:\/\/api.w.org\/{rel}","templated":true}]}}