{"id":3493,"date":"2022-03-21T17:39:17","date_gmt":"2022-03-21T15:39:17","guid":{"rendered":"https:\/\/picoytallo.com\/producto\/handwerklich-hergestellter-alfalfa-honig\/"},"modified":"2024-11-15T03:38:24","modified_gmt":"2024-11-15T01:38:24","slug":"handwerklich-hergestellter-alfalfa-honig","status":"publish","type":"product","link":"https:\/\/picoytallo.com\/de\/producto\/handwerklich-hergestellter-alfalfa-honig\/","title":{"rendered":"Handwerklich hergestellter Alfalfa-Honig"},"content":{"rendered":"<h2>Handwerklich hergestellter Alfalfa-Honig<\/h2>\n<p>Er wird zwischen Juli und September in den bew\u00e4sserten Gebieten der Ebro-Senke geerntet. Er hat die Eigenschaften, die man traditionell dem Honig zuschreibt.<\/p>\n<p>Farbe: sehr hell, wei\u00df.<\/p>\n<p>Aroma: sehr schwach blumig und nicht sehr anhaltend.<\/p>\n<p>Geschmack: s\u00fc\u00df ohne mehr.<\/p>\n<p>Kristallisation: schnell, es entsteht eine harte Masse.<\/p>\n<p>Ideal f\u00fcr die Aufrechterhaltung der richtigen Textur von festen Lebensmitteln, Kuchen, Keksen, Nougat und zum S\u00fc\u00dfen von stark aromatisierten Getr\u00e4nken wie hei\u00dfer Milch und Lik\u00f6ren.<\/p>\n<p>&nbsp;<\/p>\n<p>Nat\u00fcrlicher Alfalfa-Honig. 1Kg.<\/p>\n","protected":false},"excerpt":{"rendered":"<p>Nat\u00fcrlicher Alfalfa-Honig. 1Kg.<\/p>\n","protected":false},"featured_media":2588,"comment_status":"open","ping_status":"closed","template":"","meta":[],"product_brand":[],"product_cat":[328],"product_tag":[354,333,331,329],"class_list":{"0":"post-3493","1":"product","2":"type-product","3":"status-publish","4":"has-post-thumbnail","6":"product_cat-handwerklich-hergestellter-honig","7":"product_tag-alfalfa-honig","8":"product_tag-gourmet-honig","9":"product_tag-handwerklich-hergestellter-honig-de","10":"product_tag-handwerklich-hergestellter-honig","12":"first","13":"outofstock","14":"shipping-taxable","15":"purchasable","16":"product-type-simple"},"yoast_head":"<!-- This site is optimized with the Yoast SEO plugin v27.4 - https:\/\/yoast.com\/product\/yoast-seo-wordpress\/ -->\n<title>Handwerklich hergestellter Alfalfa-Honig - Pico y Tallo<\/title>\n<meta name=\"description\" content=\"Kaufen Sie handwerklich hergestellten Alfalfa-Honig bei Pico y Tallo. Die besten Gourmet-Produkte des Landes. \u00d6kologische und biologische Produkte.\" \/>\n<meta name=\"robots\" content=\"index, follow, max-snippet:-1, max-image-preview:large, max-video-preview:-1\" \/>\n<link rel=\"canonical\" href=\"https:\/\/picoytallo.com\/de\/producto\/handwerklich-hergestellter-alfalfa-honig\/\" \/>\n<meta property=\"og:locale\" content=\"de_DE\" \/>\n<meta property=\"og:type\" content=\"article\" \/>\n<meta property=\"og:title\" content=\"Handwerklich hergestellter Alfalfa-Honig - Pico y Tallo\" \/>\n<meta property=\"og:description\" content=\"Kaufen Sie handwerklich hergestellten Alfalfa-Honig bei Pico y Tallo. Die besten Gourmet-Produkte des Landes. \u00d6kologische und biologische Produkte.\" \/>\n<meta property=\"og:url\" content=\"https:\/\/picoytallo.com\/de\/producto\/handwerklich-hergestellter-alfalfa-honig\/\" \/>\n<meta property=\"og:site_name\" content=\"Pico y Tallo\" \/>\n<meta property=\"article:modified_time\" content=\"2024-11-15T01:38:24+00:00\" \/>\n<meta property=\"og:image\" content=\"https:\/\/picoytallo.com\/wp-content\/uploads\/2022\/03\/Miel-de-alfalfa.webp\" \/>\n\t<meta property=\"og:image:width\" content=\"430\" \/>\n\t<meta property=\"og:image:height\" content=\"430\" \/>\n\t<meta property=\"og:image:type\" content=\"image\/webp\" \/>\n<meta name=\"twitter:card\" content=\"summary_large_image\" \/>\n<meta name=\"twitter:label1\" content=\"Preis\" \/>\n\t<meta name=\"twitter:data1\" content=\"9,79&euro;\" \/>\n\t<meta name=\"twitter:label2\" content=\"Verf\u00fcgbarkeit\" \/>\n\t<meta name=\"twitter:data2\" content=\"ausverkauft\" \/>\n<script type=\"application\/ld+json\" class=\"yoast-schema-graph\">{\"@context\":\"https:\\\/\\\/schema.org\",\"@graph\":[{\"@type\":\"WebPage\",\"@id\":\"https:\\\/\\\/picoytallo.com\\\/de\\\/producto\\\/handwerklich-hergestellter-alfalfa-honig\\\/\",\"url\":\"https:\\\/\\\/picoytallo.com\\\/de\\\/producto\\\/handwerklich-hergestellter-alfalfa-honig\\\/\",\"name\":\"Handwerklich hergestellter Alfalfa-Honig - Pico y Tallo\",\"isPartOf\":{\"@id\":\"https:\\\/\\\/picoytallo.com\\\/de\\\/#website\"},\"primaryImageOfPage\":{\"@id\":\"https:\\\/\\\/picoytallo.com\\\/de\\\/producto\\\/handwerklich-hergestellter-alfalfa-honig\\\/#primaryimage\"},\"image\":{\"@id\":\"https:\\\/\\\/picoytallo.com\\\/de\\\/producto\\\/handwerklich-hergestellter-alfalfa-honig\\\/#primaryimage\"},\"thumbnailUrl\":\"https:\\\/\\\/picoytallo.com\\\/wp-content\\\/uploads\\\/2022\\\/03\\\/Miel-de-alfalfa.webp\",\"datePublished\":\"2022-03-21T15:39:17+00:00\",\"dateModified\":\"2024-11-15T01:38:24+00:00\",\"description\":\"Kaufen Sie handwerklich hergestellten Alfalfa-Honig bei Pico y Tallo. Die besten Gourmet-Produkte des Landes. \u00d6kologische und biologische Produkte.\",\"breadcrumb\":{\"@id\":\"https:\\\/\\\/picoytallo.com\\\/de\\\/producto\\\/handwerklich-hergestellter-alfalfa-honig\\\/#breadcrumb\"},\"inLanguage\":\"de\",\"potentialAction\":[{\"@type\":\"ReadAction\",\"target\":[\"https:\\\/\\\/picoytallo.com\\\/de\\\/producto\\\/handwerklich-hergestellter-alfalfa-honig\\\/\"]}]},{\"@type\":\"ImageObject\",\"inLanguage\":\"de\",\"@id\":\"https:\\\/\\\/picoytallo.com\\\/de\\\/producto\\\/handwerklich-hergestellter-alfalfa-honig\\\/#primaryimage\",\"url\":\"https:\\\/\\\/picoytallo.com\\\/wp-content\\\/uploads\\\/2022\\\/03\\\/Miel-de-alfalfa.webp\",\"contentUrl\":\"https:\\\/\\\/picoytallo.com\\\/wp-content\\\/uploads\\\/2022\\\/03\\\/Miel-de-alfalfa.webp\",\"width\":430,\"height\":430},{\"@type\":\"BreadcrumbList\",\"@id\":\"https:\\\/\\\/picoytallo.com\\\/de\\\/producto\\\/handwerklich-hergestellter-alfalfa-honig\\\/#breadcrumb\",\"itemListElement\":[{\"@type\":\"ListItem\",\"position\":1,\"name\":\"Portada\",\"item\":\"https:\\\/\\\/picoytallo.com\\\/de\\\/home\\\/\"},{\"@type\":\"ListItem\",\"position\":2,\"name\":\"Shop\",\"item\":\"https:\\\/\\\/picoytallo.com\\\/de\\\/shop\\\/\"},{\"@type\":\"ListItem\",\"position\":3,\"name\":\"Handwerklich hergestellter Alfalfa-Honig\"}]},{\"@type\":\"WebSite\",\"@id\":\"https:\\\/\\\/picoytallo.com\\\/de\\\/#website\",\"url\":\"https:\\\/\\\/picoytallo.com\\\/de\\\/\",\"name\":\"Pico y Tallo\",\"description\":\"Productos Gourmet Online\",\"publisher\":{\"@id\":\"https:\\\/\\\/picoytallo.com\\\/de\\\/#organization\"},\"potentialAction\":[{\"@type\":\"SearchAction\",\"target\":{\"@type\":\"EntryPoint\",\"urlTemplate\":\"https:\\\/\\\/picoytallo.com\\\/de\\\/?s={search_term_string}\"},\"query-input\":{\"@type\":\"PropertyValueSpecification\",\"valueRequired\":true,\"valueName\":\"search_term_string\"}}],\"inLanguage\":\"de\"},{\"@type\":\"Organization\",\"@id\":\"https:\\\/\\\/picoytallo.com\\\/de\\\/#organization\",\"name\":\"Pico y Tallo\",\"url\":\"https:\\\/\\\/picoytallo.com\\\/de\\\/\",\"logo\":{\"@type\":\"ImageObject\",\"inLanguage\":\"de\",\"@id\":\"https:\\\/\\\/picoytallo.com\\\/de\\\/#\\\/schema\\\/logo\\\/image\\\/\",\"url\":\"https:\\\/\\\/picoytallo.com\\\/wp-content\\\/uploads\\\/2022\\\/03\\\/cropped-Productos-gourmet-picotallo.webp\",\"contentUrl\":\"https:\\\/\\\/picoytallo.com\\\/wp-content\\\/uploads\\\/2022\\\/03\\\/cropped-Productos-gourmet-picotallo.webp\",\"width\":1194,\"height\":314,\"caption\":\"Pico y Tallo\"},\"image\":{\"@id\":\"https:\\\/\\\/picoytallo.com\\\/de\\\/#\\\/schema\\\/logo\\\/image\\\/\"}}]}<\/script>\n<meta property=\"product:price:amount\" content=\"9.79\" \/>\n<meta property=\"product:price:currency\" content=\"EUR\" \/>\n<meta property=\"og:availability\" content=\"out of stock\" \/>\n<meta property=\"product:availability\" content=\"out of stock\" \/>\n<meta property=\"product:condition\" content=\"new\" \/>\n<!-- \/ Yoast SEO plugin. -->","yoast_head_json":{"title":"Handwerklich hergestellter Alfalfa-Honig - Pico y Tallo","description":"Kaufen Sie handwerklich hergestellten Alfalfa-Honig bei Pico y Tallo. Die besten Gourmet-Produkte des Landes. \u00d6kologische und biologische Produkte.","robots":{"index":"index","follow":"follow","max-snippet":"max-snippet:-1","max-image-preview":"max-image-preview:large","max-video-preview":"max-video-preview:-1"},"canonical":"https:\/\/picoytallo.com\/de\/producto\/handwerklich-hergestellter-alfalfa-honig\/","og_locale":"de_DE","og_type":"article","og_title":"Handwerklich hergestellter Alfalfa-Honig - Pico y Tallo","og_description":"Kaufen Sie handwerklich hergestellten Alfalfa-Honig bei Pico y Tallo. Die besten Gourmet-Produkte des Landes. \u00d6kologische und biologische Produkte.","og_url":"https:\/\/picoytallo.com\/de\/producto\/handwerklich-hergestellter-alfalfa-honig\/","og_site_name":"Pico y Tallo","article_modified_time":"2024-11-15T01:38:24+00:00","og_image":[{"width":430,"height":430,"url":"https:\/\/picoytallo.com\/wp-content\/uploads\/2022\/03\/Miel-de-alfalfa.webp","type":"image\/webp"}],"twitter_card":"summary_large_image","twitter_misc":{"Preis":"9,79&euro;","Verf\u00fcgbarkeit":"ausverkauft"},"schema":{"@context":"https:\/\/schema.org","@graph":[{"@type":"WebPage","@id":"https:\/\/picoytallo.com\/de\/producto\/handwerklich-hergestellter-alfalfa-honig\/","url":"https:\/\/picoytallo.com\/de\/producto\/handwerklich-hergestellter-alfalfa-honig\/","name":"Handwerklich hergestellter Alfalfa-Honig - Pico y Tallo","isPartOf":{"@id":"https:\/\/picoytallo.com\/de\/#website"},"primaryImageOfPage":{"@id":"https:\/\/picoytallo.com\/de\/producto\/handwerklich-hergestellter-alfalfa-honig\/#primaryimage"},"image":{"@id":"https:\/\/picoytallo.com\/de\/producto\/handwerklich-hergestellter-alfalfa-honig\/#primaryimage"},"thumbnailUrl":"https:\/\/picoytallo.com\/wp-content\/uploads\/2022\/03\/Miel-de-alfalfa.webp","datePublished":"2022-03-21T15:39:17+00:00","dateModified":"2024-11-15T01:38:24+00:00","description":"Kaufen Sie handwerklich hergestellten Alfalfa-Honig bei Pico y Tallo. Die besten Gourmet-Produkte des Landes. \u00d6kologische und biologische Produkte.","breadcrumb":{"@id":"https:\/\/picoytallo.com\/de\/producto\/handwerklich-hergestellter-alfalfa-honig\/#breadcrumb"},"inLanguage":"de","potentialAction":[{"@type":"ReadAction","target":["https:\/\/picoytallo.com\/de\/producto\/handwerklich-hergestellter-alfalfa-honig\/"]}]},{"@type":"ImageObject","inLanguage":"de","@id":"https:\/\/picoytallo.com\/de\/producto\/handwerklich-hergestellter-alfalfa-honig\/#primaryimage","url":"https:\/\/picoytallo.com\/wp-content\/uploads\/2022\/03\/Miel-de-alfalfa.webp","contentUrl":"https:\/\/picoytallo.com\/wp-content\/uploads\/2022\/03\/Miel-de-alfalfa.webp","width":430,"height":430},{"@type":"BreadcrumbList","@id":"https:\/\/picoytallo.com\/de\/producto\/handwerklich-hergestellter-alfalfa-honig\/#breadcrumb","itemListElement":[{"@type":"ListItem","position":1,"name":"Portada","item":"https:\/\/picoytallo.com\/de\/home\/"},{"@type":"ListItem","position":2,"name":"Shop","item":"https:\/\/picoytallo.com\/de\/shop\/"},{"@type":"ListItem","position":3,"name":"Handwerklich hergestellter Alfalfa-Honig"}]},{"@type":"WebSite","@id":"https:\/\/picoytallo.com\/de\/#website","url":"https:\/\/picoytallo.com\/de\/","name":"Pico y Tallo","description":"Productos Gourmet Online","publisher":{"@id":"https:\/\/picoytallo.com\/de\/#organization"},"potentialAction":[{"@type":"SearchAction","target":{"@type":"EntryPoint","urlTemplate":"https:\/\/picoytallo.com\/de\/?s={search_term_string}"},"query-input":{"@type":"PropertyValueSpecification","valueRequired":true,"valueName":"search_term_string"}}],"inLanguage":"de"},{"@type":"Organization","@id":"https:\/\/picoytallo.com\/de\/#organization","name":"Pico y Tallo","url":"https:\/\/picoytallo.com\/de\/","logo":{"@type":"ImageObject","inLanguage":"de","@id":"https:\/\/picoytallo.com\/de\/#\/schema\/logo\/image\/","url":"https:\/\/picoytallo.com\/wp-content\/uploads\/2022\/03\/cropped-Productos-gourmet-picotallo.webp","contentUrl":"https:\/\/picoytallo.com\/wp-content\/uploads\/2022\/03\/cropped-Productos-gourmet-picotallo.webp","width":1194,"height":314,"caption":"Pico y Tallo"},"image":{"@id":"https:\/\/picoytallo.com\/de\/#\/schema\/logo\/image\/"}}]},"product_price_amount":"9.79","product_price_currency":"EUR","og_availability":"out of stock","product_availability":"out of stock","product_condition":"new"},"_links":{"self":[{"href":"https:\/\/picoytallo.com\/de\/wp-json\/wp\/v2\/product\/3493","targetHints":{"allow":["GET"]}}],"collection":[{"href":"https:\/\/picoytallo.com\/de\/wp-json\/wp\/v2\/product"}],"about":[{"href":"https:\/\/picoytallo.com\/de\/wp-json\/wp\/v2\/types\/product"}],"replies":[{"embeddable":true,"href":"https:\/\/picoytallo.com\/de\/wp-json\/wp\/v2\/comments?post=3493"}],"wp:featuredmedia":[{"embeddable":true,"href":"https:\/\/picoytallo.com\/de\/wp-json\/wp\/v2\/media\/2588"}],"wp:attachment":[{"href":"https:\/\/picoytallo.com\/de\/wp-json\/wp\/v2\/media?parent=3493"}],"wp:term":[{"taxonomy":"product_brand","embeddable":true,"href":"https:\/\/picoytallo.com\/de\/wp-json\/wp\/v2\/product_brand?post=3493"},{"taxonomy":"product_cat","embeddable":true,"href":"https:\/\/picoytallo.com\/de\/wp-json\/wp\/v2\/product_cat?post=3493"},{"taxonomy":"product_tag","embeddable":true,"href":"https:\/\/picoytallo.com\/de\/wp-json\/wp\/v2\/product_tag?post=3493"}],"curies":[{"name":"wp","href":"https:\/\/api.w.org\/{rel}","templated":true}]}}