{"id":3499,"date":"2022-03-21T23:50:17","date_gmt":"2022-03-21T21:50:17","guid":{"rendered":"https:\/\/picoytallo.com\/producto\/fette-gourmet-oliven\/"},"modified":"2025-11-14T11:41:42","modified_gmt":"2025-11-14T09:41:42","slug":"fette-gourmet-oliven","status":"publish","type":"product","link":"https:\/\/picoytallo.com\/de\/producto\/fette-gourmet-oliven\/","title":{"rendered":"Fette Gourmet-Oliven"},"content":{"rendered":"<h2>Gordal-Oliven<\/h2>\n<p>Unter allen Oliven sind die Gordal-Oliven eine besondere Sorte von Tafeloliven, die von den Verbrauchern wegen ihres besonderen Geschmacks sehr gesch\u00e4tzt werden, der jedem kulinarischen Gericht eine einzigartige Note verleiht, die den Gaumen ber\u00fchrt und die Vernunft eines jeden stutzt.<\/p>\n<p>Wenn Sie zu denjenigen geh\u00f6ren, die am Tisch sitzen und denken, dass etwas fehlt, wenn es keine Oliven gibt, werden Sie sicher die so genannten Gordal-Oliven erkennen. Die Gordal-Olive ist eine typische Tafelolive, die haupts\u00e4chlich in Sevilla angebaut wird. Als Tafelolive wird sie sehr gesch\u00e4tzt. Das liegt nicht nur an seiner enormen Gr\u00f6\u00dfe, sondern auch an seiner hohen Qualit\u00e4t und seinem au\u00dfergew\u00f6hnlichen Geschmack.<\/p>\n","protected":false},"excerpt":{"rendered":"<p>Handgemachte Gordal-Oliven zum Knabbern.<\/p>\n","protected":false},"featured_media":2606,"comment_status":"open","ping_status":"closed","template":"","meta":[],"product_brand":[],"product_cat":[342],"product_tag":[372,345],"class_list":{"0":"post-3499","1":"product","2":"type-product","3":"status-publish","4":"has-post-thumbnail","6":"product_cat-gourmet-oliven","7":"product_tag-gordal-oliven","8":"product_tag-gourmet-oliven","10":"first","11":"outofstock","12":"shipping-taxable","13":"purchasable","14":"product-type-simple"},"yoast_head":"<!-- This site is optimized with the Yoast SEO plugin v27.4 - https:\/\/yoast.com\/product\/yoast-seo-wordpress\/ -->\n<title>Oliven Gordales Artesanales - Gourmet-Oliven - Pico y Tallo<\/title>\n<meta name=\"description\" content=\"Handgefertigte Gordal-Oliven in Pico y Tallo kaufen. Gourmet-Oliven vom Land. \u00d6kologische und biologische Produkte online.\" \/>\n<meta name=\"robots\" content=\"index, follow, max-snippet:-1, max-image-preview:large, max-video-preview:-1\" \/>\n<link rel=\"canonical\" href=\"https:\/\/picoytallo.com\/de\/producto\/fette-gourmet-oliven\/\" \/>\n<meta property=\"og:locale\" content=\"de_DE\" \/>\n<meta property=\"og:type\" content=\"article\" \/>\n<meta property=\"og:title\" content=\"Oliven Gordales Artesanales - Gourmet-Oliven - Pico y Tallo\" \/>\n<meta property=\"og:description\" content=\"Handgefertigte Gordal-Oliven in Pico y Tallo kaufen. Gourmet-Oliven vom Land. \u00d6kologische und biologische Produkte online.\" \/>\n<meta property=\"og:url\" content=\"https:\/\/picoytallo.com\/de\/producto\/fette-gourmet-oliven\/\" \/>\n<meta property=\"og:site_name\" content=\"Pico y Tallo\" \/>\n<meta property=\"article:modified_time\" content=\"2025-11-14T09:41:42+00:00\" \/>\n<meta property=\"og:image\" content=\"https:\/\/picoytallo.com\/wp-content\/uploads\/2022\/03\/olivas-gordales.webp\" \/>\n\t<meta property=\"og:image:width\" content=\"323\" \/>\n\t<meta property=\"og:image:height\" content=\"430\" \/>\n\t<meta property=\"og:image:type\" content=\"image\/webp\" \/>\n<meta name=\"twitter:card\" content=\"summary_large_image\" \/>\n<meta name=\"twitter:label1\" content=\"Preis\" \/>\n\t<meta name=\"twitter:data1\" content=\"3,65&euro;\" \/>\n\t<meta name=\"twitter:label2\" content=\"Verf\u00fcgbarkeit\" \/>\n\t<meta name=\"twitter:data2\" content=\"ausverkauft\" \/>\n<script type=\"application\/ld+json\" class=\"yoast-schema-graph\">{\"@context\":\"https:\\\/\\\/schema.org\",\"@graph\":[{\"@type\":\"WebPage\",\"@id\":\"https:\\\/\\\/picoytallo.com\\\/de\\\/producto\\\/fette-gourmet-oliven\\\/\",\"url\":\"https:\\\/\\\/picoytallo.com\\\/de\\\/producto\\\/fette-gourmet-oliven\\\/\",\"name\":\"Oliven Gordales Artesanales - Gourmet-Oliven - Pico y Tallo\",\"isPartOf\":{\"@id\":\"https:\\\/\\\/picoytallo.com\\\/de\\\/#website\"},\"primaryImageOfPage\":{\"@id\":\"https:\\\/\\\/picoytallo.com\\\/de\\\/producto\\\/fette-gourmet-oliven\\\/#primaryimage\"},\"image\":{\"@id\":\"https:\\\/\\\/picoytallo.com\\\/de\\\/producto\\\/fette-gourmet-oliven\\\/#primaryimage\"},\"thumbnailUrl\":\"https:\\\/\\\/picoytallo.com\\\/wp-content\\\/uploads\\\/2022\\\/03\\\/olivas-gordales.webp\",\"datePublished\":\"2022-03-21T21:50:17+00:00\",\"dateModified\":\"2025-11-14T09:41:42+00:00\",\"description\":\"Handgefertigte Gordal-Oliven in Pico y Tallo kaufen. Gourmet-Oliven vom Land. \u00d6kologische und biologische Produkte online.\",\"breadcrumb\":{\"@id\":\"https:\\\/\\\/picoytallo.com\\\/de\\\/producto\\\/fette-gourmet-oliven\\\/#breadcrumb\"},\"inLanguage\":\"de\",\"potentialAction\":[{\"@type\":\"ReadAction\",\"target\":[\"https:\\\/\\\/picoytallo.com\\\/de\\\/producto\\\/fette-gourmet-oliven\\\/\"]}]},{\"@type\":\"ImageObject\",\"inLanguage\":\"de\",\"@id\":\"https:\\\/\\\/picoytallo.com\\\/de\\\/producto\\\/fette-gourmet-oliven\\\/#primaryimage\",\"url\":\"https:\\\/\\\/picoytallo.com\\\/wp-content\\\/uploads\\\/2022\\\/03\\\/olivas-gordales.webp\",\"contentUrl\":\"https:\\\/\\\/picoytallo.com\\\/wp-content\\\/uploads\\\/2022\\\/03\\\/olivas-gordales.webp\",\"width\":323,\"height\":430,\"caption\":\"Gordal-Oliven\"},{\"@type\":\"BreadcrumbList\",\"@id\":\"https:\\\/\\\/picoytallo.com\\\/de\\\/producto\\\/fette-gourmet-oliven\\\/#breadcrumb\",\"itemListElement\":[{\"@type\":\"ListItem\",\"position\":1,\"name\":\"Portada\",\"item\":\"https:\\\/\\\/picoytallo.com\\\/de\\\/home\\\/\"},{\"@type\":\"ListItem\",\"position\":2,\"name\":\"Shop\",\"item\":\"https:\\\/\\\/picoytallo.com\\\/de\\\/shop\\\/\"},{\"@type\":\"ListItem\",\"position\":3,\"name\":\"Fette Gourmet-Oliven\"}]},{\"@type\":\"WebSite\",\"@id\":\"https:\\\/\\\/picoytallo.com\\\/de\\\/#website\",\"url\":\"https:\\\/\\\/picoytallo.com\\\/de\\\/\",\"name\":\"Pico y Tallo\",\"description\":\"Productos Gourmet Online\",\"publisher\":{\"@id\":\"https:\\\/\\\/picoytallo.com\\\/de\\\/#organization\"},\"potentialAction\":[{\"@type\":\"SearchAction\",\"target\":{\"@type\":\"EntryPoint\",\"urlTemplate\":\"https:\\\/\\\/picoytallo.com\\\/de\\\/?s={search_term_string}\"},\"query-input\":{\"@type\":\"PropertyValueSpecification\",\"valueRequired\":true,\"valueName\":\"search_term_string\"}}],\"inLanguage\":\"de\"},{\"@type\":\"Organization\",\"@id\":\"https:\\\/\\\/picoytallo.com\\\/de\\\/#organization\",\"name\":\"Pico y Tallo\",\"url\":\"https:\\\/\\\/picoytallo.com\\\/de\\\/\",\"logo\":{\"@type\":\"ImageObject\",\"inLanguage\":\"de\",\"@id\":\"https:\\\/\\\/picoytallo.com\\\/de\\\/#\\\/schema\\\/logo\\\/image\\\/\",\"url\":\"https:\\\/\\\/picoytallo.com\\\/wp-content\\\/uploads\\\/2022\\\/03\\\/cropped-Productos-gourmet-picotallo.webp\",\"contentUrl\":\"https:\\\/\\\/picoytallo.com\\\/wp-content\\\/uploads\\\/2022\\\/03\\\/cropped-Productos-gourmet-picotallo.webp\",\"width\":1194,\"height\":314,\"caption\":\"Pico y Tallo\"},\"image\":{\"@id\":\"https:\\\/\\\/picoytallo.com\\\/de\\\/#\\\/schema\\\/logo\\\/image\\\/\"}}]}<\/script>\n<meta property=\"product:price:amount\" content=\"3.65\" \/>\n<meta property=\"product:price:currency\" content=\"EUR\" \/>\n<meta property=\"og:availability\" content=\"out of stock\" \/>\n<meta property=\"product:availability\" content=\"out of stock\" \/>\n<meta property=\"product:condition\" content=\"new\" \/>\n<!-- \/ Yoast SEO plugin. -->","yoast_head_json":{"title":"Oliven Gordales Artesanales - Gourmet-Oliven - Pico y Tallo","description":"Handgefertigte Gordal-Oliven in Pico y Tallo kaufen. Gourmet-Oliven vom Land. \u00d6kologische und biologische Produkte online.","robots":{"index":"index","follow":"follow","max-snippet":"max-snippet:-1","max-image-preview":"max-image-preview:large","max-video-preview":"max-video-preview:-1"},"canonical":"https:\/\/picoytallo.com\/de\/producto\/fette-gourmet-oliven\/","og_locale":"de_DE","og_type":"article","og_title":"Oliven Gordales Artesanales - Gourmet-Oliven - Pico y Tallo","og_description":"Handgefertigte Gordal-Oliven in Pico y Tallo kaufen. Gourmet-Oliven vom Land. \u00d6kologische und biologische Produkte online.","og_url":"https:\/\/picoytallo.com\/de\/producto\/fette-gourmet-oliven\/","og_site_name":"Pico y Tallo","article_modified_time":"2025-11-14T09:41:42+00:00","og_image":[{"width":323,"height":430,"url":"https:\/\/picoytallo.com\/wp-content\/uploads\/2022\/03\/olivas-gordales.webp","type":"image\/webp"}],"twitter_card":"summary_large_image","twitter_misc":{"Preis":"3,65&euro;","Verf\u00fcgbarkeit":"ausverkauft"},"schema":{"@context":"https:\/\/schema.org","@graph":[{"@type":"WebPage","@id":"https:\/\/picoytallo.com\/de\/producto\/fette-gourmet-oliven\/","url":"https:\/\/picoytallo.com\/de\/producto\/fette-gourmet-oliven\/","name":"Oliven Gordales Artesanales - Gourmet-Oliven - Pico y Tallo","isPartOf":{"@id":"https:\/\/picoytallo.com\/de\/#website"},"primaryImageOfPage":{"@id":"https:\/\/picoytallo.com\/de\/producto\/fette-gourmet-oliven\/#primaryimage"},"image":{"@id":"https:\/\/picoytallo.com\/de\/producto\/fette-gourmet-oliven\/#primaryimage"},"thumbnailUrl":"https:\/\/picoytallo.com\/wp-content\/uploads\/2022\/03\/olivas-gordales.webp","datePublished":"2022-03-21T21:50:17+00:00","dateModified":"2025-11-14T09:41:42+00:00","description":"Handgefertigte Gordal-Oliven in Pico y Tallo kaufen. Gourmet-Oliven vom Land. \u00d6kologische und biologische Produkte online.","breadcrumb":{"@id":"https:\/\/picoytallo.com\/de\/producto\/fette-gourmet-oliven\/#breadcrumb"},"inLanguage":"de","potentialAction":[{"@type":"ReadAction","target":["https:\/\/picoytallo.com\/de\/producto\/fette-gourmet-oliven\/"]}]},{"@type":"ImageObject","inLanguage":"de","@id":"https:\/\/picoytallo.com\/de\/producto\/fette-gourmet-oliven\/#primaryimage","url":"https:\/\/picoytallo.com\/wp-content\/uploads\/2022\/03\/olivas-gordales.webp","contentUrl":"https:\/\/picoytallo.com\/wp-content\/uploads\/2022\/03\/olivas-gordales.webp","width":323,"height":430,"caption":"Gordal-Oliven"},{"@type":"BreadcrumbList","@id":"https:\/\/picoytallo.com\/de\/producto\/fette-gourmet-oliven\/#breadcrumb","itemListElement":[{"@type":"ListItem","position":1,"name":"Portada","item":"https:\/\/picoytallo.com\/de\/home\/"},{"@type":"ListItem","position":2,"name":"Shop","item":"https:\/\/picoytallo.com\/de\/shop\/"},{"@type":"ListItem","position":3,"name":"Fette Gourmet-Oliven"}]},{"@type":"WebSite","@id":"https:\/\/picoytallo.com\/de\/#website","url":"https:\/\/picoytallo.com\/de\/","name":"Pico y Tallo","description":"Productos Gourmet Online","publisher":{"@id":"https:\/\/picoytallo.com\/de\/#organization"},"potentialAction":[{"@type":"SearchAction","target":{"@type":"EntryPoint","urlTemplate":"https:\/\/picoytallo.com\/de\/?s={search_term_string}"},"query-input":{"@type":"PropertyValueSpecification","valueRequired":true,"valueName":"search_term_string"}}],"inLanguage":"de"},{"@type":"Organization","@id":"https:\/\/picoytallo.com\/de\/#organization","name":"Pico y Tallo","url":"https:\/\/picoytallo.com\/de\/","logo":{"@type":"ImageObject","inLanguage":"de","@id":"https:\/\/picoytallo.com\/de\/#\/schema\/logo\/image\/","url":"https:\/\/picoytallo.com\/wp-content\/uploads\/2022\/03\/cropped-Productos-gourmet-picotallo.webp","contentUrl":"https:\/\/picoytallo.com\/wp-content\/uploads\/2022\/03\/cropped-Productos-gourmet-picotallo.webp","width":1194,"height":314,"caption":"Pico y Tallo"},"image":{"@id":"https:\/\/picoytallo.com\/de\/#\/schema\/logo\/image\/"}}]},"product_price_amount":"3.65","product_price_currency":"EUR","og_availability":"out of stock","product_availability":"out of stock","product_condition":"new"},"_links":{"self":[{"href":"https:\/\/picoytallo.com\/de\/wp-json\/wp\/v2\/product\/3499","targetHints":{"allow":["GET"]}}],"collection":[{"href":"https:\/\/picoytallo.com\/de\/wp-json\/wp\/v2\/product"}],"about":[{"href":"https:\/\/picoytallo.com\/de\/wp-json\/wp\/v2\/types\/product"}],"replies":[{"embeddable":true,"href":"https:\/\/picoytallo.com\/de\/wp-json\/wp\/v2\/comments?post=3499"}],"wp:featuredmedia":[{"embeddable":true,"href":"https:\/\/picoytallo.com\/de\/wp-json\/wp\/v2\/media\/2606"}],"wp:attachment":[{"href":"https:\/\/picoytallo.com\/de\/wp-json\/wp\/v2\/media?parent=3499"}],"wp:term":[{"taxonomy":"product_brand","embeddable":true,"href":"https:\/\/picoytallo.com\/de\/wp-json\/wp\/v2\/product_brand?post=3499"},{"taxonomy":"product_cat","embeddable":true,"href":"https:\/\/picoytallo.com\/de\/wp-json\/wp\/v2\/product_cat?post=3499"},{"taxonomy":"product_tag","embeddable":true,"href":"https:\/\/picoytallo.com\/de\/wp-json\/wp\/v2\/product_tag?post=3499"}],"curies":[{"name":"wp","href":"https:\/\/api.w.org\/{rel}","templated":true}]}}