{"id":3502,"date":"2022-03-21T17:53:57","date_gmt":"2022-03-21T15:53:57","guid":{"rendered":"https:\/\/picoytallo.com\/producto\/pikante-gazpacho-oliven\/"},"modified":"2025-11-14T11:42:49","modified_gmt":"2025-11-14T09:42:49","slug":"pikante-gazpacho-oliven","status":"publish","type":"product","link":"https:\/\/picoytallo.com\/de\/producto\/pikante-gazpacho-oliven\/","title":{"rendered":"Pikante Gazpacho-Oliven"},"content":{"rendered":"<h2>Pikante Gazpacho-Oliven<\/h2>\n<p>Aceituna Gazpacha ist der Name einer traditionellen Mischung aus dem Mittelmeerraum, f\u00fcr die Manzanilla-Oliven verwendet werden, die jedoch zerkleinert werden, damit sie den Geschmack des Dressings und der Zutaten, wie z. B. gehackte Gurken, in Scheiben geschnittene nat\u00fcrliche Karotten der Saison, traditioneller reifer Knoblauch und ausgew\u00e4hlte, in Scheiben geschnittene scharfe Chilischoten, noch besser aufnehmen k\u00f6nnen.<\/p>\n","protected":false},"excerpt":{"rendered":"<p>Gourmet-Gazpacho-Oliven mit pikanter Note, direkt vom Olivenbaum.<\/p>\n","protected":false},"featured_media":2597,"comment_status":"open","ping_status":"closed","template":"","meta":[],"product_brand":[],"product_cat":[342],"product_tag":[383,345,384,347,348],"class_list":{"0":"post-3502","1":"product","2":"type-product","3":"status-publish","4":"has-post-thumbnail","6":"product_cat-gourmet-oliven","7":"product_tag-gazpacho-oliven","8":"product_tag-gourmet-oliven","9":"product_tag-olivas-gazpachas-de","10":"product_tag-pikante-oliven","11":"product_tag-pikante-oliven-de","13":"first","14":"outofstock","15":"shipping-taxable","16":"purchasable","17":"product-type-simple"},"yoast_head":"<!-- This site is optimized with the Yoast SEO plugin v26.9 - https:\/\/yoast.com\/product\/yoast-seo-wordpress\/ -->\n<title>Olivas Gazpachas Picantes - Gourmet-Oliven online kaufen<\/title>\n<meta name=\"description\" content=\"Pikante Gazpacho-Oliven in Pico y Tallo kaufen. Die besten Gourmet-Oliven der Welt. \u00d6kologische und biologische Produkte.\" \/>\n<meta name=\"robots\" content=\"index, follow, max-snippet:-1, max-image-preview:large, max-video-preview:-1\" \/>\n<link rel=\"canonical\" href=\"https:\/\/picoytallo.com\/de\/producto\/pikante-gazpacho-oliven\/\" \/>\n<meta property=\"og:locale\" content=\"de_DE\" \/>\n<meta property=\"og:type\" content=\"article\" \/>\n<meta property=\"og:title\" content=\"Olivas Gazpachas Picantes - Gourmet-Oliven online kaufen\" \/>\n<meta property=\"og:description\" content=\"Pikante Gazpacho-Oliven in Pico y Tallo kaufen. Die besten Gourmet-Oliven der Welt. \u00d6kologische und biologische Produkte.\" \/>\n<meta property=\"og:url\" content=\"https:\/\/picoytallo.com\/de\/producto\/pikante-gazpacho-oliven\/\" \/>\n<meta property=\"og:site_name\" content=\"Pico y Tallo\" \/>\n<meta property=\"article:modified_time\" content=\"2025-11-14T09:42:49+00:00\" \/>\n<meta property=\"og:image\" content=\"https:\/\/picoytallo.com\/wp-content\/uploads\/2022\/03\/olivas-gazpachas-picantes.webp\" \/>\n\t<meta property=\"og:image:width\" content=\"323\" \/>\n\t<meta property=\"og:image:height\" content=\"430\" \/>\n\t<meta property=\"og:image:type\" content=\"image\/webp\" \/>\n<meta name=\"twitter:card\" content=\"summary_large_image\" \/>\n<script type=\"application\/ld+json\" class=\"yoast-schema-graph\">{\"@context\":\"https:\/\/schema.org\",\"@graph\":[{\"@type\":\"WebPage\",\"@id\":\"https:\/\/picoytallo.com\/de\/producto\/pikante-gazpacho-oliven\/\",\"url\":\"https:\/\/picoytallo.com\/de\/producto\/pikante-gazpacho-oliven\/\",\"name\":\"Olivas Gazpachas Picantes - Gourmet-Oliven online kaufen\",\"isPartOf\":{\"@id\":\"https:\/\/picoytallo.com\/de\/#website\"},\"primaryImageOfPage\":{\"@id\":\"https:\/\/picoytallo.com\/de\/producto\/pikante-gazpacho-oliven\/#primaryimage\"},\"image\":{\"@id\":\"https:\/\/picoytallo.com\/de\/producto\/pikante-gazpacho-oliven\/#primaryimage\"},\"thumbnailUrl\":\"https:\/\/picoytallo.com\/wp-content\/uploads\/2022\/03\/olivas-gazpachas-picantes.webp\",\"datePublished\":\"2022-03-21T15:53:57+00:00\",\"dateModified\":\"2025-11-14T09:42:49+00:00\",\"description\":\"Pikante Gazpacho-Oliven in Pico y Tallo kaufen. Die besten Gourmet-Oliven der Welt. \u00d6kologische und biologische Produkte.\",\"breadcrumb\":{\"@id\":\"https:\/\/picoytallo.com\/de\/producto\/pikante-gazpacho-oliven\/#breadcrumb\"},\"inLanguage\":\"de\",\"potentialAction\":[{\"@type\":\"ReadAction\",\"target\":[\"https:\/\/picoytallo.com\/de\/producto\/pikante-gazpacho-oliven\/\"]}]},{\"@type\":\"ImageObject\",\"inLanguage\":\"de\",\"@id\":\"https:\/\/picoytallo.com\/de\/producto\/pikante-gazpacho-oliven\/#primaryimage\",\"url\":\"https:\/\/picoytallo.com\/wp-content\/uploads\/2022\/03\/olivas-gazpachas-picantes.webp\",\"contentUrl\":\"https:\/\/picoytallo.com\/wp-content\/uploads\/2022\/03\/olivas-gazpachas-picantes.webp\",\"width\":323,\"height\":430,\"caption\":\"Pikante Gazpacho-Oliven\"},{\"@type\":\"BreadcrumbList\",\"@id\":\"https:\/\/picoytallo.com\/de\/producto\/pikante-gazpacho-oliven\/#breadcrumb\",\"itemListElement\":[{\"@type\":\"ListItem\",\"position\":1,\"name\":\"Portada\",\"item\":\"https:\/\/picoytallo.com\/de\/\"},{\"@type\":\"ListItem\",\"position\":2,\"name\":\"Shop\",\"item\":\"https:\/\/picoytallo.com\/de\/shop\/\"},{\"@type\":\"ListItem\",\"position\":3,\"name\":\"Pikante Gazpacho-Oliven\"}]},{\"@type\":\"WebSite\",\"@id\":\"https:\/\/picoytallo.com\/de\/#website\",\"url\":\"https:\/\/picoytallo.com\/de\/\",\"name\":\"Pico y Tallo\",\"description\":\"Productos Gourmet Online\",\"publisher\":{\"@id\":\"https:\/\/picoytallo.com\/de\/#organization\"},\"potentialAction\":[{\"@type\":\"SearchAction\",\"target\":{\"@type\":\"EntryPoint\",\"urlTemplate\":\"https:\/\/picoytallo.com\/de\/?s={search_term_string}\"},\"query-input\":{\"@type\":\"PropertyValueSpecification\",\"valueRequired\":true,\"valueName\":\"search_term_string\"}}],\"inLanguage\":\"de\"},{\"@type\":\"Organization\",\"@id\":\"https:\/\/picoytallo.com\/de\/#organization\",\"name\":\"Pico y Tallo\",\"url\":\"https:\/\/picoytallo.com\/de\/\",\"logo\":{\"@type\":\"ImageObject\",\"inLanguage\":\"de\",\"@id\":\"https:\/\/picoytallo.com\/de\/#\/schema\/logo\/image\/\",\"url\":\"https:\/\/picoytallo.com\/wp-content\/uploads\/2022\/03\/cropped-Productos-gourmet-picotallo.webp\",\"contentUrl\":\"https:\/\/picoytallo.com\/wp-content\/uploads\/2022\/03\/cropped-Productos-gourmet-picotallo.webp\",\"width\":1194,\"height\":314,\"caption\":\"Pico y Tallo\"},\"image\":{\"@id\":\"https:\/\/picoytallo.com\/de\/#\/schema\/logo\/image\/\"}}]}<\/script>\n<!-- \/ Yoast SEO plugin. -->","yoast_head_json":{"title":"Olivas Gazpachas Picantes - Gourmet-Oliven online kaufen","description":"Pikante Gazpacho-Oliven in Pico y Tallo kaufen. Die besten Gourmet-Oliven der Welt. \u00d6kologische und biologische Produkte.","robots":{"index":"index","follow":"follow","max-snippet":"max-snippet:-1","max-image-preview":"max-image-preview:large","max-video-preview":"max-video-preview:-1"},"canonical":"https:\/\/picoytallo.com\/de\/producto\/pikante-gazpacho-oliven\/","og_locale":"de_DE","og_type":"article","og_title":"Olivas Gazpachas Picantes - Gourmet-Oliven online kaufen","og_description":"Pikante Gazpacho-Oliven in Pico y Tallo kaufen. Die besten Gourmet-Oliven der Welt. \u00d6kologische und biologische Produkte.","og_url":"https:\/\/picoytallo.com\/de\/producto\/pikante-gazpacho-oliven\/","og_site_name":"Pico y Tallo","article_modified_time":"2025-11-14T09:42:49+00:00","og_image":[{"width":323,"height":430,"url":"https:\/\/picoytallo.com\/wp-content\/uploads\/2022\/03\/olivas-gazpachas-picantes.webp","type":"image\/webp"}],"twitter_card":"summary_large_image","schema":{"@context":"https:\/\/schema.org","@graph":[{"@type":"WebPage","@id":"https:\/\/picoytallo.com\/de\/producto\/pikante-gazpacho-oliven\/","url":"https:\/\/picoytallo.com\/de\/producto\/pikante-gazpacho-oliven\/","name":"Olivas Gazpachas Picantes - Gourmet-Oliven online kaufen","isPartOf":{"@id":"https:\/\/picoytallo.com\/de\/#website"},"primaryImageOfPage":{"@id":"https:\/\/picoytallo.com\/de\/producto\/pikante-gazpacho-oliven\/#primaryimage"},"image":{"@id":"https:\/\/picoytallo.com\/de\/producto\/pikante-gazpacho-oliven\/#primaryimage"},"thumbnailUrl":"https:\/\/picoytallo.com\/wp-content\/uploads\/2022\/03\/olivas-gazpachas-picantes.webp","datePublished":"2022-03-21T15:53:57+00:00","dateModified":"2025-11-14T09:42:49+00:00","description":"Pikante Gazpacho-Oliven in Pico y Tallo kaufen. Die besten Gourmet-Oliven der Welt. \u00d6kologische und biologische Produkte.","breadcrumb":{"@id":"https:\/\/picoytallo.com\/de\/producto\/pikante-gazpacho-oliven\/#breadcrumb"},"inLanguage":"de","potentialAction":[{"@type":"ReadAction","target":["https:\/\/picoytallo.com\/de\/producto\/pikante-gazpacho-oliven\/"]}]},{"@type":"ImageObject","inLanguage":"de","@id":"https:\/\/picoytallo.com\/de\/producto\/pikante-gazpacho-oliven\/#primaryimage","url":"https:\/\/picoytallo.com\/wp-content\/uploads\/2022\/03\/olivas-gazpachas-picantes.webp","contentUrl":"https:\/\/picoytallo.com\/wp-content\/uploads\/2022\/03\/olivas-gazpachas-picantes.webp","width":323,"height":430,"caption":"Pikante Gazpacho-Oliven"},{"@type":"BreadcrumbList","@id":"https:\/\/picoytallo.com\/de\/producto\/pikante-gazpacho-oliven\/#breadcrumb","itemListElement":[{"@type":"ListItem","position":1,"name":"Portada","item":"https:\/\/picoytallo.com\/de\/"},{"@type":"ListItem","position":2,"name":"Shop","item":"https:\/\/picoytallo.com\/de\/shop\/"},{"@type":"ListItem","position":3,"name":"Pikante Gazpacho-Oliven"}]},{"@type":"WebSite","@id":"https:\/\/picoytallo.com\/de\/#website","url":"https:\/\/picoytallo.com\/de\/","name":"Pico y Tallo","description":"Productos Gourmet Online","publisher":{"@id":"https:\/\/picoytallo.com\/de\/#organization"},"potentialAction":[{"@type":"SearchAction","target":{"@type":"EntryPoint","urlTemplate":"https:\/\/picoytallo.com\/de\/?s={search_term_string}"},"query-input":{"@type":"PropertyValueSpecification","valueRequired":true,"valueName":"search_term_string"}}],"inLanguage":"de"},{"@type":"Organization","@id":"https:\/\/picoytallo.com\/de\/#organization","name":"Pico y Tallo","url":"https:\/\/picoytallo.com\/de\/","logo":{"@type":"ImageObject","inLanguage":"de","@id":"https:\/\/picoytallo.com\/de\/#\/schema\/logo\/image\/","url":"https:\/\/picoytallo.com\/wp-content\/uploads\/2022\/03\/cropped-Productos-gourmet-picotallo.webp","contentUrl":"https:\/\/picoytallo.com\/wp-content\/uploads\/2022\/03\/cropped-Productos-gourmet-picotallo.webp","width":1194,"height":314,"caption":"Pico y Tallo"},"image":{"@id":"https:\/\/picoytallo.com\/de\/#\/schema\/logo\/image\/"}}]}},"_links":{"self":[{"href":"https:\/\/picoytallo.com\/de\/wp-json\/wp\/v2\/product\/3502","targetHints":{"allow":["GET"]}}],"collection":[{"href":"https:\/\/picoytallo.com\/de\/wp-json\/wp\/v2\/product"}],"about":[{"href":"https:\/\/picoytallo.com\/de\/wp-json\/wp\/v2\/types\/product"}],"replies":[{"embeddable":true,"href":"https:\/\/picoytallo.com\/de\/wp-json\/wp\/v2\/comments?post=3502"}],"wp:featuredmedia":[{"embeddable":true,"href":"https:\/\/picoytallo.com\/de\/wp-json\/wp\/v2\/media\/2597"}],"wp:attachment":[{"href":"https:\/\/picoytallo.com\/de\/wp-json\/wp\/v2\/media?parent=3502"}],"wp:term":[{"taxonomy":"product_brand","embeddable":true,"href":"https:\/\/picoytallo.com\/de\/wp-json\/wp\/v2\/product_brand?post=3502"},{"taxonomy":"product_cat","embeddable":true,"href":"https:\/\/picoytallo.com\/de\/wp-json\/wp\/v2\/product_cat?post=3502"},{"taxonomy":"product_tag","embeddable":true,"href":"https:\/\/picoytallo.com\/de\/wp-json\/wp\/v2\/product_tag?post=3502"}],"curies":[{"name":"wp","href":"https:\/\/api.w.org\/{rel}","templated":true}]}}