{"id":3505,"date":"2022-03-23T21:56:08","date_gmt":"2022-03-23T19:56:08","guid":{"rendered":"https:\/\/picoytallo.com\/producto\/handwerklich-hergestellter-kuhmilchkaese\/"},"modified":"2025-06-02T14:47:43","modified_gmt":"2025-06-02T12:47:43","slug":"handwerklich-hergestellter-kuhmilchkaese","status":"publish","type":"product","link":"https:\/\/picoytallo.com\/de\/producto\/handwerklich-hergestellter-kuhmilchkaese\/","title":{"rendered":"Handwerklich hergestellter Kuhmilchk\u00e4se"},"content":{"rendered":"<h2>Handwerklich hergestellter K\u00e4se<\/h2>\n<p>Wir stellen einen einzigartigen K\u00e4se her, der v\u00f6llig nat\u00fcrlich ist und die lokale Tradition respektiert.<\/p>\n<p>Wir behandeln unsere K\u00e4selaibe als Unikate, sie werden von Hand hergestellt und gedreht.<\/p>\n<p>Unsere Philosophie ist eine Abkehr von den g\u00e4ngigen industriellen Produktionsstandards. Jeder K\u00e4se wird im Rahmen einer sehr begrenzten Produktion hergestellt, und das gilt umso mehr, wenn man es mit anderen K\u00e4sereien vergleicht.<\/p>\n<p><strong>Die Rohmilch ist biologisch und von hoher Qualit\u00e4t, sie <\/strong>hat ein eigenes integriertes Immunsystem.<\/p>\n","protected":false},"excerpt":{"rendered":"<p>Handgemachter, handwerklich hergestellter Kuhmilchk\u00e4se aus Rohmilch. 100 gr.<\/p>\n","protected":false},"featured_media":2624,"comment_status":"open","ping_status":"closed","template":"","meta":[],"product_brand":[],"product_cat":[386],"product_tag":[389,387,388],"class_list":{"0":"post-3505","1":"product","2":"type-product","3":"status-publish","4":"has-post-thumbnail","6":"product_cat-handwerklich-hergestellter-kase","7":"product_tag-gourmet-kase","8":"product_tag-handwerklich-hergestellter-kase","9":"product_tag-kuhkase","11":"first","12":"outofstock","13":"shipping-taxable","14":"purchasable","15":"product-type-simple"},"yoast_head":"<!-- This site is optimized with the Yoast SEO plugin v26.9 - https:\/\/yoast.com\/product\/yoast-seo-wordpress\/ -->\n<title>Handwerklich hergestellter Kuhmilchk\u00e4se - Gourmet-K\u00e4se kaufen - Pico y Tallo<\/title>\n<meta name=\"description\" content=\"Entdecken Sie den authentischen, handwerklich hergestellten Kuhmilchk\u00e4se von Pico y Tallo. Kaufen Sie die exklusivsten handwerklichen Gourmet-K\u00e4se online.\" \/>\n<meta name=\"robots\" content=\"index, follow, max-snippet:-1, max-image-preview:large, max-video-preview:-1\" \/>\n<link rel=\"canonical\" href=\"https:\/\/picoytallo.com\/de\/producto\/handwerklich-hergestellter-kuhmilchkaese\/\" \/>\n<meta property=\"og:locale\" content=\"de_DE\" \/>\n<meta property=\"og:type\" content=\"article\" \/>\n<meta property=\"og:title\" content=\"Handwerklich hergestellter Kuhmilchk\u00e4se - Gourmet-K\u00e4se kaufen - Pico y Tallo\" \/>\n<meta property=\"og:description\" content=\"Entdecken Sie den authentischen, handwerklich hergestellten Kuhmilchk\u00e4se von Pico y Tallo. Kaufen Sie die exklusivsten handwerklichen Gourmet-K\u00e4se online.\" \/>\n<meta property=\"og:url\" content=\"https:\/\/picoytallo.com\/de\/producto\/handwerklich-hergestellter-kuhmilchkaese\/\" \/>\n<meta property=\"og:site_name\" content=\"Pico y Tallo\" \/>\n<meta property=\"article:modified_time\" content=\"2025-06-02T12:47:43+00:00\" \/>\n<meta property=\"og:image\" content=\"https:\/\/picoytallo.com\/wp-content\/uploads\/2022\/03\/queso-artesano-gourmet.webp\" \/>\n\t<meta property=\"og:image:width\" content=\"961\" \/>\n\t<meta property=\"og:image:height\" content=\"850\" \/>\n\t<meta property=\"og:image:type\" content=\"image\/webp\" \/>\n<meta name=\"twitter:card\" content=\"summary_large_image\" \/>\n<script type=\"application\/ld+json\" class=\"yoast-schema-graph\">{\"@context\":\"https:\/\/schema.org\",\"@graph\":[{\"@type\":\"WebPage\",\"@id\":\"https:\/\/picoytallo.com\/de\/producto\/handwerklich-hergestellter-kuhmilchkaese\/\",\"url\":\"https:\/\/picoytallo.com\/de\/producto\/handwerklich-hergestellter-kuhmilchkaese\/\",\"name\":\"Handwerklich hergestellter Kuhmilchk\u00e4se - Gourmet-K\u00e4se kaufen - Pico y Tallo\",\"isPartOf\":{\"@id\":\"https:\/\/picoytallo.com\/de\/#website\"},\"primaryImageOfPage\":{\"@id\":\"https:\/\/picoytallo.com\/de\/producto\/handwerklich-hergestellter-kuhmilchkaese\/#primaryimage\"},\"image\":{\"@id\":\"https:\/\/picoytallo.com\/de\/producto\/handwerklich-hergestellter-kuhmilchkaese\/#primaryimage\"},\"thumbnailUrl\":\"https:\/\/picoytallo.com\/wp-content\/uploads\/2022\/03\/queso-artesano-gourmet.webp\",\"datePublished\":\"2022-03-23T19:56:08+00:00\",\"dateModified\":\"2025-06-02T12:47:43+00:00\",\"description\":\"Entdecken Sie den authentischen, handwerklich hergestellten Kuhmilchk\u00e4se von Pico y Tallo. Kaufen Sie die exklusivsten handwerklichen Gourmet-K\u00e4se online.\",\"breadcrumb\":{\"@id\":\"https:\/\/picoytallo.com\/de\/producto\/handwerklich-hergestellter-kuhmilchkaese\/#breadcrumb\"},\"inLanguage\":\"de\",\"potentialAction\":[{\"@type\":\"ReadAction\",\"target\":[\"https:\/\/picoytallo.com\/de\/producto\/handwerklich-hergestellter-kuhmilchkaese\/\"]}]},{\"@type\":\"ImageObject\",\"inLanguage\":\"de\",\"@id\":\"https:\/\/picoytallo.com\/de\/producto\/handwerklich-hergestellter-kuhmilchkaese\/#primaryimage\",\"url\":\"https:\/\/picoytallo.com\/wp-content\/uploads\/2022\/03\/queso-artesano-gourmet.webp\",\"contentUrl\":\"https:\/\/picoytallo.com\/wp-content\/uploads\/2022\/03\/queso-artesano-gourmet.webp\",\"width\":961,\"height\":850},{\"@type\":\"BreadcrumbList\",\"@id\":\"https:\/\/picoytallo.com\/de\/producto\/handwerklich-hergestellter-kuhmilchkaese\/#breadcrumb\",\"itemListElement\":[{\"@type\":\"ListItem\",\"position\":1,\"name\":\"Portada\",\"item\":\"https:\/\/picoytallo.com\/de\/\"},{\"@type\":\"ListItem\",\"position\":2,\"name\":\"Shop\",\"item\":\"https:\/\/picoytallo.com\/de\/shop\/\"},{\"@type\":\"ListItem\",\"position\":3,\"name\":\"Handwerklich hergestellter Kuhmilchk\u00e4se\"}]},{\"@type\":\"WebSite\",\"@id\":\"https:\/\/picoytallo.com\/de\/#website\",\"url\":\"https:\/\/picoytallo.com\/de\/\",\"name\":\"Pico y Tallo\",\"description\":\"Productos Gourmet Online\",\"publisher\":{\"@id\":\"https:\/\/picoytallo.com\/de\/#organization\"},\"potentialAction\":[{\"@type\":\"SearchAction\",\"target\":{\"@type\":\"EntryPoint\",\"urlTemplate\":\"https:\/\/picoytallo.com\/de\/?s={search_term_string}\"},\"query-input\":{\"@type\":\"PropertyValueSpecification\",\"valueRequired\":true,\"valueName\":\"search_term_string\"}}],\"inLanguage\":\"de\"},{\"@type\":\"Organization\",\"@id\":\"https:\/\/picoytallo.com\/de\/#organization\",\"name\":\"Pico y Tallo\",\"url\":\"https:\/\/picoytallo.com\/de\/\",\"logo\":{\"@type\":\"ImageObject\",\"inLanguage\":\"de\",\"@id\":\"https:\/\/picoytallo.com\/de\/#\/schema\/logo\/image\/\",\"url\":\"https:\/\/picoytallo.com\/wp-content\/uploads\/2022\/03\/cropped-Productos-gourmet-picotallo.webp\",\"contentUrl\":\"https:\/\/picoytallo.com\/wp-content\/uploads\/2022\/03\/cropped-Productos-gourmet-picotallo.webp\",\"width\":1194,\"height\":314,\"caption\":\"Pico y Tallo\"},\"image\":{\"@id\":\"https:\/\/picoytallo.com\/de\/#\/schema\/logo\/image\/\"}}]}<\/script>\n<!-- \/ Yoast SEO plugin. -->","yoast_head_json":{"title":"Handwerklich hergestellter Kuhmilchk\u00e4se - Gourmet-K\u00e4se kaufen - Pico y Tallo","description":"Entdecken Sie den authentischen, handwerklich hergestellten Kuhmilchk\u00e4se von Pico y Tallo. Kaufen Sie die exklusivsten handwerklichen Gourmet-K\u00e4se online.","robots":{"index":"index","follow":"follow","max-snippet":"max-snippet:-1","max-image-preview":"max-image-preview:large","max-video-preview":"max-video-preview:-1"},"canonical":"https:\/\/picoytallo.com\/de\/producto\/handwerklich-hergestellter-kuhmilchkaese\/","og_locale":"de_DE","og_type":"article","og_title":"Handwerklich hergestellter Kuhmilchk\u00e4se - Gourmet-K\u00e4se kaufen - Pico y Tallo","og_description":"Entdecken Sie den authentischen, handwerklich hergestellten Kuhmilchk\u00e4se von Pico y Tallo. Kaufen Sie die exklusivsten handwerklichen Gourmet-K\u00e4se online.","og_url":"https:\/\/picoytallo.com\/de\/producto\/handwerklich-hergestellter-kuhmilchkaese\/","og_site_name":"Pico y Tallo","article_modified_time":"2025-06-02T12:47:43+00:00","og_image":[{"width":961,"height":850,"url":"https:\/\/picoytallo.com\/wp-content\/uploads\/2022\/03\/queso-artesano-gourmet.webp","type":"image\/webp"}],"twitter_card":"summary_large_image","schema":{"@context":"https:\/\/schema.org","@graph":[{"@type":"WebPage","@id":"https:\/\/picoytallo.com\/de\/producto\/handwerklich-hergestellter-kuhmilchkaese\/","url":"https:\/\/picoytallo.com\/de\/producto\/handwerklich-hergestellter-kuhmilchkaese\/","name":"Handwerklich hergestellter Kuhmilchk\u00e4se - Gourmet-K\u00e4se kaufen - Pico y Tallo","isPartOf":{"@id":"https:\/\/picoytallo.com\/de\/#website"},"primaryImageOfPage":{"@id":"https:\/\/picoytallo.com\/de\/producto\/handwerklich-hergestellter-kuhmilchkaese\/#primaryimage"},"image":{"@id":"https:\/\/picoytallo.com\/de\/producto\/handwerklich-hergestellter-kuhmilchkaese\/#primaryimage"},"thumbnailUrl":"https:\/\/picoytallo.com\/wp-content\/uploads\/2022\/03\/queso-artesano-gourmet.webp","datePublished":"2022-03-23T19:56:08+00:00","dateModified":"2025-06-02T12:47:43+00:00","description":"Entdecken Sie den authentischen, handwerklich hergestellten Kuhmilchk\u00e4se von Pico y Tallo. Kaufen Sie die exklusivsten handwerklichen Gourmet-K\u00e4se online.","breadcrumb":{"@id":"https:\/\/picoytallo.com\/de\/producto\/handwerklich-hergestellter-kuhmilchkaese\/#breadcrumb"},"inLanguage":"de","potentialAction":[{"@type":"ReadAction","target":["https:\/\/picoytallo.com\/de\/producto\/handwerklich-hergestellter-kuhmilchkaese\/"]}]},{"@type":"ImageObject","inLanguage":"de","@id":"https:\/\/picoytallo.com\/de\/producto\/handwerklich-hergestellter-kuhmilchkaese\/#primaryimage","url":"https:\/\/picoytallo.com\/wp-content\/uploads\/2022\/03\/queso-artesano-gourmet.webp","contentUrl":"https:\/\/picoytallo.com\/wp-content\/uploads\/2022\/03\/queso-artesano-gourmet.webp","width":961,"height":850},{"@type":"BreadcrumbList","@id":"https:\/\/picoytallo.com\/de\/producto\/handwerklich-hergestellter-kuhmilchkaese\/#breadcrumb","itemListElement":[{"@type":"ListItem","position":1,"name":"Portada","item":"https:\/\/picoytallo.com\/de\/"},{"@type":"ListItem","position":2,"name":"Shop","item":"https:\/\/picoytallo.com\/de\/shop\/"},{"@type":"ListItem","position":3,"name":"Handwerklich hergestellter Kuhmilchk\u00e4se"}]},{"@type":"WebSite","@id":"https:\/\/picoytallo.com\/de\/#website","url":"https:\/\/picoytallo.com\/de\/","name":"Pico y Tallo","description":"Productos Gourmet Online","publisher":{"@id":"https:\/\/picoytallo.com\/de\/#organization"},"potentialAction":[{"@type":"SearchAction","target":{"@type":"EntryPoint","urlTemplate":"https:\/\/picoytallo.com\/de\/?s={search_term_string}"},"query-input":{"@type":"PropertyValueSpecification","valueRequired":true,"valueName":"search_term_string"}}],"inLanguage":"de"},{"@type":"Organization","@id":"https:\/\/picoytallo.com\/de\/#organization","name":"Pico y Tallo","url":"https:\/\/picoytallo.com\/de\/","logo":{"@type":"ImageObject","inLanguage":"de","@id":"https:\/\/picoytallo.com\/de\/#\/schema\/logo\/image\/","url":"https:\/\/picoytallo.com\/wp-content\/uploads\/2022\/03\/cropped-Productos-gourmet-picotallo.webp","contentUrl":"https:\/\/picoytallo.com\/wp-content\/uploads\/2022\/03\/cropped-Productos-gourmet-picotallo.webp","width":1194,"height":314,"caption":"Pico y Tallo"},"image":{"@id":"https:\/\/picoytallo.com\/de\/#\/schema\/logo\/image\/"}}]}},"_links":{"self":[{"href":"https:\/\/picoytallo.com\/de\/wp-json\/wp\/v2\/product\/3505","targetHints":{"allow":["GET"]}}],"collection":[{"href":"https:\/\/picoytallo.com\/de\/wp-json\/wp\/v2\/product"}],"about":[{"href":"https:\/\/picoytallo.com\/de\/wp-json\/wp\/v2\/types\/product"}],"replies":[{"embeddable":true,"href":"https:\/\/picoytallo.com\/de\/wp-json\/wp\/v2\/comments?post=3505"}],"wp:featuredmedia":[{"embeddable":true,"href":"https:\/\/picoytallo.com\/de\/wp-json\/wp\/v2\/media\/2624"}],"wp:attachment":[{"href":"https:\/\/picoytallo.com\/de\/wp-json\/wp\/v2\/media?parent=3505"}],"wp:term":[{"taxonomy":"product_brand","embeddable":true,"href":"https:\/\/picoytallo.com\/de\/wp-json\/wp\/v2\/product_brand?post=3505"},{"taxonomy":"product_cat","embeddable":true,"href":"https:\/\/picoytallo.com\/de\/wp-json\/wp\/v2\/product_cat?post=3505"},{"taxonomy":"product_tag","embeddable":true,"href":"https:\/\/picoytallo.com\/de\/wp-json\/wp\/v2\/product_tag?post=3505"}],"curies":[{"name":"wp","href":"https:\/\/api.w.org\/{rel}","templated":true}]}}