{"id":3507,"date":"2022-03-22T12:55:18","date_gmt":"2022-03-22T10:55:18","guid":{"rendered":"https:\/\/picoytallo.com\/producto\/biologisches-bio-gruenoel\/"},"modified":"2023-03-15T10:05:31","modified_gmt":"2023-03-15T08:05:31","slug":"biologisches-bio-gruenoel","status":"publish","type":"product","link":"https:\/\/picoytallo.com\/de\/producto\/biologisches-bio-gruenoel\/","title":{"rendered":"Biologisches Bio-Gr\u00fcn\u00f6l"},"content":{"rendered":"<h2>Valencianisches Bio-Oliven\u00f6l<\/h2>\n<p>Bio im Format 250 ml ist ein Oliven\u00f6l der Kategorie Superior, das direkt aus biologischen Picual-Oliven gewonnen wird, die im OKTOBER zum richtigen Zeitpunkt geerntet wurden und strengen internen und externen Qualit\u00e4tskontrollen durch den CAECV (Ausschuss f\u00fcr biologische Landwirtschaft der Autonomen Gemeinschaft Valencia) unterzogen wurden. Sorte Picual. ESAO 2020. 3. Preis f\u00fcr die Valencianische Gemeinschaft. Erzeuger und 8. internationaler EVOO-Finalist.<\/p>\n","protected":false},"excerpt":{"rendered":"<p>Gr\u00fcnes Bio-Oliven\u00f6l aus der Valencianischen Gemeinschaft.<\/p>\n","protected":false},"featured_media":2612,"comment_status":"open","ping_status":"closed","template":"","meta":[],"product_brand":[],"product_cat":[326],"product_tag":[332,334,338,330,390,337,336],"class_list":{"0":"post-3507","1":"product","2":"type-product","3":"status-publish","4":"has-post-thumbnail","6":"product_cat-gourmet-ol","7":"product_tag-bio-ol","8":"product_tag-bio-ol-de","9":"product_tag-evoo","10":"product_tag-gourmet-ol","11":"product_tag-grunes-ol","12":"product_tag-olivenol","13":"product_tag-valencianisches-ol","15":"first","16":"outofstock","17":"shipping-taxable","18":"purchasable","19":"product-type-simple"},"yoast_head":"<!-- This site is optimized with the Yoast SEO plugin v27.4 - https:\/\/yoast.com\/product\/yoast-seo-wordpress\/ -->\n<title>Gr\u00fcnes Valencianisches Bio-Oliven\u00f6l - EVOO - Pico y Tallo<\/title>\n<meta name=\"description\" content=\"Kaufen Sie Bio-Oliven\u00f6l aus Valencia. Gr\u00fcnes Bio-Gourmet-\u00d6l. \u00d6kologisches und biologisches EVOO aus der Valencianischen Gemeinschaft.\" \/>\n<meta name=\"robots\" content=\"index, follow, max-snippet:-1, max-image-preview:large, max-video-preview:-1\" \/>\n<link rel=\"canonical\" href=\"https:\/\/picoytallo.com\/de\/producto\/biologisches-bio-gruenoel\/\" \/>\n<meta property=\"og:locale\" content=\"de_DE\" \/>\n<meta property=\"og:type\" content=\"article\" \/>\n<meta property=\"og:title\" content=\"Gr\u00fcnes Valencianisches Bio-Oliven\u00f6l - EVOO - Pico y Tallo\" \/>\n<meta property=\"og:description\" content=\"Kaufen Sie Bio-Oliven\u00f6l aus Valencia. Gr\u00fcnes Bio-Gourmet-\u00d6l. \u00d6kologisches und biologisches EVOO aus der Valencianischen Gemeinschaft.\" \/>\n<meta property=\"og:url\" content=\"https:\/\/picoytallo.com\/de\/producto\/biologisches-bio-gruenoel\/\" \/>\n<meta property=\"og:site_name\" content=\"Pico y Tallo\" \/>\n<meta property=\"article:modified_time\" content=\"2023-03-15T08:05:31+00:00\" \/>\n<meta property=\"og:image\" content=\"https:\/\/picoytallo.com\/wp-content\/uploads\/2022\/03\/Aceite-verde-bio-ecologico.webp\" \/>\n\t<meta property=\"og:image:width\" content=\"300\" \/>\n\t<meta property=\"og:image:height\" content=\"300\" \/>\n\t<meta property=\"og:image:type\" content=\"image\/webp\" \/>\n<meta name=\"twitter:card\" content=\"summary_large_image\" \/>\n<meta name=\"twitter:label1\" content=\"Preis\" \/>\n\t<meta name=\"twitter:data1\" content=\"11,95&euro;\" \/>\n\t<meta name=\"twitter:label2\" content=\"Verf\u00fcgbarkeit\" \/>\n\t<meta name=\"twitter:data2\" content=\"ausverkauft\" \/>\n<script type=\"application\/ld+json\" class=\"yoast-schema-graph\">{\"@context\":\"https:\\\/\\\/schema.org\",\"@graph\":[{\"@type\":\"WebPage\",\"@id\":\"https:\\\/\\\/picoytallo.com\\\/de\\\/producto\\\/biologisches-bio-gruenoel\\\/\",\"url\":\"https:\\\/\\\/picoytallo.com\\\/de\\\/producto\\\/biologisches-bio-gruenoel\\\/\",\"name\":\"Gr\u00fcnes Valencianisches Bio-Oliven\u00f6l - EVOO - Pico y Tallo\",\"isPartOf\":{\"@id\":\"https:\\\/\\\/picoytallo.com\\\/de\\\/#website\"},\"primaryImageOfPage\":{\"@id\":\"https:\\\/\\\/picoytallo.com\\\/de\\\/producto\\\/biologisches-bio-gruenoel\\\/#primaryimage\"},\"image\":{\"@id\":\"https:\\\/\\\/picoytallo.com\\\/de\\\/producto\\\/biologisches-bio-gruenoel\\\/#primaryimage\"},\"thumbnailUrl\":\"https:\\\/\\\/picoytallo.com\\\/wp-content\\\/uploads\\\/2022\\\/03\\\/Aceite-verde-bio-ecologico.webp\",\"datePublished\":\"2022-03-22T10:55:18+00:00\",\"dateModified\":\"2023-03-15T08:05:31+00:00\",\"description\":\"Kaufen Sie Bio-Oliven\u00f6l aus Valencia. Gr\u00fcnes Bio-Gourmet-\u00d6l. \u00d6kologisches und biologisches EVOO aus der Valencianischen Gemeinschaft.\",\"breadcrumb\":{\"@id\":\"https:\\\/\\\/picoytallo.com\\\/de\\\/producto\\\/biologisches-bio-gruenoel\\\/#breadcrumb\"},\"inLanguage\":\"de\",\"potentialAction\":[{\"@type\":\"ReadAction\",\"target\":[\"https:\\\/\\\/picoytallo.com\\\/de\\\/producto\\\/biologisches-bio-gruenoel\\\/\"]}]},{\"@type\":\"ImageObject\",\"inLanguage\":\"de\",\"@id\":\"https:\\\/\\\/picoytallo.com\\\/de\\\/producto\\\/biologisches-bio-gruenoel\\\/#primaryimage\",\"url\":\"https:\\\/\\\/picoytallo.com\\\/wp-content\\\/uploads\\\/2022\\\/03\\\/Aceite-verde-bio-ecologico.webp\",\"contentUrl\":\"https:\\\/\\\/picoytallo.com\\\/wp-content\\\/uploads\\\/2022\\\/03\\\/Aceite-verde-bio-ecologico.webp\",\"width\":300,\"height\":300},{\"@type\":\"BreadcrumbList\",\"@id\":\"https:\\\/\\\/picoytallo.com\\\/de\\\/producto\\\/biologisches-bio-gruenoel\\\/#breadcrumb\",\"itemListElement\":[{\"@type\":\"ListItem\",\"position\":1,\"name\":\"Portada\",\"item\":\"https:\\\/\\\/picoytallo.com\\\/de\\\/\"},{\"@type\":\"ListItem\",\"position\":2,\"name\":\"Shop\",\"item\":\"https:\\\/\\\/picoytallo.com\\\/de\\\/shop\\\/\"},{\"@type\":\"ListItem\",\"position\":3,\"name\":\"Biologisches Bio-Gr\u00fcn\u00f6l\"}]},{\"@type\":\"WebSite\",\"@id\":\"https:\\\/\\\/picoytallo.com\\\/de\\\/#website\",\"url\":\"https:\\\/\\\/picoytallo.com\\\/de\\\/\",\"name\":\"Pico y Tallo\",\"description\":\"Productos Gourmet Online\",\"publisher\":{\"@id\":\"https:\\\/\\\/picoytallo.com\\\/de\\\/#organization\"},\"potentialAction\":[{\"@type\":\"SearchAction\",\"target\":{\"@type\":\"EntryPoint\",\"urlTemplate\":\"https:\\\/\\\/picoytallo.com\\\/de\\\/?s={search_term_string}\"},\"query-input\":{\"@type\":\"PropertyValueSpecification\",\"valueRequired\":true,\"valueName\":\"search_term_string\"}}],\"inLanguage\":\"de\"},{\"@type\":\"Organization\",\"@id\":\"https:\\\/\\\/picoytallo.com\\\/de\\\/#organization\",\"name\":\"Pico y Tallo\",\"url\":\"https:\\\/\\\/picoytallo.com\\\/de\\\/\",\"logo\":{\"@type\":\"ImageObject\",\"inLanguage\":\"de\",\"@id\":\"https:\\\/\\\/picoytallo.com\\\/de\\\/#\\\/schema\\\/logo\\\/image\\\/\",\"url\":\"https:\\\/\\\/picoytallo.com\\\/wp-content\\\/uploads\\\/2022\\\/03\\\/cropped-Productos-gourmet-picotallo.webp\",\"contentUrl\":\"https:\\\/\\\/picoytallo.com\\\/wp-content\\\/uploads\\\/2022\\\/03\\\/cropped-Productos-gourmet-picotallo.webp\",\"width\":1194,\"height\":314,\"caption\":\"Pico y Tallo\"},\"image\":{\"@id\":\"https:\\\/\\\/picoytallo.com\\\/de\\\/#\\\/schema\\\/logo\\\/image\\\/\"}}]}<\/script>\n<meta property=\"product:price:amount\" content=\"11.95\" \/>\n<meta property=\"product:price:currency\" content=\"EUR\" \/>\n<meta property=\"og:availability\" content=\"out of stock\" \/>\n<meta property=\"product:availability\" content=\"out of stock\" \/>\n<meta property=\"product:condition\" content=\"new\" \/>\n<!-- \/ Yoast SEO plugin. -->","yoast_head_json":{"title":"Gr\u00fcnes Valencianisches Bio-Oliven\u00f6l - EVOO - Pico y Tallo","description":"Kaufen Sie Bio-Oliven\u00f6l aus Valencia. Gr\u00fcnes Bio-Gourmet-\u00d6l. \u00d6kologisches und biologisches EVOO aus der Valencianischen Gemeinschaft.","robots":{"index":"index","follow":"follow","max-snippet":"max-snippet:-1","max-image-preview":"max-image-preview:large","max-video-preview":"max-video-preview:-1"},"canonical":"https:\/\/picoytallo.com\/de\/producto\/biologisches-bio-gruenoel\/","og_locale":"de_DE","og_type":"article","og_title":"Gr\u00fcnes Valencianisches Bio-Oliven\u00f6l - EVOO - Pico y Tallo","og_description":"Kaufen Sie Bio-Oliven\u00f6l aus Valencia. Gr\u00fcnes Bio-Gourmet-\u00d6l. \u00d6kologisches und biologisches EVOO aus der Valencianischen Gemeinschaft.","og_url":"https:\/\/picoytallo.com\/de\/producto\/biologisches-bio-gruenoel\/","og_site_name":"Pico y Tallo","article_modified_time":"2023-03-15T08:05:31+00:00","og_image":[{"width":300,"height":300,"url":"https:\/\/picoytallo.com\/wp-content\/uploads\/2022\/03\/Aceite-verde-bio-ecologico.webp","type":"image\/webp"}],"twitter_card":"summary_large_image","twitter_misc":{"Preis":"11,95&euro;","Verf\u00fcgbarkeit":"ausverkauft"},"schema":{"@context":"https:\/\/schema.org","@graph":[{"@type":"WebPage","@id":"https:\/\/picoytallo.com\/de\/producto\/biologisches-bio-gruenoel\/","url":"https:\/\/picoytallo.com\/de\/producto\/biologisches-bio-gruenoel\/","name":"Gr\u00fcnes Valencianisches Bio-Oliven\u00f6l - EVOO - Pico y Tallo","isPartOf":{"@id":"https:\/\/picoytallo.com\/de\/#website"},"primaryImageOfPage":{"@id":"https:\/\/picoytallo.com\/de\/producto\/biologisches-bio-gruenoel\/#primaryimage"},"image":{"@id":"https:\/\/picoytallo.com\/de\/producto\/biologisches-bio-gruenoel\/#primaryimage"},"thumbnailUrl":"https:\/\/picoytallo.com\/wp-content\/uploads\/2022\/03\/Aceite-verde-bio-ecologico.webp","datePublished":"2022-03-22T10:55:18+00:00","dateModified":"2023-03-15T08:05:31+00:00","description":"Kaufen Sie Bio-Oliven\u00f6l aus Valencia. Gr\u00fcnes Bio-Gourmet-\u00d6l. \u00d6kologisches und biologisches EVOO aus der Valencianischen Gemeinschaft.","breadcrumb":{"@id":"https:\/\/picoytallo.com\/de\/producto\/biologisches-bio-gruenoel\/#breadcrumb"},"inLanguage":"de","potentialAction":[{"@type":"ReadAction","target":["https:\/\/picoytallo.com\/de\/producto\/biologisches-bio-gruenoel\/"]}]},{"@type":"ImageObject","inLanguage":"de","@id":"https:\/\/picoytallo.com\/de\/producto\/biologisches-bio-gruenoel\/#primaryimage","url":"https:\/\/picoytallo.com\/wp-content\/uploads\/2022\/03\/Aceite-verde-bio-ecologico.webp","contentUrl":"https:\/\/picoytallo.com\/wp-content\/uploads\/2022\/03\/Aceite-verde-bio-ecologico.webp","width":300,"height":300},{"@type":"BreadcrumbList","@id":"https:\/\/picoytallo.com\/de\/producto\/biologisches-bio-gruenoel\/#breadcrumb","itemListElement":[{"@type":"ListItem","position":1,"name":"Portada","item":"https:\/\/picoytallo.com\/de\/"},{"@type":"ListItem","position":2,"name":"Shop","item":"https:\/\/picoytallo.com\/de\/shop\/"},{"@type":"ListItem","position":3,"name":"Biologisches Bio-Gr\u00fcn\u00f6l"}]},{"@type":"WebSite","@id":"https:\/\/picoytallo.com\/de\/#website","url":"https:\/\/picoytallo.com\/de\/","name":"Pico y Tallo","description":"Productos Gourmet Online","publisher":{"@id":"https:\/\/picoytallo.com\/de\/#organization"},"potentialAction":[{"@type":"SearchAction","target":{"@type":"EntryPoint","urlTemplate":"https:\/\/picoytallo.com\/de\/?s={search_term_string}"},"query-input":{"@type":"PropertyValueSpecification","valueRequired":true,"valueName":"search_term_string"}}],"inLanguage":"de"},{"@type":"Organization","@id":"https:\/\/picoytallo.com\/de\/#organization","name":"Pico y Tallo","url":"https:\/\/picoytallo.com\/de\/","logo":{"@type":"ImageObject","inLanguage":"de","@id":"https:\/\/picoytallo.com\/de\/#\/schema\/logo\/image\/","url":"https:\/\/picoytallo.com\/wp-content\/uploads\/2022\/03\/cropped-Productos-gourmet-picotallo.webp","contentUrl":"https:\/\/picoytallo.com\/wp-content\/uploads\/2022\/03\/cropped-Productos-gourmet-picotallo.webp","width":1194,"height":314,"caption":"Pico y Tallo"},"image":{"@id":"https:\/\/picoytallo.com\/de\/#\/schema\/logo\/image\/"}}]},"product_price_amount":"11.95","product_price_currency":"EUR","og_availability":"out of stock","product_availability":"out of stock","product_condition":"new"},"_links":{"self":[{"href":"https:\/\/picoytallo.com\/de\/wp-json\/wp\/v2\/product\/3507","targetHints":{"allow":["GET"]}}],"collection":[{"href":"https:\/\/picoytallo.com\/de\/wp-json\/wp\/v2\/product"}],"about":[{"href":"https:\/\/picoytallo.com\/de\/wp-json\/wp\/v2\/types\/product"}],"replies":[{"embeddable":true,"href":"https:\/\/picoytallo.com\/de\/wp-json\/wp\/v2\/comments?post=3507"}],"wp:featuredmedia":[{"embeddable":true,"href":"https:\/\/picoytallo.com\/de\/wp-json\/wp\/v2\/media\/2612"}],"wp:attachment":[{"href":"https:\/\/picoytallo.com\/de\/wp-json\/wp\/v2\/media?parent=3507"}],"wp:term":[{"taxonomy":"product_brand","embeddable":true,"href":"https:\/\/picoytallo.com\/de\/wp-json\/wp\/v2\/product_brand?post=3507"},{"taxonomy":"product_cat","embeddable":true,"href":"https:\/\/picoytallo.com\/de\/wp-json\/wp\/v2\/product_cat?post=3507"},{"taxonomy":"product_tag","embeddable":true,"href":"https:\/\/picoytallo.com\/de\/wp-json\/wp\/v2\/product_tag?post=3507"}],"curies":[{"name":"wp","href":"https:\/\/api.w.org\/{rel}","templated":true}]}}