{"id":3511,"date":"2022-03-21T13:02:27","date_gmt":"2022-03-21T11:02:27","guid":{"rendered":"https:\/\/picoytallo.com\/producto\/tausendblumen-handgemachter-honig\/"},"modified":"2023-03-15T10:05:32","modified_gmt":"2023-03-15T08:05:32","slug":"tausendblumen-handgemachter-honig","status":"publish","type":"product","link":"https:\/\/picoytallo.com\/de\/producto\/tausendblumen-handgemachter-honig\/","title":{"rendered":"Tausendblumen handgemachter Honig"},"content":{"rendered":"<h2>Handgemachter Bl\u00fctenhonig<\/h2>\n<p>Wildbl\u00fctenhonig hat eine bernsteinfarbene Farbe, einen s\u00fc\u00dfen Geschmack, einen leicht fruchtig-blumigen Duft, ist cremig und best\u00e4ndig. Er wird von unseren Bienen aus verschiedenen Arten von Wildblumen hergestellt. Dieses fl\u00fcssige Gold ist ideal zum Backen, als Brotaufstrich oder zum S\u00fc\u00dfen von Getr\u00e4nken. Es ist auch wirksam bei der Behandlung von Verdauungsst\u00f6rungen, Halsentz\u00fcndungen und Schlafst\u00f6rungen. Bl\u00fctenhonig hat eine hellgelbe Farbe, einen s\u00fc\u00dfen Geschmack und ein sehr dezentes blumiges Aroma. Aufgrund seines geringen Glukosegehalts kristallisiert er langsam. Es handelt sich also um einen fl\u00fcssigen Honig, der sehr leicht zu verteilen ist.<\/p>\n<h2>Roher Honig<\/h2>\n<p>Wildbl\u00fctenhonig in der 380-g-Packung.<br \/>\nHerkunft: Spanien &#8211; Comunidad Valenciana<br \/>\nThousand Flowers Raw Artisan Honey.<\/p>\n","protected":false},"excerpt":{"rendered":"<p>Thousand Flowers Raw Artisan Honey. 380gr.<\/p>\n","protected":false},"featured_media":10318,"comment_status":"open","ping_status":"closed","template":"","meta":[],"product_brand":[],"product_cat":[328],"product_tag":[393,333,329,331],"class_list":{"0":"post-3511","1":"product","2":"type-product","3":"status-publish","4":"has-post-thumbnail","6":"product_cat-handwerklich-hergestellter-honig","7":"product_tag-blutenhonig","8":"product_tag-gourmet-honig","9":"product_tag-handwerklich-hergestellter-honig","10":"product_tag-handwerklich-hergestellter-honig-de","12":"first","13":"instock","14":"shipping-taxable","15":"purchasable","16":"product-type-simple"},"yoast_head":"<!-- This site is optimized with the Yoast SEO plugin v27.4 - https:\/\/yoast.com\/product\/yoast-seo-wordpress\/ -->\n<title>Roher Bienenhonig Mil Flores - Reiner Honig Valencia kaufen<\/title>\n<meta name=\"description\" content=\"Kaufen Sie reinen Bl\u00fctenhonig von Pico y Tallo. Echter, roher Bienenhonig aus Bl\u00fcten. Valencianischen Honig online kaufen.\" \/>\n<meta name=\"robots\" content=\"index, follow, max-snippet:-1, max-image-preview:large, max-video-preview:-1\" \/>\n<link rel=\"canonical\" href=\"https:\/\/picoytallo.com\/de\/producto\/tausendblumen-handgemachter-honig\/\" \/>\n<meta property=\"og:locale\" content=\"de_DE\" \/>\n<meta property=\"og:type\" content=\"article\" \/>\n<meta property=\"og:title\" content=\"Roher Bienenhonig Mil Flores - Reiner Honig Valencia kaufen\" \/>\n<meta property=\"og:description\" content=\"Kaufen Sie reinen Bl\u00fctenhonig von Pico y Tallo. Echter, roher Bienenhonig aus Bl\u00fcten. Valencianischen Honig online kaufen.\" \/>\n<meta property=\"og:url\" content=\"https:\/\/picoytallo.com\/de\/producto\/tausendblumen-handgemachter-honig\/\" \/>\n<meta property=\"og:site_name\" content=\"Pico y Tallo\" \/>\n<meta property=\"article:modified_time\" content=\"2023-03-15T08:05:32+00:00\" \/>\n<meta property=\"og:image\" content=\"https:\/\/picoytallo.com\/wp-content\/uploads\/2022\/03\/Miel-cruda-de-flores.webp\" \/>\n\t<meta property=\"og:image:width\" content=\"1200\" \/>\n\t<meta property=\"og:image:height\" content=\"1200\" \/>\n\t<meta property=\"og:image:type\" content=\"image\/webp\" \/>\n<meta name=\"twitter:card\" content=\"summary_large_image\" \/>\n<meta name=\"twitter:label1\" content=\"Preis\" \/>\n\t<meta name=\"twitter:data1\" content=\"6,60&euro;\" \/>\n\t<meta name=\"twitter:label2\" content=\"Verf\u00fcgbarkeit\" \/>\n\t<meta name=\"twitter:data2\" content=\"Auf Lager\" \/>\n<script type=\"application\/ld+json\" class=\"yoast-schema-graph\">{\"@context\":\"https:\\\/\\\/schema.org\",\"@graph\":[{\"@type\":\"WebPage\",\"@id\":\"https:\\\/\\\/picoytallo.com\\\/de\\\/producto\\\/tausendblumen-handgemachter-honig\\\/\",\"url\":\"https:\\\/\\\/picoytallo.com\\\/de\\\/producto\\\/tausendblumen-handgemachter-honig\\\/\",\"name\":\"Roher Bienenhonig Mil Flores - Reiner Honig Valencia kaufen\",\"isPartOf\":{\"@id\":\"https:\\\/\\\/picoytallo.com\\\/de\\\/#website\"},\"primaryImageOfPage\":{\"@id\":\"https:\\\/\\\/picoytallo.com\\\/de\\\/producto\\\/tausendblumen-handgemachter-honig\\\/#primaryimage\"},\"image\":{\"@id\":\"https:\\\/\\\/picoytallo.com\\\/de\\\/producto\\\/tausendblumen-handgemachter-honig\\\/#primaryimage\"},\"thumbnailUrl\":\"https:\\\/\\\/picoytallo.com\\\/wp-content\\\/uploads\\\/2026\\\/04\\\/Miel-de-Romero-cruda-pura-y-sin-filtrar.webp\",\"datePublished\":\"2022-03-21T11:02:27+00:00\",\"dateModified\":\"2023-03-15T08:05:32+00:00\",\"description\":\"Kaufen Sie reinen Bl\u00fctenhonig von Pico y Tallo. Echter, roher Bienenhonig aus Bl\u00fcten. Valencianischen Honig online kaufen.\",\"breadcrumb\":{\"@id\":\"https:\\\/\\\/picoytallo.com\\\/de\\\/producto\\\/tausendblumen-handgemachter-honig\\\/#breadcrumb\"},\"inLanguage\":\"de\",\"potentialAction\":[{\"@type\":\"ReadAction\",\"target\":[\"https:\\\/\\\/picoytallo.com\\\/de\\\/producto\\\/tausendblumen-handgemachter-honig\\\/\"]}]},{\"@type\":\"ImageObject\",\"inLanguage\":\"de\",\"@id\":\"https:\\\/\\\/picoytallo.com\\\/de\\\/producto\\\/tausendblumen-handgemachter-honig\\\/#primaryimage\",\"url\":\"https:\\\/\\\/picoytallo.com\\\/wp-content\\\/uploads\\\/2026\\\/04\\\/Miel-de-Romero-cruda-pura-y-sin-filtrar.webp\",\"contentUrl\":\"https:\\\/\\\/picoytallo.com\\\/wp-content\\\/uploads\\\/2026\\\/04\\\/Miel-de-Romero-cruda-pura-y-sin-filtrar.webp\",\"width\":500,\"height\":500},{\"@type\":\"BreadcrumbList\",\"@id\":\"https:\\\/\\\/picoytallo.com\\\/de\\\/producto\\\/tausendblumen-handgemachter-honig\\\/#breadcrumb\",\"itemListElement\":[{\"@type\":\"ListItem\",\"position\":1,\"name\":\"Portada\",\"item\":\"https:\\\/\\\/picoytallo.com\\\/de\\\/home\\\/\"},{\"@type\":\"ListItem\",\"position\":2,\"name\":\"Shop\",\"item\":\"https:\\\/\\\/picoytallo.com\\\/de\\\/shop\\\/\"},{\"@type\":\"ListItem\",\"position\":3,\"name\":\"Tausendblumen handgemachter Honig\"}]},{\"@type\":\"WebSite\",\"@id\":\"https:\\\/\\\/picoytallo.com\\\/de\\\/#website\",\"url\":\"https:\\\/\\\/picoytallo.com\\\/de\\\/\",\"name\":\"Pico y Tallo\",\"description\":\"Productos Gourmet Online\",\"publisher\":{\"@id\":\"https:\\\/\\\/picoytallo.com\\\/de\\\/#organization\"},\"potentialAction\":[{\"@type\":\"SearchAction\",\"target\":{\"@type\":\"EntryPoint\",\"urlTemplate\":\"https:\\\/\\\/picoytallo.com\\\/de\\\/?s={search_term_string}\"},\"query-input\":{\"@type\":\"PropertyValueSpecification\",\"valueRequired\":true,\"valueName\":\"search_term_string\"}}],\"inLanguage\":\"de\"},{\"@type\":\"Organization\",\"@id\":\"https:\\\/\\\/picoytallo.com\\\/de\\\/#organization\",\"name\":\"Pico y Tallo\",\"url\":\"https:\\\/\\\/picoytallo.com\\\/de\\\/\",\"logo\":{\"@type\":\"ImageObject\",\"inLanguage\":\"de\",\"@id\":\"https:\\\/\\\/picoytallo.com\\\/de\\\/#\\\/schema\\\/logo\\\/image\\\/\",\"url\":\"https:\\\/\\\/picoytallo.com\\\/wp-content\\\/uploads\\\/2022\\\/03\\\/cropped-Productos-gourmet-picotallo.webp\",\"contentUrl\":\"https:\\\/\\\/picoytallo.com\\\/wp-content\\\/uploads\\\/2022\\\/03\\\/cropped-Productos-gourmet-picotallo.webp\",\"width\":1194,\"height\":314,\"caption\":\"Pico y Tallo\"},\"image\":{\"@id\":\"https:\\\/\\\/picoytallo.com\\\/de\\\/#\\\/schema\\\/logo\\\/image\\\/\"}}]}<\/script>\n<meta property=\"product:price:amount\" content=\"6.60\" \/>\n<meta property=\"product:price:currency\" content=\"EUR\" \/>\n<meta property=\"og:availability\" content=\"instock\" \/>\n<meta property=\"product:availability\" content=\"instock\" \/>\n<meta property=\"product:condition\" content=\"new\" \/>\n<!-- \/ Yoast SEO plugin. -->","yoast_head_json":{"title":"Roher Bienenhonig Mil Flores - Reiner Honig Valencia kaufen","description":"Kaufen Sie reinen Bl\u00fctenhonig von Pico y Tallo. Echter, roher Bienenhonig aus Bl\u00fcten. Valencianischen Honig online kaufen.","robots":{"index":"index","follow":"follow","max-snippet":"max-snippet:-1","max-image-preview":"max-image-preview:large","max-video-preview":"max-video-preview:-1"},"canonical":"https:\/\/picoytallo.com\/de\/producto\/tausendblumen-handgemachter-honig\/","og_locale":"de_DE","og_type":"article","og_title":"Roher Bienenhonig Mil Flores - Reiner Honig Valencia kaufen","og_description":"Kaufen Sie reinen Bl\u00fctenhonig von Pico y Tallo. Echter, roher Bienenhonig aus Bl\u00fcten. Valencianischen Honig online kaufen.","og_url":"https:\/\/picoytallo.com\/de\/producto\/tausendblumen-handgemachter-honig\/","og_site_name":"Pico y Tallo","article_modified_time":"2023-03-15T08:05:32+00:00","og_image":[{"width":1200,"height":1200,"url":"https:\/\/picoytallo.com\/wp-content\/uploads\/2022\/03\/Miel-cruda-de-flores.webp","type":"image\/webp"}],"twitter_card":"summary_large_image","twitter_misc":{"Preis":"6,60&euro;","Verf\u00fcgbarkeit":"Auf Lager"},"schema":{"@context":"https:\/\/schema.org","@graph":[{"@type":"WebPage","@id":"https:\/\/picoytallo.com\/de\/producto\/tausendblumen-handgemachter-honig\/","url":"https:\/\/picoytallo.com\/de\/producto\/tausendblumen-handgemachter-honig\/","name":"Roher Bienenhonig Mil Flores - Reiner Honig Valencia kaufen","isPartOf":{"@id":"https:\/\/picoytallo.com\/de\/#website"},"primaryImageOfPage":{"@id":"https:\/\/picoytallo.com\/de\/producto\/tausendblumen-handgemachter-honig\/#primaryimage"},"image":{"@id":"https:\/\/picoytallo.com\/de\/producto\/tausendblumen-handgemachter-honig\/#primaryimage"},"thumbnailUrl":"https:\/\/picoytallo.com\/wp-content\/uploads\/2026\/04\/Miel-de-Romero-cruda-pura-y-sin-filtrar.webp","datePublished":"2022-03-21T11:02:27+00:00","dateModified":"2023-03-15T08:05:32+00:00","description":"Kaufen Sie reinen Bl\u00fctenhonig von Pico y Tallo. Echter, roher Bienenhonig aus Bl\u00fcten. Valencianischen Honig online kaufen.","breadcrumb":{"@id":"https:\/\/picoytallo.com\/de\/producto\/tausendblumen-handgemachter-honig\/#breadcrumb"},"inLanguage":"de","potentialAction":[{"@type":"ReadAction","target":["https:\/\/picoytallo.com\/de\/producto\/tausendblumen-handgemachter-honig\/"]}]},{"@type":"ImageObject","inLanguage":"de","@id":"https:\/\/picoytallo.com\/de\/producto\/tausendblumen-handgemachter-honig\/#primaryimage","url":"https:\/\/picoytallo.com\/wp-content\/uploads\/2026\/04\/Miel-de-Romero-cruda-pura-y-sin-filtrar.webp","contentUrl":"https:\/\/picoytallo.com\/wp-content\/uploads\/2026\/04\/Miel-de-Romero-cruda-pura-y-sin-filtrar.webp","width":500,"height":500},{"@type":"BreadcrumbList","@id":"https:\/\/picoytallo.com\/de\/producto\/tausendblumen-handgemachter-honig\/#breadcrumb","itemListElement":[{"@type":"ListItem","position":1,"name":"Portada","item":"https:\/\/picoytallo.com\/de\/home\/"},{"@type":"ListItem","position":2,"name":"Shop","item":"https:\/\/picoytallo.com\/de\/shop\/"},{"@type":"ListItem","position":3,"name":"Tausendblumen handgemachter Honig"}]},{"@type":"WebSite","@id":"https:\/\/picoytallo.com\/de\/#website","url":"https:\/\/picoytallo.com\/de\/","name":"Pico y Tallo","description":"Productos Gourmet Online","publisher":{"@id":"https:\/\/picoytallo.com\/de\/#organization"},"potentialAction":[{"@type":"SearchAction","target":{"@type":"EntryPoint","urlTemplate":"https:\/\/picoytallo.com\/de\/?s={search_term_string}"},"query-input":{"@type":"PropertyValueSpecification","valueRequired":true,"valueName":"search_term_string"}}],"inLanguage":"de"},{"@type":"Organization","@id":"https:\/\/picoytallo.com\/de\/#organization","name":"Pico y Tallo","url":"https:\/\/picoytallo.com\/de\/","logo":{"@type":"ImageObject","inLanguage":"de","@id":"https:\/\/picoytallo.com\/de\/#\/schema\/logo\/image\/","url":"https:\/\/picoytallo.com\/wp-content\/uploads\/2022\/03\/cropped-Productos-gourmet-picotallo.webp","contentUrl":"https:\/\/picoytallo.com\/wp-content\/uploads\/2022\/03\/cropped-Productos-gourmet-picotallo.webp","width":1194,"height":314,"caption":"Pico y Tallo"},"image":{"@id":"https:\/\/picoytallo.com\/de\/#\/schema\/logo\/image\/"}}]},"product_price_amount":"6.60","product_price_currency":"EUR","og_availability":"instock","product_availability":"instock","product_condition":"new"},"_links":{"self":[{"href":"https:\/\/picoytallo.com\/de\/wp-json\/wp\/v2\/product\/3511","targetHints":{"allow":["GET"]}}],"collection":[{"href":"https:\/\/picoytallo.com\/de\/wp-json\/wp\/v2\/product"}],"about":[{"href":"https:\/\/picoytallo.com\/de\/wp-json\/wp\/v2\/types\/product"}],"replies":[{"embeddable":true,"href":"https:\/\/picoytallo.com\/de\/wp-json\/wp\/v2\/comments?post=3511"}],"wp:featuredmedia":[{"embeddable":true,"href":"https:\/\/picoytallo.com\/de\/wp-json\/wp\/v2\/media\/10318"}],"wp:attachment":[{"href":"https:\/\/picoytallo.com\/de\/wp-json\/wp\/v2\/media?parent=3511"}],"wp:term":[{"taxonomy":"product_brand","embeddable":true,"href":"https:\/\/picoytallo.com\/de\/wp-json\/wp\/v2\/product_brand?post=3511"},{"taxonomy":"product_cat","embeddable":true,"href":"https:\/\/picoytallo.com\/de\/wp-json\/wp\/v2\/product_cat?post=3511"},{"taxonomy":"product_tag","embeddable":true,"href":"https:\/\/picoytallo.com\/de\/wp-json\/wp\/v2\/product_tag?post=3511"}],"curies":[{"name":"wp","href":"https:\/\/api.w.org\/{rel}","templated":true}]}}