{"id":3523,"date":"2022-03-21T18:16:38","date_gmt":"2022-03-21T16:16:38","guid":{"rendered":"https:\/\/picoytallo.com\/producto\/olivada-mit-schwarzem-knoblauch\/"},"modified":"2023-03-15T10:05:37","modified_gmt":"2023-03-15T08:05:37","slug":"olivada-mit-schwarzem-knoblauch","status":"publish","type":"product","link":"https:\/\/picoytallo.com\/de\/producto\/olivada-mit-schwarzem-knoblauch\/","title":{"rendered":"Olivada mit schwarzem Knoblauch"},"content":{"rendered":"<h2>Olivada mit schwarzem Knoblauch<\/h2>\n<p>Olivada ist eine Olivenpastete, die sich ideal zum Aufpeppen von Wermut, als Aperitif oder zur Zubereitung k\u00f6stlicher Canap\u00e9s eignet.<\/p>\n<p>Verleihen Sie Ihren Gerichten den Geschmack von Oliven und schwarzem Knoblauch. Ob zum Fr\u00fchst\u00fcck, Mittagessen, Nachmittagssnack oder Abendessen, Oliven\u00f6l ist immer eine k\u00f6stliche Note.<\/p>\n","protected":false},"excerpt":{"rendered":"<p>Gr\u00fcne Olivada mit schwarzem Knoblauch, eine Kombination f\u00fcr Feinschmecker.<\/p>\n","protected":false},"featured_media":2603,"comment_status":"open","ping_status":"closed","template":"","meta":[],"product_brand":[],"product_cat":[342],"product_tag":[351,345,349,413],"class_list":{"0":"post-3523","1":"product","2":"type-product","3":"status-publish","4":"has-post-thumbnail","6":"product_cat-gourmet-oliven","7":"product_tag-bio-olivenhain","8":"product_tag-gourmet-oliven","9":"product_tag-olivada-de","10":"product_tag-olivada-schwarzer-knoblauch","12":"first","13":"outofstock","14":"shipping-taxable","15":"purchasable","16":"product-type-simple"},"yoast_head":"<!-- This site is optimized with the Yoast SEO plugin v26.9 - https:\/\/yoast.com\/product\/yoast-seo-wordpress\/ -->\n<title>Olivada verde con ajo negro - Olivada kaufen - Pico y Tallo<\/title>\n<meta name=\"description\" content=\"Gr\u00fcne Olivada mit schwarzem Knoblauch bei Pico y Tallo kaufen. Gourmet-Oliven\u00f6l vom Land. \u00d6kologische und biologische Produkte.\" \/>\n<meta name=\"robots\" content=\"index, follow, max-snippet:-1, max-image-preview:large, max-video-preview:-1\" \/>\n<link rel=\"canonical\" href=\"https:\/\/picoytallo.com\/de\/producto\/olivada-mit-schwarzem-knoblauch\/\" \/>\n<meta property=\"og:locale\" content=\"de_DE\" \/>\n<meta property=\"og:type\" content=\"article\" \/>\n<meta property=\"og:title\" content=\"Olivada verde con ajo negro - Olivada kaufen - Pico y Tallo\" \/>\n<meta property=\"og:description\" content=\"Gr\u00fcne Olivada mit schwarzem Knoblauch bei Pico y Tallo kaufen. Gourmet-Oliven\u00f6l vom Land. \u00d6kologische und biologische Produkte.\" \/>\n<meta property=\"og:url\" content=\"https:\/\/picoytallo.com\/de\/producto\/olivada-mit-schwarzem-knoblauch\/\" \/>\n<meta property=\"og:site_name\" content=\"Pico y Tallo\" \/>\n<meta property=\"article:modified_time\" content=\"2023-03-15T08:05:37+00:00\" \/>\n<meta property=\"og:image\" content=\"https:\/\/picoytallo.com\/wp-content\/uploads\/2022\/03\/olivada-con-ajo-negro.webp\" \/>\n\t<meta property=\"og:image:width\" content=\"323\" \/>\n\t<meta property=\"og:image:height\" content=\"430\" \/>\n\t<meta property=\"og:image:type\" content=\"image\/webp\" \/>\n<meta name=\"twitter:card\" content=\"summary_large_image\" \/>\n<script type=\"application\/ld+json\" class=\"yoast-schema-graph\">{\"@context\":\"https:\/\/schema.org\",\"@graph\":[{\"@type\":\"WebPage\",\"@id\":\"https:\/\/picoytallo.com\/de\/producto\/olivada-mit-schwarzem-knoblauch\/\",\"url\":\"https:\/\/picoytallo.com\/de\/producto\/olivada-mit-schwarzem-knoblauch\/\",\"name\":\"Olivada verde con ajo negro - Olivada kaufen - Pico y Tallo\",\"isPartOf\":{\"@id\":\"https:\/\/picoytallo.com\/de\/#website\"},\"primaryImageOfPage\":{\"@id\":\"https:\/\/picoytallo.com\/de\/producto\/olivada-mit-schwarzem-knoblauch\/#primaryimage\"},\"image\":{\"@id\":\"https:\/\/picoytallo.com\/de\/producto\/olivada-mit-schwarzem-knoblauch\/#primaryimage\"},\"thumbnailUrl\":\"https:\/\/picoytallo.com\/wp-content\/uploads\/2022\/03\/olivada-con-ajo-negro.webp\",\"datePublished\":\"2022-03-21T16:16:38+00:00\",\"dateModified\":\"2023-03-15T08:05:37+00:00\",\"description\":\"Gr\u00fcne Olivada mit schwarzem Knoblauch bei Pico y Tallo kaufen. Gourmet-Oliven\u00f6l vom Land. \u00d6kologische und biologische Produkte.\",\"breadcrumb\":{\"@id\":\"https:\/\/picoytallo.com\/de\/producto\/olivada-mit-schwarzem-knoblauch\/#breadcrumb\"},\"inLanguage\":\"de\",\"potentialAction\":[{\"@type\":\"ReadAction\",\"target\":[\"https:\/\/picoytallo.com\/de\/producto\/olivada-mit-schwarzem-knoblauch\/\"]}]},{\"@type\":\"ImageObject\",\"inLanguage\":\"de\",\"@id\":\"https:\/\/picoytallo.com\/de\/producto\/olivada-mit-schwarzem-knoblauch\/#primaryimage\",\"url\":\"https:\/\/picoytallo.com\/wp-content\/uploads\/2022\/03\/olivada-con-ajo-negro.webp\",\"contentUrl\":\"https:\/\/picoytallo.com\/wp-content\/uploads\/2022\/03\/olivada-con-ajo-negro.webp\",\"width\":323,\"height\":430},{\"@type\":\"BreadcrumbList\",\"@id\":\"https:\/\/picoytallo.com\/de\/producto\/olivada-mit-schwarzem-knoblauch\/#breadcrumb\",\"itemListElement\":[{\"@type\":\"ListItem\",\"position\":1,\"name\":\"Portada\",\"item\":\"https:\/\/picoytallo.com\/de\/\"},{\"@type\":\"ListItem\",\"position\":2,\"name\":\"Shop\",\"item\":\"https:\/\/picoytallo.com\/de\/shop\/\"},{\"@type\":\"ListItem\",\"position\":3,\"name\":\"Olivada mit schwarzem Knoblauch\"}]},{\"@type\":\"WebSite\",\"@id\":\"https:\/\/picoytallo.com\/de\/#website\",\"url\":\"https:\/\/picoytallo.com\/de\/\",\"name\":\"Pico y Tallo\",\"description\":\"Productos Gourmet Online\",\"publisher\":{\"@id\":\"https:\/\/picoytallo.com\/de\/#organization\"},\"potentialAction\":[{\"@type\":\"SearchAction\",\"target\":{\"@type\":\"EntryPoint\",\"urlTemplate\":\"https:\/\/picoytallo.com\/de\/?s={search_term_string}\"},\"query-input\":{\"@type\":\"PropertyValueSpecification\",\"valueRequired\":true,\"valueName\":\"search_term_string\"}}],\"inLanguage\":\"de\"},{\"@type\":\"Organization\",\"@id\":\"https:\/\/picoytallo.com\/de\/#organization\",\"name\":\"Pico y Tallo\",\"url\":\"https:\/\/picoytallo.com\/de\/\",\"logo\":{\"@type\":\"ImageObject\",\"inLanguage\":\"de\",\"@id\":\"https:\/\/picoytallo.com\/de\/#\/schema\/logo\/image\/\",\"url\":\"https:\/\/picoytallo.com\/wp-content\/uploads\/2022\/03\/cropped-Productos-gourmet-picotallo.webp\",\"contentUrl\":\"https:\/\/picoytallo.com\/wp-content\/uploads\/2022\/03\/cropped-Productos-gourmet-picotallo.webp\",\"width\":1194,\"height\":314,\"caption\":\"Pico y Tallo\"},\"image\":{\"@id\":\"https:\/\/picoytallo.com\/de\/#\/schema\/logo\/image\/\"}}]}<\/script>\n<!-- \/ Yoast SEO plugin. -->","yoast_head_json":{"title":"Olivada verde con ajo negro - Olivada kaufen - Pico y Tallo","description":"Gr\u00fcne Olivada mit schwarzem Knoblauch bei Pico y Tallo kaufen. Gourmet-Oliven\u00f6l vom Land. \u00d6kologische und biologische Produkte.","robots":{"index":"index","follow":"follow","max-snippet":"max-snippet:-1","max-image-preview":"max-image-preview:large","max-video-preview":"max-video-preview:-1"},"canonical":"https:\/\/picoytallo.com\/de\/producto\/olivada-mit-schwarzem-knoblauch\/","og_locale":"de_DE","og_type":"article","og_title":"Olivada verde con ajo negro - Olivada kaufen - Pico y Tallo","og_description":"Gr\u00fcne Olivada mit schwarzem Knoblauch bei Pico y Tallo kaufen. Gourmet-Oliven\u00f6l vom Land. \u00d6kologische und biologische Produkte.","og_url":"https:\/\/picoytallo.com\/de\/producto\/olivada-mit-schwarzem-knoblauch\/","og_site_name":"Pico y Tallo","article_modified_time":"2023-03-15T08:05:37+00:00","og_image":[{"width":323,"height":430,"url":"https:\/\/picoytallo.com\/wp-content\/uploads\/2022\/03\/olivada-con-ajo-negro.webp","type":"image\/webp"}],"twitter_card":"summary_large_image","schema":{"@context":"https:\/\/schema.org","@graph":[{"@type":"WebPage","@id":"https:\/\/picoytallo.com\/de\/producto\/olivada-mit-schwarzem-knoblauch\/","url":"https:\/\/picoytallo.com\/de\/producto\/olivada-mit-schwarzem-knoblauch\/","name":"Olivada verde con ajo negro - Olivada kaufen - Pico y Tallo","isPartOf":{"@id":"https:\/\/picoytallo.com\/de\/#website"},"primaryImageOfPage":{"@id":"https:\/\/picoytallo.com\/de\/producto\/olivada-mit-schwarzem-knoblauch\/#primaryimage"},"image":{"@id":"https:\/\/picoytallo.com\/de\/producto\/olivada-mit-schwarzem-knoblauch\/#primaryimage"},"thumbnailUrl":"https:\/\/picoytallo.com\/wp-content\/uploads\/2022\/03\/olivada-con-ajo-negro.webp","datePublished":"2022-03-21T16:16:38+00:00","dateModified":"2023-03-15T08:05:37+00:00","description":"Gr\u00fcne Olivada mit schwarzem Knoblauch bei Pico y Tallo kaufen. Gourmet-Oliven\u00f6l vom Land. \u00d6kologische und biologische Produkte.","breadcrumb":{"@id":"https:\/\/picoytallo.com\/de\/producto\/olivada-mit-schwarzem-knoblauch\/#breadcrumb"},"inLanguage":"de","potentialAction":[{"@type":"ReadAction","target":["https:\/\/picoytallo.com\/de\/producto\/olivada-mit-schwarzem-knoblauch\/"]}]},{"@type":"ImageObject","inLanguage":"de","@id":"https:\/\/picoytallo.com\/de\/producto\/olivada-mit-schwarzem-knoblauch\/#primaryimage","url":"https:\/\/picoytallo.com\/wp-content\/uploads\/2022\/03\/olivada-con-ajo-negro.webp","contentUrl":"https:\/\/picoytallo.com\/wp-content\/uploads\/2022\/03\/olivada-con-ajo-negro.webp","width":323,"height":430},{"@type":"BreadcrumbList","@id":"https:\/\/picoytallo.com\/de\/producto\/olivada-mit-schwarzem-knoblauch\/#breadcrumb","itemListElement":[{"@type":"ListItem","position":1,"name":"Portada","item":"https:\/\/picoytallo.com\/de\/"},{"@type":"ListItem","position":2,"name":"Shop","item":"https:\/\/picoytallo.com\/de\/shop\/"},{"@type":"ListItem","position":3,"name":"Olivada mit schwarzem Knoblauch"}]},{"@type":"WebSite","@id":"https:\/\/picoytallo.com\/de\/#website","url":"https:\/\/picoytallo.com\/de\/","name":"Pico y Tallo","description":"Productos Gourmet Online","publisher":{"@id":"https:\/\/picoytallo.com\/de\/#organization"},"potentialAction":[{"@type":"SearchAction","target":{"@type":"EntryPoint","urlTemplate":"https:\/\/picoytallo.com\/de\/?s={search_term_string}"},"query-input":{"@type":"PropertyValueSpecification","valueRequired":true,"valueName":"search_term_string"}}],"inLanguage":"de"},{"@type":"Organization","@id":"https:\/\/picoytallo.com\/de\/#organization","name":"Pico y Tallo","url":"https:\/\/picoytallo.com\/de\/","logo":{"@type":"ImageObject","inLanguage":"de","@id":"https:\/\/picoytallo.com\/de\/#\/schema\/logo\/image\/","url":"https:\/\/picoytallo.com\/wp-content\/uploads\/2022\/03\/cropped-Productos-gourmet-picotallo.webp","contentUrl":"https:\/\/picoytallo.com\/wp-content\/uploads\/2022\/03\/cropped-Productos-gourmet-picotallo.webp","width":1194,"height":314,"caption":"Pico y Tallo"},"image":{"@id":"https:\/\/picoytallo.com\/de\/#\/schema\/logo\/image\/"}}]}},"_links":{"self":[{"href":"https:\/\/picoytallo.com\/de\/wp-json\/wp\/v2\/product\/3523","targetHints":{"allow":["GET"]}}],"collection":[{"href":"https:\/\/picoytallo.com\/de\/wp-json\/wp\/v2\/product"}],"about":[{"href":"https:\/\/picoytallo.com\/de\/wp-json\/wp\/v2\/types\/product"}],"replies":[{"embeddable":true,"href":"https:\/\/picoytallo.com\/de\/wp-json\/wp\/v2\/comments?post=3523"}],"wp:featuredmedia":[{"embeddable":true,"href":"https:\/\/picoytallo.com\/de\/wp-json\/wp\/v2\/media\/2603"}],"wp:attachment":[{"href":"https:\/\/picoytallo.com\/de\/wp-json\/wp\/v2\/media?parent=3523"}],"wp:term":[{"taxonomy":"product_brand","embeddable":true,"href":"https:\/\/picoytallo.com\/de\/wp-json\/wp\/v2\/product_brand?post=3523"},{"taxonomy":"product_cat","embeddable":true,"href":"https:\/\/picoytallo.com\/de\/wp-json\/wp\/v2\/product_cat?post=3523"},{"taxonomy":"product_tag","embeddable":true,"href":"https:\/\/picoytallo.com\/de\/wp-json\/wp\/v2\/product_tag?post=3523"}],"curies":[{"name":"wp","href":"https:\/\/api.w.org\/{rel}","templated":true}]}}