{"id":3556,"date":"2022-10-17T12:24:37","date_gmt":"2022-10-17T10:24:37","guid":{"rendered":"https:\/\/picoytallo.com\/producto\/nougat-aus-alicante\/"},"modified":"2025-06-01T17:52:37","modified_gmt":"2025-06-01T15:52:37","slug":"nougat-aus-alicante","status":"publish","type":"product","link":"https:\/\/picoytallo.com\/de\/producto\/nougat-aus-alicante\/","title":{"rendered":"Nougat aus Alicante"},"content":{"rendered":"<h2>Bio-Nougat mit Mandeln<\/h2>\n<p>Nougat aus Alicante, eine typische S\u00fc\u00dfigkeit aus dieser Provinz, mit harter Textur, wei\u00dflicher Farbe durch die Mischung aus Honig und Zucker mit braunen T\u00f6nen durch die Mandeln und einem s\u00fc\u00dfen Geschmack. 200 Gramm.<\/p>\n<p>&nbsp;<\/p>\n<h3>Nougat aus Alicante<\/h3>\n<div class=\"wpb_column vc_column_container vc_col-sm-12 vc_col-lg-4 vc_col-md-4\">\n<div class=\"vc_column-inner thegem-custom-inner-634d26d0e742a \">\n<div class=\"wpb_wrapper\">\n<div class=\"gem-textbox \">\n<div class=\"gem-textbox-inner\">\n<div class=\"gem-textbox-content\">\n<div class=\"wpb_text_column wpb_content_element thegem-vc-text thegem-custom-634d26d0e79aa7323\">\n<div class=\"wpb_wrapper\">\n<div class=\"wpb_column vc_column_container vc_col-sm-12 vc_col-lg-4 vc_col-md-4\">\n<div class=\"vc_column-inner thegem-custom-inner-634d26d7e6196 \">\n<div class=\"wpb_wrapper\">\n<div class=\"gem-textbox \">\n<div class=\"gem-textbox-inner\">\n<div class=\"gem-textbox-content\">\n<div class=\"wpb_text_column wpb_content_element thegem-vc-text thegem-custom-634d26d7e68349050\">\n<div class=\"wpb_wrapper\">\n<p>Zutaten:<strong> Mandeln\u00ba<\/strong> (60 %), Zucker*, Honig\u00ba (17,5 %), Eieralbumin (17,5 %), Zucker*, Honig (17,5 %), Eieralbumin <strong><br \/>\n  <u>Eialbumin\u00ba<\/u><br \/>\n<\/strong> und Waffel\u00ba an der Oberfl\u00e4che (Kartoffelst\u00e4rke\u00ba und Emulgator: Sonnenblumenlecithin)<strong>. <\/strong>Kann Spuren enthalten von: <strong>Erdn\u00fcssen, Sesam, Soja, Milch und N\u00fcssen<\/strong>.<\/p>\n<p>\u00b0 =EU-\u00d6ko-Landbau, * =NICHT EU-\u00d6ko-Landbau.<\/p>\n<p>&nbsp;<\/p>\n<\/div>\n<\/div>\n<\/div>\n<\/div>\n<\/div>\n<\/div>\n<\/div>\n<\/div>\n<div class=\"wpb_column vc_column_container vc_col-sm-12 vc_col-lg-4 vc_col-md-4\">\n<div class=\"vc_column-inner thegem-custom-inner-634d26d7e6c11 \">\n<div class=\"wpb_wrapper\">\n<div class=\"wpb_text_column wpb_content_element thegem-vc-text thegem-custom-634d26d7e6ee12385\">\n<div class=\"wpb_wrapper\">\n<table width=\"322\">\n<tbody>\n<tr>\n<td colspan=\"2\" width=\"317\"><strong>N\u00dcHRUNGSMITTELKENNZEICHNUNG 100 g<\/strong><\/td>\n<td width=\"80\"><strong> <\/strong><\/td>\n<\/tr>\n<tr>\n<td width=\"253\">Energiewert kJ<\/td>\n<td width=\"64\">2380<\/td>\n<td width=\"80\">kJ<\/td>\n<\/tr>\n<tr>\n<td width=\"253\">Energiewert kcal<\/td>\n<td width=\"64\">570<\/td>\n<td width=\"80\">kcal<\/td>\n<\/tr>\n<tr>\n<td width=\"253\">Fette<\/td>\n<td width=\"64\">34<\/td>\n<td width=\"80\">g<\/td>\n<\/tr>\n<tr>\n<td width=\"253\">  davon ges\u00e4ttigt<\/td>\n<td width=\"64\">3,1<\/td>\n<td width=\"80\">g<\/td>\n<\/tr>\n<tr>\n<td width=\"253\">Kohlenhydrate<\/td>\n<td width=\"64\">38<\/td>\n<td width=\"80\">g<\/td>\n<\/tr>\n<tr>\n<td width=\"253\">  davon Zucker<\/td>\n<td width=\"64\">37<\/td>\n<td width=\"80\">g<\/td>\n<\/tr>\n<tr>\n<td width=\"253\">Proteine<\/td>\n<td width=\"64\">15<\/td>\n<td width=\"80\">g<\/td>\n<\/tr>\n<tr>\n<td width=\"253\">Salz<\/td>\n<td width=\"64\">0,01<\/td>\n<td width=\"80\">g<\/td>\n<\/tr>\n<\/tbody>\n<\/table>\n<\/div>\n<\/div>\n<\/div>\n<\/div>\n<\/div>\n<\/div>\n<\/div>\n<\/div>\n<\/div>\n<\/div>\n<\/div>\n<\/div>\n<\/div>\n","protected":false},"excerpt":{"rendered":"<p>Bio-Nougat aus Alicante, hergestellt aus einer Mischung aus Mandeln, Honig und Zucker. 200 Gramm.<\/p>\n","protected":false},"featured_media":4908,"comment_status":"open","ping_status":"closed","template":"","meta":[],"product_brand":[],"product_cat":[439],"product_tag":[474,440,442],"class_list":{"0":"post-3556","1":"product","2":"type-product","3":"status-publish","4":"has-post-thumbnail","6":"product_cat-pralinen-und-nougat","7":"product_tag-bio-nougat","8":"product_tag-nougat","9":"product_tag-nougat-aus-alicante","11":"first","12":"instock","13":"shipping-taxable","14":"purchasable","15":"product-type-simple"},"yoast_head":"<!-- This site is optimized with the Yoast SEO plugin v26.9 - https:\/\/yoast.com\/product\/yoast-seo-wordpress\/ -->\n<title>Bio-Nougat aus Alicante - Handwerklichen Nougat kaufen<\/title>\n<meta name=\"description\" content=\"Kaufen Sie den besten Bio-Nougat aus Alicante. Auf der Basis von Mandeln, Honig und Zucker. Gourmet- und handwerkliche Produkte bei Pico y Tallo.\" \/>\n<meta name=\"robots\" content=\"index, follow, max-snippet:-1, max-image-preview:large, max-video-preview:-1\" \/>\n<link rel=\"canonical\" href=\"https:\/\/picoytallo.com\/de\/producto\/nougat-aus-alicante\/\" \/>\n<meta property=\"og:locale\" content=\"de_DE\" \/>\n<meta property=\"og:type\" content=\"article\" \/>\n<meta property=\"og:title\" content=\"Bio-Nougat aus Alicante - Handwerklichen Nougat kaufen\" \/>\n<meta property=\"og:description\" content=\"Kaufen Sie den besten Bio-Nougat aus Alicante. Auf der Basis von Mandeln, Honig und Zucker. Gourmet- und handwerkliche Produkte bei Pico y Tallo.\" \/>\n<meta property=\"og:url\" content=\"https:\/\/picoytallo.com\/de\/producto\/nougat-aus-alicante\/\" \/>\n<meta property=\"og:site_name\" content=\"Pico y Tallo\" \/>\n<meta property=\"article:modified_time\" content=\"2025-06-01T15:52:37+00:00\" \/>\n<meta property=\"og:image\" content=\"https:\/\/picoytallo.com\/wp-content\/uploads\/2022\/10\/Turron-de-alicante.webp\" \/>\n\t<meta property=\"og:image:width\" content=\"1024\" \/>\n\t<meta property=\"og:image:height\" content=\"768\" \/>\n\t<meta property=\"og:image:type\" content=\"image\/webp\" \/>\n<meta name=\"twitter:card\" content=\"summary_large_image\" \/>\n<meta name=\"twitter:label1\" content=\"Gesch\u00e4tzte Lesezeit\" \/>\n\t<meta name=\"twitter:data1\" content=\"1\u00a0Minute\" \/>\n<script type=\"application\/ld+json\" class=\"yoast-schema-graph\">{\"@context\":\"https:\/\/schema.org\",\"@graph\":[{\"@type\":\"WebPage\",\"@id\":\"https:\/\/picoytallo.com\/de\/producto\/nougat-aus-alicante\/\",\"url\":\"https:\/\/picoytallo.com\/de\/producto\/nougat-aus-alicante\/\",\"name\":\"Bio-Nougat aus Alicante - Handwerklichen Nougat kaufen\",\"isPartOf\":{\"@id\":\"https:\/\/picoytallo.com\/de\/#website\"},\"primaryImageOfPage\":{\"@id\":\"https:\/\/picoytallo.com\/de\/producto\/nougat-aus-alicante\/#primaryimage\"},\"image\":{\"@id\":\"https:\/\/picoytallo.com\/de\/producto\/nougat-aus-alicante\/#primaryimage\"},\"thumbnailUrl\":\"https:\/\/picoytallo.com\/wp-content\/uploads\/2022\/10\/177.png\",\"datePublished\":\"2022-10-17T10:24:37+00:00\",\"dateModified\":\"2025-06-01T15:52:37+00:00\",\"description\":\"Kaufen Sie den besten Bio-Nougat aus Alicante. Auf der Basis von Mandeln, Honig und Zucker. Gourmet- und handwerkliche Produkte bei Pico y Tallo.\",\"breadcrumb\":{\"@id\":\"https:\/\/picoytallo.com\/de\/producto\/nougat-aus-alicante\/#breadcrumb\"},\"inLanguage\":\"de\",\"potentialAction\":[{\"@type\":\"ReadAction\",\"target\":[\"https:\/\/picoytallo.com\/de\/producto\/nougat-aus-alicante\/\"]}]},{\"@type\":\"ImageObject\",\"inLanguage\":\"de\",\"@id\":\"https:\/\/picoytallo.com\/de\/producto\/nougat-aus-alicante\/#primaryimage\",\"url\":\"https:\/\/picoytallo.com\/wp-content\/uploads\/2022\/10\/177.png\",\"contentUrl\":\"https:\/\/picoytallo.com\/wp-content\/uploads\/2022\/10\/177.png\",\"width\":1080,\"height\":1080,\"caption\":\"Turr\u00f3n de Alicante\"},{\"@type\":\"BreadcrumbList\",\"@id\":\"https:\/\/picoytallo.com\/de\/producto\/nougat-aus-alicante\/#breadcrumb\",\"itemListElement\":[{\"@type\":\"ListItem\",\"position\":1,\"name\":\"Portada\",\"item\":\"https:\/\/picoytallo.com\/de\/\"},{\"@type\":\"ListItem\",\"position\":2,\"name\":\"Shop\",\"item\":\"https:\/\/picoytallo.com\/de\/shop\/\"},{\"@type\":\"ListItem\",\"position\":3,\"name\":\"Nougat aus Alicante\"}]},{\"@type\":\"WebSite\",\"@id\":\"https:\/\/picoytallo.com\/de\/#website\",\"url\":\"https:\/\/picoytallo.com\/de\/\",\"name\":\"Pico y Tallo\",\"description\":\"Productos Gourmet Online\",\"publisher\":{\"@id\":\"https:\/\/picoytallo.com\/de\/#organization\"},\"potentialAction\":[{\"@type\":\"SearchAction\",\"target\":{\"@type\":\"EntryPoint\",\"urlTemplate\":\"https:\/\/picoytallo.com\/de\/?s={search_term_string}\"},\"query-input\":{\"@type\":\"PropertyValueSpecification\",\"valueRequired\":true,\"valueName\":\"search_term_string\"}}],\"inLanguage\":\"de\"},{\"@type\":\"Organization\",\"@id\":\"https:\/\/picoytallo.com\/de\/#organization\",\"name\":\"Pico y Tallo\",\"url\":\"https:\/\/picoytallo.com\/de\/\",\"logo\":{\"@type\":\"ImageObject\",\"inLanguage\":\"de\",\"@id\":\"https:\/\/picoytallo.com\/de\/#\/schema\/logo\/image\/\",\"url\":\"https:\/\/picoytallo.com\/wp-content\/uploads\/2022\/03\/cropped-Productos-gourmet-picotallo.webp\",\"contentUrl\":\"https:\/\/picoytallo.com\/wp-content\/uploads\/2022\/03\/cropped-Productos-gourmet-picotallo.webp\",\"width\":1194,\"height\":314,\"caption\":\"Pico y Tallo\"},\"image\":{\"@id\":\"https:\/\/picoytallo.com\/de\/#\/schema\/logo\/image\/\"}}]}<\/script>\n<!-- \/ Yoast SEO plugin. -->","yoast_head_json":{"title":"Bio-Nougat aus Alicante - Handwerklichen Nougat kaufen","description":"Kaufen Sie den besten Bio-Nougat aus Alicante. Auf der Basis von Mandeln, Honig und Zucker. Gourmet- und handwerkliche Produkte bei Pico y Tallo.","robots":{"index":"index","follow":"follow","max-snippet":"max-snippet:-1","max-image-preview":"max-image-preview:large","max-video-preview":"max-video-preview:-1"},"canonical":"https:\/\/picoytallo.com\/de\/producto\/nougat-aus-alicante\/","og_locale":"de_DE","og_type":"article","og_title":"Bio-Nougat aus Alicante - Handwerklichen Nougat kaufen","og_description":"Kaufen Sie den besten Bio-Nougat aus Alicante. Auf der Basis von Mandeln, Honig und Zucker. Gourmet- und handwerkliche Produkte bei Pico y Tallo.","og_url":"https:\/\/picoytallo.com\/de\/producto\/nougat-aus-alicante\/","og_site_name":"Pico y Tallo","article_modified_time":"2025-06-01T15:52:37+00:00","og_image":[{"width":1024,"height":768,"url":"https:\/\/picoytallo.com\/wp-content\/uploads\/2022\/10\/Turron-de-alicante.webp","type":"image\/webp"}],"twitter_card":"summary_large_image","twitter_misc":{"Gesch\u00e4tzte Lesezeit":"1\u00a0Minute"},"schema":{"@context":"https:\/\/schema.org","@graph":[{"@type":"WebPage","@id":"https:\/\/picoytallo.com\/de\/producto\/nougat-aus-alicante\/","url":"https:\/\/picoytallo.com\/de\/producto\/nougat-aus-alicante\/","name":"Bio-Nougat aus Alicante - Handwerklichen Nougat kaufen","isPartOf":{"@id":"https:\/\/picoytallo.com\/de\/#website"},"primaryImageOfPage":{"@id":"https:\/\/picoytallo.com\/de\/producto\/nougat-aus-alicante\/#primaryimage"},"image":{"@id":"https:\/\/picoytallo.com\/de\/producto\/nougat-aus-alicante\/#primaryimage"},"thumbnailUrl":"https:\/\/picoytallo.com\/wp-content\/uploads\/2022\/10\/177.png","datePublished":"2022-10-17T10:24:37+00:00","dateModified":"2025-06-01T15:52:37+00:00","description":"Kaufen Sie den besten Bio-Nougat aus Alicante. Auf der Basis von Mandeln, Honig und Zucker. Gourmet- und handwerkliche Produkte bei Pico y Tallo.","breadcrumb":{"@id":"https:\/\/picoytallo.com\/de\/producto\/nougat-aus-alicante\/#breadcrumb"},"inLanguage":"de","potentialAction":[{"@type":"ReadAction","target":["https:\/\/picoytallo.com\/de\/producto\/nougat-aus-alicante\/"]}]},{"@type":"ImageObject","inLanguage":"de","@id":"https:\/\/picoytallo.com\/de\/producto\/nougat-aus-alicante\/#primaryimage","url":"https:\/\/picoytallo.com\/wp-content\/uploads\/2022\/10\/177.png","contentUrl":"https:\/\/picoytallo.com\/wp-content\/uploads\/2022\/10\/177.png","width":1080,"height":1080,"caption":"Turr\u00f3n de Alicante"},{"@type":"BreadcrumbList","@id":"https:\/\/picoytallo.com\/de\/producto\/nougat-aus-alicante\/#breadcrumb","itemListElement":[{"@type":"ListItem","position":1,"name":"Portada","item":"https:\/\/picoytallo.com\/de\/"},{"@type":"ListItem","position":2,"name":"Shop","item":"https:\/\/picoytallo.com\/de\/shop\/"},{"@type":"ListItem","position":3,"name":"Nougat aus Alicante"}]},{"@type":"WebSite","@id":"https:\/\/picoytallo.com\/de\/#website","url":"https:\/\/picoytallo.com\/de\/","name":"Pico y Tallo","description":"Productos Gourmet Online","publisher":{"@id":"https:\/\/picoytallo.com\/de\/#organization"},"potentialAction":[{"@type":"SearchAction","target":{"@type":"EntryPoint","urlTemplate":"https:\/\/picoytallo.com\/de\/?s={search_term_string}"},"query-input":{"@type":"PropertyValueSpecification","valueRequired":true,"valueName":"search_term_string"}}],"inLanguage":"de"},{"@type":"Organization","@id":"https:\/\/picoytallo.com\/de\/#organization","name":"Pico y Tallo","url":"https:\/\/picoytallo.com\/de\/","logo":{"@type":"ImageObject","inLanguage":"de","@id":"https:\/\/picoytallo.com\/de\/#\/schema\/logo\/image\/","url":"https:\/\/picoytallo.com\/wp-content\/uploads\/2022\/03\/cropped-Productos-gourmet-picotallo.webp","contentUrl":"https:\/\/picoytallo.com\/wp-content\/uploads\/2022\/03\/cropped-Productos-gourmet-picotallo.webp","width":1194,"height":314,"caption":"Pico y Tallo"},"image":{"@id":"https:\/\/picoytallo.com\/de\/#\/schema\/logo\/image\/"}}]}},"_links":{"self":[{"href":"https:\/\/picoytallo.com\/de\/wp-json\/wp\/v2\/product\/3556","targetHints":{"allow":["GET"]}}],"collection":[{"href":"https:\/\/picoytallo.com\/de\/wp-json\/wp\/v2\/product"}],"about":[{"href":"https:\/\/picoytallo.com\/de\/wp-json\/wp\/v2\/types\/product"}],"replies":[{"embeddable":true,"href":"https:\/\/picoytallo.com\/de\/wp-json\/wp\/v2\/comments?post=3556"}],"wp:featuredmedia":[{"embeddable":true,"href":"https:\/\/picoytallo.com\/de\/wp-json\/wp\/v2\/media\/4908"}],"wp:attachment":[{"href":"https:\/\/picoytallo.com\/de\/wp-json\/wp\/v2\/media?parent=3556"}],"wp:term":[{"taxonomy":"product_brand","embeddable":true,"href":"https:\/\/picoytallo.com\/de\/wp-json\/wp\/v2\/product_brand?post=3556"},{"taxonomy":"product_cat","embeddable":true,"href":"https:\/\/picoytallo.com\/de\/wp-json\/wp\/v2\/product_cat?post=3556"},{"taxonomy":"product_tag","embeddable":true,"href":"https:\/\/picoytallo.com\/de\/wp-json\/wp\/v2\/product_tag?post=3556"}],"curies":[{"name":"wp","href":"https:\/\/api.w.org\/{rel}","templated":true}]}}