{"id":3565,"date":"2022-05-31T12:01:54","date_gmt":"2022-05-31T10:01:54","guid":{"rendered":"https:\/\/picoytallo.com\/producto\/gruenes-gourmet-oel-750-ml\/"},"modified":"2025-11-14T11:42:53","modified_gmt":"2025-11-14T09:42:53","slug":"oil-green-gourmet-750-ml","status":"publish","type":"product","link":"https:\/\/picoytallo.com\/de\/producto\/oil-green-gourmet-750-ml\/","title":{"rendered":"Gr\u00fcnes Gourmet-\u00d6l 750 ml"},"content":{"rendered":"<p>Natives Oliven\u00f6l extra aus ausgew\u00e4hlter Produktion und Ernte, um einen explosiven Geschmack und Aroma zu extrahieren.<\/p>\n<p><strong>Qualit\u00e4tspreis beim Berliner GOOA 2022 Wettbewerb.<\/strong><\/p>\n","protected":false},"excerpt":{"rendered":"<p>Gourmet-Oliven\u00f6l. Gold-Auszeichnung.<\/p>\n","protected":false},"featured_media":2696,"comment_status":"open","ping_status":"closed","template":"","meta":[],"product_brand":[],"product_cat":[326],"product_tag":[],"class_list":{"0":"post-3565","1":"product","2":"type-product","3":"status-publish","4":"has-post-thumbnail","6":"product_cat-gourmet-ol","8":"first","9":"instock","10":"shipping-taxable","11":"purchasable","12":"product-type-simple"},"yoast_head":"<!-- This site is optimized with the Yoast SEO plugin v27.4 - https:\/\/yoast.com\/product\/yoast-seo-wordpress\/ -->\n<title>Gourmet Artisan Oliven\u00f6l - Reines gr\u00fcnes Oliven\u00f6l EVOO<\/title>\n<meta name=\"description\" content=\"Eine wahre Geschmacks- und Aromaexplosion dank des gr\u00fcnen \u00d6ls Grenade. Gourmet- und handwerklich hergestelltes \u00d6l. Reines EVOO online kaufen.\" \/>\n<meta name=\"robots\" content=\"index, follow, max-snippet:-1, max-image-preview:large, max-video-preview:-1\" \/>\n<link rel=\"canonical\" href=\"https:\/\/picoytallo.com\/de\/producto\/oil-green-gourmet-750-ml\/\" \/>\n<meta property=\"og:locale\" content=\"de_DE\" \/>\n<meta property=\"og:type\" content=\"article\" \/>\n<meta property=\"og:title\" content=\"Gourmet Artisan Oliven\u00f6l - Reines gr\u00fcnes Oliven\u00f6l EVOO\" \/>\n<meta property=\"og:description\" content=\"Eine wahre Geschmacks- und Aromaexplosion dank des gr\u00fcnen \u00d6ls Grenade. Gourmet- und handwerklich hergestelltes \u00d6l. Reines EVOO online kaufen.\" \/>\n<meta property=\"og:url\" content=\"https:\/\/picoytallo.com\/de\/producto\/oil-green-gourmet-750-ml\/\" \/>\n<meta property=\"og:site_name\" content=\"Pico y Tallo\" \/>\n<meta property=\"article:modified_time\" content=\"2025-11-14T09:42:53+00:00\" \/>\n<meta property=\"og:image\" content=\"https:\/\/picoytallo.com\/wp-content\/uploads\/2022\/05\/AOVE-gourmet.webp\" \/>\n\t<meta property=\"og:image:width\" content=\"711\" \/>\n\t<meta property=\"og:image:height\" content=\"711\" \/>\n\t<meta property=\"og:image:type\" content=\"image\/webp\" \/>\n<meta name=\"twitter:card\" content=\"summary_large_image\" \/>\n<meta name=\"twitter:label1\" content=\"Preis\" \/>\n\t<meta name=\"twitter:data1\" content=\"16,80&euro;\" \/>\n\t<meta name=\"twitter:label2\" content=\"Verf\u00fcgbarkeit\" \/>\n\t<meta name=\"twitter:data2\" content=\"Auf Lager\" \/>\n<script type=\"application\/ld+json\" class=\"yoast-schema-graph\">{\"@context\":\"https:\\\/\\\/schema.org\",\"@graph\":[{\"@type\":\"WebPage\",\"@id\":\"https:\\\/\\\/picoytallo.com\\\/de\\\/producto\\\/oil-green-gourmet-750-ml\\\/\",\"url\":\"https:\\\/\\\/picoytallo.com\\\/de\\\/producto\\\/oil-green-gourmet-750-ml\\\/\",\"name\":\"Gourmet Artisan Oliven\u00f6l - Reines gr\u00fcnes Oliven\u00f6l EVOO\",\"isPartOf\":{\"@id\":\"https:\\\/\\\/picoytallo.com\\\/de\\\/#website\"},\"primaryImageOfPage\":{\"@id\":\"https:\\\/\\\/picoytallo.com\\\/de\\\/producto\\\/oil-green-gourmet-750-ml\\\/#primaryimage\"},\"image\":{\"@id\":\"https:\\\/\\\/picoytallo.com\\\/de\\\/producto\\\/oil-green-gourmet-750-ml\\\/#primaryimage\"},\"thumbnailUrl\":\"https:\\\/\\\/picoytallo.com\\\/wp-content\\\/uploads\\\/2022\\\/05\\\/AOVE-gourmet.webp\",\"datePublished\":\"2022-05-31T10:01:54+00:00\",\"dateModified\":\"2025-11-14T09:42:53+00:00\",\"description\":\"Eine wahre Geschmacks- und Aromaexplosion dank des gr\u00fcnen \u00d6ls Grenade. Gourmet- und handwerklich hergestelltes \u00d6l. Reines EVOO online kaufen.\",\"breadcrumb\":{\"@id\":\"https:\\\/\\\/picoytallo.com\\\/de\\\/producto\\\/oil-green-gourmet-750-ml\\\/#breadcrumb\"},\"inLanguage\":\"de\",\"potentialAction\":[{\"@type\":\"ReadAction\",\"target\":[\"https:\\\/\\\/picoytallo.com\\\/de\\\/producto\\\/oil-green-gourmet-750-ml\\\/\"]}]},{\"@type\":\"ImageObject\",\"inLanguage\":\"de\",\"@id\":\"https:\\\/\\\/picoytallo.com\\\/de\\\/producto\\\/oil-green-gourmet-750-ml\\\/#primaryimage\",\"url\":\"https:\\\/\\\/picoytallo.com\\\/wp-content\\\/uploads\\\/2022\\\/05\\\/AOVE-gourmet.webp\",\"contentUrl\":\"https:\\\/\\\/picoytallo.com\\\/wp-content\\\/uploads\\\/2022\\\/05\\\/AOVE-gourmet.webp\",\"width\":711,\"height\":711,\"caption\":\"Gourmet-\u00d6l\"},{\"@type\":\"BreadcrumbList\",\"@id\":\"https:\\\/\\\/picoytallo.com\\\/de\\\/producto\\\/oil-green-gourmet-750-ml\\\/#breadcrumb\",\"itemListElement\":[{\"@type\":\"ListItem\",\"position\":1,\"name\":\"Portada\",\"item\":\"https:\\\/\\\/picoytallo.com\\\/de\\\/home\\\/\"},{\"@type\":\"ListItem\",\"position\":2,\"name\":\"Shop\",\"item\":\"https:\\\/\\\/picoytallo.com\\\/de\\\/shop\\\/\"},{\"@type\":\"ListItem\",\"position\":3,\"name\":\"Gr\u00fcnes Gourmet-\u00d6l 750 ml\"}]},{\"@type\":\"WebSite\",\"@id\":\"https:\\\/\\\/picoytallo.com\\\/de\\\/#website\",\"url\":\"https:\\\/\\\/picoytallo.com\\\/de\\\/\",\"name\":\"Pico y Tallo\",\"description\":\"Productos Gourmet Online\",\"publisher\":{\"@id\":\"https:\\\/\\\/picoytallo.com\\\/de\\\/#organization\"},\"potentialAction\":[{\"@type\":\"SearchAction\",\"target\":{\"@type\":\"EntryPoint\",\"urlTemplate\":\"https:\\\/\\\/picoytallo.com\\\/de\\\/?s={search_term_string}\"},\"query-input\":{\"@type\":\"PropertyValueSpecification\",\"valueRequired\":true,\"valueName\":\"search_term_string\"}}],\"inLanguage\":\"de\"},{\"@type\":\"Organization\",\"@id\":\"https:\\\/\\\/picoytallo.com\\\/de\\\/#organization\",\"name\":\"Pico y Tallo\",\"url\":\"https:\\\/\\\/picoytallo.com\\\/de\\\/\",\"logo\":{\"@type\":\"ImageObject\",\"inLanguage\":\"de\",\"@id\":\"https:\\\/\\\/picoytallo.com\\\/de\\\/#\\\/schema\\\/logo\\\/image\\\/\",\"url\":\"https:\\\/\\\/picoytallo.com\\\/wp-content\\\/uploads\\\/2022\\\/03\\\/cropped-Productos-gourmet-picotallo.webp\",\"contentUrl\":\"https:\\\/\\\/picoytallo.com\\\/wp-content\\\/uploads\\\/2022\\\/03\\\/cropped-Productos-gourmet-picotallo.webp\",\"width\":1194,\"height\":314,\"caption\":\"Pico y Tallo\"},\"image\":{\"@id\":\"https:\\\/\\\/picoytallo.com\\\/de\\\/#\\\/schema\\\/logo\\\/image\\\/\"}}]}<\/script>\n<meta property=\"product:price:amount\" content=\"16.80\" \/>\n<meta property=\"product:price:currency\" content=\"EUR\" \/>\n<meta property=\"og:availability\" content=\"instock\" \/>\n<meta property=\"product:availability\" content=\"instock\" \/>\n<meta property=\"product:condition\" content=\"new\" \/>\n<!-- \/ Yoast SEO plugin. -->","yoast_head_json":{"title":"Gourmet Artisan Oliven\u00f6l - Reines gr\u00fcnes Oliven\u00f6l EVOO","description":"Eine wahre Geschmacks- und Aromaexplosion dank des gr\u00fcnen \u00d6ls Grenade. Gourmet- und handwerklich hergestelltes \u00d6l. Reines EVOO online kaufen.","robots":{"index":"index","follow":"follow","max-snippet":"max-snippet:-1","max-image-preview":"max-image-preview:large","max-video-preview":"max-video-preview:-1"},"canonical":"https:\/\/picoytallo.com\/de\/producto\/oil-green-gourmet-750-ml\/","og_locale":"de_DE","og_type":"article","og_title":"Gourmet Artisan Oliven\u00f6l - Reines gr\u00fcnes Oliven\u00f6l EVOO","og_description":"Eine wahre Geschmacks- und Aromaexplosion dank des gr\u00fcnen \u00d6ls Grenade. Gourmet- und handwerklich hergestelltes \u00d6l. Reines EVOO online kaufen.","og_url":"https:\/\/picoytallo.com\/de\/producto\/oil-green-gourmet-750-ml\/","og_site_name":"Pico y Tallo","article_modified_time":"2025-11-14T09:42:53+00:00","og_image":[{"width":711,"height":711,"url":"https:\/\/picoytallo.com\/wp-content\/uploads\/2022\/05\/AOVE-gourmet.webp","type":"image\/webp"}],"twitter_card":"summary_large_image","twitter_misc":{"Preis":"16,80&euro;","Verf\u00fcgbarkeit":"Auf Lager"},"schema":{"@context":"https:\/\/schema.org","@graph":[{"@type":"WebPage","@id":"https:\/\/picoytallo.com\/de\/producto\/oil-green-gourmet-750-ml\/","url":"https:\/\/picoytallo.com\/de\/producto\/oil-green-gourmet-750-ml\/","name":"Gourmet Artisan Oliven\u00f6l - Reines gr\u00fcnes Oliven\u00f6l EVOO","isPartOf":{"@id":"https:\/\/picoytallo.com\/de\/#website"},"primaryImageOfPage":{"@id":"https:\/\/picoytallo.com\/de\/producto\/oil-green-gourmet-750-ml\/#primaryimage"},"image":{"@id":"https:\/\/picoytallo.com\/de\/producto\/oil-green-gourmet-750-ml\/#primaryimage"},"thumbnailUrl":"https:\/\/picoytallo.com\/wp-content\/uploads\/2022\/05\/AOVE-gourmet.webp","datePublished":"2022-05-31T10:01:54+00:00","dateModified":"2025-11-14T09:42:53+00:00","description":"Eine wahre Geschmacks- und Aromaexplosion dank des gr\u00fcnen \u00d6ls Grenade. Gourmet- und handwerklich hergestelltes \u00d6l. Reines EVOO online kaufen.","breadcrumb":{"@id":"https:\/\/picoytallo.com\/de\/producto\/oil-green-gourmet-750-ml\/#breadcrumb"},"inLanguage":"de","potentialAction":[{"@type":"ReadAction","target":["https:\/\/picoytallo.com\/de\/producto\/oil-green-gourmet-750-ml\/"]}]},{"@type":"ImageObject","inLanguage":"de","@id":"https:\/\/picoytallo.com\/de\/producto\/oil-green-gourmet-750-ml\/#primaryimage","url":"https:\/\/picoytallo.com\/wp-content\/uploads\/2022\/05\/AOVE-gourmet.webp","contentUrl":"https:\/\/picoytallo.com\/wp-content\/uploads\/2022\/05\/AOVE-gourmet.webp","width":711,"height":711,"caption":"Gourmet-\u00d6l"},{"@type":"BreadcrumbList","@id":"https:\/\/picoytallo.com\/de\/producto\/oil-green-gourmet-750-ml\/#breadcrumb","itemListElement":[{"@type":"ListItem","position":1,"name":"Portada","item":"https:\/\/picoytallo.com\/de\/home\/"},{"@type":"ListItem","position":2,"name":"Shop","item":"https:\/\/picoytallo.com\/de\/shop\/"},{"@type":"ListItem","position":3,"name":"Gr\u00fcnes Gourmet-\u00d6l 750 ml"}]},{"@type":"WebSite","@id":"https:\/\/picoytallo.com\/de\/#website","url":"https:\/\/picoytallo.com\/de\/","name":"Pico y Tallo","description":"Productos Gourmet Online","publisher":{"@id":"https:\/\/picoytallo.com\/de\/#organization"},"potentialAction":[{"@type":"SearchAction","target":{"@type":"EntryPoint","urlTemplate":"https:\/\/picoytallo.com\/de\/?s={search_term_string}"},"query-input":{"@type":"PropertyValueSpecification","valueRequired":true,"valueName":"search_term_string"}}],"inLanguage":"de"},{"@type":"Organization","@id":"https:\/\/picoytallo.com\/de\/#organization","name":"Pico y Tallo","url":"https:\/\/picoytallo.com\/de\/","logo":{"@type":"ImageObject","inLanguage":"de","@id":"https:\/\/picoytallo.com\/de\/#\/schema\/logo\/image\/","url":"https:\/\/picoytallo.com\/wp-content\/uploads\/2022\/03\/cropped-Productos-gourmet-picotallo.webp","contentUrl":"https:\/\/picoytallo.com\/wp-content\/uploads\/2022\/03\/cropped-Productos-gourmet-picotallo.webp","width":1194,"height":314,"caption":"Pico y Tallo"},"image":{"@id":"https:\/\/picoytallo.com\/de\/#\/schema\/logo\/image\/"}}]},"product_price_amount":"16.80","product_price_currency":"EUR","og_availability":"instock","product_availability":"instock","product_condition":"new"},"_links":{"self":[{"href":"https:\/\/picoytallo.com\/de\/wp-json\/wp\/v2\/product\/3565","targetHints":{"allow":["GET"]}}],"collection":[{"href":"https:\/\/picoytallo.com\/de\/wp-json\/wp\/v2\/product"}],"about":[{"href":"https:\/\/picoytallo.com\/de\/wp-json\/wp\/v2\/types\/product"}],"replies":[{"embeddable":true,"href":"https:\/\/picoytallo.com\/de\/wp-json\/wp\/v2\/comments?post=3565"}],"wp:featuredmedia":[{"embeddable":true,"href":"https:\/\/picoytallo.com\/de\/wp-json\/wp\/v2\/media\/2696"}],"wp:attachment":[{"href":"https:\/\/picoytallo.com\/de\/wp-json\/wp\/v2\/media?parent=3565"}],"wp:term":[{"taxonomy":"product_brand","embeddable":true,"href":"https:\/\/picoytallo.com\/de\/wp-json\/wp\/v2\/product_brand?post=3565"},{"taxonomy":"product_cat","embeddable":true,"href":"https:\/\/picoytallo.com\/de\/wp-json\/wp\/v2\/product_cat?post=3565"},{"taxonomy":"product_tag","embeddable":true,"href":"https:\/\/picoytallo.com\/de\/wp-json\/wp\/v2\/product_tag?post=3565"}],"curies":[{"name":"wp","href":"https:\/\/api.w.org\/{rel}","templated":true}]}}