{"id":3570,"date":"2022-10-17T12:40:06","date_gmt":"2022-10-17T10:40:06","guid":{"rendered":"https:\/\/picoytallo.com\/producto\/nougat-aus-jijona\/"},"modified":"2024-11-10T02:44:41","modified_gmt":"2024-11-10T00:44:41","slug":"nougat-aus-jijona","status":"publish","type":"product","link":"https:\/\/picoytallo.com\/de\/producto\/nougat-aus-jijona\/","title":{"rendered":"Nougat aus Jijona"},"content":{"rendered":"<h2>Nougat aus Jijona<\/h2>\n<p>Jijona-Nougat, eine typische S\u00fc\u00dfigkeit aus dieser Provinz, mit weicher Textur, brauner Farbe aufgrund der gemahlenen Mandeln und des Honigs, mit s\u00fc\u00dfem Geschmack. 200 Gramm.<\/p>\n<p>&nbsp;<\/p>\n<h3>Bio-Nougat<\/h3>\n<div class=\"wpb_column vc_column_container vc_col-sm-12 vc_col-lg-4 vc_col-md-4\">\n<div class=\"vc_column-inner thegem-custom-inner-634d26d0e742a \">\n<div class=\"wpb_wrapper\">\n<div class=\"gem-textbox \">\n<div class=\"gem-textbox-inner\">\n<div class=\"gem-textbox-content\">\n<div class=\"wpb_text_column wpb_content_element thegem-vc-text thegem-custom-634d26d0e79aa7323\">\n<div class=\"wpb_wrapper\">\n<div class=\"wpb_column vc_column_container vc_col-sm-12 vc_col-lg-4 vc_col-md-4\">\n<div class=\"vc_column-inner thegem-custom-inner-634d26d7e6196 \">\n<div class=\"wpb_wrapper\">\n<div class=\"gem-textbox \">\n<div class=\"gem-textbox-inner\">\n<div class=\"gem-textbox-content\">\n<div class=\"wpb_text_column wpb_content_element thegem-vc-text thegem-custom-634d26d7e68349050\">\n<div class=\"wpb_wrapper\"><\/div>\n<\/div>\n<\/div>\n<\/div>\n<\/div>\n<\/div>\n<\/div>\n<\/div>\n<div class=\"wpb_column vc_column_container vc_col-sm-12 vc_col-lg-4 vc_col-md-4\">\n<div class=\"vc_column-inner thegem-custom-inner-634d26d7e6c11 \">\n<div class=\"wpb_wrapper\">\n<div class=\"wpb_text_column wpb_content_element thegem-vc-text thegem-custom-634d26d7e6ee12385\">\n<div class=\"wpb_wrapper\">\n<div class=\"wpb_column vc_column_container vc_col-sm-12 vc_col-lg-4 vc_col-md-4\">\n<div class=\"vc_column-inner thegem-custom-inner-634d30667311e \">\n<div class=\"wpb_wrapper\">\n<div class=\"gem-textbox \">\n<div class=\"gem-textbox-inner\">\n<div class=\"gem-textbox-content\">\n<div class=\"wpb_text_column wpb_content_element thegem-vc-text thegem-custom-634d3066738194511\">\n<div class=\"wpb_wrapper\">\n<p>Zutaten:<strong> Mandeln\u00ba<\/strong> (60%), Zucker*, Honig\u00ba (16%), Eieralbumin <strong><br \/>\n  <u>Eialbumin<\/u><br \/>\n<\/strong><strong>. <\/strong>Kann Spuren von: <strong>Erdn\u00fcssen, Sesam, Milch und N\u00fcssen<\/strong> enthalten.<\/p>\n<p>\u00b0 =EU-\u00d6ko-Landbau, * =NICHT EU-\u00d6ko-Landbau.<\/p>\n<\/div>\n<\/div>\n<p>&nbsp;<\/p>\n<\/div>\n<\/div>\n<\/div>\n<\/div>\n<\/div>\n<\/div>\n<div class=\"wpb_column vc_column_container vc_col-sm-12 vc_col-lg-4 vc_col-md-4\">\n<div class=\"vc_column-inner thegem-custom-inner-634d306673c42 \">\n<div class=\"wpb_wrapper\">\n<div class=\"wpb_text_column wpb_content_element thegem-vc-text thegem-custom-634d306673fd76819\">\n<div class=\"wpb_wrapper\">\n<table width=\"322\">\n<tbody>\n<tr>\n<td colspan=\"2\" width=\"317\"><strong>N\u00dcHRUNGSMITTELKENNZEICHNUNG 100 g<\/strong><\/td>\n<td width=\"80\"><strong> <\/strong><\/td>\n<\/tr>\n<tr>\n<td width=\"253\">Energiewert kJ<\/td>\n<td width=\"64\">2390<\/td>\n<td width=\"80\">kJ<\/td>\n<\/tr>\n<tr>\n<td width=\"253\">Energiewert kcal<\/td>\n<td width=\"64\">575<\/td>\n<td width=\"80\">kcal<\/td>\n<\/tr>\n<tr>\n<td width=\"253\">Fette<\/td>\n<td width=\"64\">34<\/td>\n<td width=\"80\">g<\/td>\n<\/tr>\n<tr>\n<td width=\"253\">  davon ges\u00e4ttigt<\/td>\n<td width=\"64\">3<\/td>\n<td width=\"80\">g<\/td>\n<\/tr>\n<tr>\n<td width=\"253\">Kohlenhydrate<\/td>\n<td width=\"64\">36<\/td>\n<td width=\"80\">g<\/td>\n<\/tr>\n<tr>\n<td width=\"253\">  davon Zucker<\/td>\n<td width=\"64\">35<\/td>\n<td width=\"80\">g<\/td>\n<\/tr>\n<tr>\n<td width=\"253\">Proteine<\/td>\n<td width=\"64\">16<\/td>\n<td width=\"80\">g<\/td>\n<\/tr>\n<tr>\n<td width=\"253\">Salz<\/td>\n<td width=\"64\">0,01<\/td>\n<td width=\"80\">g<\/td>\n<\/tr>\n<\/tbody>\n<\/table>\n<\/div>\n<\/div>\n<\/div>\n<\/div>\n<\/div>\n<\/div>\n<\/div>\n<\/div>\n<\/div>\n<\/div>\n<\/div>\n<\/div>\n<\/div>\n<\/div>\n<\/div>\n<\/div>\n<\/div>\n<\/div>\n","protected":false},"excerpt":{"rendered":"<p>Bio-Nougat aus Jijona, mit gemahlenen Mandeln und Honig, mit einer weichen Textur. 200 Gramm<\/p>\n","protected":false},"featured_media":2804,"comment_status":"open","ping_status":"closed","template":"","meta":[],"product_brand":[],"product_cat":[439],"product_tag":[474,440,490],"class_list":{"0":"post-3570","1":"product","2":"type-product","3":"status-publish","4":"has-post-thumbnail","6":"product_cat-pralinen-und-nougat","7":"product_tag-bio-nougat","8":"product_tag-nougat","9":"product_tag-nougat-aus-jijona","11":"first","12":"instock","13":"shipping-taxable","14":"purchasable","15":"product-type-simple"},"yoast_head":"<!-- This site is optimized with the Yoast SEO plugin v26.9 - https:\/\/yoast.com\/product\/yoast-seo-wordpress\/ -->\n<title>Bio Jijona Nougat - Handgemachtes Nougat kaufen<\/title>\n<meta name=\"description\" content=\"Kaufen Sie den besten Bio-Nougat von Jijona, hergestellt aus gemahlenen Mandeln und Honig. Handwerklich hergestellter Nougat der Spitzenklasse bei Pico y Tallo.\" \/>\n<meta name=\"robots\" content=\"index, follow, max-snippet:-1, max-image-preview:large, max-video-preview:-1\" \/>\n<link rel=\"canonical\" href=\"https:\/\/picoytallo.com\/de\/producto\/nougat-aus-jijona\/\" \/>\n<meta property=\"og:locale\" content=\"de_DE\" \/>\n<meta property=\"og:type\" content=\"article\" \/>\n<meta property=\"og:title\" content=\"Bio Jijona Nougat - Handgemachtes Nougat kaufen\" \/>\n<meta property=\"og:description\" content=\"Kaufen Sie den besten Bio-Nougat von Jijona, hergestellt aus gemahlenen Mandeln und Honig. Handwerklich hergestellter Nougat der Spitzenklasse bei Pico y Tallo.\" \/>\n<meta property=\"og:url\" content=\"https:\/\/picoytallo.com\/de\/producto\/nougat-aus-jijona\/\" \/>\n<meta property=\"og:site_name\" content=\"Pico y Tallo\" \/>\n<meta property=\"article:modified_time\" content=\"2024-11-10T00:44:41+00:00\" \/>\n<meta property=\"og:image\" content=\"https:\/\/picoytallo.com\/wp-content\/uploads\/2022\/10\/Turron-de-jijona.webp\" \/>\n\t<meta property=\"og:image:width\" content=\"1024\" \/>\n\t<meta property=\"og:image:height\" content=\"768\" \/>\n\t<meta property=\"og:image:type\" content=\"image\/webp\" \/>\n<meta name=\"twitter:card\" content=\"summary_large_image\" \/>\n<script type=\"application\/ld+json\" class=\"yoast-schema-graph\">{\"@context\":\"https:\/\/schema.org\",\"@graph\":[{\"@type\":\"WebPage\",\"@id\":\"https:\/\/picoytallo.com\/de\/producto\/nougat-aus-jijona\/\",\"url\":\"https:\/\/picoytallo.com\/de\/producto\/nougat-aus-jijona\/\",\"name\":\"Bio Jijona Nougat - Handgemachtes Nougat kaufen\",\"isPartOf\":{\"@id\":\"https:\/\/picoytallo.com\/de\/#website\"},\"primaryImageOfPage\":{\"@id\":\"https:\/\/picoytallo.com\/de\/producto\/nougat-aus-jijona\/#primaryimage\"},\"image\":{\"@id\":\"https:\/\/picoytallo.com\/de\/producto\/nougat-aus-jijona\/#primaryimage\"},\"thumbnailUrl\":\"https:\/\/picoytallo.com\/wp-content\/uploads\/2022\/10\/Turron-de-jijona.webp\",\"datePublished\":\"2022-10-17T10:40:06+00:00\",\"dateModified\":\"2024-11-10T00:44:41+00:00\",\"description\":\"Kaufen Sie den besten Bio-Nougat von Jijona, hergestellt aus gemahlenen Mandeln und Honig. Handwerklich hergestellter Nougat der Spitzenklasse bei Pico y Tallo.\",\"breadcrumb\":{\"@id\":\"https:\/\/picoytallo.com\/de\/producto\/nougat-aus-jijona\/#breadcrumb\"},\"inLanguage\":\"de\",\"potentialAction\":[{\"@type\":\"ReadAction\",\"target\":[\"https:\/\/picoytallo.com\/de\/producto\/nougat-aus-jijona\/\"]}]},{\"@type\":\"ImageObject\",\"inLanguage\":\"de\",\"@id\":\"https:\/\/picoytallo.com\/de\/producto\/nougat-aus-jijona\/#primaryimage\",\"url\":\"https:\/\/picoytallo.com\/wp-content\/uploads\/2022\/10\/Turron-de-jijona.webp\",\"contentUrl\":\"https:\/\/picoytallo.com\/wp-content\/uploads\/2022\/10\/Turron-de-jijona.webp\",\"width\":1024,\"height\":768},{\"@type\":\"BreadcrumbList\",\"@id\":\"https:\/\/picoytallo.com\/de\/producto\/nougat-aus-jijona\/#breadcrumb\",\"itemListElement\":[{\"@type\":\"ListItem\",\"position\":1,\"name\":\"Portada\",\"item\":\"https:\/\/picoytallo.com\/de\/\"},{\"@type\":\"ListItem\",\"position\":2,\"name\":\"Shop\",\"item\":\"https:\/\/picoytallo.com\/de\/shop\/\"},{\"@type\":\"ListItem\",\"position\":3,\"name\":\"Nougat aus Jijona\"}]},{\"@type\":\"WebSite\",\"@id\":\"https:\/\/picoytallo.com\/de\/#website\",\"url\":\"https:\/\/picoytallo.com\/de\/\",\"name\":\"Pico y Tallo\",\"description\":\"Productos Gourmet Online\",\"publisher\":{\"@id\":\"https:\/\/picoytallo.com\/de\/#organization\"},\"potentialAction\":[{\"@type\":\"SearchAction\",\"target\":{\"@type\":\"EntryPoint\",\"urlTemplate\":\"https:\/\/picoytallo.com\/de\/?s={search_term_string}\"},\"query-input\":{\"@type\":\"PropertyValueSpecification\",\"valueRequired\":true,\"valueName\":\"search_term_string\"}}],\"inLanguage\":\"de\"},{\"@type\":\"Organization\",\"@id\":\"https:\/\/picoytallo.com\/de\/#organization\",\"name\":\"Pico y Tallo\",\"url\":\"https:\/\/picoytallo.com\/de\/\",\"logo\":{\"@type\":\"ImageObject\",\"inLanguage\":\"de\",\"@id\":\"https:\/\/picoytallo.com\/de\/#\/schema\/logo\/image\/\",\"url\":\"https:\/\/picoytallo.com\/wp-content\/uploads\/2022\/03\/cropped-Productos-gourmet-picotallo.webp\",\"contentUrl\":\"https:\/\/picoytallo.com\/wp-content\/uploads\/2022\/03\/cropped-Productos-gourmet-picotallo.webp\",\"width\":1194,\"height\":314,\"caption\":\"Pico y Tallo\"},\"image\":{\"@id\":\"https:\/\/picoytallo.com\/de\/#\/schema\/logo\/image\/\"}}]}<\/script>\n<!-- \/ Yoast SEO plugin. -->","yoast_head_json":{"title":"Bio Jijona Nougat - Handgemachtes Nougat kaufen","description":"Kaufen Sie den besten Bio-Nougat von Jijona, hergestellt aus gemahlenen Mandeln und Honig. Handwerklich hergestellter Nougat der Spitzenklasse bei Pico y Tallo.","robots":{"index":"index","follow":"follow","max-snippet":"max-snippet:-1","max-image-preview":"max-image-preview:large","max-video-preview":"max-video-preview:-1"},"canonical":"https:\/\/picoytallo.com\/de\/producto\/nougat-aus-jijona\/","og_locale":"de_DE","og_type":"article","og_title":"Bio Jijona Nougat - Handgemachtes Nougat kaufen","og_description":"Kaufen Sie den besten Bio-Nougat von Jijona, hergestellt aus gemahlenen Mandeln und Honig. Handwerklich hergestellter Nougat der Spitzenklasse bei Pico y Tallo.","og_url":"https:\/\/picoytallo.com\/de\/producto\/nougat-aus-jijona\/","og_site_name":"Pico y Tallo","article_modified_time":"2024-11-10T00:44:41+00:00","og_image":[{"width":1024,"height":768,"url":"https:\/\/picoytallo.com\/wp-content\/uploads\/2022\/10\/Turron-de-jijona.webp","type":"image\/webp"}],"twitter_card":"summary_large_image","schema":{"@context":"https:\/\/schema.org","@graph":[{"@type":"WebPage","@id":"https:\/\/picoytallo.com\/de\/producto\/nougat-aus-jijona\/","url":"https:\/\/picoytallo.com\/de\/producto\/nougat-aus-jijona\/","name":"Bio Jijona Nougat - Handgemachtes Nougat kaufen","isPartOf":{"@id":"https:\/\/picoytallo.com\/de\/#website"},"primaryImageOfPage":{"@id":"https:\/\/picoytallo.com\/de\/producto\/nougat-aus-jijona\/#primaryimage"},"image":{"@id":"https:\/\/picoytallo.com\/de\/producto\/nougat-aus-jijona\/#primaryimage"},"thumbnailUrl":"https:\/\/picoytallo.com\/wp-content\/uploads\/2022\/10\/Turron-de-jijona.webp","datePublished":"2022-10-17T10:40:06+00:00","dateModified":"2024-11-10T00:44:41+00:00","description":"Kaufen Sie den besten Bio-Nougat von Jijona, hergestellt aus gemahlenen Mandeln und Honig. Handwerklich hergestellter Nougat der Spitzenklasse bei Pico y Tallo.","breadcrumb":{"@id":"https:\/\/picoytallo.com\/de\/producto\/nougat-aus-jijona\/#breadcrumb"},"inLanguage":"de","potentialAction":[{"@type":"ReadAction","target":["https:\/\/picoytallo.com\/de\/producto\/nougat-aus-jijona\/"]}]},{"@type":"ImageObject","inLanguage":"de","@id":"https:\/\/picoytallo.com\/de\/producto\/nougat-aus-jijona\/#primaryimage","url":"https:\/\/picoytallo.com\/wp-content\/uploads\/2022\/10\/Turron-de-jijona.webp","contentUrl":"https:\/\/picoytallo.com\/wp-content\/uploads\/2022\/10\/Turron-de-jijona.webp","width":1024,"height":768},{"@type":"BreadcrumbList","@id":"https:\/\/picoytallo.com\/de\/producto\/nougat-aus-jijona\/#breadcrumb","itemListElement":[{"@type":"ListItem","position":1,"name":"Portada","item":"https:\/\/picoytallo.com\/de\/"},{"@type":"ListItem","position":2,"name":"Shop","item":"https:\/\/picoytallo.com\/de\/shop\/"},{"@type":"ListItem","position":3,"name":"Nougat aus Jijona"}]},{"@type":"WebSite","@id":"https:\/\/picoytallo.com\/de\/#website","url":"https:\/\/picoytallo.com\/de\/","name":"Pico y Tallo","description":"Productos Gourmet Online","publisher":{"@id":"https:\/\/picoytallo.com\/de\/#organization"},"potentialAction":[{"@type":"SearchAction","target":{"@type":"EntryPoint","urlTemplate":"https:\/\/picoytallo.com\/de\/?s={search_term_string}"},"query-input":{"@type":"PropertyValueSpecification","valueRequired":true,"valueName":"search_term_string"}}],"inLanguage":"de"},{"@type":"Organization","@id":"https:\/\/picoytallo.com\/de\/#organization","name":"Pico y Tallo","url":"https:\/\/picoytallo.com\/de\/","logo":{"@type":"ImageObject","inLanguage":"de","@id":"https:\/\/picoytallo.com\/de\/#\/schema\/logo\/image\/","url":"https:\/\/picoytallo.com\/wp-content\/uploads\/2022\/03\/cropped-Productos-gourmet-picotallo.webp","contentUrl":"https:\/\/picoytallo.com\/wp-content\/uploads\/2022\/03\/cropped-Productos-gourmet-picotallo.webp","width":1194,"height":314,"caption":"Pico y Tallo"},"image":{"@id":"https:\/\/picoytallo.com\/de\/#\/schema\/logo\/image\/"}}]}},"_links":{"self":[{"href":"https:\/\/picoytallo.com\/de\/wp-json\/wp\/v2\/product\/3570","targetHints":{"allow":["GET"]}}],"collection":[{"href":"https:\/\/picoytallo.com\/de\/wp-json\/wp\/v2\/product"}],"about":[{"href":"https:\/\/picoytallo.com\/de\/wp-json\/wp\/v2\/types\/product"}],"replies":[{"embeddable":true,"href":"https:\/\/picoytallo.com\/de\/wp-json\/wp\/v2\/comments?post=3570"}],"wp:featuredmedia":[{"embeddable":true,"href":"https:\/\/picoytallo.com\/de\/wp-json\/wp\/v2\/media\/2804"}],"wp:attachment":[{"href":"https:\/\/picoytallo.com\/de\/wp-json\/wp\/v2\/media?parent=3570"}],"wp:term":[{"taxonomy":"product_brand","embeddable":true,"href":"https:\/\/picoytallo.com\/de\/wp-json\/wp\/v2\/product_brand?post=3570"},{"taxonomy":"product_cat","embeddable":true,"href":"https:\/\/picoytallo.com\/de\/wp-json\/wp\/v2\/product_cat?post=3570"},{"taxonomy":"product_tag","embeddable":true,"href":"https:\/\/picoytallo.com\/de\/wp-json\/wp\/v2\/product_tag?post=3570"}],"curies":[{"name":"wp","href":"https:\/\/api.w.org\/{rel}","templated":true}]}}