{"id":3597,"date":"2022-11-06T13:44:51","date_gmt":"2022-11-06T11:44:51","guid":{"rendered":"https:\/\/picoytallo.com\/producto\/fuet-mit-trueffel\/"},"modified":"2023-03-15T10:06:38","modified_gmt":"2023-03-15T08:06:38","slug":"fuet-mit-trueffel","status":"publish","type":"product","link":"https:\/\/picoytallo.com\/de\/producto\/fuet-mit-trueffel\/","title":{"rendered":"Fuet mit Tr\u00fcffel"},"content":{"rendered":"<p>Fuet mit ausgew\u00e4hltem Schweinefleisch, das mit Tr\u00fcffel zubereitet wird, um den charakteristischen Geschmack und das Aroma der Tr\u00fcffel zu erhalten.<\/p>\n<p>Ideal zum Aperitif und als Begleiter von Rotwein.<\/p>\n<p>200 gr.<\/p>\n","protected":false},"excerpt":{"rendered":"<p>Fuet mit Tr\u00fcffel ideal f\u00fcr Vorspeisen.<\/p>\n","protected":false},"featured_media":2834,"comment_status":"open","ping_status":"closed","template":"","meta":[],"product_brand":[],"product_cat":[502],"product_tag":[505,511,508],"class_list":{"0":"post-3597","1":"product","2":"type-product","3":"status-publish","4":"has-post-thumbnail","6":"product_cat-iberische-produkte","7":"product_tag-fuet-de","8":"product_tag-iberische-produkte","9":"product_tag-truffel","11":"first","12":"outofstock","13":"shipping-taxable","14":"purchasable","15":"product-type-simple"},"yoast_head":"<!-- This site is optimized with the Yoast SEO plugin v26.9 - https:\/\/yoast.com\/product\/yoast-seo-wordpress\/ -->\n<title>Fuet mit Tr\u00fcffel - Iberische Produkte online - Pico y Tallo<\/title>\n<meta name=\"description\" content=\"Entdecken Sie das Fuet vom Schwein mit Tr\u00fcffel, eine echte Delikatesse. Finden Sie einzigartige iberische Produkte online bei Pico y Tallo.\" \/>\n<meta name=\"robots\" content=\"index, follow, max-snippet:-1, max-image-preview:large, max-video-preview:-1\" \/>\n<link rel=\"canonical\" href=\"https:\/\/picoytallo.com\/de\/producto\/fuet-mit-trueffel\/\" \/>\n<meta property=\"og:locale\" content=\"de_DE\" \/>\n<meta property=\"og:type\" content=\"article\" \/>\n<meta property=\"og:title\" content=\"Fuet mit Tr\u00fcffel - Iberische Produkte online - Pico y Tallo\" \/>\n<meta property=\"og:description\" content=\"Entdecken Sie das Fuet vom Schwein mit Tr\u00fcffel, eine echte Delikatesse. Finden Sie einzigartige iberische Produkte online bei Pico y Tallo.\" \/>\n<meta property=\"og:url\" content=\"https:\/\/picoytallo.com\/de\/producto\/fuet-mit-trueffel\/\" \/>\n<meta property=\"og:site_name\" content=\"Pico y Tallo\" \/>\n<meta property=\"article:modified_time\" content=\"2023-03-15T08:06:38+00:00\" \/>\n<meta property=\"og:image\" content=\"https:\/\/picoytallo.com\/wp-content\/uploads\/2022\/11\/Fuet-con-trufa.webp\" \/>\n\t<meta property=\"og:image:width\" content=\"1200\" \/>\n\t<meta property=\"og:image:height\" content=\"1200\" \/>\n\t<meta property=\"og:image:type\" content=\"image\/webp\" \/>\n<meta name=\"twitter:card\" content=\"summary_large_image\" \/>\n<script type=\"application\/ld+json\" class=\"yoast-schema-graph\">{\"@context\":\"https:\/\/schema.org\",\"@graph\":[{\"@type\":\"WebPage\",\"@id\":\"https:\/\/picoytallo.com\/de\/producto\/fuet-mit-trueffel\/\",\"url\":\"https:\/\/picoytallo.com\/de\/producto\/fuet-mit-trueffel\/\",\"name\":\"Fuet mit Tr\u00fcffel - Iberische Produkte online - Pico y Tallo\",\"isPartOf\":{\"@id\":\"https:\/\/picoytallo.com\/de\/#website\"},\"primaryImageOfPage\":{\"@id\":\"https:\/\/picoytallo.com\/de\/producto\/fuet-mit-trueffel\/#primaryimage\"},\"image\":{\"@id\":\"https:\/\/picoytallo.com\/de\/producto\/fuet-mit-trueffel\/#primaryimage\"},\"thumbnailUrl\":\"https:\/\/picoytallo.com\/wp-content\/uploads\/2022\/11\/Fuet-con-trufa.webp\",\"datePublished\":\"2022-11-06T11:44:51+00:00\",\"dateModified\":\"2023-03-15T08:06:38+00:00\",\"description\":\"Entdecken Sie das Fuet vom Schwein mit Tr\u00fcffel, eine echte Delikatesse. Finden Sie einzigartige iberische Produkte online bei Pico y Tallo.\",\"breadcrumb\":{\"@id\":\"https:\/\/picoytallo.com\/de\/producto\/fuet-mit-trueffel\/#breadcrumb\"},\"inLanguage\":\"de\",\"potentialAction\":[{\"@type\":\"ReadAction\",\"target\":[\"https:\/\/picoytallo.com\/de\/producto\/fuet-mit-trueffel\/\"]}]},{\"@type\":\"ImageObject\",\"inLanguage\":\"de\",\"@id\":\"https:\/\/picoytallo.com\/de\/producto\/fuet-mit-trueffel\/#primaryimage\",\"url\":\"https:\/\/picoytallo.com\/wp-content\/uploads\/2022\/11\/Fuet-con-trufa.webp\",\"contentUrl\":\"https:\/\/picoytallo.com\/wp-content\/uploads\/2022\/11\/Fuet-con-trufa.webp\",\"width\":1200,\"height\":1200},{\"@type\":\"BreadcrumbList\",\"@id\":\"https:\/\/picoytallo.com\/de\/producto\/fuet-mit-trueffel\/#breadcrumb\",\"itemListElement\":[{\"@type\":\"ListItem\",\"position\":1,\"name\":\"Portada\",\"item\":\"https:\/\/picoytallo.com\/de\/\"},{\"@type\":\"ListItem\",\"position\":2,\"name\":\"Shop\",\"item\":\"https:\/\/picoytallo.com\/de\/shop\/\"},{\"@type\":\"ListItem\",\"position\":3,\"name\":\"Fuet mit Tr\u00fcffel\"}]},{\"@type\":\"WebSite\",\"@id\":\"https:\/\/picoytallo.com\/de\/#website\",\"url\":\"https:\/\/picoytallo.com\/de\/\",\"name\":\"Pico y Tallo\",\"description\":\"Productos Gourmet Online\",\"publisher\":{\"@id\":\"https:\/\/picoytallo.com\/de\/#organization\"},\"potentialAction\":[{\"@type\":\"SearchAction\",\"target\":{\"@type\":\"EntryPoint\",\"urlTemplate\":\"https:\/\/picoytallo.com\/de\/?s={search_term_string}\"},\"query-input\":{\"@type\":\"PropertyValueSpecification\",\"valueRequired\":true,\"valueName\":\"search_term_string\"}}],\"inLanguage\":\"de\"},{\"@type\":\"Organization\",\"@id\":\"https:\/\/picoytallo.com\/de\/#organization\",\"name\":\"Pico y Tallo\",\"url\":\"https:\/\/picoytallo.com\/de\/\",\"logo\":{\"@type\":\"ImageObject\",\"inLanguage\":\"de\",\"@id\":\"https:\/\/picoytallo.com\/de\/#\/schema\/logo\/image\/\",\"url\":\"https:\/\/picoytallo.com\/wp-content\/uploads\/2022\/03\/cropped-Productos-gourmet-picotallo.webp\",\"contentUrl\":\"https:\/\/picoytallo.com\/wp-content\/uploads\/2022\/03\/cropped-Productos-gourmet-picotallo.webp\",\"width\":1194,\"height\":314,\"caption\":\"Pico y Tallo\"},\"image\":{\"@id\":\"https:\/\/picoytallo.com\/de\/#\/schema\/logo\/image\/\"}}]}<\/script>\n<!-- \/ Yoast SEO plugin. -->","yoast_head_json":{"title":"Fuet mit Tr\u00fcffel - Iberische Produkte online - Pico y Tallo","description":"Entdecken Sie das Fuet vom Schwein mit Tr\u00fcffel, eine echte Delikatesse. Finden Sie einzigartige iberische Produkte online bei Pico y Tallo.","robots":{"index":"index","follow":"follow","max-snippet":"max-snippet:-1","max-image-preview":"max-image-preview:large","max-video-preview":"max-video-preview:-1"},"canonical":"https:\/\/picoytallo.com\/de\/producto\/fuet-mit-trueffel\/","og_locale":"de_DE","og_type":"article","og_title":"Fuet mit Tr\u00fcffel - Iberische Produkte online - Pico y Tallo","og_description":"Entdecken Sie das Fuet vom Schwein mit Tr\u00fcffel, eine echte Delikatesse. Finden Sie einzigartige iberische Produkte online bei Pico y Tallo.","og_url":"https:\/\/picoytallo.com\/de\/producto\/fuet-mit-trueffel\/","og_site_name":"Pico y Tallo","article_modified_time":"2023-03-15T08:06:38+00:00","og_image":[{"width":1200,"height":1200,"url":"https:\/\/picoytallo.com\/wp-content\/uploads\/2022\/11\/Fuet-con-trufa.webp","type":"image\/webp"}],"twitter_card":"summary_large_image","schema":{"@context":"https:\/\/schema.org","@graph":[{"@type":"WebPage","@id":"https:\/\/picoytallo.com\/de\/producto\/fuet-mit-trueffel\/","url":"https:\/\/picoytallo.com\/de\/producto\/fuet-mit-trueffel\/","name":"Fuet mit Tr\u00fcffel - Iberische Produkte online - Pico y Tallo","isPartOf":{"@id":"https:\/\/picoytallo.com\/de\/#website"},"primaryImageOfPage":{"@id":"https:\/\/picoytallo.com\/de\/producto\/fuet-mit-trueffel\/#primaryimage"},"image":{"@id":"https:\/\/picoytallo.com\/de\/producto\/fuet-mit-trueffel\/#primaryimage"},"thumbnailUrl":"https:\/\/picoytallo.com\/wp-content\/uploads\/2022\/11\/Fuet-con-trufa.webp","datePublished":"2022-11-06T11:44:51+00:00","dateModified":"2023-03-15T08:06:38+00:00","description":"Entdecken Sie das Fuet vom Schwein mit Tr\u00fcffel, eine echte Delikatesse. Finden Sie einzigartige iberische Produkte online bei Pico y Tallo.","breadcrumb":{"@id":"https:\/\/picoytallo.com\/de\/producto\/fuet-mit-trueffel\/#breadcrumb"},"inLanguage":"de","potentialAction":[{"@type":"ReadAction","target":["https:\/\/picoytallo.com\/de\/producto\/fuet-mit-trueffel\/"]}]},{"@type":"ImageObject","inLanguage":"de","@id":"https:\/\/picoytallo.com\/de\/producto\/fuet-mit-trueffel\/#primaryimage","url":"https:\/\/picoytallo.com\/wp-content\/uploads\/2022\/11\/Fuet-con-trufa.webp","contentUrl":"https:\/\/picoytallo.com\/wp-content\/uploads\/2022\/11\/Fuet-con-trufa.webp","width":1200,"height":1200},{"@type":"BreadcrumbList","@id":"https:\/\/picoytallo.com\/de\/producto\/fuet-mit-trueffel\/#breadcrumb","itemListElement":[{"@type":"ListItem","position":1,"name":"Portada","item":"https:\/\/picoytallo.com\/de\/"},{"@type":"ListItem","position":2,"name":"Shop","item":"https:\/\/picoytallo.com\/de\/shop\/"},{"@type":"ListItem","position":3,"name":"Fuet mit Tr\u00fcffel"}]},{"@type":"WebSite","@id":"https:\/\/picoytallo.com\/de\/#website","url":"https:\/\/picoytallo.com\/de\/","name":"Pico y Tallo","description":"Productos Gourmet Online","publisher":{"@id":"https:\/\/picoytallo.com\/de\/#organization"},"potentialAction":[{"@type":"SearchAction","target":{"@type":"EntryPoint","urlTemplate":"https:\/\/picoytallo.com\/de\/?s={search_term_string}"},"query-input":{"@type":"PropertyValueSpecification","valueRequired":true,"valueName":"search_term_string"}}],"inLanguage":"de"},{"@type":"Organization","@id":"https:\/\/picoytallo.com\/de\/#organization","name":"Pico y Tallo","url":"https:\/\/picoytallo.com\/de\/","logo":{"@type":"ImageObject","inLanguage":"de","@id":"https:\/\/picoytallo.com\/de\/#\/schema\/logo\/image\/","url":"https:\/\/picoytallo.com\/wp-content\/uploads\/2022\/03\/cropped-Productos-gourmet-picotallo.webp","contentUrl":"https:\/\/picoytallo.com\/wp-content\/uploads\/2022\/03\/cropped-Productos-gourmet-picotallo.webp","width":1194,"height":314,"caption":"Pico y Tallo"},"image":{"@id":"https:\/\/picoytallo.com\/de\/#\/schema\/logo\/image\/"}}]}},"_links":{"self":[{"href":"https:\/\/picoytallo.com\/de\/wp-json\/wp\/v2\/product\/3597","targetHints":{"allow":["GET"]}}],"collection":[{"href":"https:\/\/picoytallo.com\/de\/wp-json\/wp\/v2\/product"}],"about":[{"href":"https:\/\/picoytallo.com\/de\/wp-json\/wp\/v2\/types\/product"}],"replies":[{"embeddable":true,"href":"https:\/\/picoytallo.com\/de\/wp-json\/wp\/v2\/comments?post=3597"}],"wp:featuredmedia":[{"embeddable":true,"href":"https:\/\/picoytallo.com\/de\/wp-json\/wp\/v2\/media\/2834"}],"wp:attachment":[{"href":"https:\/\/picoytallo.com\/de\/wp-json\/wp\/v2\/media?parent=3597"}],"wp:term":[{"taxonomy":"product_brand","embeddable":true,"href":"https:\/\/picoytallo.com\/de\/wp-json\/wp\/v2\/product_brand?post=3597"},{"taxonomy":"product_cat","embeddable":true,"href":"https:\/\/picoytallo.com\/de\/wp-json\/wp\/v2\/product_cat?post=3597"},{"taxonomy":"product_tag","embeddable":true,"href":"https:\/\/picoytallo.com\/de\/wp-json\/wp\/v2\/product_tag?post=3597"}],"curies":[{"name":"wp","href":"https:\/\/api.w.org\/{rel}","templated":true}]}}