{"id":3602,"date":"2022-12-21T09:50:45","date_gmt":"2022-12-21T07:50:45","guid":{"rendered":"https:\/\/picoytallo.com\/producto\/mandarinen-vinaigrette\/"},"modified":"2025-11-14T11:41:34","modified_gmt":"2025-11-14T09:41:34","slug":"mandarinen-vinaigrette","status":"publish","type":"product","link":"https:\/\/picoytallo.com\/de\/producto\/mandarinen-vinaigrette\/","title":{"rendered":"Mandarinen-Dressing"},"content":{"rendered":"<h2>Gourmet-Dressing<\/h2>\n<p>Geeignet zum Anrichten von Salaten, Fleisch, Fisch und Gem\u00fcse. Sowie f\u00fcr die Herstellung von So\u00dfen.<\/p>\n<p>Glasbeh\u00e4lter.<\/p>\n<p>250 ml \/ 8,45 Unzen<\/p>\n<p>Zutaten:<\/p>\n<p>Essig (enth\u00e4lt Sulfite), Zucker und Mandarinen.<\/p>\n","protected":false},"excerpt":{"rendered":"<p>Gourmet-Dressing mit Mandarinen und Essig.<\/p>\n<p>Ideal f\u00fcr eine Zitrusnote.<\/p>\n<p>250 ml \/ 8.45 oz.<\/p>\n","protected":false},"featured_media":2978,"comment_status":"open","ping_status":"closed","template":"","meta":[],"product_brand":[],"product_cat":[504],"product_tag":[506,518,517],"class_list":{"0":"post-3602","1":"product","2":"type-product","3":"status-publish","4":"has-post-thumbnail","6":"product_cat-dressings-und-saucen","7":"product_tag-abrichten","8":"product_tag-mandarinen","9":"product_tag-vinaigrette-de","11":"first","12":"instock","13":"shipping-taxable","14":"purchasable","15":"product-type-simple"},"yoast_head":"<!-- This site is optimized with the Yoast SEO plugin v26.9 - https:\/\/yoast.com\/product\/yoast-seo-wordpress\/ -->\n<title>Mandarin Dressing - Hausgemachte und Gourmet-Dressings kaufen<\/title>\n<meta name=\"description\" content=\"Entdecken Sie die besten Mandarinendressings und Gourmet-Vinaigrettes, die sich ideal f\u00fcr Salatdressings, Fleisch, Fisch, Pasta und mehr eignen.\" \/>\n<meta name=\"robots\" content=\"index, follow, max-snippet:-1, max-image-preview:large, max-video-preview:-1\" \/>\n<link rel=\"canonical\" href=\"https:\/\/picoytallo.com\/de\/producto\/mandarinen-vinaigrette\/\" \/>\n<meta property=\"og:locale\" content=\"de_DE\" \/>\n<meta property=\"og:type\" content=\"article\" \/>\n<meta property=\"og:title\" content=\"Mandarin Dressing - Hausgemachte und Gourmet-Dressings kaufen\" \/>\n<meta property=\"og:description\" content=\"Entdecken Sie die besten Mandarinendressings und Gourmet-Vinaigrettes, die sich ideal f\u00fcr Salatdressings, Fleisch, Fisch, Pasta und mehr eignen.\" \/>\n<meta property=\"og:url\" content=\"https:\/\/picoytallo.com\/de\/producto\/mandarinen-vinaigrette\/\" \/>\n<meta property=\"og:site_name\" content=\"Pico y Tallo\" \/>\n<meta property=\"article:modified_time\" content=\"2025-11-14T09:41:34+00:00\" \/>\n<meta property=\"og:image\" content=\"https:\/\/picoytallo.com\/wp-content\/uploads\/2022\/12\/Alino-mandarina.webp\" \/>\n\t<meta property=\"og:image:width\" content=\"1000\" \/>\n\t<meta property=\"og:image:height\" content=\"1000\" \/>\n\t<meta property=\"og:image:type\" content=\"image\/webp\" \/>\n<meta name=\"twitter:card\" content=\"summary_large_image\" \/>\n<script type=\"application\/ld+json\" class=\"yoast-schema-graph\">{\"@context\":\"https:\/\/schema.org\",\"@graph\":[{\"@type\":\"WebPage\",\"@id\":\"https:\/\/picoytallo.com\/de\/producto\/mandarinen-vinaigrette\/\",\"url\":\"https:\/\/picoytallo.com\/de\/producto\/mandarinen-vinaigrette\/\",\"name\":\"Mandarin Dressing - Hausgemachte und Gourmet-Dressings kaufen\",\"isPartOf\":{\"@id\":\"https:\/\/picoytallo.com\/de\/#website\"},\"primaryImageOfPage\":{\"@id\":\"https:\/\/picoytallo.com\/de\/producto\/mandarinen-vinaigrette\/#primaryimage\"},\"image\":{\"@id\":\"https:\/\/picoytallo.com\/de\/producto\/mandarinen-vinaigrette\/#primaryimage\"},\"thumbnailUrl\":\"https:\/\/picoytallo.com\/wp-content\/uploads\/2022\/12\/Alino-mandarina.webp\",\"datePublished\":\"2022-12-21T07:50:45+00:00\",\"dateModified\":\"2025-11-14T09:41:34+00:00\",\"description\":\"Entdecken Sie die besten Mandarinendressings und Gourmet-Vinaigrettes, die sich ideal f\u00fcr Salatdressings, Fleisch, Fisch, Pasta und mehr eignen.\",\"breadcrumb\":{\"@id\":\"https:\/\/picoytallo.com\/de\/producto\/mandarinen-vinaigrette\/#breadcrumb\"},\"inLanguage\":\"de\",\"potentialAction\":[{\"@type\":\"ReadAction\",\"target\":[\"https:\/\/picoytallo.com\/de\/producto\/mandarinen-vinaigrette\/\"]}]},{\"@type\":\"ImageObject\",\"inLanguage\":\"de\",\"@id\":\"https:\/\/picoytallo.com\/de\/producto\/mandarinen-vinaigrette\/#primaryimage\",\"url\":\"https:\/\/picoytallo.com\/wp-content\/uploads\/2022\/12\/Alino-mandarina.webp\",\"contentUrl\":\"https:\/\/picoytallo.com\/wp-content\/uploads\/2022\/12\/Alino-mandarina.webp\",\"width\":1000,\"height\":1000,\"caption\":\"Mandarinen-Dressing\"},{\"@type\":\"BreadcrumbList\",\"@id\":\"https:\/\/picoytallo.com\/de\/producto\/mandarinen-vinaigrette\/#breadcrumb\",\"itemListElement\":[{\"@type\":\"ListItem\",\"position\":1,\"name\":\"Portada\",\"item\":\"https:\/\/picoytallo.com\/de\/\"},{\"@type\":\"ListItem\",\"position\":2,\"name\":\"Shop\",\"item\":\"https:\/\/picoytallo.com\/de\/shop\/\"},{\"@type\":\"ListItem\",\"position\":3,\"name\":\"Mandarinen-Dressing\"}]},{\"@type\":\"WebSite\",\"@id\":\"https:\/\/picoytallo.com\/de\/#website\",\"url\":\"https:\/\/picoytallo.com\/de\/\",\"name\":\"Pico y Tallo\",\"description\":\"Productos Gourmet Online\",\"publisher\":{\"@id\":\"https:\/\/picoytallo.com\/de\/#organization\"},\"potentialAction\":[{\"@type\":\"SearchAction\",\"target\":{\"@type\":\"EntryPoint\",\"urlTemplate\":\"https:\/\/picoytallo.com\/de\/?s={search_term_string}\"},\"query-input\":{\"@type\":\"PropertyValueSpecification\",\"valueRequired\":true,\"valueName\":\"search_term_string\"}}],\"inLanguage\":\"de\"},{\"@type\":\"Organization\",\"@id\":\"https:\/\/picoytallo.com\/de\/#organization\",\"name\":\"Pico y Tallo\",\"url\":\"https:\/\/picoytallo.com\/de\/\",\"logo\":{\"@type\":\"ImageObject\",\"inLanguage\":\"de\",\"@id\":\"https:\/\/picoytallo.com\/de\/#\/schema\/logo\/image\/\",\"url\":\"https:\/\/picoytallo.com\/wp-content\/uploads\/2022\/03\/cropped-Productos-gourmet-picotallo.webp\",\"contentUrl\":\"https:\/\/picoytallo.com\/wp-content\/uploads\/2022\/03\/cropped-Productos-gourmet-picotallo.webp\",\"width\":1194,\"height\":314,\"caption\":\"Pico y Tallo\"},\"image\":{\"@id\":\"https:\/\/picoytallo.com\/de\/#\/schema\/logo\/image\/\"}}]}<\/script>\n<!-- \/ Yoast SEO plugin. -->","yoast_head_json":{"title":"Mandarin Dressing - Hausgemachte und Gourmet-Dressings kaufen","description":"Entdecken Sie die besten Mandarinendressings und Gourmet-Vinaigrettes, die sich ideal f\u00fcr Salatdressings, Fleisch, Fisch, Pasta und mehr eignen.","robots":{"index":"index","follow":"follow","max-snippet":"max-snippet:-1","max-image-preview":"max-image-preview:large","max-video-preview":"max-video-preview:-1"},"canonical":"https:\/\/picoytallo.com\/de\/producto\/mandarinen-vinaigrette\/","og_locale":"de_DE","og_type":"article","og_title":"Mandarin Dressing - Hausgemachte und Gourmet-Dressings kaufen","og_description":"Entdecken Sie die besten Mandarinendressings und Gourmet-Vinaigrettes, die sich ideal f\u00fcr Salatdressings, Fleisch, Fisch, Pasta und mehr eignen.","og_url":"https:\/\/picoytallo.com\/de\/producto\/mandarinen-vinaigrette\/","og_site_name":"Pico y Tallo","article_modified_time":"2025-11-14T09:41:34+00:00","og_image":[{"width":1000,"height":1000,"url":"https:\/\/picoytallo.com\/wp-content\/uploads\/2022\/12\/Alino-mandarina.webp","type":"image\/webp"}],"twitter_card":"summary_large_image","schema":{"@context":"https:\/\/schema.org","@graph":[{"@type":"WebPage","@id":"https:\/\/picoytallo.com\/de\/producto\/mandarinen-vinaigrette\/","url":"https:\/\/picoytallo.com\/de\/producto\/mandarinen-vinaigrette\/","name":"Mandarin Dressing - Hausgemachte und Gourmet-Dressings kaufen","isPartOf":{"@id":"https:\/\/picoytallo.com\/de\/#website"},"primaryImageOfPage":{"@id":"https:\/\/picoytallo.com\/de\/producto\/mandarinen-vinaigrette\/#primaryimage"},"image":{"@id":"https:\/\/picoytallo.com\/de\/producto\/mandarinen-vinaigrette\/#primaryimage"},"thumbnailUrl":"https:\/\/picoytallo.com\/wp-content\/uploads\/2022\/12\/Alino-mandarina.webp","datePublished":"2022-12-21T07:50:45+00:00","dateModified":"2025-11-14T09:41:34+00:00","description":"Entdecken Sie die besten Mandarinendressings und Gourmet-Vinaigrettes, die sich ideal f\u00fcr Salatdressings, Fleisch, Fisch, Pasta und mehr eignen.","breadcrumb":{"@id":"https:\/\/picoytallo.com\/de\/producto\/mandarinen-vinaigrette\/#breadcrumb"},"inLanguage":"de","potentialAction":[{"@type":"ReadAction","target":["https:\/\/picoytallo.com\/de\/producto\/mandarinen-vinaigrette\/"]}]},{"@type":"ImageObject","inLanguage":"de","@id":"https:\/\/picoytallo.com\/de\/producto\/mandarinen-vinaigrette\/#primaryimage","url":"https:\/\/picoytallo.com\/wp-content\/uploads\/2022\/12\/Alino-mandarina.webp","contentUrl":"https:\/\/picoytallo.com\/wp-content\/uploads\/2022\/12\/Alino-mandarina.webp","width":1000,"height":1000,"caption":"Mandarinen-Dressing"},{"@type":"BreadcrumbList","@id":"https:\/\/picoytallo.com\/de\/producto\/mandarinen-vinaigrette\/#breadcrumb","itemListElement":[{"@type":"ListItem","position":1,"name":"Portada","item":"https:\/\/picoytallo.com\/de\/"},{"@type":"ListItem","position":2,"name":"Shop","item":"https:\/\/picoytallo.com\/de\/shop\/"},{"@type":"ListItem","position":3,"name":"Mandarinen-Dressing"}]},{"@type":"WebSite","@id":"https:\/\/picoytallo.com\/de\/#website","url":"https:\/\/picoytallo.com\/de\/","name":"Pico y Tallo","description":"Productos Gourmet Online","publisher":{"@id":"https:\/\/picoytallo.com\/de\/#organization"},"potentialAction":[{"@type":"SearchAction","target":{"@type":"EntryPoint","urlTemplate":"https:\/\/picoytallo.com\/de\/?s={search_term_string}"},"query-input":{"@type":"PropertyValueSpecification","valueRequired":true,"valueName":"search_term_string"}}],"inLanguage":"de"},{"@type":"Organization","@id":"https:\/\/picoytallo.com\/de\/#organization","name":"Pico y Tallo","url":"https:\/\/picoytallo.com\/de\/","logo":{"@type":"ImageObject","inLanguage":"de","@id":"https:\/\/picoytallo.com\/de\/#\/schema\/logo\/image\/","url":"https:\/\/picoytallo.com\/wp-content\/uploads\/2022\/03\/cropped-Productos-gourmet-picotallo.webp","contentUrl":"https:\/\/picoytallo.com\/wp-content\/uploads\/2022\/03\/cropped-Productos-gourmet-picotallo.webp","width":1194,"height":314,"caption":"Pico y Tallo"},"image":{"@id":"https:\/\/picoytallo.com\/de\/#\/schema\/logo\/image\/"}}]}},"_links":{"self":[{"href":"https:\/\/picoytallo.com\/de\/wp-json\/wp\/v2\/product\/3602","targetHints":{"allow":["GET"]}}],"collection":[{"href":"https:\/\/picoytallo.com\/de\/wp-json\/wp\/v2\/product"}],"about":[{"href":"https:\/\/picoytallo.com\/de\/wp-json\/wp\/v2\/types\/product"}],"replies":[{"embeddable":true,"href":"https:\/\/picoytallo.com\/de\/wp-json\/wp\/v2\/comments?post=3602"}],"wp:featuredmedia":[{"embeddable":true,"href":"https:\/\/picoytallo.com\/de\/wp-json\/wp\/v2\/media\/2978"}],"wp:attachment":[{"href":"https:\/\/picoytallo.com\/de\/wp-json\/wp\/v2\/media?parent=3602"}],"wp:term":[{"taxonomy":"product_brand","embeddable":true,"href":"https:\/\/picoytallo.com\/de\/wp-json\/wp\/v2\/product_brand?post=3602"},{"taxonomy":"product_cat","embeddable":true,"href":"https:\/\/picoytallo.com\/de\/wp-json\/wp\/v2\/product_cat?post=3602"},{"taxonomy":"product_tag","embeddable":true,"href":"https:\/\/picoytallo.com\/de\/wp-json\/wp\/v2\/product_tag?post=3602"}],"curies":[{"name":"wp","href":"https:\/\/api.w.org\/{rel}","templated":true}]}}