{"id":3604,"date":"2022-12-15T18:12:19","date_gmt":"2022-12-15T16:12:19","guid":{"rendered":"https:\/\/picoytallo.com\/producto\/roher-honig-mit-walnuessen\/"},"modified":"2023-03-15T10:06:41","modified_gmt":"2023-03-15T08:06:41","slug":"roher-honig-mit-walnuessen","status":"publish","type":"product","link":"https:\/\/picoytallo.com\/de\/producto\/roher-honig-mit-walnuessen\/","title":{"rendered":"Roher Honig mit Waln\u00fcssen"},"content":{"rendered":"<h2>Reiner Honig<\/h2>\n<p>Wildbl\u00fctenhonig mit Waln\u00fcssen in einer 200-g-Packung.<br \/>\nZutaten: 60% Honig + 40% Waln\u00fcsse.<br \/>\nIdeal f\u00fcr Salate, Desserts mit Milchprodukten, Eiscreme und K\u00e4se.<br \/>\nHerkunft: Spanien &#8211; Comunidad Valenciana<\/p>\n","protected":false},"excerpt":{"rendered":"<p>Wildbl\u00fctenhonig mit Waln\u00fcssen in einer 200-g-Packung.<\/p>\n","protected":false},"featured_media":10314,"comment_status":"open","ping_status":"closed","template":"","meta":[],"product_brand":[],"product_cat":[328],"product_tag":[393,333,331,329],"class_list":{"0":"post-3604","1":"product","2":"type-product","3":"status-publish","4":"has-post-thumbnail","6":"product_cat-handwerklich-hergestellter-honig","7":"product_tag-blutenhonig","8":"product_tag-gourmet-honig","9":"product_tag-handwerklich-hergestellter-honig-de","10":"product_tag-handwerklich-hergestellter-honig","12":"first","13":"instock","14":"shipping-taxable","15":"purchasable","16":"product-type-simple"},"yoast_head":"<!-- This site is optimized with the Yoast SEO plugin v26.9 - https:\/\/yoast.com\/product\/yoast-seo-wordpress\/ -->\n<title>Roher Bienenhonig mit Waln\u00fcssen - Reinen handgemachten Honig kaufen<\/title>\n<meta name=\"description\" content=\"Kaufen Sie reinen Bl\u00fctenhonig mit N\u00fcssen bei Pico y Tallo. Authentischer, roher Bienenhonig aus Bl\u00fcten und N\u00fcssen. Kaufen Sie handwerklich hergestellten Honig.\" \/>\n<meta name=\"robots\" content=\"index, follow, max-snippet:-1, max-image-preview:large, max-video-preview:-1\" \/>\n<link rel=\"canonical\" href=\"https:\/\/picoytallo.com\/de\/producto\/roher-honig-mit-walnuessen\/\" \/>\n<meta property=\"og:locale\" content=\"de_DE\" \/>\n<meta property=\"og:type\" content=\"article\" \/>\n<meta property=\"og:title\" content=\"Roher Bienenhonig mit Waln\u00fcssen - Reinen handgemachten Honig kaufen\" \/>\n<meta property=\"og:description\" content=\"Kaufen Sie reinen Bl\u00fctenhonig mit N\u00fcssen bei Pico y Tallo. Authentischer, roher Bienenhonig aus Bl\u00fcten und N\u00fcssen. Kaufen Sie handwerklich hergestellten Honig.\" \/>\n<meta property=\"og:url\" content=\"https:\/\/picoytallo.com\/de\/producto\/roher-honig-mit-walnuessen\/\" \/>\n<meta property=\"og:site_name\" content=\"Pico y Tallo\" \/>\n<meta property=\"article:modified_time\" content=\"2023-03-15T08:06:41+00:00\" \/>\n<meta property=\"og:image\" content=\"https:\/\/picoytallo.com\/wp-content\/uploads\/2022\/12\/Miel-pura-con-nueces.webp\" \/>\n\t<meta property=\"og:image:width\" content=\"1200\" \/>\n\t<meta property=\"og:image:height\" content=\"1200\" \/>\n\t<meta property=\"og:image:type\" content=\"image\/webp\" \/>\n<meta name=\"twitter:card\" content=\"summary_large_image\" \/>\n<script type=\"application\/ld+json\" class=\"yoast-schema-graph\">{\"@context\":\"https:\/\/schema.org\",\"@graph\":[{\"@type\":\"WebPage\",\"@id\":\"https:\/\/picoytallo.com\/de\/producto\/roher-honig-mit-walnuessen\/\",\"url\":\"https:\/\/picoytallo.com\/de\/producto\/roher-honig-mit-walnuessen\/\",\"name\":\"Roher Bienenhonig mit Waln\u00fcssen - Reinen handgemachten Honig kaufen\",\"isPartOf\":{\"@id\":\"https:\/\/picoytallo.com\/de\/#website\"},\"primaryImageOfPage\":{\"@id\":\"https:\/\/picoytallo.com\/de\/producto\/roher-honig-mit-walnuessen\/#primaryimage\"},\"image\":{\"@id\":\"https:\/\/picoytallo.com\/de\/producto\/roher-honig-mit-walnuessen\/#primaryimage\"},\"thumbnailUrl\":\"https:\/\/picoytallo.com\/wp-content\/uploads\/2026\/04\/miel-cruda-de-tomillo-sin-filtrar.webp\",\"datePublished\":\"2022-12-15T16:12:19+00:00\",\"dateModified\":\"2023-03-15T08:06:41+00:00\",\"description\":\"Kaufen Sie reinen Bl\u00fctenhonig mit N\u00fcssen bei Pico y Tallo. Authentischer, roher Bienenhonig aus Bl\u00fcten und N\u00fcssen. Kaufen Sie handwerklich hergestellten Honig.\",\"breadcrumb\":{\"@id\":\"https:\/\/picoytallo.com\/de\/producto\/roher-honig-mit-walnuessen\/#breadcrumb\"},\"inLanguage\":\"de\",\"potentialAction\":[{\"@type\":\"ReadAction\",\"target\":[\"https:\/\/picoytallo.com\/de\/producto\/roher-honig-mit-walnuessen\/\"]}]},{\"@type\":\"ImageObject\",\"inLanguage\":\"de\",\"@id\":\"https:\/\/picoytallo.com\/de\/producto\/roher-honig-mit-walnuessen\/#primaryimage\",\"url\":\"https:\/\/picoytallo.com\/wp-content\/uploads\/2026\/04\/miel-cruda-de-tomillo-sin-filtrar.webp\",\"contentUrl\":\"https:\/\/picoytallo.com\/wp-content\/uploads\/2026\/04\/miel-cruda-de-tomillo-sin-filtrar.webp\",\"width\":458,\"height\":458},{\"@type\":\"BreadcrumbList\",\"@id\":\"https:\/\/picoytallo.com\/de\/producto\/roher-honig-mit-walnuessen\/#breadcrumb\",\"itemListElement\":[{\"@type\":\"ListItem\",\"position\":1,\"name\":\"Portada\",\"item\":\"https:\/\/picoytallo.com\/de\/\"},{\"@type\":\"ListItem\",\"position\":2,\"name\":\"Shop\",\"item\":\"https:\/\/picoytallo.com\/de\/shop\/\"},{\"@type\":\"ListItem\",\"position\":3,\"name\":\"Roher Honig mit Waln\u00fcssen\"}]},{\"@type\":\"WebSite\",\"@id\":\"https:\/\/picoytallo.com\/de\/#website\",\"url\":\"https:\/\/picoytallo.com\/de\/\",\"name\":\"Pico y Tallo\",\"description\":\"Productos Gourmet Online\",\"publisher\":{\"@id\":\"https:\/\/picoytallo.com\/de\/#organization\"},\"potentialAction\":[{\"@type\":\"SearchAction\",\"target\":{\"@type\":\"EntryPoint\",\"urlTemplate\":\"https:\/\/picoytallo.com\/de\/?s={search_term_string}\"},\"query-input\":{\"@type\":\"PropertyValueSpecification\",\"valueRequired\":true,\"valueName\":\"search_term_string\"}}],\"inLanguage\":\"de\"},{\"@type\":\"Organization\",\"@id\":\"https:\/\/picoytallo.com\/de\/#organization\",\"name\":\"Pico y Tallo\",\"url\":\"https:\/\/picoytallo.com\/de\/\",\"logo\":{\"@type\":\"ImageObject\",\"inLanguage\":\"de\",\"@id\":\"https:\/\/picoytallo.com\/de\/#\/schema\/logo\/image\/\",\"url\":\"https:\/\/picoytallo.com\/wp-content\/uploads\/2022\/03\/cropped-Productos-gourmet-picotallo.webp\",\"contentUrl\":\"https:\/\/picoytallo.com\/wp-content\/uploads\/2022\/03\/cropped-Productos-gourmet-picotallo.webp\",\"width\":1194,\"height\":314,\"caption\":\"Pico y Tallo\"},\"image\":{\"@id\":\"https:\/\/picoytallo.com\/de\/#\/schema\/logo\/image\/\"}}]}<\/script>\n<!-- \/ Yoast SEO plugin. -->","yoast_head_json":{"title":"Roher Bienenhonig mit Waln\u00fcssen - Reinen handgemachten Honig kaufen","description":"Kaufen Sie reinen Bl\u00fctenhonig mit N\u00fcssen bei Pico y Tallo. Authentischer, roher Bienenhonig aus Bl\u00fcten und N\u00fcssen. Kaufen Sie handwerklich hergestellten Honig.","robots":{"index":"index","follow":"follow","max-snippet":"max-snippet:-1","max-image-preview":"max-image-preview:large","max-video-preview":"max-video-preview:-1"},"canonical":"https:\/\/picoytallo.com\/de\/producto\/roher-honig-mit-walnuessen\/","og_locale":"de_DE","og_type":"article","og_title":"Roher Bienenhonig mit Waln\u00fcssen - Reinen handgemachten Honig kaufen","og_description":"Kaufen Sie reinen Bl\u00fctenhonig mit N\u00fcssen bei Pico y Tallo. Authentischer, roher Bienenhonig aus Bl\u00fcten und N\u00fcssen. Kaufen Sie handwerklich hergestellten Honig.","og_url":"https:\/\/picoytallo.com\/de\/producto\/roher-honig-mit-walnuessen\/","og_site_name":"Pico y Tallo","article_modified_time":"2023-03-15T08:06:41+00:00","og_image":[{"width":1200,"height":1200,"url":"https:\/\/picoytallo.com\/wp-content\/uploads\/2022\/12\/Miel-pura-con-nueces.webp","type":"image\/webp"}],"twitter_card":"summary_large_image","schema":{"@context":"https:\/\/schema.org","@graph":[{"@type":"WebPage","@id":"https:\/\/picoytallo.com\/de\/producto\/roher-honig-mit-walnuessen\/","url":"https:\/\/picoytallo.com\/de\/producto\/roher-honig-mit-walnuessen\/","name":"Roher Bienenhonig mit Waln\u00fcssen - Reinen handgemachten Honig kaufen","isPartOf":{"@id":"https:\/\/picoytallo.com\/de\/#website"},"primaryImageOfPage":{"@id":"https:\/\/picoytallo.com\/de\/producto\/roher-honig-mit-walnuessen\/#primaryimage"},"image":{"@id":"https:\/\/picoytallo.com\/de\/producto\/roher-honig-mit-walnuessen\/#primaryimage"},"thumbnailUrl":"https:\/\/picoytallo.com\/wp-content\/uploads\/2026\/04\/miel-cruda-de-tomillo-sin-filtrar.webp","datePublished":"2022-12-15T16:12:19+00:00","dateModified":"2023-03-15T08:06:41+00:00","description":"Kaufen Sie reinen Bl\u00fctenhonig mit N\u00fcssen bei Pico y Tallo. Authentischer, roher Bienenhonig aus Bl\u00fcten und N\u00fcssen. Kaufen Sie handwerklich hergestellten Honig.","breadcrumb":{"@id":"https:\/\/picoytallo.com\/de\/producto\/roher-honig-mit-walnuessen\/#breadcrumb"},"inLanguage":"de","potentialAction":[{"@type":"ReadAction","target":["https:\/\/picoytallo.com\/de\/producto\/roher-honig-mit-walnuessen\/"]}]},{"@type":"ImageObject","inLanguage":"de","@id":"https:\/\/picoytallo.com\/de\/producto\/roher-honig-mit-walnuessen\/#primaryimage","url":"https:\/\/picoytallo.com\/wp-content\/uploads\/2026\/04\/miel-cruda-de-tomillo-sin-filtrar.webp","contentUrl":"https:\/\/picoytallo.com\/wp-content\/uploads\/2026\/04\/miel-cruda-de-tomillo-sin-filtrar.webp","width":458,"height":458},{"@type":"BreadcrumbList","@id":"https:\/\/picoytallo.com\/de\/producto\/roher-honig-mit-walnuessen\/#breadcrumb","itemListElement":[{"@type":"ListItem","position":1,"name":"Portada","item":"https:\/\/picoytallo.com\/de\/"},{"@type":"ListItem","position":2,"name":"Shop","item":"https:\/\/picoytallo.com\/de\/shop\/"},{"@type":"ListItem","position":3,"name":"Roher Honig mit Waln\u00fcssen"}]},{"@type":"WebSite","@id":"https:\/\/picoytallo.com\/de\/#website","url":"https:\/\/picoytallo.com\/de\/","name":"Pico y Tallo","description":"Productos Gourmet Online","publisher":{"@id":"https:\/\/picoytallo.com\/de\/#organization"},"potentialAction":[{"@type":"SearchAction","target":{"@type":"EntryPoint","urlTemplate":"https:\/\/picoytallo.com\/de\/?s={search_term_string}"},"query-input":{"@type":"PropertyValueSpecification","valueRequired":true,"valueName":"search_term_string"}}],"inLanguage":"de"},{"@type":"Organization","@id":"https:\/\/picoytallo.com\/de\/#organization","name":"Pico y Tallo","url":"https:\/\/picoytallo.com\/de\/","logo":{"@type":"ImageObject","inLanguage":"de","@id":"https:\/\/picoytallo.com\/de\/#\/schema\/logo\/image\/","url":"https:\/\/picoytallo.com\/wp-content\/uploads\/2022\/03\/cropped-Productos-gourmet-picotallo.webp","contentUrl":"https:\/\/picoytallo.com\/wp-content\/uploads\/2022\/03\/cropped-Productos-gourmet-picotallo.webp","width":1194,"height":314,"caption":"Pico y Tallo"},"image":{"@id":"https:\/\/picoytallo.com\/de\/#\/schema\/logo\/image\/"}}]}},"_links":{"self":[{"href":"https:\/\/picoytallo.com\/de\/wp-json\/wp\/v2\/product\/3604","targetHints":{"allow":["GET"]}}],"collection":[{"href":"https:\/\/picoytallo.com\/de\/wp-json\/wp\/v2\/product"}],"about":[{"href":"https:\/\/picoytallo.com\/de\/wp-json\/wp\/v2\/types\/product"}],"replies":[{"embeddable":true,"href":"https:\/\/picoytallo.com\/de\/wp-json\/wp\/v2\/comments?post=3604"}],"wp:featuredmedia":[{"embeddable":true,"href":"https:\/\/picoytallo.com\/de\/wp-json\/wp\/v2\/media\/10314"}],"wp:attachment":[{"href":"https:\/\/picoytallo.com\/de\/wp-json\/wp\/v2\/media?parent=3604"}],"wp:term":[{"taxonomy":"product_brand","embeddable":true,"href":"https:\/\/picoytallo.com\/de\/wp-json\/wp\/v2\/product_brand?post=3604"},{"taxonomy":"product_cat","embeddable":true,"href":"https:\/\/picoytallo.com\/de\/wp-json\/wp\/v2\/product_cat?post=3604"},{"taxonomy":"product_tag","embeddable":true,"href":"https:\/\/picoytallo.com\/de\/wp-json\/wp\/v2\/product_tag?post=3604"}],"curies":[{"name":"wp","href":"https:\/\/api.w.org\/{rel}","templated":true}]}}