{"id":3621,"date":"2022-12-21T10:33:41","date_gmt":"2022-12-21T08:33:41","guid":{"rendered":"https:\/\/picoytallo.com\/producto\/gourmet-senf\/"},"modified":"2025-11-14T11:41:27","modified_gmt":"2025-11-14T09:41:27","slug":"senf-gourmet","status":"publish","type":"product","link":"https:\/\/picoytallo.com\/de\/producto\/senf-gourmet\/","title":{"rendered":"Gourmet-Senf 220 gr"},"content":{"rendered":"<h2>Gourmet-Senf 220 gr<\/h2>\n<p>Geeignet zum Anrichten von Salaten, Fleisch, Fisch und Gem\u00fcse. Sowie f\u00fcr die Herstellung von So\u00dfen.<\/p>\n<p>Glasgef\u00e4\u00df.<\/p>\n<p>220 gr \/ 7,76 Unzen<\/p>\n<p>Zutaten:<\/p>\n<p>Gelbe Senfk\u00f6rner, Essig (enth\u00e4lt Sulfite), Orange, Zucker, Oliven\u00f6l, Salz, Zwiebelpulver, Kurkuma, Knoblauchpulver, Curry, Zimt.<\/p>\n","protected":false},"excerpt":{"rendered":"<p>Gourmet-Dressing auf Basis von gelben Senfk\u00f6rnern, Essig, Orangen, Zucker, Oliven\u00f6l, Salz, Zwiebelpulver, Kurkuma, Knoblauchpulver, Curry, Zimt<span style=\"font-size: 16px;\">.<\/span><\/p>\n<p>220 gr \/ 7.76 oz<\/p>\n","protected":false},"featured_media":3014,"comment_status":"open","ping_status":"closed","template":"","meta":[],"product_brand":[],"product_cat":[504],"product_tag":[506,438,509],"class_list":{"0":"post-3621","1":"product","2":"type-product","3":"status-publish","4":"has-post-thumbnail","6":"product_cat-dressings-und-saucen","7":"product_tag-abrichten","8":"product_tag-gourmet-produkte","9":"product_tag-senf","11":"first","12":"instock","13":"shipping-taxable","14":"purchasable","15":"product-type-simple"},"yoast_head":"<!-- This site is optimized with the Yoast SEO plugin v27.4 - https:\/\/yoast.com\/product\/yoast-seo-wordpress\/ -->\n<title>Senf f\u00fcr Feinschmecker und Handwerker - Ali\u00f1os Gourmet Online kaufen<\/title>\n<meta name=\"description\" content=\"Auswahl an gelbem Gourmet- und handwerklichem Senf. Kaufen Sie Dressings, die ideal f\u00fcr Salatdressings, Fleisch, Fisch, Nudeln und mehr sind.\" \/>\n<meta name=\"robots\" content=\"index, follow, max-snippet:-1, max-image-preview:large, max-video-preview:-1\" \/>\n<link rel=\"canonical\" href=\"https:\/\/picoytallo.com\/de\/producto\/senf-gourmet\/\" \/>\n<meta property=\"og:locale\" content=\"de_DE\" \/>\n<meta property=\"og:type\" content=\"article\" \/>\n<meta property=\"og:title\" content=\"Senf f\u00fcr Feinschmecker und Handwerker - Ali\u00f1os Gourmet Online kaufen\" \/>\n<meta property=\"og:description\" content=\"Auswahl an gelbem Gourmet- und handwerklichem Senf. Kaufen Sie Dressings, die ideal f\u00fcr Salatdressings, Fleisch, Fisch, Nudeln und mehr sind.\" \/>\n<meta property=\"og:url\" content=\"https:\/\/picoytallo.com\/de\/producto\/senf-gourmet\/\" \/>\n<meta property=\"og:site_name\" content=\"Pico y Tallo\" \/>\n<meta property=\"article:modified_time\" content=\"2025-11-14T09:41:27+00:00\" \/>\n<meta property=\"og:image\" content=\"https:\/\/picoytallo.com\/wp-content\/uploads\/2022\/12\/Mostaza-gourmet.webp\" \/>\n\t<meta property=\"og:image:width\" content=\"1000\" \/>\n\t<meta property=\"og:image:height\" content=\"1000\" \/>\n\t<meta property=\"og:image:type\" content=\"image\/webp\" \/>\n<meta name=\"twitter:card\" content=\"summary_large_image\" \/>\n<meta name=\"twitter:label1\" content=\"Preis\" \/>\n\t<meta name=\"twitter:data1\" content=\"9,50&euro;\" \/>\n\t<meta name=\"twitter:label2\" content=\"Verf\u00fcgbarkeit\" \/>\n\t<meta name=\"twitter:data2\" content=\"Auf Lager\" \/>\n<script type=\"application\/ld+json\" class=\"yoast-schema-graph\">{\"@context\":\"https:\\\/\\\/schema.org\",\"@graph\":[{\"@type\":\"WebPage\",\"@id\":\"https:\\\/\\\/picoytallo.com\\\/de\\\/producto\\\/senf-gourmet\\\/\",\"url\":\"https:\\\/\\\/picoytallo.com\\\/de\\\/producto\\\/senf-gourmet\\\/\",\"name\":\"Senf f\u00fcr Feinschmecker und Handwerker - Ali\u00f1os Gourmet Online kaufen\",\"isPartOf\":{\"@id\":\"https:\\\/\\\/picoytallo.com\\\/de\\\/#website\"},\"primaryImageOfPage\":{\"@id\":\"https:\\\/\\\/picoytallo.com\\\/de\\\/producto\\\/senf-gourmet\\\/#primaryimage\"},\"image\":{\"@id\":\"https:\\\/\\\/picoytallo.com\\\/de\\\/producto\\\/senf-gourmet\\\/#primaryimage\"},\"thumbnailUrl\":\"https:\\\/\\\/picoytallo.com\\\/wp-content\\\/uploads\\\/2022\\\/12\\\/Mostaza-gourmet.webp\",\"datePublished\":\"2022-12-21T08:33:41+00:00\",\"dateModified\":\"2025-11-14T09:41:27+00:00\",\"description\":\"Auswahl an gelbem Gourmet- und handwerklichem Senf. Kaufen Sie Dressings, die ideal f\u00fcr Salatdressings, Fleisch, Fisch, Nudeln und mehr sind.\",\"breadcrumb\":{\"@id\":\"https:\\\/\\\/picoytallo.com\\\/de\\\/producto\\\/senf-gourmet\\\/#breadcrumb\"},\"inLanguage\":\"de\",\"potentialAction\":[{\"@type\":\"ReadAction\",\"target\":[\"https:\\\/\\\/picoytallo.com\\\/de\\\/producto\\\/senf-gourmet\\\/\"]}]},{\"@type\":\"ImageObject\",\"inLanguage\":\"de\",\"@id\":\"https:\\\/\\\/picoytallo.com\\\/de\\\/producto\\\/senf-gourmet\\\/#primaryimage\",\"url\":\"https:\\\/\\\/picoytallo.com\\\/wp-content\\\/uploads\\\/2022\\\/12\\\/Mostaza-gourmet.webp\",\"contentUrl\":\"https:\\\/\\\/picoytallo.com\\\/wp-content\\\/uploads\\\/2022\\\/12\\\/Mostaza-gourmet.webp\",\"width\":1000,\"height\":1000,\"caption\":\"Gourmet-Senf kaufen\"},{\"@type\":\"BreadcrumbList\",\"@id\":\"https:\\\/\\\/picoytallo.com\\\/de\\\/producto\\\/senf-gourmet\\\/#breadcrumb\",\"itemListElement\":[{\"@type\":\"ListItem\",\"position\":1,\"name\":\"Portada\",\"item\":\"https:\\\/\\\/picoytallo.com\\\/de\\\/home\\\/\"},{\"@type\":\"ListItem\",\"position\":2,\"name\":\"Shop\",\"item\":\"https:\\\/\\\/picoytallo.com\\\/de\\\/shop\\\/\"},{\"@type\":\"ListItem\",\"position\":3,\"name\":\"Gourmet-Senf 220 gr\"}]},{\"@type\":\"WebSite\",\"@id\":\"https:\\\/\\\/picoytallo.com\\\/de\\\/#website\",\"url\":\"https:\\\/\\\/picoytallo.com\\\/de\\\/\",\"name\":\"Pico y Tallo\",\"description\":\"Productos Gourmet Online\",\"publisher\":{\"@id\":\"https:\\\/\\\/picoytallo.com\\\/de\\\/#organization\"},\"potentialAction\":[{\"@type\":\"SearchAction\",\"target\":{\"@type\":\"EntryPoint\",\"urlTemplate\":\"https:\\\/\\\/picoytallo.com\\\/de\\\/?s={search_term_string}\"},\"query-input\":{\"@type\":\"PropertyValueSpecification\",\"valueRequired\":true,\"valueName\":\"search_term_string\"}}],\"inLanguage\":\"de\"},{\"@type\":\"Organization\",\"@id\":\"https:\\\/\\\/picoytallo.com\\\/de\\\/#organization\",\"name\":\"Pico y Tallo\",\"url\":\"https:\\\/\\\/picoytallo.com\\\/de\\\/\",\"logo\":{\"@type\":\"ImageObject\",\"inLanguage\":\"de\",\"@id\":\"https:\\\/\\\/picoytallo.com\\\/de\\\/#\\\/schema\\\/logo\\\/image\\\/\",\"url\":\"https:\\\/\\\/picoytallo.com\\\/wp-content\\\/uploads\\\/2022\\\/03\\\/cropped-Productos-gourmet-picotallo.webp\",\"contentUrl\":\"https:\\\/\\\/picoytallo.com\\\/wp-content\\\/uploads\\\/2022\\\/03\\\/cropped-Productos-gourmet-picotallo.webp\",\"width\":1194,\"height\":314,\"caption\":\"Pico y Tallo\"},\"image\":{\"@id\":\"https:\\\/\\\/picoytallo.com\\\/de\\\/#\\\/schema\\\/logo\\\/image\\\/\"}}]}<\/script>\n<meta property=\"product:price:amount\" content=\"9.50\" \/>\n<meta property=\"product:price:currency\" content=\"EUR\" \/>\n<meta property=\"og:availability\" content=\"instock\" \/>\n<meta property=\"product:availability\" content=\"instock\" \/>\n<meta property=\"product:condition\" content=\"new\" \/>\n<!-- \/ Yoast SEO plugin. -->","yoast_head_json":{"title":"Senf f\u00fcr Feinschmecker und Handwerker - Ali\u00f1os Gourmet Online kaufen","description":"Auswahl an gelbem Gourmet- und handwerklichem Senf. Kaufen Sie Dressings, die ideal f\u00fcr Salatdressings, Fleisch, Fisch, Nudeln und mehr sind.","robots":{"index":"index","follow":"follow","max-snippet":"max-snippet:-1","max-image-preview":"max-image-preview:large","max-video-preview":"max-video-preview:-1"},"canonical":"https:\/\/picoytallo.com\/de\/producto\/senf-gourmet\/","og_locale":"de_DE","og_type":"article","og_title":"Senf f\u00fcr Feinschmecker und Handwerker - Ali\u00f1os Gourmet Online kaufen","og_description":"Auswahl an gelbem Gourmet- und handwerklichem Senf. Kaufen Sie Dressings, die ideal f\u00fcr Salatdressings, Fleisch, Fisch, Nudeln und mehr sind.","og_url":"https:\/\/picoytallo.com\/de\/producto\/senf-gourmet\/","og_site_name":"Pico y Tallo","article_modified_time":"2025-11-14T09:41:27+00:00","og_image":[{"width":1000,"height":1000,"url":"https:\/\/picoytallo.com\/wp-content\/uploads\/2022\/12\/Mostaza-gourmet.webp","type":"image\/webp"}],"twitter_card":"summary_large_image","twitter_misc":{"Preis":"9,50&euro;","Verf\u00fcgbarkeit":"Auf Lager"},"schema":{"@context":"https:\/\/schema.org","@graph":[{"@type":"WebPage","@id":"https:\/\/picoytallo.com\/de\/producto\/senf-gourmet\/","url":"https:\/\/picoytallo.com\/de\/producto\/senf-gourmet\/","name":"Senf f\u00fcr Feinschmecker und Handwerker - Ali\u00f1os Gourmet Online kaufen","isPartOf":{"@id":"https:\/\/picoytallo.com\/de\/#website"},"primaryImageOfPage":{"@id":"https:\/\/picoytallo.com\/de\/producto\/senf-gourmet\/#primaryimage"},"image":{"@id":"https:\/\/picoytallo.com\/de\/producto\/senf-gourmet\/#primaryimage"},"thumbnailUrl":"https:\/\/picoytallo.com\/wp-content\/uploads\/2022\/12\/Mostaza-gourmet.webp","datePublished":"2022-12-21T08:33:41+00:00","dateModified":"2025-11-14T09:41:27+00:00","description":"Auswahl an gelbem Gourmet- und handwerklichem Senf. Kaufen Sie Dressings, die ideal f\u00fcr Salatdressings, Fleisch, Fisch, Nudeln und mehr sind.","breadcrumb":{"@id":"https:\/\/picoytallo.com\/de\/producto\/senf-gourmet\/#breadcrumb"},"inLanguage":"de","potentialAction":[{"@type":"ReadAction","target":["https:\/\/picoytallo.com\/de\/producto\/senf-gourmet\/"]}]},{"@type":"ImageObject","inLanguage":"de","@id":"https:\/\/picoytallo.com\/de\/producto\/senf-gourmet\/#primaryimage","url":"https:\/\/picoytallo.com\/wp-content\/uploads\/2022\/12\/Mostaza-gourmet.webp","contentUrl":"https:\/\/picoytallo.com\/wp-content\/uploads\/2022\/12\/Mostaza-gourmet.webp","width":1000,"height":1000,"caption":"Gourmet-Senf kaufen"},{"@type":"BreadcrumbList","@id":"https:\/\/picoytallo.com\/de\/producto\/senf-gourmet\/#breadcrumb","itemListElement":[{"@type":"ListItem","position":1,"name":"Portada","item":"https:\/\/picoytallo.com\/de\/home\/"},{"@type":"ListItem","position":2,"name":"Shop","item":"https:\/\/picoytallo.com\/de\/shop\/"},{"@type":"ListItem","position":3,"name":"Gourmet-Senf 220 gr"}]},{"@type":"WebSite","@id":"https:\/\/picoytallo.com\/de\/#website","url":"https:\/\/picoytallo.com\/de\/","name":"Pico y Tallo","description":"Productos Gourmet Online","publisher":{"@id":"https:\/\/picoytallo.com\/de\/#organization"},"potentialAction":[{"@type":"SearchAction","target":{"@type":"EntryPoint","urlTemplate":"https:\/\/picoytallo.com\/de\/?s={search_term_string}"},"query-input":{"@type":"PropertyValueSpecification","valueRequired":true,"valueName":"search_term_string"}}],"inLanguage":"de"},{"@type":"Organization","@id":"https:\/\/picoytallo.com\/de\/#organization","name":"Pico y Tallo","url":"https:\/\/picoytallo.com\/de\/","logo":{"@type":"ImageObject","inLanguage":"de","@id":"https:\/\/picoytallo.com\/de\/#\/schema\/logo\/image\/","url":"https:\/\/picoytallo.com\/wp-content\/uploads\/2022\/03\/cropped-Productos-gourmet-picotallo.webp","contentUrl":"https:\/\/picoytallo.com\/wp-content\/uploads\/2022\/03\/cropped-Productos-gourmet-picotallo.webp","width":1194,"height":314,"caption":"Pico y Tallo"},"image":{"@id":"https:\/\/picoytallo.com\/de\/#\/schema\/logo\/image\/"}}]},"product_price_amount":"9.50","product_price_currency":"EUR","og_availability":"instock","product_availability":"instock","product_condition":"new"},"_links":{"self":[{"href":"https:\/\/picoytallo.com\/de\/wp-json\/wp\/v2\/product\/3621","targetHints":{"allow":["GET"]}}],"collection":[{"href":"https:\/\/picoytallo.com\/de\/wp-json\/wp\/v2\/product"}],"about":[{"href":"https:\/\/picoytallo.com\/de\/wp-json\/wp\/v2\/types\/product"}],"replies":[{"embeddable":true,"href":"https:\/\/picoytallo.com\/de\/wp-json\/wp\/v2\/comments?post=3621"}],"wp:featuredmedia":[{"embeddable":true,"href":"https:\/\/picoytallo.com\/de\/wp-json\/wp\/v2\/media\/3014"}],"wp:attachment":[{"href":"https:\/\/picoytallo.com\/de\/wp-json\/wp\/v2\/media?parent=3621"}],"wp:term":[{"taxonomy":"product_brand","embeddable":true,"href":"https:\/\/picoytallo.com\/de\/wp-json\/wp\/v2\/product_brand?post=3621"},{"taxonomy":"product_cat","embeddable":true,"href":"https:\/\/picoytallo.com\/de\/wp-json\/wp\/v2\/product_cat?post=3621"},{"taxonomy":"product_tag","embeddable":true,"href":"https:\/\/picoytallo.com\/de\/wp-json\/wp\/v2\/product_tag?post=3621"}],"curies":[{"name":"wp","href":"https:\/\/api.w.org\/{rel}","templated":true}]}}