{"id":3624,"date":"2022-12-15T13:46:58","date_gmt":"2022-12-15T11:46:58","guid":{"rendered":"https:\/\/picoytallo.com\/producto\/blanqueta-mancanella-coupage-evoo-500ml\/"},"modified":"2023-03-15T10:06:47","modified_gmt":"2023-03-15T08:06:47","slug":"blanqueta-mancanella-coupage-evoo-500ml","status":"publish","type":"product","link":"https:\/\/picoytallo.com\/de\/producto\/blanqueta-mancanella-coupage-evoo-500ml\/","title":{"rendered":"Blanqueta-Man\u00e7anella Coupage EVOO 500ml"},"content":{"rendered":"<p>Natives Oliven\u00f6l extra von Olivenb\u00e4umen, die in der letzten Oktober- und ersten Novemberwoche geerntet werden.<\/p>\n<p>Eine Mischung aus Blanqueta und Man\u00e7anella.<br \/>\n500ml Format.<\/p>\n","protected":false},"excerpt":{"rendered":"<p>Eine Mischung aus Blanqueta und Man\u00e7anella. 500ml.<\/p>\n","protected":false},"featured_media":2879,"comment_status":"open","ping_status":"closed","template":"","meta":[],"product_brand":[],"product_cat":[326],"product_tag":[338,330,337,336],"class_list":{"0":"post-3624","1":"product","2":"type-product","3":"status-publish","4":"has-post-thumbnail","6":"product_cat-gourmet-ol","7":"product_tag-evoo","8":"product_tag-gourmet-ol","9":"product_tag-olivenol","10":"product_tag-valencianisches-ol","12":"first","13":"instock","14":"shipping-taxable","15":"purchasable","16":"product-type-simple"},"yoast_head":"<!-- This site is optimized with the Yoast SEO plugin v27.4 - https:\/\/yoast.com\/product\/yoast-seo-wordpress\/ -->\n<title>Aove Coupage Valenciano Online - Alicante-Oliven\u00f6l<\/title>\n<meta name=\"description\" content=\"Entdecken Sie den authentischen Geschmack des Mittelmeers in dieser EVOO-Mischung aus den Sorten Blanqueta und Man\u00e7anella. Valencianisches Oliven\u00f6l.\" \/>\n<meta name=\"robots\" content=\"index, follow, max-snippet:-1, max-image-preview:large, max-video-preview:-1\" \/>\n<link rel=\"canonical\" href=\"https:\/\/picoytallo.com\/de\/producto\/blanqueta-mancanella-coupage-evoo-500ml\/\" \/>\n<meta property=\"og:locale\" content=\"de_DE\" \/>\n<meta property=\"og:type\" content=\"article\" \/>\n<meta property=\"og:title\" content=\"Aove Coupage Valenciano Online - Alicante-Oliven\u00f6l\" \/>\n<meta property=\"og:description\" content=\"Entdecken Sie den authentischen Geschmack des Mittelmeers in dieser EVOO-Mischung aus den Sorten Blanqueta und Man\u00e7anella. Valencianisches Oliven\u00f6l.\" \/>\n<meta property=\"og:url\" content=\"https:\/\/picoytallo.com\/de\/producto\/blanqueta-mancanella-coupage-evoo-500ml\/\" \/>\n<meta property=\"og:site_name\" content=\"Pico y Tallo\" \/>\n<meta property=\"article:modified_time\" content=\"2023-03-15T08:06:47+00:00\" \/>\n<meta property=\"og:image\" content=\"https:\/\/picoytallo.com\/wp-content\/uploads\/2022\/12\/Aove-coupage.webp\" \/>\n\t<meta property=\"og:image:width\" content=\"1200\" \/>\n\t<meta property=\"og:image:height\" content=\"1200\" \/>\n\t<meta property=\"og:image:type\" content=\"image\/webp\" \/>\n<meta name=\"twitter:card\" content=\"summary_large_image\" \/>\n<meta name=\"twitter:label1\" content=\"Preis\" \/>\n\t<meta name=\"twitter:data1\" content=\"11,90&euro;\" \/>\n\t<meta name=\"twitter:label2\" content=\"Verf\u00fcgbarkeit\" \/>\n\t<meta name=\"twitter:data2\" content=\"Auf Lager\" \/>\n<script type=\"application\/ld+json\" class=\"yoast-schema-graph\">{\"@context\":\"https:\\\/\\\/schema.org\",\"@graph\":[{\"@type\":\"WebPage\",\"@id\":\"https:\\\/\\\/picoytallo.com\\\/de\\\/producto\\\/blanqueta-mancanella-coupage-evoo-500ml\\\/\",\"url\":\"https:\\\/\\\/picoytallo.com\\\/de\\\/producto\\\/blanqueta-mancanella-coupage-evoo-500ml\\\/\",\"name\":\"Aove Coupage Valenciano Online - Alicante-Oliven\u00f6l\",\"isPartOf\":{\"@id\":\"https:\\\/\\\/picoytallo.com\\\/de\\\/#website\"},\"primaryImageOfPage\":{\"@id\":\"https:\\\/\\\/picoytallo.com\\\/de\\\/producto\\\/blanqueta-mancanella-coupage-evoo-500ml\\\/#primaryimage\"},\"image\":{\"@id\":\"https:\\\/\\\/picoytallo.com\\\/de\\\/producto\\\/blanqueta-mancanella-coupage-evoo-500ml\\\/#primaryimage\"},\"thumbnailUrl\":\"https:\\\/\\\/picoytallo.com\\\/wp-content\\\/uploads\\\/2022\\\/12\\\/Aove-coupage.webp\",\"datePublished\":\"2022-12-15T11:46:58+00:00\",\"dateModified\":\"2023-03-15T08:06:47+00:00\",\"description\":\"Entdecken Sie den authentischen Geschmack des Mittelmeers in dieser EVOO-Mischung aus den Sorten Blanqueta und Man\u00e7anella. Valencianisches Oliven\u00f6l.\",\"breadcrumb\":{\"@id\":\"https:\\\/\\\/picoytallo.com\\\/de\\\/producto\\\/blanqueta-mancanella-coupage-evoo-500ml\\\/#breadcrumb\"},\"inLanguage\":\"de\",\"potentialAction\":[{\"@type\":\"ReadAction\",\"target\":[\"https:\\\/\\\/picoytallo.com\\\/de\\\/producto\\\/blanqueta-mancanella-coupage-evoo-500ml\\\/\"]}]},{\"@type\":\"ImageObject\",\"inLanguage\":\"de\",\"@id\":\"https:\\\/\\\/picoytallo.com\\\/de\\\/producto\\\/blanqueta-mancanella-coupage-evoo-500ml\\\/#primaryimage\",\"url\":\"https:\\\/\\\/picoytallo.com\\\/wp-content\\\/uploads\\\/2022\\\/12\\\/Aove-coupage.webp\",\"contentUrl\":\"https:\\\/\\\/picoytallo.com\\\/wp-content\\\/uploads\\\/2022\\\/12\\\/Aove-coupage.webp\",\"width\":1200,\"height\":1200},{\"@type\":\"BreadcrumbList\",\"@id\":\"https:\\\/\\\/picoytallo.com\\\/de\\\/producto\\\/blanqueta-mancanella-coupage-evoo-500ml\\\/#breadcrumb\",\"itemListElement\":[{\"@type\":\"ListItem\",\"position\":1,\"name\":\"Portada\",\"item\":\"https:\\\/\\\/picoytallo.com\\\/de\\\/home\\\/\"},{\"@type\":\"ListItem\",\"position\":2,\"name\":\"Shop\",\"item\":\"https:\\\/\\\/picoytallo.com\\\/de\\\/shop\\\/\"},{\"@type\":\"ListItem\",\"position\":3,\"name\":\"Blanqueta-Man\u00e7anella Coupage EVOO 500ml\"}]},{\"@type\":\"WebSite\",\"@id\":\"https:\\\/\\\/picoytallo.com\\\/de\\\/#website\",\"url\":\"https:\\\/\\\/picoytallo.com\\\/de\\\/\",\"name\":\"Pico y Tallo\",\"description\":\"Productos Gourmet Online\",\"publisher\":{\"@id\":\"https:\\\/\\\/picoytallo.com\\\/de\\\/#organization\"},\"potentialAction\":[{\"@type\":\"SearchAction\",\"target\":{\"@type\":\"EntryPoint\",\"urlTemplate\":\"https:\\\/\\\/picoytallo.com\\\/de\\\/?s={search_term_string}\"},\"query-input\":{\"@type\":\"PropertyValueSpecification\",\"valueRequired\":true,\"valueName\":\"search_term_string\"}}],\"inLanguage\":\"de\"},{\"@type\":\"Organization\",\"@id\":\"https:\\\/\\\/picoytallo.com\\\/de\\\/#organization\",\"name\":\"Pico y Tallo\",\"url\":\"https:\\\/\\\/picoytallo.com\\\/de\\\/\",\"logo\":{\"@type\":\"ImageObject\",\"inLanguage\":\"de\",\"@id\":\"https:\\\/\\\/picoytallo.com\\\/de\\\/#\\\/schema\\\/logo\\\/image\\\/\",\"url\":\"https:\\\/\\\/picoytallo.com\\\/wp-content\\\/uploads\\\/2022\\\/03\\\/cropped-Productos-gourmet-picotallo.webp\",\"contentUrl\":\"https:\\\/\\\/picoytallo.com\\\/wp-content\\\/uploads\\\/2022\\\/03\\\/cropped-Productos-gourmet-picotallo.webp\",\"width\":1194,\"height\":314,\"caption\":\"Pico y Tallo\"},\"image\":{\"@id\":\"https:\\\/\\\/picoytallo.com\\\/de\\\/#\\\/schema\\\/logo\\\/image\\\/\"}}]}<\/script>\n<meta property=\"product:price:amount\" content=\"11.90\" \/>\n<meta property=\"product:price:currency\" content=\"EUR\" \/>\n<meta property=\"og:availability\" content=\"instock\" \/>\n<meta property=\"product:availability\" content=\"instock\" \/>\n<meta property=\"product:condition\" content=\"new\" \/>\n<!-- \/ Yoast SEO plugin. -->","yoast_head_json":{"title":"Aove Coupage Valenciano Online - Alicante-Oliven\u00f6l","description":"Entdecken Sie den authentischen Geschmack des Mittelmeers in dieser EVOO-Mischung aus den Sorten Blanqueta und Man\u00e7anella. Valencianisches Oliven\u00f6l.","robots":{"index":"index","follow":"follow","max-snippet":"max-snippet:-1","max-image-preview":"max-image-preview:large","max-video-preview":"max-video-preview:-1"},"canonical":"https:\/\/picoytallo.com\/de\/producto\/blanqueta-mancanella-coupage-evoo-500ml\/","og_locale":"de_DE","og_type":"article","og_title":"Aove Coupage Valenciano Online - Alicante-Oliven\u00f6l","og_description":"Entdecken Sie den authentischen Geschmack des Mittelmeers in dieser EVOO-Mischung aus den Sorten Blanqueta und Man\u00e7anella. Valencianisches Oliven\u00f6l.","og_url":"https:\/\/picoytallo.com\/de\/producto\/blanqueta-mancanella-coupage-evoo-500ml\/","og_site_name":"Pico y Tallo","article_modified_time":"2023-03-15T08:06:47+00:00","og_image":[{"width":1200,"height":1200,"url":"https:\/\/picoytallo.com\/wp-content\/uploads\/2022\/12\/Aove-coupage.webp","type":"image\/webp"}],"twitter_card":"summary_large_image","twitter_misc":{"Preis":"11,90&euro;","Verf\u00fcgbarkeit":"Auf Lager"},"schema":{"@context":"https:\/\/schema.org","@graph":[{"@type":"WebPage","@id":"https:\/\/picoytallo.com\/de\/producto\/blanqueta-mancanella-coupage-evoo-500ml\/","url":"https:\/\/picoytallo.com\/de\/producto\/blanqueta-mancanella-coupage-evoo-500ml\/","name":"Aove Coupage Valenciano Online - Alicante-Oliven\u00f6l","isPartOf":{"@id":"https:\/\/picoytallo.com\/de\/#website"},"primaryImageOfPage":{"@id":"https:\/\/picoytallo.com\/de\/producto\/blanqueta-mancanella-coupage-evoo-500ml\/#primaryimage"},"image":{"@id":"https:\/\/picoytallo.com\/de\/producto\/blanqueta-mancanella-coupage-evoo-500ml\/#primaryimage"},"thumbnailUrl":"https:\/\/picoytallo.com\/wp-content\/uploads\/2022\/12\/Aove-coupage.webp","datePublished":"2022-12-15T11:46:58+00:00","dateModified":"2023-03-15T08:06:47+00:00","description":"Entdecken Sie den authentischen Geschmack des Mittelmeers in dieser EVOO-Mischung aus den Sorten Blanqueta und Man\u00e7anella. Valencianisches Oliven\u00f6l.","breadcrumb":{"@id":"https:\/\/picoytallo.com\/de\/producto\/blanqueta-mancanella-coupage-evoo-500ml\/#breadcrumb"},"inLanguage":"de","potentialAction":[{"@type":"ReadAction","target":["https:\/\/picoytallo.com\/de\/producto\/blanqueta-mancanella-coupage-evoo-500ml\/"]}]},{"@type":"ImageObject","inLanguage":"de","@id":"https:\/\/picoytallo.com\/de\/producto\/blanqueta-mancanella-coupage-evoo-500ml\/#primaryimage","url":"https:\/\/picoytallo.com\/wp-content\/uploads\/2022\/12\/Aove-coupage.webp","contentUrl":"https:\/\/picoytallo.com\/wp-content\/uploads\/2022\/12\/Aove-coupage.webp","width":1200,"height":1200},{"@type":"BreadcrumbList","@id":"https:\/\/picoytallo.com\/de\/producto\/blanqueta-mancanella-coupage-evoo-500ml\/#breadcrumb","itemListElement":[{"@type":"ListItem","position":1,"name":"Portada","item":"https:\/\/picoytallo.com\/de\/home\/"},{"@type":"ListItem","position":2,"name":"Shop","item":"https:\/\/picoytallo.com\/de\/shop\/"},{"@type":"ListItem","position":3,"name":"Blanqueta-Man\u00e7anella Coupage EVOO 500ml"}]},{"@type":"WebSite","@id":"https:\/\/picoytallo.com\/de\/#website","url":"https:\/\/picoytallo.com\/de\/","name":"Pico y Tallo","description":"Productos Gourmet Online","publisher":{"@id":"https:\/\/picoytallo.com\/de\/#organization"},"potentialAction":[{"@type":"SearchAction","target":{"@type":"EntryPoint","urlTemplate":"https:\/\/picoytallo.com\/de\/?s={search_term_string}"},"query-input":{"@type":"PropertyValueSpecification","valueRequired":true,"valueName":"search_term_string"}}],"inLanguage":"de"},{"@type":"Organization","@id":"https:\/\/picoytallo.com\/de\/#organization","name":"Pico y Tallo","url":"https:\/\/picoytallo.com\/de\/","logo":{"@type":"ImageObject","inLanguage":"de","@id":"https:\/\/picoytallo.com\/de\/#\/schema\/logo\/image\/","url":"https:\/\/picoytallo.com\/wp-content\/uploads\/2022\/03\/cropped-Productos-gourmet-picotallo.webp","contentUrl":"https:\/\/picoytallo.com\/wp-content\/uploads\/2022\/03\/cropped-Productos-gourmet-picotallo.webp","width":1194,"height":314,"caption":"Pico y Tallo"},"image":{"@id":"https:\/\/picoytallo.com\/de\/#\/schema\/logo\/image\/"}}]},"product_price_amount":"11.90","product_price_currency":"EUR","og_availability":"instock","product_availability":"instock","product_condition":"new"},"_links":{"self":[{"href":"https:\/\/picoytallo.com\/de\/wp-json\/wp\/v2\/product\/3624","targetHints":{"allow":["GET"]}}],"collection":[{"href":"https:\/\/picoytallo.com\/de\/wp-json\/wp\/v2\/product"}],"about":[{"href":"https:\/\/picoytallo.com\/de\/wp-json\/wp\/v2\/types\/product"}],"replies":[{"embeddable":true,"href":"https:\/\/picoytallo.com\/de\/wp-json\/wp\/v2\/comments?post=3624"}],"wp:featuredmedia":[{"embeddable":true,"href":"https:\/\/picoytallo.com\/de\/wp-json\/wp\/v2\/media\/2879"}],"wp:attachment":[{"href":"https:\/\/picoytallo.com\/de\/wp-json\/wp\/v2\/media?parent=3624"}],"wp:term":[{"taxonomy":"product_brand","embeddable":true,"href":"https:\/\/picoytallo.com\/de\/wp-json\/wp\/v2\/product_brand?post=3624"},{"taxonomy":"product_cat","embeddable":true,"href":"https:\/\/picoytallo.com\/de\/wp-json\/wp\/v2\/product_cat?post=3624"},{"taxonomy":"product_tag","embeddable":true,"href":"https:\/\/picoytallo.com\/de\/wp-json\/wp\/v2\/product_tag?post=3624"}],"curies":[{"name":"wp","href":"https:\/\/api.w.org\/{rel}","templated":true}]}}