{"id":4792,"date":"2024-10-08T15:31:16","date_gmt":"2024-10-08T13:31:16","guid":{"rendered":"https:\/\/picoytallo.com\/producto\/ventresca-de-bonito-del-norte-weisser-thunfischbauch-gourmetprodukt-aus-handwerklicher-herstellung\/"},"modified":"2025-12-05T12:22:35","modified_gmt":"2025-12-05T10:22:35","slug":"ventresca-bonito-norte-gourmet-artesanal","status":"publish","type":"product","link":"https:\/\/picoytallo.com\/de\/producto\/ventresca-bonito-norte-gourmet-artesanal\/","title":{"rendered":"Ventresca de Bonito del Norte (Wei\u00dfer Thunfischbauch) &#8211; Gourmetprodukt aus handwerklicher Herstellung"},"content":{"rendered":"<article class=\"4ever-article\" data-clipboard-cangjie=\"[\"root\",{\"copyFrom\":33891801},[\"p\",{\"jc\":\"left\",\"ind\":{},\"spacing\":{}},[\"span\",{\"data-type\":\"text\"},[\"span\",{\"bold\":true,\"color\":\"rgb(34, 34, 34)\",\"highlight\":\"rgba(235, 191, 96, 0.5)\",\"sz\":12,\"szUnit\":\"pt\",\"data-type\":\"leaf\"},\"Descubre este aperitivo \u00fanico para los amantes del aut\u00e9ntico sabor a mar.\"]]],[\"p\",{\"jc\":\"left\",\"ind\":{},\"spacing\":{}},[\"span\",{\"data-type\":\"text\"},[\"span\",{\"color\":\"rgb(34, 34, 34)\",\"highlight\":\"rgba(235, 191, 96, 0.5)\",\"sz\":12,\"szUnit\":\"pt\",\"data-type\":\"leaf\"},\"Elaborado artesanalmente y decant\u00e1ndonos por producto procedente del Mar Cant\u00e1brico, resulta suave al paladar y potente sabor a marisco.\"]]],[\"p\",{\"jc\":\"left\",\"ind\":{},\"spacing\":{}},[\"span\",{\"data-type\":\"text\"},[\"span\",{\"data-type\":\"leaf\"},\"\"]]],[\"p\",{\"jc\":\"left\",\"ind\":{},\"spacing\":{}},[\"span\",{\"data-type\":\"text\"},[\"span\",{\"color\":\"rgb(34, 34, 34)\",\"highlight\":\"rgba(235, 191, 96, 0.5)\",\"sz\":12,\"szUnit\":\"pt\",\"data-type\":\"leaf\"},\"Ingredientes: Clara de huevo l\u00edquido, n\u00e9cora (crust\u00e1ceo) (22%), tomate, nata l\u00edquida, vino Pedro Xim\u00e9nez, sal marina, pimienta negra.\"]]]]\">\n<h2>Bonito-Bauch Thunfisch mit EVOO<\/h2>\n<p><strong>Entdecken Sie diesen Aperitif mit einem eleganten und raffinierten Geschmack.<\/strong><\/p>\n<p>Ausgew\u00e4hlte Thunfischbauchfilets in Oliven\u00f6l eingelegt.<\/p>\n<p>Das Produkt wird in einer Metallverpackung vom Typ RO-150 pr\u00e4sentiert, die innen lackiert ist, um alle Eigenschaften und N\u00e4hrwerte zu erhalten.<\/p>\n<p>Zutaten: <span style=\"font-size: 16px;\">Wei\u00dfer Thunfischbauch, Oliven\u00f6l und Salz.<\/span><\/p>\n<p>&nbsp;<\/p>\n<p>Wei\u00dfe Thunfischbauchfilets in Oliven\u00f6l<\/p>\n<p>Metallbeh\u00e4lter \u00d899x25mm<\/p>\n<p>Nettogewicht: 140 <abbr title=\"Gramm\">gr.<\/abbr><\/p>\n<p>Abtropfgewicht: 100 gr.<\/p>\n<p>Kategorie: Handgemachte Konserven<\/p>\n<\/article>\n","protected":false},"excerpt":{"rendered":"<p>Wei\u00dfe Thunfischbauchfilets in Oliven\u00f6l<\/p>\n<p>Metallbeh\u00e4lter \u00d899x25mm<\/p>\n<p>Nettogewicht: 140 <abbr title=\"Gramm\">gr.<\/abbr><\/p>\n<p>Abtropfgewicht: 100 gr.<\/p>\n<p>Kategorie: Handgemachte Konserven<\/p>\n<p>&nbsp;<\/p>\n<h3><strong>Hochwertiges Produkt<\/strong><\/h3>\n<p>Genie\u00dfen Sie den exquisiten <strong>wei\u00dfen Thunfischbauch<\/strong>, den zartesten und saftigsten Teil des Thunfischs, der sorgf\u00e4ltig ausgew\u00e4hlt und in <strong>nativem Oliven\u00f6l extra<\/strong> eingelegt wird, um seinen einzigartigen Geschmack und seine Textur zu bewahren. Diese hochwertige Delikatesse, die in den kalten Gew\u00e4ssern des Kantabrischen Meeres gefangen wurde, ist ideal f\u00fcr anspruchsvolle Gaumen, die auf der Suche nach einem authentischen gastronomischen Erlebnis sind. Die Ventresca eignet sich perfekt f\u00fcr Gourmetsalate, Tapas oder einfach f\u00fcr sich selbst. Sie zeichnet sich durch ihr zartes Fleisch und ihren milden Geschmack aus, der jedes Gericht aufwertet. Ohne Konservierungsstoffe oder k\u00fcnstliche Zusatzstoffe.   <\/p>\n","protected":false},"featured_media":4774,"comment_status":"open","ping_status":"closed","template":"","meta":[],"product_brand":[],"product_cat":[425,1061],"product_tag":[],"class_list":{"0":"post-4792","1":"product","2":"type-product","3":"status-publish","4":"has-post-thumbnail","6":"product_cat-gourmet-produkte","7":"product_cat-konserven","9":"first","10":"instock","11":"shipping-taxable","12":"purchasable","13":"product-type-simple"},"yoast_head":"<!-- This site is optimized with the Yoast SEO plugin v26.9 - https:\/\/yoast.com\/product\/yoast-seo-wordpress\/ -->\n<title>Wei\u00dfer Thunfischbauch - Aperitifs und hausgemachte Gourmetprodukte<\/title>\n<meta name=\"description\" content=\"Probieren Sie diese ideale Vorspeise f\u00fcr Feinschmecker: Wei\u00dfer Thunfischbauch. Produkte und Snacks online kaufen.\" \/>\n<meta name=\"robots\" content=\"index, follow, max-snippet:-1, max-image-preview:large, max-video-preview:-1\" \/>\n<link rel=\"canonical\" href=\"https:\/\/picoytallo.com\/de\/producto\/ventresca-bonito-norte-gourmet-artesanal\/\" \/>\n<meta property=\"og:locale\" content=\"de_DE\" \/>\n<meta property=\"og:type\" content=\"article\" \/>\n<meta property=\"og:title\" content=\"Wei\u00dfer Thunfischbauch - Aperitifs und hausgemachte Gourmetprodukte\" \/>\n<meta property=\"og:description\" content=\"Probieren Sie diese ideale Vorspeise f\u00fcr Feinschmecker: Wei\u00dfer Thunfischbauch. Produkte und Snacks online kaufen.\" \/>\n<meta property=\"og:url\" content=\"https:\/\/picoytallo.com\/de\/producto\/ventresca-bonito-norte-gourmet-artesanal\/\" \/>\n<meta property=\"og:site_name\" content=\"Pico y Tallo\" \/>\n<meta property=\"article:modified_time\" content=\"2025-12-05T10:22:35+00:00\" \/>\n<meta property=\"og:image\" content=\"https:\/\/picoytallo.com\/wp-content\/uploads\/2024\/10\/Ventresca-bonito-del-norte-aove.png\" \/>\n\t<meta property=\"og:image:width\" content=\"1080\" \/>\n\t<meta property=\"og:image:height\" content=\"1080\" \/>\n\t<meta property=\"og:image:type\" content=\"image\/png\" \/>\n<meta name=\"twitter:card\" content=\"summary_large_image\" \/>\n<script type=\"application\/ld+json\" class=\"yoast-schema-graph\">{\"@context\":\"https:\/\/schema.org\",\"@graph\":[{\"@type\":\"WebPage\",\"@id\":\"https:\/\/picoytallo.com\/de\/producto\/ventresca-bonito-norte-gourmet-artesanal\/\",\"url\":\"https:\/\/picoytallo.com\/de\/producto\/ventresca-bonito-norte-gourmet-artesanal\/\",\"name\":\"Wei\u00dfer Thunfischbauch - Aperitifs und hausgemachte Gourmetprodukte\",\"isPartOf\":{\"@id\":\"https:\/\/picoytallo.com\/de\/#website\"},\"primaryImageOfPage\":{\"@id\":\"https:\/\/picoytallo.com\/de\/producto\/ventresca-bonito-norte-gourmet-artesanal\/#primaryimage\"},\"image\":{\"@id\":\"https:\/\/picoytallo.com\/de\/producto\/ventresca-bonito-norte-gourmet-artesanal\/#primaryimage\"},\"thumbnailUrl\":\"https:\/\/picoytallo.com\/wp-content\/uploads\/2024\/10\/Ventresca-bonito-del-norte-aove.png\",\"datePublished\":\"2024-10-08T13:31:16+00:00\",\"dateModified\":\"2025-12-05T10:22:35+00:00\",\"description\":\"Probieren Sie diese ideale Vorspeise f\u00fcr Feinschmecker: Wei\u00dfer Thunfischbauch. Produkte und Snacks online kaufen.\",\"breadcrumb\":{\"@id\":\"https:\/\/picoytallo.com\/de\/producto\/ventresca-bonito-norte-gourmet-artesanal\/#breadcrumb\"},\"inLanguage\":\"de\",\"potentialAction\":[{\"@type\":\"ReadAction\",\"target\":[\"https:\/\/picoytallo.com\/de\/producto\/ventresca-bonito-norte-gourmet-artesanal\/\"]}]},{\"@type\":\"ImageObject\",\"inLanguage\":\"de\",\"@id\":\"https:\/\/picoytallo.com\/de\/producto\/ventresca-bonito-norte-gourmet-artesanal\/#primaryimage\",\"url\":\"https:\/\/picoytallo.com\/wp-content\/uploads\/2024\/10\/Ventresca-bonito-del-norte-aove.png\",\"contentUrl\":\"https:\/\/picoytallo.com\/wp-content\/uploads\/2024\/10\/Ventresca-bonito-del-norte-aove.png\",\"width\":1080,\"height\":1080,\"caption\":\"Ventresca online kaufen\"},{\"@type\":\"BreadcrumbList\",\"@id\":\"https:\/\/picoytallo.com\/de\/producto\/ventresca-bonito-norte-gourmet-artesanal\/#breadcrumb\",\"itemListElement\":[{\"@type\":\"ListItem\",\"position\":1,\"name\":\"Portada\",\"item\":\"https:\/\/picoytallo.com\/de\/\"},{\"@type\":\"ListItem\",\"position\":2,\"name\":\"Shop\",\"item\":\"https:\/\/picoytallo.com\/de\/shop\/\"},{\"@type\":\"ListItem\",\"position\":3,\"name\":\"Ventresca de Bonito del Norte (Wei\u00dfer Thunfischbauch) &#8211; Gourmetprodukt aus handwerklicher Herstellung\"}]},{\"@type\":\"WebSite\",\"@id\":\"https:\/\/picoytallo.com\/de\/#website\",\"url\":\"https:\/\/picoytallo.com\/de\/\",\"name\":\"Pico y Tallo\",\"description\":\"Productos Gourmet Online\",\"publisher\":{\"@id\":\"https:\/\/picoytallo.com\/de\/#organization\"},\"potentialAction\":[{\"@type\":\"SearchAction\",\"target\":{\"@type\":\"EntryPoint\",\"urlTemplate\":\"https:\/\/picoytallo.com\/de\/?s={search_term_string}\"},\"query-input\":{\"@type\":\"PropertyValueSpecification\",\"valueRequired\":true,\"valueName\":\"search_term_string\"}}],\"inLanguage\":\"de\"},{\"@type\":\"Organization\",\"@id\":\"https:\/\/picoytallo.com\/de\/#organization\",\"name\":\"Pico y Tallo\",\"url\":\"https:\/\/picoytallo.com\/de\/\",\"logo\":{\"@type\":\"ImageObject\",\"inLanguage\":\"de\",\"@id\":\"https:\/\/picoytallo.com\/de\/#\/schema\/logo\/image\/\",\"url\":\"https:\/\/picoytallo.com\/wp-content\/uploads\/2022\/03\/cropped-Productos-gourmet-picotallo.webp\",\"contentUrl\":\"https:\/\/picoytallo.com\/wp-content\/uploads\/2022\/03\/cropped-Productos-gourmet-picotallo.webp\",\"width\":1194,\"height\":314,\"caption\":\"Pico y Tallo\"},\"image\":{\"@id\":\"https:\/\/picoytallo.com\/de\/#\/schema\/logo\/image\/\"}}]}<\/script>\n<!-- \/ Yoast SEO plugin. -->","yoast_head_json":{"title":"Wei\u00dfer Thunfischbauch - Aperitifs und hausgemachte Gourmetprodukte","description":"Probieren Sie diese ideale Vorspeise f\u00fcr Feinschmecker: Wei\u00dfer Thunfischbauch. Produkte und Snacks online kaufen.","robots":{"index":"index","follow":"follow","max-snippet":"max-snippet:-1","max-image-preview":"max-image-preview:large","max-video-preview":"max-video-preview:-1"},"canonical":"https:\/\/picoytallo.com\/de\/producto\/ventresca-bonito-norte-gourmet-artesanal\/","og_locale":"de_DE","og_type":"article","og_title":"Wei\u00dfer Thunfischbauch - Aperitifs und hausgemachte Gourmetprodukte","og_description":"Probieren Sie diese ideale Vorspeise f\u00fcr Feinschmecker: Wei\u00dfer Thunfischbauch. Produkte und Snacks online kaufen.","og_url":"https:\/\/picoytallo.com\/de\/producto\/ventresca-bonito-norte-gourmet-artesanal\/","og_site_name":"Pico y Tallo","article_modified_time":"2025-12-05T10:22:35+00:00","og_image":[{"width":1080,"height":1080,"url":"https:\/\/picoytallo.com\/wp-content\/uploads\/2024\/10\/Ventresca-bonito-del-norte-aove.png","type":"image\/png"}],"twitter_card":"summary_large_image","schema":{"@context":"https:\/\/schema.org","@graph":[{"@type":"WebPage","@id":"https:\/\/picoytallo.com\/de\/producto\/ventresca-bonito-norte-gourmet-artesanal\/","url":"https:\/\/picoytallo.com\/de\/producto\/ventresca-bonito-norte-gourmet-artesanal\/","name":"Wei\u00dfer Thunfischbauch - Aperitifs und hausgemachte Gourmetprodukte","isPartOf":{"@id":"https:\/\/picoytallo.com\/de\/#website"},"primaryImageOfPage":{"@id":"https:\/\/picoytallo.com\/de\/producto\/ventresca-bonito-norte-gourmet-artesanal\/#primaryimage"},"image":{"@id":"https:\/\/picoytallo.com\/de\/producto\/ventresca-bonito-norte-gourmet-artesanal\/#primaryimage"},"thumbnailUrl":"https:\/\/picoytallo.com\/wp-content\/uploads\/2024\/10\/Ventresca-bonito-del-norte-aove.png","datePublished":"2024-10-08T13:31:16+00:00","dateModified":"2025-12-05T10:22:35+00:00","description":"Probieren Sie diese ideale Vorspeise f\u00fcr Feinschmecker: Wei\u00dfer Thunfischbauch. Produkte und Snacks online kaufen.","breadcrumb":{"@id":"https:\/\/picoytallo.com\/de\/producto\/ventresca-bonito-norte-gourmet-artesanal\/#breadcrumb"},"inLanguage":"de","potentialAction":[{"@type":"ReadAction","target":["https:\/\/picoytallo.com\/de\/producto\/ventresca-bonito-norte-gourmet-artesanal\/"]}]},{"@type":"ImageObject","inLanguage":"de","@id":"https:\/\/picoytallo.com\/de\/producto\/ventresca-bonito-norte-gourmet-artesanal\/#primaryimage","url":"https:\/\/picoytallo.com\/wp-content\/uploads\/2024\/10\/Ventresca-bonito-del-norte-aove.png","contentUrl":"https:\/\/picoytallo.com\/wp-content\/uploads\/2024\/10\/Ventresca-bonito-del-norte-aove.png","width":1080,"height":1080,"caption":"Ventresca online kaufen"},{"@type":"BreadcrumbList","@id":"https:\/\/picoytallo.com\/de\/producto\/ventresca-bonito-norte-gourmet-artesanal\/#breadcrumb","itemListElement":[{"@type":"ListItem","position":1,"name":"Portada","item":"https:\/\/picoytallo.com\/de\/"},{"@type":"ListItem","position":2,"name":"Shop","item":"https:\/\/picoytallo.com\/de\/shop\/"},{"@type":"ListItem","position":3,"name":"Ventresca de Bonito del Norte (Wei\u00dfer Thunfischbauch) &#8211; Gourmetprodukt aus handwerklicher Herstellung"}]},{"@type":"WebSite","@id":"https:\/\/picoytallo.com\/de\/#website","url":"https:\/\/picoytallo.com\/de\/","name":"Pico y Tallo","description":"Productos Gourmet Online","publisher":{"@id":"https:\/\/picoytallo.com\/de\/#organization"},"potentialAction":[{"@type":"SearchAction","target":{"@type":"EntryPoint","urlTemplate":"https:\/\/picoytallo.com\/de\/?s={search_term_string}"},"query-input":{"@type":"PropertyValueSpecification","valueRequired":true,"valueName":"search_term_string"}}],"inLanguage":"de"},{"@type":"Organization","@id":"https:\/\/picoytallo.com\/de\/#organization","name":"Pico y Tallo","url":"https:\/\/picoytallo.com\/de\/","logo":{"@type":"ImageObject","inLanguage":"de","@id":"https:\/\/picoytallo.com\/de\/#\/schema\/logo\/image\/","url":"https:\/\/picoytallo.com\/wp-content\/uploads\/2022\/03\/cropped-Productos-gourmet-picotallo.webp","contentUrl":"https:\/\/picoytallo.com\/wp-content\/uploads\/2022\/03\/cropped-Productos-gourmet-picotallo.webp","width":1194,"height":314,"caption":"Pico y Tallo"},"image":{"@id":"https:\/\/picoytallo.com\/de\/#\/schema\/logo\/image\/"}}]}},"_links":{"self":[{"href":"https:\/\/picoytallo.com\/de\/wp-json\/wp\/v2\/product\/4792","targetHints":{"allow":["GET"]}}],"collection":[{"href":"https:\/\/picoytallo.com\/de\/wp-json\/wp\/v2\/product"}],"about":[{"href":"https:\/\/picoytallo.com\/de\/wp-json\/wp\/v2\/types\/product"}],"replies":[{"embeddable":true,"href":"https:\/\/picoytallo.com\/de\/wp-json\/wp\/v2\/comments?post=4792"}],"wp:featuredmedia":[{"embeddable":true,"href":"https:\/\/picoytallo.com\/de\/wp-json\/wp\/v2\/media\/4774"}],"wp:attachment":[{"href":"https:\/\/picoytallo.com\/de\/wp-json\/wp\/v2\/media?parent=4792"}],"wp:term":[{"taxonomy":"product_brand","embeddable":true,"href":"https:\/\/picoytallo.com\/de\/wp-json\/wp\/v2\/product_brand?post=4792"},{"taxonomy":"product_cat","embeddable":true,"href":"https:\/\/picoytallo.com\/de\/wp-json\/wp\/v2\/product_cat?post=4792"},{"taxonomy":"product_tag","embeddable":true,"href":"https:\/\/picoytallo.com\/de\/wp-json\/wp\/v2\/product_tag?post=4792"}],"curies":[{"name":"wp","href":"https:\/\/api.w.org\/{rel}","templated":true}]}}