{"id":5015,"date":"2024-11-06T10:23:44","date_gmt":"2024-11-06T08:23:44","guid":{"rendered":"https:\/\/picoytallo.com\/?post_type=product&#038;p=5015"},"modified":"2025-06-24T09:57:46","modified_gmt":"2025-06-24T07:57:46","slug":"vino-alicante-gurgu-avantpassats","status":"publish","type":"product","link":"https:\/\/picoytallo.com\/de\/producto\/vino-alicante-gurgu-avantpassats\/","title":{"rendered":"Wein Alicante GURGU Avantpassats"},"content":{"rendered":"<h2>Alicante Rotwein<\/h2>\n<div class=\"flex-shrink-0 flex flex-col relative items-end\">\n<div>\n<div class=\"pt-0\">\n<div class=\"gizmo-bot-avatar flex h-8 w-8 items-center justify-center overflow-hidden rounded-full\">\n<div class=\"relative p-1 rounded-sm flex items-center justify-center bg-token-main-surface-primary text-token-text-primary h-8 w-8\"><\/div>\n<\/div>\n<\/div>\n<\/div>\n<\/div>\n<div class=\"group\/conversation-turn relative flex w-full min-w-0 flex-col agent-turn\">\n<div class=\"flex-col gap-1 md:gap-3\">\n<div class=\"flex max-w-full flex-col flex-grow\">\n<div class=\"min-h-8 text-message flex w-full flex-col items-end gap-2 whitespace-normal break-words [.text-message+&amp;]:mt-5\" dir=\"auto\" data-message-author-role=\"assistant\" data-message-id=\"e8fbacb4-97e0-4cb3-9522-da0f72d8730c\" data-message-model-slug=\"gpt-4o\">\n<div class=\"flex w-full flex-col gap-1 empty:hidden first:pt-[3px]\">\n<div class=\"markdown prose w-full break-words dark:prose-invert light\">\n<div class=\"group\/conversation-turn relative flex w-full min-w-0 flex-col agent-turn\">\n<div class=\"flex-col gap-1 md:gap-3\">\n<div class=\"flex max-w-full flex-col flex-grow\">\n<div class=\"min-h-8 text-message flex w-full flex-col items-end gap-2 whitespace-normal break-words [.text-message+&amp;]:mt-5\" dir=\"auto\" data-message-author-role=\"assistant\" data-message-id=\"8392630d-8864-42e2-a278-204e098f750b\" data-message-model-slug=\"gpt-4o\">\n<div class=\"flex w-full flex-col gap-1 empty:hidden first:pt-[3px]\">\n<div class=\"markdown prose w-full break-words dark:prose-invert light\">\n<p>Der Wein Alicante GURGU Avantpassats stammt aus den Bergen von Alicante und wird exklusiv und in limitierter Auflage hergestellt. Er wird zu 100% aus der Rebsorte Gir\u00f3 hergestellt und reift 12 Monate lang in Steingutgef\u00e4\u00dfen, die eine mehr als hundertj\u00e4hrige Geschichte haben. Diese uralte Methode erm\u00f6glicht es dem Wein, seinen Lebenszyklus in der gleichen Umgebung zu vollenden, in der er entstanden ist: in der Erde. Diese Steingutkr\u00fcge, die urspr\u00fcnglich zur Aufbewahrung von wertvollen Produkten wie Fleisch, \u00d6l und Getreide verwendet wurden, wurden wiederverwendet, um den Traditionen unserer Vorfahren zu huldigen.   <\/p>\n<p>Mit Avantpassats m\u00f6chte GURGU die Erinnerung an seine Gro\u00dfeltern und Vorfahren ehren, die ihn lehrten, das Land als Quelle des wertvollsten Gutes zu sch\u00e4tzen: Wein.<\/p>\n<p><strong>Verkostungsnotizen<\/strong><\/p>\n<ul>\n<li><strong>Aroma:<\/strong> Kandierte Fr\u00fcchte auf einem erdigen Hintergrund, der an die Atmosph\u00e4re des Fasses erinnert.<\/li>\n<li><strong>Aussehen:<\/strong> Kirschrot von mittlerer Intensit\u00e4t, mit attraktiven Nuancen.<\/li>\n<li><strong>Gaumen:<\/strong> Frische S\u00e4ure, mit Noten von kandiertem K\u00fcrbis und einem Hauch von Ton, der an seine Herkunft aus den F\u00e4ssern erinnert.<\/li>\n<\/ul>\n<p><strong>Paarung<\/strong><\/p>\n<p>Ideal zu frischem Gem\u00fcse, Hummus, Nudeln, Reis und Guacamole.<\/p>\n<h3><strong>Valencianische Weine<\/strong><\/h3>\n<p>Die Weinproduktion in Valencia kann auf eine \u00fcber tausendj\u00e4hrige Geschichte zur\u00fcckblicken, auch wenn die Region nicht immer auf der ganzen Welt bekannt war. In der heutigen Zeit haben sich die valencianischen Weine zu Signature-Weinen entwickelt, die neue und reiche Nuancen aufweisen. <\/p>\n<p>Entdecken Sie den einzigartigen Charakter der Weine aus Alicante, Valencia und Castell\u00f3n, wo GURGU Avantpassats und Mistela de Pico y Tallo die Essenz und den Respekt vor der Weinbautradition repr\u00e4sentieren.<\/p>\n<\/div>\n<\/div>\n<\/div>\n<\/div>\n<\/div>\n<\/div>\n<\/div>\n<\/div>\n<\/div>\n<\/div>\n<\/div>\n<\/div>\n","protected":false},"excerpt":{"rendered":"<p>Wein der Sorte Gir\u00f3.  <strong>Steingutkr\u00fcge mit mehr als 100 Jahren Geschichte.<\/strong><\/p>\n","protected":false},"featured_media":5021,"comment_status":"open","ping_status":"closed","template":"","meta":[],"product_brand":[],"product_cat":[465],"product_tag":[924,466,923],"class_list":{"0":"post-5015","1":"product","2":"type-product","3":"status-publish","4":"has-post-thumbnail","6":"product_cat-weine-und-spirituosen","7":"product_tag-alicante-wein","8":"product_tag-rotwein","9":"product_tag-wein","11":"first","12":"instock","13":"shipping-taxable","14":"purchasable","15":"product-type-simple"},"yoast_head":"<!-- This site is optimized with the Yoast SEO plugin v26.9 - https:\/\/yoast.com\/product\/yoast-seo-wordpress\/ -->\n<title>Alicante Wein kaufen GURGU Avantpassats | Pico y Tallo<\/title>\n<meta name=\"description\" content=\"Alicante Wein GURGU Avantpassats in Pico y Tallo kaufen. Genie\u00dfen Sie die besten Weine und andere Gourmetprodukte auf unserer Website.\" \/>\n<meta name=\"robots\" content=\"index, follow, max-snippet:-1, max-image-preview:large, max-video-preview:-1\" \/>\n<link rel=\"canonical\" href=\"https:\/\/picoytallo.com\/de\/producto\/vino-alicante-gurgu-avantpassats\/\" \/>\n<meta property=\"og:locale\" content=\"de_DE\" \/>\n<meta property=\"og:type\" content=\"article\" \/>\n<meta property=\"og:title\" content=\"Alicante Wein kaufen GURGU Avantpassats | Pico y Tallo\" \/>\n<meta property=\"og:description\" content=\"Alicante Wein GURGU Avantpassats in Pico y Tallo kaufen. Genie\u00dfen Sie die besten Weine und andere Gourmetprodukte auf unserer Website.\" \/>\n<meta property=\"og:url\" content=\"https:\/\/picoytallo.com\/de\/producto\/vino-alicante-gurgu-avantpassats\/\" \/>\n<meta property=\"og:site_name\" content=\"Pico y Tallo\" \/>\n<meta property=\"article:modified_time\" content=\"2025-06-24T07:57:46+00:00\" \/>\n<meta property=\"og:image\" content=\"https:\/\/picoytallo.com\/wp-content\/uploads\/2024\/11\/195.png\" \/>\n\t<meta property=\"og:image:width\" content=\"1080\" \/>\n\t<meta property=\"og:image:height\" content=\"1080\" \/>\n\t<meta property=\"og:image:type\" content=\"image\/png\" \/>\n<meta name=\"twitter:card\" content=\"summary_large_image\" \/>\n<meta name=\"twitter:label1\" content=\"Gesch\u00e4tzte Lesezeit\" \/>\n\t<meta name=\"twitter:data1\" content=\"1\u00a0Minute\" \/>\n<script type=\"application\/ld+json\" class=\"yoast-schema-graph\">{\"@context\":\"https:\/\/schema.org\",\"@graph\":[{\"@type\":\"WebPage\",\"@id\":\"https:\/\/picoytallo.com\/de\/producto\/vino-alicante-gurgu-avantpassats\/\",\"url\":\"https:\/\/picoytallo.com\/de\/producto\/vino-alicante-gurgu-avantpassats\/\",\"name\":\"Alicante Wein kaufen GURGU Avantpassats | Pico y Tallo\",\"isPartOf\":{\"@id\":\"https:\/\/picoytallo.com\/de\/#website\"},\"primaryImageOfPage\":{\"@id\":\"https:\/\/picoytallo.com\/de\/producto\/vino-alicante-gurgu-avantpassats\/#primaryimage\"},\"image\":{\"@id\":\"https:\/\/picoytallo.com\/de\/producto\/vino-alicante-gurgu-avantpassats\/#primaryimage\"},\"thumbnailUrl\":\"https:\/\/picoytallo.com\/wp-content\/uploads\/2024\/11\/195.png\",\"datePublished\":\"2024-11-06T08:23:44+00:00\",\"dateModified\":\"2025-06-24T07:57:46+00:00\",\"description\":\"Alicante Wein GURGU Avantpassats in Pico y Tallo kaufen. Genie\u00dfen Sie die besten Weine und andere Gourmetprodukte auf unserer Website.\",\"breadcrumb\":{\"@id\":\"https:\/\/picoytallo.com\/de\/producto\/vino-alicante-gurgu-avantpassats\/#breadcrumb\"},\"inLanguage\":\"de\",\"potentialAction\":[{\"@type\":\"ReadAction\",\"target\":[\"https:\/\/picoytallo.com\/de\/producto\/vino-alicante-gurgu-avantpassats\/\"]}]},{\"@type\":\"ImageObject\",\"inLanguage\":\"de\",\"@id\":\"https:\/\/picoytallo.com\/de\/producto\/vino-alicante-gurgu-avantpassats\/#primaryimage\",\"url\":\"https:\/\/picoytallo.com\/wp-content\/uploads\/2024\/11\/195.png\",\"contentUrl\":\"https:\/\/picoytallo.com\/wp-content\/uploads\/2024\/11\/195.png\",\"width\":1080,\"height\":1080,\"caption\":\"Vino\"},{\"@type\":\"BreadcrumbList\",\"@id\":\"https:\/\/picoytallo.com\/de\/producto\/vino-alicante-gurgu-avantpassats\/#breadcrumb\",\"itemListElement\":[{\"@type\":\"ListItem\",\"position\":1,\"name\":\"Portada\",\"item\":\"https:\/\/picoytallo.com\/de\/\"},{\"@type\":\"ListItem\",\"position\":2,\"name\":\"Shop\",\"item\":\"https:\/\/picoytallo.com\/de\/shop\/\"},{\"@type\":\"ListItem\",\"position\":3,\"name\":\"Wein Alicante GURGU Avantpassats\"}]},{\"@type\":\"WebSite\",\"@id\":\"https:\/\/picoytallo.com\/de\/#website\",\"url\":\"https:\/\/picoytallo.com\/de\/\",\"name\":\"Pico y Tallo\",\"description\":\"Productos Gourmet Online\",\"publisher\":{\"@id\":\"https:\/\/picoytallo.com\/de\/#organization\"},\"potentialAction\":[{\"@type\":\"SearchAction\",\"target\":{\"@type\":\"EntryPoint\",\"urlTemplate\":\"https:\/\/picoytallo.com\/de\/?s={search_term_string}\"},\"query-input\":{\"@type\":\"PropertyValueSpecification\",\"valueRequired\":true,\"valueName\":\"search_term_string\"}}],\"inLanguage\":\"de\"},{\"@type\":\"Organization\",\"@id\":\"https:\/\/picoytallo.com\/de\/#organization\",\"name\":\"Pico y Tallo\",\"url\":\"https:\/\/picoytallo.com\/de\/\",\"logo\":{\"@type\":\"ImageObject\",\"inLanguage\":\"de\",\"@id\":\"https:\/\/picoytallo.com\/de\/#\/schema\/logo\/image\/\",\"url\":\"https:\/\/picoytallo.com\/wp-content\/uploads\/2022\/03\/cropped-Productos-gourmet-picotallo.webp\",\"contentUrl\":\"https:\/\/picoytallo.com\/wp-content\/uploads\/2022\/03\/cropped-Productos-gourmet-picotallo.webp\",\"width\":1194,\"height\":314,\"caption\":\"Pico y Tallo\"},\"image\":{\"@id\":\"https:\/\/picoytallo.com\/de\/#\/schema\/logo\/image\/\"}}]}<\/script>\n<!-- \/ Yoast SEO plugin. -->","yoast_head_json":{"title":"Alicante Wein kaufen GURGU Avantpassats | Pico y Tallo","description":"Alicante Wein GURGU Avantpassats in Pico y Tallo kaufen. Genie\u00dfen Sie die besten Weine und andere Gourmetprodukte auf unserer Website.","robots":{"index":"index","follow":"follow","max-snippet":"max-snippet:-1","max-image-preview":"max-image-preview:large","max-video-preview":"max-video-preview:-1"},"canonical":"https:\/\/picoytallo.com\/de\/producto\/vino-alicante-gurgu-avantpassats\/","og_locale":"de_DE","og_type":"article","og_title":"Alicante Wein kaufen GURGU Avantpassats | Pico y Tallo","og_description":"Alicante Wein GURGU Avantpassats in Pico y Tallo kaufen. Genie\u00dfen Sie die besten Weine und andere Gourmetprodukte auf unserer Website.","og_url":"https:\/\/picoytallo.com\/de\/producto\/vino-alicante-gurgu-avantpassats\/","og_site_name":"Pico y Tallo","article_modified_time":"2025-06-24T07:57:46+00:00","og_image":[{"width":1080,"height":1080,"url":"https:\/\/picoytallo.com\/wp-content\/uploads\/2024\/11\/195.png","type":"image\/png"}],"twitter_card":"summary_large_image","twitter_misc":{"Gesch\u00e4tzte Lesezeit":"1\u00a0Minute"},"schema":{"@context":"https:\/\/schema.org","@graph":[{"@type":"WebPage","@id":"https:\/\/picoytallo.com\/de\/producto\/vino-alicante-gurgu-avantpassats\/","url":"https:\/\/picoytallo.com\/de\/producto\/vino-alicante-gurgu-avantpassats\/","name":"Alicante Wein kaufen GURGU Avantpassats | Pico y Tallo","isPartOf":{"@id":"https:\/\/picoytallo.com\/de\/#website"},"primaryImageOfPage":{"@id":"https:\/\/picoytallo.com\/de\/producto\/vino-alicante-gurgu-avantpassats\/#primaryimage"},"image":{"@id":"https:\/\/picoytallo.com\/de\/producto\/vino-alicante-gurgu-avantpassats\/#primaryimage"},"thumbnailUrl":"https:\/\/picoytallo.com\/wp-content\/uploads\/2024\/11\/195.png","datePublished":"2024-11-06T08:23:44+00:00","dateModified":"2025-06-24T07:57:46+00:00","description":"Alicante Wein GURGU Avantpassats in Pico y Tallo kaufen. Genie\u00dfen Sie die besten Weine und andere Gourmetprodukte auf unserer Website.","breadcrumb":{"@id":"https:\/\/picoytallo.com\/de\/producto\/vino-alicante-gurgu-avantpassats\/#breadcrumb"},"inLanguage":"de","potentialAction":[{"@type":"ReadAction","target":["https:\/\/picoytallo.com\/de\/producto\/vino-alicante-gurgu-avantpassats\/"]}]},{"@type":"ImageObject","inLanguage":"de","@id":"https:\/\/picoytallo.com\/de\/producto\/vino-alicante-gurgu-avantpassats\/#primaryimage","url":"https:\/\/picoytallo.com\/wp-content\/uploads\/2024\/11\/195.png","contentUrl":"https:\/\/picoytallo.com\/wp-content\/uploads\/2024\/11\/195.png","width":1080,"height":1080,"caption":"Vino"},{"@type":"BreadcrumbList","@id":"https:\/\/picoytallo.com\/de\/producto\/vino-alicante-gurgu-avantpassats\/#breadcrumb","itemListElement":[{"@type":"ListItem","position":1,"name":"Portada","item":"https:\/\/picoytallo.com\/de\/"},{"@type":"ListItem","position":2,"name":"Shop","item":"https:\/\/picoytallo.com\/de\/shop\/"},{"@type":"ListItem","position":3,"name":"Wein Alicante GURGU Avantpassats"}]},{"@type":"WebSite","@id":"https:\/\/picoytallo.com\/de\/#website","url":"https:\/\/picoytallo.com\/de\/","name":"Pico y Tallo","description":"Productos Gourmet Online","publisher":{"@id":"https:\/\/picoytallo.com\/de\/#organization"},"potentialAction":[{"@type":"SearchAction","target":{"@type":"EntryPoint","urlTemplate":"https:\/\/picoytallo.com\/de\/?s={search_term_string}"},"query-input":{"@type":"PropertyValueSpecification","valueRequired":true,"valueName":"search_term_string"}}],"inLanguage":"de"},{"@type":"Organization","@id":"https:\/\/picoytallo.com\/de\/#organization","name":"Pico y Tallo","url":"https:\/\/picoytallo.com\/de\/","logo":{"@type":"ImageObject","inLanguage":"de","@id":"https:\/\/picoytallo.com\/de\/#\/schema\/logo\/image\/","url":"https:\/\/picoytallo.com\/wp-content\/uploads\/2022\/03\/cropped-Productos-gourmet-picotallo.webp","contentUrl":"https:\/\/picoytallo.com\/wp-content\/uploads\/2022\/03\/cropped-Productos-gourmet-picotallo.webp","width":1194,"height":314,"caption":"Pico y Tallo"},"image":{"@id":"https:\/\/picoytallo.com\/de\/#\/schema\/logo\/image\/"}}]}},"_links":{"self":[{"href":"https:\/\/picoytallo.com\/de\/wp-json\/wp\/v2\/product\/5015","targetHints":{"allow":["GET"]}}],"collection":[{"href":"https:\/\/picoytallo.com\/de\/wp-json\/wp\/v2\/product"}],"about":[{"href":"https:\/\/picoytallo.com\/de\/wp-json\/wp\/v2\/types\/product"}],"replies":[{"embeddable":true,"href":"https:\/\/picoytallo.com\/de\/wp-json\/wp\/v2\/comments?post=5015"}],"wp:featuredmedia":[{"embeddable":true,"href":"https:\/\/picoytallo.com\/de\/wp-json\/wp\/v2\/media\/5021"}],"wp:attachment":[{"href":"https:\/\/picoytallo.com\/de\/wp-json\/wp\/v2\/media?parent=5015"}],"wp:term":[{"taxonomy":"product_brand","embeddable":true,"href":"https:\/\/picoytallo.com\/de\/wp-json\/wp\/v2\/product_brand?post=5015"},{"taxonomy":"product_cat","embeddable":true,"href":"https:\/\/picoytallo.com\/de\/wp-json\/wp\/v2\/product_cat?post=5015"},{"taxonomy":"product_tag","embeddable":true,"href":"https:\/\/picoytallo.com\/de\/wp-json\/wp\/v2\/product_tag?post=5015"}],"curies":[{"name":"wp","href":"https:\/\/api.w.org\/{rel}","templated":true}]}}