{"id":5023,"date":"2024-11-06T10:48:14","date_gmt":"2024-11-06T08:48:14","guid":{"rendered":"https:\/\/picoytallo.com\/?post_type=product&#038;p=5023"},"modified":"2025-12-05T12:17:49","modified_gmt":"2025-12-05T10:17:49","slug":"pfirsich-artesana-pfirsich-marmelade","status":"publish","type":"product","link":"https:\/\/picoytallo.com\/de\/producto\/pfirsich-artesana-pfirsich-marmelade\/","title":{"rendered":"Handwerklich hergestellte Pfirsichmarmelade 120 g"},"content":{"rendered":"<h2>Nat\u00fcrliche Pfirsichkonfit\u00fcre 135 g.<\/h2>\n<p>Die handwerklich hergestellte Pfirsichkonfit\u00fcre von Pico y Tallo ist ein authentischer Genuss, der den unverf\u00e4lschten Geschmack und die Qualit\u00e4t dieser Frucht widerspiegelt. Hergestellt aus Pfirsichen, die zum perfekten Reifezeitpunkt ausgew\u00e4hlt wurden, f\u00e4ngt diese Konfit\u00fcre das ganze Aroma und die S\u00fc\u00dfe ein, die Pfirsichliebhaber sch\u00e4tzen. Jedes Glas spiegelt unser Engagement f\u00fcr Qualit\u00e4t und Authentizit\u00e4t wider.  <\/p>\n<p><strong>Sorgf\u00e4ltige Verarbeitung f\u00fcr einen unvergesslichen Geschmack<\/strong><\/p>\n<p>Bei Pico y Tallo beginnt Qualit\u00e4t mit der Auswahl der besten Fr\u00fcchte. Unsere Pfirsichkonfit\u00fcre wird nach traditionellen Methoden langsam gekocht, so dass alle nat\u00fcrlichen Eigenschaften des Pfirsichs erhalten bleiben. Das Ergebnis ist eine Konfit\u00fcre mit einer ausgewogenen Textur und einem tiefen, erfrischenden Geschmack.  <\/p>\n<p><strong>Vielseitigkeit und Geschmack<\/strong><\/p>\n<p>Unsere handwerklich hergestellte Pfirsichmarmelade ist perfekt f\u00fcr eine Vielzahl von kulinarischen Verwendungen:<\/p>\n<ul>\n<li><strong>Fr\u00fchst\u00fcck<\/strong>: Genie\u00dfen Sie ihn auf Toast, Croissants oder als Zugabe zu Ihrer Sch\u00fcssel Haferflocken.<\/li>\n<li><strong>Desserts<\/strong>: Ideal f\u00fcr Torten, Parfaits und andere S\u00fc\u00dfigkeiten.<\/li>\n<li><strong>K\u00e4sebretter<\/strong>: Verleihen Sie Ihren Vorspeisenbrettern mit K\u00e4se und Charcuterie eine s\u00fc\u00dfe Note.<\/li>\n<\/ul>\n<p><strong>Engagement f\u00fcr Nachhaltigkeit<\/strong><\/p>\n<p>Neben dem Geschmack liegt uns auch die Umwelt am Herzen. Unsere Erzeuger verwenden nachhaltige Methoden f\u00fcr den Anbau von Pfirsichen. Wenn Sie unsere Konfit\u00fcre w\u00e4hlen, unterst\u00fctzen Sie eine gr\u00fcnere Zukunft.  <\/p>\n<p><strong>Entdecken Sie neue Wege, ihn zu genie\u00dfen<\/strong><\/p>\n<p>Entdecken Sie weitere M\u00f6glichkeiten, unsere handwerklich hergestellte Pfirsichmarmelade zu genie\u00dfen:<\/p>\n<ul>\n<li>Als F\u00fcllung in Kuchen und Torten.<\/li>\n<li>Um Ihren Smoothies und Drinks eine besondere Note zu verleihen.<\/li>\n<li>Als k\u00f6stlicher Belag f\u00fcr Eiscreme und kalte Desserts.<\/li>\n<li>Und nat\u00fcrlich f\u00fcr Ihren Toast.<\/li>\n<\/ul>\n<p>Wenn Sie sich f\u00fcr unsere Konfit\u00fcre entscheiden, entscheiden Sie sich f\u00fcr ein Produkt, das mit Hingabe und Liebe f\u00fcr authentische Aromen auf traditionelle Weise hergestellt wird. Tauchen Sie ein in das Pico y Tallo-Erlebnis und entdecken Sie den einzigartigen Geschmack unserer handwerklich hergestellten Pfirsichkonfit\u00fcre. <\/p>\n","protected":false},"excerpt":{"rendered":"<p><strong>Tauchen Sie ein in den s\u00fc\u00dfen Genuss unserer Artisan Aprikosenmarmelade, ein kulinarisches Juwel, das die Essenz des Sommers in jedem Bissen einf\u00e4ngt.<\/strong><\/p>\n<p>Gewicht: 130 gr.<\/p>\n","protected":false},"featured_media":5029,"comment_status":"open","ping_status":"closed","template":"","meta":[],"product_brand":[],"product_cat":[425],"product_tag":[1213,1211,1212],"class_list":{"0":"post-5023","1":"product","2":"type-product","3":"status-publish","4":"has-post-thumbnail","6":"product_cat-gourmet-produkte","7":"product_tag-gourmet-konfiture-2","8":"product_tag-kunsthandwerkliche-marmelade-2","9":"product_tag-pfirsichmarmelade-2","11":"first","12":"instock","13":"shipping-taxable","14":"purchasable","15":"product-type-simple"},"yoast_head":"<!-- This site is optimized with the Yoast SEO plugin v26.9 - https:\/\/yoast.com\/product\/yoast-seo-wordpress\/ -->\n<title>Handwerklich hergestellte Pfirsichmarmelade kaufen : Pico y Tallo<\/title>\n<meta name=\"description\" content=\"Entdecken Sie den authentischen Geschmack von Pfirsichen dank der handwerklichen Pfirsichkonfit\u00fcre von Pico y Tallo. Nat\u00fcrliche Marmelade kaufen.\" \/>\n<meta name=\"robots\" content=\"index, follow, max-snippet:-1, max-image-preview:large, max-video-preview:-1\" \/>\n<link rel=\"canonical\" href=\"https:\/\/picoytallo.com\/de\/producto\/pfirsich-artesana-pfirsich-marmelade\/\" \/>\n<meta property=\"og:locale\" content=\"de_DE\" \/>\n<meta property=\"og:type\" content=\"article\" \/>\n<meta property=\"og:title\" content=\"Handwerklich hergestellte Pfirsichmarmelade kaufen : Pico y Tallo\" \/>\n<meta property=\"og:description\" content=\"Entdecken Sie den authentischen Geschmack von Pfirsichen dank der handwerklichen Pfirsichkonfit\u00fcre von Pico y Tallo. Nat\u00fcrliche Marmelade kaufen.\" \/>\n<meta property=\"og:url\" content=\"https:\/\/picoytallo.com\/de\/producto\/pfirsich-artesana-pfirsich-marmelade\/\" \/>\n<meta property=\"og:site_name\" content=\"Pico y Tallo\" \/>\n<meta property=\"article:modified_time\" content=\"2025-12-05T10:17:49+00:00\" \/>\n<meta property=\"og:image\" content=\"https:\/\/picoytallo.com\/wp-content\/uploads\/2024\/11\/161.png\" \/>\n\t<meta property=\"og:image:width\" content=\"1080\" \/>\n\t<meta property=\"og:image:height\" content=\"1080\" \/>\n\t<meta property=\"og:image:type\" content=\"image\/png\" \/>\n<meta name=\"twitter:card\" content=\"summary_large_image\" \/>\n<meta name=\"twitter:label1\" content=\"Gesch\u00e4tzte Lesezeit\" \/>\n\t<meta name=\"twitter:data1\" content=\"2\u00a0Minuten\" \/>\n<script type=\"application\/ld+json\" class=\"yoast-schema-graph\">{\"@context\":\"https:\/\/schema.org\",\"@graph\":[{\"@type\":\"WebPage\",\"@id\":\"https:\/\/picoytallo.com\/de\/producto\/pfirsich-artesana-pfirsich-marmelade\/\",\"url\":\"https:\/\/picoytallo.com\/de\/producto\/pfirsich-artesana-pfirsich-marmelade\/\",\"name\":\"Handwerklich hergestellte Pfirsichmarmelade kaufen : Pico y Tallo\",\"isPartOf\":{\"@id\":\"https:\/\/picoytallo.com\/de\/#website\"},\"primaryImageOfPage\":{\"@id\":\"https:\/\/picoytallo.com\/de\/producto\/pfirsich-artesana-pfirsich-marmelade\/#primaryimage\"},\"image\":{\"@id\":\"https:\/\/picoytallo.com\/de\/producto\/pfirsich-artesana-pfirsich-marmelade\/#primaryimage\"},\"thumbnailUrl\":\"https:\/\/picoytallo.com\/wp-content\/uploads\/2024\/11\/161.png\",\"datePublished\":\"2024-11-06T08:48:14+00:00\",\"dateModified\":\"2025-12-05T10:17:49+00:00\",\"description\":\"Entdecken Sie den authentischen Geschmack von Pfirsichen dank der handwerklichen Pfirsichkonfit\u00fcre von Pico y Tallo. Nat\u00fcrliche Marmelade kaufen.\",\"breadcrumb\":{\"@id\":\"https:\/\/picoytallo.com\/de\/producto\/pfirsich-artesana-pfirsich-marmelade\/#breadcrumb\"},\"inLanguage\":\"de\",\"potentialAction\":[{\"@type\":\"ReadAction\",\"target\":[\"https:\/\/picoytallo.com\/de\/producto\/pfirsich-artesana-pfirsich-marmelade\/\"]}]},{\"@type\":\"ImageObject\",\"inLanguage\":\"de\",\"@id\":\"https:\/\/picoytallo.com\/de\/producto\/pfirsich-artesana-pfirsich-marmelade\/#primaryimage\",\"url\":\"https:\/\/picoytallo.com\/wp-content\/uploads\/2024\/11\/161.png\",\"contentUrl\":\"https:\/\/picoytallo.com\/wp-content\/uploads\/2024\/11\/161.png\",\"width\":1080,\"height\":1080,\"caption\":\"Ein Glas traditionelle Pfirsichmarmelade\"},{\"@type\":\"BreadcrumbList\",\"@id\":\"https:\/\/picoytallo.com\/de\/producto\/pfirsich-artesana-pfirsich-marmelade\/#breadcrumb\",\"itemListElement\":[{\"@type\":\"ListItem\",\"position\":1,\"name\":\"Portada\",\"item\":\"https:\/\/picoytallo.com\/de\/\"},{\"@type\":\"ListItem\",\"position\":2,\"name\":\"Shop\",\"item\":\"https:\/\/picoytallo.com\/de\/shop\/\"},{\"@type\":\"ListItem\",\"position\":3,\"name\":\"Handwerklich hergestellte Pfirsichmarmelade 120 g\"}]},{\"@type\":\"WebSite\",\"@id\":\"https:\/\/picoytallo.com\/de\/#website\",\"url\":\"https:\/\/picoytallo.com\/de\/\",\"name\":\"Pico y Tallo\",\"description\":\"Productos Gourmet Online\",\"publisher\":{\"@id\":\"https:\/\/picoytallo.com\/de\/#organization\"},\"potentialAction\":[{\"@type\":\"SearchAction\",\"target\":{\"@type\":\"EntryPoint\",\"urlTemplate\":\"https:\/\/picoytallo.com\/de\/?s={search_term_string}\"},\"query-input\":{\"@type\":\"PropertyValueSpecification\",\"valueRequired\":true,\"valueName\":\"search_term_string\"}}],\"inLanguage\":\"de\"},{\"@type\":\"Organization\",\"@id\":\"https:\/\/picoytallo.com\/de\/#organization\",\"name\":\"Pico y Tallo\",\"url\":\"https:\/\/picoytallo.com\/de\/\",\"logo\":{\"@type\":\"ImageObject\",\"inLanguage\":\"de\",\"@id\":\"https:\/\/picoytallo.com\/de\/#\/schema\/logo\/image\/\",\"url\":\"https:\/\/picoytallo.com\/wp-content\/uploads\/2022\/03\/cropped-Productos-gourmet-picotallo.webp\",\"contentUrl\":\"https:\/\/picoytallo.com\/wp-content\/uploads\/2022\/03\/cropped-Productos-gourmet-picotallo.webp\",\"width\":1194,\"height\":314,\"caption\":\"Pico y Tallo\"},\"image\":{\"@id\":\"https:\/\/picoytallo.com\/de\/#\/schema\/logo\/image\/\"}}]}<\/script>\n<!-- \/ Yoast SEO plugin. -->","yoast_head_json":{"title":"Handwerklich hergestellte Pfirsichmarmelade kaufen : Pico y Tallo","description":"Entdecken Sie den authentischen Geschmack von Pfirsichen dank der handwerklichen Pfirsichkonfit\u00fcre von Pico y Tallo. Nat\u00fcrliche Marmelade kaufen.","robots":{"index":"index","follow":"follow","max-snippet":"max-snippet:-1","max-image-preview":"max-image-preview:large","max-video-preview":"max-video-preview:-1"},"canonical":"https:\/\/picoytallo.com\/de\/producto\/pfirsich-artesana-pfirsich-marmelade\/","og_locale":"de_DE","og_type":"article","og_title":"Handwerklich hergestellte Pfirsichmarmelade kaufen : Pico y Tallo","og_description":"Entdecken Sie den authentischen Geschmack von Pfirsichen dank der handwerklichen Pfirsichkonfit\u00fcre von Pico y Tallo. Nat\u00fcrliche Marmelade kaufen.","og_url":"https:\/\/picoytallo.com\/de\/producto\/pfirsich-artesana-pfirsich-marmelade\/","og_site_name":"Pico y Tallo","article_modified_time":"2025-12-05T10:17:49+00:00","og_image":[{"width":1080,"height":1080,"url":"https:\/\/picoytallo.com\/wp-content\/uploads\/2024\/11\/161.png","type":"image\/png"}],"twitter_card":"summary_large_image","twitter_misc":{"Gesch\u00e4tzte Lesezeit":"2\u00a0Minuten"},"schema":{"@context":"https:\/\/schema.org","@graph":[{"@type":"WebPage","@id":"https:\/\/picoytallo.com\/de\/producto\/pfirsich-artesana-pfirsich-marmelade\/","url":"https:\/\/picoytallo.com\/de\/producto\/pfirsich-artesana-pfirsich-marmelade\/","name":"Handwerklich hergestellte Pfirsichmarmelade kaufen : Pico y Tallo","isPartOf":{"@id":"https:\/\/picoytallo.com\/de\/#website"},"primaryImageOfPage":{"@id":"https:\/\/picoytallo.com\/de\/producto\/pfirsich-artesana-pfirsich-marmelade\/#primaryimage"},"image":{"@id":"https:\/\/picoytallo.com\/de\/producto\/pfirsich-artesana-pfirsich-marmelade\/#primaryimage"},"thumbnailUrl":"https:\/\/picoytallo.com\/wp-content\/uploads\/2024\/11\/161.png","datePublished":"2024-11-06T08:48:14+00:00","dateModified":"2025-12-05T10:17:49+00:00","description":"Entdecken Sie den authentischen Geschmack von Pfirsichen dank der handwerklichen Pfirsichkonfit\u00fcre von Pico y Tallo. Nat\u00fcrliche Marmelade kaufen.","breadcrumb":{"@id":"https:\/\/picoytallo.com\/de\/producto\/pfirsich-artesana-pfirsich-marmelade\/#breadcrumb"},"inLanguage":"de","potentialAction":[{"@type":"ReadAction","target":["https:\/\/picoytallo.com\/de\/producto\/pfirsich-artesana-pfirsich-marmelade\/"]}]},{"@type":"ImageObject","inLanguage":"de","@id":"https:\/\/picoytallo.com\/de\/producto\/pfirsich-artesana-pfirsich-marmelade\/#primaryimage","url":"https:\/\/picoytallo.com\/wp-content\/uploads\/2024\/11\/161.png","contentUrl":"https:\/\/picoytallo.com\/wp-content\/uploads\/2024\/11\/161.png","width":1080,"height":1080,"caption":"Ein Glas traditionelle Pfirsichmarmelade"},{"@type":"BreadcrumbList","@id":"https:\/\/picoytallo.com\/de\/producto\/pfirsich-artesana-pfirsich-marmelade\/#breadcrumb","itemListElement":[{"@type":"ListItem","position":1,"name":"Portada","item":"https:\/\/picoytallo.com\/de\/"},{"@type":"ListItem","position":2,"name":"Shop","item":"https:\/\/picoytallo.com\/de\/shop\/"},{"@type":"ListItem","position":3,"name":"Handwerklich hergestellte Pfirsichmarmelade 120 g"}]},{"@type":"WebSite","@id":"https:\/\/picoytallo.com\/de\/#website","url":"https:\/\/picoytallo.com\/de\/","name":"Pico y Tallo","description":"Productos Gourmet Online","publisher":{"@id":"https:\/\/picoytallo.com\/de\/#organization"},"potentialAction":[{"@type":"SearchAction","target":{"@type":"EntryPoint","urlTemplate":"https:\/\/picoytallo.com\/de\/?s={search_term_string}"},"query-input":{"@type":"PropertyValueSpecification","valueRequired":true,"valueName":"search_term_string"}}],"inLanguage":"de"},{"@type":"Organization","@id":"https:\/\/picoytallo.com\/de\/#organization","name":"Pico y Tallo","url":"https:\/\/picoytallo.com\/de\/","logo":{"@type":"ImageObject","inLanguage":"de","@id":"https:\/\/picoytallo.com\/de\/#\/schema\/logo\/image\/","url":"https:\/\/picoytallo.com\/wp-content\/uploads\/2022\/03\/cropped-Productos-gourmet-picotallo.webp","contentUrl":"https:\/\/picoytallo.com\/wp-content\/uploads\/2022\/03\/cropped-Productos-gourmet-picotallo.webp","width":1194,"height":314,"caption":"Pico y Tallo"},"image":{"@id":"https:\/\/picoytallo.com\/de\/#\/schema\/logo\/image\/"}}]}},"_links":{"self":[{"href":"https:\/\/picoytallo.com\/de\/wp-json\/wp\/v2\/product\/5023","targetHints":{"allow":["GET"]}}],"collection":[{"href":"https:\/\/picoytallo.com\/de\/wp-json\/wp\/v2\/product"}],"about":[{"href":"https:\/\/picoytallo.com\/de\/wp-json\/wp\/v2\/types\/product"}],"replies":[{"embeddable":true,"href":"https:\/\/picoytallo.com\/de\/wp-json\/wp\/v2\/comments?post=5023"}],"wp:featuredmedia":[{"embeddable":true,"href":"https:\/\/picoytallo.com\/de\/wp-json\/wp\/v2\/media\/5029"}],"wp:attachment":[{"href":"https:\/\/picoytallo.com\/de\/wp-json\/wp\/v2\/media?parent=5023"}],"wp:term":[{"taxonomy":"product_brand","embeddable":true,"href":"https:\/\/picoytallo.com\/de\/wp-json\/wp\/v2\/product_brand?post=5023"},{"taxonomy":"product_cat","embeddable":true,"href":"https:\/\/picoytallo.com\/de\/wp-json\/wp\/v2\/product_cat?post=5023"},{"taxonomy":"product_tag","embeddable":true,"href":"https:\/\/picoytallo.com\/de\/wp-json\/wp\/v2\/product_tag?post=5023"}],"curies":[{"name":"wp","href":"https:\/\/api.w.org\/{rel}","templated":true}]}}