{"id":5093,"date":"2024-11-06T14:22:41","date_gmt":"2024-11-06T12:22:41","guid":{"rendered":"https:\/\/picoytallo.com\/?post_type=product&#038;p=5093"},"modified":"2025-12-04T17:03:26","modified_gmt":"2025-12-04T15:03:26","slug":"pack-picnick-picoteo-gourmet","status":"publish","type":"product","link":"https:\/\/picoytallo.com\/de\/producto\/pack-picnick-picoteo-gourmet\/","title":{"rendered":"Picnick herzhafte Snackpackung"},"content":{"rendered":"<h2><span data-teams=\"true\"><span class=\"ui-provider dy yy yz za zb zc zd ze zf zg zh zi zj zk zl zm zn zo zp zq zr zs zt zu zv zw zx zy zz aba abb abc abd abe abf\" dir=\"ltr\">Picknick-Snackpaket mit Ferragnes-Mandeln, Garum S.XXI und Blanqueta-Oliven.<\/span><\/span><\/h2>\n<h3><\/h3>\n<h3><strong>Picnick Pack Picoteo de Pico y Tallo: Das Erlebnis der mediterranen Aromen in einer Packung.<\/strong><\/h3>\n<p>&nbsp;<\/p>\n<p>Entdecken Sie den authentischen Geschmack des Mittelmeers mit dem Picnick Pack Picoteo de Pico y Tallo, einer einzigartigen Auswahl handwerklich hergestellter und hochwertiger Produkte, die Sie jederzeit genie\u00dfen k\u00f6nnen. Diese besondere Packung von \u201eEss\u00e8ncies de Di\u00e0nia\u201c enth\u00e4lt eine k\u00f6stliche Mischung aus Ferragnes-Mandeln mit gesalzener, ger\u00f6steter Schale, Garum S. XXI und den exquisiten Blanqueta-Oliven, die allesamt ein authentisches und geschmackvolles Knabbererlebnis bieten. <\/p>\n<p><strong>Mandelfragmente mit ger\u00f6steter Schale und Salz: Ein nat\u00fcrlicher und gesunder Snack<\/strong><\/p>\n<p>Das Picnick Pack Picoteo de Pico y Tallo enth\u00e4lt die exklusiven Ferragnes-Mandeln mit gesalzener Schale, eine mediterrane Mandelsorte, die f\u00fcr ihre Gr\u00f6\u00dfe, ihren milden Geschmack und ihre knackige Textur bekannt ist. Diese Mandeln wurden sorgf\u00e4ltig ausgew\u00e4hlt und ger\u00f6stet, wobei ihre Schale erhalten blieb und mit einem Hauch von Salz verfeinert wurde. Mit ihrem hohen Gehalt an Proteinen, Ballaststoffen und gesunden Fetten sind die Ferragnes-Mandeln der perfekte Snack f\u00fcr alle, die ein nat\u00fcrliches und nahrhaftes Produkt als Zwischenmahlzeit suchen.  <\/p>\n<p><strong>Garum S. XXI: Mediterrane Tradition in einem modernen Snack<\/strong><\/p>\n<p>Inspiriert von dem antiken r\u00f6mischen Garum-Rezept ist Garum S. XXI eine moderne Neuerfindung dieses historischen Gew\u00fcrzes, die speziell f\u00fcr das Picnick Pack Picoteo entwickelt wurde. Mit seinem einzigartigen Umami-Geschmack verleiht dieser Garum jedem Snack Tiefe und eine besondere Note. Die Zutaten, aus denen er besteht: schwarze Bio-Oliven und kantabrische Sardellen, sind ideal als Beilage zu einem leckeren Brot, als perfekter Verb\u00fcndeter f\u00fcr die Mandeln und Oliven der Packung oder um Ihren Lieblingsgerichten einen zus\u00e4tzlichen Geschmack zu verleihen. <\/p>\n<p><strong>Blanquette-Oliven: Die perfekte Beilage zu Ihren Snacks<\/strong><\/p>\n<p>Die Packung enth\u00e4lt au\u00dferdem Blanqueta-Oliven, eine typische Sorte aus dem Mittelmeerraum, die f\u00fcr ihren milden und nat\u00fcrlichen Geschmack gesch\u00e4tzt wird. Diese Oliven wurden so ausgew\u00e4hlt, dass sie eine feste Textur und einen authentischen Geschmack bieten und dieses Picnick Pack Picoteo mit einem Hauch von Tradition und Frische abrunden. <\/p>\n<p><strong>Ess\u00e8ncies de Di\u00e0nia: Ein Paket, mit dem Sie das Mittelmeer \u00fcberall genie\u00dfen k\u00f6nnen.<\/strong><\/p>\n<p>Das Picknick-Snackpaket \u201eEss\u00e8ncies de Di\u00e0nia\u201c von Pico y Tallo wurde f\u00fcr die Momente entwickelt, in denen Sie einen hochwertigen Snack genie\u00dfen m\u00f6chten, der von den Aromen und Traditionen des Mittelmeerraums inspiriert ist. Ob auf dem Land, am Strand oder einfach zu Hause, diese Packung ist eine vielseitige und k\u00f6stliche Option f\u00fcr jede Gelegenheit. <\/p>\n<p>Wenn Sie sich f\u00fcr das Picnick Pack Picoteo de Pico y Tallo entscheiden, entscheiden Sie sich f\u00fcr einen hochwertigen Snack mit nat\u00fcrlichen, biologischen Produkten und authentischem Geschmack. Jedes Element dieser Packung wurde ausgew\u00e4hlt, um eine einzigartige und ausgewogene Geschmackskombination zu bieten, die die mediterrane Tradition respektiert und an die heutigen Bed\u00fcrfnisse angepasst ist. <\/p>\n<p>Entdecken Sie die einzigartigen Aromen von Pico y Tallo und genie\u00dfen Sie ein unvergleichliches Knabbererlebnis mit dem Picnick Pack Picoteo \u201eEss\u00e8ncies de Di\u00e1nia\u201c.<\/p>\n","protected":false},"excerpt":{"rendered":"<p>Gebratene Marcona-Mandeln mit einem Hauch von Salz.<\/p>\n","protected":false},"featured_media":5099,"comment_status":"open","ping_status":"closed","template":"","meta":[],"product_brand":[],"product_cat":[425,1061],"product_tag":[957,1190,1189,1188,1192,1187,1191],"class_list":{"0":"post-5093","1":"product","2":"type-product","3":"status-publish","4":"has-post-thumbnail","6":"product_cat-gourmet-produkte","7":"product_cat-konserven","8":"product_tag-garum-de","9":"product_tag-gerostete-mandeln-2","10":"product_tag-geschalte-mandeln-2","11":"product_tag-gourmet-mandeln-2","12":"product_tag-naschen-2","13":"product_tag-oliven-3","14":"product_tag-snackpaket-2","16":"first","17":"instock","18":"shipping-taxable","19":"purchasable","20":"product-type-simple"},"yoast_head":"<!-- This site is optimized with the Yoast SEO plugin v26.9 - https:\/\/yoast.com\/product\/yoast-seo-wordpress\/ -->\n<title>Picnick Gourmet-Snackpaket kaufen - Schnabel &amp; Stiel<\/title>\n<meta name=\"description\" content=\"Picnick herzhafte Snackpackung kaufen. Mandeln, Garum S XXI und Gourmet-Blanqueta-Oliven vom Land. Bio-Produkte online.\" \/>\n<meta name=\"robots\" content=\"index, follow, max-snippet:-1, max-image-preview:large, max-video-preview:-1\" \/>\n<link rel=\"canonical\" href=\"https:\/\/picoytallo.com\/de\/producto\/pack-picnick-picoteo-gourmet\/\" \/>\n<meta property=\"og:locale\" content=\"de_DE\" \/>\n<meta property=\"og:type\" content=\"article\" \/>\n<meta property=\"og:title\" content=\"Picnick Gourmet-Snackpaket kaufen - Schnabel &amp; Stiel\" \/>\n<meta property=\"og:description\" content=\"Picnick herzhafte Snackpackung kaufen. Mandeln, Garum S XXI und Gourmet-Blanqueta-Oliven vom Land. Bio-Produkte online.\" \/>\n<meta property=\"og:url\" content=\"https:\/\/picoytallo.com\/de\/producto\/pack-picnick-picoteo-gourmet\/\" \/>\n<meta property=\"og:site_name\" content=\"Pico y Tallo\" \/>\n<meta property=\"article:modified_time\" content=\"2025-12-04T15:03:26+00:00\" \/>\n<meta property=\"og:image\" content=\"https:\/\/picoytallo.com\/wp-content\/uploads\/2024\/11\/153.png\" \/>\n\t<meta property=\"og:image:width\" content=\"1080\" \/>\n\t<meta property=\"og:image:height\" content=\"1080\" \/>\n\t<meta property=\"og:image:type\" content=\"image\/png\" \/>\n<meta name=\"twitter:card\" content=\"summary_large_image\" \/>\n<meta name=\"twitter:label1\" content=\"Gesch\u00e4tzte Lesezeit\" \/>\n\t<meta name=\"twitter:data1\" content=\"3\u00a0Minuten\" \/>\n<script type=\"application\/ld+json\" class=\"yoast-schema-graph\">{\"@context\":\"https:\/\/schema.org\",\"@graph\":[{\"@type\":\"WebPage\",\"@id\":\"https:\/\/picoytallo.com\/de\/producto\/pack-picnick-picoteo-gourmet\/\",\"url\":\"https:\/\/picoytallo.com\/de\/producto\/pack-picnick-picoteo-gourmet\/\",\"name\":\"Picnick Gourmet-Snackpaket kaufen - Schnabel & Stiel\",\"isPartOf\":{\"@id\":\"https:\/\/picoytallo.com\/de\/#website\"},\"primaryImageOfPage\":{\"@id\":\"https:\/\/picoytallo.com\/de\/producto\/pack-picnick-picoteo-gourmet\/#primaryimage\"},\"image\":{\"@id\":\"https:\/\/picoytallo.com\/de\/producto\/pack-picnick-picoteo-gourmet\/#primaryimage\"},\"thumbnailUrl\":\"https:\/\/picoytallo.com\/wp-content\/uploads\/2024\/11\/153.png\",\"datePublished\":\"2024-11-06T12:22:41+00:00\",\"dateModified\":\"2025-12-04T15:03:26+00:00\",\"description\":\"Picnick herzhafte Snackpackung kaufen. Mandeln, Garum S XXI und Gourmet-Blanqueta-Oliven vom Land. Bio-Produkte online.\",\"breadcrumb\":{\"@id\":\"https:\/\/picoytallo.com\/de\/producto\/pack-picnick-picoteo-gourmet\/#breadcrumb\"},\"inLanguage\":\"de\",\"potentialAction\":[{\"@type\":\"ReadAction\",\"target\":[\"https:\/\/picoytallo.com\/de\/producto\/pack-picnick-picoteo-gourmet\/\"]}]},{\"@type\":\"ImageObject\",\"inLanguage\":\"de\",\"@id\":\"https:\/\/picoytallo.com\/de\/producto\/pack-picnick-picoteo-gourmet\/#primaryimage\",\"url\":\"https:\/\/picoytallo.com\/wp-content\/uploads\/2024\/11\/153.png\",\"contentUrl\":\"https:\/\/picoytallo.com\/wp-content\/uploads\/2024\/11\/153.png\",\"width\":1080,\"height\":1080,\"caption\":\"Picnick Gourmet-Packung\"},{\"@type\":\"BreadcrumbList\",\"@id\":\"https:\/\/picoytallo.com\/de\/producto\/pack-picnick-picoteo-gourmet\/#breadcrumb\",\"itemListElement\":[{\"@type\":\"ListItem\",\"position\":1,\"name\":\"Portada\",\"item\":\"https:\/\/picoytallo.com\/de\/\"},{\"@type\":\"ListItem\",\"position\":2,\"name\":\"Shop\",\"item\":\"https:\/\/picoytallo.com\/de\/shop\/\"},{\"@type\":\"ListItem\",\"position\":3,\"name\":\"Picnick herzhafte Snackpackung\"}]},{\"@type\":\"WebSite\",\"@id\":\"https:\/\/picoytallo.com\/de\/#website\",\"url\":\"https:\/\/picoytallo.com\/de\/\",\"name\":\"Pico y Tallo\",\"description\":\"Productos Gourmet Online\",\"publisher\":{\"@id\":\"https:\/\/picoytallo.com\/de\/#organization\"},\"potentialAction\":[{\"@type\":\"SearchAction\",\"target\":{\"@type\":\"EntryPoint\",\"urlTemplate\":\"https:\/\/picoytallo.com\/de\/?s={search_term_string}\"},\"query-input\":{\"@type\":\"PropertyValueSpecification\",\"valueRequired\":true,\"valueName\":\"search_term_string\"}}],\"inLanguage\":\"de\"},{\"@type\":\"Organization\",\"@id\":\"https:\/\/picoytallo.com\/de\/#organization\",\"name\":\"Pico y Tallo\",\"url\":\"https:\/\/picoytallo.com\/de\/\",\"logo\":{\"@type\":\"ImageObject\",\"inLanguage\":\"de\",\"@id\":\"https:\/\/picoytallo.com\/de\/#\/schema\/logo\/image\/\",\"url\":\"https:\/\/picoytallo.com\/wp-content\/uploads\/2022\/03\/cropped-Productos-gourmet-picotallo.webp\",\"contentUrl\":\"https:\/\/picoytallo.com\/wp-content\/uploads\/2022\/03\/cropped-Productos-gourmet-picotallo.webp\",\"width\":1194,\"height\":314,\"caption\":\"Pico y Tallo\"},\"image\":{\"@id\":\"https:\/\/picoytallo.com\/de\/#\/schema\/logo\/image\/\"}}]}<\/script>\n<!-- \/ Yoast SEO plugin. -->","yoast_head_json":{"title":"Picnick Gourmet-Snackpaket kaufen - Schnabel & Stiel","description":"Picnick herzhafte Snackpackung kaufen. Mandeln, Garum S XXI und Gourmet-Blanqueta-Oliven vom Land. Bio-Produkte online.","robots":{"index":"index","follow":"follow","max-snippet":"max-snippet:-1","max-image-preview":"max-image-preview:large","max-video-preview":"max-video-preview:-1"},"canonical":"https:\/\/picoytallo.com\/de\/producto\/pack-picnick-picoteo-gourmet\/","og_locale":"de_DE","og_type":"article","og_title":"Picnick Gourmet-Snackpaket kaufen - Schnabel & Stiel","og_description":"Picnick herzhafte Snackpackung kaufen. Mandeln, Garum S XXI und Gourmet-Blanqueta-Oliven vom Land. Bio-Produkte online.","og_url":"https:\/\/picoytallo.com\/de\/producto\/pack-picnick-picoteo-gourmet\/","og_site_name":"Pico y Tallo","article_modified_time":"2025-12-04T15:03:26+00:00","og_image":[{"width":1080,"height":1080,"url":"https:\/\/picoytallo.com\/wp-content\/uploads\/2024\/11\/153.png","type":"image\/png"}],"twitter_card":"summary_large_image","twitter_misc":{"Gesch\u00e4tzte Lesezeit":"3\u00a0Minuten"},"schema":{"@context":"https:\/\/schema.org","@graph":[{"@type":"WebPage","@id":"https:\/\/picoytallo.com\/de\/producto\/pack-picnick-picoteo-gourmet\/","url":"https:\/\/picoytallo.com\/de\/producto\/pack-picnick-picoteo-gourmet\/","name":"Picnick Gourmet-Snackpaket kaufen - Schnabel & Stiel","isPartOf":{"@id":"https:\/\/picoytallo.com\/de\/#website"},"primaryImageOfPage":{"@id":"https:\/\/picoytallo.com\/de\/producto\/pack-picnick-picoteo-gourmet\/#primaryimage"},"image":{"@id":"https:\/\/picoytallo.com\/de\/producto\/pack-picnick-picoteo-gourmet\/#primaryimage"},"thumbnailUrl":"https:\/\/picoytallo.com\/wp-content\/uploads\/2024\/11\/153.png","datePublished":"2024-11-06T12:22:41+00:00","dateModified":"2025-12-04T15:03:26+00:00","description":"Picnick herzhafte Snackpackung kaufen. Mandeln, Garum S XXI und Gourmet-Blanqueta-Oliven vom Land. Bio-Produkte online.","breadcrumb":{"@id":"https:\/\/picoytallo.com\/de\/producto\/pack-picnick-picoteo-gourmet\/#breadcrumb"},"inLanguage":"de","potentialAction":[{"@type":"ReadAction","target":["https:\/\/picoytallo.com\/de\/producto\/pack-picnick-picoteo-gourmet\/"]}]},{"@type":"ImageObject","inLanguage":"de","@id":"https:\/\/picoytallo.com\/de\/producto\/pack-picnick-picoteo-gourmet\/#primaryimage","url":"https:\/\/picoytallo.com\/wp-content\/uploads\/2024\/11\/153.png","contentUrl":"https:\/\/picoytallo.com\/wp-content\/uploads\/2024\/11\/153.png","width":1080,"height":1080,"caption":"Picnick Gourmet-Packung"},{"@type":"BreadcrumbList","@id":"https:\/\/picoytallo.com\/de\/producto\/pack-picnick-picoteo-gourmet\/#breadcrumb","itemListElement":[{"@type":"ListItem","position":1,"name":"Portada","item":"https:\/\/picoytallo.com\/de\/"},{"@type":"ListItem","position":2,"name":"Shop","item":"https:\/\/picoytallo.com\/de\/shop\/"},{"@type":"ListItem","position":3,"name":"Picnick herzhafte Snackpackung"}]},{"@type":"WebSite","@id":"https:\/\/picoytallo.com\/de\/#website","url":"https:\/\/picoytallo.com\/de\/","name":"Pico y Tallo","description":"Productos Gourmet Online","publisher":{"@id":"https:\/\/picoytallo.com\/de\/#organization"},"potentialAction":[{"@type":"SearchAction","target":{"@type":"EntryPoint","urlTemplate":"https:\/\/picoytallo.com\/de\/?s={search_term_string}"},"query-input":{"@type":"PropertyValueSpecification","valueRequired":true,"valueName":"search_term_string"}}],"inLanguage":"de"},{"@type":"Organization","@id":"https:\/\/picoytallo.com\/de\/#organization","name":"Pico y Tallo","url":"https:\/\/picoytallo.com\/de\/","logo":{"@type":"ImageObject","inLanguage":"de","@id":"https:\/\/picoytallo.com\/de\/#\/schema\/logo\/image\/","url":"https:\/\/picoytallo.com\/wp-content\/uploads\/2022\/03\/cropped-Productos-gourmet-picotallo.webp","contentUrl":"https:\/\/picoytallo.com\/wp-content\/uploads\/2022\/03\/cropped-Productos-gourmet-picotallo.webp","width":1194,"height":314,"caption":"Pico y Tallo"},"image":{"@id":"https:\/\/picoytallo.com\/de\/#\/schema\/logo\/image\/"}}]}},"_links":{"self":[{"href":"https:\/\/picoytallo.com\/de\/wp-json\/wp\/v2\/product\/5093","targetHints":{"allow":["GET"]}}],"collection":[{"href":"https:\/\/picoytallo.com\/de\/wp-json\/wp\/v2\/product"}],"about":[{"href":"https:\/\/picoytallo.com\/de\/wp-json\/wp\/v2\/types\/product"}],"replies":[{"embeddable":true,"href":"https:\/\/picoytallo.com\/de\/wp-json\/wp\/v2\/comments?post=5093"}],"wp:featuredmedia":[{"embeddable":true,"href":"https:\/\/picoytallo.com\/de\/wp-json\/wp\/v2\/media\/5099"}],"wp:attachment":[{"href":"https:\/\/picoytallo.com\/de\/wp-json\/wp\/v2\/media?parent=5093"}],"wp:term":[{"taxonomy":"product_brand","embeddable":true,"href":"https:\/\/picoytallo.com\/de\/wp-json\/wp\/v2\/product_brand?post=5093"},{"taxonomy":"product_cat","embeddable":true,"href":"https:\/\/picoytallo.com\/de\/wp-json\/wp\/v2\/product_cat?post=5093"},{"taxonomy":"product_tag","embeddable":true,"href":"https:\/\/picoytallo.com\/de\/wp-json\/wp\/v2\/product_tag?post=5093"}],"curies":[{"name":"wp","href":"https:\/\/api.w.org\/{rel}","templated":true}]}}