{"id":5129,"date":"2024-11-07T18:04:46","date_gmt":"2024-11-07T16:04:46","guid":{"rendered":"https:\/\/picoytallo.com\/?post_type=product&#038;p=5129"},"modified":"2025-08-21T20:57:20","modified_gmt":"2025-08-21T18:57:20","slug":"pericana-seca-gourmet","status":"publish","type":"product","link":"https:\/\/picoytallo.com\/de\/producto\/pericana-seca-gourmet\/","title":{"rendered":"Knusprig getrocknete Perikane"},"content":{"rendered":"<h2><strong>Pericana seca: Authentischer mediterraner Geschmack in jedem Bissen.<\/strong><\/h2>\n<p>Entdecken Sie die authentische Essenz der Gastronomie von Alicante mit den Pericana Ess\u00e8ncies de Di\u00e0nia Extra Crunchy. Diese exquisite traditionelle Vorspeise, die aus hochwertigen Zutaten und nach dem typischen Rezept der Region Alcoi\u00e0 und Comtat hergestellt wird, ist ein kulinarischer Genuss, der den intensiven Geschmack von getrockneten Paprika, die rauchige Note von \u00f1oras und die Sanftheit eines guten Oliven\u00f6ls vereint. Perfekt, um sie einfach auf einer Scheibe getoastetem Brot zu genie\u00dfen, ist die Pericana ein gastronomisches Muss f\u00fcr jeden Liebhaber der mediterranen K\u00fcche.<\/p>\n<p>Pericana ist ein kulturelles und kulinarisches Erbe, das in den Bergen von Alicante von Generation zu Generation weitergegeben wurde. Ess\u00e8ncies de Di\u00e0nia hat diese Tradition in einem handwerklichen Produkt festgehalten, das den authentischen Geschmack dieses jahrtausendealten Rezepts bewahrt und es an den modernen Geschmack anpasst, ohne seine Identit\u00e4t zu verlieren. Jede Packung Pericana Ess\u00e8ncies de Di\u00e0nia enth\u00e4lt frische, nat\u00fcrliche und zusatzstofffreie Zutaten und respektiert traditionelle Methoden, um einen unvergleichlichen Geschmack zu bieten, der mit der Geschichte und der Seele der Region verbunden ist.<\/p>\n<h3>Was macht die Pericana Ess\u00e8ncies de Di\u00e0nia einzigartig?<\/h3>\n<p>Die Qualit\u00e4t der getrockneten Pericana von Ess\u00e8ncies de Di\u00e0nia ist auf eine sorgf\u00e4ltige Auswahl der Zutaten und ein handwerkliches Herstellungsverfahren zur\u00fcckzuf\u00fchren. Diese Marke zeichnet sich durch ihr Engagement f\u00fcr die Umwelt und die Unterst\u00fctzung der lokalen Landwirte in der Valencianischen Gemeinschaft aus und verwendet lokale und saisonale Produkte. Au\u00dferdem wird jedes Glas mit viel Liebe zum Detail zubereitet, um sicherzustellen, dass jeder Bissen voller Geschmack und extra knuspriger Textur ist. Wenn Sie Pericana Ess\u00e8ncies de Di\u00e0nia probieren, k\u00f6nnen Sie eine Mischung aus intensiven und milden Aromen erleben, die an die Aromen des Mittelmeers und der Berge von Alicante erinnern.<\/p>\n<p>&nbsp;<\/p>\n<h3>Vorteile und Eigenschaften von Pericana Ess\u00e8ncies de Di\u00e0nia<\/h3>\n<p>Neben seinem unschlagbaren Geschmack ist Pericana ein gesundes Produkt, das ohne Konservierungsstoffe oder k\u00fcnstliche Farbstoffe hergestellt wird und voller positiver Eigenschaften f\u00fcr den Organismus ist. Die nat\u00fcrlichen Zutaten, aus denen <strong>Pericana Ess\u00e8ncies de Di\u00e0nia<\/strong> besteht, liefern Vitamine, Antioxidantien und gesunde Fette, die in der mediterranen Ern\u00e4hrung, die f\u00fcr ihre positiven Auswirkungen auf die Gesundheit bekannt ist, unerl\u00e4sslich sind.<\/p>\n<h3>Wo kann man den Pericana kaufen?<\/h3>\n<p>Wenn Sie den authentischen Geschmack der Pericana zu Hause erleben m\u00f6chten, finden Sie Pericana Ess\u00e8ncies de Di\u00e0nia bei Pico y Tallo, einem Spezialisten f\u00fcr Gourmetprodukte. Genie\u00dfen Sie den traditionellen Geschmack von Pericana in jedem Bissen und bringen Sie ein Produkt voller Geschichte, Geschmack und Qualit\u00e4t auf Ihren Tisch. \u00dcberraschen Sie Ihre G\u00e4ste mit einer mediterranen Note, die nie unbemerkt bleibt.<\/p>\n<p>Genie\u00dfen Sie den Moment der Zubereitung. Es geht nicht nur um das Essen, sondern auch um die Erfahrung.<\/p>\n<div style=\"width: 660px;\" class=\"wp-video\"><video class=\"wp-video-shortcode\" id=\"video-5129-1\" width=\"660\" height=\"371\" preload=\"metadata\" controls=\"controls\"><source type=\"video\/mp4\" src=\"https:\/\/picoytallo.com\/wp-content\/uploads\/2024\/11\/MicrosoftTeams-video-1.mp4?_=1\" \/><a href=\"https:\/\/picoytallo.com\/wp-content\/uploads\/2024\/11\/MicrosoftTeams-video-1.mp4\">https:\/\/picoytallo.com\/wp-content\/uploads\/2024\/11\/MicrosoftTeams-video-1.mp4<\/a><\/video><\/div>\n","protected":false},"excerpt":{"rendered":"<p>Ess\u00e8ncies de Di\u00e0nia&#8220; Gourmet Barsch trocken und knusprig<\/p>\n","protected":false},"featured_media":5135,"comment_status":"open","ping_status":"closed","template":"","meta":[],"product_brand":[],"product_cat":[425,436],"product_tag":[437,885],"class_list":{"0":"post-5129","1":"product","2":"type-product","3":"status-publish","4":"has-post-thumbnail","6":"product_cat-gourmet-produkte","7":"product_cat-pericana-de","8":"product_tag-pericana-de","9":"product_tag-pericana-gourmet-de","11":"first","12":"instock","13":"shipping-taxable","14":"purchasable","15":"product-type-simple"},"yoast_head":"<!-- This site is optimized with the Yoast SEO plugin v26.9 - https:\/\/yoast.com\/product\/yoast-seo-wordpress\/ -->\n<title>Gourmet trocken knusprig Pericana kaufen - Pico y Tallo<\/title>\n<meta name=\"description\" content=\"Kaufen Sie \u201eEss\u00e8ncies de Di\u00e0nia\u201c trockenes knuspriges Pericana online und bereiten Sie es Schritt f\u00fcr Schritt mit allen bereits gekochten Gourmetprodukten zu.\" \/>\n<meta name=\"robots\" content=\"index, follow, max-snippet:-1, max-image-preview:large, max-video-preview:-1\" \/>\n<link rel=\"canonical\" href=\"https:\/\/picoytallo.com\/de\/producto\/pericana-seca-gourmet\/\" \/>\n<meta property=\"og:locale\" content=\"de_DE\" \/>\n<meta property=\"og:type\" content=\"article\" \/>\n<meta property=\"og:title\" content=\"Gourmet trocken knusprig Pericana kaufen - Pico y Tallo\" \/>\n<meta property=\"og:description\" content=\"Kaufen Sie \u201eEss\u00e8ncies de Di\u00e0nia\u201c trockenes knuspriges Pericana online und bereiten Sie es Schritt f\u00fcr Schritt mit allen bereits gekochten Gourmetprodukten zu.\" \/>\n<meta property=\"og:url\" content=\"https:\/\/picoytallo.com\/de\/producto\/pericana-seca-gourmet\/\" \/>\n<meta property=\"og:site_name\" content=\"Pico y Tallo\" \/>\n<meta property=\"article:modified_time\" content=\"2025-08-21T18:57:20+00:00\" \/>\n<meta property=\"og:image\" content=\"https:\/\/picoytallo.com\/wp-content\/uploads\/2024\/11\/225.png\" \/>\n\t<meta property=\"og:image:width\" content=\"1080\" \/>\n\t<meta property=\"og:image:height\" content=\"1080\" \/>\n\t<meta property=\"og:image:type\" content=\"image\/png\" \/>\n<meta name=\"twitter:card\" content=\"summary_large_image\" \/>\n<meta name=\"twitter:label1\" content=\"Gesch\u00e4tzte Lesezeit\" \/>\n\t<meta name=\"twitter:data1\" content=\"2\u00a0Minuten\" \/>\n<script type=\"application\/ld+json\" class=\"yoast-schema-graph\">{\"@context\":\"https:\/\/schema.org\",\"@graph\":[{\"@type\":\"WebPage\",\"@id\":\"https:\/\/picoytallo.com\/de\/producto\/pericana-seca-gourmet\/\",\"url\":\"https:\/\/picoytallo.com\/de\/producto\/pericana-seca-gourmet\/\",\"name\":\"Gourmet trocken knusprig Pericana kaufen - Pico y Tallo\",\"isPartOf\":{\"@id\":\"https:\/\/picoytallo.com\/de\/#website\"},\"primaryImageOfPage\":{\"@id\":\"https:\/\/picoytallo.com\/de\/producto\/pericana-seca-gourmet\/#primaryimage\"},\"image\":{\"@id\":\"https:\/\/picoytallo.com\/de\/producto\/pericana-seca-gourmet\/#primaryimage\"},\"thumbnailUrl\":\"https:\/\/picoytallo.com\/wp-content\/uploads\/2024\/11\/225.png\",\"datePublished\":\"2024-11-07T16:04:46+00:00\",\"dateModified\":\"2025-08-21T18:57:20+00:00\",\"description\":\"Kaufen Sie \u201eEss\u00e8ncies de Di\u00e0nia\u201c trockenes knuspriges Pericana online und bereiten Sie es Schritt f\u00fcr Schritt mit allen bereits gekochten Gourmetprodukten zu.\",\"breadcrumb\":{\"@id\":\"https:\/\/picoytallo.com\/de\/producto\/pericana-seca-gourmet\/#breadcrumb\"},\"inLanguage\":\"de\",\"potentialAction\":[{\"@type\":\"ReadAction\",\"target\":[\"https:\/\/picoytallo.com\/de\/producto\/pericana-seca-gourmet\/\"]}]},{\"@type\":\"ImageObject\",\"inLanguage\":\"de\",\"@id\":\"https:\/\/picoytallo.com\/de\/producto\/pericana-seca-gourmet\/#primaryimage\",\"url\":\"https:\/\/picoytallo.com\/wp-content\/uploads\/2024\/11\/225.png\",\"contentUrl\":\"https:\/\/picoytallo.com\/wp-content\/uploads\/2024\/11\/225.png\",\"width\":1080,\"height\":1080,\"caption\":\"Paquete Pericana Ess\u00e8ncies de Di\u00e0nia\"},{\"@type\":\"BreadcrumbList\",\"@id\":\"https:\/\/picoytallo.com\/de\/producto\/pericana-seca-gourmet\/#breadcrumb\",\"itemListElement\":[{\"@type\":\"ListItem\",\"position\":1,\"name\":\"Portada\",\"item\":\"https:\/\/picoytallo.com\/de\/\"},{\"@type\":\"ListItem\",\"position\":2,\"name\":\"Shop\",\"item\":\"https:\/\/picoytallo.com\/de\/shop\/\"},{\"@type\":\"ListItem\",\"position\":3,\"name\":\"Knusprig getrocknete Perikane\"}]},{\"@type\":\"WebSite\",\"@id\":\"https:\/\/picoytallo.com\/de\/#website\",\"url\":\"https:\/\/picoytallo.com\/de\/\",\"name\":\"Pico y Tallo\",\"description\":\"Productos Gourmet Online\",\"publisher\":{\"@id\":\"https:\/\/picoytallo.com\/de\/#organization\"},\"potentialAction\":[{\"@type\":\"SearchAction\",\"target\":{\"@type\":\"EntryPoint\",\"urlTemplate\":\"https:\/\/picoytallo.com\/de\/?s={search_term_string}\"},\"query-input\":{\"@type\":\"PropertyValueSpecification\",\"valueRequired\":true,\"valueName\":\"search_term_string\"}}],\"inLanguage\":\"de\"},{\"@type\":\"Organization\",\"@id\":\"https:\/\/picoytallo.com\/de\/#organization\",\"name\":\"Pico y Tallo\",\"url\":\"https:\/\/picoytallo.com\/de\/\",\"logo\":{\"@type\":\"ImageObject\",\"inLanguage\":\"de\",\"@id\":\"https:\/\/picoytallo.com\/de\/#\/schema\/logo\/image\/\",\"url\":\"https:\/\/picoytallo.com\/wp-content\/uploads\/2022\/03\/cropped-Productos-gourmet-picotallo.webp\",\"contentUrl\":\"https:\/\/picoytallo.com\/wp-content\/uploads\/2022\/03\/cropped-Productos-gourmet-picotallo.webp\",\"width\":1194,\"height\":314,\"caption\":\"Pico y Tallo\"},\"image\":{\"@id\":\"https:\/\/picoytallo.com\/de\/#\/schema\/logo\/image\/\"}}]}<\/script>\n<!-- \/ Yoast SEO plugin. -->","yoast_head_json":{"title":"Gourmet trocken knusprig Pericana kaufen - Pico y Tallo","description":"Kaufen Sie \u201eEss\u00e8ncies de Di\u00e0nia\u201c trockenes knuspriges Pericana online und bereiten Sie es Schritt f\u00fcr Schritt mit allen bereits gekochten Gourmetprodukten zu.","robots":{"index":"index","follow":"follow","max-snippet":"max-snippet:-1","max-image-preview":"max-image-preview:large","max-video-preview":"max-video-preview:-1"},"canonical":"https:\/\/picoytallo.com\/de\/producto\/pericana-seca-gourmet\/","og_locale":"de_DE","og_type":"article","og_title":"Gourmet trocken knusprig Pericana kaufen - Pico y Tallo","og_description":"Kaufen Sie \u201eEss\u00e8ncies de Di\u00e0nia\u201c trockenes knuspriges Pericana online und bereiten Sie es Schritt f\u00fcr Schritt mit allen bereits gekochten Gourmetprodukten zu.","og_url":"https:\/\/picoytallo.com\/de\/producto\/pericana-seca-gourmet\/","og_site_name":"Pico y Tallo","article_modified_time":"2025-08-21T18:57:20+00:00","og_image":[{"width":1080,"height":1080,"url":"https:\/\/picoytallo.com\/wp-content\/uploads\/2024\/11\/225.png","type":"image\/png"}],"twitter_card":"summary_large_image","twitter_misc":{"Gesch\u00e4tzte Lesezeit":"2\u00a0Minuten"},"schema":{"@context":"https:\/\/schema.org","@graph":[{"@type":"WebPage","@id":"https:\/\/picoytallo.com\/de\/producto\/pericana-seca-gourmet\/","url":"https:\/\/picoytallo.com\/de\/producto\/pericana-seca-gourmet\/","name":"Gourmet trocken knusprig Pericana kaufen - Pico y Tallo","isPartOf":{"@id":"https:\/\/picoytallo.com\/de\/#website"},"primaryImageOfPage":{"@id":"https:\/\/picoytallo.com\/de\/producto\/pericana-seca-gourmet\/#primaryimage"},"image":{"@id":"https:\/\/picoytallo.com\/de\/producto\/pericana-seca-gourmet\/#primaryimage"},"thumbnailUrl":"https:\/\/picoytallo.com\/wp-content\/uploads\/2024\/11\/225.png","datePublished":"2024-11-07T16:04:46+00:00","dateModified":"2025-08-21T18:57:20+00:00","description":"Kaufen Sie \u201eEss\u00e8ncies de Di\u00e0nia\u201c trockenes knuspriges Pericana online und bereiten Sie es Schritt f\u00fcr Schritt mit allen bereits gekochten Gourmetprodukten zu.","breadcrumb":{"@id":"https:\/\/picoytallo.com\/de\/producto\/pericana-seca-gourmet\/#breadcrumb"},"inLanguage":"de","potentialAction":[{"@type":"ReadAction","target":["https:\/\/picoytallo.com\/de\/producto\/pericana-seca-gourmet\/"]}]},{"@type":"ImageObject","inLanguage":"de","@id":"https:\/\/picoytallo.com\/de\/producto\/pericana-seca-gourmet\/#primaryimage","url":"https:\/\/picoytallo.com\/wp-content\/uploads\/2024\/11\/225.png","contentUrl":"https:\/\/picoytallo.com\/wp-content\/uploads\/2024\/11\/225.png","width":1080,"height":1080,"caption":"Paquete Pericana Ess\u00e8ncies de Di\u00e0nia"},{"@type":"BreadcrumbList","@id":"https:\/\/picoytallo.com\/de\/producto\/pericana-seca-gourmet\/#breadcrumb","itemListElement":[{"@type":"ListItem","position":1,"name":"Portada","item":"https:\/\/picoytallo.com\/de\/"},{"@type":"ListItem","position":2,"name":"Shop","item":"https:\/\/picoytallo.com\/de\/shop\/"},{"@type":"ListItem","position":3,"name":"Knusprig getrocknete Perikane"}]},{"@type":"WebSite","@id":"https:\/\/picoytallo.com\/de\/#website","url":"https:\/\/picoytallo.com\/de\/","name":"Pico y Tallo","description":"Productos Gourmet Online","publisher":{"@id":"https:\/\/picoytallo.com\/de\/#organization"},"potentialAction":[{"@type":"SearchAction","target":{"@type":"EntryPoint","urlTemplate":"https:\/\/picoytallo.com\/de\/?s={search_term_string}"},"query-input":{"@type":"PropertyValueSpecification","valueRequired":true,"valueName":"search_term_string"}}],"inLanguage":"de"},{"@type":"Organization","@id":"https:\/\/picoytallo.com\/de\/#organization","name":"Pico y Tallo","url":"https:\/\/picoytallo.com\/de\/","logo":{"@type":"ImageObject","inLanguage":"de","@id":"https:\/\/picoytallo.com\/de\/#\/schema\/logo\/image\/","url":"https:\/\/picoytallo.com\/wp-content\/uploads\/2022\/03\/cropped-Productos-gourmet-picotallo.webp","contentUrl":"https:\/\/picoytallo.com\/wp-content\/uploads\/2022\/03\/cropped-Productos-gourmet-picotallo.webp","width":1194,"height":314,"caption":"Pico y Tallo"},"image":{"@id":"https:\/\/picoytallo.com\/de\/#\/schema\/logo\/image\/"}}]}},"_links":{"self":[{"href":"https:\/\/picoytallo.com\/de\/wp-json\/wp\/v2\/product\/5129","targetHints":{"allow":["GET"]}}],"collection":[{"href":"https:\/\/picoytallo.com\/de\/wp-json\/wp\/v2\/product"}],"about":[{"href":"https:\/\/picoytallo.com\/de\/wp-json\/wp\/v2\/types\/product"}],"replies":[{"embeddable":true,"href":"https:\/\/picoytallo.com\/de\/wp-json\/wp\/v2\/comments?post=5129"}],"wp:featuredmedia":[{"embeddable":true,"href":"https:\/\/picoytallo.com\/de\/wp-json\/wp\/v2\/media\/5135"}],"wp:attachment":[{"href":"https:\/\/picoytallo.com\/de\/wp-json\/wp\/v2\/media?parent=5129"}],"wp:term":[{"taxonomy":"product_brand","embeddable":true,"href":"https:\/\/picoytallo.com\/de\/wp-json\/wp\/v2\/product_brand?post=5129"},{"taxonomy":"product_cat","embeddable":true,"href":"https:\/\/picoytallo.com\/de\/wp-json\/wp\/v2\/product_cat?post=5129"},{"taxonomy":"product_tag","embeddable":true,"href":"https:\/\/picoytallo.com\/de\/wp-json\/wp\/v2\/product_tag?post=5129"}],"curies":[{"name":"wp","href":"https:\/\/api.w.org\/{rel}","templated":true}]}}