{"id":5231,"date":"2024-11-13T10:18:07","date_gmt":"2024-11-13T08:18:07","guid":{"rendered":"https:\/\/picoytallo.com\/?post_type=product&#038;p=5231"},"modified":"2025-06-24T09:57:44","modified_gmt":"2025-06-24T07:57:44","slug":"picnick-pack-picoteo-sweet","status":"publish","type":"product","link":"https:\/\/picoytallo.com\/de\/producto\/picnick-pack-picoteo-sweet\/","title":{"rendered":"Picnick s\u00fc\u00dfe Snackpackung"},"content":{"rendered":"<h2><strong>Picnick Sweet Picnick Pack von Pico y Tallo: Eine Reise der mediterranen Aromen<\/strong><\/h2>\n<p>Bei Pico y Tallo bieten wir Ihnen ein einzigartiges Angebot f\u00fcr Naschkatzen: das Picnick-S\u00fc\u00dfigkeitenpaket von \u201eEss\u00e8ncies de Di\u00e1nia\u201c. Diese besondere Packung wurde f\u00fcr diejenigen entwickelt, die traditionelle Geschmacksrichtungen mit einer einzigartigen Note genie\u00dfen m\u00f6chten. Es enth\u00e4lt drei handwerklich hergestellte K\u00f6stlichkeiten: Arnadi, Pfirsichmarmelade und Mandelcreme, die alle auf traditionelle Weise und mit Zutaten von h\u00f6chster Qualit\u00e4t hergestellt werden, um Ihnen ein unvergessliches Nascherlebnis zu bieten.  <\/p>\n<h3><strong>Arnadi: Ein traditionelles Dessert mit Geschichte<\/strong><\/h3>\n<p>Der Star unseres Picnick-S\u00fc\u00dfigkeitenpakets ist Arnadi, ein traditionelles Dessert aus der Region Valencia, das mit K\u00fcrbis und Mandeln hergestellt wird. Diese S\u00fc\u00dfspeise, die f\u00fcr ihren delikaten Geschmack und ihre weiche Textur bekannt ist, ist eine Hommage an die Rezepte der Vorfahren, die von Generation zu Generation weitergegeben wurden. Mit dem Arnadi in unserer Packung k\u00f6nnen Sie ein kleines St\u00fcck mediterraner kulinarischer Geschichte genie\u00dfen, das nach traditionellen Methoden hergestellt wird.  <\/p>\n<h3><strong>Pfirsichkonfit\u00fcre: frischer und nat\u00fcrlicher Geschmack<\/strong><\/h3>\n<p>Die in unserer Packung enthaltene Pfirsichmarmelade wird auf handwerkliche Weise aus frischen Pfirsichen hergestellt, die in ihrem optimalen Reifezustand ausgew\u00e4hlt werden. Mit ihrer geschmeidigen Textur und ausgewogenen S\u00fc\u00dfe eignet sich diese Konfit\u00fcre perfekt zum Bestreichen von Toast, als Beilage zu Ihren Lieblingsdesserts oder einfach zum L\u00f6ffeln. Jedes Glas spiegelt unser Engagement f\u00fcr Qualit\u00e4t und Respekt f\u00fcr authentische Aromen wider.  <\/p>\n<h3><strong>Mandelcreme: Eine sanfte und k\u00f6stliche Note<\/strong><\/h3>\n<p>Die besondere Note des s\u00fc\u00dfen Snacks im Picnick-Pack ist unsere Mandelcreme, die aus hochwertigen mediterranen Mandeln handgefertigt wird. Diese Creme eignet sich perfekt als Beilage zu Arnadi oder zum puren Genuss. Ihre cremige Textur und ihr sanfter Geschmack werden jeden Gaumen erfreuen. Sie ist auch eine ausgezeichnete Quelle f\u00fcr Proteine und gesunde Fette, ideal f\u00fcr einen nahrhaften Snack.  <\/p>\n<h3><strong>Ess\u00e8ncies de Di\u00e1nia: Eine Packung zum Genie\u00dfen in jedem Moment<\/strong><\/h3>\n<p>Das Picnick S\u00fc\u00dfigkeitenpaket \u201eEss\u00e8ncies de Di\u00e0nia\u201c ist f\u00fcr die besonderen Momente gedacht, in denen Sie einen authentischen Snack voller Geschmack genie\u00dfen m\u00f6chten. Ob bei einem Ausflug aufs Land, am Strand oder einfach zu Hause, dieses s\u00fc\u00dfe Paket bietet Ihnen eine exklusive Auswahl an handwerklichen Produkten, die die Essenz des Mittelmeers einfangen. <\/p>\n<h3><strong>Warum sollten Sie sich f\u00fcr das Picnick S\u00fc\u00dfigkeitenpaket von Pico y Tallo entscheiden?<\/strong><\/h3>\n<p>Wenn Sie sich f\u00fcr die Picnick-Packung von Pico y Tallo entscheiden, entscheiden Sie sich f\u00fcr handwerklich hergestellte Produkte, die mit nat\u00fcrlichen Zutaten und mit gro\u00dfem Respekt vor der Tradition hergestellt werden. Jeder Bestandteil der Packung wurde sorgf\u00e4ltig ausgew\u00e4hlt, um die beste Qualit\u00e4t und einen au\u00dfergew\u00f6hnlichen Geschmack zu garantieren und Ihnen einen s\u00fc\u00dfen Snack zu bieten, der Ihre Sinne erfreuen wird. <\/p>\n<p>Entdecken Sie den authentischen Geschmack des Mittelmeers mit dem Picnick-S\u00fc\u00dfigkeitenpaket \u201eEss\u00e8ncies de Di\u00e1nia\u201c von Pico y Tallo, ein Erlebnis, das Sie in das Herz der s\u00fc\u00dfesten Traditionen versetzt! <\/p>\n","protected":false},"excerpt":{"rendered":"<p>Gebratene Marcona-Mandeln mit einem Hauch von Salz.<\/p>\n","protected":false},"featured_media":5241,"comment_status":"open","ping_status":"closed","template":"","meta":[],"product_brand":[],"product_cat":[425],"product_tag":[986,933,958,929,959,987],"class_list":{"0":"post-5231","1":"product","2":"type-product","3":"status-publish","4":"has-post-thumbnail","6":"product_cat-gourmet-produkte","7":"product_tag-arnadi-de","8":"product_tag-mandelcreme","9":"product_tag-naschen","10":"product_tag-pfirsichmarmelade","11":"product_tag-snackpaket","12":"product_tag-sweet-pack","14":"first","15":"instock","16":"shipping-taxable","17":"purchasable","18":"product-type-simple"},"yoast_head":"<!-- This site is optimized with the Yoast SEO plugin v26.9 - https:\/\/yoast.com\/product\/yoast-seo-wordpress\/ -->\n<title>Picnick Gourmet-S\u00fc\u00dfigkeitspackung kaufen | Pico y Tallo<\/title>\n<meta name=\"description\" content=\"Picnick s\u00fc\u00dfe Snackpackung kaufen. Arnadi, Pfirsichkonfit\u00fcre und Gourmet-Mandelcreme aus der Erde. Bio-Produkte online.\" \/>\n<meta name=\"robots\" content=\"index, follow, max-snippet:-1, max-image-preview:large, max-video-preview:-1\" \/>\n<link rel=\"canonical\" href=\"https:\/\/picoytallo.com\/de\/producto\/picnick-pack-picoteo-sweet\/\" \/>\n<meta property=\"og:locale\" content=\"de_DE\" \/>\n<meta property=\"og:type\" content=\"article\" \/>\n<meta property=\"og:title\" content=\"Picnick Gourmet-S\u00fc\u00dfigkeitspackung kaufen | Pico y Tallo\" \/>\n<meta property=\"og:description\" content=\"Picnick s\u00fc\u00dfe Snackpackung kaufen. Arnadi, Pfirsichkonfit\u00fcre und Gourmet-Mandelcreme aus der Erde. Bio-Produkte online.\" \/>\n<meta property=\"og:url\" content=\"https:\/\/picoytallo.com\/de\/producto\/picnick-pack-picoteo-sweet\/\" \/>\n<meta property=\"og:site_name\" content=\"Pico y Tallo\" \/>\n<meta property=\"article:modified_time\" content=\"2025-06-24T07:57:44+00:00\" \/>\n<meta property=\"og:image\" content=\"https:\/\/picoytallo.com\/wp-content\/uploads\/2024\/11\/230.webp\" \/>\n\t<meta property=\"og:image:width\" content=\"1080\" \/>\n\t<meta property=\"og:image:height\" content=\"1080\" \/>\n\t<meta property=\"og:image:type\" content=\"image\/png\" \/>\n<meta name=\"twitter:card\" content=\"summary_large_image\" \/>\n<meta name=\"twitter:label1\" content=\"Gesch\u00e4tzte Lesezeit\" \/>\n\t<meta name=\"twitter:data1\" content=\"2\u00a0Minuten\" \/>\n<script type=\"application\/ld+json\" class=\"yoast-schema-graph\">{\"@context\":\"https:\/\/schema.org\",\"@graph\":[{\"@type\":\"WebPage\",\"@id\":\"https:\/\/picoytallo.com\/de\/producto\/picnick-pack-picoteo-sweet\/\",\"url\":\"https:\/\/picoytallo.com\/de\/producto\/picnick-pack-picoteo-sweet\/\",\"name\":\"Picnick Gourmet-S\u00fc\u00dfigkeitspackung kaufen | Pico y Tallo\",\"isPartOf\":{\"@id\":\"https:\/\/picoytallo.com\/de\/#website\"},\"primaryImageOfPage\":{\"@id\":\"https:\/\/picoytallo.com\/de\/producto\/picnick-pack-picoteo-sweet\/#primaryimage\"},\"image\":{\"@id\":\"https:\/\/picoytallo.com\/de\/producto\/picnick-pack-picoteo-sweet\/#primaryimage\"},\"thumbnailUrl\":\"https:\/\/picoytallo.com\/wp-content\/uploads\/2024\/11\/230.webp\",\"datePublished\":\"2024-11-13T08:18:07+00:00\",\"dateModified\":\"2025-06-24T07:57:44+00:00\",\"description\":\"Picnick s\u00fc\u00dfe Snackpackung kaufen. Arnadi, Pfirsichkonfit\u00fcre und Gourmet-Mandelcreme aus der Erde. Bio-Produkte online.\",\"breadcrumb\":{\"@id\":\"https:\/\/picoytallo.com\/de\/producto\/picnick-pack-picoteo-sweet\/#breadcrumb\"},\"inLanguage\":\"de\",\"potentialAction\":[{\"@type\":\"ReadAction\",\"target\":[\"https:\/\/picoytallo.com\/de\/producto\/picnick-pack-picoteo-sweet\/\"]}]},{\"@type\":\"ImageObject\",\"inLanguage\":\"de\",\"@id\":\"https:\/\/picoytallo.com\/de\/producto\/picnick-pack-picoteo-sweet\/#primaryimage\",\"url\":\"https:\/\/picoytallo.com\/wp-content\/uploads\/2024\/11\/230.webp\",\"contentUrl\":\"https:\/\/picoytallo.com\/wp-content\/uploads\/2024\/11\/230.webp\",\"width\":1080,\"height\":1080,\"caption\":\"Caja Picnick pack picoteo dulce\"},{\"@type\":\"BreadcrumbList\",\"@id\":\"https:\/\/picoytallo.com\/de\/producto\/picnick-pack-picoteo-sweet\/#breadcrumb\",\"itemListElement\":[{\"@type\":\"ListItem\",\"position\":1,\"name\":\"Portada\",\"item\":\"https:\/\/picoytallo.com\/de\/\"},{\"@type\":\"ListItem\",\"position\":2,\"name\":\"Shop\",\"item\":\"https:\/\/picoytallo.com\/de\/shop\/\"},{\"@type\":\"ListItem\",\"position\":3,\"name\":\"Picnick s\u00fc\u00dfe Snackpackung\"}]},{\"@type\":\"WebSite\",\"@id\":\"https:\/\/picoytallo.com\/de\/#website\",\"url\":\"https:\/\/picoytallo.com\/de\/\",\"name\":\"Pico y Tallo\",\"description\":\"Productos Gourmet Online\",\"publisher\":{\"@id\":\"https:\/\/picoytallo.com\/de\/#organization\"},\"potentialAction\":[{\"@type\":\"SearchAction\",\"target\":{\"@type\":\"EntryPoint\",\"urlTemplate\":\"https:\/\/picoytallo.com\/de\/?s={search_term_string}\"},\"query-input\":{\"@type\":\"PropertyValueSpecification\",\"valueRequired\":true,\"valueName\":\"search_term_string\"}}],\"inLanguage\":\"de\"},{\"@type\":\"Organization\",\"@id\":\"https:\/\/picoytallo.com\/de\/#organization\",\"name\":\"Pico y Tallo\",\"url\":\"https:\/\/picoytallo.com\/de\/\",\"logo\":{\"@type\":\"ImageObject\",\"inLanguage\":\"de\",\"@id\":\"https:\/\/picoytallo.com\/de\/#\/schema\/logo\/image\/\",\"url\":\"https:\/\/picoytallo.com\/wp-content\/uploads\/2022\/03\/cropped-Productos-gourmet-picotallo.webp\",\"contentUrl\":\"https:\/\/picoytallo.com\/wp-content\/uploads\/2022\/03\/cropped-Productos-gourmet-picotallo.webp\",\"width\":1194,\"height\":314,\"caption\":\"Pico y Tallo\"},\"image\":{\"@id\":\"https:\/\/picoytallo.com\/de\/#\/schema\/logo\/image\/\"}}]}<\/script>\n<!-- \/ Yoast SEO plugin. -->","yoast_head_json":{"title":"Picnick Gourmet-S\u00fc\u00dfigkeitspackung kaufen | Pico y Tallo","description":"Picnick s\u00fc\u00dfe Snackpackung kaufen. Arnadi, Pfirsichkonfit\u00fcre und Gourmet-Mandelcreme aus der Erde. Bio-Produkte online.","robots":{"index":"index","follow":"follow","max-snippet":"max-snippet:-1","max-image-preview":"max-image-preview:large","max-video-preview":"max-video-preview:-1"},"canonical":"https:\/\/picoytallo.com\/de\/producto\/picnick-pack-picoteo-sweet\/","og_locale":"de_DE","og_type":"article","og_title":"Picnick Gourmet-S\u00fc\u00dfigkeitspackung kaufen | Pico y Tallo","og_description":"Picnick s\u00fc\u00dfe Snackpackung kaufen. Arnadi, Pfirsichkonfit\u00fcre und Gourmet-Mandelcreme aus der Erde. Bio-Produkte online.","og_url":"https:\/\/picoytallo.com\/de\/producto\/picnick-pack-picoteo-sweet\/","og_site_name":"Pico y Tallo","article_modified_time":"2025-06-24T07:57:44+00:00","og_image":[{"width":1080,"height":1080,"url":"https:\/\/picoytallo.com\/wp-content\/uploads\/2024\/11\/230.webp","type":"image\/png"}],"twitter_card":"summary_large_image","twitter_misc":{"Gesch\u00e4tzte Lesezeit":"2\u00a0Minuten"},"schema":{"@context":"https:\/\/schema.org","@graph":[{"@type":"WebPage","@id":"https:\/\/picoytallo.com\/de\/producto\/picnick-pack-picoteo-sweet\/","url":"https:\/\/picoytallo.com\/de\/producto\/picnick-pack-picoteo-sweet\/","name":"Picnick Gourmet-S\u00fc\u00dfigkeitspackung kaufen | Pico y Tallo","isPartOf":{"@id":"https:\/\/picoytallo.com\/de\/#website"},"primaryImageOfPage":{"@id":"https:\/\/picoytallo.com\/de\/producto\/picnick-pack-picoteo-sweet\/#primaryimage"},"image":{"@id":"https:\/\/picoytallo.com\/de\/producto\/picnick-pack-picoteo-sweet\/#primaryimage"},"thumbnailUrl":"https:\/\/picoytallo.com\/wp-content\/uploads\/2024\/11\/230.webp","datePublished":"2024-11-13T08:18:07+00:00","dateModified":"2025-06-24T07:57:44+00:00","description":"Picnick s\u00fc\u00dfe Snackpackung kaufen. Arnadi, Pfirsichkonfit\u00fcre und Gourmet-Mandelcreme aus der Erde. Bio-Produkte online.","breadcrumb":{"@id":"https:\/\/picoytallo.com\/de\/producto\/picnick-pack-picoteo-sweet\/#breadcrumb"},"inLanguage":"de","potentialAction":[{"@type":"ReadAction","target":["https:\/\/picoytallo.com\/de\/producto\/picnick-pack-picoteo-sweet\/"]}]},{"@type":"ImageObject","inLanguage":"de","@id":"https:\/\/picoytallo.com\/de\/producto\/picnick-pack-picoteo-sweet\/#primaryimage","url":"https:\/\/picoytallo.com\/wp-content\/uploads\/2024\/11\/230.webp","contentUrl":"https:\/\/picoytallo.com\/wp-content\/uploads\/2024\/11\/230.webp","width":1080,"height":1080,"caption":"Caja Picnick pack picoteo dulce"},{"@type":"BreadcrumbList","@id":"https:\/\/picoytallo.com\/de\/producto\/picnick-pack-picoteo-sweet\/#breadcrumb","itemListElement":[{"@type":"ListItem","position":1,"name":"Portada","item":"https:\/\/picoytallo.com\/de\/"},{"@type":"ListItem","position":2,"name":"Shop","item":"https:\/\/picoytallo.com\/de\/shop\/"},{"@type":"ListItem","position":3,"name":"Picnick s\u00fc\u00dfe Snackpackung"}]},{"@type":"WebSite","@id":"https:\/\/picoytallo.com\/de\/#website","url":"https:\/\/picoytallo.com\/de\/","name":"Pico y Tallo","description":"Productos Gourmet Online","publisher":{"@id":"https:\/\/picoytallo.com\/de\/#organization"},"potentialAction":[{"@type":"SearchAction","target":{"@type":"EntryPoint","urlTemplate":"https:\/\/picoytallo.com\/de\/?s={search_term_string}"},"query-input":{"@type":"PropertyValueSpecification","valueRequired":true,"valueName":"search_term_string"}}],"inLanguage":"de"},{"@type":"Organization","@id":"https:\/\/picoytallo.com\/de\/#organization","name":"Pico y Tallo","url":"https:\/\/picoytallo.com\/de\/","logo":{"@type":"ImageObject","inLanguage":"de","@id":"https:\/\/picoytallo.com\/de\/#\/schema\/logo\/image\/","url":"https:\/\/picoytallo.com\/wp-content\/uploads\/2022\/03\/cropped-Productos-gourmet-picotallo.webp","contentUrl":"https:\/\/picoytallo.com\/wp-content\/uploads\/2022\/03\/cropped-Productos-gourmet-picotallo.webp","width":1194,"height":314,"caption":"Pico y Tallo"},"image":{"@id":"https:\/\/picoytallo.com\/de\/#\/schema\/logo\/image\/"}}]}},"_links":{"self":[{"href":"https:\/\/picoytallo.com\/de\/wp-json\/wp\/v2\/product\/5231","targetHints":{"allow":["GET"]}}],"collection":[{"href":"https:\/\/picoytallo.com\/de\/wp-json\/wp\/v2\/product"}],"about":[{"href":"https:\/\/picoytallo.com\/de\/wp-json\/wp\/v2\/types\/product"}],"replies":[{"embeddable":true,"href":"https:\/\/picoytallo.com\/de\/wp-json\/wp\/v2\/comments?post=5231"}],"wp:featuredmedia":[{"embeddable":true,"href":"https:\/\/picoytallo.com\/de\/wp-json\/wp\/v2\/media\/5241"}],"wp:attachment":[{"href":"https:\/\/picoytallo.com\/de\/wp-json\/wp\/v2\/media?parent=5231"}],"wp:term":[{"taxonomy":"product_brand","embeddable":true,"href":"https:\/\/picoytallo.com\/de\/wp-json\/wp\/v2\/product_brand?post=5231"},{"taxonomy":"product_cat","embeddable":true,"href":"https:\/\/picoytallo.com\/de\/wp-json\/wp\/v2\/product_cat?post=5231"},{"taxonomy":"product_tag","embeddable":true,"href":"https:\/\/picoytallo.com\/de\/wp-json\/wp\/v2\/product_tag?post=5231"}],"curies":[{"name":"wp","href":"https:\/\/api.w.org\/{rel}","templated":true}]}}