{"id":9667,"date":"2025-11-14T09:40:36","date_gmt":"2025-11-14T07:40:36","guid":{"rendered":"https:\/\/picoytallo.com\/producto\/kaviar-olivenoel-evoo-spherification\/"},"modified":"2025-12-05T12:21:25","modified_gmt":"2025-12-05T10:21:25","slug":"kaviar-olivenoel-evoo-spherification","status":"publish","type":"product","link":"https:\/\/picoytallo.com\/de\/producto\/kaviar-olivenoel-evoo-spherification\/","title":{"rendered":"Kaviar Oliven\u00f6l &#8211; Sph\u00e4rifizierung AOVE &#8211; Sorte Picual 50 gr."},"content":{"rendered":"<h2 class=\"woocommerce-loop-product__title\">Picual Oliven\u00f6l-Perlen 50 gr<\/h2>\n<p>Bei Pico y Tallo stellen wir nur hochwertiges Natives Oliven\u00f6l Extra (EVOO) her, weil wir die Dinge gerne gut machen und stolz darauf sind, wenn Sie unsere Produkte genie\u00dfen.<\/p>\n<p>Unser hochwertiges natives Oliven\u00f6l extra wird direkt aus Oliven und nur mit mechanischen Mitteln gewonnen.<\/p>\n<p>Unsere Picual Oliven\u00f6lperlen 50 gr werden aus 100% Nativem Oliven\u00f6l Extra unserer Olivensorte Picual hergestellt. Es handelt sich um goldgl\u00e4nzende \u00d6lperlen, die im Mund zerplatzen und pl\u00f6tzlich ihren intensiven Geschmack entfalten. Sie werden mit der kulinarischen Technik der Verkapselung hergestellt, so dass das \u00d6l in einer geleeartigen Textur eingekapselt ist.  <\/p>\n<p>Das eingekapselte \u00d6l wird in keiner Weise ver\u00e4ndert, so dass der EVOO-Kaviar in den Kapseln alle seine Eigenschaften und Vorteile beh\u00e4lt.<\/p>\n<h3>Gourmet EVOO Kaviar<\/h3>\n<p>EVOO-Perlen sind Teil der Haute Cuisine und stellen einen neuartigen kulinarischen Vorschlag dar. Sie k\u00f6nnen in einer unendlichen Anzahl von Rezepten verwendet werden, vor allem roh. Sie k\u00f6nnen in warmen Gerichten wie Eint\u00f6pfen, Suppen und Cremes oder als Beilage zu Fleisch, Fisch und Gem\u00fcse verwendet werden, aber sie sind wirklich ideal f\u00fcr kalte Gerichte. Probieren Sie sie in Ihren Salaten, Vinaigrettes, kalten Suppen, Gazpachos und allen anderen Rezepten, die Sie sich vorstellen k\u00f6nnen.   <\/p>\n<p>Verbl\u00fcffen Sie Ihre Familie und Freunde mit diesen Perlen, die sich besonders f\u00fcr Vorspeisen, Hauptgerichte und Desserts eignen.<\/p>\n<p>Lagerung: an einem k\u00fchlen, trockenen Ort, vor direktem Licht, Hitze und Ger\u00fcchen gesch\u00fctzt, zwischen 10-26\u00b0C lagern.<\/p>\n<p><strong>Dieses Produkt wird in Ja\u00e9n hergestellt und verpackt, was garantiert, dass es sich um ein 100% spanisches Produkt handelt.<\/strong><\/p>\n","protected":false},"excerpt":{"rendered":"<h2 class=\"woocommerce-loop-product__title\">Kaviar de Aceite AOVE picual 50 gr<\/h2>\n<p>Entdecken Sie die hochwertigen Perlen des Nativen Oliven\u00f6ls Extra (EVOO), die f\u00fcr die Zubereitung von Gourmetgerichten geeignet sind.<\/p>\n","protected":false},"featured_media":9975,"comment_status":"open","ping_status":"closed","template":"","meta":[],"product_brand":[],"product_cat":[425],"product_tag":[1239,1240,1242,1241],"class_list":{"0":"post-9667","1":"product","2":"type-product","3":"status-publish","4":"has-post-thumbnail","6":"product_cat-gourmet-produkte","7":"product_tag-kaviar-evoo-2","8":"product_tag-kaviarol","9":"product_tag-ol-perlen-2","10":"product_tag-spharifizierung-2","12":"first","13":"instock","14":"shipping-taxable","15":"purchasable","16":"product-type-simple"},"yoast_head":"<!-- This site is optimized with the Yoast SEO plugin v26.9 - https:\/\/yoast.com\/product\/yoast-seo-wordpress\/ -->\n<title>Kaviar de aceite de Oliva - Sph\u00e4rifizierung von AOVE | Pico und Stiel<\/title>\n<meta name=\"description\" content=\"Kaufen Sie online spanischen Oliven\u00f6lkaviar der Sorte Picual und genie\u00dfen Sie die Gourmet-EVOO-Kugeln mit Pico y Tallo.\" \/>\n<meta name=\"robots\" content=\"index, follow, max-snippet:-1, max-image-preview:large, max-video-preview:-1\" \/>\n<link rel=\"canonical\" href=\"https:\/\/picoytallo.com\/de\/producto\/kaviar-olivenoel-evoo-spherification\/\" \/>\n<meta property=\"og:locale\" content=\"de_DE\" \/>\n<meta property=\"og:type\" content=\"article\" \/>\n<meta property=\"og:title\" content=\"Kaviar de aceite de Oliva - Sph\u00e4rifizierung von AOVE | Pico und Stiel\" \/>\n<meta property=\"og:description\" content=\"Kaufen Sie online spanischen Oliven\u00f6lkaviar der Sorte Picual und genie\u00dfen Sie die Gourmet-EVOO-Kugeln mit Pico y Tallo.\" \/>\n<meta property=\"og:url\" content=\"https:\/\/picoytallo.com\/de\/producto\/kaviar-olivenoel-evoo-spherification\/\" \/>\n<meta property=\"og:site_name\" content=\"Pico y Tallo\" \/>\n<meta property=\"article:modified_time\" content=\"2025-12-05T10:21:25+00:00\" \/>\n<meta property=\"og:image\" content=\"https:\/\/picoytallo.com\/wp-content\/uploads\/2025\/12\/Caviar-aceite-oliva-aove.webp\" \/>\n\t<meta property=\"og:image:width\" content=\"1024\" \/>\n\t<meta property=\"og:image:height\" content=\"1024\" \/>\n\t<meta property=\"og:image:type\" content=\"image\/webp\" \/>\n<meta name=\"twitter:card\" content=\"summary_large_image\" \/>\n<meta name=\"twitter:label1\" content=\"Gesch\u00e4tzte Lesezeit\" \/>\n\t<meta name=\"twitter:data1\" content=\"1\u00a0Minute\" \/>\n<script type=\"application\/ld+json\" class=\"yoast-schema-graph\">{\"@context\":\"https:\/\/schema.org\",\"@graph\":[{\"@type\":\"WebPage\",\"@id\":\"https:\/\/picoytallo.com\/de\/producto\/kaviar-olivenoel-evoo-spherification\/\",\"url\":\"https:\/\/picoytallo.com\/de\/producto\/kaviar-olivenoel-evoo-spherification\/\",\"name\":\"Kaviar de aceite de Oliva - Sph\u00e4rifizierung von AOVE | Pico und Stiel\",\"isPartOf\":{\"@id\":\"https:\/\/picoytallo.com\/de\/#website\"},\"primaryImageOfPage\":{\"@id\":\"https:\/\/picoytallo.com\/de\/producto\/kaviar-olivenoel-evoo-spherification\/#primaryimage\"},\"image\":{\"@id\":\"https:\/\/picoytallo.com\/de\/producto\/kaviar-olivenoel-evoo-spherification\/#primaryimage\"},\"thumbnailUrl\":\"https:\/\/picoytallo.com\/wp-content\/uploads\/2025\/12\/Caviar-aceite-oliva-aove.webp\",\"datePublished\":\"2025-11-14T07:40:36+00:00\",\"dateModified\":\"2025-12-05T10:21:25+00:00\",\"description\":\"Kaufen Sie online spanischen Oliven\u00f6lkaviar der Sorte Picual und genie\u00dfen Sie die Gourmet-EVOO-Kugeln mit Pico y Tallo.\",\"breadcrumb\":{\"@id\":\"https:\/\/picoytallo.com\/de\/producto\/kaviar-olivenoel-evoo-spherification\/#breadcrumb\"},\"inLanguage\":\"de\",\"potentialAction\":[{\"@type\":\"ReadAction\",\"target\":[\"https:\/\/picoytallo.com\/de\/producto\/kaviar-olivenoel-evoo-spherification\/\"]}]},{\"@type\":\"ImageObject\",\"inLanguage\":\"de\",\"@id\":\"https:\/\/picoytallo.com\/de\/producto\/kaviar-olivenoel-evoo-spherification\/#primaryimage\",\"url\":\"https:\/\/picoytallo.com\/wp-content\/uploads\/2025\/12\/Caviar-aceite-oliva-aove.webp\",\"contentUrl\":\"https:\/\/picoytallo.com\/wp-content\/uploads\/2025\/12\/Caviar-aceite-oliva-aove.webp\",\"width\":1024,\"height\":1024,\"caption\":\"Gr\u00fcne Oliven\u00f6l-Perlen\"},{\"@type\":\"BreadcrumbList\",\"@id\":\"https:\/\/picoytallo.com\/de\/producto\/kaviar-olivenoel-evoo-spherification\/#breadcrumb\",\"itemListElement\":[{\"@type\":\"ListItem\",\"position\":1,\"name\":\"Portada\",\"item\":\"https:\/\/picoytallo.com\/de\/\"},{\"@type\":\"ListItem\",\"position\":2,\"name\":\"Shop\",\"item\":\"https:\/\/picoytallo.com\/de\/shop\/\"},{\"@type\":\"ListItem\",\"position\":3,\"name\":\"Kaviar Oliven\u00f6l &#8211; Sph\u00e4rifizierung AOVE &#8211; Sorte Picual 50 gr.\"}]},{\"@type\":\"WebSite\",\"@id\":\"https:\/\/picoytallo.com\/de\/#website\",\"url\":\"https:\/\/picoytallo.com\/de\/\",\"name\":\"Pico y Tallo\",\"description\":\"Productos Gourmet Online\",\"publisher\":{\"@id\":\"https:\/\/picoytallo.com\/de\/#organization\"},\"potentialAction\":[{\"@type\":\"SearchAction\",\"target\":{\"@type\":\"EntryPoint\",\"urlTemplate\":\"https:\/\/picoytallo.com\/de\/?s={search_term_string}\"},\"query-input\":{\"@type\":\"PropertyValueSpecification\",\"valueRequired\":true,\"valueName\":\"search_term_string\"}}],\"inLanguage\":\"de\"},{\"@type\":\"Organization\",\"@id\":\"https:\/\/picoytallo.com\/de\/#organization\",\"name\":\"Pico y Tallo\",\"url\":\"https:\/\/picoytallo.com\/de\/\",\"logo\":{\"@type\":\"ImageObject\",\"inLanguage\":\"de\",\"@id\":\"https:\/\/picoytallo.com\/de\/#\/schema\/logo\/image\/\",\"url\":\"https:\/\/picoytallo.com\/wp-content\/uploads\/2022\/03\/cropped-Productos-gourmet-picotallo.webp\",\"contentUrl\":\"https:\/\/picoytallo.com\/wp-content\/uploads\/2022\/03\/cropped-Productos-gourmet-picotallo.webp\",\"width\":1194,\"height\":314,\"caption\":\"Pico y Tallo\"},\"image\":{\"@id\":\"https:\/\/picoytallo.com\/de\/#\/schema\/logo\/image\/\"}}]}<\/script>\n<!-- \/ Yoast SEO plugin. -->","yoast_head_json":{"title":"Kaviar de aceite de Oliva - Sph\u00e4rifizierung von AOVE | Pico und Stiel","description":"Kaufen Sie online spanischen Oliven\u00f6lkaviar der Sorte Picual und genie\u00dfen Sie die Gourmet-EVOO-Kugeln mit Pico y Tallo.","robots":{"index":"index","follow":"follow","max-snippet":"max-snippet:-1","max-image-preview":"max-image-preview:large","max-video-preview":"max-video-preview:-1"},"canonical":"https:\/\/picoytallo.com\/de\/producto\/kaviar-olivenoel-evoo-spherification\/","og_locale":"de_DE","og_type":"article","og_title":"Kaviar de aceite de Oliva - Sph\u00e4rifizierung von AOVE | Pico und Stiel","og_description":"Kaufen Sie online spanischen Oliven\u00f6lkaviar der Sorte Picual und genie\u00dfen Sie die Gourmet-EVOO-Kugeln mit Pico y Tallo.","og_url":"https:\/\/picoytallo.com\/de\/producto\/kaviar-olivenoel-evoo-spherification\/","og_site_name":"Pico y Tallo","article_modified_time":"2025-12-05T10:21:25+00:00","og_image":[{"width":1024,"height":1024,"url":"https:\/\/picoytallo.com\/wp-content\/uploads\/2025\/12\/Caviar-aceite-oliva-aove.webp","type":"image\/webp"}],"twitter_card":"summary_large_image","twitter_misc":{"Gesch\u00e4tzte Lesezeit":"1\u00a0Minute"},"schema":{"@context":"https:\/\/schema.org","@graph":[{"@type":"WebPage","@id":"https:\/\/picoytallo.com\/de\/producto\/kaviar-olivenoel-evoo-spherification\/","url":"https:\/\/picoytallo.com\/de\/producto\/kaviar-olivenoel-evoo-spherification\/","name":"Kaviar de aceite de Oliva - Sph\u00e4rifizierung von AOVE | Pico und Stiel","isPartOf":{"@id":"https:\/\/picoytallo.com\/de\/#website"},"primaryImageOfPage":{"@id":"https:\/\/picoytallo.com\/de\/producto\/kaviar-olivenoel-evoo-spherification\/#primaryimage"},"image":{"@id":"https:\/\/picoytallo.com\/de\/producto\/kaviar-olivenoel-evoo-spherification\/#primaryimage"},"thumbnailUrl":"https:\/\/picoytallo.com\/wp-content\/uploads\/2025\/12\/Caviar-aceite-oliva-aove.webp","datePublished":"2025-11-14T07:40:36+00:00","dateModified":"2025-12-05T10:21:25+00:00","description":"Kaufen Sie online spanischen Oliven\u00f6lkaviar der Sorte Picual und genie\u00dfen Sie die Gourmet-EVOO-Kugeln mit Pico y Tallo.","breadcrumb":{"@id":"https:\/\/picoytallo.com\/de\/producto\/kaviar-olivenoel-evoo-spherification\/#breadcrumb"},"inLanguage":"de","potentialAction":[{"@type":"ReadAction","target":["https:\/\/picoytallo.com\/de\/producto\/kaviar-olivenoel-evoo-spherification\/"]}]},{"@type":"ImageObject","inLanguage":"de","@id":"https:\/\/picoytallo.com\/de\/producto\/kaviar-olivenoel-evoo-spherification\/#primaryimage","url":"https:\/\/picoytallo.com\/wp-content\/uploads\/2025\/12\/Caviar-aceite-oliva-aove.webp","contentUrl":"https:\/\/picoytallo.com\/wp-content\/uploads\/2025\/12\/Caviar-aceite-oliva-aove.webp","width":1024,"height":1024,"caption":"Gr\u00fcne Oliven\u00f6l-Perlen"},{"@type":"BreadcrumbList","@id":"https:\/\/picoytallo.com\/de\/producto\/kaviar-olivenoel-evoo-spherification\/#breadcrumb","itemListElement":[{"@type":"ListItem","position":1,"name":"Portada","item":"https:\/\/picoytallo.com\/de\/"},{"@type":"ListItem","position":2,"name":"Shop","item":"https:\/\/picoytallo.com\/de\/shop\/"},{"@type":"ListItem","position":3,"name":"Kaviar Oliven\u00f6l &#8211; Sph\u00e4rifizierung AOVE &#8211; Sorte Picual 50 gr."}]},{"@type":"WebSite","@id":"https:\/\/picoytallo.com\/de\/#website","url":"https:\/\/picoytallo.com\/de\/","name":"Pico y Tallo","description":"Productos Gourmet Online","publisher":{"@id":"https:\/\/picoytallo.com\/de\/#organization"},"potentialAction":[{"@type":"SearchAction","target":{"@type":"EntryPoint","urlTemplate":"https:\/\/picoytallo.com\/de\/?s={search_term_string}"},"query-input":{"@type":"PropertyValueSpecification","valueRequired":true,"valueName":"search_term_string"}}],"inLanguage":"de"},{"@type":"Organization","@id":"https:\/\/picoytallo.com\/de\/#organization","name":"Pico y Tallo","url":"https:\/\/picoytallo.com\/de\/","logo":{"@type":"ImageObject","inLanguage":"de","@id":"https:\/\/picoytallo.com\/de\/#\/schema\/logo\/image\/","url":"https:\/\/picoytallo.com\/wp-content\/uploads\/2022\/03\/cropped-Productos-gourmet-picotallo.webp","contentUrl":"https:\/\/picoytallo.com\/wp-content\/uploads\/2022\/03\/cropped-Productos-gourmet-picotallo.webp","width":1194,"height":314,"caption":"Pico y Tallo"},"image":{"@id":"https:\/\/picoytallo.com\/de\/#\/schema\/logo\/image\/"}}]}},"_links":{"self":[{"href":"https:\/\/picoytallo.com\/de\/wp-json\/wp\/v2\/product\/9667","targetHints":{"allow":["GET"]}}],"collection":[{"href":"https:\/\/picoytallo.com\/de\/wp-json\/wp\/v2\/product"}],"about":[{"href":"https:\/\/picoytallo.com\/de\/wp-json\/wp\/v2\/types\/product"}],"replies":[{"embeddable":true,"href":"https:\/\/picoytallo.com\/de\/wp-json\/wp\/v2\/comments?post=9667"}],"wp:featuredmedia":[{"embeddable":true,"href":"https:\/\/picoytallo.com\/de\/wp-json\/wp\/v2\/media\/9975"}],"wp:attachment":[{"href":"https:\/\/picoytallo.com\/de\/wp-json\/wp\/v2\/media?parent=9667"}],"wp:term":[{"taxonomy":"product_brand","embeddable":true,"href":"https:\/\/picoytallo.com\/de\/wp-json\/wp\/v2\/product_brand?post=9667"},{"taxonomy":"product_cat","embeddable":true,"href":"https:\/\/picoytallo.com\/de\/wp-json\/wp\/v2\/product_cat?post=9667"},{"taxonomy":"product_tag","embeddable":true,"href":"https:\/\/picoytallo.com\/de\/wp-json\/wp\/v2\/product_tag?post=9667"}],"curies":[{"name":"wp","href":"https:\/\/api.w.org\/{rel}","templated":true}]}}