{"id":9698,"date":"2024-10-16T11:44:13","date_gmt":"2024-10-16T09:44:13","guid":{"rendered":"https:\/\/picoytallo.com\/producto\/handgefertigter-jijona-nougat-in-hoechster-qualitaet-150-g\/"},"modified":"2024-10-16T11:44:13","modified_gmt":"2024-10-16T09:44:13","slug":"handgefertigter-jijona-nougat-in-hoechster-qualitaet-150-g","status":"publish","type":"product","link":"https:\/\/picoytallo.com\/de\/producto\/handgefertigter-jijona-nougat-in-hoechster-qualitaet-150-g\/","title":{"rendered":"Handgefertigter Jijona Nougat in h\u00f6chster Qualit\u00e4t &#8211; 150 g"},"content":{"rendered":"<p>Dieser Jijona-Nougat in Supreme-Qualit\u00e4t wird nach traditionellen Rezepten mit hochwertigen Zutaten wie ausgew\u00e4hlten Mandeln und nat\u00fcrlichem Honig hergestellt. Seine weiche Textur und sein unverwechselbarer Geschmack machen diesen Nougat zu einem Muss f\u00fcr die Weihnachtsfeiern. Er erinnert an die Authentizit\u00e4t und das Know-how von Generationen von Nougatmeistern. Ideal zum Genie\u00dfen mit der Familie oder als Geschenk, ist dieser 150 Gramm schwere Turr\u00f3n die perfekte Repr\u00e4sentation der kulinarischen Kunst von Jijona.  <\/p>\n","protected":false},"excerpt":{"rendered":"<p>Turr\u00f3n de Jijona Supreme Quality, handgemacht mit hochwertigen Mandeln und Honig. Ein Weihnachtsklassiker mit dem Markenzeichen der Tradition. <\/p>\n","protected":false},"featured_media":4829,"comment_status":"open","ping_status":"closed","template":"","meta":[],"product_brand":[],"product_cat":[439],"product_tag":[938,490],"class_list":{"0":"post-9698","1":"product","2":"type-product","3":"status-publish","4":"has-post-thumbnail","6":"product_cat-pralinen-und-nougat","7":"product_tag-kunsthandwerklicher-nougat","8":"product_tag-nougat-aus-jijona","10":"first","11":"instock","12":"shipping-taxable","13":"purchasable","14":"product-type-simple"},"yoast_head":"<!-- This site is optimized with the Yoast SEO plugin v26.9 - https:\/\/yoast.com\/product\/yoast-seo-wordpress\/ -->\n<title>Handgefertigter Jijona Nougat in h\u00f6chster Qualit\u00e4t - 150 g - Pico y Tallo<\/title>\n<meta name=\"description\" content=\"Kaufen Sie das authentische Jijona Nougat Supreme Artisan Quality 150 gr. mit ausgew\u00e4hlten Mandeln und nat\u00fcrlichem Honig.\" \/>\n<meta name=\"robots\" content=\"index, follow, max-snippet:-1, max-image-preview:large, max-video-preview:-1\" \/>\n<link rel=\"canonical\" href=\"https:\/\/picoytallo.com\/de\/producto\/handgefertigter-jijona-nougat-in-hoechster-qualitaet-150-g\/\" \/>\n<meta property=\"og:locale\" content=\"de_DE\" \/>\n<meta property=\"og:type\" content=\"article\" \/>\n<meta property=\"og:title\" content=\"Handgefertigter Jijona Nougat in h\u00f6chster Qualit\u00e4t - 150 g - Pico y Tallo\" \/>\n<meta property=\"og:description\" content=\"Kaufen Sie das authentische Jijona Nougat Supreme Artisan Quality 150 gr. mit ausgew\u00e4hlten Mandeln und nat\u00fcrlichem Honig.\" \/>\n<meta property=\"og:url\" content=\"https:\/\/picoytallo.com\/de\/producto\/handgefertigter-jijona-nougat-in-hoechster-qualitaet-150-g\/\" \/>\n<meta property=\"og:site_name\" content=\"Pico y Tallo\" \/>\n<meta property=\"og:image\" content=\"https:\/\/picoytallo.com\/wp-content\/uploads\/2024\/10\/Turron-de-Jijona-artesano.webp\" \/>\n\t<meta property=\"og:image:width\" content=\"1024\" \/>\n\t<meta property=\"og:image:height\" content=\"1024\" \/>\n\t<meta property=\"og:image:type\" content=\"image\/webp\" \/>\n<meta name=\"twitter:card\" content=\"summary_large_image\" \/>\n<script type=\"application\/ld+json\" class=\"yoast-schema-graph\">{\"@context\":\"https:\/\/schema.org\",\"@graph\":[{\"@type\":\"WebPage\",\"@id\":\"https:\/\/picoytallo.com\/de\/producto\/handgefertigter-jijona-nougat-in-hoechster-qualitaet-150-g\/\",\"url\":\"https:\/\/picoytallo.com\/de\/producto\/handgefertigter-jijona-nougat-in-hoechster-qualitaet-150-g\/\",\"name\":\"Handgefertigter Jijona Nougat in h\u00f6chster Qualit\u00e4t - 150 g - Pico y Tallo\",\"isPartOf\":{\"@id\":\"https:\/\/picoytallo.com\/de\/#website\"},\"primaryImageOfPage\":{\"@id\":\"https:\/\/picoytallo.com\/de\/producto\/handgefertigter-jijona-nougat-in-hoechster-qualitaet-150-g\/#primaryimage\"},\"image\":{\"@id\":\"https:\/\/picoytallo.com\/de\/producto\/handgefertigter-jijona-nougat-in-hoechster-qualitaet-150-g\/#primaryimage\"},\"thumbnailUrl\":\"https:\/\/picoytallo.com\/wp-content\/uploads\/2024\/10\/Turron-de-Jijona-artesano.webp\",\"datePublished\":\"2024-10-16T09:44:13+00:00\",\"description\":\"Kaufen Sie das authentische Jijona Nougat Supreme Artisan Quality 150 gr. mit ausgew\u00e4hlten Mandeln und nat\u00fcrlichem Honig.\",\"breadcrumb\":{\"@id\":\"https:\/\/picoytallo.com\/de\/producto\/handgefertigter-jijona-nougat-in-hoechster-qualitaet-150-g\/#breadcrumb\"},\"inLanguage\":\"de\",\"potentialAction\":[{\"@type\":\"ReadAction\",\"target\":[\"https:\/\/picoytallo.com\/de\/producto\/handgefertigter-jijona-nougat-in-hoechster-qualitaet-150-g\/\"]}]},{\"@type\":\"ImageObject\",\"inLanguage\":\"de\",\"@id\":\"https:\/\/picoytallo.com\/de\/producto\/handgefertigter-jijona-nougat-in-hoechster-qualitaet-150-g\/#primaryimage\",\"url\":\"https:\/\/picoytallo.com\/wp-content\/uploads\/2024\/10\/Turron-de-Jijona-artesano.webp\",\"contentUrl\":\"https:\/\/picoytallo.com\/wp-content\/uploads\/2024\/10\/Turron-de-Jijona-artesano.webp\",\"width\":1024,\"height\":1024,\"caption\":\"Jijona Nougat kaufen\"},{\"@type\":\"BreadcrumbList\",\"@id\":\"https:\/\/picoytallo.com\/de\/producto\/handgefertigter-jijona-nougat-in-hoechster-qualitaet-150-g\/#breadcrumb\",\"itemListElement\":[{\"@type\":\"ListItem\",\"position\":1,\"name\":\"Portada\",\"item\":\"https:\/\/picoytallo.com\/de\/\"},{\"@type\":\"ListItem\",\"position\":2,\"name\":\"Shop\",\"item\":\"https:\/\/picoytallo.com\/de\/shop\/\"},{\"@type\":\"ListItem\",\"position\":3,\"name\":\"Handgefertigter Jijona Nougat in h\u00f6chster Qualit\u00e4t &#8211; 150 g\"}]},{\"@type\":\"WebSite\",\"@id\":\"https:\/\/picoytallo.com\/de\/#website\",\"url\":\"https:\/\/picoytallo.com\/de\/\",\"name\":\"Pico y Tallo\",\"description\":\"Productos Gourmet Online\",\"publisher\":{\"@id\":\"https:\/\/picoytallo.com\/de\/#organization\"},\"potentialAction\":[{\"@type\":\"SearchAction\",\"target\":{\"@type\":\"EntryPoint\",\"urlTemplate\":\"https:\/\/picoytallo.com\/de\/?s={search_term_string}\"},\"query-input\":{\"@type\":\"PropertyValueSpecification\",\"valueRequired\":true,\"valueName\":\"search_term_string\"}}],\"inLanguage\":\"de\"},{\"@type\":\"Organization\",\"@id\":\"https:\/\/picoytallo.com\/de\/#organization\",\"name\":\"Pico y Tallo\",\"url\":\"https:\/\/picoytallo.com\/de\/\",\"logo\":{\"@type\":\"ImageObject\",\"inLanguage\":\"de\",\"@id\":\"https:\/\/picoytallo.com\/de\/#\/schema\/logo\/image\/\",\"url\":\"https:\/\/picoytallo.com\/wp-content\/uploads\/2022\/03\/cropped-Productos-gourmet-picotallo.webp\",\"contentUrl\":\"https:\/\/picoytallo.com\/wp-content\/uploads\/2022\/03\/cropped-Productos-gourmet-picotallo.webp\",\"width\":1194,\"height\":314,\"caption\":\"Pico y Tallo\"},\"image\":{\"@id\":\"https:\/\/picoytallo.com\/de\/#\/schema\/logo\/image\/\"}}]}<\/script>\n<!-- \/ Yoast SEO plugin. -->","yoast_head_json":{"title":"Handgefertigter Jijona Nougat in h\u00f6chster Qualit\u00e4t - 150 g - Pico y Tallo","description":"Kaufen Sie das authentische Jijona Nougat Supreme Artisan Quality 150 gr. mit ausgew\u00e4hlten Mandeln und nat\u00fcrlichem Honig.","robots":{"index":"index","follow":"follow","max-snippet":"max-snippet:-1","max-image-preview":"max-image-preview:large","max-video-preview":"max-video-preview:-1"},"canonical":"https:\/\/picoytallo.com\/de\/producto\/handgefertigter-jijona-nougat-in-hoechster-qualitaet-150-g\/","og_locale":"de_DE","og_type":"article","og_title":"Handgefertigter Jijona Nougat in h\u00f6chster Qualit\u00e4t - 150 g - Pico y Tallo","og_description":"Kaufen Sie das authentische Jijona Nougat Supreme Artisan Quality 150 gr. mit ausgew\u00e4hlten Mandeln und nat\u00fcrlichem Honig.","og_url":"https:\/\/picoytallo.com\/de\/producto\/handgefertigter-jijona-nougat-in-hoechster-qualitaet-150-g\/","og_site_name":"Pico y Tallo","og_image":[{"width":1024,"height":1024,"url":"https:\/\/picoytallo.com\/wp-content\/uploads\/2024\/10\/Turron-de-Jijona-artesano.webp","type":"image\/webp"}],"twitter_card":"summary_large_image","schema":{"@context":"https:\/\/schema.org","@graph":[{"@type":"WebPage","@id":"https:\/\/picoytallo.com\/de\/producto\/handgefertigter-jijona-nougat-in-hoechster-qualitaet-150-g\/","url":"https:\/\/picoytallo.com\/de\/producto\/handgefertigter-jijona-nougat-in-hoechster-qualitaet-150-g\/","name":"Handgefertigter Jijona Nougat in h\u00f6chster Qualit\u00e4t - 150 g - Pico y Tallo","isPartOf":{"@id":"https:\/\/picoytallo.com\/de\/#website"},"primaryImageOfPage":{"@id":"https:\/\/picoytallo.com\/de\/producto\/handgefertigter-jijona-nougat-in-hoechster-qualitaet-150-g\/#primaryimage"},"image":{"@id":"https:\/\/picoytallo.com\/de\/producto\/handgefertigter-jijona-nougat-in-hoechster-qualitaet-150-g\/#primaryimage"},"thumbnailUrl":"https:\/\/picoytallo.com\/wp-content\/uploads\/2024\/10\/Turron-de-Jijona-artesano.webp","datePublished":"2024-10-16T09:44:13+00:00","description":"Kaufen Sie das authentische Jijona Nougat Supreme Artisan Quality 150 gr. mit ausgew\u00e4hlten Mandeln und nat\u00fcrlichem Honig.","breadcrumb":{"@id":"https:\/\/picoytallo.com\/de\/producto\/handgefertigter-jijona-nougat-in-hoechster-qualitaet-150-g\/#breadcrumb"},"inLanguage":"de","potentialAction":[{"@type":"ReadAction","target":["https:\/\/picoytallo.com\/de\/producto\/handgefertigter-jijona-nougat-in-hoechster-qualitaet-150-g\/"]}]},{"@type":"ImageObject","inLanguage":"de","@id":"https:\/\/picoytallo.com\/de\/producto\/handgefertigter-jijona-nougat-in-hoechster-qualitaet-150-g\/#primaryimage","url":"https:\/\/picoytallo.com\/wp-content\/uploads\/2024\/10\/Turron-de-Jijona-artesano.webp","contentUrl":"https:\/\/picoytallo.com\/wp-content\/uploads\/2024\/10\/Turron-de-Jijona-artesano.webp","width":1024,"height":1024,"caption":"Jijona Nougat kaufen"},{"@type":"BreadcrumbList","@id":"https:\/\/picoytallo.com\/de\/producto\/handgefertigter-jijona-nougat-in-hoechster-qualitaet-150-g\/#breadcrumb","itemListElement":[{"@type":"ListItem","position":1,"name":"Portada","item":"https:\/\/picoytallo.com\/de\/"},{"@type":"ListItem","position":2,"name":"Shop","item":"https:\/\/picoytallo.com\/de\/shop\/"},{"@type":"ListItem","position":3,"name":"Handgefertigter Jijona Nougat in h\u00f6chster Qualit\u00e4t &#8211; 150 g"}]},{"@type":"WebSite","@id":"https:\/\/picoytallo.com\/de\/#website","url":"https:\/\/picoytallo.com\/de\/","name":"Pico y Tallo","description":"Productos Gourmet Online","publisher":{"@id":"https:\/\/picoytallo.com\/de\/#organization"},"potentialAction":[{"@type":"SearchAction","target":{"@type":"EntryPoint","urlTemplate":"https:\/\/picoytallo.com\/de\/?s={search_term_string}"},"query-input":{"@type":"PropertyValueSpecification","valueRequired":true,"valueName":"search_term_string"}}],"inLanguage":"de"},{"@type":"Organization","@id":"https:\/\/picoytallo.com\/de\/#organization","name":"Pico y Tallo","url":"https:\/\/picoytallo.com\/de\/","logo":{"@type":"ImageObject","inLanguage":"de","@id":"https:\/\/picoytallo.com\/de\/#\/schema\/logo\/image\/","url":"https:\/\/picoytallo.com\/wp-content\/uploads\/2022\/03\/cropped-Productos-gourmet-picotallo.webp","contentUrl":"https:\/\/picoytallo.com\/wp-content\/uploads\/2022\/03\/cropped-Productos-gourmet-picotallo.webp","width":1194,"height":314,"caption":"Pico y Tallo"},"image":{"@id":"https:\/\/picoytallo.com\/de\/#\/schema\/logo\/image\/"}}]}},"_links":{"self":[{"href":"https:\/\/picoytallo.com\/de\/wp-json\/wp\/v2\/product\/9698","targetHints":{"allow":["GET"]}}],"collection":[{"href":"https:\/\/picoytallo.com\/de\/wp-json\/wp\/v2\/product"}],"about":[{"href":"https:\/\/picoytallo.com\/de\/wp-json\/wp\/v2\/types\/product"}],"replies":[{"embeddable":true,"href":"https:\/\/picoytallo.com\/de\/wp-json\/wp\/v2\/comments?post=9698"}],"wp:featuredmedia":[{"embeddable":true,"href":"https:\/\/picoytallo.com\/de\/wp-json\/wp\/v2\/media\/4829"}],"wp:attachment":[{"href":"https:\/\/picoytallo.com\/de\/wp-json\/wp\/v2\/media?parent=9698"}],"wp:term":[{"taxonomy":"product_brand","embeddable":true,"href":"https:\/\/picoytallo.com\/de\/wp-json\/wp\/v2\/product_brand?post=9698"},{"taxonomy":"product_cat","embeddable":true,"href":"https:\/\/picoytallo.com\/de\/wp-json\/wp\/v2\/product_cat?post=9698"},{"taxonomy":"product_tag","embeddable":true,"href":"https:\/\/picoytallo.com\/de\/wp-json\/wp\/v2\/product_tag?post=9698"}],"curies":[{"name":"wp","href":"https:\/\/api.w.org\/{rel}","templated":true}]}}