{"id":9700,"date":"2024-10-16T11:44:13","date_gmt":"2024-10-16T09:44:13","guid":{"rendered":"https:\/\/picoytallo.com\/producto\/schokoladen-nougat-mit-mandeln-supreme-quality-handgemacht-200-gr\/"},"modified":"2024-10-16T11:44:13","modified_gmt":"2024-10-16T09:44:13","slug":"schokoladen-nougat-mit-mandeln-supreme-quality-handgemacht-200-gr","status":"publish","type":"product","link":"https:\/\/picoytallo.com\/de\/producto\/schokoladen-nougat-mit-mandeln-supreme-quality-handgemacht-200-gr\/","title":{"rendered":"Schokoladen-Nougat mit Mandeln Supreme Quality Handgemacht &#8211; 200 gr"},"content":{"rendered":"<p>Dieser Schokoladen-Nougat mit Mandeln von Supreme Quality ist die perfekte Balance zwischen dem weichen Geschmack von Schokolade und der knackigen Textur ganzer Mandeln. Mit 200 Gramm purem Genuss ist dieses Juwel spanischer S\u00fc\u00dfwaren ideal f\u00fcr Schokoladenliebhaber, die auf der Suche nach einem Extra an Qualit\u00e4t sind. Dieses handgefertigte Nougat bietet einen intensiven Geschmack und eine unwiderstehliche Kombination, die Sie w\u00e4hrend der Feiertage oder zu jeder Zeit des Jahres genie\u00dfen k\u00f6nnen.  <\/p>\n","protected":false},"excerpt":{"rendered":"<p>Schokoladen-Nougat mit Mandeln h\u00f6chster Qualit\u00e4t, handgefertigt nach traditioneller Art. K\u00f6stlich und knusprig, kombiniert es die beste Schokolade mit hochwertigen ganzen Mandeln. <\/p>\n","protected":false},"featured_media":4825,"comment_status":"open","ping_status":"closed","template":"","meta":[],"product_brand":[],"product_cat":[439],"product_tag":[938,1101],"class_list":{"0":"post-9700","1":"product","2":"type-product","3":"status-publish","4":"has-post-thumbnail","6":"product_cat-pralinen-und-nougat","7":"product_tag-kunsthandwerklicher-nougat","8":"product_tag-schokoladen-nougat","10":"first","11":"instock","12":"shipping-taxable","13":"purchasable","14":"product-type-simple"},"yoast_head":"<!-- This site is optimized with the Yoast SEO plugin v27.4 - https:\/\/yoast.com\/product\/yoast-seo-wordpress\/ -->\n<title>Schokoladen-Nougat mit Mandeln Supreme Quality Handgemacht - 200 gr<\/title>\n<meta name=\"description\" content=\"Kaufen Sie online den authentischen Schokoladen-Nougat mit Mandeln Supreme Quality Handmade Christmas Nougat. Kunsthandwerklicher Nougat.\" \/>\n<meta name=\"robots\" content=\"index, follow, max-snippet:-1, max-image-preview:large, max-video-preview:-1\" \/>\n<link rel=\"canonical\" href=\"https:\/\/picoytallo.com\/de\/producto\/schokoladen-nougat-mit-mandeln-supreme-quality-handgemacht-200-gr\/\" \/>\n<meta property=\"og:locale\" content=\"de_DE\" \/>\n<meta property=\"og:type\" content=\"article\" \/>\n<meta property=\"og:title\" content=\"Schokoladen-Nougat mit Mandeln Supreme Quality Handgemacht - 200 gr\" \/>\n<meta property=\"og:description\" content=\"Kaufen Sie online den authentischen Schokoladen-Nougat mit Mandeln Supreme Quality Handmade Christmas Nougat. Kunsthandwerklicher Nougat.\" \/>\n<meta property=\"og:url\" content=\"https:\/\/picoytallo.com\/de\/producto\/schokoladen-nougat-mit-mandeln-supreme-quality-handgemacht-200-gr\/\" \/>\n<meta property=\"og:site_name\" content=\"Pico y Tallo\" \/>\n<meta property=\"og:image\" content=\"https:\/\/picoytallo.com\/wp-content\/uploads\/2024\/10\/Turron-chocolate-y-almendra-artesano.webp\" \/>\n\t<meta property=\"og:image:width\" content=\"1024\" \/>\n\t<meta property=\"og:image:height\" content=\"1024\" \/>\n\t<meta property=\"og:image:type\" content=\"image\/webp\" \/>\n<meta name=\"twitter:card\" content=\"summary_large_image\" \/>\n<meta name=\"twitter:label1\" content=\"Preis\" \/>\n\t<meta name=\"twitter:data1\" content=\"6,00&euro;\" \/>\n\t<meta name=\"twitter:label2\" content=\"Verf\u00fcgbarkeit\" \/>\n\t<meta name=\"twitter:data2\" content=\"Auf Lager\" \/>\n<script type=\"application\/ld+json\" class=\"yoast-schema-graph\">{\"@context\":\"https:\\\/\\\/schema.org\",\"@graph\":[{\"@type\":\"WebPage\",\"@id\":\"https:\\\/\\\/picoytallo.com\\\/de\\\/producto\\\/schokoladen-nougat-mit-mandeln-supreme-quality-handgemacht-200-gr\\\/\",\"url\":\"https:\\\/\\\/picoytallo.com\\\/de\\\/producto\\\/schokoladen-nougat-mit-mandeln-supreme-quality-handgemacht-200-gr\\\/\",\"name\":\"Schokoladen-Nougat mit Mandeln Supreme Quality Handgemacht - 200 gr\",\"isPartOf\":{\"@id\":\"https:\\\/\\\/picoytallo.com\\\/de\\\/#website\"},\"primaryImageOfPage\":{\"@id\":\"https:\\\/\\\/picoytallo.com\\\/de\\\/producto\\\/schokoladen-nougat-mit-mandeln-supreme-quality-handgemacht-200-gr\\\/#primaryimage\"},\"image\":{\"@id\":\"https:\\\/\\\/picoytallo.com\\\/de\\\/producto\\\/schokoladen-nougat-mit-mandeln-supreme-quality-handgemacht-200-gr\\\/#primaryimage\"},\"thumbnailUrl\":\"https:\\\/\\\/picoytallo.com\\\/wp-content\\\/uploads\\\/2024\\\/10\\\/Turron-chocolate-y-almendra-artesano.webp\",\"datePublished\":\"2024-10-16T09:44:13+00:00\",\"description\":\"Kaufen Sie online den authentischen Schokoladen-Nougat mit Mandeln Supreme Quality Handmade Christmas Nougat. Kunsthandwerklicher Nougat.\",\"breadcrumb\":{\"@id\":\"https:\\\/\\\/picoytallo.com\\\/de\\\/producto\\\/schokoladen-nougat-mit-mandeln-supreme-quality-handgemacht-200-gr\\\/#breadcrumb\"},\"inLanguage\":\"de\",\"potentialAction\":[{\"@type\":\"ReadAction\",\"target\":[\"https:\\\/\\\/picoytallo.com\\\/de\\\/producto\\\/schokoladen-nougat-mit-mandeln-supreme-quality-handgemacht-200-gr\\\/\"]}]},{\"@type\":\"ImageObject\",\"inLanguage\":\"de\",\"@id\":\"https:\\\/\\\/picoytallo.com\\\/de\\\/producto\\\/schokoladen-nougat-mit-mandeln-supreme-quality-handgemacht-200-gr\\\/#primaryimage\",\"url\":\"https:\\\/\\\/picoytallo.com\\\/wp-content\\\/uploads\\\/2024\\\/10\\\/Turron-chocolate-y-almendra-artesano.webp\",\"contentUrl\":\"https:\\\/\\\/picoytallo.com\\\/wp-content\\\/uploads\\\/2024\\\/10\\\/Turron-chocolate-y-almendra-artesano.webp\",\"width\":1024,\"height\":1024,\"caption\":\"Schokolade und Mandel-Nougat kaufen\"},{\"@type\":\"BreadcrumbList\",\"@id\":\"https:\\\/\\\/picoytallo.com\\\/de\\\/producto\\\/schokoladen-nougat-mit-mandeln-supreme-quality-handgemacht-200-gr\\\/#breadcrumb\",\"itemListElement\":[{\"@type\":\"ListItem\",\"position\":1,\"name\":\"Portada\",\"item\":\"https:\\\/\\\/picoytallo.com\\\/de\\\/home\\\/\"},{\"@type\":\"ListItem\",\"position\":2,\"name\":\"Shop\",\"item\":\"https:\\\/\\\/picoytallo.com\\\/de\\\/shop\\\/\"},{\"@type\":\"ListItem\",\"position\":3,\"name\":\"Schokoladen-Nougat mit Mandeln Supreme Quality Handgemacht &#8211; 200 gr\"}]},{\"@type\":\"WebSite\",\"@id\":\"https:\\\/\\\/picoytallo.com\\\/de\\\/#website\",\"url\":\"https:\\\/\\\/picoytallo.com\\\/de\\\/\",\"name\":\"Pico y Tallo\",\"description\":\"Productos Gourmet Online\",\"publisher\":{\"@id\":\"https:\\\/\\\/picoytallo.com\\\/de\\\/#organization\"},\"potentialAction\":[{\"@type\":\"SearchAction\",\"target\":{\"@type\":\"EntryPoint\",\"urlTemplate\":\"https:\\\/\\\/picoytallo.com\\\/de\\\/?s={search_term_string}\"},\"query-input\":{\"@type\":\"PropertyValueSpecification\",\"valueRequired\":true,\"valueName\":\"search_term_string\"}}],\"inLanguage\":\"de\"},{\"@type\":\"Organization\",\"@id\":\"https:\\\/\\\/picoytallo.com\\\/de\\\/#organization\",\"name\":\"Pico y Tallo\",\"url\":\"https:\\\/\\\/picoytallo.com\\\/de\\\/\",\"logo\":{\"@type\":\"ImageObject\",\"inLanguage\":\"de\",\"@id\":\"https:\\\/\\\/picoytallo.com\\\/de\\\/#\\\/schema\\\/logo\\\/image\\\/\",\"url\":\"https:\\\/\\\/picoytallo.com\\\/wp-content\\\/uploads\\\/2022\\\/03\\\/cropped-Productos-gourmet-picotallo.webp\",\"contentUrl\":\"https:\\\/\\\/picoytallo.com\\\/wp-content\\\/uploads\\\/2022\\\/03\\\/cropped-Productos-gourmet-picotallo.webp\",\"width\":1194,\"height\":314,\"caption\":\"Pico y Tallo\"},\"image\":{\"@id\":\"https:\\\/\\\/picoytallo.com\\\/de\\\/#\\\/schema\\\/logo\\\/image\\\/\"}}]}<\/script>\n<meta property=\"product:price:amount\" content=\"6.00\" \/>\n<meta property=\"product:price:currency\" content=\"EUR\" \/>\n<meta property=\"og:availability\" content=\"instock\" \/>\n<meta property=\"product:availability\" content=\"instock\" \/>\n<meta property=\"product:retailer_item_id\" content=\"8437024127444\" \/>\n<meta property=\"product:condition\" content=\"new\" \/>\n<!-- \/ Yoast SEO plugin. -->","yoast_head_json":{"title":"Schokoladen-Nougat mit Mandeln Supreme Quality Handgemacht - 200 gr","description":"Kaufen Sie online den authentischen Schokoladen-Nougat mit Mandeln Supreme Quality Handmade Christmas Nougat. Kunsthandwerklicher Nougat.","robots":{"index":"index","follow":"follow","max-snippet":"max-snippet:-1","max-image-preview":"max-image-preview:large","max-video-preview":"max-video-preview:-1"},"canonical":"https:\/\/picoytallo.com\/de\/producto\/schokoladen-nougat-mit-mandeln-supreme-quality-handgemacht-200-gr\/","og_locale":"de_DE","og_type":"article","og_title":"Schokoladen-Nougat mit Mandeln Supreme Quality Handgemacht - 200 gr","og_description":"Kaufen Sie online den authentischen Schokoladen-Nougat mit Mandeln Supreme Quality Handmade Christmas Nougat. Kunsthandwerklicher Nougat.","og_url":"https:\/\/picoytallo.com\/de\/producto\/schokoladen-nougat-mit-mandeln-supreme-quality-handgemacht-200-gr\/","og_site_name":"Pico y Tallo","og_image":[{"width":1024,"height":1024,"url":"https:\/\/picoytallo.com\/wp-content\/uploads\/2024\/10\/Turron-chocolate-y-almendra-artesano.webp","type":"image\/webp"}],"twitter_card":"summary_large_image","twitter_misc":{"Preis":"6,00&euro;","Verf\u00fcgbarkeit":"Auf Lager"},"schema":{"@context":"https:\/\/schema.org","@graph":[{"@type":"WebPage","@id":"https:\/\/picoytallo.com\/de\/producto\/schokoladen-nougat-mit-mandeln-supreme-quality-handgemacht-200-gr\/","url":"https:\/\/picoytallo.com\/de\/producto\/schokoladen-nougat-mit-mandeln-supreme-quality-handgemacht-200-gr\/","name":"Schokoladen-Nougat mit Mandeln Supreme Quality Handgemacht - 200 gr","isPartOf":{"@id":"https:\/\/picoytallo.com\/de\/#website"},"primaryImageOfPage":{"@id":"https:\/\/picoytallo.com\/de\/producto\/schokoladen-nougat-mit-mandeln-supreme-quality-handgemacht-200-gr\/#primaryimage"},"image":{"@id":"https:\/\/picoytallo.com\/de\/producto\/schokoladen-nougat-mit-mandeln-supreme-quality-handgemacht-200-gr\/#primaryimage"},"thumbnailUrl":"https:\/\/picoytallo.com\/wp-content\/uploads\/2024\/10\/Turron-chocolate-y-almendra-artesano.webp","datePublished":"2024-10-16T09:44:13+00:00","description":"Kaufen Sie online den authentischen Schokoladen-Nougat mit Mandeln Supreme Quality Handmade Christmas Nougat. Kunsthandwerklicher Nougat.","breadcrumb":{"@id":"https:\/\/picoytallo.com\/de\/producto\/schokoladen-nougat-mit-mandeln-supreme-quality-handgemacht-200-gr\/#breadcrumb"},"inLanguage":"de","potentialAction":[{"@type":"ReadAction","target":["https:\/\/picoytallo.com\/de\/producto\/schokoladen-nougat-mit-mandeln-supreme-quality-handgemacht-200-gr\/"]}]},{"@type":"ImageObject","inLanguage":"de","@id":"https:\/\/picoytallo.com\/de\/producto\/schokoladen-nougat-mit-mandeln-supreme-quality-handgemacht-200-gr\/#primaryimage","url":"https:\/\/picoytallo.com\/wp-content\/uploads\/2024\/10\/Turron-chocolate-y-almendra-artesano.webp","contentUrl":"https:\/\/picoytallo.com\/wp-content\/uploads\/2024\/10\/Turron-chocolate-y-almendra-artesano.webp","width":1024,"height":1024,"caption":"Schokolade und Mandel-Nougat kaufen"},{"@type":"BreadcrumbList","@id":"https:\/\/picoytallo.com\/de\/producto\/schokoladen-nougat-mit-mandeln-supreme-quality-handgemacht-200-gr\/#breadcrumb","itemListElement":[{"@type":"ListItem","position":1,"name":"Portada","item":"https:\/\/picoytallo.com\/de\/home\/"},{"@type":"ListItem","position":2,"name":"Shop","item":"https:\/\/picoytallo.com\/de\/shop\/"},{"@type":"ListItem","position":3,"name":"Schokoladen-Nougat mit Mandeln Supreme Quality Handgemacht &#8211; 200 gr"}]},{"@type":"WebSite","@id":"https:\/\/picoytallo.com\/de\/#website","url":"https:\/\/picoytallo.com\/de\/","name":"Pico y Tallo","description":"Productos Gourmet Online","publisher":{"@id":"https:\/\/picoytallo.com\/de\/#organization"},"potentialAction":[{"@type":"SearchAction","target":{"@type":"EntryPoint","urlTemplate":"https:\/\/picoytallo.com\/de\/?s={search_term_string}"},"query-input":{"@type":"PropertyValueSpecification","valueRequired":true,"valueName":"search_term_string"}}],"inLanguage":"de"},{"@type":"Organization","@id":"https:\/\/picoytallo.com\/de\/#organization","name":"Pico y Tallo","url":"https:\/\/picoytallo.com\/de\/","logo":{"@type":"ImageObject","inLanguage":"de","@id":"https:\/\/picoytallo.com\/de\/#\/schema\/logo\/image\/","url":"https:\/\/picoytallo.com\/wp-content\/uploads\/2022\/03\/cropped-Productos-gourmet-picotallo.webp","contentUrl":"https:\/\/picoytallo.com\/wp-content\/uploads\/2022\/03\/cropped-Productos-gourmet-picotallo.webp","width":1194,"height":314,"caption":"Pico y Tallo"},"image":{"@id":"https:\/\/picoytallo.com\/de\/#\/schema\/logo\/image\/"}}]},"product_price_amount":"6.00","product_price_currency":"EUR","og_availability":"instock","product_availability":"instock","product_retailer_item_id":"8437024127444","product_condition":"new"},"_links":{"self":[{"href":"https:\/\/picoytallo.com\/de\/wp-json\/wp\/v2\/product\/9700","targetHints":{"allow":["GET"]}}],"collection":[{"href":"https:\/\/picoytallo.com\/de\/wp-json\/wp\/v2\/product"}],"about":[{"href":"https:\/\/picoytallo.com\/de\/wp-json\/wp\/v2\/types\/product"}],"replies":[{"embeddable":true,"href":"https:\/\/picoytallo.com\/de\/wp-json\/wp\/v2\/comments?post=9700"}],"wp:featuredmedia":[{"embeddable":true,"href":"https:\/\/picoytallo.com\/de\/wp-json\/wp\/v2\/media\/4825"}],"wp:attachment":[{"href":"https:\/\/picoytallo.com\/de\/wp-json\/wp\/v2\/media?parent=9700"}],"wp:term":[{"taxonomy":"product_brand","embeddable":true,"href":"https:\/\/picoytallo.com\/de\/wp-json\/wp\/v2\/product_brand?post=9700"},{"taxonomy":"product_cat","embeddable":true,"href":"https:\/\/picoytallo.com\/de\/wp-json\/wp\/v2\/product_cat?post=9700"},{"taxonomy":"product_tag","embeddable":true,"href":"https:\/\/picoytallo.com\/de\/wp-json\/wp\/v2\/product_tag?post=9700"}],"curies":[{"name":"wp","href":"https:\/\/api.w.org\/{rel}","templated":true}]}}