{"id":9736,"date":"2024-10-16T11:44:14","date_gmt":"2024-10-16T09:44:14","guid":{"rendered":"https:\/\/picoytallo.com\/producto\/arnadi-110-gr-kuerbis-mandeln-und-zimt-als-suesse-streichfaehige-vorspeise\/"},"modified":"2025-12-05T12:20:59","modified_gmt":"2025-12-05T10:20:59","slug":"arnadi-110-gr-kuerbis-mandeln-und-zimt-als-suesse-streichfaehige-vorspeise","status":"publish","type":"product","link":"https:\/\/picoytallo.com\/de\/producto\/arnadi-110-gr-kuerbis-mandeln-und-zimt-als-suesse-streichfaehige-vorspeise\/","title":{"rendered":"Arnad\u00ed 110 gr &#8211; S\u00fc\u00dfer Brotaufstrich mit K\u00fcrbis, Mandeln und Zimt"},"content":{"rendered":"<p>Das 110 Gramm schwere Arnad\u00ed ist eine k\u00f6stliche s\u00fc\u00dfe Creme aus nat\u00fcrlichen Zutaten wie K\u00fcrbis, Mandeln und einem Hauch von Zimt. Dieser traditionelle valencianische Snack wird gerne auf Toast gestrichen, mit Keksen serviert oder in Desserts und Snacks genossen. Seine weiche Textur und ausgewogene S\u00fc\u00dfe machen ihn zu einer vielseitigen und schmackhaften Option f\u00fcr jede Gelegenheit. Perfekt f\u00fcr Liebhaber von authentischen, handwerklichen Aromen, die an die traditionellen Rezepte der valencianischen Gemeinschaft erinnern.   <\/p>\n","protected":false},"excerpt":{"rendered":"<p>Arnad\u00ed von 110 gr. K\u00f6stlicher s\u00fc\u00dfer K\u00fcrbis-, Mandel- und Zimtsnack, ideal zum Bestreichen und Genie\u00dfen in Desserts oder Snacks. <\/p>\n","protected":false},"featured_media":4857,"comment_status":"open","ping_status":"closed","template":"","meta":[],"product_brand":[],"product_cat":[425],"product_tag":[986,1230],"class_list":{"0":"post-9736","1":"product","2":"type-product","3":"status-publish","4":"has-post-thumbnail","6":"product_cat-gourmet-produkte","7":"product_tag-arnadi-de","8":"product_tag-kurbis-2","10":"first","11":"instock","12":"shipping-taxable","13":"purchasable","14":"product-type-simple"},"yoast_head":"<!-- This site is optimized with the Yoast SEO plugin v27.4 - https:\/\/yoast.com\/product\/yoast-seo-wordpress\/ -->\n<title>Arnad\u00ed kaufen - S\u00fc\u00dfe Vorspeise mit K\u00fcrbis, Mandeln und Zimt<\/title>\n<meta name=\"description\" content=\"Entdecken Sie diesen exquisiten und einzigartigen s\u00fc\u00dfen Aperitif, Arnad\u00ed, aus K\u00fcrbis, Mandeln und Zimt, der ideal zu S\u00fc\u00dfigkeiten passt.\" \/>\n<meta name=\"robots\" content=\"index, follow, max-snippet:-1, max-image-preview:large, max-video-preview:-1\" \/>\n<link rel=\"canonical\" href=\"https:\/\/picoytallo.com\/de\/producto\/arnadi-110-gr-kuerbis-mandeln-und-zimt-als-suesse-streichfaehige-vorspeise\/\" \/>\n<meta property=\"og:locale\" content=\"de_DE\" \/>\n<meta property=\"og:type\" content=\"article\" \/>\n<meta property=\"og:title\" content=\"Arnad\u00ed kaufen - S\u00fc\u00dfe Vorspeise mit K\u00fcrbis, Mandeln und Zimt\" \/>\n<meta property=\"og:description\" content=\"Entdecken Sie diesen exquisiten und einzigartigen s\u00fc\u00dfen Aperitif, Arnad\u00ed, aus K\u00fcrbis, Mandeln und Zimt, der ideal zu S\u00fc\u00dfigkeiten passt.\" \/>\n<meta property=\"og:url\" content=\"https:\/\/picoytallo.com\/de\/producto\/arnadi-110-gr-kuerbis-mandeln-und-zimt-als-suesse-streichfaehige-vorspeise\/\" \/>\n<meta property=\"og:site_name\" content=\"Pico y Tallo\" \/>\n<meta property=\"article:modified_time\" content=\"2025-12-05T10:20:59+00:00\" \/>\n<meta property=\"og:image\" content=\"https:\/\/picoytallo.com\/wp-content\/uploads\/2024\/10\/Arnadi.webp\" \/>\n\t<meta property=\"og:image:width\" content=\"1080\" \/>\n\t<meta property=\"og:image:height\" content=\"1080\" \/>\n\t<meta property=\"og:image:type\" content=\"image\/webp\" \/>\n<meta name=\"twitter:card\" content=\"summary_large_image\" \/>\n<meta name=\"twitter:label1\" content=\"Preis\" \/>\n\t<meta name=\"twitter:data1\" content=\"3,85&euro;\" \/>\n\t<meta name=\"twitter:label2\" content=\"Verf\u00fcgbarkeit\" \/>\n\t<meta name=\"twitter:data2\" content=\"Auf Lager\" \/>\n<script type=\"application\/ld+json\" class=\"yoast-schema-graph\">{\"@context\":\"https:\\\/\\\/schema.org\",\"@graph\":[{\"@type\":\"WebPage\",\"@id\":\"https:\\\/\\\/picoytallo.com\\\/de\\\/producto\\\/arnadi-110-gr-kuerbis-mandeln-und-zimt-als-suesse-streichfaehige-vorspeise\\\/\",\"url\":\"https:\\\/\\\/picoytallo.com\\\/de\\\/producto\\\/arnadi-110-gr-kuerbis-mandeln-und-zimt-als-suesse-streichfaehige-vorspeise\\\/\",\"name\":\"Arnad\u00ed kaufen - S\u00fc\u00dfe Vorspeise mit K\u00fcrbis, Mandeln und Zimt\",\"isPartOf\":{\"@id\":\"https:\\\/\\\/picoytallo.com\\\/de\\\/#website\"},\"primaryImageOfPage\":{\"@id\":\"https:\\\/\\\/picoytallo.com\\\/de\\\/producto\\\/arnadi-110-gr-kuerbis-mandeln-und-zimt-als-suesse-streichfaehige-vorspeise\\\/#primaryimage\"},\"image\":{\"@id\":\"https:\\\/\\\/picoytallo.com\\\/de\\\/producto\\\/arnadi-110-gr-kuerbis-mandeln-und-zimt-als-suesse-streichfaehige-vorspeise\\\/#primaryimage\"},\"thumbnailUrl\":\"https:\\\/\\\/picoytallo.com\\\/wp-content\\\/uploads\\\/2024\\\/10\\\/Arnadi.webp\",\"datePublished\":\"2024-10-16T09:44:14+00:00\",\"dateModified\":\"2025-12-05T10:20:59+00:00\",\"description\":\"Entdecken Sie diesen exquisiten und einzigartigen s\u00fc\u00dfen Aperitif, Arnad\u00ed, aus K\u00fcrbis, Mandeln und Zimt, der ideal zu S\u00fc\u00dfigkeiten passt.\",\"breadcrumb\":{\"@id\":\"https:\\\/\\\/picoytallo.com\\\/de\\\/producto\\\/arnadi-110-gr-kuerbis-mandeln-und-zimt-als-suesse-streichfaehige-vorspeise\\\/#breadcrumb\"},\"inLanguage\":\"de\",\"potentialAction\":[{\"@type\":\"ReadAction\",\"target\":[\"https:\\\/\\\/picoytallo.com\\\/de\\\/producto\\\/arnadi-110-gr-kuerbis-mandeln-und-zimt-als-suesse-streichfaehige-vorspeise\\\/\"]}]},{\"@type\":\"ImageObject\",\"inLanguage\":\"de\",\"@id\":\"https:\\\/\\\/picoytallo.com\\\/de\\\/producto\\\/arnadi-110-gr-kuerbis-mandeln-und-zimt-als-suesse-streichfaehige-vorspeise\\\/#primaryimage\",\"url\":\"https:\\\/\\\/picoytallo.com\\\/wp-content\\\/uploads\\\/2024\\\/10\\\/Arnadi.webp\",\"contentUrl\":\"https:\\\/\\\/picoytallo.com\\\/wp-content\\\/uploads\\\/2024\\\/10\\\/Arnadi.webp\",\"width\":1080,\"height\":1080,\"caption\":\"Arnad\u00ed kaufen\"},{\"@type\":\"BreadcrumbList\",\"@id\":\"https:\\\/\\\/picoytallo.com\\\/de\\\/producto\\\/arnadi-110-gr-kuerbis-mandeln-und-zimt-als-suesse-streichfaehige-vorspeise\\\/#breadcrumb\",\"itemListElement\":[{\"@type\":\"ListItem\",\"position\":1,\"name\":\"Portada\",\"item\":\"https:\\\/\\\/picoytallo.com\\\/de\\\/home\\\/\"},{\"@type\":\"ListItem\",\"position\":2,\"name\":\"Shop\",\"item\":\"https:\\\/\\\/picoytallo.com\\\/de\\\/shop\\\/\"},{\"@type\":\"ListItem\",\"position\":3,\"name\":\"Arnad\u00ed 110 gr &#8211; S\u00fc\u00dfer Brotaufstrich mit K\u00fcrbis, Mandeln und Zimt\"}]},{\"@type\":\"WebSite\",\"@id\":\"https:\\\/\\\/picoytallo.com\\\/de\\\/#website\",\"url\":\"https:\\\/\\\/picoytallo.com\\\/de\\\/\",\"name\":\"Pico y Tallo\",\"description\":\"Productos Gourmet Online\",\"publisher\":{\"@id\":\"https:\\\/\\\/picoytallo.com\\\/de\\\/#organization\"},\"potentialAction\":[{\"@type\":\"SearchAction\",\"target\":{\"@type\":\"EntryPoint\",\"urlTemplate\":\"https:\\\/\\\/picoytallo.com\\\/de\\\/?s={search_term_string}\"},\"query-input\":{\"@type\":\"PropertyValueSpecification\",\"valueRequired\":true,\"valueName\":\"search_term_string\"}}],\"inLanguage\":\"de\"},{\"@type\":\"Organization\",\"@id\":\"https:\\\/\\\/picoytallo.com\\\/de\\\/#organization\",\"name\":\"Pico y Tallo\",\"url\":\"https:\\\/\\\/picoytallo.com\\\/de\\\/\",\"logo\":{\"@type\":\"ImageObject\",\"inLanguage\":\"de\",\"@id\":\"https:\\\/\\\/picoytallo.com\\\/de\\\/#\\\/schema\\\/logo\\\/image\\\/\",\"url\":\"https:\\\/\\\/picoytallo.com\\\/wp-content\\\/uploads\\\/2022\\\/03\\\/cropped-Productos-gourmet-picotallo.webp\",\"contentUrl\":\"https:\\\/\\\/picoytallo.com\\\/wp-content\\\/uploads\\\/2022\\\/03\\\/cropped-Productos-gourmet-picotallo.webp\",\"width\":1194,\"height\":314,\"caption\":\"Pico y Tallo\"},\"image\":{\"@id\":\"https:\\\/\\\/picoytallo.com\\\/de\\\/#\\\/schema\\\/logo\\\/image\\\/\"}}]}<\/script>\n<meta property=\"product:price:amount\" content=\"3.85\" \/>\n<meta property=\"product:price:currency\" content=\"EUR\" \/>\n<meta property=\"og:availability\" content=\"instock\" \/>\n<meta property=\"product:availability\" content=\"instock\" \/>\n<meta property=\"product:retailer_item_id\" content=\"8436610382892\" \/>\n<meta property=\"product:condition\" content=\"new\" \/>\n<!-- \/ Yoast SEO plugin. -->","yoast_head_json":{"title":"Arnad\u00ed kaufen - S\u00fc\u00dfe Vorspeise mit K\u00fcrbis, Mandeln und Zimt","description":"Entdecken Sie diesen exquisiten und einzigartigen s\u00fc\u00dfen Aperitif, Arnad\u00ed, aus K\u00fcrbis, Mandeln und Zimt, der ideal zu S\u00fc\u00dfigkeiten passt.","robots":{"index":"index","follow":"follow","max-snippet":"max-snippet:-1","max-image-preview":"max-image-preview:large","max-video-preview":"max-video-preview:-1"},"canonical":"https:\/\/picoytallo.com\/de\/producto\/arnadi-110-gr-kuerbis-mandeln-und-zimt-als-suesse-streichfaehige-vorspeise\/","og_locale":"de_DE","og_type":"article","og_title":"Arnad\u00ed kaufen - S\u00fc\u00dfe Vorspeise mit K\u00fcrbis, Mandeln und Zimt","og_description":"Entdecken Sie diesen exquisiten und einzigartigen s\u00fc\u00dfen Aperitif, Arnad\u00ed, aus K\u00fcrbis, Mandeln und Zimt, der ideal zu S\u00fc\u00dfigkeiten passt.","og_url":"https:\/\/picoytallo.com\/de\/producto\/arnadi-110-gr-kuerbis-mandeln-und-zimt-als-suesse-streichfaehige-vorspeise\/","og_site_name":"Pico y Tallo","article_modified_time":"2025-12-05T10:20:59+00:00","og_image":[{"width":1080,"height":1080,"url":"https:\/\/picoytallo.com\/wp-content\/uploads\/2024\/10\/Arnadi.webp","type":"image\/webp"}],"twitter_card":"summary_large_image","twitter_misc":{"Preis":"3,85&euro;","Verf\u00fcgbarkeit":"Auf Lager"},"schema":{"@context":"https:\/\/schema.org","@graph":[{"@type":"WebPage","@id":"https:\/\/picoytallo.com\/de\/producto\/arnadi-110-gr-kuerbis-mandeln-und-zimt-als-suesse-streichfaehige-vorspeise\/","url":"https:\/\/picoytallo.com\/de\/producto\/arnadi-110-gr-kuerbis-mandeln-und-zimt-als-suesse-streichfaehige-vorspeise\/","name":"Arnad\u00ed kaufen - S\u00fc\u00dfe Vorspeise mit K\u00fcrbis, Mandeln und Zimt","isPartOf":{"@id":"https:\/\/picoytallo.com\/de\/#website"},"primaryImageOfPage":{"@id":"https:\/\/picoytallo.com\/de\/producto\/arnadi-110-gr-kuerbis-mandeln-und-zimt-als-suesse-streichfaehige-vorspeise\/#primaryimage"},"image":{"@id":"https:\/\/picoytallo.com\/de\/producto\/arnadi-110-gr-kuerbis-mandeln-und-zimt-als-suesse-streichfaehige-vorspeise\/#primaryimage"},"thumbnailUrl":"https:\/\/picoytallo.com\/wp-content\/uploads\/2024\/10\/Arnadi.webp","datePublished":"2024-10-16T09:44:14+00:00","dateModified":"2025-12-05T10:20:59+00:00","description":"Entdecken Sie diesen exquisiten und einzigartigen s\u00fc\u00dfen Aperitif, Arnad\u00ed, aus K\u00fcrbis, Mandeln und Zimt, der ideal zu S\u00fc\u00dfigkeiten passt.","breadcrumb":{"@id":"https:\/\/picoytallo.com\/de\/producto\/arnadi-110-gr-kuerbis-mandeln-und-zimt-als-suesse-streichfaehige-vorspeise\/#breadcrumb"},"inLanguage":"de","potentialAction":[{"@type":"ReadAction","target":["https:\/\/picoytallo.com\/de\/producto\/arnadi-110-gr-kuerbis-mandeln-und-zimt-als-suesse-streichfaehige-vorspeise\/"]}]},{"@type":"ImageObject","inLanguage":"de","@id":"https:\/\/picoytallo.com\/de\/producto\/arnadi-110-gr-kuerbis-mandeln-und-zimt-als-suesse-streichfaehige-vorspeise\/#primaryimage","url":"https:\/\/picoytallo.com\/wp-content\/uploads\/2024\/10\/Arnadi.webp","contentUrl":"https:\/\/picoytallo.com\/wp-content\/uploads\/2024\/10\/Arnadi.webp","width":1080,"height":1080,"caption":"Arnad\u00ed kaufen"},{"@type":"BreadcrumbList","@id":"https:\/\/picoytallo.com\/de\/producto\/arnadi-110-gr-kuerbis-mandeln-und-zimt-als-suesse-streichfaehige-vorspeise\/#breadcrumb","itemListElement":[{"@type":"ListItem","position":1,"name":"Portada","item":"https:\/\/picoytallo.com\/de\/home\/"},{"@type":"ListItem","position":2,"name":"Shop","item":"https:\/\/picoytallo.com\/de\/shop\/"},{"@type":"ListItem","position":3,"name":"Arnad\u00ed 110 gr &#8211; S\u00fc\u00dfer Brotaufstrich mit K\u00fcrbis, Mandeln und Zimt"}]},{"@type":"WebSite","@id":"https:\/\/picoytallo.com\/de\/#website","url":"https:\/\/picoytallo.com\/de\/","name":"Pico y Tallo","description":"Productos Gourmet Online","publisher":{"@id":"https:\/\/picoytallo.com\/de\/#organization"},"potentialAction":[{"@type":"SearchAction","target":{"@type":"EntryPoint","urlTemplate":"https:\/\/picoytallo.com\/de\/?s={search_term_string}"},"query-input":{"@type":"PropertyValueSpecification","valueRequired":true,"valueName":"search_term_string"}}],"inLanguage":"de"},{"@type":"Organization","@id":"https:\/\/picoytallo.com\/de\/#organization","name":"Pico y Tallo","url":"https:\/\/picoytallo.com\/de\/","logo":{"@type":"ImageObject","inLanguage":"de","@id":"https:\/\/picoytallo.com\/de\/#\/schema\/logo\/image\/","url":"https:\/\/picoytallo.com\/wp-content\/uploads\/2022\/03\/cropped-Productos-gourmet-picotallo.webp","contentUrl":"https:\/\/picoytallo.com\/wp-content\/uploads\/2022\/03\/cropped-Productos-gourmet-picotallo.webp","width":1194,"height":314,"caption":"Pico y Tallo"},"image":{"@id":"https:\/\/picoytallo.com\/de\/#\/schema\/logo\/image\/"}}]},"product_price_amount":"3.85","product_price_currency":"EUR","og_availability":"instock","product_availability":"instock","product_retailer_item_id":"8436610382892","product_condition":"new"},"_links":{"self":[{"href":"https:\/\/picoytallo.com\/de\/wp-json\/wp\/v2\/product\/9736","targetHints":{"allow":["GET"]}}],"collection":[{"href":"https:\/\/picoytallo.com\/de\/wp-json\/wp\/v2\/product"}],"about":[{"href":"https:\/\/picoytallo.com\/de\/wp-json\/wp\/v2\/types\/product"}],"replies":[{"embeddable":true,"href":"https:\/\/picoytallo.com\/de\/wp-json\/wp\/v2\/comments?post=9736"}],"wp:featuredmedia":[{"embeddable":true,"href":"https:\/\/picoytallo.com\/de\/wp-json\/wp\/v2\/media\/4857"}],"wp:attachment":[{"href":"https:\/\/picoytallo.com\/de\/wp-json\/wp\/v2\/media?parent=9736"}],"wp:term":[{"taxonomy":"product_brand","embeddable":true,"href":"https:\/\/picoytallo.com\/de\/wp-json\/wp\/v2\/product_brand?post=9736"},{"taxonomy":"product_cat","embeddable":true,"href":"https:\/\/picoytallo.com\/de\/wp-json\/wp\/v2\/product_cat?post=9736"},{"taxonomy":"product_tag","embeddable":true,"href":"https:\/\/picoytallo.com\/de\/wp-json\/wp\/v2\/product_tag?post=9736"}],"curies":[{"name":"wp","href":"https:\/\/api.w.org\/{rel}","templated":true}]}}