{"id":9750,"date":"2024-10-16T11:44:13","date_gmt":"2024-10-16T09:44:13","guid":{"rendered":"https:\/\/picoytallo.com\/producto\/blanqueta-oliven-fuer-vorspeisen-60-gr-mediterranes-produkt\/"},"modified":"2024-10-16T11:44:13","modified_gmt":"2024-10-16T09:44:13","slug":"blanqueta-oliven-fuer-vorspeisen-60-gr-mediterranes-produkt","status":"publish","type":"product","link":"https:\/\/picoytallo.com\/de\/producto\/blanqueta-oliven-fuer-vorspeisen-60-gr-mediterranes-produkt\/","title":{"rendered":"Blanqueta-Oliven f\u00fcr Vorspeisen 60 gr &#8211; Mediterranes Produkt"},"content":{"rendered":"<p>Blanqueta-Oliven sind ein Klassiker der mediterranen Ern\u00e4hrung. Mit 60 Gramm purem Geschmack bieten diese Blanqueta-Oliven einen milden und leicht salzigen Geschmack, der sie perfekt als Aperitif oder als Beilage zu Salaten, K\u00e4segerichten oder Wurstwaren macht. Dieses Produkt ist ideal f\u00fcr alle, die einen gesunden und k\u00f6stlichen Snack suchen, der an die Tradition der Olivenhaine im Mittelmeerraum erinnert. Ihr authentischer Geschmack und ihre Qualit\u00e4t machen sie zur perfekten Beilage f\u00fcr jede Gelegenheit.   <\/p>\n","protected":false},"excerpt":{"rendered":"<p>Blanqueta-Oliven 60 gr. Eine mediterrane Vorspeise mit authentischem Geschmack, ideal um sie alleine oder mit Freunden oder der Familie zu genie\u00dfen. <\/p>\n","protected":false},"featured_media":4845,"comment_status":"open","ping_status":"closed","template":"","meta":[],"product_brand":[],"product_cat":[342],"product_tag":[1107,956],"class_list":{"0":"post-9750","1":"product","2":"type-product","3":"status-publish","4":"has-post-thumbnail","6":"product_cat-gourmet-oliven","7":"product_tag-oliven-2","8":"product_tag-oliven","10":"first","11":"instock","12":"shipping-taxable","13":"purchasable","14":"product-type-simple"},"yoast_head":"<!-- This site is optimized with the Yoast SEO plugin v27.4 - https:\/\/yoast.com\/product\/yoast-seo-wordpress\/ -->\n<title>Blanqueta-Oliven f\u00fcr Vorspeisen 60 gr - Mediterranes Produkt<\/title>\n<meta name=\"description\" content=\"Entdecken Sie die Blanqueta-Oliven, eine einzigartige Vorspeise zum Teilen. Kaufen Sie online Oliven zum Knabbern.\" \/>\n<meta name=\"robots\" content=\"index, follow, max-snippet:-1, max-image-preview:large, max-video-preview:-1\" \/>\n<link rel=\"canonical\" href=\"https:\/\/picoytallo.com\/de\/producto\/blanqueta-oliven-fuer-vorspeisen-60-gr-mediterranes-produkt\/\" \/>\n<meta property=\"og:locale\" content=\"de_DE\" \/>\n<meta property=\"og:type\" content=\"article\" \/>\n<meta property=\"og:title\" content=\"Blanqueta-Oliven f\u00fcr Vorspeisen 60 gr - Mediterranes Produkt\" \/>\n<meta property=\"og:description\" content=\"Entdecken Sie die Blanqueta-Oliven, eine einzigartige Vorspeise zum Teilen. Kaufen Sie online Oliven zum Knabbern.\" \/>\n<meta property=\"og:url\" content=\"https:\/\/picoytallo.com\/de\/producto\/blanqueta-oliven-fuer-vorspeisen-60-gr-mediterranes-produkt\/\" \/>\n<meta property=\"og:site_name\" content=\"Pico y Tallo\" \/>\n<meta property=\"og:image\" content=\"https:\/\/picoytallo.com\/wp-content\/uploads\/2024\/10\/Olivas-blanqueta.webp\" \/>\n\t<meta property=\"og:image:width\" content=\"1080\" \/>\n\t<meta property=\"og:image:height\" content=\"1080\" \/>\n\t<meta property=\"og:image:type\" content=\"image\/webp\" \/>\n<meta name=\"twitter:card\" content=\"summary_large_image\" \/>\n<meta name=\"twitter:label1\" content=\"Preis\" \/>\n\t<meta name=\"twitter:data1\" content=\"2,44&euro;\" \/>\n\t<meta name=\"twitter:label2\" content=\"Verf\u00fcgbarkeit\" \/>\n\t<meta name=\"twitter:data2\" content=\"Auf Lager\" \/>\n<script type=\"application\/ld+json\" class=\"yoast-schema-graph\">{\"@context\":\"https:\\\/\\\/schema.org\",\"@graph\":[{\"@type\":\"WebPage\",\"@id\":\"https:\\\/\\\/picoytallo.com\\\/de\\\/producto\\\/blanqueta-oliven-fuer-vorspeisen-60-gr-mediterranes-produkt\\\/\",\"url\":\"https:\\\/\\\/picoytallo.com\\\/de\\\/producto\\\/blanqueta-oliven-fuer-vorspeisen-60-gr-mediterranes-produkt\\\/\",\"name\":\"Blanqueta-Oliven f\u00fcr Vorspeisen 60 gr - Mediterranes Produkt\",\"isPartOf\":{\"@id\":\"https:\\\/\\\/picoytallo.com\\\/de\\\/#website\"},\"primaryImageOfPage\":{\"@id\":\"https:\\\/\\\/picoytallo.com\\\/de\\\/producto\\\/blanqueta-oliven-fuer-vorspeisen-60-gr-mediterranes-produkt\\\/#primaryimage\"},\"image\":{\"@id\":\"https:\\\/\\\/picoytallo.com\\\/de\\\/producto\\\/blanqueta-oliven-fuer-vorspeisen-60-gr-mediterranes-produkt\\\/#primaryimage\"},\"thumbnailUrl\":\"https:\\\/\\\/picoytallo.com\\\/wp-content\\\/uploads\\\/2024\\\/10\\\/Olivas-blanqueta.webp\",\"datePublished\":\"2024-10-16T09:44:13+00:00\",\"description\":\"Entdecken Sie die Blanqueta-Oliven, eine einzigartige Vorspeise zum Teilen. Kaufen Sie online Oliven zum Knabbern.\",\"breadcrumb\":{\"@id\":\"https:\\\/\\\/picoytallo.com\\\/de\\\/producto\\\/blanqueta-oliven-fuer-vorspeisen-60-gr-mediterranes-produkt\\\/#breadcrumb\"},\"inLanguage\":\"de\",\"potentialAction\":[{\"@type\":\"ReadAction\",\"target\":[\"https:\\\/\\\/picoytallo.com\\\/de\\\/producto\\\/blanqueta-oliven-fuer-vorspeisen-60-gr-mediterranes-produkt\\\/\"]}]},{\"@type\":\"ImageObject\",\"inLanguage\":\"de\",\"@id\":\"https:\\\/\\\/picoytallo.com\\\/de\\\/producto\\\/blanqueta-oliven-fuer-vorspeisen-60-gr-mediterranes-produkt\\\/#primaryimage\",\"url\":\"https:\\\/\\\/picoytallo.com\\\/wp-content\\\/uploads\\\/2024\\\/10\\\/Olivas-blanqueta.webp\",\"contentUrl\":\"https:\\\/\\\/picoytallo.com\\\/wp-content\\\/uploads\\\/2024\\\/10\\\/Olivas-blanqueta.webp\",\"width\":1080,\"height\":1080,\"caption\":\"Oliven kaufen\"},{\"@type\":\"BreadcrumbList\",\"@id\":\"https:\\\/\\\/picoytallo.com\\\/de\\\/producto\\\/blanqueta-oliven-fuer-vorspeisen-60-gr-mediterranes-produkt\\\/#breadcrumb\",\"itemListElement\":[{\"@type\":\"ListItem\",\"position\":1,\"name\":\"Portada\",\"item\":\"https:\\\/\\\/picoytallo.com\\\/de\\\/home\\\/\"},{\"@type\":\"ListItem\",\"position\":2,\"name\":\"Shop\",\"item\":\"https:\\\/\\\/picoytallo.com\\\/de\\\/shop\\\/\"},{\"@type\":\"ListItem\",\"position\":3,\"name\":\"Blanqueta-Oliven f\u00fcr Vorspeisen 60 gr &#8211; Mediterranes Produkt\"}]},{\"@type\":\"WebSite\",\"@id\":\"https:\\\/\\\/picoytallo.com\\\/de\\\/#website\",\"url\":\"https:\\\/\\\/picoytallo.com\\\/de\\\/\",\"name\":\"Pico y Tallo\",\"description\":\"Productos Gourmet Online\",\"publisher\":{\"@id\":\"https:\\\/\\\/picoytallo.com\\\/de\\\/#organization\"},\"potentialAction\":[{\"@type\":\"SearchAction\",\"target\":{\"@type\":\"EntryPoint\",\"urlTemplate\":\"https:\\\/\\\/picoytallo.com\\\/de\\\/?s={search_term_string}\"},\"query-input\":{\"@type\":\"PropertyValueSpecification\",\"valueRequired\":true,\"valueName\":\"search_term_string\"}}],\"inLanguage\":\"de\"},{\"@type\":\"Organization\",\"@id\":\"https:\\\/\\\/picoytallo.com\\\/de\\\/#organization\",\"name\":\"Pico y Tallo\",\"url\":\"https:\\\/\\\/picoytallo.com\\\/de\\\/\",\"logo\":{\"@type\":\"ImageObject\",\"inLanguage\":\"de\",\"@id\":\"https:\\\/\\\/picoytallo.com\\\/de\\\/#\\\/schema\\\/logo\\\/image\\\/\",\"url\":\"https:\\\/\\\/picoytallo.com\\\/wp-content\\\/uploads\\\/2022\\\/03\\\/cropped-Productos-gourmet-picotallo.webp\",\"contentUrl\":\"https:\\\/\\\/picoytallo.com\\\/wp-content\\\/uploads\\\/2022\\\/03\\\/cropped-Productos-gourmet-picotallo.webp\",\"width\":1194,\"height\":314,\"caption\":\"Pico y Tallo\"},\"image\":{\"@id\":\"https:\\\/\\\/picoytallo.com\\\/de\\\/#\\\/schema\\\/logo\\\/image\\\/\"}}]}<\/script>\n<meta property=\"product:price:amount\" content=\"2.44\" \/>\n<meta property=\"product:price:currency\" content=\"EUR\" \/>\n<meta property=\"og:availability\" content=\"instock\" \/>\n<meta property=\"product:availability\" content=\"instock\" \/>\n<meta property=\"product:retailer_item_id\" content=\"8436610382939\" \/>\n<meta property=\"product:condition\" content=\"new\" \/>\n<!-- \/ Yoast SEO plugin. -->","yoast_head_json":{"title":"Blanqueta-Oliven f\u00fcr Vorspeisen 60 gr - Mediterranes Produkt","description":"Entdecken Sie die Blanqueta-Oliven, eine einzigartige Vorspeise zum Teilen. Kaufen Sie online Oliven zum Knabbern.","robots":{"index":"index","follow":"follow","max-snippet":"max-snippet:-1","max-image-preview":"max-image-preview:large","max-video-preview":"max-video-preview:-1"},"canonical":"https:\/\/picoytallo.com\/de\/producto\/blanqueta-oliven-fuer-vorspeisen-60-gr-mediterranes-produkt\/","og_locale":"de_DE","og_type":"article","og_title":"Blanqueta-Oliven f\u00fcr Vorspeisen 60 gr - Mediterranes Produkt","og_description":"Entdecken Sie die Blanqueta-Oliven, eine einzigartige Vorspeise zum Teilen. Kaufen Sie online Oliven zum Knabbern.","og_url":"https:\/\/picoytallo.com\/de\/producto\/blanqueta-oliven-fuer-vorspeisen-60-gr-mediterranes-produkt\/","og_site_name":"Pico y Tallo","og_image":[{"width":1080,"height":1080,"url":"https:\/\/picoytallo.com\/wp-content\/uploads\/2024\/10\/Olivas-blanqueta.webp","type":"image\/webp"}],"twitter_card":"summary_large_image","twitter_misc":{"Preis":"2,44&euro;","Verf\u00fcgbarkeit":"Auf Lager"},"schema":{"@context":"https:\/\/schema.org","@graph":[{"@type":"WebPage","@id":"https:\/\/picoytallo.com\/de\/producto\/blanqueta-oliven-fuer-vorspeisen-60-gr-mediterranes-produkt\/","url":"https:\/\/picoytallo.com\/de\/producto\/blanqueta-oliven-fuer-vorspeisen-60-gr-mediterranes-produkt\/","name":"Blanqueta-Oliven f\u00fcr Vorspeisen 60 gr - Mediterranes Produkt","isPartOf":{"@id":"https:\/\/picoytallo.com\/de\/#website"},"primaryImageOfPage":{"@id":"https:\/\/picoytallo.com\/de\/producto\/blanqueta-oliven-fuer-vorspeisen-60-gr-mediterranes-produkt\/#primaryimage"},"image":{"@id":"https:\/\/picoytallo.com\/de\/producto\/blanqueta-oliven-fuer-vorspeisen-60-gr-mediterranes-produkt\/#primaryimage"},"thumbnailUrl":"https:\/\/picoytallo.com\/wp-content\/uploads\/2024\/10\/Olivas-blanqueta.webp","datePublished":"2024-10-16T09:44:13+00:00","description":"Entdecken Sie die Blanqueta-Oliven, eine einzigartige Vorspeise zum Teilen. Kaufen Sie online Oliven zum Knabbern.","breadcrumb":{"@id":"https:\/\/picoytallo.com\/de\/producto\/blanqueta-oliven-fuer-vorspeisen-60-gr-mediterranes-produkt\/#breadcrumb"},"inLanguage":"de","potentialAction":[{"@type":"ReadAction","target":["https:\/\/picoytallo.com\/de\/producto\/blanqueta-oliven-fuer-vorspeisen-60-gr-mediterranes-produkt\/"]}]},{"@type":"ImageObject","inLanguage":"de","@id":"https:\/\/picoytallo.com\/de\/producto\/blanqueta-oliven-fuer-vorspeisen-60-gr-mediterranes-produkt\/#primaryimage","url":"https:\/\/picoytallo.com\/wp-content\/uploads\/2024\/10\/Olivas-blanqueta.webp","contentUrl":"https:\/\/picoytallo.com\/wp-content\/uploads\/2024\/10\/Olivas-blanqueta.webp","width":1080,"height":1080,"caption":"Oliven kaufen"},{"@type":"BreadcrumbList","@id":"https:\/\/picoytallo.com\/de\/producto\/blanqueta-oliven-fuer-vorspeisen-60-gr-mediterranes-produkt\/#breadcrumb","itemListElement":[{"@type":"ListItem","position":1,"name":"Portada","item":"https:\/\/picoytallo.com\/de\/home\/"},{"@type":"ListItem","position":2,"name":"Shop","item":"https:\/\/picoytallo.com\/de\/shop\/"},{"@type":"ListItem","position":3,"name":"Blanqueta-Oliven f\u00fcr Vorspeisen 60 gr &#8211; Mediterranes Produkt"}]},{"@type":"WebSite","@id":"https:\/\/picoytallo.com\/de\/#website","url":"https:\/\/picoytallo.com\/de\/","name":"Pico y Tallo","description":"Productos Gourmet Online","publisher":{"@id":"https:\/\/picoytallo.com\/de\/#organization"},"potentialAction":[{"@type":"SearchAction","target":{"@type":"EntryPoint","urlTemplate":"https:\/\/picoytallo.com\/de\/?s={search_term_string}"},"query-input":{"@type":"PropertyValueSpecification","valueRequired":true,"valueName":"search_term_string"}}],"inLanguage":"de"},{"@type":"Organization","@id":"https:\/\/picoytallo.com\/de\/#organization","name":"Pico y Tallo","url":"https:\/\/picoytallo.com\/de\/","logo":{"@type":"ImageObject","inLanguage":"de","@id":"https:\/\/picoytallo.com\/de\/#\/schema\/logo\/image\/","url":"https:\/\/picoytallo.com\/wp-content\/uploads\/2022\/03\/cropped-Productos-gourmet-picotallo.webp","contentUrl":"https:\/\/picoytallo.com\/wp-content\/uploads\/2022\/03\/cropped-Productos-gourmet-picotallo.webp","width":1194,"height":314,"caption":"Pico y Tallo"},"image":{"@id":"https:\/\/picoytallo.com\/de\/#\/schema\/logo\/image\/"}}]},"product_price_amount":"2.44","product_price_currency":"EUR","og_availability":"instock","product_availability":"instock","product_retailer_item_id":"8436610382939","product_condition":"new"},"_links":{"self":[{"href":"https:\/\/picoytallo.com\/de\/wp-json\/wp\/v2\/product\/9750","targetHints":{"allow":["GET"]}}],"collection":[{"href":"https:\/\/picoytallo.com\/de\/wp-json\/wp\/v2\/product"}],"about":[{"href":"https:\/\/picoytallo.com\/de\/wp-json\/wp\/v2\/types\/product"}],"replies":[{"embeddable":true,"href":"https:\/\/picoytallo.com\/de\/wp-json\/wp\/v2\/comments?post=9750"}],"wp:featuredmedia":[{"embeddable":true,"href":"https:\/\/picoytallo.com\/de\/wp-json\/wp\/v2\/media\/4845"}],"wp:attachment":[{"href":"https:\/\/picoytallo.com\/de\/wp-json\/wp\/v2\/media?parent=9750"}],"wp:term":[{"taxonomy":"product_brand","embeddable":true,"href":"https:\/\/picoytallo.com\/de\/wp-json\/wp\/v2\/product_brand?post=9750"},{"taxonomy":"product_cat","embeddable":true,"href":"https:\/\/picoytallo.com\/de\/wp-json\/wp\/v2\/product_cat?post=9750"},{"taxonomy":"product_tag","embeddable":true,"href":"https:\/\/picoytallo.com\/de\/wp-json\/wp\/v2\/product_tag?post=9750"}],"curies":[{"name":"wp","href":"https:\/\/api.w.org\/{rel}","templated":true}]}}