{"id":10010,"date":"2025-12-02T09:37:10","date_gmt":"2025-12-02T07:37:10","guid":{"rendered":"https:\/\/picoytallo.com\/producto\/mediterranean-white-wine-flor-malves-malvasia\/"},"modified":"2025-12-02T09:37:10","modified_gmt":"2025-12-02T07:37:10","slug":"mediterranean-white-wine-flor-malves-malvasia","status":"publish","type":"product","link":"https:\/\/picoytallo.com\/en\/product\/mediterranean-white-wine-flor-malves-malvasia\/","title":{"rendered":"Mediterranean white wine Flor Malv\u00e9s &#8211; Malvas\u00eda"},"content":{"rendered":"<div class=\"woocommerce-product-details__short-description\">\n<h2>Alicante White Wine &#8211; Malvas\u00eda<\/h2>\n<p>Vintage 2023. 0,75 cl. <\/p>\n<\/div>\n<div class=\"group\/conversation-turn relative flex w-full min-w-0 flex-col agent-turn\">\n<div class=\"flex-col gap-1 md:gap-3\">\n<div class=\"flex max-w-full flex-col flex-grow\">\n<div class=\"min-h-8 text-message flex w-full flex-col items-end gap-2 whitespace-normal break-words [.text-message+&amp;]:mt-5\" dir=\"auto\" data-message-author-role=\"assistant\" data-message-id=\"e8fbacb4-97e0-4cb3-9522-da0f72d8730c\" data-message-model-slug=\"gpt-4o\">\n<div class=\"flex w-full flex-col gap-1 empty:hidden first:pt-[3px]\">\n<div class=\"markdown prose w-full break-words dark:prose-invert light\">\n<div class=\"group\/conversation-turn relative flex w-full min-w-0 flex-col agent-turn\">\n<div class=\"flex-col gap-1 md:gap-3\">\n<div class=\"flex max-w-full flex-col flex-grow\">\n<div class=\"min-h-8 text-message flex w-full flex-col items-end gap-2 whitespace-normal break-words [.text-message+&amp;]:mt-5\" dir=\"auto\" data-message-author-role=\"assistant\" data-message-id=\"8392630d-8864-42e2-a278-204e098f750b\" data-message-model-slug=\"gpt-4o\">\n<div class=\"flex w-full flex-col gap-1 empty:hidden first:pt-[3px]\">\n<div class=\"markdown prose w-full break-words dark:prose-invert light\">\n<div id=\"nota\" class=\"collapse show\">\n<div class=\"card card-body\">\n<p>Flor Malv\u00e9s is a white Malvas\u00eda wine that is the result of years of research and work, the first of a new collection that we have called Vinos Ancestrales. In this wine we have tried to recreate the dry white wines that were made in the past, adapting them to our times but being as faithful as possible to the ancestral way of doing that in a way we have had to rediscover.<br \/>\nIn the past, the grapes were trodden with the feet and from the first must or flower must (without pressing) is where the dry white wine was made, since from the presses and the must with more skins sweet wines were made. Once the fermentation was finished, they were stored in the wine presses underground and sealed until consumption. To avoid oxidation, they were kept with a large proportion of lees. In Flor Malv\u00e9s we have emulated all these procedures with our current knowledge.<br \/>\nThe result is a dry white wine, with predominant aromas from this aging on lees (pastries, pastries, a touch of apple pie), very similar to the aromas that we find in sparkling wines aged in the bottle with the traditional method. In the mouth it is a wine with great volume and very dry, with enormous gastronomic potential. It is a very differential wine<br \/>\nthat definitely links us to our origins and updates them.      <\/p>\n<h3><strong>Mediterranean wine<\/strong><\/h3>\n<p><strong>Tasting Notes<\/strong><\/p>\n<p>Flor Malv\u00e9s is a very dry white wine with a silky mouthfeel that makes it a very gastronomic wine.<br \/>\nVISUAL: It has a pale color, but with a golden hue and a density that can be perceived by lightly moving the glass.<br \/>\nNOSE: Predominant aromas of aging on lees (pastry, pastries, a touch of apple pie), very similar to the aromas that we find in sparkling wines aged in bottle with traditional method.<br \/>\nMOUTH: In the mouth it is a wine with great volume and very dry, with a huge gastronomic potential.<\/p>\n<\/div>\n<\/div>\n<\/div>\n<\/div>\n<\/div>\n<\/div>\n<\/div>\n<\/div>\n<\/div>\n<\/div>\n<\/div>\n<\/div>\n<\/div>\n<\/div>\n","protected":false},"excerpt":{"rendered":"<p>Alicante White Wine &#8211; Malvas\u00eda Vintage 2023. 0,75 cl. Flor Malv\u00e9s is a white Malvas\u00eda wine that is the result of years of research and work, the first of a new collection that we have called Vinos Ancestrales. In this wine we have tried to recreate the dry white wines that were made in the &hellip; <a href=\"https:\/\/picoytallo.com\/en\/product\/mediterranean-white-wine-flor-malves-malvasia\/\" class=\"more-link\">Continue reading <span class=\"screen-reader-text\">Mediterranean white wine Flor Malv\u00e9s &#8211; Malvas\u00eda<\/span><\/a><\/p>\n","protected":false},"featured_media":10011,"comment_status":"open","ping_status":"closed","template":"","meta":[],"product_brand":[],"product_cat":[477],"product_tag":[928,1210,479,927],"class_list":{"0":"post-10010","1":"product","2":"type-product","3":"status-publish","4":"has-post-thumbnail","6":"product_cat-wines-and-spirits","7":"product_tag-alicante-wine","8":"product_tag-malvasia","9":"product_tag-red-wine","10":"product_tag-wine","12":"first","13":"instock","14":"shipping-taxable","15":"purchasable","16":"product-type-simple"},"yoast_head":"<!-- This site is optimized with the Yoast SEO plugin v27.4 - https:\/\/yoast.com\/product\/yoast-seo-wordpress\/ -->\n<title>Buy Flor Malv\u00e9s Mediterranean white wine - Malvas\u00eda<\/title>\n<meta name=\"description\" content=\"Buy online white wine from Alicante Flor Malv\u00e9s of the Malvasia variety. Enjoy the best Mediterranean white wine in Pico y Tallo.\" \/>\n<meta name=\"robots\" content=\"index, follow, max-snippet:-1, max-image-preview:large, max-video-preview:-1\" \/>\n<link rel=\"canonical\" href=\"https:\/\/picoytallo.com\/en\/product\/mediterranean-white-wine-flor-malves-malvasia\/\" \/>\n<meta property=\"og:locale\" content=\"en_US\" \/>\n<meta property=\"og:type\" content=\"article\" \/>\n<meta property=\"og:title\" content=\"Buy Flor Malv\u00e9s Mediterranean white wine - Malvas\u00eda\" \/>\n<meta property=\"og:description\" content=\"Buy online white wine from Alicante Flor Malv\u00e9s of the Malvasia variety. Enjoy the best Mediterranean white wine in Pico y Tallo.\" \/>\n<meta property=\"og:url\" content=\"https:\/\/picoytallo.com\/en\/product\/mediterranean-white-wine-flor-malves-malvasia\/\" \/>\n<meta property=\"og:site_name\" content=\"Pico y Tallo\" \/>\n<meta property=\"og:image\" content=\"https:\/\/picoytallo.com\/wp-content\/uploads\/2025\/12\/Vino-blanco-mediterraneo-malvasia.webp\" \/>\n\t<meta property=\"og:image:width\" content=\"1080\" \/>\n\t<meta property=\"og:image:height\" content=\"1080\" \/>\n\t<meta property=\"og:image:type\" content=\"image\/webp\" \/>\n<meta name=\"twitter:card\" content=\"summary_large_image\" \/>\n<meta name=\"twitter:label1\" content=\"Price\" \/>\n\t<meta name=\"twitter:data1\" content=\"12,00&euro;\" \/>\n\t<meta name=\"twitter:label2\" content=\"Availability\" \/>\n\t<meta name=\"twitter:data2\" content=\"In stock\" \/>\n<script type=\"application\/ld+json\" class=\"yoast-schema-graph\">{\"@context\":\"https:\\\/\\\/schema.org\",\"@graph\":[{\"@type\":\"WebPage\",\"@id\":\"https:\\\/\\\/picoytallo.com\\\/en\\\/product\\\/mediterranean-white-wine-flor-malves-malvasia\\\/\",\"url\":\"https:\\\/\\\/picoytallo.com\\\/en\\\/product\\\/mediterranean-white-wine-flor-malves-malvasia\\\/\",\"name\":\"Buy Flor Malv\u00e9s Mediterranean white wine - Malvas\u00eda\",\"isPartOf\":{\"@id\":\"https:\\\/\\\/picoytallo.com\\\/en\\\/#website\"},\"primaryImageOfPage\":{\"@id\":\"https:\\\/\\\/picoytallo.com\\\/en\\\/product\\\/mediterranean-white-wine-flor-malves-malvasia\\\/#primaryimage\"},\"image\":{\"@id\":\"https:\\\/\\\/picoytallo.com\\\/en\\\/product\\\/mediterranean-white-wine-flor-malves-malvasia\\\/#primaryimage\"},\"thumbnailUrl\":\"https:\\\/\\\/picoytallo.com\\\/wp-content\\\/uploads\\\/2025\\\/12\\\/Vino-blanco-mediterraneo-malvasia.webp\",\"datePublished\":\"2025-12-02T07:37:10+00:00\",\"description\":\"Buy online white wine from Alicante Flor Malv\u00e9s of the Malvasia variety. Enjoy the best Mediterranean white wine in Pico y Tallo.\",\"breadcrumb\":{\"@id\":\"https:\\\/\\\/picoytallo.com\\\/en\\\/product\\\/mediterranean-white-wine-flor-malves-malvasia\\\/#breadcrumb\"},\"inLanguage\":\"en-US\",\"potentialAction\":[{\"@type\":\"ReadAction\",\"target\":[\"https:\\\/\\\/picoytallo.com\\\/en\\\/product\\\/mediterranean-white-wine-flor-malves-malvasia\\\/\"]}]},{\"@type\":\"ImageObject\",\"inLanguage\":\"en-US\",\"@id\":\"https:\\\/\\\/picoytallo.com\\\/en\\\/product\\\/mediterranean-white-wine-flor-malves-malvasia\\\/#primaryimage\",\"url\":\"https:\\\/\\\/picoytallo.com\\\/wp-content\\\/uploads\\\/2025\\\/12\\\/Vino-blanco-mediterraneo-malvasia.webp\",\"contentUrl\":\"https:\\\/\\\/picoytallo.com\\\/wp-content\\\/uploads\\\/2025\\\/12\\\/Vino-blanco-mediterraneo-malvasia.webp\",\"width\":1080,\"height\":1080,\"caption\":\"Alicante white wine\"},{\"@type\":\"BreadcrumbList\",\"@id\":\"https:\\\/\\\/picoytallo.com\\\/en\\\/product\\\/mediterranean-white-wine-flor-malves-malvasia\\\/#breadcrumb\",\"itemListElement\":[{\"@type\":\"ListItem\",\"position\":1,\"name\":\"Portada\",\"item\":\"https:\\\/\\\/picoytallo.com\\\/en\\\/home-2\\\/\"},{\"@type\":\"ListItem\",\"position\":2,\"name\":\"Shop\",\"item\":\"https:\\\/\\\/picoytallo.com\\\/en\\\/shop\\\/\"},{\"@type\":\"ListItem\",\"position\":3,\"name\":\"Mediterranean white wine Flor Malv\u00e9s &#8211; Malvas\u00eda\"}]},{\"@type\":\"WebSite\",\"@id\":\"https:\\\/\\\/picoytallo.com\\\/en\\\/#website\",\"url\":\"https:\\\/\\\/picoytallo.com\\\/en\\\/\",\"name\":\"Pico y Tallo\",\"description\":\"Productos Gourmet Online\",\"publisher\":{\"@id\":\"https:\\\/\\\/picoytallo.com\\\/en\\\/#organization\"},\"potentialAction\":[{\"@type\":\"SearchAction\",\"target\":{\"@type\":\"EntryPoint\",\"urlTemplate\":\"https:\\\/\\\/picoytallo.com\\\/en\\\/?s={search_term_string}\"},\"query-input\":{\"@type\":\"PropertyValueSpecification\",\"valueRequired\":true,\"valueName\":\"search_term_string\"}}],\"inLanguage\":\"en-US\"},{\"@type\":\"Organization\",\"@id\":\"https:\\\/\\\/picoytallo.com\\\/en\\\/#organization\",\"name\":\"Pico y Tallo\",\"url\":\"https:\\\/\\\/picoytallo.com\\\/en\\\/\",\"logo\":{\"@type\":\"ImageObject\",\"inLanguage\":\"en-US\",\"@id\":\"https:\\\/\\\/picoytallo.com\\\/en\\\/#\\\/schema\\\/logo\\\/image\\\/\",\"url\":\"https:\\\/\\\/picoytallo.com\\\/wp-content\\\/uploads\\\/2022\\\/03\\\/cropped-Productos-gourmet-picotallo.webp\",\"contentUrl\":\"https:\\\/\\\/picoytallo.com\\\/wp-content\\\/uploads\\\/2022\\\/03\\\/cropped-Productos-gourmet-picotallo.webp\",\"width\":1194,\"height\":314,\"caption\":\"Pico y Tallo\"},\"image\":{\"@id\":\"https:\\\/\\\/picoytallo.com\\\/en\\\/#\\\/schema\\\/logo\\\/image\\\/\"}}]}<\/script>\n<meta property=\"product:price:amount\" content=\"12.00\" \/>\n<meta property=\"product:price:currency\" content=\"EUR\" \/>\n<meta property=\"og:availability\" content=\"instock\" \/>\n<meta property=\"product:availability\" content=\"instock\" \/>\n<meta property=\"product:condition\" content=\"new\" \/>\n<!-- \/ Yoast SEO plugin. -->","yoast_head_json":{"title":"Buy Flor Malv\u00e9s Mediterranean white wine - Malvas\u00eda","description":"Buy online white wine from Alicante Flor Malv\u00e9s of the Malvasia variety. Enjoy the best Mediterranean white wine in Pico y Tallo.","robots":{"index":"index","follow":"follow","max-snippet":"max-snippet:-1","max-image-preview":"max-image-preview:large","max-video-preview":"max-video-preview:-1"},"canonical":"https:\/\/picoytallo.com\/en\/product\/mediterranean-white-wine-flor-malves-malvasia\/","og_locale":"en_US","og_type":"article","og_title":"Buy Flor Malv\u00e9s Mediterranean white wine - Malvas\u00eda","og_description":"Buy online white wine from Alicante Flor Malv\u00e9s of the Malvasia variety. Enjoy the best Mediterranean white wine in Pico y Tallo.","og_url":"https:\/\/picoytallo.com\/en\/product\/mediterranean-white-wine-flor-malves-malvasia\/","og_site_name":"Pico y Tallo","og_image":[{"width":1080,"height":1080,"url":"https:\/\/picoytallo.com\/wp-content\/uploads\/2025\/12\/Vino-blanco-mediterraneo-malvasia.webp","type":"image\/webp"}],"twitter_card":"summary_large_image","twitter_misc":{"Price":"12,00&euro;","Availability":"In stock"},"schema":{"@context":"https:\/\/schema.org","@graph":[{"@type":"WebPage","@id":"https:\/\/picoytallo.com\/en\/product\/mediterranean-white-wine-flor-malves-malvasia\/","url":"https:\/\/picoytallo.com\/en\/product\/mediterranean-white-wine-flor-malves-malvasia\/","name":"Buy Flor Malv\u00e9s Mediterranean white wine - Malvas\u00eda","isPartOf":{"@id":"https:\/\/picoytallo.com\/en\/#website"},"primaryImageOfPage":{"@id":"https:\/\/picoytallo.com\/en\/product\/mediterranean-white-wine-flor-malves-malvasia\/#primaryimage"},"image":{"@id":"https:\/\/picoytallo.com\/en\/product\/mediterranean-white-wine-flor-malves-malvasia\/#primaryimage"},"thumbnailUrl":"https:\/\/picoytallo.com\/wp-content\/uploads\/2025\/12\/Vino-blanco-mediterraneo-malvasia.webp","datePublished":"2025-12-02T07:37:10+00:00","description":"Buy online white wine from Alicante Flor Malv\u00e9s of the Malvasia variety. Enjoy the best Mediterranean white wine in Pico y Tallo.","breadcrumb":{"@id":"https:\/\/picoytallo.com\/en\/product\/mediterranean-white-wine-flor-malves-malvasia\/#breadcrumb"},"inLanguage":"en-US","potentialAction":[{"@type":"ReadAction","target":["https:\/\/picoytallo.com\/en\/product\/mediterranean-white-wine-flor-malves-malvasia\/"]}]},{"@type":"ImageObject","inLanguage":"en-US","@id":"https:\/\/picoytallo.com\/en\/product\/mediterranean-white-wine-flor-malves-malvasia\/#primaryimage","url":"https:\/\/picoytallo.com\/wp-content\/uploads\/2025\/12\/Vino-blanco-mediterraneo-malvasia.webp","contentUrl":"https:\/\/picoytallo.com\/wp-content\/uploads\/2025\/12\/Vino-blanco-mediterraneo-malvasia.webp","width":1080,"height":1080,"caption":"Alicante white wine"},{"@type":"BreadcrumbList","@id":"https:\/\/picoytallo.com\/en\/product\/mediterranean-white-wine-flor-malves-malvasia\/#breadcrumb","itemListElement":[{"@type":"ListItem","position":1,"name":"Portada","item":"https:\/\/picoytallo.com\/en\/home-2\/"},{"@type":"ListItem","position":2,"name":"Shop","item":"https:\/\/picoytallo.com\/en\/shop\/"},{"@type":"ListItem","position":3,"name":"Mediterranean white wine Flor Malv\u00e9s &#8211; Malvas\u00eda"}]},{"@type":"WebSite","@id":"https:\/\/picoytallo.com\/en\/#website","url":"https:\/\/picoytallo.com\/en\/","name":"Pico y Tallo","description":"Productos Gourmet Online","publisher":{"@id":"https:\/\/picoytallo.com\/en\/#organization"},"potentialAction":[{"@type":"SearchAction","target":{"@type":"EntryPoint","urlTemplate":"https:\/\/picoytallo.com\/en\/?s={search_term_string}"},"query-input":{"@type":"PropertyValueSpecification","valueRequired":true,"valueName":"search_term_string"}}],"inLanguage":"en-US"},{"@type":"Organization","@id":"https:\/\/picoytallo.com\/en\/#organization","name":"Pico y Tallo","url":"https:\/\/picoytallo.com\/en\/","logo":{"@type":"ImageObject","inLanguage":"en-US","@id":"https:\/\/picoytallo.com\/en\/#\/schema\/logo\/image\/","url":"https:\/\/picoytallo.com\/wp-content\/uploads\/2022\/03\/cropped-Productos-gourmet-picotallo.webp","contentUrl":"https:\/\/picoytallo.com\/wp-content\/uploads\/2022\/03\/cropped-Productos-gourmet-picotallo.webp","width":1194,"height":314,"caption":"Pico y Tallo"},"image":{"@id":"https:\/\/picoytallo.com\/en\/#\/schema\/logo\/image\/"}}]},"product_price_amount":"12.00","product_price_currency":"EUR","og_availability":"instock","product_availability":"instock","product_condition":"new"},"_links":{"self":[{"href":"https:\/\/picoytallo.com\/en\/wp-json\/wp\/v2\/product\/10010","targetHints":{"allow":["GET"]}}],"collection":[{"href":"https:\/\/picoytallo.com\/en\/wp-json\/wp\/v2\/product"}],"about":[{"href":"https:\/\/picoytallo.com\/en\/wp-json\/wp\/v2\/types\/product"}],"replies":[{"embeddable":true,"href":"https:\/\/picoytallo.com\/en\/wp-json\/wp\/v2\/comments?post=10010"}],"wp:featuredmedia":[{"embeddable":true,"href":"https:\/\/picoytallo.com\/en\/wp-json\/wp\/v2\/media\/10011"}],"wp:attachment":[{"href":"https:\/\/picoytallo.com\/en\/wp-json\/wp\/v2\/media?parent=10010"}],"wp:term":[{"taxonomy":"product_brand","embeddable":true,"href":"https:\/\/picoytallo.com\/en\/wp-json\/wp\/v2\/product_brand?post=10010"},{"taxonomy":"product_cat","embeddable":true,"href":"https:\/\/picoytallo.com\/en\/wp-json\/wp\/v2\/product_cat?post=10010"},{"taxonomy":"product_tag","embeddable":true,"href":"https:\/\/picoytallo.com\/en\/wp-json\/wp\/v2\/product_tag?post=10010"}],"curies":[{"name":"wp","href":"https:\/\/api.w.org\/{rel}","templated":true}]}}