{"id":3500,"date":"2022-03-21T18:02:48","date_gmt":"2022-03-21T16:02:48","guid":{"rendered":"https:\/\/picoytallo.com\/producto\/spicy-organic-black-olivada\/"},"modified":"2024-11-09T04:58:28","modified_gmt":"2024-11-09T02:58:28","slug":"spicy-organic-black-olivada","status":"publish","type":"product","link":"https:\/\/picoytallo.com\/en\/product\/spicy-organic-black-olivada\/","title":{"rendered":"Spicy organic black olivada"},"content":{"rendered":"<h2>Organic black olive<\/h2>\n<p>Olivada negra is an olive p\u00e2t\u00e9 ideal to brighten up vermouth, as an aperitif or to prepare exquisite canap\u00e9s.<\/p>\n<p>Give the flavor of black olives to your dishes, whether at breakfast, lunch, snack or dinner, organic black olives always give a delicious touch, and in this case spicy.<\/p>\n","protected":false},"excerpt":{"rendered":"<p>Organic black olives with a spicy touch.<\/p>\n","protected":false},"featured_media":2598,"comment_status":"open","ping_status":"closed","template":"","meta":[],"product_brand":[],"product_cat":[313],"product_tag":[381,316,380,382,377,379],"class_list":{"0":"post-3500","1":"product","2":"type-product","3":"status-publish","4":"has-post-thumbnail","6":"product_cat-gourmet-olives","7":"product_tag-black-olive","8":"product_tag-gourmet-olives","9":"product_tag-olivada-en","10":"product_tag-organic-olive-grove","11":"product_tag-spicy-olives","12":"product_tag-spicy-olives-en","14":"first","15":"instock","16":"shipping-taxable","17":"purchasable","18":"product-type-simple"},"yoast_head":"<!-- This site is optimized with the Yoast SEO plugin v26.9 - https:\/\/yoast.com\/product\/yoast-seo-wordpress\/ -->\n<title>Organic black olives - Buy Spicy Olives - Pico y Tallo<\/title>\n<meta name=\"description\" content=\"Buy organic black olives with a spicy touch in Pico y Tallo. Gourmet olive oil from the land. Ecological and organic products.\" \/>\n<meta name=\"robots\" content=\"index, follow, max-snippet:-1, max-image-preview:large, max-video-preview:-1\" \/>\n<link rel=\"canonical\" href=\"https:\/\/picoytallo.com\/en\/product\/spicy-organic-black-olivada\/\" \/>\n<meta property=\"og:locale\" content=\"en_US\" \/>\n<meta property=\"og:type\" content=\"article\" \/>\n<meta property=\"og:title\" content=\"Organic black olives - Buy Spicy Olives - Pico y Tallo\" \/>\n<meta property=\"og:description\" content=\"Buy organic black olives with a spicy touch in Pico y Tallo. Gourmet olive oil from the land. Ecological and organic products.\" \/>\n<meta property=\"og:url\" content=\"https:\/\/picoytallo.com\/en\/product\/spicy-organic-black-olivada\/\" \/>\n<meta property=\"og:site_name\" content=\"Pico y Tallo\" \/>\n<meta property=\"article:modified_time\" content=\"2024-11-09T02:58:28+00:00\" \/>\n<meta property=\"og:image\" content=\"https:\/\/picoytallo.com\/wp-content\/uploads\/2022\/03\/olivada-negra-picante-ecologica.webp\" \/>\n\t<meta property=\"og:image:width\" content=\"323\" \/>\n\t<meta property=\"og:image:height\" content=\"430\" \/>\n\t<meta property=\"og:image:type\" content=\"image\/webp\" \/>\n<meta name=\"twitter:card\" content=\"summary_large_image\" \/>\n<script type=\"application\/ld+json\" class=\"yoast-schema-graph\">{\"@context\":\"https:\/\/schema.org\",\"@graph\":[{\"@type\":\"WebPage\",\"@id\":\"https:\/\/picoytallo.com\/en\/product\/spicy-organic-black-olivada\/\",\"url\":\"https:\/\/picoytallo.com\/en\/product\/spicy-organic-black-olivada\/\",\"name\":\"Organic black olives - Buy Spicy Olives - Pico y Tallo\",\"isPartOf\":{\"@id\":\"https:\/\/picoytallo.com\/en\/#website\"},\"primaryImageOfPage\":{\"@id\":\"https:\/\/picoytallo.com\/en\/product\/spicy-organic-black-olivada\/#primaryimage\"},\"image\":{\"@id\":\"https:\/\/picoytallo.com\/en\/product\/spicy-organic-black-olivada\/#primaryimage\"},\"thumbnailUrl\":\"https:\/\/picoytallo.com\/wp-content\/uploads\/2022\/03\/olivada-negra-picante-ecologica.webp\",\"datePublished\":\"2022-03-21T16:02:48+00:00\",\"dateModified\":\"2024-11-09T02:58:28+00:00\",\"description\":\"Buy organic black olives with a spicy touch in Pico y Tallo. Gourmet olive oil from the land. Ecological and organic products.\",\"breadcrumb\":{\"@id\":\"https:\/\/picoytallo.com\/en\/product\/spicy-organic-black-olivada\/#breadcrumb\"},\"inLanguage\":\"en-US\",\"potentialAction\":[{\"@type\":\"ReadAction\",\"target\":[\"https:\/\/picoytallo.com\/en\/product\/spicy-organic-black-olivada\/\"]}]},{\"@type\":\"ImageObject\",\"inLanguage\":\"en-US\",\"@id\":\"https:\/\/picoytallo.com\/en\/product\/spicy-organic-black-olivada\/#primaryimage\",\"url\":\"https:\/\/picoytallo.com\/wp-content\/uploads\/2022\/03\/olivada-negra-picante-ecologica.webp\",\"contentUrl\":\"https:\/\/picoytallo.com\/wp-content\/uploads\/2022\/03\/olivada-negra-picante-ecologica.webp\",\"width\":323,\"height\":430,\"caption\":\"Organic black olive\"},{\"@type\":\"BreadcrumbList\",\"@id\":\"https:\/\/picoytallo.com\/en\/product\/spicy-organic-black-olivada\/#breadcrumb\",\"itemListElement\":[{\"@type\":\"ListItem\",\"position\":1,\"name\":\"Portada\",\"item\":\"https:\/\/picoytallo.com\/en\/\"},{\"@type\":\"ListItem\",\"position\":2,\"name\":\"Shop\",\"item\":\"https:\/\/picoytallo.com\/en\/shop\/\"},{\"@type\":\"ListItem\",\"position\":3,\"name\":\"Spicy organic black olivada\"}]},{\"@type\":\"WebSite\",\"@id\":\"https:\/\/picoytallo.com\/en\/#website\",\"url\":\"https:\/\/picoytallo.com\/en\/\",\"name\":\"Pico y Tallo\",\"description\":\"Productos Gourmet Online\",\"publisher\":{\"@id\":\"https:\/\/picoytallo.com\/en\/#organization\"},\"potentialAction\":[{\"@type\":\"SearchAction\",\"target\":{\"@type\":\"EntryPoint\",\"urlTemplate\":\"https:\/\/picoytallo.com\/en\/?s={search_term_string}\"},\"query-input\":{\"@type\":\"PropertyValueSpecification\",\"valueRequired\":true,\"valueName\":\"search_term_string\"}}],\"inLanguage\":\"en-US\"},{\"@type\":\"Organization\",\"@id\":\"https:\/\/picoytallo.com\/en\/#organization\",\"name\":\"Pico y Tallo\",\"url\":\"https:\/\/picoytallo.com\/en\/\",\"logo\":{\"@type\":\"ImageObject\",\"inLanguage\":\"en-US\",\"@id\":\"https:\/\/picoytallo.com\/en\/#\/schema\/logo\/image\/\",\"url\":\"https:\/\/picoytallo.com\/wp-content\/uploads\/2022\/03\/cropped-Productos-gourmet-picotallo.webp\",\"contentUrl\":\"https:\/\/picoytallo.com\/wp-content\/uploads\/2022\/03\/cropped-Productos-gourmet-picotallo.webp\",\"width\":1194,\"height\":314,\"caption\":\"Pico y Tallo\"},\"image\":{\"@id\":\"https:\/\/picoytallo.com\/en\/#\/schema\/logo\/image\/\"}}]}<\/script>\n<!-- \/ Yoast SEO plugin. -->","yoast_head_json":{"title":"Organic black olives - Buy Spicy Olives - Pico y Tallo","description":"Buy organic black olives with a spicy touch in Pico y Tallo. Gourmet olive oil from the land. Ecological and organic products.","robots":{"index":"index","follow":"follow","max-snippet":"max-snippet:-1","max-image-preview":"max-image-preview:large","max-video-preview":"max-video-preview:-1"},"canonical":"https:\/\/picoytallo.com\/en\/product\/spicy-organic-black-olivada\/","og_locale":"en_US","og_type":"article","og_title":"Organic black olives - Buy Spicy Olives - Pico y Tallo","og_description":"Buy organic black olives with a spicy touch in Pico y Tallo. Gourmet olive oil from the land. Ecological and organic products.","og_url":"https:\/\/picoytallo.com\/en\/product\/spicy-organic-black-olivada\/","og_site_name":"Pico y Tallo","article_modified_time":"2024-11-09T02:58:28+00:00","og_image":[{"width":323,"height":430,"url":"https:\/\/picoytallo.com\/wp-content\/uploads\/2022\/03\/olivada-negra-picante-ecologica.webp","type":"image\/webp"}],"twitter_card":"summary_large_image","schema":{"@context":"https:\/\/schema.org","@graph":[{"@type":"WebPage","@id":"https:\/\/picoytallo.com\/en\/product\/spicy-organic-black-olivada\/","url":"https:\/\/picoytallo.com\/en\/product\/spicy-organic-black-olivada\/","name":"Organic black olives - Buy Spicy Olives - Pico y Tallo","isPartOf":{"@id":"https:\/\/picoytallo.com\/en\/#website"},"primaryImageOfPage":{"@id":"https:\/\/picoytallo.com\/en\/product\/spicy-organic-black-olivada\/#primaryimage"},"image":{"@id":"https:\/\/picoytallo.com\/en\/product\/spicy-organic-black-olivada\/#primaryimage"},"thumbnailUrl":"https:\/\/picoytallo.com\/wp-content\/uploads\/2022\/03\/olivada-negra-picante-ecologica.webp","datePublished":"2022-03-21T16:02:48+00:00","dateModified":"2024-11-09T02:58:28+00:00","description":"Buy organic black olives with a spicy touch in Pico y Tallo. Gourmet olive oil from the land. Ecological and organic products.","breadcrumb":{"@id":"https:\/\/picoytallo.com\/en\/product\/spicy-organic-black-olivada\/#breadcrumb"},"inLanguage":"en-US","potentialAction":[{"@type":"ReadAction","target":["https:\/\/picoytallo.com\/en\/product\/spicy-organic-black-olivada\/"]}]},{"@type":"ImageObject","inLanguage":"en-US","@id":"https:\/\/picoytallo.com\/en\/product\/spicy-organic-black-olivada\/#primaryimage","url":"https:\/\/picoytallo.com\/wp-content\/uploads\/2022\/03\/olivada-negra-picante-ecologica.webp","contentUrl":"https:\/\/picoytallo.com\/wp-content\/uploads\/2022\/03\/olivada-negra-picante-ecologica.webp","width":323,"height":430,"caption":"Organic black olive"},{"@type":"BreadcrumbList","@id":"https:\/\/picoytallo.com\/en\/product\/spicy-organic-black-olivada\/#breadcrumb","itemListElement":[{"@type":"ListItem","position":1,"name":"Portada","item":"https:\/\/picoytallo.com\/en\/"},{"@type":"ListItem","position":2,"name":"Shop","item":"https:\/\/picoytallo.com\/en\/shop\/"},{"@type":"ListItem","position":3,"name":"Spicy organic black olivada"}]},{"@type":"WebSite","@id":"https:\/\/picoytallo.com\/en\/#website","url":"https:\/\/picoytallo.com\/en\/","name":"Pico y Tallo","description":"Productos Gourmet Online","publisher":{"@id":"https:\/\/picoytallo.com\/en\/#organization"},"potentialAction":[{"@type":"SearchAction","target":{"@type":"EntryPoint","urlTemplate":"https:\/\/picoytallo.com\/en\/?s={search_term_string}"},"query-input":{"@type":"PropertyValueSpecification","valueRequired":true,"valueName":"search_term_string"}}],"inLanguage":"en-US"},{"@type":"Organization","@id":"https:\/\/picoytallo.com\/en\/#organization","name":"Pico y Tallo","url":"https:\/\/picoytallo.com\/en\/","logo":{"@type":"ImageObject","inLanguage":"en-US","@id":"https:\/\/picoytallo.com\/en\/#\/schema\/logo\/image\/","url":"https:\/\/picoytallo.com\/wp-content\/uploads\/2022\/03\/cropped-Productos-gourmet-picotallo.webp","contentUrl":"https:\/\/picoytallo.com\/wp-content\/uploads\/2022\/03\/cropped-Productos-gourmet-picotallo.webp","width":1194,"height":314,"caption":"Pico y Tallo"},"image":{"@id":"https:\/\/picoytallo.com\/en\/#\/schema\/logo\/image\/"}}]}},"_links":{"self":[{"href":"https:\/\/picoytallo.com\/en\/wp-json\/wp\/v2\/product\/3500","targetHints":{"allow":["GET"]}}],"collection":[{"href":"https:\/\/picoytallo.com\/en\/wp-json\/wp\/v2\/product"}],"about":[{"href":"https:\/\/picoytallo.com\/en\/wp-json\/wp\/v2\/types\/product"}],"replies":[{"embeddable":true,"href":"https:\/\/picoytallo.com\/en\/wp-json\/wp\/v2\/comments?post=3500"}],"wp:featuredmedia":[{"embeddable":true,"href":"https:\/\/picoytallo.com\/en\/wp-json\/wp\/v2\/media\/2598"}],"wp:attachment":[{"href":"https:\/\/picoytallo.com\/en\/wp-json\/wp\/v2\/media?parent=3500"}],"wp:term":[{"taxonomy":"product_brand","embeddable":true,"href":"https:\/\/picoytallo.com\/en\/wp-json\/wp\/v2\/product_brand?post=3500"},{"taxonomy":"product_cat","embeddable":true,"href":"https:\/\/picoytallo.com\/en\/wp-json\/wp\/v2\/product_cat?post=3500"},{"taxonomy":"product_tag","embeddable":true,"href":"https:\/\/picoytallo.com\/en\/wp-json\/wp\/v2\/product_tag?post=3500"}],"curies":[{"name":"wp","href":"https:\/\/api.w.org\/{rel}","templated":true}]}}