{"id":4791,"date":"2024-10-07T17:13:11","date_gmt":"2024-10-07T15:13:11","guid":{"rendered":"https:\/\/picoytallo.com\/producto\/crab-cake-gourmet-product-of-handmade-production\/"},"modified":"2024-10-07T17:13:11","modified_gmt":"2024-10-07T15:13:11","slug":"handmade-artisan-cupcake-buy","status":"publish","type":"product","link":"https:\/\/picoytallo.com\/en\/product\/handmade-artisan-cupcake-buy\/","title":{"rendered":"Crab Cake &#8211; Gourmet product of handmade production"},"content":{"rendered":"<article class=\"4ever-article\" data-clipboard-cangjie=\"[\"root\",{\"copyFrom\":33891801},[\"p\",{\"jc\":\"left\",\"ind\":{},\"spacing\":{}},[\"span\",{\"data-type\":\"text\"},[\"span\",{\"bold\":true,\"color\":\"rgb(34, 34, 34)\",\"highlight\":\"rgba(235, 191, 96, 0.5)\",\"sz\":12,\"szUnit\":\"pt\",\"data-type\":\"leaf\"},\"Descubre este aperitivo \u00fanico para los amantes del aut\u00e9ntico sabor a mar.\"]]],[\"p\",{\"jc\":\"left\",\"ind\":{},\"spacing\":{}},[\"span\",{\"data-type\":\"text\"},[\"span\",{\"color\":\"rgb(34, 34, 34)\",\"highlight\":\"rgba(235, 191, 96, 0.5)\",\"sz\":12,\"szUnit\":\"pt\",\"data-type\":\"leaf\"},\"Elaborado artesanalmente y decant\u00e1ndonos por producto procedente del Mar Cant\u00e1brico, resulta suave al paladar y potente sabor a marisco.\"]]],[\"p\",{\"jc\":\"left\",\"ind\":{},\"spacing\":{}},[\"span\",{\"data-type\":\"text\"},[\"span\",{\"data-type\":\"leaf\"},\"\"]]],[\"p\",{\"jc\":\"left\",\"ind\":{},\"spacing\":{}},[\"span\",{\"data-type\":\"text\"},[\"span\",{\"color\":\"rgb(34, 34, 34)\",\"highlight\":\"rgba(235, 191, 96, 0.5)\",\"sz\":12,\"szUnit\":\"pt\",\"data-type\":\"leaf\"},\"Ingredientes: Clara de huevo l\u00edquido, n\u00e9cora (crust\u00e1ceo) (22%), tomate, nata l\u00edquida, vino Pedro Xim\u00e9nez, sal marina, pimienta negra.\"]]]]\">\n<h2>The authentic taste of the sea: Crab Cake<\/h2>\n<p><strong>Discover this unique appetizer for those who love the authentic taste of the sea.<\/strong><\/p>\n<p>Handmade and using products from the Cantabrian Sea, it is smooth on the palate and has a powerful seafood flavor.<\/p>\n<p>&nbsp;<\/p>\n<p>Ingredients: Liquid egg white, crab (crustacean) (22%), tomato, liquid cream, Pedro Xim\u00e9nez wine, sea salt, black pepper.<\/p>\n<\/article>\n","protected":false},"excerpt":{"rendered":"<p><strong>Discover this unique appetizer for those who love the authentic taste of the sea.<\/strong><\/p>\n<p>Handmade and using products from the Cantabrian Sea, it is smooth on the palate and has a powerful seafood flavor.<\/p>\n","protected":false},"featured_media":4756,"comment_status":"open","ping_status":"closed","template":"","meta":[],"product_brand":[],"product_cat":[322,1059,882],"product_tag":[],"class_list":{"0":"post-4791","1":"product","2":"type-product","3":"status-publish","4":"has-post-thumbnail","6":"product_cat-gourmet-products","7":"product_cat-canned-food","8":"product_cat-conservas","10":"first","11":"instock","12":"shipping-taxable","13":"purchasable","14":"product-type-simple"},"yoast_head":"<!-- This site is optimized with the Yoast SEO plugin v26.9 - https:\/\/yoast.com\/product\/yoast-seo-wordpress\/ -->\n<title>Crab Cake - Appetizers and Handmade gourmet product<\/title>\n<meta name=\"description\" content=\"Taste this ideal appetizer for the most gourmet palates: the N\u00e9coras cake. Buy online products and snacks online.\" \/>\n<meta name=\"robots\" content=\"index, follow, max-snippet:-1, max-image-preview:large, max-video-preview:-1\" \/>\n<link rel=\"canonical\" href=\"https:\/\/picoytallo.com\/en\/product\/handmade-artisan-cupcake-buy\/\" \/>\n<meta property=\"og:locale\" content=\"en_US\" \/>\n<meta property=\"og:type\" content=\"article\" \/>\n<meta property=\"og:title\" content=\"Crab Cake - Appetizers and Handmade gourmet product\" \/>\n<meta property=\"og:description\" content=\"Taste this ideal appetizer for the most gourmet palates: the N\u00e9coras cake. Buy online products and snacks online.\" \/>\n<meta property=\"og:url\" content=\"https:\/\/picoytallo.com\/en\/product\/handmade-artisan-cupcake-buy\/\" \/>\n<meta property=\"og:site_name\" content=\"Pico y Tallo\" \/>\n<meta property=\"og:image\" content=\"https:\/\/picoytallo.com\/wp-content\/uploads\/2024\/10\/Pastel-necoras.webp\" \/>\n\t<meta property=\"og:image:width\" content=\"1080\" \/>\n\t<meta property=\"og:image:height\" content=\"1080\" \/>\n\t<meta property=\"og:image:type\" content=\"image\/webp\" \/>\n<meta name=\"twitter:card\" content=\"summary_large_image\" \/>\n<script type=\"application\/ld+json\" class=\"yoast-schema-graph\">{\"@context\":\"https:\/\/schema.org\",\"@graph\":[{\"@type\":\"WebPage\",\"@id\":\"https:\/\/picoytallo.com\/en\/product\/handmade-artisan-cupcake-buy\/\",\"url\":\"https:\/\/picoytallo.com\/en\/product\/handmade-artisan-cupcake-buy\/\",\"name\":\"Crab Cake - Appetizers and Handmade gourmet product\",\"isPartOf\":{\"@id\":\"https:\/\/picoytallo.com\/en\/#website\"},\"primaryImageOfPage\":{\"@id\":\"https:\/\/picoytallo.com\/en\/product\/handmade-artisan-cupcake-buy\/#primaryimage\"},\"image\":{\"@id\":\"https:\/\/picoytallo.com\/en\/product\/handmade-artisan-cupcake-buy\/#primaryimage\"},\"thumbnailUrl\":\"https:\/\/picoytallo.com\/wp-content\/uploads\/2024\/10\/Pastel-necoras.webp\",\"datePublished\":\"2024-10-07T15:13:11+00:00\",\"description\":\"Taste this ideal appetizer for the most gourmet palates: the N\u00e9coras cake. Buy online products and snacks online.\",\"breadcrumb\":{\"@id\":\"https:\/\/picoytallo.com\/en\/product\/handmade-artisan-cupcake-buy\/#breadcrumb\"},\"inLanguage\":\"en-US\",\"potentialAction\":[{\"@type\":\"ReadAction\",\"target\":[\"https:\/\/picoytallo.com\/en\/product\/handmade-artisan-cupcake-buy\/\"]}]},{\"@type\":\"ImageObject\",\"inLanguage\":\"en-US\",\"@id\":\"https:\/\/picoytallo.com\/en\/product\/handmade-artisan-cupcake-buy\/#primaryimage\",\"url\":\"https:\/\/picoytallo.com\/wp-content\/uploads\/2024\/10\/Pastel-necoras.webp\",\"contentUrl\":\"https:\/\/picoytallo.com\/wp-content\/uploads\/2024\/10\/Pastel-necoras.webp\",\"width\":1080,\"height\":1080,\"caption\":\"Comprar pastel de necoras\"},{\"@type\":\"BreadcrumbList\",\"@id\":\"https:\/\/picoytallo.com\/en\/product\/handmade-artisan-cupcake-buy\/#breadcrumb\",\"itemListElement\":[{\"@type\":\"ListItem\",\"position\":1,\"name\":\"Portada\",\"item\":\"https:\/\/picoytallo.com\/en\/\"},{\"@type\":\"ListItem\",\"position\":2,\"name\":\"Shop\",\"item\":\"https:\/\/picoytallo.com\/en\/shop\/\"},{\"@type\":\"ListItem\",\"position\":3,\"name\":\"Crab Cake &#8211; Gourmet product of handmade production\"}]},{\"@type\":\"WebSite\",\"@id\":\"https:\/\/picoytallo.com\/en\/#website\",\"url\":\"https:\/\/picoytallo.com\/en\/\",\"name\":\"Pico y Tallo\",\"description\":\"Productos Gourmet Online\",\"publisher\":{\"@id\":\"https:\/\/picoytallo.com\/en\/#organization\"},\"potentialAction\":[{\"@type\":\"SearchAction\",\"target\":{\"@type\":\"EntryPoint\",\"urlTemplate\":\"https:\/\/picoytallo.com\/en\/?s={search_term_string}\"},\"query-input\":{\"@type\":\"PropertyValueSpecification\",\"valueRequired\":true,\"valueName\":\"search_term_string\"}}],\"inLanguage\":\"en-US\"},{\"@type\":\"Organization\",\"@id\":\"https:\/\/picoytallo.com\/en\/#organization\",\"name\":\"Pico y Tallo\",\"url\":\"https:\/\/picoytallo.com\/en\/\",\"logo\":{\"@type\":\"ImageObject\",\"inLanguage\":\"en-US\",\"@id\":\"https:\/\/picoytallo.com\/en\/#\/schema\/logo\/image\/\",\"url\":\"https:\/\/picoytallo.com\/wp-content\/uploads\/2022\/03\/cropped-Productos-gourmet-picotallo.webp\",\"contentUrl\":\"https:\/\/picoytallo.com\/wp-content\/uploads\/2022\/03\/cropped-Productos-gourmet-picotallo.webp\",\"width\":1194,\"height\":314,\"caption\":\"Pico y Tallo\"},\"image\":{\"@id\":\"https:\/\/picoytallo.com\/en\/#\/schema\/logo\/image\/\"}}]}<\/script>\n<!-- \/ Yoast SEO plugin. -->","yoast_head_json":{"title":"Crab Cake - Appetizers and Handmade gourmet product","description":"Taste this ideal appetizer for the most gourmet palates: the N\u00e9coras cake. Buy online products and snacks online.","robots":{"index":"index","follow":"follow","max-snippet":"max-snippet:-1","max-image-preview":"max-image-preview:large","max-video-preview":"max-video-preview:-1"},"canonical":"https:\/\/picoytallo.com\/en\/product\/handmade-artisan-cupcake-buy\/","og_locale":"en_US","og_type":"article","og_title":"Crab Cake - Appetizers and Handmade gourmet product","og_description":"Taste this ideal appetizer for the most gourmet palates: the N\u00e9coras cake. Buy online products and snacks online.","og_url":"https:\/\/picoytallo.com\/en\/product\/handmade-artisan-cupcake-buy\/","og_site_name":"Pico y Tallo","og_image":[{"width":1080,"height":1080,"url":"https:\/\/picoytallo.com\/wp-content\/uploads\/2024\/10\/Pastel-necoras.webp","type":"image\/webp"}],"twitter_card":"summary_large_image","schema":{"@context":"https:\/\/schema.org","@graph":[{"@type":"WebPage","@id":"https:\/\/picoytallo.com\/en\/product\/handmade-artisan-cupcake-buy\/","url":"https:\/\/picoytallo.com\/en\/product\/handmade-artisan-cupcake-buy\/","name":"Crab Cake - Appetizers and Handmade gourmet product","isPartOf":{"@id":"https:\/\/picoytallo.com\/en\/#website"},"primaryImageOfPage":{"@id":"https:\/\/picoytallo.com\/en\/product\/handmade-artisan-cupcake-buy\/#primaryimage"},"image":{"@id":"https:\/\/picoytallo.com\/en\/product\/handmade-artisan-cupcake-buy\/#primaryimage"},"thumbnailUrl":"https:\/\/picoytallo.com\/wp-content\/uploads\/2024\/10\/Pastel-necoras.webp","datePublished":"2024-10-07T15:13:11+00:00","description":"Taste this ideal appetizer for the most gourmet palates: the N\u00e9coras cake. Buy online products and snacks online.","breadcrumb":{"@id":"https:\/\/picoytallo.com\/en\/product\/handmade-artisan-cupcake-buy\/#breadcrumb"},"inLanguage":"en-US","potentialAction":[{"@type":"ReadAction","target":["https:\/\/picoytallo.com\/en\/product\/handmade-artisan-cupcake-buy\/"]}]},{"@type":"ImageObject","inLanguage":"en-US","@id":"https:\/\/picoytallo.com\/en\/product\/handmade-artisan-cupcake-buy\/#primaryimage","url":"https:\/\/picoytallo.com\/wp-content\/uploads\/2024\/10\/Pastel-necoras.webp","contentUrl":"https:\/\/picoytallo.com\/wp-content\/uploads\/2024\/10\/Pastel-necoras.webp","width":1080,"height":1080,"caption":"Comprar pastel de necoras"},{"@type":"BreadcrumbList","@id":"https:\/\/picoytallo.com\/en\/product\/handmade-artisan-cupcake-buy\/#breadcrumb","itemListElement":[{"@type":"ListItem","position":1,"name":"Portada","item":"https:\/\/picoytallo.com\/en\/"},{"@type":"ListItem","position":2,"name":"Shop","item":"https:\/\/picoytallo.com\/en\/shop\/"},{"@type":"ListItem","position":3,"name":"Crab Cake &#8211; Gourmet product of handmade production"}]},{"@type":"WebSite","@id":"https:\/\/picoytallo.com\/en\/#website","url":"https:\/\/picoytallo.com\/en\/","name":"Pico y Tallo","description":"Productos Gourmet Online","publisher":{"@id":"https:\/\/picoytallo.com\/en\/#organization"},"potentialAction":[{"@type":"SearchAction","target":{"@type":"EntryPoint","urlTemplate":"https:\/\/picoytallo.com\/en\/?s={search_term_string}"},"query-input":{"@type":"PropertyValueSpecification","valueRequired":true,"valueName":"search_term_string"}}],"inLanguage":"en-US"},{"@type":"Organization","@id":"https:\/\/picoytallo.com\/en\/#organization","name":"Pico y Tallo","url":"https:\/\/picoytallo.com\/en\/","logo":{"@type":"ImageObject","inLanguage":"en-US","@id":"https:\/\/picoytallo.com\/en\/#\/schema\/logo\/image\/","url":"https:\/\/picoytallo.com\/wp-content\/uploads\/2022\/03\/cropped-Productos-gourmet-picotallo.webp","contentUrl":"https:\/\/picoytallo.com\/wp-content\/uploads\/2022\/03\/cropped-Productos-gourmet-picotallo.webp","width":1194,"height":314,"caption":"Pico y Tallo"},"image":{"@id":"https:\/\/picoytallo.com\/en\/#\/schema\/logo\/image\/"}}]}},"_links":{"self":[{"href":"https:\/\/picoytallo.com\/en\/wp-json\/wp\/v2\/product\/4791","targetHints":{"allow":["GET"]}}],"collection":[{"href":"https:\/\/picoytallo.com\/en\/wp-json\/wp\/v2\/product"}],"about":[{"href":"https:\/\/picoytallo.com\/en\/wp-json\/wp\/v2\/types\/product"}],"replies":[{"embeddable":true,"href":"https:\/\/picoytallo.com\/en\/wp-json\/wp\/v2\/comments?post=4791"}],"wp:featuredmedia":[{"embeddable":true,"href":"https:\/\/picoytallo.com\/en\/wp-json\/wp\/v2\/media\/4756"}],"wp:attachment":[{"href":"https:\/\/picoytallo.com\/en\/wp-json\/wp\/v2\/media?parent=4791"}],"wp:term":[{"taxonomy":"product_brand","embeddable":true,"href":"https:\/\/picoytallo.com\/en\/wp-json\/wp\/v2\/product_brand?post=4791"},{"taxonomy":"product_cat","embeddable":true,"href":"https:\/\/picoytallo.com\/en\/wp-json\/wp\/v2\/product_cat?post=4791"},{"taxonomy":"product_tag","embeddable":true,"href":"https:\/\/picoytallo.com\/en\/wp-json\/wp\/v2\/product_tag?post=4791"}],"curies":[{"name":"wp","href":"https:\/\/api.w.org\/{rel}","templated":true}]}}