{"id":6576,"date":"2024-01-25T20:38:06","date_gmt":"2024-01-25T18:38:06","guid":{"rendered":"https:\/\/picoytallo.com\/expedition-et-retours\/"},"modified":"2025-04-02T17:29:15","modified_gmt":"2025-04-02T15:29:15","slug":"expedition-et-retours","status":"publish","type":"page","link":"https:\/\/picoytallo.com\/fr\/expedition-et-retours\/","title":{"rendered":"Exp\u00e9dition et retours"},"content":{"rendered":"\n<p>M\u00e9thodes d&rsquo;exp\u00e9dition et d\u00e9lais de livraison<\/p>\n\n<p>www.picoytallo.com ne livrera les commandes que dans la p\u00e9ninsule (Espagne et Portugal). Le d\u00e9lai de livraison est de 1 \u00e0 4 jours ouvrables \u00e0 compter de la date de r\u00e9ception de la commande.   <\/p>\n\n<p>Pour les livraisons dans les \u00eeles, veuillez envoyer un courriel \u00e0 gourmet@picoytallo.com.<\/p>\n\n<p>Les commandes seront exp\u00e9di\u00e9es directement par Correos par l&rsquo;interm\u00e9diaire de ses op\u00e9rateurs logistiques. Vous trouverez des informations d\u00e9taill\u00e9es sur le lien suivant <a href=\"http:\/\/www.correos.es\/ss\/Satellite\/site\/producto-carta_ordinaria-cartas_documentos\/cOrg=Producto_C-cidOrg=1363189407853-detalle_de_producto-sidioma=es_ES\">: http:\/\/www.correos.es\/ss\/Satellite\/site\/producto-carta_ordinaria-cartas_documentos\/cOrg=Producto_C-cidOrg=1363189407853-detalle_de_producto-sidioma=es_ES.<\/a> <\/p>\n\n<p>Le courrier ordinaire ne comporte pas de code de suivi. Si vous le souhaitez, vous pouvez opter pour un envoi en 24 heures.<\/p>\n\n<p>Les frais de port sont calcul\u00e9s dynamiquement en fonction des produits de votre panier.<\/p>\n\n<p>Dans le cas o\u00f9 il n&rsquo;y aurait pas de personne charg\u00e9e de r\u00e9ceptionner le colis \u00e0 l&rsquo;adresse de livraison indiqu\u00e9e, un avis sera laiss\u00e9 avec un num\u00e9ro de t\u00e9l\u00e9phone que vous devrez appeler pour confirmer l&rsquo;heure \u00e0 laquelle les marchandises pourront vous \u00eatre livr\u00e9es. L&rsquo;agence de transport stockera votre colis dans ses entrep\u00f4ts pendant environ 15 jours avant de le renvoyer dans nos locaux. <\/p>\n\n<p>Si vous ne recevez pas votre achat dans les d\u00e9lais pr\u00e9vus, vous devez contacter le service client\u00e8le de www.picoytallo.com. Vous pouvez nous \u00e9crire \u00e0 gourmet@picoytallo.com . D\u00e8s r\u00e9ception de votre notification, nous prendrons les mesures n\u00e9cessaires pour d\u00e9terminer la raison pour laquelle vous n&rsquo;avez pas re\u00e7u votre achat dans le d\u00e9lai convenu. <\/p>\n\n<h2 class=\"wp-block-heading\">Retours<\/h2>\n\n<p>Les \u00e9changes ou les remboursements seront effectu\u00e9s \u00e0 condition que<\/p>\n\n<p>a) Une notification pr\u00e9alable est adress\u00e9e \u00e0 notre service client\u00e8le : Cette \u00e9tape est indispensable quel que soit le motif du retour. Vous pouvez le faire en envoyant un e-mail \u00e0 gourmet@picoytallo.com en joignant le num\u00e9ro de commande dans l&rsquo;objet de l&rsquo;e-mail. Nous vous indiquerons comment retourner l&rsquo;article.  <\/p>\n\n<p>(b) les produits conservent leur sceau d&rsquo;origine intact.  <strong>Nous n&rsquo;acceptons pas les retours de produits une fois qu&rsquo;ils ont \u00e9t\u00e9 ouverts de leur emballage.<\/strong><\/p>\n\n<p>c) L&rsquo;article \u00e0 retourner doit \u00eatre correctement emball\u00e9 pour son retour. L&#8217;emballage doit \u00eatre en parfait \u00e9tat et conserver tous les accessoires et instructions d&rsquo;origine pour pouvoir \u00eatre retourn\u00e9. <\/p>\n\n<p>d) Aucun retour ne sera accept\u00e9 15 jours apr\u00e8s la livraison de la commande.<\/p>\n\n<p>e) Si vous n&rsquo;\u00eates pas satisfait du produit re\u00e7u ou si vous achetez le mauvais mod\u00e8le, les frais de retour seront \u00e0 la charge du client et le montant total de la commande sera rembours\u00e9 moins les frais d&rsquo;exp\u00e9dition pour la livraison de la commande et les frais de retour.<\/p>\n\n<p>f) Les r\u00e9clamations concernant des articles manquants dans la commande ne seront pas accept\u00e9es 48 heures apr\u00e8s la r\u00e9ception de la commande.<\/p>\n","protected":false},"excerpt":{"rendered":"<p>M\u00e9thodes d&rsquo;exp\u00e9dition et d\u00e9lais de livraison www.picoytallo.com ne livrera les commandes que dans la p\u00e9ninsule (Espagne et Portugal). Le d\u00e9lai de livraison est de 1 \u00e0 4 jours ouvrables \u00e0 compter de la date de r\u00e9ception de la commande. Pour les livraisons dans les \u00eeles, veuillez envoyer un courriel \u00e0 gourmet@picoytallo.com. Les commandes seront exp\u00e9di\u00e9es &hellip; <a href=\"https:\/\/picoytallo.com\/fr\/expedition-et-retours\/\" class=\"more-link\">Continue reading <span class=\"screen-reader-text\">Exp\u00e9dition et retours<\/span><\/a><\/p>\n","protected":false},"author":1,"featured_media":0,"parent":0,"menu_order":0,"comment_status":"closed","ping_status":"closed","template":"","meta":{"footnotes":""},"class_list":["post-6576","page","type-page","status-publish","hentry"],"yoast_head":"<!-- This site is optimized with the Yoast SEO plugin v26.9 - https:\/\/yoast.com\/product\/yoast-seo-wordpress\/ -->\n<title>Exp\u00e9dition et retours - Pico y Tallo<\/title>\n<meta name=\"robots\" content=\"index, follow, max-snippet:-1, max-image-preview:large, max-video-preview:-1\" \/>\n<link rel=\"canonical\" href=\"https:\/\/picoytallo.com\/fr\/expedition-et-retours\/\" \/>\n<meta property=\"og:locale\" content=\"fr_FR\" \/>\n<meta property=\"og:type\" content=\"article\" \/>\n<meta property=\"og:title\" content=\"Exp\u00e9dition et retours - Pico y Tallo\" \/>\n<meta property=\"og:description\" content=\"M\u00e9thodes d&rsquo;exp\u00e9dition et d\u00e9lais de livraison www.picoytallo.com ne livrera les commandes que dans la p\u00e9ninsule (Espagne et Portugal). Le d\u00e9lai de livraison est de 1 \u00e0 4 jours ouvrables \u00e0 compter de la date de r\u00e9ception de la commande. Pour les livraisons dans les \u00eeles, veuillez envoyer un courriel \u00e0 gourmet@picoytallo.com. Les commandes seront exp\u00e9di\u00e9es &hellip; Continue reading Exp\u00e9dition et retours\" \/>\n<meta property=\"og:url\" content=\"https:\/\/picoytallo.com\/fr\/expedition-et-retours\/\" \/>\n<meta property=\"og:site_name\" content=\"Pico y Tallo\" \/>\n<meta property=\"article:modified_time\" content=\"2025-04-02T15:29:15+00:00\" \/>\n<meta name=\"twitter:card\" content=\"summary_large_image\" \/>\n<meta name=\"twitter:label1\" content=\"Dur\u00e9e de lecture estim\u00e9e\" \/>\n\t<meta name=\"twitter:data1\" content=\"2 minutes\" \/>\n<script type=\"application\/ld+json\" class=\"yoast-schema-graph\">{\"@context\":\"https:\/\/schema.org\",\"@graph\":[{\"@type\":\"WebPage\",\"@id\":\"https:\/\/picoytallo.com\/fr\/expedition-et-retours\/\",\"url\":\"https:\/\/picoytallo.com\/fr\/expedition-et-retours\/\",\"name\":\"Exp\u00e9dition et retours - Pico y Tallo\",\"isPartOf\":{\"@id\":\"https:\/\/picoytallo.com\/fr\/#website\"},\"datePublished\":\"2024-01-25T18:38:06+00:00\",\"dateModified\":\"2025-04-02T15:29:15+00:00\",\"breadcrumb\":{\"@id\":\"https:\/\/picoytallo.com\/fr\/expedition-et-retours\/#breadcrumb\"},\"inLanguage\":\"fr-FR\",\"potentialAction\":[{\"@type\":\"ReadAction\",\"target\":[\"https:\/\/picoytallo.com\/fr\/expedition-et-retours\/\"]}]},{\"@type\":\"BreadcrumbList\",\"@id\":\"https:\/\/picoytallo.com\/fr\/expedition-et-retours\/#breadcrumb\",\"itemListElement\":[{\"@type\":\"ListItem\",\"position\":1,\"name\":\"Portada\",\"item\":\"https:\/\/picoytallo.com\/fr\/\"},{\"@type\":\"ListItem\",\"position\":2,\"name\":\"Exp\u00e9dition et retours\"}]},{\"@type\":\"WebSite\",\"@id\":\"https:\/\/picoytallo.com\/fr\/#website\",\"url\":\"https:\/\/picoytallo.com\/fr\/\",\"name\":\"Pico y Tallo\",\"description\":\"Productos Gourmet Online\",\"publisher\":{\"@id\":\"https:\/\/picoytallo.com\/fr\/#organization\"},\"potentialAction\":[{\"@type\":\"SearchAction\",\"target\":{\"@type\":\"EntryPoint\",\"urlTemplate\":\"https:\/\/picoytallo.com\/fr\/?s={search_term_string}\"},\"query-input\":{\"@type\":\"PropertyValueSpecification\",\"valueRequired\":true,\"valueName\":\"search_term_string\"}}],\"inLanguage\":\"fr-FR\"},{\"@type\":\"Organization\",\"@id\":\"https:\/\/picoytallo.com\/fr\/#organization\",\"name\":\"Pico y Tallo\",\"url\":\"https:\/\/picoytallo.com\/fr\/\",\"logo\":{\"@type\":\"ImageObject\",\"inLanguage\":\"fr-FR\",\"@id\":\"https:\/\/picoytallo.com\/fr\/#\/schema\/logo\/image\/\",\"url\":\"https:\/\/picoytallo.com\/wp-content\/uploads\/2022\/03\/cropped-Productos-gourmet-picotallo.webp\",\"contentUrl\":\"https:\/\/picoytallo.com\/wp-content\/uploads\/2022\/03\/cropped-Productos-gourmet-picotallo.webp\",\"width\":1194,\"height\":314,\"caption\":\"Pico y Tallo\"},\"image\":{\"@id\":\"https:\/\/picoytallo.com\/fr\/#\/schema\/logo\/image\/\"}}]}<\/script>\n<!-- \/ Yoast SEO plugin. -->","yoast_head_json":{"title":"Exp\u00e9dition et retours - Pico y Tallo","robots":{"index":"index","follow":"follow","max-snippet":"max-snippet:-1","max-image-preview":"max-image-preview:large","max-video-preview":"max-video-preview:-1"},"canonical":"https:\/\/picoytallo.com\/fr\/expedition-et-retours\/","og_locale":"fr_FR","og_type":"article","og_title":"Exp\u00e9dition et retours - Pico y Tallo","og_description":"M\u00e9thodes d&rsquo;exp\u00e9dition et d\u00e9lais de livraison www.picoytallo.com ne livrera les commandes que dans la p\u00e9ninsule (Espagne et Portugal). Le d\u00e9lai de livraison est de 1 \u00e0 4 jours ouvrables \u00e0 compter de la date de r\u00e9ception de la commande. Pour les livraisons dans les \u00eeles, veuillez envoyer un courriel \u00e0 gourmet@picoytallo.com. Les commandes seront exp\u00e9di\u00e9es &hellip; Continue reading Exp\u00e9dition et retours","og_url":"https:\/\/picoytallo.com\/fr\/expedition-et-retours\/","og_site_name":"Pico y Tallo","article_modified_time":"2025-04-02T15:29:15+00:00","twitter_card":"summary_large_image","twitter_misc":{"Dur\u00e9e de lecture estim\u00e9e":"2 minutes"},"schema":{"@context":"https:\/\/schema.org","@graph":[{"@type":"WebPage","@id":"https:\/\/picoytallo.com\/fr\/expedition-et-retours\/","url":"https:\/\/picoytallo.com\/fr\/expedition-et-retours\/","name":"Exp\u00e9dition et retours - Pico y Tallo","isPartOf":{"@id":"https:\/\/picoytallo.com\/fr\/#website"},"datePublished":"2024-01-25T18:38:06+00:00","dateModified":"2025-04-02T15:29:15+00:00","breadcrumb":{"@id":"https:\/\/picoytallo.com\/fr\/expedition-et-retours\/#breadcrumb"},"inLanguage":"fr-FR","potentialAction":[{"@type":"ReadAction","target":["https:\/\/picoytallo.com\/fr\/expedition-et-retours\/"]}]},{"@type":"BreadcrumbList","@id":"https:\/\/picoytallo.com\/fr\/expedition-et-retours\/#breadcrumb","itemListElement":[{"@type":"ListItem","position":1,"name":"Portada","item":"https:\/\/picoytallo.com\/fr\/"},{"@type":"ListItem","position":2,"name":"Exp\u00e9dition et retours"}]},{"@type":"WebSite","@id":"https:\/\/picoytallo.com\/fr\/#website","url":"https:\/\/picoytallo.com\/fr\/","name":"Pico y Tallo","description":"Productos Gourmet Online","publisher":{"@id":"https:\/\/picoytallo.com\/fr\/#organization"},"potentialAction":[{"@type":"SearchAction","target":{"@type":"EntryPoint","urlTemplate":"https:\/\/picoytallo.com\/fr\/?s={search_term_string}"},"query-input":{"@type":"PropertyValueSpecification","valueRequired":true,"valueName":"search_term_string"}}],"inLanguage":"fr-FR"},{"@type":"Organization","@id":"https:\/\/picoytallo.com\/fr\/#organization","name":"Pico y Tallo","url":"https:\/\/picoytallo.com\/fr\/","logo":{"@type":"ImageObject","inLanguage":"fr-FR","@id":"https:\/\/picoytallo.com\/fr\/#\/schema\/logo\/image\/","url":"https:\/\/picoytallo.com\/wp-content\/uploads\/2022\/03\/cropped-Productos-gourmet-picotallo.webp","contentUrl":"https:\/\/picoytallo.com\/wp-content\/uploads\/2022\/03\/cropped-Productos-gourmet-picotallo.webp","width":1194,"height":314,"caption":"Pico y Tallo"},"image":{"@id":"https:\/\/picoytallo.com\/fr\/#\/schema\/logo\/image\/"}}]}},"_links":{"self":[{"href":"https:\/\/picoytallo.com\/fr\/wp-json\/wp\/v2\/pages\/6576","targetHints":{"allow":["GET"]}}],"collection":[{"href":"https:\/\/picoytallo.com\/fr\/wp-json\/wp\/v2\/pages"}],"about":[{"href":"https:\/\/picoytallo.com\/fr\/wp-json\/wp\/v2\/types\/page"}],"author":[{"embeddable":true,"href":"https:\/\/picoytallo.com\/fr\/wp-json\/wp\/v2\/users\/1"}],"replies":[{"embeddable":true,"href":"https:\/\/picoytallo.com\/fr\/wp-json\/wp\/v2\/comments?post=6576"}],"version-history":[{"count":0,"href":"https:\/\/picoytallo.com\/fr\/wp-json\/wp\/v2\/pages\/6576\/revisions"}],"wp:attachment":[{"href":"https:\/\/picoytallo.com\/fr\/wp-json\/wp\/v2\/media?parent=6576"}],"curies":[{"name":"wp","href":"https:\/\/api.w.org\/{rel}","templated":true}]}}