{"id":6582,"date":"2024-01-25T20:45:13","date_gmt":"2024-01-25T18:45:13","guid":{"rendered":"https:\/\/picoytallo.com\/avis-juridique\/"},"modified":"2025-04-02T17:47:09","modified_gmt":"2025-04-02T15:47:09","slug":"avis-juridique","status":"publish","type":"page","link":"https:\/\/picoytallo.com\/fr\/avis-juridique\/","title":{"rendered":"Avis juridique"},"content":{"rendered":"\n<p>Ce site web appartient \u00e0 Jorge Anduix Fuentes, ci-apr\u00e8s Pico y Tallo, avec NIF\/CIF 21691969W et adresse \u00e0 Avinguda les moreres 7B, Cocentaina 03820, province d&rsquo;Alicante en Espagne, avec adresse e-mail : gourmet@picoytallo.com. Son objectif est de fournir au grand public des informations sur les activit\u00e9s qu&rsquo;il r\u00e9alise, les services qu&rsquo;il fournit et les caract\u00e9ristiques de ses produits. <\/p>\n\n<p>Pico y tallo se r\u00e9serve le droit de modifier, \u00e0 tout moment et sans pr\u00e9avis, les informations contenues dans son site web ou dans sa configuration et sa pr\u00e9sentation.<\/p>\n\n<p>Pico y tallo n&rsquo;est pas responsable des cons\u00e9quences, dommages ou pr\u00e9judices d\u00e9coulant de l&rsquo;acc\u00e8s \u00e0 ce site web, de l&rsquo;utilisation des informations qu&rsquo;il contient ou de l&rsquo;acc\u00e8s \u00e0 d&rsquo;autres mat\u00e9riels sur Internet par le biais de connexions avec ce site.<\/p>\n\n<p>Les droits de propri\u00e9t\u00e9 intellectuelle sur tous les \u00e9l\u00e9ments inclus dans ce site web, tels que, mais sans s&rsquo;y limiter, les photographies, les dessins, les m\u00e9lodies, les applications et autres, appartiennent exclusivement \u00e0 Pico y tallo . L&rsquo;acc\u00e8s \u00e0 ce site n&rsquo;implique pas l&rsquo;autorisation de l&rsquo;utiliser, et une telle utilisation non autoris\u00e9e peut donner lieu aux responsabilit\u00e9s civiles et\/ou p\u00e9nales correspondantes. <\/p>\n\n<p>Toute r\u00e9f\u00e9rence faite sur ce site \u00e0 un produit, un service, un processus, un lien, un hypertexte ou toute information utilisant la marque, le nom commercial, le fabricant ou le fournisseur, etc. appartenant \u00e0 des tiers ne constitue ni n&rsquo;implique une approbation, un parrainage ou une recommandation de la part de Pico y tallo.<\/p>\n\n<p>En g\u00e9n\u00e9ral, les relations avec nos clients, qui d\u00e9coulent de la prestation des services contenus dans notre site web, sont soumises \u00e0 la l\u00e9gislation et \u00e0 la juridiction espagnoles.<\/p>\n","protected":false},"excerpt":{"rendered":"<p>Ce site web appartient \u00e0 Jorge Anduix Fuentes, ci-apr\u00e8s Pico y Tallo, avec NIF\/CIF 21691969W et adresse \u00e0 Avinguda les moreres 7B, Cocentaina 03820, province d&rsquo;Alicante en Espagne, avec adresse e-mail : gourmet@picoytallo.com. Son objectif est de fournir au grand public des informations sur les activit\u00e9s qu&rsquo;il r\u00e9alise, les services qu&rsquo;il fournit et les caract\u00e9ristiques &hellip; <a href=\"https:\/\/picoytallo.com\/fr\/avis-juridique\/\" class=\"more-link\">Continue reading <span class=\"screen-reader-text\">Avis juridique<\/span><\/a><\/p>\n","protected":false},"author":1,"featured_media":0,"parent":0,"menu_order":0,"comment_status":"closed","ping_status":"closed","template":"","meta":{"footnotes":""},"class_list":["post-6582","page","type-page","status-publish","hentry"],"yoast_head":"<!-- This site is optimized with the Yoast SEO plugin v26.9 - https:\/\/yoast.com\/product\/yoast-seo-wordpress\/ -->\n<title>Avis juridique - Pico y Tallo<\/title>\n<meta name=\"robots\" content=\"index, follow, max-snippet:-1, max-image-preview:large, max-video-preview:-1\" \/>\n<link rel=\"canonical\" href=\"https:\/\/picoytallo.com\/fr\/avis-juridique\/\" \/>\n<meta property=\"og:locale\" content=\"fr_FR\" \/>\n<meta property=\"og:type\" content=\"article\" \/>\n<meta property=\"og:title\" content=\"Avis juridique - Pico y Tallo\" \/>\n<meta property=\"og:description\" content=\"Ce site web appartient \u00e0 Jorge Anduix Fuentes, ci-apr\u00e8s Pico y Tallo, avec NIF\/CIF 21691969W et adresse \u00e0 Avinguda les moreres 7B, Cocentaina 03820, province d&rsquo;Alicante en Espagne, avec adresse e-mail : gourmet@picoytallo.com. Son objectif est de fournir au grand public des informations sur les activit\u00e9s qu&rsquo;il r\u00e9alise, les services qu&rsquo;il fournit et les caract\u00e9ristiques &hellip; Continue reading Avis juridique\" \/>\n<meta property=\"og:url\" content=\"https:\/\/picoytallo.com\/fr\/avis-juridique\/\" \/>\n<meta property=\"og:site_name\" content=\"Pico y Tallo\" \/>\n<meta property=\"article:modified_time\" content=\"2025-04-02T15:47:09+00:00\" \/>\n<meta name=\"twitter:card\" content=\"summary_large_image\" \/>\n<meta name=\"twitter:label1\" content=\"Dur\u00e9e de lecture estim\u00e9e\" \/>\n\t<meta name=\"twitter:data1\" content=\"1 minute\" \/>\n<script type=\"application\/ld+json\" class=\"yoast-schema-graph\">{\"@context\":\"https:\/\/schema.org\",\"@graph\":[{\"@type\":\"WebPage\",\"@id\":\"https:\/\/picoytallo.com\/fr\/avis-juridique\/\",\"url\":\"https:\/\/picoytallo.com\/fr\/avis-juridique\/\",\"name\":\"Avis juridique - Pico y Tallo\",\"isPartOf\":{\"@id\":\"https:\/\/picoytallo.com\/fr\/#website\"},\"datePublished\":\"2024-01-25T18:45:13+00:00\",\"dateModified\":\"2025-04-02T15:47:09+00:00\",\"breadcrumb\":{\"@id\":\"https:\/\/picoytallo.com\/fr\/avis-juridique\/#breadcrumb\"},\"inLanguage\":\"fr-FR\",\"potentialAction\":[{\"@type\":\"ReadAction\",\"target\":[\"https:\/\/picoytallo.com\/fr\/avis-juridique\/\"]}]},{\"@type\":\"BreadcrumbList\",\"@id\":\"https:\/\/picoytallo.com\/fr\/avis-juridique\/#breadcrumb\",\"itemListElement\":[{\"@type\":\"ListItem\",\"position\":1,\"name\":\"Portada\",\"item\":\"https:\/\/picoytallo.com\/fr\/\"},{\"@type\":\"ListItem\",\"position\":2,\"name\":\"Avis juridique\"}]},{\"@type\":\"WebSite\",\"@id\":\"https:\/\/picoytallo.com\/fr\/#website\",\"url\":\"https:\/\/picoytallo.com\/fr\/\",\"name\":\"Pico y Tallo\",\"description\":\"Productos Gourmet Online\",\"publisher\":{\"@id\":\"https:\/\/picoytallo.com\/fr\/#organization\"},\"potentialAction\":[{\"@type\":\"SearchAction\",\"target\":{\"@type\":\"EntryPoint\",\"urlTemplate\":\"https:\/\/picoytallo.com\/fr\/?s={search_term_string}\"},\"query-input\":{\"@type\":\"PropertyValueSpecification\",\"valueRequired\":true,\"valueName\":\"search_term_string\"}}],\"inLanguage\":\"fr-FR\"},{\"@type\":\"Organization\",\"@id\":\"https:\/\/picoytallo.com\/fr\/#organization\",\"name\":\"Pico y Tallo\",\"url\":\"https:\/\/picoytallo.com\/fr\/\",\"logo\":{\"@type\":\"ImageObject\",\"inLanguage\":\"fr-FR\",\"@id\":\"https:\/\/picoytallo.com\/fr\/#\/schema\/logo\/image\/\",\"url\":\"https:\/\/picoytallo.com\/wp-content\/uploads\/2022\/03\/cropped-Productos-gourmet-picotallo.webp\",\"contentUrl\":\"https:\/\/picoytallo.com\/wp-content\/uploads\/2022\/03\/cropped-Productos-gourmet-picotallo.webp\",\"width\":1194,\"height\":314,\"caption\":\"Pico y Tallo\"},\"image\":{\"@id\":\"https:\/\/picoytallo.com\/fr\/#\/schema\/logo\/image\/\"}}]}<\/script>\n<!-- \/ Yoast SEO plugin. -->","yoast_head_json":{"title":"Avis juridique - Pico y Tallo","robots":{"index":"index","follow":"follow","max-snippet":"max-snippet:-1","max-image-preview":"max-image-preview:large","max-video-preview":"max-video-preview:-1"},"canonical":"https:\/\/picoytallo.com\/fr\/avis-juridique\/","og_locale":"fr_FR","og_type":"article","og_title":"Avis juridique - Pico y Tallo","og_description":"Ce site web appartient \u00e0 Jorge Anduix Fuentes, ci-apr\u00e8s Pico y Tallo, avec NIF\/CIF 21691969W et adresse \u00e0 Avinguda les moreres 7B, Cocentaina 03820, province d&rsquo;Alicante en Espagne, avec adresse e-mail : gourmet@picoytallo.com. Son objectif est de fournir au grand public des informations sur les activit\u00e9s qu&rsquo;il r\u00e9alise, les services qu&rsquo;il fournit et les caract\u00e9ristiques &hellip; Continue reading Avis juridique","og_url":"https:\/\/picoytallo.com\/fr\/avis-juridique\/","og_site_name":"Pico y Tallo","article_modified_time":"2025-04-02T15:47:09+00:00","twitter_card":"summary_large_image","twitter_misc":{"Dur\u00e9e de lecture estim\u00e9e":"1 minute"},"schema":{"@context":"https:\/\/schema.org","@graph":[{"@type":"WebPage","@id":"https:\/\/picoytallo.com\/fr\/avis-juridique\/","url":"https:\/\/picoytallo.com\/fr\/avis-juridique\/","name":"Avis juridique - Pico y Tallo","isPartOf":{"@id":"https:\/\/picoytallo.com\/fr\/#website"},"datePublished":"2024-01-25T18:45:13+00:00","dateModified":"2025-04-02T15:47:09+00:00","breadcrumb":{"@id":"https:\/\/picoytallo.com\/fr\/avis-juridique\/#breadcrumb"},"inLanguage":"fr-FR","potentialAction":[{"@type":"ReadAction","target":["https:\/\/picoytallo.com\/fr\/avis-juridique\/"]}]},{"@type":"BreadcrumbList","@id":"https:\/\/picoytallo.com\/fr\/avis-juridique\/#breadcrumb","itemListElement":[{"@type":"ListItem","position":1,"name":"Portada","item":"https:\/\/picoytallo.com\/fr\/"},{"@type":"ListItem","position":2,"name":"Avis juridique"}]},{"@type":"WebSite","@id":"https:\/\/picoytallo.com\/fr\/#website","url":"https:\/\/picoytallo.com\/fr\/","name":"Pico y Tallo","description":"Productos Gourmet Online","publisher":{"@id":"https:\/\/picoytallo.com\/fr\/#organization"},"potentialAction":[{"@type":"SearchAction","target":{"@type":"EntryPoint","urlTemplate":"https:\/\/picoytallo.com\/fr\/?s={search_term_string}"},"query-input":{"@type":"PropertyValueSpecification","valueRequired":true,"valueName":"search_term_string"}}],"inLanguage":"fr-FR"},{"@type":"Organization","@id":"https:\/\/picoytallo.com\/fr\/#organization","name":"Pico y Tallo","url":"https:\/\/picoytallo.com\/fr\/","logo":{"@type":"ImageObject","inLanguage":"fr-FR","@id":"https:\/\/picoytallo.com\/fr\/#\/schema\/logo\/image\/","url":"https:\/\/picoytallo.com\/wp-content\/uploads\/2022\/03\/cropped-Productos-gourmet-picotallo.webp","contentUrl":"https:\/\/picoytallo.com\/wp-content\/uploads\/2022\/03\/cropped-Productos-gourmet-picotallo.webp","width":1194,"height":314,"caption":"Pico y Tallo"},"image":{"@id":"https:\/\/picoytallo.com\/fr\/#\/schema\/logo\/image\/"}}]}},"_links":{"self":[{"href":"https:\/\/picoytallo.com\/fr\/wp-json\/wp\/v2\/pages\/6582","targetHints":{"allow":["GET"]}}],"collection":[{"href":"https:\/\/picoytallo.com\/fr\/wp-json\/wp\/v2\/pages"}],"about":[{"href":"https:\/\/picoytallo.com\/fr\/wp-json\/wp\/v2\/types\/page"}],"author":[{"embeddable":true,"href":"https:\/\/picoytallo.com\/fr\/wp-json\/wp\/v2\/users\/1"}],"replies":[{"embeddable":true,"href":"https:\/\/picoytallo.com\/fr\/wp-json\/wp\/v2\/comments?post=6582"}],"version-history":[{"count":0,"href":"https:\/\/picoytallo.com\/fr\/wp-json\/wp\/v2\/pages\/6582\/revisions"}],"wp:attachment":[{"href":"https:\/\/picoytallo.com\/fr\/wp-json\/wp\/v2\/media?parent=6582"}],"curies":[{"name":"wp","href":"https:\/\/api.w.org\/{rel}","templated":true}]}}