{"id":10043,"date":"2025-12-02T09:20:34","date_gmt":"2025-12-02T07:20:34","guid":{"rendered":"https:\/\/picoytallo.com\/producto\/vin-rouge-fet-a-ma-monastrell\/"},"modified":"2025-12-02T09:20:34","modified_gmt":"2025-12-02T07:20:34","slug":"vin-rouge-fet-a-ma-monastrell","status":"publish","type":"product","link":"https:\/\/picoytallo.com\/fr\/producto\/vin-rouge-fet-a-ma-monastrell\/","title":{"rendered":"Vin rouge &#8211; Fet a m\u00e0 Monastrell"},"content":{"rendered":"<h2>Vin rouge Alicante Monastrell<\/h2>\n<p>Vin rouge. 90% Monastrell. 10% Garnacha, Bobal et Forcallat.  <\/p>\n<div class=\"flex-shrink-0 flex flex-col relative items-end\">\n<div>\n<div class=\"pt-0\">\n<div class=\"gizmo-bot-avatar flex h-8 w-8 items-center justify-center overflow-hidden rounded-full\">\n<div class=\"relative p-1 rounded-sm flex items-center justify-center bg-token-main-surface-primary text-token-text-primary h-8 w-8\">Mill\u00e9sime 2021. 0,75cl. <\/div>\n<div><\/div>\n<\/div>\n<\/div>\n<\/div>\n<\/div>\n<div class=\"group\/conversation-turn relative flex w-full min-w-0 flex-col agent-turn\">\n<div class=\"flex-col gap-1 md:gap-3\">\n<div class=\"flex max-w-full flex-col flex-grow\">\n<div class=\"min-h-8 text-message flex w-full flex-col items-end gap-2 whitespace-normal break-words [.text-message+&amp;]:mt-5\" dir=\"auto\" data-message-author-role=\"assistant\" data-message-id=\"e8fbacb4-97e0-4cb3-9522-da0f72d8730c\" data-message-model-slug=\"gpt-4o\">\n<div class=\"flex w-full flex-col gap-1 empty:hidden first:pt-[3px]\">\n<div class=\"markdown prose w-full break-words dark:prose-invert light\">\n<div class=\"group\/conversation-turn relative flex w-full min-w-0 flex-col agent-turn\">\n<div class=\"flex-col gap-1 md:gap-3\">\n<div class=\"flex max-w-full flex-col flex-grow\">\n<div class=\"min-h-8 text-message flex w-full flex-col items-end gap-2 whitespace-normal break-words [.text-message+&amp;]:mt-5\" dir=\"auto\" data-message-author-role=\"assistant\" data-message-id=\"8392630d-8864-42e2-a278-204e098f750b\" data-message-model-slug=\"gpt-4o\">\n<div class=\"flex w-full flex-col gap-1 empty:hidden first:pt-[3px]\">\n<div class=\"markdown prose w-full break-words dark:prose-invert light\">\n<p><span class=\"JsGRdQ\">Monastrell du haut Vinalop\u00f3 provenant de vignobles plant\u00e9s avec quelques vignes d&rsquo;autres vari\u00e9t\u00e9s autochtones. Cultiv\u00e9 et \u00e9labor\u00e9 avec des techniques ancestrales de la M\u00e9diterran\u00e9e occidentale. <\/span><\/p>\n<p class=\"_04xlpA direction-ltr align-center para-style-body\"><span class=\"JsGRdQ\">Dans les parties sup\u00e9rieures de la vall\u00e9e de Vinalop\u00f3, le vin Monastrell est \u00e9labor\u00e9 avec de petites quantit\u00e9s de Bobal, Garnacha et Forcall\u00e1, plant\u00e9s parmi les vignobles de Monastrell.<\/span><\/p>\n<p class=\"_04xlpA direction-ltr align-center para-style-body\"><span class=\"JsGRdQ\">Fet a M\u00e0 est le r\u00e9sultat d&rsquo;une recherche approfondie sur les vins rouges \u00e9labor\u00e9s par nos anc\u00eatres et leur adaptation \u00e0 notre \u00e9poque.<\/span><\/p>\n<p><strong>Notes de d\u00e9gustation<\/strong><\/p>\n<\/div>\n<div class=\"markdown prose w-full break-words dark:prose-invert light\">\n<div id=\"nota\" class=\"collapse show\">\n<div class=\"card card-body\">\n<p>Le Fet a m\u00e0 est un vin tr\u00e8s expressif et savoureux, o\u00f9 le Monastrell, le degr\u00e9 de maturit\u00e9 et le vieillissement se fondent dans un \u00e9quilibre parfait.<\/p>\n<p><strong>VISUEL :<\/strong> Couleur brillante, d&rsquo;intensit\u00e9 moyenne.<\/p>\n<p><strong>NEZ :<\/strong> Le nez est tr\u00e8s intense, avec des ar\u00f4mes tr\u00e8s bien combin\u00e9s de fruits, de balsamique, de r\u00e9glisse et de caf\u00e9, tr\u00e8s complexes.<\/p>\n<p><strong>BOUCHE :<\/strong> En bouche, il a une bonne entr\u00e9e en mati\u00e8re, il est soyeux et savoureux. En fin de bouche, une l\u00e9g\u00e8re acidit\u00e9 et un arri\u00e8re-go\u00fbt balsamique apportent un \u00e9quilibre parfait au vin. <\/p>\n<\/div>\n<\/div>\n<\/div>\n<\/div>\n<\/div>\n<\/div>\n<\/div>\n<\/div>\n<\/div>\n<\/div>\n<\/div>\n<\/div>\n<\/div>\n<\/div>\n","protected":false},"excerpt":{"rendered":"<p>Vin rouge Alicante Monastrell Vin rouge. 90% Monastrell. 10% Garnacha, Bobal et Forcallat. Mill\u00e9sime 2021. 0,75cl. Monastrell du haut Vinalop\u00f3 provenant de vignobles plant\u00e9s avec quelques vignes d&rsquo;autres vari\u00e9t\u00e9s autochtones. Cultiv\u00e9 et \u00e9labor\u00e9 avec des techniques ancestrales de la M\u00e9diterran\u00e9e occidentale. Dans les parties sup\u00e9rieures de la vall\u00e9e de Vinalop\u00f3, le vin Monastrell est \u00e9labor\u00e9 &hellip; <a href=\"https:\/\/picoytallo.com\/fr\/producto\/vin-rouge-fet-a-ma-monastrell\/\" class=\"more-link\">Continue reading <span class=\"screen-reader-text\">Vin rouge &#8211; Fet a m\u00e0 Monastrell<\/span><\/a><\/p>\n","protected":false},"featured_media":9989,"comment_status":"open","ping_status":"closed","template":"","meta":[],"product_brand":[],"product_cat":[491],"product_tag":[925,1227,926,492],"class_list":{"0":"post-10043","1":"product","2":"type-product","3":"status-publish","4":"has-post-thumbnail","6":"product_cat-vins-et-spiritueux","7":"product_tag-le-vin","8":"product_tag-monastrell","9":"product_tag-vin-dalicante","10":"product_tag-vin-rouge","12":"first","13":"instock","14":"shipping-taxable","15":"purchasable","16":"product-type-simple"},"yoast_head":"<!-- This site is optimized with the Yoast SEO plugin v26.9 - https:\/\/yoast.com\/product\/yoast-seo-wordpress\/ -->\n<title>Acheter le vin rouge d&#039;Alicante Fet a Ma - Monastrell<\/title>\n<meta name=\"description\" content=\"Achetez en ligne le vin rouge d&#039;Alicante Fet a Ma, issu de raisins Monastrell. Savourez le meilleur vin de Valence \u00e0 Pico y Tallo.\" \/>\n<meta name=\"robots\" content=\"index, follow, max-snippet:-1, max-image-preview:large, max-video-preview:-1\" \/>\n<link rel=\"canonical\" href=\"https:\/\/picoytallo.com\/fr\/producto\/vin-rouge-fet-a-ma-monastrell\/\" \/>\n<meta property=\"og:locale\" content=\"fr_FR\" \/>\n<meta property=\"og:type\" content=\"article\" \/>\n<meta property=\"og:title\" content=\"Acheter le vin rouge d&#039;Alicante Fet a Ma - Monastrell\" \/>\n<meta property=\"og:description\" content=\"Achetez en ligne le vin rouge d&#039;Alicante Fet a Ma, issu de raisins Monastrell. Savourez le meilleur vin de Valence \u00e0 Pico y Tallo.\" \/>\n<meta property=\"og:url\" content=\"https:\/\/picoytallo.com\/fr\/producto\/vin-rouge-fet-a-ma-monastrell\/\" \/>\n<meta property=\"og:site_name\" content=\"Pico y Tallo\" \/>\n<meta name=\"twitter:card\" content=\"summary_large_image\" \/>\n<meta name=\"twitter:label1\" content=\"Dur\u00e9e de lecture estim\u00e9e\" \/>\n\t<meta name=\"twitter:data1\" content=\"1 minute\" \/>\n<script type=\"application\/ld+json\" class=\"yoast-schema-graph\">{\"@context\":\"https:\/\/schema.org\",\"@graph\":[{\"@type\":\"WebPage\",\"@id\":\"https:\/\/picoytallo.com\/fr\/producto\/vin-rouge-fet-a-ma-monastrell\/\",\"url\":\"https:\/\/picoytallo.com\/fr\/producto\/vin-rouge-fet-a-ma-monastrell\/\",\"name\":\"Acheter le vin rouge d'Alicante Fet a Ma - Monastrell\",\"isPartOf\":{\"@id\":\"https:\/\/picoytallo.com\/fr\/#website\"},\"primaryImageOfPage\":{\"@id\":\"https:\/\/picoytallo.com\/fr\/producto\/vin-rouge-fet-a-ma-monastrell\/#primaryimage\"},\"image\":{\"@id\":\"https:\/\/picoytallo.com\/fr\/producto\/vin-rouge-fet-a-ma-monastrell\/#primaryimage\"},\"thumbnailUrl\":\"https:\/\/picoytallo.com\/wp-content\/uploads\/2025\/12\/Vino-tinto-alicante-monastrell.webp\",\"datePublished\":\"2025-12-02T07:20:34+00:00\",\"description\":\"Achetez en ligne le vin rouge d'Alicante Fet a Ma, issu de raisins Monastrell. Savourez le meilleur vin de Valence \u00e0 Pico y Tallo.\",\"breadcrumb\":{\"@id\":\"https:\/\/picoytallo.com\/fr\/producto\/vin-rouge-fet-a-ma-monastrell\/#breadcrumb\"},\"inLanguage\":\"fr-FR\",\"potentialAction\":[{\"@type\":\"ReadAction\",\"target\":[\"https:\/\/picoytallo.com\/fr\/producto\/vin-rouge-fet-a-ma-monastrell\/\"]}]},{\"@type\":\"ImageObject\",\"inLanguage\":\"fr-FR\",\"@id\":\"https:\/\/picoytallo.com\/fr\/producto\/vin-rouge-fet-a-ma-monastrell\/#primaryimage\",\"url\":\"https:\/\/picoytallo.com\/wp-content\/uploads\/2025\/12\/Vino-tinto-alicante-monastrell.webp\",\"contentUrl\":\"https:\/\/picoytallo.com\/wp-content\/uploads\/2025\/12\/Vino-tinto-alicante-monastrell.webp\",\"width\":1080,\"height\":1080,\"caption\":\"Vino tinto Valenciano Fet a m\u00e0\"},{\"@type\":\"BreadcrumbList\",\"@id\":\"https:\/\/picoytallo.com\/fr\/producto\/vin-rouge-fet-a-ma-monastrell\/#breadcrumb\",\"itemListElement\":[{\"@type\":\"ListItem\",\"position\":1,\"name\":\"Portada\",\"item\":\"https:\/\/picoytallo.com\/fr\/\"},{\"@type\":\"ListItem\",\"position\":2,\"name\":\"Boutique\",\"item\":\"https:\/\/picoytallo.com\/fr\/boutique\/\"},{\"@type\":\"ListItem\",\"position\":3,\"name\":\"Vin rouge &#8211; Fet a m\u00e0 Monastrell\"}]},{\"@type\":\"WebSite\",\"@id\":\"https:\/\/picoytallo.com\/fr\/#website\",\"url\":\"https:\/\/picoytallo.com\/fr\/\",\"name\":\"Pico y Tallo\",\"description\":\"Productos Gourmet Online\",\"publisher\":{\"@id\":\"https:\/\/picoytallo.com\/fr\/#organization\"},\"potentialAction\":[{\"@type\":\"SearchAction\",\"target\":{\"@type\":\"EntryPoint\",\"urlTemplate\":\"https:\/\/picoytallo.com\/fr\/?s={search_term_string}\"},\"query-input\":{\"@type\":\"PropertyValueSpecification\",\"valueRequired\":true,\"valueName\":\"search_term_string\"}}],\"inLanguage\":\"fr-FR\"},{\"@type\":\"Organization\",\"@id\":\"https:\/\/picoytallo.com\/fr\/#organization\",\"name\":\"Pico y Tallo\",\"url\":\"https:\/\/picoytallo.com\/fr\/\",\"logo\":{\"@type\":\"ImageObject\",\"inLanguage\":\"fr-FR\",\"@id\":\"https:\/\/picoytallo.com\/fr\/#\/schema\/logo\/image\/\",\"url\":\"https:\/\/picoytallo.com\/wp-content\/uploads\/2022\/03\/cropped-Productos-gourmet-picotallo.webp\",\"contentUrl\":\"https:\/\/picoytallo.com\/wp-content\/uploads\/2022\/03\/cropped-Productos-gourmet-picotallo.webp\",\"width\":1194,\"height\":314,\"caption\":\"Pico y Tallo\"},\"image\":{\"@id\":\"https:\/\/picoytallo.com\/fr\/#\/schema\/logo\/image\/\"}}]}<\/script>\n<!-- \/ Yoast SEO plugin. -->","yoast_head_json":{"title":"Acheter le vin rouge d'Alicante Fet a Ma - Monastrell","description":"Achetez en ligne le vin rouge d'Alicante Fet a Ma, issu de raisins Monastrell. Savourez le meilleur vin de Valence \u00e0 Pico y Tallo.","robots":{"index":"index","follow":"follow","max-snippet":"max-snippet:-1","max-image-preview":"max-image-preview:large","max-video-preview":"max-video-preview:-1"},"canonical":"https:\/\/picoytallo.com\/fr\/producto\/vin-rouge-fet-a-ma-monastrell\/","og_locale":"fr_FR","og_type":"article","og_title":"Acheter le vin rouge d'Alicante Fet a Ma - Monastrell","og_description":"Achetez en ligne le vin rouge d'Alicante Fet a Ma, issu de raisins Monastrell. Savourez le meilleur vin de Valence \u00e0 Pico y Tallo.","og_url":"https:\/\/picoytallo.com\/fr\/producto\/vin-rouge-fet-a-ma-monastrell\/","og_site_name":"Pico y Tallo","twitter_card":"summary_large_image","twitter_misc":{"Dur\u00e9e de lecture estim\u00e9e":"1 minute"},"schema":{"@context":"https:\/\/schema.org","@graph":[{"@type":"WebPage","@id":"https:\/\/picoytallo.com\/fr\/producto\/vin-rouge-fet-a-ma-monastrell\/","url":"https:\/\/picoytallo.com\/fr\/producto\/vin-rouge-fet-a-ma-monastrell\/","name":"Acheter le vin rouge d'Alicante Fet a Ma - Monastrell","isPartOf":{"@id":"https:\/\/picoytallo.com\/fr\/#website"},"primaryImageOfPage":{"@id":"https:\/\/picoytallo.com\/fr\/producto\/vin-rouge-fet-a-ma-monastrell\/#primaryimage"},"image":{"@id":"https:\/\/picoytallo.com\/fr\/producto\/vin-rouge-fet-a-ma-monastrell\/#primaryimage"},"thumbnailUrl":"https:\/\/picoytallo.com\/wp-content\/uploads\/2025\/12\/Vino-tinto-alicante-monastrell.webp","datePublished":"2025-12-02T07:20:34+00:00","description":"Achetez en ligne le vin rouge d'Alicante Fet a Ma, issu de raisins Monastrell. Savourez le meilleur vin de Valence \u00e0 Pico y Tallo.","breadcrumb":{"@id":"https:\/\/picoytallo.com\/fr\/producto\/vin-rouge-fet-a-ma-monastrell\/#breadcrumb"},"inLanguage":"fr-FR","potentialAction":[{"@type":"ReadAction","target":["https:\/\/picoytallo.com\/fr\/producto\/vin-rouge-fet-a-ma-monastrell\/"]}]},{"@type":"ImageObject","inLanguage":"fr-FR","@id":"https:\/\/picoytallo.com\/fr\/producto\/vin-rouge-fet-a-ma-monastrell\/#primaryimage","url":"https:\/\/picoytallo.com\/wp-content\/uploads\/2025\/12\/Vino-tinto-alicante-monastrell.webp","contentUrl":"https:\/\/picoytallo.com\/wp-content\/uploads\/2025\/12\/Vino-tinto-alicante-monastrell.webp","width":1080,"height":1080,"caption":"Vino tinto Valenciano Fet a m\u00e0"},{"@type":"BreadcrumbList","@id":"https:\/\/picoytallo.com\/fr\/producto\/vin-rouge-fet-a-ma-monastrell\/#breadcrumb","itemListElement":[{"@type":"ListItem","position":1,"name":"Portada","item":"https:\/\/picoytallo.com\/fr\/"},{"@type":"ListItem","position":2,"name":"Boutique","item":"https:\/\/picoytallo.com\/fr\/boutique\/"},{"@type":"ListItem","position":3,"name":"Vin rouge &#8211; Fet a m\u00e0 Monastrell"}]},{"@type":"WebSite","@id":"https:\/\/picoytallo.com\/fr\/#website","url":"https:\/\/picoytallo.com\/fr\/","name":"Pico y Tallo","description":"Productos Gourmet Online","publisher":{"@id":"https:\/\/picoytallo.com\/fr\/#organization"},"potentialAction":[{"@type":"SearchAction","target":{"@type":"EntryPoint","urlTemplate":"https:\/\/picoytallo.com\/fr\/?s={search_term_string}"},"query-input":{"@type":"PropertyValueSpecification","valueRequired":true,"valueName":"search_term_string"}}],"inLanguage":"fr-FR"},{"@type":"Organization","@id":"https:\/\/picoytallo.com\/fr\/#organization","name":"Pico y Tallo","url":"https:\/\/picoytallo.com\/fr\/","logo":{"@type":"ImageObject","inLanguage":"fr-FR","@id":"https:\/\/picoytallo.com\/fr\/#\/schema\/logo\/image\/","url":"https:\/\/picoytallo.com\/wp-content\/uploads\/2022\/03\/cropped-Productos-gourmet-picotallo.webp","contentUrl":"https:\/\/picoytallo.com\/wp-content\/uploads\/2022\/03\/cropped-Productos-gourmet-picotallo.webp","width":1194,"height":314,"caption":"Pico y Tallo"},"image":{"@id":"https:\/\/picoytallo.com\/fr\/#\/schema\/logo\/image\/"}}]}},"_links":{"self":[{"href":"https:\/\/picoytallo.com\/fr\/wp-json\/wp\/v2\/product\/10043","targetHints":{"allow":["GET"]}}],"collection":[{"href":"https:\/\/picoytallo.com\/fr\/wp-json\/wp\/v2\/product"}],"about":[{"href":"https:\/\/picoytallo.com\/fr\/wp-json\/wp\/v2\/types\/product"}],"replies":[{"embeddable":true,"href":"https:\/\/picoytallo.com\/fr\/wp-json\/wp\/v2\/comments?post=10043"}],"wp:featuredmedia":[{"embeddable":true,"href":"https:\/\/picoytallo.com\/fr\/wp-json\/wp\/v2\/media\/9989"}],"wp:attachment":[{"href":"https:\/\/picoytallo.com\/fr\/wp-json\/wp\/v2\/media?parent=10043"}],"wp:term":[{"taxonomy":"product_brand","embeddable":true,"href":"https:\/\/picoytallo.com\/fr\/wp-json\/wp\/v2\/product_brand?post=10043"},{"taxonomy":"product_cat","embeddable":true,"href":"https:\/\/picoytallo.com\/fr\/wp-json\/wp\/v2\/product_cat?post=10043"},{"taxonomy":"product_tag","embeddable":true,"href":"https:\/\/picoytallo.com\/fr\/wp-json\/wp\/v2\/product_tag?post=10043"}],"curies":[{"name":"wp","href":"https:\/\/api.w.org\/{rel}","templated":true}]}}