{"id":10065,"date":"2025-12-01T23:39:39","date_gmt":"2025-12-01T21:39:39","guid":{"rendered":"https:\/\/picoytallo.com\/producto\/pastel-del-sella-produit-gourmet-saumon-et-cabrales\/"},"modified":"2025-12-01T23:39:39","modified_gmt":"2025-12-01T21:39:39","slug":"pastel-del-sella-produit-gourmet-saumon-et-cabrales","status":"publish","type":"product","link":"https:\/\/picoytallo.com\/fr\/producto\/pastel-del-sella-produit-gourmet-saumon-et-cabrales\/","title":{"rendered":"Pastel del Sella &#8211; Produit gourmet Saumon et Cabrales"},"content":{"rendered":"<h2 dir=\"auto\">Pastel del Sella &#8211; Le vrai go\u00fbt de la mer avec du saumon et du fromage Cabrales<\/h2>\n<p dir=\"auto\">Une entr\u00e9e gastronomique unique qui capture l&rsquo;essence de la mer Cantabrique et des montagnes asturiennes dans chaque bouch\u00e9e. Ce <strong>g\u00e2teau de Sella<\/strong> est la fusion parfaite entre la douceur du saumon (frais et fum\u00e9 de Norv\u00e8ge) et la puissance incomparable de l&rsquo;authentique <strong>fromage Cabrales AOP<\/strong>, le tout envelopp\u00e9 dans une d\u00e9licate cr\u00e8me \u00e0 la tomate et \u00e0 la cr\u00e8me. <\/p>\n<p dir=\"auto\">100% fait \u00e0 la main avec des ingr\u00e9dients naturels, sans conservateurs ni colorants. Un caprice \u00e9l\u00e9gant et diff\u00e9rent qui surprend d\u00e8s la premi\u00e8re cuiller\u00e9e et conquiert les amateurs de la vraie saveur de la mer et de la gastronomie asturienne la plus authentique. <\/p>\n<p dir=\"auto\">Parfait pour tartiner les toasts, servir d&rsquo;entr\u00e9e raffin\u00e9e ou simplement d\u00e9guster avec une bonne cuill\u00e8re.<\/p>\n<p dir=\"auto\"><strong>Poids net :<\/strong> 100 g <strong>Sans gluten<\/strong> <strong>Fabrication artisanale<\/strong><\/p>\n<p dir=\"auto\"><strong>Ingr\u00e9dients :<\/strong> Tomate, cr\u00e8me liquide, saumon (poisson), blanc d&rsquo;\u0153uf liquide, saumon fum\u00e9 norv\u00e9gien (poisson) (8 %), fromage Cabrales AOP (4 %), vin Pedro Xim\u00e9nez, sel marin et \u00e9pices.<\/p>\n<p dir=\"auto\">Conservation <strong>:<\/strong> Conserver au r\u00e9frig\u00e9rateur entre 0 et 6 \u00b0C. Apr\u00e8s ouverture, consommer dans les 24 heures. <\/p>\n<p dir=\"auto\">Un petit morceau des Asturies sur votre table, pr\u00eat \u00e0 vous surprendre et \u00e0 vous faire tomber amoureux !<\/p>\n","protected":false},"excerpt":{"rendered":"<p>Une entr\u00e9e gastronomique unique qui capture l&rsquo;essence de la mer Cantabrique et des montagnes asturiennes dans chaque bouch\u00e9e. Ce <strong>g\u00e2teau de Sella<\/strong> est la fusion parfaite entre la douceur du saumon (frais et fum\u00e9 de Norv\u00e8ge) et la puissance incomparable de l&rsquo;authentique <strong>fromage Cabrales AOP<\/strong>, le tout envelopp\u00e9 dans une d\u00e9licate cr\u00e8me \u00e0 la tomate et \u00e0 la cr\u00e8me. <\/p>\n","protected":false},"featured_media":9952,"comment_status":"open","ping_status":"closed","template":"","meta":[],"product_brand":[],"product_cat":[359,1060],"product_tag":[],"class_list":{"0":"post-10065","1":"product","2":"type-product","3":"status-publish","4":"has-post-thumbnail","6":"product_cat-produits-gastronomiques","7":"product_cat-conserves","9":"first","10":"instock","11":"shipping-taxable","12":"purchasable","13":"product-type-simple"},"yoast_head":"<!-- This site is optimized with the Yoast SEO plugin v26.9 - https:\/\/yoast.com\/product\/yoast-seo-wordpress\/ -->\n<title>Pastel del Sella - Confiture gourmande au saumon et au fromage Cabrales<\/title>\n<meta name=\"description\" content=\"Go\u00fbtez l&#039;authentique pastel del sella, une entr\u00e9e \u00e0 base de saumon et de fromage Cabrales, id\u00e9ale \u00e0 partager. Achetez des conserves gastronomiques en ligne.\" \/>\n<meta name=\"robots\" content=\"index, follow, max-snippet:-1, max-image-preview:large, max-video-preview:-1\" \/>\n<link rel=\"canonical\" href=\"https:\/\/picoytallo.com\/fr\/producto\/pastel-del-sella-produit-gourmet-saumon-et-cabrales\/\" \/>\n<meta property=\"og:locale\" content=\"fr_FR\" \/>\n<meta property=\"og:type\" content=\"article\" \/>\n<meta property=\"og:title\" content=\"Pastel del Sella - Confiture gourmande au saumon et au fromage Cabrales\" \/>\n<meta property=\"og:description\" content=\"Go\u00fbtez l&#039;authentique pastel del sella, une entr\u00e9e \u00e0 base de saumon et de fromage Cabrales, id\u00e9ale \u00e0 partager. Achetez des conserves gastronomiques en ligne.\" \/>\n<meta property=\"og:url\" content=\"https:\/\/picoytallo.com\/fr\/producto\/pastel-del-sella-produit-gourmet-saumon-et-cabrales\/\" \/>\n<meta property=\"og:site_name\" content=\"Pico y Tallo\" \/>\n<meta name=\"twitter:card\" content=\"summary_large_image\" \/>\n<meta name=\"twitter:label1\" content=\"Dur\u00e9e de lecture estim\u00e9e\" \/>\n\t<meta name=\"twitter:data1\" content=\"1 minute\" \/>\n<script type=\"application\/ld+json\" class=\"yoast-schema-graph\">{\"@context\":\"https:\/\/schema.org\",\"@graph\":[{\"@type\":\"WebPage\",\"@id\":\"https:\/\/picoytallo.com\/fr\/producto\/pastel-del-sella-produit-gourmet-saumon-et-cabrales\/\",\"url\":\"https:\/\/picoytallo.com\/fr\/producto\/pastel-del-sella-produit-gourmet-saumon-et-cabrales\/\",\"name\":\"Pastel del Sella - Confiture gourmande au saumon et au fromage Cabrales\",\"isPartOf\":{\"@id\":\"https:\/\/picoytallo.com\/fr\/#website\"},\"primaryImageOfPage\":{\"@id\":\"https:\/\/picoytallo.com\/fr\/producto\/pastel-del-sella-produit-gourmet-saumon-et-cabrales\/#primaryimage\"},\"image\":{\"@id\":\"https:\/\/picoytallo.com\/fr\/producto\/pastel-del-sella-produit-gourmet-saumon-et-cabrales\/#primaryimage\"},\"thumbnailUrl\":\"https:\/\/picoytallo.com\/wp-content\/uploads\/2025\/12\/Pastel-del-Sella.webp\",\"datePublished\":\"2025-12-01T21:39:39+00:00\",\"description\":\"Go\u00fbtez l'authentique pastel del sella, une entr\u00e9e \u00e0 base de saumon et de fromage Cabrales, id\u00e9ale \u00e0 partager. Achetez des conserves gastronomiques en ligne.\",\"breadcrumb\":{\"@id\":\"https:\/\/picoytallo.com\/fr\/producto\/pastel-del-sella-produit-gourmet-saumon-et-cabrales\/#breadcrumb\"},\"inLanguage\":\"fr-FR\",\"potentialAction\":[{\"@type\":\"ReadAction\",\"target\":[\"https:\/\/picoytallo.com\/fr\/producto\/pastel-del-sella-produit-gourmet-saumon-et-cabrales\/\"]}]},{\"@type\":\"ImageObject\",\"inLanguage\":\"fr-FR\",\"@id\":\"https:\/\/picoytallo.com\/fr\/producto\/pastel-del-sella-produit-gourmet-saumon-et-cabrales\/#primaryimage\",\"url\":\"https:\/\/picoytallo.com\/wp-content\/uploads\/2025\/12\/Pastel-del-Sella.webp\",\"contentUrl\":\"https:\/\/picoytallo.com\/wp-content\/uploads\/2025\/12\/Pastel-del-Sella.webp\",\"width\":960,\"height\":960,\"caption\":\"Aperitivo de salm\u00f3n y cabrales\"},{\"@type\":\"BreadcrumbList\",\"@id\":\"https:\/\/picoytallo.com\/fr\/producto\/pastel-del-sella-produit-gourmet-saumon-et-cabrales\/#breadcrumb\",\"itemListElement\":[{\"@type\":\"ListItem\",\"position\":1,\"name\":\"Portada\",\"item\":\"https:\/\/picoytallo.com\/fr\/\"},{\"@type\":\"ListItem\",\"position\":2,\"name\":\"Boutique\",\"item\":\"https:\/\/picoytallo.com\/fr\/boutique\/\"},{\"@type\":\"ListItem\",\"position\":3,\"name\":\"Pastel del Sella &#8211; Produit gourmet Saumon et Cabrales\"}]},{\"@type\":\"WebSite\",\"@id\":\"https:\/\/picoytallo.com\/fr\/#website\",\"url\":\"https:\/\/picoytallo.com\/fr\/\",\"name\":\"Pico y Tallo\",\"description\":\"Productos Gourmet Online\",\"publisher\":{\"@id\":\"https:\/\/picoytallo.com\/fr\/#organization\"},\"potentialAction\":[{\"@type\":\"SearchAction\",\"target\":{\"@type\":\"EntryPoint\",\"urlTemplate\":\"https:\/\/picoytallo.com\/fr\/?s={search_term_string}\"},\"query-input\":{\"@type\":\"PropertyValueSpecification\",\"valueRequired\":true,\"valueName\":\"search_term_string\"}}],\"inLanguage\":\"fr-FR\"},{\"@type\":\"Organization\",\"@id\":\"https:\/\/picoytallo.com\/fr\/#organization\",\"name\":\"Pico y Tallo\",\"url\":\"https:\/\/picoytallo.com\/fr\/\",\"logo\":{\"@type\":\"ImageObject\",\"inLanguage\":\"fr-FR\",\"@id\":\"https:\/\/picoytallo.com\/fr\/#\/schema\/logo\/image\/\",\"url\":\"https:\/\/picoytallo.com\/wp-content\/uploads\/2022\/03\/cropped-Productos-gourmet-picotallo.webp\",\"contentUrl\":\"https:\/\/picoytallo.com\/wp-content\/uploads\/2022\/03\/cropped-Productos-gourmet-picotallo.webp\",\"width\":1194,\"height\":314,\"caption\":\"Pico y Tallo\"},\"image\":{\"@id\":\"https:\/\/picoytallo.com\/fr\/#\/schema\/logo\/image\/\"}}]}<\/script>\n<!-- \/ Yoast SEO plugin. -->","yoast_head_json":{"title":"Pastel del Sella - Confiture gourmande au saumon et au fromage Cabrales","description":"Go\u00fbtez l'authentique pastel del sella, une entr\u00e9e \u00e0 base de saumon et de fromage Cabrales, id\u00e9ale \u00e0 partager. Achetez des conserves gastronomiques en ligne.","robots":{"index":"index","follow":"follow","max-snippet":"max-snippet:-1","max-image-preview":"max-image-preview:large","max-video-preview":"max-video-preview:-1"},"canonical":"https:\/\/picoytallo.com\/fr\/producto\/pastel-del-sella-produit-gourmet-saumon-et-cabrales\/","og_locale":"fr_FR","og_type":"article","og_title":"Pastel del Sella - Confiture gourmande au saumon et au fromage Cabrales","og_description":"Go\u00fbtez l'authentique pastel del sella, une entr\u00e9e \u00e0 base de saumon et de fromage Cabrales, id\u00e9ale \u00e0 partager. Achetez des conserves gastronomiques en ligne.","og_url":"https:\/\/picoytallo.com\/fr\/producto\/pastel-del-sella-produit-gourmet-saumon-et-cabrales\/","og_site_name":"Pico y Tallo","twitter_card":"summary_large_image","twitter_misc":{"Dur\u00e9e de lecture estim\u00e9e":"1 minute"},"schema":{"@context":"https:\/\/schema.org","@graph":[{"@type":"WebPage","@id":"https:\/\/picoytallo.com\/fr\/producto\/pastel-del-sella-produit-gourmet-saumon-et-cabrales\/","url":"https:\/\/picoytallo.com\/fr\/producto\/pastel-del-sella-produit-gourmet-saumon-et-cabrales\/","name":"Pastel del Sella - Confiture gourmande au saumon et au fromage Cabrales","isPartOf":{"@id":"https:\/\/picoytallo.com\/fr\/#website"},"primaryImageOfPage":{"@id":"https:\/\/picoytallo.com\/fr\/producto\/pastel-del-sella-produit-gourmet-saumon-et-cabrales\/#primaryimage"},"image":{"@id":"https:\/\/picoytallo.com\/fr\/producto\/pastel-del-sella-produit-gourmet-saumon-et-cabrales\/#primaryimage"},"thumbnailUrl":"https:\/\/picoytallo.com\/wp-content\/uploads\/2025\/12\/Pastel-del-Sella.webp","datePublished":"2025-12-01T21:39:39+00:00","description":"Go\u00fbtez l'authentique pastel del sella, une entr\u00e9e \u00e0 base de saumon et de fromage Cabrales, id\u00e9ale \u00e0 partager. Achetez des conserves gastronomiques en ligne.","breadcrumb":{"@id":"https:\/\/picoytallo.com\/fr\/producto\/pastel-del-sella-produit-gourmet-saumon-et-cabrales\/#breadcrumb"},"inLanguage":"fr-FR","potentialAction":[{"@type":"ReadAction","target":["https:\/\/picoytallo.com\/fr\/producto\/pastel-del-sella-produit-gourmet-saumon-et-cabrales\/"]}]},{"@type":"ImageObject","inLanguage":"fr-FR","@id":"https:\/\/picoytallo.com\/fr\/producto\/pastel-del-sella-produit-gourmet-saumon-et-cabrales\/#primaryimage","url":"https:\/\/picoytallo.com\/wp-content\/uploads\/2025\/12\/Pastel-del-Sella.webp","contentUrl":"https:\/\/picoytallo.com\/wp-content\/uploads\/2025\/12\/Pastel-del-Sella.webp","width":960,"height":960,"caption":"Aperitivo de salm\u00f3n y cabrales"},{"@type":"BreadcrumbList","@id":"https:\/\/picoytallo.com\/fr\/producto\/pastel-del-sella-produit-gourmet-saumon-et-cabrales\/#breadcrumb","itemListElement":[{"@type":"ListItem","position":1,"name":"Portada","item":"https:\/\/picoytallo.com\/fr\/"},{"@type":"ListItem","position":2,"name":"Boutique","item":"https:\/\/picoytallo.com\/fr\/boutique\/"},{"@type":"ListItem","position":3,"name":"Pastel del Sella &#8211; Produit gourmet Saumon et Cabrales"}]},{"@type":"WebSite","@id":"https:\/\/picoytallo.com\/fr\/#website","url":"https:\/\/picoytallo.com\/fr\/","name":"Pico y Tallo","description":"Productos Gourmet Online","publisher":{"@id":"https:\/\/picoytallo.com\/fr\/#organization"},"potentialAction":[{"@type":"SearchAction","target":{"@type":"EntryPoint","urlTemplate":"https:\/\/picoytallo.com\/fr\/?s={search_term_string}"},"query-input":{"@type":"PropertyValueSpecification","valueRequired":true,"valueName":"search_term_string"}}],"inLanguage":"fr-FR"},{"@type":"Organization","@id":"https:\/\/picoytallo.com\/fr\/#organization","name":"Pico y Tallo","url":"https:\/\/picoytallo.com\/fr\/","logo":{"@type":"ImageObject","inLanguage":"fr-FR","@id":"https:\/\/picoytallo.com\/fr\/#\/schema\/logo\/image\/","url":"https:\/\/picoytallo.com\/wp-content\/uploads\/2022\/03\/cropped-Productos-gourmet-picotallo.webp","contentUrl":"https:\/\/picoytallo.com\/wp-content\/uploads\/2022\/03\/cropped-Productos-gourmet-picotallo.webp","width":1194,"height":314,"caption":"Pico y Tallo"},"image":{"@id":"https:\/\/picoytallo.com\/fr\/#\/schema\/logo\/image\/"}}]}},"_links":{"self":[{"href":"https:\/\/picoytallo.com\/fr\/wp-json\/wp\/v2\/product\/10065","targetHints":{"allow":["GET"]}}],"collection":[{"href":"https:\/\/picoytallo.com\/fr\/wp-json\/wp\/v2\/product"}],"about":[{"href":"https:\/\/picoytallo.com\/fr\/wp-json\/wp\/v2\/types\/product"}],"replies":[{"embeddable":true,"href":"https:\/\/picoytallo.com\/fr\/wp-json\/wp\/v2\/comments?post=10065"}],"wp:featuredmedia":[{"embeddable":true,"href":"https:\/\/picoytallo.com\/fr\/wp-json\/wp\/v2\/media\/9952"}],"wp:attachment":[{"href":"https:\/\/picoytallo.com\/fr\/wp-json\/wp\/v2\/media?parent=10065"}],"wp:term":[{"taxonomy":"product_brand","embeddable":true,"href":"https:\/\/picoytallo.com\/fr\/wp-json\/wp\/v2\/product_brand?post=10065"},{"taxonomy":"product_cat","embeddable":true,"href":"https:\/\/picoytallo.com\/fr\/wp-json\/wp\/v2\/product_cat?post=10065"},{"taxonomy":"product_tag","embeddable":true,"href":"https:\/\/picoytallo.com\/fr\/wp-json\/wp\/v2\/product_tag?post=10065"}],"curies":[{"name":"wp","href":"https:\/\/api.w.org\/{rel}","templated":true}]}}