{"id":10071,"date":"2025-12-04T17:31:52","date_gmt":"2025-12-04T15:31:52","guid":{"rendered":"https:\/\/picoytallo.com\/producto\/jarret-de-porc-a-la-sauce-moutarde\/"},"modified":"2025-12-04T17:31:52","modified_gmt":"2025-12-04T15:31:52","slug":"jarret-de-porc-a-la-sauce-moutarde","status":"publish","type":"product","link":"https:\/\/picoytallo.com\/fr\/producto\/jarret-de-porc-a-la-sauce-moutarde\/","title":{"rendered":"Jarret de porc \u00e0 la sauce moutarde"},"content":{"rendered":"<h2>Un plat traditionnel \u00e0 base de porc pr\u00eat \u00e0 \u00eatre d\u00e9gust\u00e9<\/h2>\n<p>D\u00e9licieux jarret de porc cuit lentement de mani\u00e8re 100% traditionnelle, baign\u00e9 dans une sauce \u00e0 la moutarde exquise et originale qui apporte une touche sophistiqu\u00e9e et \u00e9tonnamment savoureuse. Une combinaison parfaite de jutosit\u00e9, de tendresse et de saveur intense qui s\u00e9duira les palais les plus exigeants.<x id=\"gid_0\"><\/x>Id\u00e9al pour ceux qui souhaitent d\u00e9guster un plat maison de grande qualit\u00e9 sans passer des heures en cuisine. Parfait comme plat principal avec des pommes de terre, de la pur\u00e9e ou des l\u00e9gumes r\u00f4tis.<br \/>\nPoids net : 800 g (2 portions g\u00e9n\u00e9reuses)<br \/>\nSans conservateur ni colorant artificiel<br \/>\nSans gluten  <\/p>\n<p><strong>Ingr\u00e9dients :<\/strong><br \/>\nJambon de porc (70%), oignon frit (oignon, huile d&rsquo;olive et sel), tomate, poivron, carotte, moutarde (1,5%) (eau, vinaigre, graines de moutarde, sirop de glucose-fructose, sel, curcuma, ar\u00f4me naturel), huile d&rsquo;olive extra vierge, sel de mer, paprika et poivre noir.<br \/>\nPr\u00e9paration tr\u00e8s facile (pr\u00eat en 10 minutes) :<\/p>\n<p>Au bain-marie : placer le pot ferm\u00e9 dans de l&rsquo;eau chaude pendant 8-10 minutes.<br \/>\nDans une casserole : verser le contenu et faire chauffer \u00e0 feu doux en remuant de temps en temps.<\/p>\n<p>Apr\u00e8s ouverture, conservez au r\u00e9frig\u00e9rateur et consommez dans les 24 heures.<br \/>\nLe go\u00fbt de la cuisine traditionnelle, directement sur votre table, avec tout l&rsquo;amour et la qualit\u00e9 artisanale !<\/p>\n","protected":false},"excerpt":{"rendered":"<p>D\u00e9licieux jarret de porc cuit lentement de mani\u00e8re 100% traditionnelle, baign\u00e9 dans une sauce \u00e0 la moutarde exquise et originale qui apporte une touche sophistiqu\u00e9e et \u00e9tonnamment savoureuse.<\/p>\n","protected":false},"featured_media":10072,"comment_status":"open","ping_status":"closed","template":"","meta":[],"product_brand":[],"product_cat":[359,1060],"product_tag":[],"class_list":{"0":"post-10071","1":"product","2":"type-product","3":"status-publish","4":"has-post-thumbnail","6":"product_cat-produits-gastronomiques","7":"product_cat-conserves","9":"first","10":"instock","11":"shipping-taxable","12":"purchasable","13":"product-type-simple"},"yoast_head":"<!-- This site is optimized with the Yoast SEO plugin v26.9 - https:\/\/yoast.com\/product\/yoast-seo-wordpress\/ -->\n<title>Jarret de porc \u00e0 la moutarde traditionnelle - Gourmet meat<\/title>\n<meta name=\"description\" content=\"Savourez ce plat gastronomique de jarret de porc \u00e0 la sauce moutarde mijot\u00e9 de mani\u00e8re 100% traditionnelle, pr\u00eat \u00e0 \u00eatre d\u00e9gust\u00e9.\" \/>\n<meta name=\"robots\" content=\"index, follow, max-snippet:-1, max-image-preview:large, max-video-preview:-1\" \/>\n<link rel=\"canonical\" href=\"https:\/\/picoytallo.com\/fr\/producto\/jarret-de-porc-a-la-sauce-moutarde\/\" \/>\n<meta property=\"og:locale\" content=\"fr_FR\" \/>\n<meta property=\"og:type\" content=\"article\" \/>\n<meta property=\"og:title\" content=\"Jarret de porc \u00e0 la moutarde traditionnelle - Gourmet meat\" \/>\n<meta property=\"og:description\" content=\"Savourez ce plat gastronomique de jarret de porc \u00e0 la sauce moutarde mijot\u00e9 de mani\u00e8re 100% traditionnelle, pr\u00eat \u00e0 \u00eatre d\u00e9gust\u00e9.\" \/>\n<meta property=\"og:url\" content=\"https:\/\/picoytallo.com\/fr\/producto\/jarret-de-porc-a-la-sauce-moutarde\/\" \/>\n<meta property=\"og:site_name\" content=\"Pico y Tallo\" \/>\n<meta property=\"og:image\" content=\"https:\/\/picoytallo.com\/wp-content\/uploads\/2025\/12\/Codillo-cerdo-salsa-Mostaza.webp\" \/>\n\t<meta property=\"og:image:width\" content=\"960\" \/>\n\t<meta property=\"og:image:height\" content=\"960\" \/>\n\t<meta property=\"og:image:type\" content=\"image\/webp\" \/>\n<meta name=\"twitter:card\" content=\"summary_large_image\" \/>\n<meta name=\"twitter:label1\" content=\"Dur\u00e9e de lecture estim\u00e9e\" \/>\n\t<meta name=\"twitter:data1\" content=\"1 minute\" \/>\n<script type=\"application\/ld+json\" class=\"yoast-schema-graph\">{\"@context\":\"https:\/\/schema.org\",\"@graph\":[{\"@type\":\"WebPage\",\"@id\":\"https:\/\/picoytallo.com\/fr\/producto\/jarret-de-porc-a-la-sauce-moutarde\/\",\"url\":\"https:\/\/picoytallo.com\/fr\/producto\/jarret-de-porc-a-la-sauce-moutarde\/\",\"name\":\"Jarret de porc \u00e0 la moutarde traditionnelle - Gourmet meat\",\"isPartOf\":{\"@id\":\"https:\/\/picoytallo.com\/fr\/#website\"},\"primaryImageOfPage\":{\"@id\":\"https:\/\/picoytallo.com\/fr\/producto\/jarret-de-porc-a-la-sauce-moutarde\/#primaryimage\"},\"image\":{\"@id\":\"https:\/\/picoytallo.com\/fr\/producto\/jarret-de-porc-a-la-sauce-moutarde\/#primaryimage\"},\"thumbnailUrl\":\"https:\/\/picoytallo.com\/wp-content\/uploads\/2025\/12\/Codillo-cerdo-salsa-Mostaza.webp\",\"datePublished\":\"2025-12-04T15:31:52+00:00\",\"description\":\"Savourez ce plat gastronomique de jarret de porc \u00e0 la sauce moutarde mijot\u00e9 de mani\u00e8re 100% traditionnelle, pr\u00eat \u00e0 \u00eatre d\u00e9gust\u00e9.\",\"breadcrumb\":{\"@id\":\"https:\/\/picoytallo.com\/fr\/producto\/jarret-de-porc-a-la-sauce-moutarde\/#breadcrumb\"},\"inLanguage\":\"fr-FR\",\"potentialAction\":[{\"@type\":\"ReadAction\",\"target\":[\"https:\/\/picoytallo.com\/fr\/producto\/jarret-de-porc-a-la-sauce-moutarde\/\"]}]},{\"@type\":\"ImageObject\",\"inLanguage\":\"fr-FR\",\"@id\":\"https:\/\/picoytallo.com\/fr\/producto\/jarret-de-porc-a-la-sauce-moutarde\/#primaryimage\",\"url\":\"https:\/\/picoytallo.com\/wp-content\/uploads\/2025\/12\/Codillo-cerdo-salsa-Mostaza.webp\",\"contentUrl\":\"https:\/\/picoytallo.com\/wp-content\/uploads\/2025\/12\/Codillo-cerdo-salsa-Mostaza.webp\",\"width\":960,\"height\":960,\"caption\":\"Conserves de jarrets de porc des Asturies\"},{\"@type\":\"BreadcrumbList\",\"@id\":\"https:\/\/picoytallo.com\/fr\/producto\/jarret-de-porc-a-la-sauce-moutarde\/#breadcrumb\",\"itemListElement\":[{\"@type\":\"ListItem\",\"position\":1,\"name\":\"Portada\",\"item\":\"https:\/\/picoytallo.com\/fr\/\"},{\"@type\":\"ListItem\",\"position\":2,\"name\":\"Boutique\",\"item\":\"https:\/\/picoytallo.com\/fr\/boutique\/\"},{\"@type\":\"ListItem\",\"position\":3,\"name\":\"Jarret de porc \u00e0 la sauce moutarde\"}]},{\"@type\":\"WebSite\",\"@id\":\"https:\/\/picoytallo.com\/fr\/#website\",\"url\":\"https:\/\/picoytallo.com\/fr\/\",\"name\":\"Pico y Tallo\",\"description\":\"Productos Gourmet Online\",\"publisher\":{\"@id\":\"https:\/\/picoytallo.com\/fr\/#organization\"},\"potentialAction\":[{\"@type\":\"SearchAction\",\"target\":{\"@type\":\"EntryPoint\",\"urlTemplate\":\"https:\/\/picoytallo.com\/fr\/?s={search_term_string}\"},\"query-input\":{\"@type\":\"PropertyValueSpecification\",\"valueRequired\":true,\"valueName\":\"search_term_string\"}}],\"inLanguage\":\"fr-FR\"},{\"@type\":\"Organization\",\"@id\":\"https:\/\/picoytallo.com\/fr\/#organization\",\"name\":\"Pico y Tallo\",\"url\":\"https:\/\/picoytallo.com\/fr\/\",\"logo\":{\"@type\":\"ImageObject\",\"inLanguage\":\"fr-FR\",\"@id\":\"https:\/\/picoytallo.com\/fr\/#\/schema\/logo\/image\/\",\"url\":\"https:\/\/picoytallo.com\/wp-content\/uploads\/2022\/03\/cropped-Productos-gourmet-picotallo.webp\",\"contentUrl\":\"https:\/\/picoytallo.com\/wp-content\/uploads\/2022\/03\/cropped-Productos-gourmet-picotallo.webp\",\"width\":1194,\"height\":314,\"caption\":\"Pico y Tallo\"},\"image\":{\"@id\":\"https:\/\/picoytallo.com\/fr\/#\/schema\/logo\/image\/\"}}]}<\/script>\n<!-- \/ Yoast SEO plugin. -->","yoast_head_json":{"title":"Jarret de porc \u00e0 la moutarde traditionnelle - Gourmet meat","description":"Savourez ce plat gastronomique de jarret de porc \u00e0 la sauce moutarde mijot\u00e9 de mani\u00e8re 100% traditionnelle, pr\u00eat \u00e0 \u00eatre d\u00e9gust\u00e9.","robots":{"index":"index","follow":"follow","max-snippet":"max-snippet:-1","max-image-preview":"max-image-preview:large","max-video-preview":"max-video-preview:-1"},"canonical":"https:\/\/picoytallo.com\/fr\/producto\/jarret-de-porc-a-la-sauce-moutarde\/","og_locale":"fr_FR","og_type":"article","og_title":"Jarret de porc \u00e0 la moutarde traditionnelle - Gourmet meat","og_description":"Savourez ce plat gastronomique de jarret de porc \u00e0 la sauce moutarde mijot\u00e9 de mani\u00e8re 100% traditionnelle, pr\u00eat \u00e0 \u00eatre d\u00e9gust\u00e9.","og_url":"https:\/\/picoytallo.com\/fr\/producto\/jarret-de-porc-a-la-sauce-moutarde\/","og_site_name":"Pico y Tallo","og_image":[{"width":960,"height":960,"url":"https:\/\/picoytallo.com\/wp-content\/uploads\/2025\/12\/Codillo-cerdo-salsa-Mostaza.webp","type":"image\/webp"}],"twitter_card":"summary_large_image","twitter_misc":{"Dur\u00e9e de lecture estim\u00e9e":"1 minute"},"schema":{"@context":"https:\/\/schema.org","@graph":[{"@type":"WebPage","@id":"https:\/\/picoytallo.com\/fr\/producto\/jarret-de-porc-a-la-sauce-moutarde\/","url":"https:\/\/picoytallo.com\/fr\/producto\/jarret-de-porc-a-la-sauce-moutarde\/","name":"Jarret de porc \u00e0 la moutarde traditionnelle - Gourmet meat","isPartOf":{"@id":"https:\/\/picoytallo.com\/fr\/#website"},"primaryImageOfPage":{"@id":"https:\/\/picoytallo.com\/fr\/producto\/jarret-de-porc-a-la-sauce-moutarde\/#primaryimage"},"image":{"@id":"https:\/\/picoytallo.com\/fr\/producto\/jarret-de-porc-a-la-sauce-moutarde\/#primaryimage"},"thumbnailUrl":"https:\/\/picoytallo.com\/wp-content\/uploads\/2025\/12\/Codillo-cerdo-salsa-Mostaza.webp","datePublished":"2025-12-04T15:31:52+00:00","description":"Savourez ce plat gastronomique de jarret de porc \u00e0 la sauce moutarde mijot\u00e9 de mani\u00e8re 100% traditionnelle, pr\u00eat \u00e0 \u00eatre d\u00e9gust\u00e9.","breadcrumb":{"@id":"https:\/\/picoytallo.com\/fr\/producto\/jarret-de-porc-a-la-sauce-moutarde\/#breadcrumb"},"inLanguage":"fr-FR","potentialAction":[{"@type":"ReadAction","target":["https:\/\/picoytallo.com\/fr\/producto\/jarret-de-porc-a-la-sauce-moutarde\/"]}]},{"@type":"ImageObject","inLanguage":"fr-FR","@id":"https:\/\/picoytallo.com\/fr\/producto\/jarret-de-porc-a-la-sauce-moutarde\/#primaryimage","url":"https:\/\/picoytallo.com\/wp-content\/uploads\/2025\/12\/Codillo-cerdo-salsa-Mostaza.webp","contentUrl":"https:\/\/picoytallo.com\/wp-content\/uploads\/2025\/12\/Codillo-cerdo-salsa-Mostaza.webp","width":960,"height":960,"caption":"Conserves de jarrets de porc des Asturies"},{"@type":"BreadcrumbList","@id":"https:\/\/picoytallo.com\/fr\/producto\/jarret-de-porc-a-la-sauce-moutarde\/#breadcrumb","itemListElement":[{"@type":"ListItem","position":1,"name":"Portada","item":"https:\/\/picoytallo.com\/fr\/"},{"@type":"ListItem","position":2,"name":"Boutique","item":"https:\/\/picoytallo.com\/fr\/boutique\/"},{"@type":"ListItem","position":3,"name":"Jarret de porc \u00e0 la sauce moutarde"}]},{"@type":"WebSite","@id":"https:\/\/picoytallo.com\/fr\/#website","url":"https:\/\/picoytallo.com\/fr\/","name":"Pico y Tallo","description":"Productos Gourmet Online","publisher":{"@id":"https:\/\/picoytallo.com\/fr\/#organization"},"potentialAction":[{"@type":"SearchAction","target":{"@type":"EntryPoint","urlTemplate":"https:\/\/picoytallo.com\/fr\/?s={search_term_string}"},"query-input":{"@type":"PropertyValueSpecification","valueRequired":true,"valueName":"search_term_string"}}],"inLanguage":"fr-FR"},{"@type":"Organization","@id":"https:\/\/picoytallo.com\/fr\/#organization","name":"Pico y Tallo","url":"https:\/\/picoytallo.com\/fr\/","logo":{"@type":"ImageObject","inLanguage":"fr-FR","@id":"https:\/\/picoytallo.com\/fr\/#\/schema\/logo\/image\/","url":"https:\/\/picoytallo.com\/wp-content\/uploads\/2022\/03\/cropped-Productos-gourmet-picotallo.webp","contentUrl":"https:\/\/picoytallo.com\/wp-content\/uploads\/2022\/03\/cropped-Productos-gourmet-picotallo.webp","width":1194,"height":314,"caption":"Pico y Tallo"},"image":{"@id":"https:\/\/picoytallo.com\/fr\/#\/schema\/logo\/image\/"}}]}},"_links":{"self":[{"href":"https:\/\/picoytallo.com\/fr\/wp-json\/wp\/v2\/product\/10071","targetHints":{"allow":["GET"]}}],"collection":[{"href":"https:\/\/picoytallo.com\/fr\/wp-json\/wp\/v2\/product"}],"about":[{"href":"https:\/\/picoytallo.com\/fr\/wp-json\/wp\/v2\/types\/product"}],"replies":[{"embeddable":true,"href":"https:\/\/picoytallo.com\/fr\/wp-json\/wp\/v2\/comments?post=10071"}],"wp:featuredmedia":[{"embeddable":true,"href":"https:\/\/picoytallo.com\/fr\/wp-json\/wp\/v2\/media\/10072"}],"wp:attachment":[{"href":"https:\/\/picoytallo.com\/fr\/wp-json\/wp\/v2\/media?parent=10071"}],"wp:term":[{"taxonomy":"product_brand","embeddable":true,"href":"https:\/\/picoytallo.com\/fr\/wp-json\/wp\/v2\/product_brand?post=10071"},{"taxonomy":"product_cat","embeddable":true,"href":"https:\/\/picoytallo.com\/fr\/wp-json\/wp\/v2\/product_cat?post=10071"},{"taxonomy":"product_tag","embeddable":true,"href":"https:\/\/picoytallo.com\/fr\/wp-json\/wp\/v2\/product_tag?post=10071"}],"curies":[{"name":"wp","href":"https:\/\/api.w.org\/{rel}","templated":true}]}}