{"id":3480,"date":"2022-03-21T17:31:36","date_gmt":"2022-03-21T15:31:36","guid":{"rendered":"https:\/\/picoytallo.com\/producto\/miel-artisanal-de-fleurs-doranger\/"},"modified":"2023-03-15T10:05:25","modified_gmt":"2023-03-15T08:05:25","slug":"miel-artisanal-de-fleurs-doranger","status":"publish","type":"product","link":"https:\/\/picoytallo.com\/fr\/producto\/miel-artisanal-de-fleurs-doranger\/","title":{"rendered":"Miel artisanal de fleurs d&rsquo;oranger"},"content":{"rendered":"<h2>Miel de fleur d&rsquo;oranger artisanal<\/h2>\n<p>Un miel tr\u00e8s aromatique.<\/p>\n<p>Ce miel est fabriqu\u00e9 \u00e0 partir des fleurs d&rsquo;agrumes, comme l&rsquo;oranger et le mandarinier, connues sous le nom de fleurs d&rsquo;oranger.<\/p>\n<p>Sa principale caract\u00e9ristique est son ar\u00f4me intense mais d\u00e9licat, un ar\u00f4me qui reste dans le miel que les abeilles cr\u00e9ent avec lui. Doux et puissant \u00e0 la fois, le miel de fleur d&rsquo;oranger est riche en potassium, magn\u00e9sium, calcium, phosphore, bore et s\u00e9l\u00e9nium, entre autres. Ses propri\u00e9t\u00e9s le rendent tr\u00e8s b\u00e9n\u00e9fique pour notre organisme. D\u00e9couvrez tous les bienfaits du miel pour notre sant\u00e9.<br \/>\nLes bienfaits du miel de fleur d&rsquo;oranger.<\/p>\n<h3>Propri\u00e9t\u00e9s du miel de fleur d&rsquo;oranger<\/h3>\n<p>C&rsquo;est un antioxydant. Il contient de la querc\u00e9tine, de la naring\u00e9nine, de la galangine et de l&rsquo;isorhamn\u00e9tine, des antioxydants qui contribuent \u00e0 la protection contre les radicaux libres. Une utilisation continue peut contribuer \u00e0 r\u00e9duire le risque de maladies chroniques.<br \/>\nIl est apaisant. La fleur d&rsquo;oranger ayant des effets s\u00e9datifs, son miel est recommand\u00e9 aux personnes nerveuses ou anxieuses. Il est \u00e9galement indiqu\u00e9 pour les personnes souffrant d&rsquo;insomnies r\u00e9currentes.<br \/>\nAgit contre les crampes. Il convient pour d\u00e9tendre les muscles tendus et soulager la douleur caus\u00e9e par les contractions musculaires involontaires.<br \/>\nPr\u00e9vient les rhumes. Le miel aide \u00e0 pr\u00e9venir et \u00e0 combattre les rhumes, ainsi que la toux s\u00e8che et les maux de gorge.<br \/>\nContient des propri\u00e9t\u00e9s antibact\u00e9riennes. L&rsquo;application d&rsquo;une couche de ce miel sur les br\u00fblures aide la peau endommag\u00e9e \u00e0 se r\u00e9g\u00e9n\u00e9rer.<\/p>\n<p>&nbsp;<\/p>\n<p>Miel naturel artisanal de fleurs d&rsquo;oranger. 1Kg.<\/p>\n","protected":false},"excerpt":{"rendered":"<p>Miel naturel artisanal de fleurs d&rsquo;oranger. 1Kg.<\/p>\n","protected":false},"featured_media":2590,"comment_status":"open","ping_status":"closed","template":"","meta":[],"product_brand":[],"product_cat":[317],"product_tag":[319,318,321,320],"class_list":{"0":"post-3480","1":"product","2":"type-product","3":"status-publish","4":"has-post-thumbnail","6":"product_cat-miel-artisanal","7":"product_tag-miel-artisanal-fr","8":"product_tag-miel-artisanal","9":"product_tag-miel-de-fleurs-doranger","10":"product_tag-miel-gourmet-fr","12":"first","13":"outofstock","14":"shipping-taxable","15":"purchasable","16":"product-type-simple"},"yoast_head":"<!-- This site is optimized with the Yoast SEO plugin v27.4 - https:\/\/yoast.com\/product\/yoast-seo-wordpress\/ -->\n<title>Miel artisanal de fleurs d&#039;oranger - Pico y Tallo<\/title>\n<meta name=\"description\" content=\"Acheter du miel de fleur d&#039;oranger artisanal \u00e0 Pico y Tallo. Les meilleurs produits gastronomiques du terroir. Produits \u00e9cologiques et biologiques.\" \/>\n<meta name=\"robots\" content=\"index, follow, max-snippet:-1, max-image-preview:large, max-video-preview:-1\" \/>\n<link rel=\"canonical\" href=\"https:\/\/picoytallo.com\/fr\/producto\/miel-artisanal-de-fleurs-doranger\/\" \/>\n<meta property=\"og:locale\" content=\"fr_FR\" \/>\n<meta property=\"og:type\" content=\"article\" \/>\n<meta property=\"og:title\" content=\"Miel artisanal de fleurs d&#039;oranger - Pico y Tallo\" \/>\n<meta property=\"og:description\" content=\"Acheter du miel de fleur d&#039;oranger artisanal \u00e0 Pico y Tallo. Les meilleurs produits gastronomiques du terroir. Produits \u00e9cologiques et biologiques.\" \/>\n<meta property=\"og:url\" content=\"https:\/\/picoytallo.com\/fr\/producto\/miel-artisanal-de-fleurs-doranger\/\" \/>\n<meta property=\"og:site_name\" content=\"Pico y Tallo\" \/>\n<meta property=\"article:modified_time\" content=\"2023-03-15T08:05:25+00:00\" \/>\n<meta property=\"og:image\" content=\"https:\/\/picoytallo.com\/wp-content\/uploads\/2022\/03\/Comprar-Miel-azahar-artesanal.webp\" \/>\n\t<meta property=\"og:image:width\" content=\"430\" \/>\n\t<meta property=\"og:image:height\" content=\"430\" \/>\n\t<meta property=\"og:image:type\" content=\"image\/webp\" \/>\n<meta name=\"twitter:card\" content=\"summary_large_image\" \/>\n<meta name=\"twitter:label1\" content=\"Prix\" \/>\n\t<meta name=\"twitter:data1\" content=\"9,79&euro;\" \/>\n\t<meta name=\"twitter:label2\" content=\"Disponibilit\u00e9\" \/>\n\t<meta name=\"twitter:data2\" content=\"Rupture de stock\" \/>\n<script type=\"application\/ld+json\" class=\"yoast-schema-graph\">{\"@context\":\"https:\\\/\\\/schema.org\",\"@graph\":[{\"@type\":\"WebPage\",\"@id\":\"https:\\\/\\\/picoytallo.com\\\/fr\\\/producto\\\/miel-artisanal-de-fleurs-doranger\\\/\",\"url\":\"https:\\\/\\\/picoytallo.com\\\/fr\\\/producto\\\/miel-artisanal-de-fleurs-doranger\\\/\",\"name\":\"Miel artisanal de fleurs d'oranger - Pico y Tallo\",\"isPartOf\":{\"@id\":\"https:\\\/\\\/picoytallo.com\\\/fr\\\/#website\"},\"primaryImageOfPage\":{\"@id\":\"https:\\\/\\\/picoytallo.com\\\/fr\\\/producto\\\/miel-artisanal-de-fleurs-doranger\\\/#primaryimage\"},\"image\":{\"@id\":\"https:\\\/\\\/picoytallo.com\\\/fr\\\/producto\\\/miel-artisanal-de-fleurs-doranger\\\/#primaryimage\"},\"thumbnailUrl\":\"https:\\\/\\\/picoytallo.com\\\/wp-content\\\/uploads\\\/2022\\\/03\\\/Comprar-Miel-azahar-artesanal.webp\",\"datePublished\":\"2022-03-21T15:31:36+00:00\",\"dateModified\":\"2023-03-15T08:05:25+00:00\",\"description\":\"Acheter du miel de fleur d'oranger artisanal \u00e0 Pico y Tallo. Les meilleurs produits gastronomiques du terroir. Produits \u00e9cologiques et biologiques.\",\"breadcrumb\":{\"@id\":\"https:\\\/\\\/picoytallo.com\\\/fr\\\/producto\\\/miel-artisanal-de-fleurs-doranger\\\/#breadcrumb\"},\"inLanguage\":\"fr-FR\",\"potentialAction\":[{\"@type\":\"ReadAction\",\"target\":[\"https:\\\/\\\/picoytallo.com\\\/fr\\\/producto\\\/miel-artisanal-de-fleurs-doranger\\\/\"]}]},{\"@type\":\"ImageObject\",\"inLanguage\":\"fr-FR\",\"@id\":\"https:\\\/\\\/picoytallo.com\\\/fr\\\/producto\\\/miel-artisanal-de-fleurs-doranger\\\/#primaryimage\",\"url\":\"https:\\\/\\\/picoytallo.com\\\/wp-content\\\/uploads\\\/2022\\\/03\\\/Comprar-Miel-azahar-artesanal.webp\",\"contentUrl\":\"https:\\\/\\\/picoytallo.com\\\/wp-content\\\/uploads\\\/2022\\\/03\\\/Comprar-Miel-azahar-artesanal.webp\",\"width\":430,\"height\":430},{\"@type\":\"BreadcrumbList\",\"@id\":\"https:\\\/\\\/picoytallo.com\\\/fr\\\/producto\\\/miel-artisanal-de-fleurs-doranger\\\/#breadcrumb\",\"itemListElement\":[{\"@type\":\"ListItem\",\"position\":1,\"name\":\"Portada\",\"item\":\"https:\\\/\\\/picoytallo.com\\\/fr\\\/\"},{\"@type\":\"ListItem\",\"position\":2,\"name\":\"Boutique\",\"item\":\"https:\\\/\\\/picoytallo.com\\\/fr\\\/boutique\\\/\"},{\"@type\":\"ListItem\",\"position\":3,\"name\":\"Miel artisanal de fleurs d&rsquo;oranger\"}]},{\"@type\":\"WebSite\",\"@id\":\"https:\\\/\\\/picoytallo.com\\\/fr\\\/#website\",\"url\":\"https:\\\/\\\/picoytallo.com\\\/fr\\\/\",\"name\":\"Pico y Tallo\",\"description\":\"Productos Gourmet Online\",\"publisher\":{\"@id\":\"https:\\\/\\\/picoytallo.com\\\/fr\\\/#organization\"},\"potentialAction\":[{\"@type\":\"SearchAction\",\"target\":{\"@type\":\"EntryPoint\",\"urlTemplate\":\"https:\\\/\\\/picoytallo.com\\\/fr\\\/?s={search_term_string}\"},\"query-input\":{\"@type\":\"PropertyValueSpecification\",\"valueRequired\":true,\"valueName\":\"search_term_string\"}}],\"inLanguage\":\"fr-FR\"},{\"@type\":\"Organization\",\"@id\":\"https:\\\/\\\/picoytallo.com\\\/fr\\\/#organization\",\"name\":\"Pico y Tallo\",\"url\":\"https:\\\/\\\/picoytallo.com\\\/fr\\\/\",\"logo\":{\"@type\":\"ImageObject\",\"inLanguage\":\"fr-FR\",\"@id\":\"https:\\\/\\\/picoytallo.com\\\/fr\\\/#\\\/schema\\\/logo\\\/image\\\/\",\"url\":\"https:\\\/\\\/picoytallo.com\\\/wp-content\\\/uploads\\\/2022\\\/03\\\/cropped-Productos-gourmet-picotallo.webp\",\"contentUrl\":\"https:\\\/\\\/picoytallo.com\\\/wp-content\\\/uploads\\\/2022\\\/03\\\/cropped-Productos-gourmet-picotallo.webp\",\"width\":1194,\"height\":314,\"caption\":\"Pico y Tallo\"},\"image\":{\"@id\":\"https:\\\/\\\/picoytallo.com\\\/fr\\\/#\\\/schema\\\/logo\\\/image\\\/\"}}]}<\/script>\n<meta property=\"product:price:amount\" content=\"9.79\" \/>\n<meta property=\"product:price:currency\" content=\"EUR\" \/>\n<meta property=\"og:availability\" content=\"out of stock\" \/>\n<meta property=\"product:availability\" content=\"out of stock\" \/>\n<meta property=\"product:condition\" content=\"new\" \/>\n<!-- \/ Yoast SEO plugin. -->","yoast_head_json":{"title":"Miel artisanal de fleurs d'oranger - Pico y Tallo","description":"Acheter du miel de fleur d'oranger artisanal \u00e0 Pico y Tallo. Les meilleurs produits gastronomiques du terroir. Produits \u00e9cologiques et biologiques.","robots":{"index":"index","follow":"follow","max-snippet":"max-snippet:-1","max-image-preview":"max-image-preview:large","max-video-preview":"max-video-preview:-1"},"canonical":"https:\/\/picoytallo.com\/fr\/producto\/miel-artisanal-de-fleurs-doranger\/","og_locale":"fr_FR","og_type":"article","og_title":"Miel artisanal de fleurs d'oranger - Pico y Tallo","og_description":"Acheter du miel de fleur d'oranger artisanal \u00e0 Pico y Tallo. Les meilleurs produits gastronomiques du terroir. Produits \u00e9cologiques et biologiques.","og_url":"https:\/\/picoytallo.com\/fr\/producto\/miel-artisanal-de-fleurs-doranger\/","og_site_name":"Pico y Tallo","article_modified_time":"2023-03-15T08:05:25+00:00","og_image":[{"width":430,"height":430,"url":"https:\/\/picoytallo.com\/wp-content\/uploads\/2022\/03\/Comprar-Miel-azahar-artesanal.webp","type":"image\/webp"}],"twitter_card":"summary_large_image","twitter_misc":{"Prix":"9,79&euro;","Disponibilit\u00e9":"Rupture de stock"},"schema":{"@context":"https:\/\/schema.org","@graph":[{"@type":"WebPage","@id":"https:\/\/picoytallo.com\/fr\/producto\/miel-artisanal-de-fleurs-doranger\/","url":"https:\/\/picoytallo.com\/fr\/producto\/miel-artisanal-de-fleurs-doranger\/","name":"Miel artisanal de fleurs d'oranger - Pico y Tallo","isPartOf":{"@id":"https:\/\/picoytallo.com\/fr\/#website"},"primaryImageOfPage":{"@id":"https:\/\/picoytallo.com\/fr\/producto\/miel-artisanal-de-fleurs-doranger\/#primaryimage"},"image":{"@id":"https:\/\/picoytallo.com\/fr\/producto\/miel-artisanal-de-fleurs-doranger\/#primaryimage"},"thumbnailUrl":"https:\/\/picoytallo.com\/wp-content\/uploads\/2022\/03\/Comprar-Miel-azahar-artesanal.webp","datePublished":"2022-03-21T15:31:36+00:00","dateModified":"2023-03-15T08:05:25+00:00","description":"Acheter du miel de fleur d'oranger artisanal \u00e0 Pico y Tallo. Les meilleurs produits gastronomiques du terroir. Produits \u00e9cologiques et biologiques.","breadcrumb":{"@id":"https:\/\/picoytallo.com\/fr\/producto\/miel-artisanal-de-fleurs-doranger\/#breadcrumb"},"inLanguage":"fr-FR","potentialAction":[{"@type":"ReadAction","target":["https:\/\/picoytallo.com\/fr\/producto\/miel-artisanal-de-fleurs-doranger\/"]}]},{"@type":"ImageObject","inLanguage":"fr-FR","@id":"https:\/\/picoytallo.com\/fr\/producto\/miel-artisanal-de-fleurs-doranger\/#primaryimage","url":"https:\/\/picoytallo.com\/wp-content\/uploads\/2022\/03\/Comprar-Miel-azahar-artesanal.webp","contentUrl":"https:\/\/picoytallo.com\/wp-content\/uploads\/2022\/03\/Comprar-Miel-azahar-artesanal.webp","width":430,"height":430},{"@type":"BreadcrumbList","@id":"https:\/\/picoytallo.com\/fr\/producto\/miel-artisanal-de-fleurs-doranger\/#breadcrumb","itemListElement":[{"@type":"ListItem","position":1,"name":"Portada","item":"https:\/\/picoytallo.com\/fr\/"},{"@type":"ListItem","position":2,"name":"Boutique","item":"https:\/\/picoytallo.com\/fr\/boutique\/"},{"@type":"ListItem","position":3,"name":"Miel artisanal de fleurs d&rsquo;oranger"}]},{"@type":"WebSite","@id":"https:\/\/picoytallo.com\/fr\/#website","url":"https:\/\/picoytallo.com\/fr\/","name":"Pico y Tallo","description":"Productos Gourmet Online","publisher":{"@id":"https:\/\/picoytallo.com\/fr\/#organization"},"potentialAction":[{"@type":"SearchAction","target":{"@type":"EntryPoint","urlTemplate":"https:\/\/picoytallo.com\/fr\/?s={search_term_string}"},"query-input":{"@type":"PropertyValueSpecification","valueRequired":true,"valueName":"search_term_string"}}],"inLanguage":"fr-FR"},{"@type":"Organization","@id":"https:\/\/picoytallo.com\/fr\/#organization","name":"Pico y Tallo","url":"https:\/\/picoytallo.com\/fr\/","logo":{"@type":"ImageObject","inLanguage":"fr-FR","@id":"https:\/\/picoytallo.com\/fr\/#\/schema\/logo\/image\/","url":"https:\/\/picoytallo.com\/wp-content\/uploads\/2022\/03\/cropped-Productos-gourmet-picotallo.webp","contentUrl":"https:\/\/picoytallo.com\/wp-content\/uploads\/2022\/03\/cropped-Productos-gourmet-picotallo.webp","width":1194,"height":314,"caption":"Pico y Tallo"},"image":{"@id":"https:\/\/picoytallo.com\/fr\/#\/schema\/logo\/image\/"}}]},"product_price_amount":"9.79","product_price_currency":"EUR","og_availability":"out of stock","product_availability":"out of stock","product_condition":"new"},"_links":{"self":[{"href":"https:\/\/picoytallo.com\/fr\/wp-json\/wp\/v2\/product\/3480","targetHints":{"allow":["GET"]}}],"collection":[{"href":"https:\/\/picoytallo.com\/fr\/wp-json\/wp\/v2\/product"}],"about":[{"href":"https:\/\/picoytallo.com\/fr\/wp-json\/wp\/v2\/types\/product"}],"replies":[{"embeddable":true,"href":"https:\/\/picoytallo.com\/fr\/wp-json\/wp\/v2\/comments?post=3480"}],"wp:featuredmedia":[{"embeddable":true,"href":"https:\/\/picoytallo.com\/fr\/wp-json\/wp\/v2\/media\/2590"}],"wp:attachment":[{"href":"https:\/\/picoytallo.com\/fr\/wp-json\/wp\/v2\/media?parent=3480"}],"wp:term":[{"taxonomy":"product_brand","embeddable":true,"href":"https:\/\/picoytallo.com\/fr\/wp-json\/wp\/v2\/product_brand?post=3480"},{"taxonomy":"product_cat","embeddable":true,"href":"https:\/\/picoytallo.com\/fr\/wp-json\/wp\/v2\/product_cat?post=3480"},{"taxonomy":"product_tag","embeddable":true,"href":"https:\/\/picoytallo.com\/fr\/wp-json\/wp\/v2\/product_tag?post=3480"}],"curies":[{"name":"wp","href":"https:\/\/api.w.org\/{rel}","templated":true}]}}