{"id":3486,"date":"2022-03-21T18:16:38","date_gmt":"2022-03-21T16:16:38","guid":{"rendered":"https:\/\/picoytallo.com\/producto\/olivada-a-lail-noir\/"},"modified":"2024-11-10T02:26:01","modified_gmt":"2024-11-10T00:26:01","slug":"olivada-a-lail-noir","status":"publish","type":"product","link":"https:\/\/picoytallo.com\/fr\/producto\/olivada-a-lail-noir\/","title":{"rendered":"Olivada \u00e0 l&rsquo;ail noir"},"content":{"rendered":"<h2>Olivada \u00e0 l&rsquo;ail noir<\/h2>\n<p>L&rsquo;Olivada est un p\u00e2t\u00e9 d&rsquo;olives id\u00e9al pour agr\u00e9menter un vermouth, \u00e0 l&rsquo;ap\u00e9ritif ou pour pr\u00e9parer des canap\u00e9s exquis.<\/p>\n<p>Ajoutez la saveur des olives et de l&rsquo;ail noir \u00e0 vos plats, que ce soit pour le petit-d\u00e9jeuner, le d\u00e9jeuner, le go\u00fbter ou le d\u00eener, l&rsquo;huile d&rsquo;olive apporte toujours une touche d\u00e9licieuse.<\/p>\n","protected":false},"excerpt":{"rendered":"<p>L&rsquo;olivade verte \u00e0 l&rsquo;ail noir, une combinaison pour les gourmets.<\/p>\n","protected":false},"featured_media":2602,"comment_status":"open","ping_status":"closed","template":"","meta":[],"product_brand":[],"product_cat":[340],"product_tag":[346,343,344,341],"class_list":{"0":"post-3486","1":"product","2":"type-product","3":"status-publish","4":"has-post-thumbnail","6":"product_cat-olives-gourmandes","7":"product_tag-ail-noir-olivada","8":"product_tag-olivada-fr","9":"product_tag-oliveraie-biologique","10":"product_tag-olives-gourmandes","12":"first","13":"outofstock","14":"shipping-taxable","15":"purchasable","16":"product-type-simple"},"yoast_head":"<!-- This site is optimized with the Yoast SEO plugin v26.9 - https:\/\/yoast.com\/product\/yoast-seo-wordpress\/ -->\n<title>Olivada verde con ajo negro - Acheter olivada - Pico y Tallo<\/title>\n<meta name=\"description\" content=\"Acheter une olivade verte \u00e0 l&#039;ail noir chez Pico y Tallo. Huile d&#039;olive gourmet du terroir. Produits \u00e9cologiques et biologiques.\" \/>\n<meta name=\"robots\" content=\"index, follow, max-snippet:-1, max-image-preview:large, max-video-preview:-1\" \/>\n<link rel=\"canonical\" href=\"https:\/\/picoytallo.com\/fr\/producto\/olivada-a-lail-noir\/\" \/>\n<meta property=\"og:locale\" content=\"fr_FR\" \/>\n<meta property=\"og:type\" content=\"article\" \/>\n<meta property=\"og:title\" content=\"Olivada verde con ajo negro - Acheter olivada - Pico y Tallo\" \/>\n<meta property=\"og:description\" content=\"Acheter une olivade verte \u00e0 l&#039;ail noir chez Pico y Tallo. Huile d&#039;olive gourmet du terroir. Produits \u00e9cologiques et biologiques.\" \/>\n<meta property=\"og:url\" content=\"https:\/\/picoytallo.com\/fr\/producto\/olivada-a-lail-noir\/\" \/>\n<meta property=\"og:site_name\" content=\"Pico y Tallo\" \/>\n<meta property=\"article:modified_time\" content=\"2024-11-10T00:26:01+00:00\" \/>\n<meta property=\"og:image\" content=\"https:\/\/picoytallo.com\/wp-content\/uploads\/2022\/03\/olivada-con-ajo-negro.webp\" \/>\n\t<meta property=\"og:image:width\" content=\"323\" \/>\n\t<meta property=\"og:image:height\" content=\"430\" \/>\n\t<meta property=\"og:image:type\" content=\"image\/webp\" \/>\n<meta name=\"twitter:card\" content=\"summary_large_image\" \/>\n<script type=\"application\/ld+json\" class=\"yoast-schema-graph\">{\"@context\":\"https:\/\/schema.org\",\"@graph\":[{\"@type\":\"WebPage\",\"@id\":\"https:\/\/picoytallo.com\/fr\/producto\/olivada-a-lail-noir\/\",\"url\":\"https:\/\/picoytallo.com\/fr\/producto\/olivada-a-lail-noir\/\",\"name\":\"Olivada verde con ajo negro - Acheter olivada - Pico y Tallo\",\"isPartOf\":{\"@id\":\"https:\/\/picoytallo.com\/fr\/#website\"},\"primaryImageOfPage\":{\"@id\":\"https:\/\/picoytallo.com\/fr\/producto\/olivada-a-lail-noir\/#primaryimage\"},\"image\":{\"@id\":\"https:\/\/picoytallo.com\/fr\/producto\/olivada-a-lail-noir\/#primaryimage\"},\"thumbnailUrl\":\"https:\/\/picoytallo.com\/wp-content\/uploads\/2022\/03\/olivada-con-ajo-negro.webp\",\"datePublished\":\"2022-03-21T16:16:38+00:00\",\"dateModified\":\"2024-11-10T00:26:01+00:00\",\"description\":\"Acheter une olivade verte \u00e0 l'ail noir chez Pico y Tallo. Huile d'olive gourmet du terroir. Produits \u00e9cologiques et biologiques.\",\"breadcrumb\":{\"@id\":\"https:\/\/picoytallo.com\/fr\/producto\/olivada-a-lail-noir\/#breadcrumb\"},\"inLanguage\":\"fr-FR\",\"potentialAction\":[{\"@type\":\"ReadAction\",\"target\":[\"https:\/\/picoytallo.com\/fr\/producto\/olivada-a-lail-noir\/\"]}]},{\"@type\":\"ImageObject\",\"inLanguage\":\"fr-FR\",\"@id\":\"https:\/\/picoytallo.com\/fr\/producto\/olivada-a-lail-noir\/#primaryimage\",\"url\":\"https:\/\/picoytallo.com\/wp-content\/uploads\/2022\/03\/olivada-con-ajo-negro.webp\",\"contentUrl\":\"https:\/\/picoytallo.com\/wp-content\/uploads\/2022\/03\/olivada-con-ajo-negro.webp\",\"width\":323,\"height\":430},{\"@type\":\"BreadcrumbList\",\"@id\":\"https:\/\/picoytallo.com\/fr\/producto\/olivada-a-lail-noir\/#breadcrumb\",\"itemListElement\":[{\"@type\":\"ListItem\",\"position\":1,\"name\":\"Portada\",\"item\":\"https:\/\/picoytallo.com\/fr\/\"},{\"@type\":\"ListItem\",\"position\":2,\"name\":\"Boutique\",\"item\":\"https:\/\/picoytallo.com\/fr\/boutique\/\"},{\"@type\":\"ListItem\",\"position\":3,\"name\":\"Olivada \u00e0 l&rsquo;ail noir\"}]},{\"@type\":\"WebSite\",\"@id\":\"https:\/\/picoytallo.com\/fr\/#website\",\"url\":\"https:\/\/picoytallo.com\/fr\/\",\"name\":\"Pico y Tallo\",\"description\":\"Productos Gourmet Online\",\"publisher\":{\"@id\":\"https:\/\/picoytallo.com\/fr\/#organization\"},\"potentialAction\":[{\"@type\":\"SearchAction\",\"target\":{\"@type\":\"EntryPoint\",\"urlTemplate\":\"https:\/\/picoytallo.com\/fr\/?s={search_term_string}\"},\"query-input\":{\"@type\":\"PropertyValueSpecification\",\"valueRequired\":true,\"valueName\":\"search_term_string\"}}],\"inLanguage\":\"fr-FR\"},{\"@type\":\"Organization\",\"@id\":\"https:\/\/picoytallo.com\/fr\/#organization\",\"name\":\"Pico y Tallo\",\"url\":\"https:\/\/picoytallo.com\/fr\/\",\"logo\":{\"@type\":\"ImageObject\",\"inLanguage\":\"fr-FR\",\"@id\":\"https:\/\/picoytallo.com\/fr\/#\/schema\/logo\/image\/\",\"url\":\"https:\/\/picoytallo.com\/wp-content\/uploads\/2022\/03\/cropped-Productos-gourmet-picotallo.webp\",\"contentUrl\":\"https:\/\/picoytallo.com\/wp-content\/uploads\/2022\/03\/cropped-Productos-gourmet-picotallo.webp\",\"width\":1194,\"height\":314,\"caption\":\"Pico y Tallo\"},\"image\":{\"@id\":\"https:\/\/picoytallo.com\/fr\/#\/schema\/logo\/image\/\"}}]}<\/script>\n<!-- \/ Yoast SEO plugin. -->","yoast_head_json":{"title":"Olivada verde con ajo negro - Acheter olivada - Pico y Tallo","description":"Acheter une olivade verte \u00e0 l'ail noir chez Pico y Tallo. Huile d'olive gourmet du terroir. Produits \u00e9cologiques et biologiques.","robots":{"index":"index","follow":"follow","max-snippet":"max-snippet:-1","max-image-preview":"max-image-preview:large","max-video-preview":"max-video-preview:-1"},"canonical":"https:\/\/picoytallo.com\/fr\/producto\/olivada-a-lail-noir\/","og_locale":"fr_FR","og_type":"article","og_title":"Olivada verde con ajo negro - Acheter olivada - Pico y Tallo","og_description":"Acheter une olivade verte \u00e0 l'ail noir chez Pico y Tallo. Huile d'olive gourmet du terroir. Produits \u00e9cologiques et biologiques.","og_url":"https:\/\/picoytallo.com\/fr\/producto\/olivada-a-lail-noir\/","og_site_name":"Pico y Tallo","article_modified_time":"2024-11-10T00:26:01+00:00","og_image":[{"width":323,"height":430,"url":"https:\/\/picoytallo.com\/wp-content\/uploads\/2022\/03\/olivada-con-ajo-negro.webp","type":"image\/webp"}],"twitter_card":"summary_large_image","schema":{"@context":"https:\/\/schema.org","@graph":[{"@type":"WebPage","@id":"https:\/\/picoytallo.com\/fr\/producto\/olivada-a-lail-noir\/","url":"https:\/\/picoytallo.com\/fr\/producto\/olivada-a-lail-noir\/","name":"Olivada verde con ajo negro - Acheter olivada - Pico y Tallo","isPartOf":{"@id":"https:\/\/picoytallo.com\/fr\/#website"},"primaryImageOfPage":{"@id":"https:\/\/picoytallo.com\/fr\/producto\/olivada-a-lail-noir\/#primaryimage"},"image":{"@id":"https:\/\/picoytallo.com\/fr\/producto\/olivada-a-lail-noir\/#primaryimage"},"thumbnailUrl":"https:\/\/picoytallo.com\/wp-content\/uploads\/2022\/03\/olivada-con-ajo-negro.webp","datePublished":"2022-03-21T16:16:38+00:00","dateModified":"2024-11-10T00:26:01+00:00","description":"Acheter une olivade verte \u00e0 l'ail noir chez Pico y Tallo. Huile d'olive gourmet du terroir. Produits \u00e9cologiques et biologiques.","breadcrumb":{"@id":"https:\/\/picoytallo.com\/fr\/producto\/olivada-a-lail-noir\/#breadcrumb"},"inLanguage":"fr-FR","potentialAction":[{"@type":"ReadAction","target":["https:\/\/picoytallo.com\/fr\/producto\/olivada-a-lail-noir\/"]}]},{"@type":"ImageObject","inLanguage":"fr-FR","@id":"https:\/\/picoytallo.com\/fr\/producto\/olivada-a-lail-noir\/#primaryimage","url":"https:\/\/picoytallo.com\/wp-content\/uploads\/2022\/03\/olivada-con-ajo-negro.webp","contentUrl":"https:\/\/picoytallo.com\/wp-content\/uploads\/2022\/03\/olivada-con-ajo-negro.webp","width":323,"height":430},{"@type":"BreadcrumbList","@id":"https:\/\/picoytallo.com\/fr\/producto\/olivada-a-lail-noir\/#breadcrumb","itemListElement":[{"@type":"ListItem","position":1,"name":"Portada","item":"https:\/\/picoytallo.com\/fr\/"},{"@type":"ListItem","position":2,"name":"Boutique","item":"https:\/\/picoytallo.com\/fr\/boutique\/"},{"@type":"ListItem","position":3,"name":"Olivada \u00e0 l&rsquo;ail noir"}]},{"@type":"WebSite","@id":"https:\/\/picoytallo.com\/fr\/#website","url":"https:\/\/picoytallo.com\/fr\/","name":"Pico y Tallo","description":"Productos Gourmet Online","publisher":{"@id":"https:\/\/picoytallo.com\/fr\/#organization"},"potentialAction":[{"@type":"SearchAction","target":{"@type":"EntryPoint","urlTemplate":"https:\/\/picoytallo.com\/fr\/?s={search_term_string}"},"query-input":{"@type":"PropertyValueSpecification","valueRequired":true,"valueName":"search_term_string"}}],"inLanguage":"fr-FR"},{"@type":"Organization","@id":"https:\/\/picoytallo.com\/fr\/#organization","name":"Pico y Tallo","url":"https:\/\/picoytallo.com\/fr\/","logo":{"@type":"ImageObject","inLanguage":"fr-FR","@id":"https:\/\/picoytallo.com\/fr\/#\/schema\/logo\/image\/","url":"https:\/\/picoytallo.com\/wp-content\/uploads\/2022\/03\/cropped-Productos-gourmet-picotallo.webp","contentUrl":"https:\/\/picoytallo.com\/wp-content\/uploads\/2022\/03\/cropped-Productos-gourmet-picotallo.webp","width":1194,"height":314,"caption":"Pico y Tallo"},"image":{"@id":"https:\/\/picoytallo.com\/fr\/#\/schema\/logo\/image\/"}}]}},"_links":{"self":[{"href":"https:\/\/picoytallo.com\/fr\/wp-json\/wp\/v2\/product\/3486","targetHints":{"allow":["GET"]}}],"collection":[{"href":"https:\/\/picoytallo.com\/fr\/wp-json\/wp\/v2\/product"}],"about":[{"href":"https:\/\/picoytallo.com\/fr\/wp-json\/wp\/v2\/types\/product"}],"replies":[{"embeddable":true,"href":"https:\/\/picoytallo.com\/fr\/wp-json\/wp\/v2\/comments?post=3486"}],"wp:featuredmedia":[{"embeddable":true,"href":"https:\/\/picoytallo.com\/fr\/wp-json\/wp\/v2\/media\/2602"}],"wp:attachment":[{"href":"https:\/\/picoytallo.com\/fr\/wp-json\/wp\/v2\/media?parent=3486"}],"wp:term":[{"taxonomy":"product_brand","embeddable":true,"href":"https:\/\/picoytallo.com\/fr\/wp-json\/wp\/v2\/product_brand?post=3486"},{"taxonomy":"product_cat","embeddable":true,"href":"https:\/\/picoytallo.com\/fr\/wp-json\/wp\/v2\/product_cat?post=3486"},{"taxonomy":"product_tag","embeddable":true,"href":"https:\/\/picoytallo.com\/fr\/wp-json\/wp\/v2\/product_tag?post=3486"}],"curies":[{"name":"wp","href":"https:\/\/api.w.org\/{rel}","templated":true}]}}