{"id":3490,"date":"2022-03-21T17:45:25","date_gmt":"2022-03-21T15:45:25","guid":{"rendered":"https:\/\/picoytallo.com\/producto\/olives-gazpacho\/"},"modified":"2025-11-14T11:41:56","modified_gmt":"2025-11-14T09:41:56","slug":"olives-gazpacho","status":"publish","type":"product","link":"https:\/\/picoytallo.com\/fr\/producto\/olives-gazpacho\/","title":{"rendered":"Olives gazpacho"},"content":{"rendered":"<h2>Olives gazpacho gourmet<\/h2>\n<p>Aceituna Gazpacha est le nom d&rsquo;un m\u00e9lange traditionnel de la r\u00e9gion m\u00e9diterran\u00e9enne, \u00e9labor\u00e9 \u00e0 partir d&rsquo;olives manzanilla, mais broy\u00e9es pour qu&rsquo;elles absorbent encore plus la saveur de la vinaigrette et d&rsquo;ingr\u00e9dients tels que des cornichons hach\u00e9s, une tranche de carotte naturelle de saison, de l&rsquo;ail m\u00fbr traditionnel et des piments \u00e9minc\u00e9s s\u00e9lectionn\u00e9s.<\/p>\n","protected":false},"excerpt":{"rendered":"<p>Gazpachas Gourmandes olives directement de l&rsquo;olivier.<\/p>\n","protected":false},"featured_media":2593,"comment_status":"open","ping_status":"closed","template":"","meta":[],"product_brand":[],"product_cat":[340],"product_tag":[353,352,341],"class_list":{"0":"post-3490","1":"product","2":"type-product","3":"status-publish","4":"has-post-thumbnail","6":"product_cat-olives-gourmandes","7":"product_tag-olivas-gazpachas-fr","8":"product_tag-olives-gazpacho","9":"product_tag-olives-gourmandes","11":"first","12":"instock","13":"shipping-taxable","14":"purchasable","15":"product-type-simple"},"yoast_head":"<!-- This site is optimized with the Yoast SEO plugin v26.9 - https:\/\/yoast.com\/product\/yoast-seo-wordpress\/ -->\n<title>Olivas Gazpachas - Acheter des olives gourmet - Pico y Tallo<\/title>\n<meta name=\"description\" content=\"Acheter des olives Gazpacha \u00e0 Pico y Tallo. Les meilleures olives gastronomiques du monde. Produits \u00e9cologiques et biologiques.\" \/>\n<meta name=\"robots\" content=\"index, follow, max-snippet:-1, max-image-preview:large, max-video-preview:-1\" \/>\n<link rel=\"canonical\" href=\"https:\/\/picoytallo.com\/fr\/producto\/olives-gazpacho\/\" \/>\n<meta property=\"og:locale\" content=\"fr_FR\" \/>\n<meta property=\"og:type\" content=\"article\" \/>\n<meta property=\"og:title\" content=\"Olivas Gazpachas - Acheter des olives gourmet - Pico y Tallo\" \/>\n<meta property=\"og:description\" content=\"Acheter des olives Gazpacha \u00e0 Pico y Tallo. Les meilleures olives gastronomiques du monde. Produits \u00e9cologiques et biologiques.\" \/>\n<meta property=\"og:url\" content=\"https:\/\/picoytallo.com\/fr\/producto\/olives-gazpacho\/\" \/>\n<meta property=\"og:site_name\" content=\"Pico y Tallo\" \/>\n<meta property=\"article:modified_time\" content=\"2025-11-14T09:41:56+00:00\" \/>\n<meta property=\"og:image\" content=\"https:\/\/picoytallo.com\/wp-content\/uploads\/2022\/03\/olivas-gazpachas.webp\" \/>\n\t<meta property=\"og:image:width\" content=\"323\" \/>\n\t<meta property=\"og:image:height\" content=\"430\" \/>\n\t<meta property=\"og:image:type\" content=\"image\/webp\" \/>\n<meta name=\"twitter:card\" content=\"summary_large_image\" \/>\n<script type=\"application\/ld+json\" class=\"yoast-schema-graph\">{\"@context\":\"https:\/\/schema.org\",\"@graph\":[{\"@type\":\"WebPage\",\"@id\":\"https:\/\/picoytallo.com\/fr\/producto\/olives-gazpacho\/\",\"url\":\"https:\/\/picoytallo.com\/fr\/producto\/olives-gazpacho\/\",\"name\":\"Olivas Gazpachas - Acheter des olives gourmet - Pico y Tallo\",\"isPartOf\":{\"@id\":\"https:\/\/picoytallo.com\/fr\/#website\"},\"primaryImageOfPage\":{\"@id\":\"https:\/\/picoytallo.com\/fr\/producto\/olives-gazpacho\/#primaryimage\"},\"image\":{\"@id\":\"https:\/\/picoytallo.com\/fr\/producto\/olives-gazpacho\/#primaryimage\"},\"thumbnailUrl\":\"https:\/\/picoytallo.com\/wp-content\/uploads\/2022\/03\/olivas-gazpachas.webp\",\"datePublished\":\"2022-03-21T15:45:25+00:00\",\"dateModified\":\"2025-11-14T09:41:56+00:00\",\"description\":\"Acheter des olives Gazpacha \u00e0 Pico y Tallo. Les meilleures olives gastronomiques du monde. Produits \u00e9cologiques et biologiques.\",\"breadcrumb\":{\"@id\":\"https:\/\/picoytallo.com\/fr\/producto\/olives-gazpacho\/#breadcrumb\"},\"inLanguage\":\"fr-FR\",\"potentialAction\":[{\"@type\":\"ReadAction\",\"target\":[\"https:\/\/picoytallo.com\/fr\/producto\/olives-gazpacho\/\"]}]},{\"@type\":\"ImageObject\",\"inLanguage\":\"fr-FR\",\"@id\":\"https:\/\/picoytallo.com\/fr\/producto\/olives-gazpacho\/#primaryimage\",\"url\":\"https:\/\/picoytallo.com\/wp-content\/uploads\/2022\/03\/olivas-gazpachas.webp\",\"contentUrl\":\"https:\/\/picoytallo.com\/wp-content\/uploads\/2022\/03\/olivas-gazpachas.webp\",\"width\":323,\"height\":430,\"caption\":\"Olives gazpacho gourmet\"},{\"@type\":\"BreadcrumbList\",\"@id\":\"https:\/\/picoytallo.com\/fr\/producto\/olives-gazpacho\/#breadcrumb\",\"itemListElement\":[{\"@type\":\"ListItem\",\"position\":1,\"name\":\"Portada\",\"item\":\"https:\/\/picoytallo.com\/fr\/\"},{\"@type\":\"ListItem\",\"position\":2,\"name\":\"Boutique\",\"item\":\"https:\/\/picoytallo.com\/fr\/boutique\/\"},{\"@type\":\"ListItem\",\"position\":3,\"name\":\"Olives gazpacho\"}]},{\"@type\":\"WebSite\",\"@id\":\"https:\/\/picoytallo.com\/fr\/#website\",\"url\":\"https:\/\/picoytallo.com\/fr\/\",\"name\":\"Pico y Tallo\",\"description\":\"Productos Gourmet Online\",\"publisher\":{\"@id\":\"https:\/\/picoytallo.com\/fr\/#organization\"},\"potentialAction\":[{\"@type\":\"SearchAction\",\"target\":{\"@type\":\"EntryPoint\",\"urlTemplate\":\"https:\/\/picoytallo.com\/fr\/?s={search_term_string}\"},\"query-input\":{\"@type\":\"PropertyValueSpecification\",\"valueRequired\":true,\"valueName\":\"search_term_string\"}}],\"inLanguage\":\"fr-FR\"},{\"@type\":\"Organization\",\"@id\":\"https:\/\/picoytallo.com\/fr\/#organization\",\"name\":\"Pico y Tallo\",\"url\":\"https:\/\/picoytallo.com\/fr\/\",\"logo\":{\"@type\":\"ImageObject\",\"inLanguage\":\"fr-FR\",\"@id\":\"https:\/\/picoytallo.com\/fr\/#\/schema\/logo\/image\/\",\"url\":\"https:\/\/picoytallo.com\/wp-content\/uploads\/2022\/03\/cropped-Productos-gourmet-picotallo.webp\",\"contentUrl\":\"https:\/\/picoytallo.com\/wp-content\/uploads\/2022\/03\/cropped-Productos-gourmet-picotallo.webp\",\"width\":1194,\"height\":314,\"caption\":\"Pico y Tallo\"},\"image\":{\"@id\":\"https:\/\/picoytallo.com\/fr\/#\/schema\/logo\/image\/\"}}]}<\/script>\n<!-- \/ Yoast SEO plugin. -->","yoast_head_json":{"title":"Olivas Gazpachas - Acheter des olives gourmet - Pico y Tallo","description":"Acheter des olives Gazpacha \u00e0 Pico y Tallo. Les meilleures olives gastronomiques du monde. Produits \u00e9cologiques et biologiques.","robots":{"index":"index","follow":"follow","max-snippet":"max-snippet:-1","max-image-preview":"max-image-preview:large","max-video-preview":"max-video-preview:-1"},"canonical":"https:\/\/picoytallo.com\/fr\/producto\/olives-gazpacho\/","og_locale":"fr_FR","og_type":"article","og_title":"Olivas Gazpachas - Acheter des olives gourmet - Pico y Tallo","og_description":"Acheter des olives Gazpacha \u00e0 Pico y Tallo. Les meilleures olives gastronomiques du monde. Produits \u00e9cologiques et biologiques.","og_url":"https:\/\/picoytallo.com\/fr\/producto\/olives-gazpacho\/","og_site_name":"Pico y Tallo","article_modified_time":"2025-11-14T09:41:56+00:00","og_image":[{"width":323,"height":430,"url":"https:\/\/picoytallo.com\/wp-content\/uploads\/2022\/03\/olivas-gazpachas.webp","type":"image\/webp"}],"twitter_card":"summary_large_image","schema":{"@context":"https:\/\/schema.org","@graph":[{"@type":"WebPage","@id":"https:\/\/picoytallo.com\/fr\/producto\/olives-gazpacho\/","url":"https:\/\/picoytallo.com\/fr\/producto\/olives-gazpacho\/","name":"Olivas Gazpachas - Acheter des olives gourmet - Pico y Tallo","isPartOf":{"@id":"https:\/\/picoytallo.com\/fr\/#website"},"primaryImageOfPage":{"@id":"https:\/\/picoytallo.com\/fr\/producto\/olives-gazpacho\/#primaryimage"},"image":{"@id":"https:\/\/picoytallo.com\/fr\/producto\/olives-gazpacho\/#primaryimage"},"thumbnailUrl":"https:\/\/picoytallo.com\/wp-content\/uploads\/2022\/03\/olivas-gazpachas.webp","datePublished":"2022-03-21T15:45:25+00:00","dateModified":"2025-11-14T09:41:56+00:00","description":"Acheter des olives Gazpacha \u00e0 Pico y Tallo. Les meilleures olives gastronomiques du monde. Produits \u00e9cologiques et biologiques.","breadcrumb":{"@id":"https:\/\/picoytallo.com\/fr\/producto\/olives-gazpacho\/#breadcrumb"},"inLanguage":"fr-FR","potentialAction":[{"@type":"ReadAction","target":["https:\/\/picoytallo.com\/fr\/producto\/olives-gazpacho\/"]}]},{"@type":"ImageObject","inLanguage":"fr-FR","@id":"https:\/\/picoytallo.com\/fr\/producto\/olives-gazpacho\/#primaryimage","url":"https:\/\/picoytallo.com\/wp-content\/uploads\/2022\/03\/olivas-gazpachas.webp","contentUrl":"https:\/\/picoytallo.com\/wp-content\/uploads\/2022\/03\/olivas-gazpachas.webp","width":323,"height":430,"caption":"Olives gazpacho gourmet"},{"@type":"BreadcrumbList","@id":"https:\/\/picoytallo.com\/fr\/producto\/olives-gazpacho\/#breadcrumb","itemListElement":[{"@type":"ListItem","position":1,"name":"Portada","item":"https:\/\/picoytallo.com\/fr\/"},{"@type":"ListItem","position":2,"name":"Boutique","item":"https:\/\/picoytallo.com\/fr\/boutique\/"},{"@type":"ListItem","position":3,"name":"Olives gazpacho"}]},{"@type":"WebSite","@id":"https:\/\/picoytallo.com\/fr\/#website","url":"https:\/\/picoytallo.com\/fr\/","name":"Pico y Tallo","description":"Productos Gourmet Online","publisher":{"@id":"https:\/\/picoytallo.com\/fr\/#organization"},"potentialAction":[{"@type":"SearchAction","target":{"@type":"EntryPoint","urlTemplate":"https:\/\/picoytallo.com\/fr\/?s={search_term_string}"},"query-input":{"@type":"PropertyValueSpecification","valueRequired":true,"valueName":"search_term_string"}}],"inLanguage":"fr-FR"},{"@type":"Organization","@id":"https:\/\/picoytallo.com\/fr\/#organization","name":"Pico y Tallo","url":"https:\/\/picoytallo.com\/fr\/","logo":{"@type":"ImageObject","inLanguage":"fr-FR","@id":"https:\/\/picoytallo.com\/fr\/#\/schema\/logo\/image\/","url":"https:\/\/picoytallo.com\/wp-content\/uploads\/2022\/03\/cropped-Productos-gourmet-picotallo.webp","contentUrl":"https:\/\/picoytallo.com\/wp-content\/uploads\/2022\/03\/cropped-Productos-gourmet-picotallo.webp","width":1194,"height":314,"caption":"Pico y Tallo"},"image":{"@id":"https:\/\/picoytallo.com\/fr\/#\/schema\/logo\/image\/"}}]}},"_links":{"self":[{"href":"https:\/\/picoytallo.com\/fr\/wp-json\/wp\/v2\/product\/3490","targetHints":{"allow":["GET"]}}],"collection":[{"href":"https:\/\/picoytallo.com\/fr\/wp-json\/wp\/v2\/product"}],"about":[{"href":"https:\/\/picoytallo.com\/fr\/wp-json\/wp\/v2\/types\/product"}],"replies":[{"embeddable":true,"href":"https:\/\/picoytallo.com\/fr\/wp-json\/wp\/v2\/comments?post=3490"}],"wp:featuredmedia":[{"embeddable":true,"href":"https:\/\/picoytallo.com\/fr\/wp-json\/wp\/v2\/media\/2593"}],"wp:attachment":[{"href":"https:\/\/picoytallo.com\/fr\/wp-json\/wp\/v2\/media?parent=3490"}],"wp:term":[{"taxonomy":"product_brand","embeddable":true,"href":"https:\/\/picoytallo.com\/fr\/wp-json\/wp\/v2\/product_brand?post=3490"},{"taxonomy":"product_cat","embeddable":true,"href":"https:\/\/picoytallo.com\/fr\/wp-json\/wp\/v2\/product_cat?post=3490"},{"taxonomy":"product_tag","embeddable":true,"href":"https:\/\/picoytallo.com\/fr\/wp-json\/wp\/v2\/product_tag?post=3490"}],"curies":[{"name":"wp","href":"https:\/\/api.w.org\/{rel}","templated":true}]}}