{"id":3494,"date":"2022-03-22T00:10:52","date_gmt":"2022-03-21T22:10:52","guid":{"rendered":"https:\/\/picoytallo.com\/producto\/amandes-marcona-frites\/"},"modified":"2024-11-10T05:33:00","modified_gmt":"2024-11-10T03:33:00","slug":"amandes-marcona-frites","status":"publish","type":"product","link":"https:\/\/picoytallo.com\/fr\/producto\/amandes-marcona-frites\/","title":{"rendered":"Amandes marcona frites"},"content":{"rendered":"<h2>Amandes Marcona<\/h2>\n<p>Fruit de l&rsquo;amandier, de la famille des rosac\u00e9es, ovo\u00efde, vert et velout\u00e9 au toucher. Il est tendre, d&rsquo;aspect laiteux et de saveur d\u00e9licate.<\/p>\n<p>La marcona est sans aucun doute la reine des amandes, r\u00e9put\u00e9e pour sa saveur d\u00e9licate. C&rsquo;est l&rsquo;amande parfaite pour les produits de qualit\u00e9 sup\u00e9rieure et exquise comme en-cas lorsqu&rsquo;elle est frite dans de l&rsquo;huile d&rsquo;olive avec une pointe de sel.<\/p>\n","protected":false},"excerpt":{"rendered":"<p>Amandes marcona frites avec une pointe de sel.<\/p>\n","protected":false},"featured_media":4425,"comment_status":"open","ping_status":"closed","template":"","meta":[],"product_brand":[],"product_cat":[359],"product_tag":[362,360,361],"class_list":{"0":"post-3494","1":"product","2":"type-product","3":"status-publish","4":"has-post-thumbnail","6":"product_cat-produits-gastronomiques","7":"product_tag-amandes-frites","8":"product_tag-amandes-gourmandes","9":"product_tag-amandes-marcona","11":"first","12":"instock","13":"shipping-taxable","14":"purchasable","15":"product-type-simple"},"yoast_head":"<!-- This site is optimized with the Yoast SEO plugin v26.9 - https:\/\/yoast.com\/product\/yoast-seo-wordpress\/ -->\n<title>Amandes Marcona frites - Acheter des amandes Gourmet en ligne<\/title>\n<meta name=\"description\" content=\"Acheter des amandes Marcona frites en Pico y Tallo. Amandes gourmandes du terroir. Produits \u00e9cologiques et biologiques en ligne.\" \/>\n<meta name=\"robots\" content=\"index, follow, max-snippet:-1, max-image-preview:large, max-video-preview:-1\" \/>\n<link rel=\"canonical\" href=\"https:\/\/picoytallo.com\/fr\/producto\/amandes-marcona-frites\/\" \/>\n<meta property=\"og:locale\" content=\"fr_FR\" \/>\n<meta property=\"og:type\" content=\"article\" \/>\n<meta property=\"og:title\" content=\"Amandes Marcona frites - Acheter des amandes Gourmet en ligne\" \/>\n<meta property=\"og:description\" content=\"Acheter des amandes Marcona frites en Pico y Tallo. Amandes gourmandes du terroir. Produits \u00e9cologiques et biologiques en ligne.\" \/>\n<meta property=\"og:url\" content=\"https:\/\/picoytallo.com\/fr\/producto\/amandes-marcona-frites\/\" \/>\n<meta property=\"og:site_name\" content=\"Pico y Tallo\" \/>\n<meta property=\"article:modified_time\" content=\"2024-11-10T03:33:00+00:00\" \/>\n<meta property=\"og:image\" content=\"https:\/\/picoytallo.com\/wp-content\/uploads\/2022\/03\/Almendra-marcona.webp\" \/>\n\t<meta property=\"og:image:width\" content=\"1100\" \/>\n\t<meta property=\"og:image:height\" content=\"1350\" \/>\n\t<meta property=\"og:image:type\" content=\"image\/webp\" \/>\n<meta name=\"twitter:card\" content=\"summary_large_image\" \/>\n<script type=\"application\/ld+json\" class=\"yoast-schema-graph\">{\"@context\":\"https:\/\/schema.org\",\"@graph\":[{\"@type\":\"WebPage\",\"@id\":\"https:\/\/picoytallo.com\/fr\/producto\/amandes-marcona-frites\/\",\"url\":\"https:\/\/picoytallo.com\/fr\/producto\/amandes-marcona-frites\/\",\"name\":\"Amandes Marcona frites - Acheter des amandes Gourmet en ligne\",\"isPartOf\":{\"@id\":\"https:\/\/picoytallo.com\/fr\/#website\"},\"primaryImageOfPage\":{\"@id\":\"https:\/\/picoytallo.com\/fr\/producto\/amandes-marcona-frites\/#primaryimage\"},\"image\":{\"@id\":\"https:\/\/picoytallo.com\/fr\/producto\/amandes-marcona-frites\/#primaryimage\"},\"thumbnailUrl\":\"https:\/\/picoytallo.com\/wp-content\/uploads\/2022\/03\/Almendra-marcona-frita-con-sal.webp\",\"datePublished\":\"2022-03-21T22:10:52+00:00\",\"dateModified\":\"2024-11-10T03:33:00+00:00\",\"description\":\"Acheter des amandes Marcona frites en Pico y Tallo. Amandes gourmandes du terroir. Produits \u00e9cologiques et biologiques en ligne.\",\"breadcrumb\":{\"@id\":\"https:\/\/picoytallo.com\/fr\/producto\/amandes-marcona-frites\/#breadcrumb\"},\"inLanguage\":\"fr-FR\",\"potentialAction\":[{\"@type\":\"ReadAction\",\"target\":[\"https:\/\/picoytallo.com\/fr\/producto\/amandes-marcona-frites\/\"]}]},{\"@type\":\"ImageObject\",\"inLanguage\":\"fr-FR\",\"@id\":\"https:\/\/picoytallo.com\/fr\/producto\/amandes-marcona-frites\/#primaryimage\",\"url\":\"https:\/\/picoytallo.com\/wp-content\/uploads\/2022\/03\/Almendra-marcona-frita-con-sal.webp\",\"contentUrl\":\"https:\/\/picoytallo.com\/wp-content\/uploads\/2022\/03\/Almendra-marcona-frita-con-sal.webp\",\"width\":1200,\"height\":1200,\"caption\":\"Comprar almendra marcona frita\"},{\"@type\":\"BreadcrumbList\",\"@id\":\"https:\/\/picoytallo.com\/fr\/producto\/amandes-marcona-frites\/#breadcrumb\",\"itemListElement\":[{\"@type\":\"ListItem\",\"position\":1,\"name\":\"Portada\",\"item\":\"https:\/\/picoytallo.com\/fr\/\"},{\"@type\":\"ListItem\",\"position\":2,\"name\":\"Boutique\",\"item\":\"https:\/\/picoytallo.com\/fr\/boutique\/\"},{\"@type\":\"ListItem\",\"position\":3,\"name\":\"Amandes marcona frites\"}]},{\"@type\":\"WebSite\",\"@id\":\"https:\/\/picoytallo.com\/fr\/#website\",\"url\":\"https:\/\/picoytallo.com\/fr\/\",\"name\":\"Pico y Tallo\",\"description\":\"Productos Gourmet Online\",\"publisher\":{\"@id\":\"https:\/\/picoytallo.com\/fr\/#organization\"},\"potentialAction\":[{\"@type\":\"SearchAction\",\"target\":{\"@type\":\"EntryPoint\",\"urlTemplate\":\"https:\/\/picoytallo.com\/fr\/?s={search_term_string}\"},\"query-input\":{\"@type\":\"PropertyValueSpecification\",\"valueRequired\":true,\"valueName\":\"search_term_string\"}}],\"inLanguage\":\"fr-FR\"},{\"@type\":\"Organization\",\"@id\":\"https:\/\/picoytallo.com\/fr\/#organization\",\"name\":\"Pico y Tallo\",\"url\":\"https:\/\/picoytallo.com\/fr\/\",\"logo\":{\"@type\":\"ImageObject\",\"inLanguage\":\"fr-FR\",\"@id\":\"https:\/\/picoytallo.com\/fr\/#\/schema\/logo\/image\/\",\"url\":\"https:\/\/picoytallo.com\/wp-content\/uploads\/2022\/03\/cropped-Productos-gourmet-picotallo.webp\",\"contentUrl\":\"https:\/\/picoytallo.com\/wp-content\/uploads\/2022\/03\/cropped-Productos-gourmet-picotallo.webp\",\"width\":1194,\"height\":314,\"caption\":\"Pico y Tallo\"},\"image\":{\"@id\":\"https:\/\/picoytallo.com\/fr\/#\/schema\/logo\/image\/\"}}]}<\/script>\n<!-- \/ Yoast SEO plugin. -->","yoast_head_json":{"title":"Amandes Marcona frites - Acheter des amandes Gourmet en ligne","description":"Acheter des amandes Marcona frites en Pico y Tallo. Amandes gourmandes du terroir. Produits \u00e9cologiques et biologiques en ligne.","robots":{"index":"index","follow":"follow","max-snippet":"max-snippet:-1","max-image-preview":"max-image-preview:large","max-video-preview":"max-video-preview:-1"},"canonical":"https:\/\/picoytallo.com\/fr\/producto\/amandes-marcona-frites\/","og_locale":"fr_FR","og_type":"article","og_title":"Amandes Marcona frites - Acheter des amandes Gourmet en ligne","og_description":"Acheter des amandes Marcona frites en Pico y Tallo. Amandes gourmandes du terroir. Produits \u00e9cologiques et biologiques en ligne.","og_url":"https:\/\/picoytallo.com\/fr\/producto\/amandes-marcona-frites\/","og_site_name":"Pico y Tallo","article_modified_time":"2024-11-10T03:33:00+00:00","og_image":[{"width":1100,"height":1350,"url":"https:\/\/picoytallo.com\/wp-content\/uploads\/2022\/03\/Almendra-marcona.webp","type":"image\/webp"}],"twitter_card":"summary_large_image","schema":{"@context":"https:\/\/schema.org","@graph":[{"@type":"WebPage","@id":"https:\/\/picoytallo.com\/fr\/producto\/amandes-marcona-frites\/","url":"https:\/\/picoytallo.com\/fr\/producto\/amandes-marcona-frites\/","name":"Amandes Marcona frites - Acheter des amandes Gourmet en ligne","isPartOf":{"@id":"https:\/\/picoytallo.com\/fr\/#website"},"primaryImageOfPage":{"@id":"https:\/\/picoytallo.com\/fr\/producto\/amandes-marcona-frites\/#primaryimage"},"image":{"@id":"https:\/\/picoytallo.com\/fr\/producto\/amandes-marcona-frites\/#primaryimage"},"thumbnailUrl":"https:\/\/picoytallo.com\/wp-content\/uploads\/2022\/03\/Almendra-marcona-frita-con-sal.webp","datePublished":"2022-03-21T22:10:52+00:00","dateModified":"2024-11-10T03:33:00+00:00","description":"Acheter des amandes Marcona frites en Pico y Tallo. Amandes gourmandes du terroir. Produits \u00e9cologiques et biologiques en ligne.","breadcrumb":{"@id":"https:\/\/picoytallo.com\/fr\/producto\/amandes-marcona-frites\/#breadcrumb"},"inLanguage":"fr-FR","potentialAction":[{"@type":"ReadAction","target":["https:\/\/picoytallo.com\/fr\/producto\/amandes-marcona-frites\/"]}]},{"@type":"ImageObject","inLanguage":"fr-FR","@id":"https:\/\/picoytallo.com\/fr\/producto\/amandes-marcona-frites\/#primaryimage","url":"https:\/\/picoytallo.com\/wp-content\/uploads\/2022\/03\/Almendra-marcona-frita-con-sal.webp","contentUrl":"https:\/\/picoytallo.com\/wp-content\/uploads\/2022\/03\/Almendra-marcona-frita-con-sal.webp","width":1200,"height":1200,"caption":"Comprar almendra marcona frita"},{"@type":"BreadcrumbList","@id":"https:\/\/picoytallo.com\/fr\/producto\/amandes-marcona-frites\/#breadcrumb","itemListElement":[{"@type":"ListItem","position":1,"name":"Portada","item":"https:\/\/picoytallo.com\/fr\/"},{"@type":"ListItem","position":2,"name":"Boutique","item":"https:\/\/picoytallo.com\/fr\/boutique\/"},{"@type":"ListItem","position":3,"name":"Amandes marcona frites"}]},{"@type":"WebSite","@id":"https:\/\/picoytallo.com\/fr\/#website","url":"https:\/\/picoytallo.com\/fr\/","name":"Pico y Tallo","description":"Productos Gourmet Online","publisher":{"@id":"https:\/\/picoytallo.com\/fr\/#organization"},"potentialAction":[{"@type":"SearchAction","target":{"@type":"EntryPoint","urlTemplate":"https:\/\/picoytallo.com\/fr\/?s={search_term_string}"},"query-input":{"@type":"PropertyValueSpecification","valueRequired":true,"valueName":"search_term_string"}}],"inLanguage":"fr-FR"},{"@type":"Organization","@id":"https:\/\/picoytallo.com\/fr\/#organization","name":"Pico y Tallo","url":"https:\/\/picoytallo.com\/fr\/","logo":{"@type":"ImageObject","inLanguage":"fr-FR","@id":"https:\/\/picoytallo.com\/fr\/#\/schema\/logo\/image\/","url":"https:\/\/picoytallo.com\/wp-content\/uploads\/2022\/03\/cropped-Productos-gourmet-picotallo.webp","contentUrl":"https:\/\/picoytallo.com\/wp-content\/uploads\/2022\/03\/cropped-Productos-gourmet-picotallo.webp","width":1194,"height":314,"caption":"Pico y Tallo"},"image":{"@id":"https:\/\/picoytallo.com\/fr\/#\/schema\/logo\/image\/"}}]}},"_links":{"self":[{"href":"https:\/\/picoytallo.com\/fr\/wp-json\/wp\/v2\/product\/3494","targetHints":{"allow":["GET"]}}],"collection":[{"href":"https:\/\/picoytallo.com\/fr\/wp-json\/wp\/v2\/product"}],"about":[{"href":"https:\/\/picoytallo.com\/fr\/wp-json\/wp\/v2\/types\/product"}],"replies":[{"embeddable":true,"href":"https:\/\/picoytallo.com\/fr\/wp-json\/wp\/v2\/comments?post=3494"}],"wp:featuredmedia":[{"embeddable":true,"href":"https:\/\/picoytallo.com\/fr\/wp-json\/wp\/v2\/media\/4425"}],"wp:attachment":[{"href":"https:\/\/picoytallo.com\/fr\/wp-json\/wp\/v2\/media?parent=3494"}],"wp:term":[{"taxonomy":"product_brand","embeddable":true,"href":"https:\/\/picoytallo.com\/fr\/wp-json\/wp\/v2\/product_brand?post=3494"},{"taxonomy":"product_cat","embeddable":true,"href":"https:\/\/picoytallo.com\/fr\/wp-json\/wp\/v2\/product_cat?post=3494"},{"taxonomy":"product_tag","embeddable":true,"href":"https:\/\/picoytallo.com\/fr\/wp-json\/wp\/v2\/product_tag?post=3494"}],"curies":[{"name":"wp","href":"https:\/\/api.w.org\/{rel}","templated":true}]}}