{"id":3513,"date":"2022-03-23T17:27:22","date_gmt":"2022-03-23T15:27:22","guid":{"rendered":"https:\/\/picoytallo.com\/producto\/pack-de-degustation-dhuiles-artisanales\/"},"modified":"2023-03-15T10:05:33","modified_gmt":"2023-03-15T08:05:33","slug":"pack-de-degustation-dhuiles-artisanales","status":"publish","type":"product","link":"https:\/\/picoytallo.com\/fr\/producto\/pack-de-degustation-dhuiles-artisanales\/","title":{"rendered":"Pack de d\u00e9gustation d&rsquo;huiles artisanales"},"content":{"rendered":"<h2>Huile d&rsquo;olive artisanale<\/h2>\n<p>Coffret de 5 huiles d&rsquo;olive vierge extra OCTOBRIS en format 100 ml. Cette mallette contient toutes les huiles qu&rsquo;un bon amateur de cuisine doit avoir pour se faire plaisir. Notre EVOO biologique en vert et m\u00fbr ainsi que les assaisonnements de l&rsquo;EVOO biologique \u00e0 l&rsquo;orange biologique, au citron biologique et au romarin biologique sont id\u00e9aux pour assaisonner chaque plat de mani\u00e8re personnelle et cr\u00e9ative.<\/p>\n","protected":false},"excerpt":{"rendered":"<p>Pack de d\u00e9gustation d&rsquo;huile d&rsquo;olive biologique de Valence.<\/p>\n","protected":false},"featured_media":2617,"comment_status":"open","ping_status":"closed","template":"","meta":[],"product_brand":[],"product_cat":[394],"product_tag":[403,396,397,402,400,395,404],"class_list":{"0":"post-3513","1":"product","2":"type-product","3":"status-publish","4":"has-post-thumbnail","6":"product_cat-huile-gourmet","7":"product_tag-evoo-fr","8":"product_tag-huile-biologique","9":"product_tag-huile-biologique-fr","10":"product_tag-huile-dolive","11":"product_tag-huile-de-valence","12":"product_tag-huile-gourmande","13":"product_tag-pack-de-degustation","15":"first","16":"outofstock","17":"shipping-taxable","18":"purchasable","19":"product-type-simple"},"yoast_head":"<!-- This site is optimized with the Yoast SEO plugin v27.4 - https:\/\/yoast.com\/product\/yoast-seo-wordpress\/ -->\n<title>D\u00e9gustation d&#039;huile d&#039;olive artisanale infus\u00e9e - AOVE Bio<\/title>\n<meta name=\"description\" content=\"D\u00e9couvrez le pack de d\u00e9gustation d&#039;huile d&#039;olive artisanale. Huile verte gourmande. EVOO \u00e9cologique et biologique de Valence.\" \/>\n<meta name=\"robots\" content=\"index, follow, max-snippet:-1, max-image-preview:large, max-video-preview:-1\" \/>\n<link rel=\"canonical\" href=\"https:\/\/picoytallo.com\/fr\/producto\/pack-de-degustation-dhuiles-artisanales\/\" \/>\n<meta property=\"og:locale\" content=\"fr_FR\" \/>\n<meta property=\"og:type\" content=\"article\" \/>\n<meta property=\"og:title\" content=\"D\u00e9gustation d&#039;huile d&#039;olive artisanale infus\u00e9e - AOVE Bio\" \/>\n<meta property=\"og:description\" content=\"D\u00e9couvrez le pack de d\u00e9gustation d&#039;huile d&#039;olive artisanale. Huile verte gourmande. EVOO \u00e9cologique et biologique de Valence.\" \/>\n<meta property=\"og:url\" content=\"https:\/\/picoytallo.com\/fr\/producto\/pack-de-degustation-dhuiles-artisanales\/\" \/>\n<meta property=\"og:site_name\" content=\"Pico y Tallo\" \/>\n<meta property=\"article:modified_time\" content=\"2023-03-15T08:05:33+00:00\" \/>\n<meta property=\"og:image\" content=\"https:\/\/picoytallo.com\/wp-content\/uploads\/2022\/03\/Degustacion-aceite-oliva-artesanal.webp\" \/>\n\t<meta property=\"og:image:width\" content=\"300\" \/>\n\t<meta property=\"og:image:height\" content=\"300\" \/>\n\t<meta property=\"og:image:type\" content=\"image\/webp\" \/>\n<meta name=\"twitter:card\" content=\"summary_large_image\" \/>\n<meta name=\"twitter:label1\" content=\"Prix\" \/>\n\t<meta name=\"twitter:data1\" content=\"39,90&euro;\" \/>\n\t<meta name=\"twitter:label2\" content=\"Disponibilit\u00e9\" \/>\n\t<meta name=\"twitter:data2\" content=\"Rupture de stock\" \/>\n<script type=\"application\/ld+json\" class=\"yoast-schema-graph\">{\"@context\":\"https:\\\/\\\/schema.org\",\"@graph\":[{\"@type\":\"WebPage\",\"@id\":\"https:\\\/\\\/picoytallo.com\\\/fr\\\/producto\\\/pack-de-degustation-dhuiles-artisanales\\\/\",\"url\":\"https:\\\/\\\/picoytallo.com\\\/fr\\\/producto\\\/pack-de-degustation-dhuiles-artisanales\\\/\",\"name\":\"D\u00e9gustation d'huile d'olive artisanale infus\u00e9e - AOVE Bio\",\"isPartOf\":{\"@id\":\"https:\\\/\\\/picoytallo.com\\\/fr\\\/#website\"},\"primaryImageOfPage\":{\"@id\":\"https:\\\/\\\/picoytallo.com\\\/fr\\\/producto\\\/pack-de-degustation-dhuiles-artisanales\\\/#primaryimage\"},\"image\":{\"@id\":\"https:\\\/\\\/picoytallo.com\\\/fr\\\/producto\\\/pack-de-degustation-dhuiles-artisanales\\\/#primaryimage\"},\"thumbnailUrl\":\"https:\\\/\\\/picoytallo.com\\\/wp-content\\\/uploads\\\/2022\\\/03\\\/Degustacion-aceite-oliva-artesanal.webp\",\"datePublished\":\"2022-03-23T15:27:22+00:00\",\"dateModified\":\"2023-03-15T08:05:33+00:00\",\"description\":\"D\u00e9couvrez le pack de d\u00e9gustation d'huile d'olive artisanale. Huile verte gourmande. EVOO \u00e9cologique et biologique de Valence.\",\"breadcrumb\":{\"@id\":\"https:\\\/\\\/picoytallo.com\\\/fr\\\/producto\\\/pack-de-degustation-dhuiles-artisanales\\\/#breadcrumb\"},\"inLanguage\":\"fr-FR\",\"potentialAction\":[{\"@type\":\"ReadAction\",\"target\":[\"https:\\\/\\\/picoytallo.com\\\/fr\\\/producto\\\/pack-de-degustation-dhuiles-artisanales\\\/\"]}]},{\"@type\":\"ImageObject\",\"inLanguage\":\"fr-FR\",\"@id\":\"https:\\\/\\\/picoytallo.com\\\/fr\\\/producto\\\/pack-de-degustation-dhuiles-artisanales\\\/#primaryimage\",\"url\":\"https:\\\/\\\/picoytallo.com\\\/wp-content\\\/uploads\\\/2022\\\/03\\\/Degustacion-aceite-oliva-artesanal.webp\",\"contentUrl\":\"https:\\\/\\\/picoytallo.com\\\/wp-content\\\/uploads\\\/2022\\\/03\\\/Degustacion-aceite-oliva-artesanal.webp\",\"width\":300,\"height\":300},{\"@type\":\"BreadcrumbList\",\"@id\":\"https:\\\/\\\/picoytallo.com\\\/fr\\\/producto\\\/pack-de-degustation-dhuiles-artisanales\\\/#breadcrumb\",\"itemListElement\":[{\"@type\":\"ListItem\",\"position\":1,\"name\":\"Portada\",\"item\":\"https:\\\/\\\/picoytallo.com\\\/fr\\\/\"},{\"@type\":\"ListItem\",\"position\":2,\"name\":\"Boutique\",\"item\":\"https:\\\/\\\/picoytallo.com\\\/fr\\\/boutique\\\/\"},{\"@type\":\"ListItem\",\"position\":3,\"name\":\"Pack de d\u00e9gustation d&#8217;huiles artisanales\"}]},{\"@type\":\"WebSite\",\"@id\":\"https:\\\/\\\/picoytallo.com\\\/fr\\\/#website\",\"url\":\"https:\\\/\\\/picoytallo.com\\\/fr\\\/\",\"name\":\"Pico y Tallo\",\"description\":\"Productos Gourmet Online\",\"publisher\":{\"@id\":\"https:\\\/\\\/picoytallo.com\\\/fr\\\/#organization\"},\"potentialAction\":[{\"@type\":\"SearchAction\",\"target\":{\"@type\":\"EntryPoint\",\"urlTemplate\":\"https:\\\/\\\/picoytallo.com\\\/fr\\\/?s={search_term_string}\"},\"query-input\":{\"@type\":\"PropertyValueSpecification\",\"valueRequired\":true,\"valueName\":\"search_term_string\"}}],\"inLanguage\":\"fr-FR\"},{\"@type\":\"Organization\",\"@id\":\"https:\\\/\\\/picoytallo.com\\\/fr\\\/#organization\",\"name\":\"Pico y Tallo\",\"url\":\"https:\\\/\\\/picoytallo.com\\\/fr\\\/\",\"logo\":{\"@type\":\"ImageObject\",\"inLanguage\":\"fr-FR\",\"@id\":\"https:\\\/\\\/picoytallo.com\\\/fr\\\/#\\\/schema\\\/logo\\\/image\\\/\",\"url\":\"https:\\\/\\\/picoytallo.com\\\/wp-content\\\/uploads\\\/2022\\\/03\\\/cropped-Productos-gourmet-picotallo.webp\",\"contentUrl\":\"https:\\\/\\\/picoytallo.com\\\/wp-content\\\/uploads\\\/2022\\\/03\\\/cropped-Productos-gourmet-picotallo.webp\",\"width\":1194,\"height\":314,\"caption\":\"Pico y Tallo\"},\"image\":{\"@id\":\"https:\\\/\\\/picoytallo.com\\\/fr\\\/#\\\/schema\\\/logo\\\/image\\\/\"}}]}<\/script>\n<meta property=\"product:price:amount\" content=\"39.90\" \/>\n<meta property=\"product:price:currency\" content=\"EUR\" \/>\n<meta property=\"og:availability\" content=\"out of stock\" \/>\n<meta property=\"product:availability\" content=\"out of stock\" \/>\n<meta property=\"product:condition\" content=\"new\" \/>\n<!-- \/ Yoast SEO plugin. -->","yoast_head_json":{"title":"D\u00e9gustation d'huile d'olive artisanale infus\u00e9e - AOVE Bio","description":"D\u00e9couvrez le pack de d\u00e9gustation d'huile d'olive artisanale. Huile verte gourmande. EVOO \u00e9cologique et biologique de Valence.","robots":{"index":"index","follow":"follow","max-snippet":"max-snippet:-1","max-image-preview":"max-image-preview:large","max-video-preview":"max-video-preview:-1"},"canonical":"https:\/\/picoytallo.com\/fr\/producto\/pack-de-degustation-dhuiles-artisanales\/","og_locale":"fr_FR","og_type":"article","og_title":"D\u00e9gustation d'huile d'olive artisanale infus\u00e9e - AOVE Bio","og_description":"D\u00e9couvrez le pack de d\u00e9gustation d'huile d'olive artisanale. Huile verte gourmande. EVOO \u00e9cologique et biologique de Valence.","og_url":"https:\/\/picoytallo.com\/fr\/producto\/pack-de-degustation-dhuiles-artisanales\/","og_site_name":"Pico y Tallo","article_modified_time":"2023-03-15T08:05:33+00:00","og_image":[{"width":300,"height":300,"url":"https:\/\/picoytallo.com\/wp-content\/uploads\/2022\/03\/Degustacion-aceite-oliva-artesanal.webp","type":"image\/webp"}],"twitter_card":"summary_large_image","twitter_misc":{"Prix":"39,90&euro;","Disponibilit\u00e9":"Rupture de stock"},"schema":{"@context":"https:\/\/schema.org","@graph":[{"@type":"WebPage","@id":"https:\/\/picoytallo.com\/fr\/producto\/pack-de-degustation-dhuiles-artisanales\/","url":"https:\/\/picoytallo.com\/fr\/producto\/pack-de-degustation-dhuiles-artisanales\/","name":"D\u00e9gustation d'huile d'olive artisanale infus\u00e9e - AOVE Bio","isPartOf":{"@id":"https:\/\/picoytallo.com\/fr\/#website"},"primaryImageOfPage":{"@id":"https:\/\/picoytallo.com\/fr\/producto\/pack-de-degustation-dhuiles-artisanales\/#primaryimage"},"image":{"@id":"https:\/\/picoytallo.com\/fr\/producto\/pack-de-degustation-dhuiles-artisanales\/#primaryimage"},"thumbnailUrl":"https:\/\/picoytallo.com\/wp-content\/uploads\/2022\/03\/Degustacion-aceite-oliva-artesanal.webp","datePublished":"2022-03-23T15:27:22+00:00","dateModified":"2023-03-15T08:05:33+00:00","description":"D\u00e9couvrez le pack de d\u00e9gustation d'huile d'olive artisanale. Huile verte gourmande. EVOO \u00e9cologique et biologique de Valence.","breadcrumb":{"@id":"https:\/\/picoytallo.com\/fr\/producto\/pack-de-degustation-dhuiles-artisanales\/#breadcrumb"},"inLanguage":"fr-FR","potentialAction":[{"@type":"ReadAction","target":["https:\/\/picoytallo.com\/fr\/producto\/pack-de-degustation-dhuiles-artisanales\/"]}]},{"@type":"ImageObject","inLanguage":"fr-FR","@id":"https:\/\/picoytallo.com\/fr\/producto\/pack-de-degustation-dhuiles-artisanales\/#primaryimage","url":"https:\/\/picoytallo.com\/wp-content\/uploads\/2022\/03\/Degustacion-aceite-oliva-artesanal.webp","contentUrl":"https:\/\/picoytallo.com\/wp-content\/uploads\/2022\/03\/Degustacion-aceite-oliva-artesanal.webp","width":300,"height":300},{"@type":"BreadcrumbList","@id":"https:\/\/picoytallo.com\/fr\/producto\/pack-de-degustation-dhuiles-artisanales\/#breadcrumb","itemListElement":[{"@type":"ListItem","position":1,"name":"Portada","item":"https:\/\/picoytallo.com\/fr\/"},{"@type":"ListItem","position":2,"name":"Boutique","item":"https:\/\/picoytallo.com\/fr\/boutique\/"},{"@type":"ListItem","position":3,"name":"Pack de d\u00e9gustation d&#8217;huiles artisanales"}]},{"@type":"WebSite","@id":"https:\/\/picoytallo.com\/fr\/#website","url":"https:\/\/picoytallo.com\/fr\/","name":"Pico y Tallo","description":"Productos Gourmet Online","publisher":{"@id":"https:\/\/picoytallo.com\/fr\/#organization"},"potentialAction":[{"@type":"SearchAction","target":{"@type":"EntryPoint","urlTemplate":"https:\/\/picoytallo.com\/fr\/?s={search_term_string}"},"query-input":{"@type":"PropertyValueSpecification","valueRequired":true,"valueName":"search_term_string"}}],"inLanguage":"fr-FR"},{"@type":"Organization","@id":"https:\/\/picoytallo.com\/fr\/#organization","name":"Pico y Tallo","url":"https:\/\/picoytallo.com\/fr\/","logo":{"@type":"ImageObject","inLanguage":"fr-FR","@id":"https:\/\/picoytallo.com\/fr\/#\/schema\/logo\/image\/","url":"https:\/\/picoytallo.com\/wp-content\/uploads\/2022\/03\/cropped-Productos-gourmet-picotallo.webp","contentUrl":"https:\/\/picoytallo.com\/wp-content\/uploads\/2022\/03\/cropped-Productos-gourmet-picotallo.webp","width":1194,"height":314,"caption":"Pico y Tallo"},"image":{"@id":"https:\/\/picoytallo.com\/fr\/#\/schema\/logo\/image\/"}}]},"product_price_amount":"39.90","product_price_currency":"EUR","og_availability":"out of stock","product_availability":"out of stock","product_condition":"new"},"_links":{"self":[{"href":"https:\/\/picoytallo.com\/fr\/wp-json\/wp\/v2\/product\/3513","targetHints":{"allow":["GET"]}}],"collection":[{"href":"https:\/\/picoytallo.com\/fr\/wp-json\/wp\/v2\/product"}],"about":[{"href":"https:\/\/picoytallo.com\/fr\/wp-json\/wp\/v2\/types\/product"}],"replies":[{"embeddable":true,"href":"https:\/\/picoytallo.com\/fr\/wp-json\/wp\/v2\/comments?post=3513"}],"wp:featuredmedia":[{"embeddable":true,"href":"https:\/\/picoytallo.com\/fr\/wp-json\/wp\/v2\/media\/2617"}],"wp:attachment":[{"href":"https:\/\/picoytallo.com\/fr\/wp-json\/wp\/v2\/media?parent=3513"}],"wp:term":[{"taxonomy":"product_brand","embeddable":true,"href":"https:\/\/picoytallo.com\/fr\/wp-json\/wp\/v2\/product_brand?post=3513"},{"taxonomy":"product_cat","embeddable":true,"href":"https:\/\/picoytallo.com\/fr\/wp-json\/wp\/v2\/product_cat?post=3513"},{"taxonomy":"product_tag","embeddable":true,"href":"https:\/\/picoytallo.com\/fr\/wp-json\/wp\/v2\/product_tag?post=3513"}],"curies":[{"name":"wp","href":"https:\/\/api.w.org\/{rel}","templated":true}]}}