{"id":3514,"date":"2022-03-21T18:02:48","date_gmt":"2022-03-21T16:02:48","guid":{"rendered":"https:\/\/picoytallo.com\/producto\/olivade-noire-bio-epicee\/"},"modified":"2024-11-10T03:12:59","modified_gmt":"2024-11-10T01:12:59","slug":"olivade-noire-bio-epicee","status":"publish","type":"product","link":"https:\/\/picoytallo.com\/fr\/producto\/olivade-noire-bio-epicee\/","title":{"rendered":"Olivade noire bio \u00e9pic\u00e9e"},"content":{"rendered":"<h2>Olives noires bio<\/h2>\n<p>L&rsquo;Olivada negra est un p\u00e2t\u00e9 d&rsquo;olives id\u00e9al pour agr\u00e9menter un vermouth, \u00e0 l&rsquo;ap\u00e9ritif ou pour pr\u00e9parer des canap\u00e9s exquis.<\/p>\n<p>Donnez la saveur des olives noires \u00e0 vos plats, que ce soit au petit d\u00e9jeuner, au d\u00e9jeuner, au go\u00fbter ou au d\u00eener, les olives noires biologiques apportent toujours une touche d\u00e9licieuse et, dans ce cas, \u00e9pic\u00e9e.<\/p>\n","protected":false},"excerpt":{"rendered":"<p>Olivade noire biologique avec une touche \u00e9pic\u00e9e.<\/p>\n","protected":false},"featured_media":2599,"comment_status":"open","ping_status":"closed","template":"","meta":[],"product_brand":[],"product_cat":[340],"product_tag":[343,401,344,399,398,341],"class_list":{"0":"post-3514","1":"product","2":"type-product","3":"status-publish","4":"has-post-thumbnail","6":"product_cat-olives-gourmandes","7":"product_tag-olivada-fr","8":"product_tag-olivade-noire","9":"product_tag-oliveraie-biologique","10":"product_tag-olives-epicees-fr","11":"product_tag-olives-epicees","12":"product_tag-olives-gourmandes","14":"first","15":"instock","16":"shipping-taxable","17":"purchasable","18":"product-type-simple"},"yoast_head":"<!-- This site is optimized with the Yoast SEO plugin v26.9 - https:\/\/yoast.com\/product\/yoast-seo-wordpress\/ -->\n<title>Olives noires bio - Acheter de l&#039;huile d&#039;olive \u00e9pic\u00e9e - Pico y Tallo<\/title>\n<meta name=\"description\" content=\"Achetez des olives noires biologiques avec une touche \u00e9pic\u00e9e chez Pico y Tallo. Huile d&#039;olive gourmet du terroir. Produits \u00e9cologiques et biologiques.\" \/>\n<meta name=\"robots\" content=\"index, follow, max-snippet:-1, max-image-preview:large, max-video-preview:-1\" \/>\n<link rel=\"canonical\" href=\"https:\/\/picoytallo.com\/fr\/producto\/olivade-noire-bio-epicee\/\" \/>\n<meta property=\"og:locale\" content=\"fr_FR\" \/>\n<meta property=\"og:type\" content=\"article\" \/>\n<meta property=\"og:title\" content=\"Olives noires bio - Acheter de l&#039;huile d&#039;olive \u00e9pic\u00e9e - Pico y Tallo\" \/>\n<meta property=\"og:description\" content=\"Achetez des olives noires biologiques avec une touche \u00e9pic\u00e9e chez Pico y Tallo. Huile d&#039;olive gourmet du terroir. Produits \u00e9cologiques et biologiques.\" \/>\n<meta property=\"og:url\" content=\"https:\/\/picoytallo.com\/fr\/producto\/olivade-noire-bio-epicee\/\" \/>\n<meta property=\"og:site_name\" content=\"Pico y Tallo\" \/>\n<meta property=\"article:modified_time\" content=\"2024-11-10T01:12:59+00:00\" \/>\n<meta property=\"og:image\" content=\"https:\/\/picoytallo.com\/wp-content\/uploads\/2022\/03\/olivada-negra-picante-ecologica.webp\" \/>\n\t<meta property=\"og:image:width\" content=\"323\" \/>\n\t<meta property=\"og:image:height\" content=\"430\" \/>\n\t<meta property=\"og:image:type\" content=\"image\/webp\" \/>\n<meta name=\"twitter:card\" content=\"summary_large_image\" \/>\n<script type=\"application\/ld+json\" class=\"yoast-schema-graph\">{\"@context\":\"https:\/\/schema.org\",\"@graph\":[{\"@type\":\"WebPage\",\"@id\":\"https:\/\/picoytallo.com\/fr\/producto\/olivade-noire-bio-epicee\/\",\"url\":\"https:\/\/picoytallo.com\/fr\/producto\/olivade-noire-bio-epicee\/\",\"name\":\"Olives noires bio - Acheter de l'huile d'olive \u00e9pic\u00e9e - Pico y Tallo\",\"isPartOf\":{\"@id\":\"https:\/\/picoytallo.com\/fr\/#website\"},\"primaryImageOfPage\":{\"@id\":\"https:\/\/picoytallo.com\/fr\/producto\/olivade-noire-bio-epicee\/#primaryimage\"},\"image\":{\"@id\":\"https:\/\/picoytallo.com\/fr\/producto\/olivade-noire-bio-epicee\/#primaryimage\"},\"thumbnailUrl\":\"https:\/\/picoytallo.com\/wp-content\/uploads\/2022\/03\/olivada-negra-picante-ecologica.webp\",\"datePublished\":\"2022-03-21T16:02:48+00:00\",\"dateModified\":\"2024-11-10T01:12:59+00:00\",\"description\":\"Achetez des olives noires biologiques avec une touche \u00e9pic\u00e9e chez Pico y Tallo. Huile d'olive gourmet du terroir. Produits \u00e9cologiques et biologiques.\",\"breadcrumb\":{\"@id\":\"https:\/\/picoytallo.com\/fr\/producto\/olivade-noire-bio-epicee\/#breadcrumb\"},\"inLanguage\":\"fr-FR\",\"potentialAction\":[{\"@type\":\"ReadAction\",\"target\":[\"https:\/\/picoytallo.com\/fr\/producto\/olivade-noire-bio-epicee\/\"]}]},{\"@type\":\"ImageObject\",\"inLanguage\":\"fr-FR\",\"@id\":\"https:\/\/picoytallo.com\/fr\/producto\/olivade-noire-bio-epicee\/#primaryimage\",\"url\":\"https:\/\/picoytallo.com\/wp-content\/uploads\/2022\/03\/olivada-negra-picante-ecologica.webp\",\"contentUrl\":\"https:\/\/picoytallo.com\/wp-content\/uploads\/2022\/03\/olivada-negra-picante-ecologica.webp\",\"width\":323,\"height\":430,\"caption\":\"Olives noires bio\"},{\"@type\":\"BreadcrumbList\",\"@id\":\"https:\/\/picoytallo.com\/fr\/producto\/olivade-noire-bio-epicee\/#breadcrumb\",\"itemListElement\":[{\"@type\":\"ListItem\",\"position\":1,\"name\":\"Portada\",\"item\":\"https:\/\/picoytallo.com\/fr\/\"},{\"@type\":\"ListItem\",\"position\":2,\"name\":\"Boutique\",\"item\":\"https:\/\/picoytallo.com\/fr\/boutique\/\"},{\"@type\":\"ListItem\",\"position\":3,\"name\":\"Olivade noire bio \u00e9pic\u00e9e\"}]},{\"@type\":\"WebSite\",\"@id\":\"https:\/\/picoytallo.com\/fr\/#website\",\"url\":\"https:\/\/picoytallo.com\/fr\/\",\"name\":\"Pico y Tallo\",\"description\":\"Productos Gourmet Online\",\"publisher\":{\"@id\":\"https:\/\/picoytallo.com\/fr\/#organization\"},\"potentialAction\":[{\"@type\":\"SearchAction\",\"target\":{\"@type\":\"EntryPoint\",\"urlTemplate\":\"https:\/\/picoytallo.com\/fr\/?s={search_term_string}\"},\"query-input\":{\"@type\":\"PropertyValueSpecification\",\"valueRequired\":true,\"valueName\":\"search_term_string\"}}],\"inLanguage\":\"fr-FR\"},{\"@type\":\"Organization\",\"@id\":\"https:\/\/picoytallo.com\/fr\/#organization\",\"name\":\"Pico y Tallo\",\"url\":\"https:\/\/picoytallo.com\/fr\/\",\"logo\":{\"@type\":\"ImageObject\",\"inLanguage\":\"fr-FR\",\"@id\":\"https:\/\/picoytallo.com\/fr\/#\/schema\/logo\/image\/\",\"url\":\"https:\/\/picoytallo.com\/wp-content\/uploads\/2022\/03\/cropped-Productos-gourmet-picotallo.webp\",\"contentUrl\":\"https:\/\/picoytallo.com\/wp-content\/uploads\/2022\/03\/cropped-Productos-gourmet-picotallo.webp\",\"width\":1194,\"height\":314,\"caption\":\"Pico y Tallo\"},\"image\":{\"@id\":\"https:\/\/picoytallo.com\/fr\/#\/schema\/logo\/image\/\"}}]}<\/script>\n<!-- \/ Yoast SEO plugin. -->","yoast_head_json":{"title":"Olives noires bio - Acheter de l'huile d'olive \u00e9pic\u00e9e - Pico y Tallo","description":"Achetez des olives noires biologiques avec une touche \u00e9pic\u00e9e chez Pico y Tallo. Huile d'olive gourmet du terroir. Produits \u00e9cologiques et biologiques.","robots":{"index":"index","follow":"follow","max-snippet":"max-snippet:-1","max-image-preview":"max-image-preview:large","max-video-preview":"max-video-preview:-1"},"canonical":"https:\/\/picoytallo.com\/fr\/producto\/olivade-noire-bio-epicee\/","og_locale":"fr_FR","og_type":"article","og_title":"Olives noires bio - Acheter de l'huile d'olive \u00e9pic\u00e9e - Pico y Tallo","og_description":"Achetez des olives noires biologiques avec une touche \u00e9pic\u00e9e chez Pico y Tallo. Huile d'olive gourmet du terroir. Produits \u00e9cologiques et biologiques.","og_url":"https:\/\/picoytallo.com\/fr\/producto\/olivade-noire-bio-epicee\/","og_site_name":"Pico y Tallo","article_modified_time":"2024-11-10T01:12:59+00:00","og_image":[{"width":323,"height":430,"url":"https:\/\/picoytallo.com\/wp-content\/uploads\/2022\/03\/olivada-negra-picante-ecologica.webp","type":"image\/webp"}],"twitter_card":"summary_large_image","schema":{"@context":"https:\/\/schema.org","@graph":[{"@type":"WebPage","@id":"https:\/\/picoytallo.com\/fr\/producto\/olivade-noire-bio-epicee\/","url":"https:\/\/picoytallo.com\/fr\/producto\/olivade-noire-bio-epicee\/","name":"Olives noires bio - Acheter de l'huile d'olive \u00e9pic\u00e9e - Pico y Tallo","isPartOf":{"@id":"https:\/\/picoytallo.com\/fr\/#website"},"primaryImageOfPage":{"@id":"https:\/\/picoytallo.com\/fr\/producto\/olivade-noire-bio-epicee\/#primaryimage"},"image":{"@id":"https:\/\/picoytallo.com\/fr\/producto\/olivade-noire-bio-epicee\/#primaryimage"},"thumbnailUrl":"https:\/\/picoytallo.com\/wp-content\/uploads\/2022\/03\/olivada-negra-picante-ecologica.webp","datePublished":"2022-03-21T16:02:48+00:00","dateModified":"2024-11-10T01:12:59+00:00","description":"Achetez des olives noires biologiques avec une touche \u00e9pic\u00e9e chez Pico y Tallo. Huile d'olive gourmet du terroir. Produits \u00e9cologiques et biologiques.","breadcrumb":{"@id":"https:\/\/picoytallo.com\/fr\/producto\/olivade-noire-bio-epicee\/#breadcrumb"},"inLanguage":"fr-FR","potentialAction":[{"@type":"ReadAction","target":["https:\/\/picoytallo.com\/fr\/producto\/olivade-noire-bio-epicee\/"]}]},{"@type":"ImageObject","inLanguage":"fr-FR","@id":"https:\/\/picoytallo.com\/fr\/producto\/olivade-noire-bio-epicee\/#primaryimage","url":"https:\/\/picoytallo.com\/wp-content\/uploads\/2022\/03\/olivada-negra-picante-ecologica.webp","contentUrl":"https:\/\/picoytallo.com\/wp-content\/uploads\/2022\/03\/olivada-negra-picante-ecologica.webp","width":323,"height":430,"caption":"Olives noires bio"},{"@type":"BreadcrumbList","@id":"https:\/\/picoytallo.com\/fr\/producto\/olivade-noire-bio-epicee\/#breadcrumb","itemListElement":[{"@type":"ListItem","position":1,"name":"Portada","item":"https:\/\/picoytallo.com\/fr\/"},{"@type":"ListItem","position":2,"name":"Boutique","item":"https:\/\/picoytallo.com\/fr\/boutique\/"},{"@type":"ListItem","position":3,"name":"Olivade noire bio \u00e9pic\u00e9e"}]},{"@type":"WebSite","@id":"https:\/\/picoytallo.com\/fr\/#website","url":"https:\/\/picoytallo.com\/fr\/","name":"Pico y Tallo","description":"Productos Gourmet Online","publisher":{"@id":"https:\/\/picoytallo.com\/fr\/#organization"},"potentialAction":[{"@type":"SearchAction","target":{"@type":"EntryPoint","urlTemplate":"https:\/\/picoytallo.com\/fr\/?s={search_term_string}"},"query-input":{"@type":"PropertyValueSpecification","valueRequired":true,"valueName":"search_term_string"}}],"inLanguage":"fr-FR"},{"@type":"Organization","@id":"https:\/\/picoytallo.com\/fr\/#organization","name":"Pico y Tallo","url":"https:\/\/picoytallo.com\/fr\/","logo":{"@type":"ImageObject","inLanguage":"fr-FR","@id":"https:\/\/picoytallo.com\/fr\/#\/schema\/logo\/image\/","url":"https:\/\/picoytallo.com\/wp-content\/uploads\/2022\/03\/cropped-Productos-gourmet-picotallo.webp","contentUrl":"https:\/\/picoytallo.com\/wp-content\/uploads\/2022\/03\/cropped-Productos-gourmet-picotallo.webp","width":1194,"height":314,"caption":"Pico y Tallo"},"image":{"@id":"https:\/\/picoytallo.com\/fr\/#\/schema\/logo\/image\/"}}]}},"_links":{"self":[{"href":"https:\/\/picoytallo.com\/fr\/wp-json\/wp\/v2\/product\/3514","targetHints":{"allow":["GET"]}}],"collection":[{"href":"https:\/\/picoytallo.com\/fr\/wp-json\/wp\/v2\/product"}],"about":[{"href":"https:\/\/picoytallo.com\/fr\/wp-json\/wp\/v2\/types\/product"}],"replies":[{"embeddable":true,"href":"https:\/\/picoytallo.com\/fr\/wp-json\/wp\/v2\/comments?post=3514"}],"wp:featuredmedia":[{"embeddable":true,"href":"https:\/\/picoytallo.com\/fr\/wp-json\/wp\/v2\/media\/2599"}],"wp:attachment":[{"href":"https:\/\/picoytallo.com\/fr\/wp-json\/wp\/v2\/media?parent=3514"}],"wp:term":[{"taxonomy":"product_brand","embeddable":true,"href":"https:\/\/picoytallo.com\/fr\/wp-json\/wp\/v2\/product_brand?post=3514"},{"taxonomy":"product_cat","embeddable":true,"href":"https:\/\/picoytallo.com\/fr\/wp-json\/wp\/v2\/product_cat?post=3514"},{"taxonomy":"product_tag","embeddable":true,"href":"https:\/\/picoytallo.com\/fr\/wp-json\/wp\/v2\/product_tag?post=3514"}],"curies":[{"name":"wp","href":"https:\/\/api.w.org\/{rel}","templated":true}]}}