{"id":3517,"date":"2022-03-21T17:39:17","date_gmt":"2022-03-21T15:39:17","guid":{"rendered":"https:\/\/picoytallo.com\/producto\/miel-de-luzerne-artisanal\/"},"modified":"2023-03-15T10:05:34","modified_gmt":"2023-03-15T08:05:34","slug":"miel-de-luzerne-artisanal","status":"publish","type":"product","link":"https:\/\/picoytallo.com\/fr\/producto\/miel-de-luzerne-artisanal\/","title":{"rendered":"Miel de luzerne artisanal"},"content":{"rendered":"<h2>Miel de luzerne artisanal<\/h2>\n<p>Il est r\u00e9colt\u00e9 entre juillet et septembre dans les zones irrigu\u00e9es de la d\u00e9pression de l&rsquo;Ebre. Il pr\u00e9sente les caract\u00e9ristiques traditionnellement attribu\u00e9es au miel.<\/p>\n<p>Couleur : tr\u00e8s claire, blanche.<\/p>\n<p>Ar\u00f4me : tr\u00e8s peu floral et peu persistant.<\/p>\n<p>Go\u00fbt : doux sans plus.<\/p>\n<p>Cristallisation : rapide, une masse dure est produite.<\/p>\n<p>Id\u00e9al pour maintenir la bonne texture des aliments solides, des g\u00e2teaux, des biscuits, du nougat et pour sucrer les boissons \u00e0 saveur dominante telles que le lait chaud et les liqueurs.<\/p>\n<p>&nbsp;<\/p>\n<p>Miel de luzerne naturel. 1Kg.<\/p>\n","protected":false},"excerpt":{"rendered":"<p>Miel de luzerne naturel. 1Kg.<\/p>\n","protected":false},"featured_media":2587,"comment_status":"open","ping_status":"closed","template":"","meta":[],"product_brand":[],"product_cat":[317],"product_tag":[319,318,405,320],"class_list":{"0":"post-3517","1":"product","2":"type-product","3":"status-publish","4":"has-post-thumbnail","6":"product_cat-miel-artisanal","7":"product_tag-miel-artisanal-fr","8":"product_tag-miel-artisanal","9":"product_tag-miel-de-luzerne","10":"product_tag-miel-gourmet-fr","12":"first","13":"outofstock","14":"shipping-taxable","15":"purchasable","16":"product-type-simple"},"yoast_head":"<!-- This site is optimized with the Yoast SEO plugin v26.9 - https:\/\/yoast.com\/product\/yoast-seo-wordpress\/ -->\n<title>Miel de luzerne artisanal - Pico y Tallo<\/title>\n<meta name=\"description\" content=\"Acheter du miel de luzerne artisanal \u00e0 Pico y Tallo. Les meilleurs produits gastronomiques du terroir. Produits \u00e9cologiques et biologiques.\" \/>\n<meta name=\"robots\" content=\"index, follow, max-snippet:-1, max-image-preview:large, max-video-preview:-1\" \/>\n<link rel=\"canonical\" href=\"https:\/\/picoytallo.com\/fr\/producto\/miel-de-luzerne-artisanal\/\" \/>\n<meta property=\"og:locale\" content=\"fr_FR\" \/>\n<meta property=\"og:type\" content=\"article\" \/>\n<meta property=\"og:title\" content=\"Miel de luzerne artisanal - Pico y Tallo\" \/>\n<meta property=\"og:description\" content=\"Acheter du miel de luzerne artisanal \u00e0 Pico y Tallo. Les meilleurs produits gastronomiques du terroir. Produits \u00e9cologiques et biologiques.\" \/>\n<meta property=\"og:url\" content=\"https:\/\/picoytallo.com\/fr\/producto\/miel-de-luzerne-artisanal\/\" \/>\n<meta property=\"og:site_name\" content=\"Pico y Tallo\" \/>\n<meta property=\"article:modified_time\" content=\"2023-03-15T08:05:34+00:00\" \/>\n<meta property=\"og:image\" content=\"https:\/\/picoytallo.com\/wp-content\/uploads\/2022\/03\/Miel-de-alfalfa.webp\" \/>\n\t<meta property=\"og:image:width\" content=\"430\" \/>\n\t<meta property=\"og:image:height\" content=\"430\" \/>\n\t<meta property=\"og:image:type\" content=\"image\/webp\" \/>\n<meta name=\"twitter:card\" content=\"summary_large_image\" \/>\n<script type=\"application\/ld+json\" class=\"yoast-schema-graph\">{\"@context\":\"https:\/\/schema.org\",\"@graph\":[{\"@type\":\"WebPage\",\"@id\":\"https:\/\/picoytallo.com\/fr\/producto\/miel-de-luzerne-artisanal\/\",\"url\":\"https:\/\/picoytallo.com\/fr\/producto\/miel-de-luzerne-artisanal\/\",\"name\":\"Miel de luzerne artisanal - Pico y Tallo\",\"isPartOf\":{\"@id\":\"https:\/\/picoytallo.com\/fr\/#website\"},\"primaryImageOfPage\":{\"@id\":\"https:\/\/picoytallo.com\/fr\/producto\/miel-de-luzerne-artisanal\/#primaryimage\"},\"image\":{\"@id\":\"https:\/\/picoytallo.com\/fr\/producto\/miel-de-luzerne-artisanal\/#primaryimage\"},\"thumbnailUrl\":\"https:\/\/picoytallo.com\/wp-content\/uploads\/2022\/03\/Miel-de-alfalfa.webp\",\"datePublished\":\"2022-03-21T15:39:17+00:00\",\"dateModified\":\"2023-03-15T08:05:34+00:00\",\"description\":\"Acheter du miel de luzerne artisanal \u00e0 Pico y Tallo. Les meilleurs produits gastronomiques du terroir. Produits \u00e9cologiques et biologiques.\",\"breadcrumb\":{\"@id\":\"https:\/\/picoytallo.com\/fr\/producto\/miel-de-luzerne-artisanal\/#breadcrumb\"},\"inLanguage\":\"fr-FR\",\"potentialAction\":[{\"@type\":\"ReadAction\",\"target\":[\"https:\/\/picoytallo.com\/fr\/producto\/miel-de-luzerne-artisanal\/\"]}]},{\"@type\":\"ImageObject\",\"inLanguage\":\"fr-FR\",\"@id\":\"https:\/\/picoytallo.com\/fr\/producto\/miel-de-luzerne-artisanal\/#primaryimage\",\"url\":\"https:\/\/picoytallo.com\/wp-content\/uploads\/2022\/03\/Miel-de-alfalfa.webp\",\"contentUrl\":\"https:\/\/picoytallo.com\/wp-content\/uploads\/2022\/03\/Miel-de-alfalfa.webp\",\"width\":430,\"height\":430},{\"@type\":\"BreadcrumbList\",\"@id\":\"https:\/\/picoytallo.com\/fr\/producto\/miel-de-luzerne-artisanal\/#breadcrumb\",\"itemListElement\":[{\"@type\":\"ListItem\",\"position\":1,\"name\":\"Portada\",\"item\":\"https:\/\/picoytallo.com\/fr\/\"},{\"@type\":\"ListItem\",\"position\":2,\"name\":\"Boutique\",\"item\":\"https:\/\/picoytallo.com\/fr\/boutique\/\"},{\"@type\":\"ListItem\",\"position\":3,\"name\":\"Miel de luzerne artisanal\"}]},{\"@type\":\"WebSite\",\"@id\":\"https:\/\/picoytallo.com\/fr\/#website\",\"url\":\"https:\/\/picoytallo.com\/fr\/\",\"name\":\"Pico y Tallo\",\"description\":\"Productos Gourmet Online\",\"publisher\":{\"@id\":\"https:\/\/picoytallo.com\/fr\/#organization\"},\"potentialAction\":[{\"@type\":\"SearchAction\",\"target\":{\"@type\":\"EntryPoint\",\"urlTemplate\":\"https:\/\/picoytallo.com\/fr\/?s={search_term_string}\"},\"query-input\":{\"@type\":\"PropertyValueSpecification\",\"valueRequired\":true,\"valueName\":\"search_term_string\"}}],\"inLanguage\":\"fr-FR\"},{\"@type\":\"Organization\",\"@id\":\"https:\/\/picoytallo.com\/fr\/#organization\",\"name\":\"Pico y Tallo\",\"url\":\"https:\/\/picoytallo.com\/fr\/\",\"logo\":{\"@type\":\"ImageObject\",\"inLanguage\":\"fr-FR\",\"@id\":\"https:\/\/picoytallo.com\/fr\/#\/schema\/logo\/image\/\",\"url\":\"https:\/\/picoytallo.com\/wp-content\/uploads\/2022\/03\/cropped-Productos-gourmet-picotallo.webp\",\"contentUrl\":\"https:\/\/picoytallo.com\/wp-content\/uploads\/2022\/03\/cropped-Productos-gourmet-picotallo.webp\",\"width\":1194,\"height\":314,\"caption\":\"Pico y Tallo\"},\"image\":{\"@id\":\"https:\/\/picoytallo.com\/fr\/#\/schema\/logo\/image\/\"}}]}<\/script>\n<!-- \/ Yoast SEO plugin. -->","yoast_head_json":{"title":"Miel de luzerne artisanal - Pico y Tallo","description":"Acheter du miel de luzerne artisanal \u00e0 Pico y Tallo. Les meilleurs produits gastronomiques du terroir. Produits \u00e9cologiques et biologiques.","robots":{"index":"index","follow":"follow","max-snippet":"max-snippet:-1","max-image-preview":"max-image-preview:large","max-video-preview":"max-video-preview:-1"},"canonical":"https:\/\/picoytallo.com\/fr\/producto\/miel-de-luzerne-artisanal\/","og_locale":"fr_FR","og_type":"article","og_title":"Miel de luzerne artisanal - Pico y Tallo","og_description":"Acheter du miel de luzerne artisanal \u00e0 Pico y Tallo. Les meilleurs produits gastronomiques du terroir. Produits \u00e9cologiques et biologiques.","og_url":"https:\/\/picoytallo.com\/fr\/producto\/miel-de-luzerne-artisanal\/","og_site_name":"Pico y Tallo","article_modified_time":"2023-03-15T08:05:34+00:00","og_image":[{"width":430,"height":430,"url":"https:\/\/picoytallo.com\/wp-content\/uploads\/2022\/03\/Miel-de-alfalfa.webp","type":"image\/webp"}],"twitter_card":"summary_large_image","schema":{"@context":"https:\/\/schema.org","@graph":[{"@type":"WebPage","@id":"https:\/\/picoytallo.com\/fr\/producto\/miel-de-luzerne-artisanal\/","url":"https:\/\/picoytallo.com\/fr\/producto\/miel-de-luzerne-artisanal\/","name":"Miel de luzerne artisanal - Pico y Tallo","isPartOf":{"@id":"https:\/\/picoytallo.com\/fr\/#website"},"primaryImageOfPage":{"@id":"https:\/\/picoytallo.com\/fr\/producto\/miel-de-luzerne-artisanal\/#primaryimage"},"image":{"@id":"https:\/\/picoytallo.com\/fr\/producto\/miel-de-luzerne-artisanal\/#primaryimage"},"thumbnailUrl":"https:\/\/picoytallo.com\/wp-content\/uploads\/2022\/03\/Miel-de-alfalfa.webp","datePublished":"2022-03-21T15:39:17+00:00","dateModified":"2023-03-15T08:05:34+00:00","description":"Acheter du miel de luzerne artisanal \u00e0 Pico y Tallo. Les meilleurs produits gastronomiques du terroir. Produits \u00e9cologiques et biologiques.","breadcrumb":{"@id":"https:\/\/picoytallo.com\/fr\/producto\/miel-de-luzerne-artisanal\/#breadcrumb"},"inLanguage":"fr-FR","potentialAction":[{"@type":"ReadAction","target":["https:\/\/picoytallo.com\/fr\/producto\/miel-de-luzerne-artisanal\/"]}]},{"@type":"ImageObject","inLanguage":"fr-FR","@id":"https:\/\/picoytallo.com\/fr\/producto\/miel-de-luzerne-artisanal\/#primaryimage","url":"https:\/\/picoytallo.com\/wp-content\/uploads\/2022\/03\/Miel-de-alfalfa.webp","contentUrl":"https:\/\/picoytallo.com\/wp-content\/uploads\/2022\/03\/Miel-de-alfalfa.webp","width":430,"height":430},{"@type":"BreadcrumbList","@id":"https:\/\/picoytallo.com\/fr\/producto\/miel-de-luzerne-artisanal\/#breadcrumb","itemListElement":[{"@type":"ListItem","position":1,"name":"Portada","item":"https:\/\/picoytallo.com\/fr\/"},{"@type":"ListItem","position":2,"name":"Boutique","item":"https:\/\/picoytallo.com\/fr\/boutique\/"},{"@type":"ListItem","position":3,"name":"Miel de luzerne artisanal"}]},{"@type":"WebSite","@id":"https:\/\/picoytallo.com\/fr\/#website","url":"https:\/\/picoytallo.com\/fr\/","name":"Pico y Tallo","description":"Productos Gourmet Online","publisher":{"@id":"https:\/\/picoytallo.com\/fr\/#organization"},"potentialAction":[{"@type":"SearchAction","target":{"@type":"EntryPoint","urlTemplate":"https:\/\/picoytallo.com\/fr\/?s={search_term_string}"},"query-input":{"@type":"PropertyValueSpecification","valueRequired":true,"valueName":"search_term_string"}}],"inLanguage":"fr-FR"},{"@type":"Organization","@id":"https:\/\/picoytallo.com\/fr\/#organization","name":"Pico y Tallo","url":"https:\/\/picoytallo.com\/fr\/","logo":{"@type":"ImageObject","inLanguage":"fr-FR","@id":"https:\/\/picoytallo.com\/fr\/#\/schema\/logo\/image\/","url":"https:\/\/picoytallo.com\/wp-content\/uploads\/2022\/03\/cropped-Productos-gourmet-picotallo.webp","contentUrl":"https:\/\/picoytallo.com\/wp-content\/uploads\/2022\/03\/cropped-Productos-gourmet-picotallo.webp","width":1194,"height":314,"caption":"Pico y Tallo"},"image":{"@id":"https:\/\/picoytallo.com\/fr\/#\/schema\/logo\/image\/"}}]}},"_links":{"self":[{"href":"https:\/\/picoytallo.com\/fr\/wp-json\/wp\/v2\/product\/3517","targetHints":{"allow":["GET"]}}],"collection":[{"href":"https:\/\/picoytallo.com\/fr\/wp-json\/wp\/v2\/product"}],"about":[{"href":"https:\/\/picoytallo.com\/fr\/wp-json\/wp\/v2\/types\/product"}],"replies":[{"embeddable":true,"href":"https:\/\/picoytallo.com\/fr\/wp-json\/wp\/v2\/comments?post=3517"}],"wp:featuredmedia":[{"embeddable":true,"href":"https:\/\/picoytallo.com\/fr\/wp-json\/wp\/v2\/media\/2587"}],"wp:attachment":[{"href":"https:\/\/picoytallo.com\/fr\/wp-json\/wp\/v2\/media?parent=3517"}],"wp:term":[{"taxonomy":"product_brand","embeddable":true,"href":"https:\/\/picoytallo.com\/fr\/wp-json\/wp\/v2\/product_brand?post=3517"},{"taxonomy":"product_cat","embeddable":true,"href":"https:\/\/picoytallo.com\/fr\/wp-json\/wp\/v2\/product_cat?post=3517"},{"taxonomy":"product_tag","embeddable":true,"href":"https:\/\/picoytallo.com\/fr\/wp-json\/wp\/v2\/product_tag?post=3517"}],"curies":[{"name":"wp","href":"https:\/\/api.w.org\/{rel}","templated":true}]}}