{"id":3521,"date":"2022-03-21T23:50:17","date_gmt":"2022-03-21T21:50:17","guid":{"rendered":"https:\/\/picoytallo.com\/producto\/olives-grasses-gourmet\/"},"modified":"2025-11-14T11:41:53","modified_gmt":"2025-11-14T09:41:53","slug":"olives-grasses-gourmet","status":"publish","type":"product","link":"https:\/\/picoytallo.com\/fr\/producto\/olives-grasses-gourmet\/","title":{"rendered":"Olives grasses Gourmet"},"content":{"rendered":"<h2>Olives Gordal<\/h2>\n<p>Parmi toutes les olives, les olives gordal sont une vari\u00e9t\u00e9 particuli\u00e8re d&rsquo;olives de table, tr\u00e8s appr\u00e9ci\u00e9e des consommateurs en raison de leur saveur particuli\u00e8re, qui conf\u00e8re \u00e0 chaque plat culinaire une touche unique, capable d&rsquo;\u00e9mouvoir le palais et de tronquer la raison de chacun.<\/p>\n<p>Si vous \u00eates de ceux qui, assis \u00e0 table, pensent qu&rsquo;il manque quelque chose s&rsquo;il n&rsquo;y a pas d&rsquo;olives, vous reconna\u00eetrez certainement les olives dites \u00ab\u00a0gordal\u00a0\u00bb. L&rsquo;olive gordal est une olive de table typique cultiv\u00e9e principalement \u00e0 S\u00e9ville. En tant qu&rsquo;olive de table, elle est tr\u00e8s appr\u00e9ci\u00e9e. Cela est d\u00fb non seulement \u00e0 sa taille \u00e9norme, mais aussi \u00e0 sa haute qualit\u00e9 et \u00e0 son go\u00fbt extraordinaire.<\/p>\n","protected":false},"excerpt":{"rendered":"<p>Olives gordal faites \u00e0 la main pour le go\u00fbter.<\/p>\n","protected":false},"featured_media":2605,"comment_status":"open","ping_status":"closed","template":"","meta":[],"product_brand":[],"product_cat":[340],"product_tag":[412,341],"class_list":{"0":"post-3521","1":"product","2":"type-product","3":"status-publish","4":"has-post-thumbnail","6":"product_cat-olives-gourmandes","7":"product_tag-olives-gordal","8":"product_tag-olives-gourmandes","10":"first","11":"outofstock","12":"shipping-taxable","13":"purchasable","14":"product-type-simple"},"yoast_head":"<!-- This site is optimized with the Yoast SEO plugin v26.9 - https:\/\/yoast.com\/product\/yoast-seo-wordpress\/ -->\n<title>Olives Gordales Artesanales - Olives gourmandes - Pico y Tallo<\/title>\n<meta name=\"description\" content=\"Acheter des olives Gordal faites \u00e0 la main \u00e0 Pico y Tallo. Olives gourmandes du terroir. Produits \u00e9cologiques et biologiques en ligne.\" \/>\n<meta name=\"robots\" content=\"index, follow, max-snippet:-1, max-image-preview:large, max-video-preview:-1\" \/>\n<link rel=\"canonical\" href=\"https:\/\/picoytallo.com\/fr\/producto\/olives-grasses-gourmet\/\" \/>\n<meta property=\"og:locale\" content=\"fr_FR\" \/>\n<meta property=\"og:type\" content=\"article\" \/>\n<meta property=\"og:title\" content=\"Olives Gordales Artesanales - Olives gourmandes - Pico y Tallo\" \/>\n<meta property=\"og:description\" content=\"Acheter des olives Gordal faites \u00e0 la main \u00e0 Pico y Tallo. Olives gourmandes du terroir. Produits \u00e9cologiques et biologiques en ligne.\" \/>\n<meta property=\"og:url\" content=\"https:\/\/picoytallo.com\/fr\/producto\/olives-grasses-gourmet\/\" \/>\n<meta property=\"og:site_name\" content=\"Pico y Tallo\" \/>\n<meta property=\"article:modified_time\" content=\"2025-11-14T09:41:53+00:00\" \/>\n<meta property=\"og:image\" content=\"https:\/\/picoytallo.com\/wp-content\/uploads\/2022\/03\/olivas-gordales.webp\" \/>\n\t<meta property=\"og:image:width\" content=\"323\" \/>\n\t<meta property=\"og:image:height\" content=\"430\" \/>\n\t<meta property=\"og:image:type\" content=\"image\/webp\" \/>\n<meta name=\"twitter:card\" content=\"summary_large_image\" \/>\n<meta name=\"twitter:label1\" content=\"Dur\u00e9e de lecture estim\u00e9e\" \/>\n\t<meta name=\"twitter:data1\" content=\"1 minute\" \/>\n<script type=\"application\/ld+json\" class=\"yoast-schema-graph\">{\"@context\":\"https:\/\/schema.org\",\"@graph\":[{\"@type\":\"WebPage\",\"@id\":\"https:\/\/picoytallo.com\/fr\/producto\/olives-grasses-gourmet\/\",\"url\":\"https:\/\/picoytallo.com\/fr\/producto\/olives-grasses-gourmet\/\",\"name\":\"Olives Gordales Artesanales - Olives gourmandes - Pico y Tallo\",\"isPartOf\":{\"@id\":\"https:\/\/picoytallo.com\/fr\/#website\"},\"primaryImageOfPage\":{\"@id\":\"https:\/\/picoytallo.com\/fr\/producto\/olives-grasses-gourmet\/#primaryimage\"},\"image\":{\"@id\":\"https:\/\/picoytallo.com\/fr\/producto\/olives-grasses-gourmet\/#primaryimage\"},\"thumbnailUrl\":\"https:\/\/picoytallo.com\/wp-content\/uploads\/2022\/03\/olivas-gordales.webp\",\"datePublished\":\"2022-03-21T21:50:17+00:00\",\"dateModified\":\"2025-11-14T09:41:53+00:00\",\"description\":\"Acheter des olives Gordal faites \u00e0 la main \u00e0 Pico y Tallo. Olives gourmandes du terroir. Produits \u00e9cologiques et biologiques en ligne.\",\"breadcrumb\":{\"@id\":\"https:\/\/picoytallo.com\/fr\/producto\/olives-grasses-gourmet\/#breadcrumb\"},\"inLanguage\":\"fr-FR\",\"potentialAction\":[{\"@type\":\"ReadAction\",\"target\":[\"https:\/\/picoytallo.com\/fr\/producto\/olives-grasses-gourmet\/\"]}]},{\"@type\":\"ImageObject\",\"inLanguage\":\"fr-FR\",\"@id\":\"https:\/\/picoytallo.com\/fr\/producto\/olives-grasses-gourmet\/#primaryimage\",\"url\":\"https:\/\/picoytallo.com\/wp-content\/uploads\/2022\/03\/olivas-gordales.webp\",\"contentUrl\":\"https:\/\/picoytallo.com\/wp-content\/uploads\/2022\/03\/olivas-gordales.webp\",\"width\":323,\"height\":430,\"caption\":\"Olives Gordal\"},{\"@type\":\"BreadcrumbList\",\"@id\":\"https:\/\/picoytallo.com\/fr\/producto\/olives-grasses-gourmet\/#breadcrumb\",\"itemListElement\":[{\"@type\":\"ListItem\",\"position\":1,\"name\":\"Portada\",\"item\":\"https:\/\/picoytallo.com\/fr\/\"},{\"@type\":\"ListItem\",\"position\":2,\"name\":\"Boutique\",\"item\":\"https:\/\/picoytallo.com\/fr\/boutique\/\"},{\"@type\":\"ListItem\",\"position\":3,\"name\":\"Olives grasses Gourmet\"}]},{\"@type\":\"WebSite\",\"@id\":\"https:\/\/picoytallo.com\/fr\/#website\",\"url\":\"https:\/\/picoytallo.com\/fr\/\",\"name\":\"Pico y Tallo\",\"description\":\"Productos Gourmet Online\",\"publisher\":{\"@id\":\"https:\/\/picoytallo.com\/fr\/#organization\"},\"potentialAction\":[{\"@type\":\"SearchAction\",\"target\":{\"@type\":\"EntryPoint\",\"urlTemplate\":\"https:\/\/picoytallo.com\/fr\/?s={search_term_string}\"},\"query-input\":{\"@type\":\"PropertyValueSpecification\",\"valueRequired\":true,\"valueName\":\"search_term_string\"}}],\"inLanguage\":\"fr-FR\"},{\"@type\":\"Organization\",\"@id\":\"https:\/\/picoytallo.com\/fr\/#organization\",\"name\":\"Pico y Tallo\",\"url\":\"https:\/\/picoytallo.com\/fr\/\",\"logo\":{\"@type\":\"ImageObject\",\"inLanguage\":\"fr-FR\",\"@id\":\"https:\/\/picoytallo.com\/fr\/#\/schema\/logo\/image\/\",\"url\":\"https:\/\/picoytallo.com\/wp-content\/uploads\/2022\/03\/cropped-Productos-gourmet-picotallo.webp\",\"contentUrl\":\"https:\/\/picoytallo.com\/wp-content\/uploads\/2022\/03\/cropped-Productos-gourmet-picotallo.webp\",\"width\":1194,\"height\":314,\"caption\":\"Pico y Tallo\"},\"image\":{\"@id\":\"https:\/\/picoytallo.com\/fr\/#\/schema\/logo\/image\/\"}}]}<\/script>\n<!-- \/ Yoast SEO plugin. -->","yoast_head_json":{"title":"Olives Gordales Artesanales - Olives gourmandes - Pico y Tallo","description":"Acheter des olives Gordal faites \u00e0 la main \u00e0 Pico y Tallo. Olives gourmandes du terroir. Produits \u00e9cologiques et biologiques en ligne.","robots":{"index":"index","follow":"follow","max-snippet":"max-snippet:-1","max-image-preview":"max-image-preview:large","max-video-preview":"max-video-preview:-1"},"canonical":"https:\/\/picoytallo.com\/fr\/producto\/olives-grasses-gourmet\/","og_locale":"fr_FR","og_type":"article","og_title":"Olives Gordales Artesanales - Olives gourmandes - Pico y Tallo","og_description":"Acheter des olives Gordal faites \u00e0 la main \u00e0 Pico y Tallo. Olives gourmandes du terroir. Produits \u00e9cologiques et biologiques en ligne.","og_url":"https:\/\/picoytallo.com\/fr\/producto\/olives-grasses-gourmet\/","og_site_name":"Pico y Tallo","article_modified_time":"2025-11-14T09:41:53+00:00","og_image":[{"width":323,"height":430,"url":"https:\/\/picoytallo.com\/wp-content\/uploads\/2022\/03\/olivas-gordales.webp","type":"image\/webp"}],"twitter_card":"summary_large_image","twitter_misc":{"Dur\u00e9e de lecture estim\u00e9e":"1 minute"},"schema":{"@context":"https:\/\/schema.org","@graph":[{"@type":"WebPage","@id":"https:\/\/picoytallo.com\/fr\/producto\/olives-grasses-gourmet\/","url":"https:\/\/picoytallo.com\/fr\/producto\/olives-grasses-gourmet\/","name":"Olives Gordales Artesanales - Olives gourmandes - Pico y Tallo","isPartOf":{"@id":"https:\/\/picoytallo.com\/fr\/#website"},"primaryImageOfPage":{"@id":"https:\/\/picoytallo.com\/fr\/producto\/olives-grasses-gourmet\/#primaryimage"},"image":{"@id":"https:\/\/picoytallo.com\/fr\/producto\/olives-grasses-gourmet\/#primaryimage"},"thumbnailUrl":"https:\/\/picoytallo.com\/wp-content\/uploads\/2022\/03\/olivas-gordales.webp","datePublished":"2022-03-21T21:50:17+00:00","dateModified":"2025-11-14T09:41:53+00:00","description":"Acheter des olives Gordal faites \u00e0 la main \u00e0 Pico y Tallo. Olives gourmandes du terroir. Produits \u00e9cologiques et biologiques en ligne.","breadcrumb":{"@id":"https:\/\/picoytallo.com\/fr\/producto\/olives-grasses-gourmet\/#breadcrumb"},"inLanguage":"fr-FR","potentialAction":[{"@type":"ReadAction","target":["https:\/\/picoytallo.com\/fr\/producto\/olives-grasses-gourmet\/"]}]},{"@type":"ImageObject","inLanguage":"fr-FR","@id":"https:\/\/picoytallo.com\/fr\/producto\/olives-grasses-gourmet\/#primaryimage","url":"https:\/\/picoytallo.com\/wp-content\/uploads\/2022\/03\/olivas-gordales.webp","contentUrl":"https:\/\/picoytallo.com\/wp-content\/uploads\/2022\/03\/olivas-gordales.webp","width":323,"height":430,"caption":"Olives Gordal"},{"@type":"BreadcrumbList","@id":"https:\/\/picoytallo.com\/fr\/producto\/olives-grasses-gourmet\/#breadcrumb","itemListElement":[{"@type":"ListItem","position":1,"name":"Portada","item":"https:\/\/picoytallo.com\/fr\/"},{"@type":"ListItem","position":2,"name":"Boutique","item":"https:\/\/picoytallo.com\/fr\/boutique\/"},{"@type":"ListItem","position":3,"name":"Olives grasses Gourmet"}]},{"@type":"WebSite","@id":"https:\/\/picoytallo.com\/fr\/#website","url":"https:\/\/picoytallo.com\/fr\/","name":"Pico y Tallo","description":"Productos Gourmet Online","publisher":{"@id":"https:\/\/picoytallo.com\/fr\/#organization"},"potentialAction":[{"@type":"SearchAction","target":{"@type":"EntryPoint","urlTemplate":"https:\/\/picoytallo.com\/fr\/?s={search_term_string}"},"query-input":{"@type":"PropertyValueSpecification","valueRequired":true,"valueName":"search_term_string"}}],"inLanguage":"fr-FR"},{"@type":"Organization","@id":"https:\/\/picoytallo.com\/fr\/#organization","name":"Pico y Tallo","url":"https:\/\/picoytallo.com\/fr\/","logo":{"@type":"ImageObject","inLanguage":"fr-FR","@id":"https:\/\/picoytallo.com\/fr\/#\/schema\/logo\/image\/","url":"https:\/\/picoytallo.com\/wp-content\/uploads\/2022\/03\/cropped-Productos-gourmet-picotallo.webp","contentUrl":"https:\/\/picoytallo.com\/wp-content\/uploads\/2022\/03\/cropped-Productos-gourmet-picotallo.webp","width":1194,"height":314,"caption":"Pico y Tallo"},"image":{"@id":"https:\/\/picoytallo.com\/fr\/#\/schema\/logo\/image\/"}}]}},"_links":{"self":[{"href":"https:\/\/picoytallo.com\/fr\/wp-json\/wp\/v2\/product\/3521","targetHints":{"allow":["GET"]}}],"collection":[{"href":"https:\/\/picoytallo.com\/fr\/wp-json\/wp\/v2\/product"}],"about":[{"href":"https:\/\/picoytallo.com\/fr\/wp-json\/wp\/v2\/types\/product"}],"replies":[{"embeddable":true,"href":"https:\/\/picoytallo.com\/fr\/wp-json\/wp\/v2\/comments?post=3521"}],"wp:featuredmedia":[{"embeddable":true,"href":"https:\/\/picoytallo.com\/fr\/wp-json\/wp\/v2\/media\/2605"}],"wp:attachment":[{"href":"https:\/\/picoytallo.com\/fr\/wp-json\/wp\/v2\/media?parent=3521"}],"wp:term":[{"taxonomy":"product_brand","embeddable":true,"href":"https:\/\/picoytallo.com\/fr\/wp-json\/wp\/v2\/product_brand?post=3521"},{"taxonomy":"product_cat","embeddable":true,"href":"https:\/\/picoytallo.com\/fr\/wp-json\/wp\/v2\/product_cat?post=3521"},{"taxonomy":"product_tag","embeddable":true,"href":"https:\/\/picoytallo.com\/fr\/wp-json\/wp\/v2\/product_tag?post=3521"}],"curies":[{"name":"wp","href":"https:\/\/api.w.org\/{rel}","templated":true}]}}