{"id":3530,"date":"2022-03-23T21:56:08","date_gmt":"2022-03-23T19:56:08","guid":{"rendered":"https:\/\/picoytallo.com\/producto\/fromage-de-vache-artisanal\/"},"modified":"2023-03-15T10:05:40","modified_gmt":"2023-03-15T08:05:40","slug":"fromage-de-vache-artisanal","status":"publish","type":"product","link":"https:\/\/picoytallo.com\/fr\/producto\/fromage-de-vache-artisanal\/","title":{"rendered":"Fromage de vache artisanal"},"content":{"rendered":"<h2>Fromage artisanal<\/h2>\n<p>Nous fabriquons un fromage unique, totalement naturel et respectant la tradition locale.<\/p>\n<p>Nous traitons nos fromages comme des pi\u00e8ces uniques, ils sont fabriqu\u00e9s et tourn\u00e9s \u00e0 la main.<\/p>\n<p>Notre philosophie s&rsquo;\u00e9carte des normes de production industrielle actuelles. Chaque fromage est encadr\u00e9 dans une production tr\u00e8s limit\u00e9e et encore plus si l&rsquo;on compare avec n&rsquo;importe quelle autre industrie fromag\u00e8re.<\/p>\n<p><strong>Le lait cru est biologique et de haute qualit\u00e9, il <\/strong>poss\u00e8de son propre syst\u00e8me immunitaire int\u00e9gr\u00e9.<\/p>\n","protected":false},"excerpt":{"rendered":"<p>Fromage de vache artisanal fabriqu\u00e9 \u00e0 la main \u00e0 partir de lait cru. 100 gr.<\/p>\n","protected":false},"featured_media":2623,"comment_status":"open","ping_status":"closed","template":"","meta":[],"product_brand":[],"product_cat":[420],"product_tag":[421,422,423],"class_list":{"0":"post-3530","1":"product","2":"type-product","3":"status-publish","4":"has-post-thumbnail","6":"product_cat-fromage-artisanal","7":"product_tag-fromage-artisanal","8":"product_tag-fromage-de-vache","9":"product_tag-fromage-gourmet","11":"first","12":"outofstock","13":"shipping-taxable","14":"purchasable","15":"product-type-simple"},"yoast_head":"<!-- This site is optimized with the Yoast SEO plugin v27.4 - https:\/\/yoast.com\/product\/yoast-seo-wordpress\/ -->\n<title>Fromage de vache artisanal - Acheter du fromage gourmet - Pico y Tallo<\/title>\n<meta name=\"description\" content=\"D\u00e9couvrez l&#039;authentique fromage de vache artisanal de Pico y Tallo. Achetez en ligne les fromages artisanaux les plus exclusifs.\" \/>\n<meta name=\"robots\" content=\"index, follow, max-snippet:-1, max-image-preview:large, max-video-preview:-1\" \/>\n<link rel=\"canonical\" href=\"https:\/\/picoytallo.com\/fr\/producto\/fromage-de-vache-artisanal\/\" \/>\n<meta property=\"og:locale\" content=\"fr_FR\" \/>\n<meta property=\"og:type\" content=\"article\" \/>\n<meta property=\"og:title\" content=\"Fromage de vache artisanal - Acheter du fromage gourmet - Pico y Tallo\" \/>\n<meta property=\"og:description\" content=\"D\u00e9couvrez l&#039;authentique fromage de vache artisanal de Pico y Tallo. Achetez en ligne les fromages artisanaux les plus exclusifs.\" \/>\n<meta property=\"og:url\" content=\"https:\/\/picoytallo.com\/fr\/producto\/fromage-de-vache-artisanal\/\" \/>\n<meta property=\"og:site_name\" content=\"Pico y Tallo\" \/>\n<meta property=\"article:modified_time\" content=\"2023-03-15T08:05:40+00:00\" \/>\n<meta property=\"og:image\" content=\"https:\/\/picoytallo.com\/wp-content\/uploads\/2022\/03\/queso-artesano-gourmet.webp\" \/>\n\t<meta property=\"og:image:width\" content=\"961\" \/>\n\t<meta property=\"og:image:height\" content=\"850\" \/>\n\t<meta property=\"og:image:type\" content=\"image\/webp\" \/>\n<meta name=\"twitter:card\" content=\"summary_large_image\" \/>\n<meta name=\"twitter:label1\" content=\"Prix\" \/>\n\t<meta name=\"twitter:data1\" content=\"19,90&euro;\" \/>\n\t<meta name=\"twitter:label2\" content=\"Disponibilit\u00e9\" \/>\n\t<meta name=\"twitter:data2\" content=\"Rupture de stock\" \/>\n<script type=\"application\/ld+json\" class=\"yoast-schema-graph\">{\"@context\":\"https:\\\/\\\/schema.org\",\"@graph\":[{\"@type\":\"WebPage\",\"@id\":\"https:\\\/\\\/picoytallo.com\\\/fr\\\/producto\\\/fromage-de-vache-artisanal\\\/\",\"url\":\"https:\\\/\\\/picoytallo.com\\\/fr\\\/producto\\\/fromage-de-vache-artisanal\\\/\",\"name\":\"Fromage de vache artisanal - Acheter du fromage gourmet - Pico y Tallo\",\"isPartOf\":{\"@id\":\"https:\\\/\\\/picoytallo.com\\\/fr\\\/#website\"},\"primaryImageOfPage\":{\"@id\":\"https:\\\/\\\/picoytallo.com\\\/fr\\\/producto\\\/fromage-de-vache-artisanal\\\/#primaryimage\"},\"image\":{\"@id\":\"https:\\\/\\\/picoytallo.com\\\/fr\\\/producto\\\/fromage-de-vache-artisanal\\\/#primaryimage\"},\"thumbnailUrl\":\"https:\\\/\\\/picoytallo.com\\\/wp-content\\\/uploads\\\/2022\\\/03\\\/queso-artesano-gourmet.webp\",\"datePublished\":\"2022-03-23T19:56:08+00:00\",\"dateModified\":\"2023-03-15T08:05:40+00:00\",\"description\":\"D\u00e9couvrez l'authentique fromage de vache artisanal de Pico y Tallo. Achetez en ligne les fromages artisanaux les plus exclusifs.\",\"breadcrumb\":{\"@id\":\"https:\\\/\\\/picoytallo.com\\\/fr\\\/producto\\\/fromage-de-vache-artisanal\\\/#breadcrumb\"},\"inLanguage\":\"fr-FR\",\"potentialAction\":[{\"@type\":\"ReadAction\",\"target\":[\"https:\\\/\\\/picoytallo.com\\\/fr\\\/producto\\\/fromage-de-vache-artisanal\\\/\"]}]},{\"@type\":\"ImageObject\",\"inLanguage\":\"fr-FR\",\"@id\":\"https:\\\/\\\/picoytallo.com\\\/fr\\\/producto\\\/fromage-de-vache-artisanal\\\/#primaryimage\",\"url\":\"https:\\\/\\\/picoytallo.com\\\/wp-content\\\/uploads\\\/2022\\\/03\\\/queso-artesano-gourmet.webp\",\"contentUrl\":\"https:\\\/\\\/picoytallo.com\\\/wp-content\\\/uploads\\\/2022\\\/03\\\/queso-artesano-gourmet.webp\",\"width\":961,\"height\":850},{\"@type\":\"BreadcrumbList\",\"@id\":\"https:\\\/\\\/picoytallo.com\\\/fr\\\/producto\\\/fromage-de-vache-artisanal\\\/#breadcrumb\",\"itemListElement\":[{\"@type\":\"ListItem\",\"position\":1,\"name\":\"Portada\",\"item\":\"https:\\\/\\\/picoytallo.com\\\/fr\\\/\"},{\"@type\":\"ListItem\",\"position\":2,\"name\":\"Boutique\",\"item\":\"https:\\\/\\\/picoytallo.com\\\/fr\\\/boutique\\\/\"},{\"@type\":\"ListItem\",\"position\":3,\"name\":\"Fromage de vache artisanal\"}]},{\"@type\":\"WebSite\",\"@id\":\"https:\\\/\\\/picoytallo.com\\\/fr\\\/#website\",\"url\":\"https:\\\/\\\/picoytallo.com\\\/fr\\\/\",\"name\":\"Pico y Tallo\",\"description\":\"Productos Gourmet Online\",\"publisher\":{\"@id\":\"https:\\\/\\\/picoytallo.com\\\/fr\\\/#organization\"},\"potentialAction\":[{\"@type\":\"SearchAction\",\"target\":{\"@type\":\"EntryPoint\",\"urlTemplate\":\"https:\\\/\\\/picoytallo.com\\\/fr\\\/?s={search_term_string}\"},\"query-input\":{\"@type\":\"PropertyValueSpecification\",\"valueRequired\":true,\"valueName\":\"search_term_string\"}}],\"inLanguage\":\"fr-FR\"},{\"@type\":\"Organization\",\"@id\":\"https:\\\/\\\/picoytallo.com\\\/fr\\\/#organization\",\"name\":\"Pico y Tallo\",\"url\":\"https:\\\/\\\/picoytallo.com\\\/fr\\\/\",\"logo\":{\"@type\":\"ImageObject\",\"inLanguage\":\"fr-FR\",\"@id\":\"https:\\\/\\\/picoytallo.com\\\/fr\\\/#\\\/schema\\\/logo\\\/image\\\/\",\"url\":\"https:\\\/\\\/picoytallo.com\\\/wp-content\\\/uploads\\\/2022\\\/03\\\/cropped-Productos-gourmet-picotallo.webp\",\"contentUrl\":\"https:\\\/\\\/picoytallo.com\\\/wp-content\\\/uploads\\\/2022\\\/03\\\/cropped-Productos-gourmet-picotallo.webp\",\"width\":1194,\"height\":314,\"caption\":\"Pico y Tallo\"},\"image\":{\"@id\":\"https:\\\/\\\/picoytallo.com\\\/fr\\\/#\\\/schema\\\/logo\\\/image\\\/\"}}]}<\/script>\n<meta property=\"product:price:amount\" content=\"19.90\" \/>\n<meta property=\"product:price:currency\" content=\"EUR\" \/>\n<meta property=\"og:availability\" content=\"out of stock\" \/>\n<meta property=\"product:availability\" content=\"out of stock\" \/>\n<meta property=\"product:condition\" content=\"new\" \/>\n<!-- \/ Yoast SEO plugin. -->","yoast_head_json":{"title":"Fromage de vache artisanal - Acheter du fromage gourmet - Pico y Tallo","description":"D\u00e9couvrez l'authentique fromage de vache artisanal de Pico y Tallo. Achetez en ligne les fromages artisanaux les plus exclusifs.","robots":{"index":"index","follow":"follow","max-snippet":"max-snippet:-1","max-image-preview":"max-image-preview:large","max-video-preview":"max-video-preview:-1"},"canonical":"https:\/\/picoytallo.com\/fr\/producto\/fromage-de-vache-artisanal\/","og_locale":"fr_FR","og_type":"article","og_title":"Fromage de vache artisanal - Acheter du fromage gourmet - Pico y Tallo","og_description":"D\u00e9couvrez l'authentique fromage de vache artisanal de Pico y Tallo. Achetez en ligne les fromages artisanaux les plus exclusifs.","og_url":"https:\/\/picoytallo.com\/fr\/producto\/fromage-de-vache-artisanal\/","og_site_name":"Pico y Tallo","article_modified_time":"2023-03-15T08:05:40+00:00","og_image":[{"width":961,"height":850,"url":"https:\/\/picoytallo.com\/wp-content\/uploads\/2022\/03\/queso-artesano-gourmet.webp","type":"image\/webp"}],"twitter_card":"summary_large_image","twitter_misc":{"Prix":"19,90&euro;","Disponibilit\u00e9":"Rupture de stock"},"schema":{"@context":"https:\/\/schema.org","@graph":[{"@type":"WebPage","@id":"https:\/\/picoytallo.com\/fr\/producto\/fromage-de-vache-artisanal\/","url":"https:\/\/picoytallo.com\/fr\/producto\/fromage-de-vache-artisanal\/","name":"Fromage de vache artisanal - Acheter du fromage gourmet - Pico y Tallo","isPartOf":{"@id":"https:\/\/picoytallo.com\/fr\/#website"},"primaryImageOfPage":{"@id":"https:\/\/picoytallo.com\/fr\/producto\/fromage-de-vache-artisanal\/#primaryimage"},"image":{"@id":"https:\/\/picoytallo.com\/fr\/producto\/fromage-de-vache-artisanal\/#primaryimage"},"thumbnailUrl":"https:\/\/picoytallo.com\/wp-content\/uploads\/2022\/03\/queso-artesano-gourmet.webp","datePublished":"2022-03-23T19:56:08+00:00","dateModified":"2023-03-15T08:05:40+00:00","description":"D\u00e9couvrez l'authentique fromage de vache artisanal de Pico y Tallo. Achetez en ligne les fromages artisanaux les plus exclusifs.","breadcrumb":{"@id":"https:\/\/picoytallo.com\/fr\/producto\/fromage-de-vache-artisanal\/#breadcrumb"},"inLanguage":"fr-FR","potentialAction":[{"@type":"ReadAction","target":["https:\/\/picoytallo.com\/fr\/producto\/fromage-de-vache-artisanal\/"]}]},{"@type":"ImageObject","inLanguage":"fr-FR","@id":"https:\/\/picoytallo.com\/fr\/producto\/fromage-de-vache-artisanal\/#primaryimage","url":"https:\/\/picoytallo.com\/wp-content\/uploads\/2022\/03\/queso-artesano-gourmet.webp","contentUrl":"https:\/\/picoytallo.com\/wp-content\/uploads\/2022\/03\/queso-artesano-gourmet.webp","width":961,"height":850},{"@type":"BreadcrumbList","@id":"https:\/\/picoytallo.com\/fr\/producto\/fromage-de-vache-artisanal\/#breadcrumb","itemListElement":[{"@type":"ListItem","position":1,"name":"Portada","item":"https:\/\/picoytallo.com\/fr\/"},{"@type":"ListItem","position":2,"name":"Boutique","item":"https:\/\/picoytallo.com\/fr\/boutique\/"},{"@type":"ListItem","position":3,"name":"Fromage de vache artisanal"}]},{"@type":"WebSite","@id":"https:\/\/picoytallo.com\/fr\/#website","url":"https:\/\/picoytallo.com\/fr\/","name":"Pico y Tallo","description":"Productos Gourmet Online","publisher":{"@id":"https:\/\/picoytallo.com\/fr\/#organization"},"potentialAction":[{"@type":"SearchAction","target":{"@type":"EntryPoint","urlTemplate":"https:\/\/picoytallo.com\/fr\/?s={search_term_string}"},"query-input":{"@type":"PropertyValueSpecification","valueRequired":true,"valueName":"search_term_string"}}],"inLanguage":"fr-FR"},{"@type":"Organization","@id":"https:\/\/picoytallo.com\/fr\/#organization","name":"Pico y Tallo","url":"https:\/\/picoytallo.com\/fr\/","logo":{"@type":"ImageObject","inLanguage":"fr-FR","@id":"https:\/\/picoytallo.com\/fr\/#\/schema\/logo\/image\/","url":"https:\/\/picoytallo.com\/wp-content\/uploads\/2022\/03\/cropped-Productos-gourmet-picotallo.webp","contentUrl":"https:\/\/picoytallo.com\/wp-content\/uploads\/2022\/03\/cropped-Productos-gourmet-picotallo.webp","width":1194,"height":314,"caption":"Pico y Tallo"},"image":{"@id":"https:\/\/picoytallo.com\/fr\/#\/schema\/logo\/image\/"}}]},"product_price_amount":"19.90","product_price_currency":"EUR","og_availability":"out of stock","product_availability":"out of stock","product_condition":"new"},"_links":{"self":[{"href":"https:\/\/picoytallo.com\/fr\/wp-json\/wp\/v2\/product\/3530","targetHints":{"allow":["GET"]}}],"collection":[{"href":"https:\/\/picoytallo.com\/fr\/wp-json\/wp\/v2\/product"}],"about":[{"href":"https:\/\/picoytallo.com\/fr\/wp-json\/wp\/v2\/types\/product"}],"replies":[{"embeddable":true,"href":"https:\/\/picoytallo.com\/fr\/wp-json\/wp\/v2\/comments?post=3530"}],"wp:featuredmedia":[{"embeddable":true,"href":"https:\/\/picoytallo.com\/fr\/wp-json\/wp\/v2\/media\/2623"}],"wp:attachment":[{"href":"https:\/\/picoytallo.com\/fr\/wp-json\/wp\/v2\/media?parent=3530"}],"wp:term":[{"taxonomy":"product_brand","embeddable":true,"href":"https:\/\/picoytallo.com\/fr\/wp-json\/wp\/v2\/product_brand?post=3530"},{"taxonomy":"product_cat","embeddable":true,"href":"https:\/\/picoytallo.com\/fr\/wp-json\/wp\/v2\/product_cat?post=3530"},{"taxonomy":"product_tag","embeddable":true,"href":"https:\/\/picoytallo.com\/fr\/wp-json\/wp\/v2\/product_tag?post=3530"}],"curies":[{"name":"wp","href":"https:\/\/api.w.org\/{rel}","templated":true}]}}