{"id":3532,"date":"2022-03-22T12:55:18","date_gmt":"2022-03-22T10:55:18","guid":{"rendered":"https:\/\/picoytallo.com\/producto\/huile-verte-biologique\/"},"modified":"2024-11-10T05:51:24","modified_gmt":"2024-11-10T03:51:24","slug":"huile-verte-biologique","status":"publish","type":"product","link":"https:\/\/picoytallo.com\/fr\/producto\/huile-verte-biologique\/","title":{"rendered":"Huile verte biologique"},"content":{"rendered":"<h2>Huile d&rsquo;olive biologique de Valence<\/h2>\n<p>L&rsquo;huile d&rsquo;olive biologique en format 250 ml est une huile d&rsquo;olive de cat\u00e9gorie sup\u00e9rieure obtenue directement \u00e0 partir d&rsquo;olives Picual biologiques r\u00e9colt\u00e9es au mois d&rsquo;OCTOBRE, \u00e0 la bonne p\u00e9riode de verdissement et soumises \u00e0 de stricts contr\u00f4les de qualit\u00e9 internes et externes par le CAECV (Comit\u00e9 d&rsquo;agriculture biologique de la Communaut\u00e9 valencienne). Vari\u00e9t\u00e9 Picual. ESAO 2020. 3\u00e8me prix pour la Communaut\u00e9 de Valence. Producteurs et 8e finaliste international de l&rsquo;EVOO.<\/p>\n","protected":false},"excerpt":{"rendered":"<p>Huile d&rsquo;olive verte biologique produite dans la Communaut\u00e9 de Valence.<\/p>\n","protected":false},"featured_media":2611,"comment_status":"open","ping_status":"closed","template":"","meta":[],"product_brand":[],"product_cat":[394],"product_tag":[403,396,397,402,400,395,424],"class_list":{"0":"post-3532","1":"product","2":"type-product","3":"status-publish","4":"has-post-thumbnail","6":"product_cat-huile-gourmet","7":"product_tag-evoo-fr","8":"product_tag-huile-biologique","9":"product_tag-huile-biologique-fr","10":"product_tag-huile-dolive","11":"product_tag-huile-de-valence","12":"product_tag-huile-gourmande","13":"product_tag-huile-verte","15":"first","16":"outofstock","17":"shipping-taxable","18":"purchasable","19":"product-type-simple"},"yoast_head":"<!-- This site is optimized with the Yoast SEO plugin v26.9 - https:\/\/yoast.com\/product\/yoast-seo-wordpress\/ -->\n<title>Huile d&#039;olive verte biologique de Valence - EVOO - Pico y Tallo<\/title>\n<meta name=\"description\" content=\"Acheter de l&#039;huile d&#039;olive biologique de Valence. Huile verte Bio Gourmet. EVOO \u00e9cologique et biologique de la Communaut\u00e9 de Valence.\" \/>\n<meta name=\"robots\" content=\"index, follow, max-snippet:-1, max-image-preview:large, max-video-preview:-1\" \/>\n<link rel=\"canonical\" href=\"https:\/\/picoytallo.com\/fr\/producto\/huile-verte-biologique\/\" \/>\n<meta property=\"og:locale\" content=\"fr_FR\" \/>\n<meta property=\"og:type\" content=\"article\" \/>\n<meta property=\"og:title\" content=\"Huile d&#039;olive verte biologique de Valence - EVOO - Pico y Tallo\" \/>\n<meta property=\"og:description\" content=\"Acheter de l&#039;huile d&#039;olive biologique de Valence. Huile verte Bio Gourmet. EVOO \u00e9cologique et biologique de la Communaut\u00e9 de Valence.\" \/>\n<meta property=\"og:url\" content=\"https:\/\/picoytallo.com\/fr\/producto\/huile-verte-biologique\/\" \/>\n<meta property=\"og:site_name\" content=\"Pico y Tallo\" \/>\n<meta property=\"article:modified_time\" content=\"2024-11-10T03:51:24+00:00\" \/>\n<meta property=\"og:image\" content=\"https:\/\/picoytallo.com\/wp-content\/uploads\/2022\/03\/Aceite-verde-bio-ecologico.webp\" \/>\n\t<meta property=\"og:image:width\" content=\"300\" \/>\n\t<meta property=\"og:image:height\" content=\"300\" \/>\n\t<meta property=\"og:image:type\" content=\"image\/webp\" \/>\n<meta name=\"twitter:card\" content=\"summary_large_image\" \/>\n<script type=\"application\/ld+json\" class=\"yoast-schema-graph\">{\"@context\":\"https:\/\/schema.org\",\"@graph\":[{\"@type\":\"WebPage\",\"@id\":\"https:\/\/picoytallo.com\/fr\/producto\/huile-verte-biologique\/\",\"url\":\"https:\/\/picoytallo.com\/fr\/producto\/huile-verte-biologique\/\",\"name\":\"Huile d'olive verte biologique de Valence - EVOO - Pico y Tallo\",\"isPartOf\":{\"@id\":\"https:\/\/picoytallo.com\/fr\/#website\"},\"primaryImageOfPage\":{\"@id\":\"https:\/\/picoytallo.com\/fr\/producto\/huile-verte-biologique\/#primaryimage\"},\"image\":{\"@id\":\"https:\/\/picoytallo.com\/fr\/producto\/huile-verte-biologique\/#primaryimage\"},\"thumbnailUrl\":\"https:\/\/picoytallo.com\/wp-content\/uploads\/2022\/03\/Aceite-verde-bio-ecologico.webp\",\"datePublished\":\"2022-03-22T10:55:18+00:00\",\"dateModified\":\"2024-11-10T03:51:24+00:00\",\"description\":\"Acheter de l'huile d'olive biologique de Valence. Huile verte Bio Gourmet. EVOO \u00e9cologique et biologique de la Communaut\u00e9 de Valence.\",\"breadcrumb\":{\"@id\":\"https:\/\/picoytallo.com\/fr\/producto\/huile-verte-biologique\/#breadcrumb\"},\"inLanguage\":\"fr-FR\",\"potentialAction\":[{\"@type\":\"ReadAction\",\"target\":[\"https:\/\/picoytallo.com\/fr\/producto\/huile-verte-biologique\/\"]}]},{\"@type\":\"ImageObject\",\"inLanguage\":\"fr-FR\",\"@id\":\"https:\/\/picoytallo.com\/fr\/producto\/huile-verte-biologique\/#primaryimage\",\"url\":\"https:\/\/picoytallo.com\/wp-content\/uploads\/2022\/03\/Aceite-verde-bio-ecologico.webp\",\"contentUrl\":\"https:\/\/picoytallo.com\/wp-content\/uploads\/2022\/03\/Aceite-verde-bio-ecologico.webp\",\"width\":300,\"height\":300},{\"@type\":\"BreadcrumbList\",\"@id\":\"https:\/\/picoytallo.com\/fr\/producto\/huile-verte-biologique\/#breadcrumb\",\"itemListElement\":[{\"@type\":\"ListItem\",\"position\":1,\"name\":\"Portada\",\"item\":\"https:\/\/picoytallo.com\/fr\/\"},{\"@type\":\"ListItem\",\"position\":2,\"name\":\"Boutique\",\"item\":\"https:\/\/picoytallo.com\/fr\/boutique\/\"},{\"@type\":\"ListItem\",\"position\":3,\"name\":\"Huile verte biologique\"}]},{\"@type\":\"WebSite\",\"@id\":\"https:\/\/picoytallo.com\/fr\/#website\",\"url\":\"https:\/\/picoytallo.com\/fr\/\",\"name\":\"Pico y Tallo\",\"description\":\"Productos Gourmet Online\",\"publisher\":{\"@id\":\"https:\/\/picoytallo.com\/fr\/#organization\"},\"potentialAction\":[{\"@type\":\"SearchAction\",\"target\":{\"@type\":\"EntryPoint\",\"urlTemplate\":\"https:\/\/picoytallo.com\/fr\/?s={search_term_string}\"},\"query-input\":{\"@type\":\"PropertyValueSpecification\",\"valueRequired\":true,\"valueName\":\"search_term_string\"}}],\"inLanguage\":\"fr-FR\"},{\"@type\":\"Organization\",\"@id\":\"https:\/\/picoytallo.com\/fr\/#organization\",\"name\":\"Pico y Tallo\",\"url\":\"https:\/\/picoytallo.com\/fr\/\",\"logo\":{\"@type\":\"ImageObject\",\"inLanguage\":\"fr-FR\",\"@id\":\"https:\/\/picoytallo.com\/fr\/#\/schema\/logo\/image\/\",\"url\":\"https:\/\/picoytallo.com\/wp-content\/uploads\/2022\/03\/cropped-Productos-gourmet-picotallo.webp\",\"contentUrl\":\"https:\/\/picoytallo.com\/wp-content\/uploads\/2022\/03\/cropped-Productos-gourmet-picotallo.webp\",\"width\":1194,\"height\":314,\"caption\":\"Pico y Tallo\"},\"image\":{\"@id\":\"https:\/\/picoytallo.com\/fr\/#\/schema\/logo\/image\/\"}}]}<\/script>\n<!-- \/ Yoast SEO plugin. -->","yoast_head_json":{"title":"Huile d'olive verte biologique de Valence - EVOO - Pico y Tallo","description":"Acheter de l'huile d'olive biologique de Valence. Huile verte Bio Gourmet. EVOO \u00e9cologique et biologique de la Communaut\u00e9 de Valence.","robots":{"index":"index","follow":"follow","max-snippet":"max-snippet:-1","max-image-preview":"max-image-preview:large","max-video-preview":"max-video-preview:-1"},"canonical":"https:\/\/picoytallo.com\/fr\/producto\/huile-verte-biologique\/","og_locale":"fr_FR","og_type":"article","og_title":"Huile d'olive verte biologique de Valence - EVOO - Pico y Tallo","og_description":"Acheter de l'huile d'olive biologique de Valence. Huile verte Bio Gourmet. EVOO \u00e9cologique et biologique de la Communaut\u00e9 de Valence.","og_url":"https:\/\/picoytallo.com\/fr\/producto\/huile-verte-biologique\/","og_site_name":"Pico y Tallo","article_modified_time":"2024-11-10T03:51:24+00:00","og_image":[{"width":300,"height":300,"url":"https:\/\/picoytallo.com\/wp-content\/uploads\/2022\/03\/Aceite-verde-bio-ecologico.webp","type":"image\/webp"}],"twitter_card":"summary_large_image","schema":{"@context":"https:\/\/schema.org","@graph":[{"@type":"WebPage","@id":"https:\/\/picoytallo.com\/fr\/producto\/huile-verte-biologique\/","url":"https:\/\/picoytallo.com\/fr\/producto\/huile-verte-biologique\/","name":"Huile d'olive verte biologique de Valence - EVOO - Pico y Tallo","isPartOf":{"@id":"https:\/\/picoytallo.com\/fr\/#website"},"primaryImageOfPage":{"@id":"https:\/\/picoytallo.com\/fr\/producto\/huile-verte-biologique\/#primaryimage"},"image":{"@id":"https:\/\/picoytallo.com\/fr\/producto\/huile-verte-biologique\/#primaryimage"},"thumbnailUrl":"https:\/\/picoytallo.com\/wp-content\/uploads\/2022\/03\/Aceite-verde-bio-ecologico.webp","datePublished":"2022-03-22T10:55:18+00:00","dateModified":"2024-11-10T03:51:24+00:00","description":"Acheter de l'huile d'olive biologique de Valence. Huile verte Bio Gourmet. EVOO \u00e9cologique et biologique de la Communaut\u00e9 de Valence.","breadcrumb":{"@id":"https:\/\/picoytallo.com\/fr\/producto\/huile-verte-biologique\/#breadcrumb"},"inLanguage":"fr-FR","potentialAction":[{"@type":"ReadAction","target":["https:\/\/picoytallo.com\/fr\/producto\/huile-verte-biologique\/"]}]},{"@type":"ImageObject","inLanguage":"fr-FR","@id":"https:\/\/picoytallo.com\/fr\/producto\/huile-verte-biologique\/#primaryimage","url":"https:\/\/picoytallo.com\/wp-content\/uploads\/2022\/03\/Aceite-verde-bio-ecologico.webp","contentUrl":"https:\/\/picoytallo.com\/wp-content\/uploads\/2022\/03\/Aceite-verde-bio-ecologico.webp","width":300,"height":300},{"@type":"BreadcrumbList","@id":"https:\/\/picoytallo.com\/fr\/producto\/huile-verte-biologique\/#breadcrumb","itemListElement":[{"@type":"ListItem","position":1,"name":"Portada","item":"https:\/\/picoytallo.com\/fr\/"},{"@type":"ListItem","position":2,"name":"Boutique","item":"https:\/\/picoytallo.com\/fr\/boutique\/"},{"@type":"ListItem","position":3,"name":"Huile verte biologique"}]},{"@type":"WebSite","@id":"https:\/\/picoytallo.com\/fr\/#website","url":"https:\/\/picoytallo.com\/fr\/","name":"Pico y Tallo","description":"Productos Gourmet Online","publisher":{"@id":"https:\/\/picoytallo.com\/fr\/#organization"},"potentialAction":[{"@type":"SearchAction","target":{"@type":"EntryPoint","urlTemplate":"https:\/\/picoytallo.com\/fr\/?s={search_term_string}"},"query-input":{"@type":"PropertyValueSpecification","valueRequired":true,"valueName":"search_term_string"}}],"inLanguage":"fr-FR"},{"@type":"Organization","@id":"https:\/\/picoytallo.com\/fr\/#organization","name":"Pico y Tallo","url":"https:\/\/picoytallo.com\/fr\/","logo":{"@type":"ImageObject","inLanguage":"fr-FR","@id":"https:\/\/picoytallo.com\/fr\/#\/schema\/logo\/image\/","url":"https:\/\/picoytallo.com\/wp-content\/uploads\/2022\/03\/cropped-Productos-gourmet-picotallo.webp","contentUrl":"https:\/\/picoytallo.com\/wp-content\/uploads\/2022\/03\/cropped-Productos-gourmet-picotallo.webp","width":1194,"height":314,"caption":"Pico y Tallo"},"image":{"@id":"https:\/\/picoytallo.com\/fr\/#\/schema\/logo\/image\/"}}]}},"_links":{"self":[{"href":"https:\/\/picoytallo.com\/fr\/wp-json\/wp\/v2\/product\/3532","targetHints":{"allow":["GET"]}}],"collection":[{"href":"https:\/\/picoytallo.com\/fr\/wp-json\/wp\/v2\/product"}],"about":[{"href":"https:\/\/picoytallo.com\/fr\/wp-json\/wp\/v2\/types\/product"}],"replies":[{"embeddable":true,"href":"https:\/\/picoytallo.com\/fr\/wp-json\/wp\/v2\/comments?post=3532"}],"wp:featuredmedia":[{"embeddable":true,"href":"https:\/\/picoytallo.com\/fr\/wp-json\/wp\/v2\/media\/2611"}],"wp:attachment":[{"href":"https:\/\/picoytallo.com\/fr\/wp-json\/wp\/v2\/media?parent=3532"}],"wp:term":[{"taxonomy":"product_brand","embeddable":true,"href":"https:\/\/picoytallo.com\/fr\/wp-json\/wp\/v2\/product_brand?post=3532"},{"taxonomy":"product_cat","embeddable":true,"href":"https:\/\/picoytallo.com\/fr\/wp-json\/wp\/v2\/product_cat?post=3532"},{"taxonomy":"product_tag","embeddable":true,"href":"https:\/\/picoytallo.com\/fr\/wp-json\/wp\/v2\/product_tag?post=3532"}],"curies":[{"name":"wp","href":"https:\/\/api.w.org\/{rel}","templated":true}]}}