{"id":3534,"date":"2022-03-21T13:02:27","date_gmt":"2022-03-21T11:02:27","guid":{"rendered":"https:\/\/picoytallo.com\/producto\/miel-artisanal-thousand-flowers\/"},"modified":"2024-11-10T01:56:08","modified_gmt":"2024-11-09T23:56:08","slug":"miel-artisanal-thousand-flowers","status":"publish","type":"product","link":"https:\/\/picoytallo.com\/fr\/producto\/miel-artisanal-thousand-flowers\/","title":{"rendered":"Miel artisanal Thousand Flowers"},"content":{"rendered":"<h2>Miel de fleurs fait \u00e0 la main<\/h2>\n<p>Le miel de fleurs sauvages a une couleur ambr\u00e9e, un go\u00fbt sucr\u00e9, un parfum floral l\u00e9g\u00e8rement fruit\u00e9, cr\u00e9meux et consistant. Il est fabriqu\u00e9 par nos abeilles \u00e0 partir de plusieurs vari\u00e9t\u00e9s de fleurs sauvages. Cet or liquide est id\u00e9al pour la p\u00e2tisserie, pour tartiner une tranche de pain ou pour sucrer vos boissons. Il est \u00e9galement efficace dans le traitement des troubles digestifs, des maux de gorge et du sommeil. Le miel de fleurs a une couleur jaune clair, un go\u00fbt sucr\u00e9 et un ar\u00f4me floral tr\u00e8s discret. En raison de sa faible teneur en glucose, il cristallise lentement. Il s&rsquo;agit donc d&rsquo;un miel liquide tr\u00e8s facile \u00e0 \u00e9taler.<\/p>\n<h2>Miel brut<\/h2>\n<p>Miel de fleurs sauvages en paquet de 380 g.<br \/>\nOrigine : Espagne &#8211; Comunidad Valenciana<br \/>\nMiel artisanal brut de mille fleurs.<\/p>\n","protected":false},"excerpt":{"rendered":"<p>Miel artisanal brut de mille fleurs. 380gr.<\/p>\n","protected":false},"featured_media":10320,"comment_status":"open","ping_status":"closed","template":"","meta":[],"product_brand":[],"product_cat":[317],"product_tag":[319,318,429,320],"class_list":{"0":"post-3534","1":"product","2":"type-product","3":"status-publish","4":"has-post-thumbnail","6":"product_cat-miel-artisanal","7":"product_tag-miel-artisanal-fr","8":"product_tag-miel-artisanal","9":"product_tag-miel-de-fleurs","10":"product_tag-miel-gourmet-fr","12":"first","13":"instock","14":"shipping-taxable","15":"purchasable","16":"product-type-simple"},"yoast_head":"<!-- This site is optimized with the Yoast SEO plugin v26.9 - https:\/\/yoast.com\/product\/yoast-seo-wordpress\/ -->\n<title>Miel d&#039;abeille brut Mil Flores - Acheter du miel pur Valencia<\/title>\n<meta name=\"description\" content=\"Acheter du miel de fleurs pur de Pico y Tallo. V\u00e9ritable miel d&#039;abeille brut issu de fleurs. Acheter du miel de Valence en ligne.\" \/>\n<meta name=\"robots\" content=\"index, follow, max-snippet:-1, max-image-preview:large, max-video-preview:-1\" \/>\n<link rel=\"canonical\" href=\"https:\/\/picoytallo.com\/fr\/producto\/miel-artisanal-thousand-flowers\/\" \/>\n<meta property=\"og:locale\" content=\"fr_FR\" \/>\n<meta property=\"og:type\" content=\"article\" \/>\n<meta property=\"og:title\" content=\"Miel d&#039;abeille brut Mil Flores - Acheter du miel pur Valencia\" \/>\n<meta property=\"og:description\" content=\"Acheter du miel de fleurs pur de Pico y Tallo. V\u00e9ritable miel d&#039;abeille brut issu de fleurs. Acheter du miel de Valence en ligne.\" \/>\n<meta property=\"og:url\" content=\"https:\/\/picoytallo.com\/fr\/producto\/miel-artisanal-thousand-flowers\/\" \/>\n<meta property=\"og:site_name\" content=\"Pico y Tallo\" \/>\n<meta property=\"article:modified_time\" content=\"2024-11-09T23:56:08+00:00\" \/>\n<meta property=\"og:image\" content=\"https:\/\/picoytallo.com\/wp-content\/uploads\/2022\/03\/Miel-cruda-de-flores.webp\" \/>\n\t<meta property=\"og:image:width\" content=\"1200\" \/>\n\t<meta property=\"og:image:height\" content=\"1200\" \/>\n\t<meta property=\"og:image:type\" content=\"image\/webp\" \/>\n<meta name=\"twitter:card\" content=\"summary_large_image\" \/>\n<meta name=\"twitter:label1\" content=\"Dur\u00e9e de lecture estim\u00e9e\" \/>\n\t<meta name=\"twitter:data1\" content=\"1 minute\" \/>\n<script type=\"application\/ld+json\" class=\"yoast-schema-graph\">{\"@context\":\"https:\/\/schema.org\",\"@graph\":[{\"@type\":\"WebPage\",\"@id\":\"https:\/\/picoytallo.com\/fr\/producto\/miel-artisanal-thousand-flowers\/\",\"url\":\"https:\/\/picoytallo.com\/fr\/producto\/miel-artisanal-thousand-flowers\/\",\"name\":\"Miel d'abeille brut Mil Flores - Acheter du miel pur Valencia\",\"isPartOf\":{\"@id\":\"https:\/\/picoytallo.com\/fr\/#website\"},\"primaryImageOfPage\":{\"@id\":\"https:\/\/picoytallo.com\/fr\/producto\/miel-artisanal-thousand-flowers\/#primaryimage\"},\"image\":{\"@id\":\"https:\/\/picoytallo.com\/fr\/producto\/miel-artisanal-thousand-flowers\/#primaryimage\"},\"thumbnailUrl\":\"https:\/\/picoytallo.com\/wp-content\/uploads\/2026\/04\/Miel-de-Romero-cruda-pura-y-sin-filtrar.webp\",\"datePublished\":\"2022-03-21T11:02:27+00:00\",\"dateModified\":\"2024-11-09T23:56:08+00:00\",\"description\":\"Acheter du miel de fleurs pur de Pico y Tallo. V\u00e9ritable miel d'abeille brut issu de fleurs. Acheter du miel de Valence en ligne.\",\"breadcrumb\":{\"@id\":\"https:\/\/picoytallo.com\/fr\/producto\/miel-artisanal-thousand-flowers\/#breadcrumb\"},\"inLanguage\":\"fr-FR\",\"potentialAction\":[{\"@type\":\"ReadAction\",\"target\":[\"https:\/\/picoytallo.com\/fr\/producto\/miel-artisanal-thousand-flowers\/\"]}]},{\"@type\":\"ImageObject\",\"inLanguage\":\"fr-FR\",\"@id\":\"https:\/\/picoytallo.com\/fr\/producto\/miel-artisanal-thousand-flowers\/#primaryimage\",\"url\":\"https:\/\/picoytallo.com\/wp-content\/uploads\/2026\/04\/Miel-de-Romero-cruda-pura-y-sin-filtrar.webp\",\"contentUrl\":\"https:\/\/picoytallo.com\/wp-content\/uploads\/2026\/04\/Miel-de-Romero-cruda-pura-y-sin-filtrar.webp\",\"width\":500,\"height\":500},{\"@type\":\"BreadcrumbList\",\"@id\":\"https:\/\/picoytallo.com\/fr\/producto\/miel-artisanal-thousand-flowers\/#breadcrumb\",\"itemListElement\":[{\"@type\":\"ListItem\",\"position\":1,\"name\":\"Portada\",\"item\":\"https:\/\/picoytallo.com\/fr\/\"},{\"@type\":\"ListItem\",\"position\":2,\"name\":\"Boutique\",\"item\":\"https:\/\/picoytallo.com\/fr\/boutique\/\"},{\"@type\":\"ListItem\",\"position\":3,\"name\":\"Miel artisanal Thousand Flowers\"}]},{\"@type\":\"WebSite\",\"@id\":\"https:\/\/picoytallo.com\/fr\/#website\",\"url\":\"https:\/\/picoytallo.com\/fr\/\",\"name\":\"Pico y Tallo\",\"description\":\"Productos Gourmet Online\",\"publisher\":{\"@id\":\"https:\/\/picoytallo.com\/fr\/#organization\"},\"potentialAction\":[{\"@type\":\"SearchAction\",\"target\":{\"@type\":\"EntryPoint\",\"urlTemplate\":\"https:\/\/picoytallo.com\/fr\/?s={search_term_string}\"},\"query-input\":{\"@type\":\"PropertyValueSpecification\",\"valueRequired\":true,\"valueName\":\"search_term_string\"}}],\"inLanguage\":\"fr-FR\"},{\"@type\":\"Organization\",\"@id\":\"https:\/\/picoytallo.com\/fr\/#organization\",\"name\":\"Pico y Tallo\",\"url\":\"https:\/\/picoytallo.com\/fr\/\",\"logo\":{\"@type\":\"ImageObject\",\"inLanguage\":\"fr-FR\",\"@id\":\"https:\/\/picoytallo.com\/fr\/#\/schema\/logo\/image\/\",\"url\":\"https:\/\/picoytallo.com\/wp-content\/uploads\/2022\/03\/cropped-Productos-gourmet-picotallo.webp\",\"contentUrl\":\"https:\/\/picoytallo.com\/wp-content\/uploads\/2022\/03\/cropped-Productos-gourmet-picotallo.webp\",\"width\":1194,\"height\":314,\"caption\":\"Pico y Tallo\"},\"image\":{\"@id\":\"https:\/\/picoytallo.com\/fr\/#\/schema\/logo\/image\/\"}}]}<\/script>\n<!-- \/ Yoast SEO plugin. -->","yoast_head_json":{"title":"Miel d'abeille brut Mil Flores - Acheter du miel pur Valencia","description":"Acheter du miel de fleurs pur de Pico y Tallo. V\u00e9ritable miel d'abeille brut issu de fleurs. Acheter du miel de Valence en ligne.","robots":{"index":"index","follow":"follow","max-snippet":"max-snippet:-1","max-image-preview":"max-image-preview:large","max-video-preview":"max-video-preview:-1"},"canonical":"https:\/\/picoytallo.com\/fr\/producto\/miel-artisanal-thousand-flowers\/","og_locale":"fr_FR","og_type":"article","og_title":"Miel d'abeille brut Mil Flores - Acheter du miel pur Valencia","og_description":"Acheter du miel de fleurs pur de Pico y Tallo. V\u00e9ritable miel d'abeille brut issu de fleurs. Acheter du miel de Valence en ligne.","og_url":"https:\/\/picoytallo.com\/fr\/producto\/miel-artisanal-thousand-flowers\/","og_site_name":"Pico y Tallo","article_modified_time":"2024-11-09T23:56:08+00:00","og_image":[{"width":1200,"height":1200,"url":"https:\/\/picoytallo.com\/wp-content\/uploads\/2022\/03\/Miel-cruda-de-flores.webp","type":"image\/webp"}],"twitter_card":"summary_large_image","twitter_misc":{"Dur\u00e9e de lecture estim\u00e9e":"1 minute"},"schema":{"@context":"https:\/\/schema.org","@graph":[{"@type":"WebPage","@id":"https:\/\/picoytallo.com\/fr\/producto\/miel-artisanal-thousand-flowers\/","url":"https:\/\/picoytallo.com\/fr\/producto\/miel-artisanal-thousand-flowers\/","name":"Miel d'abeille brut Mil Flores - Acheter du miel pur Valencia","isPartOf":{"@id":"https:\/\/picoytallo.com\/fr\/#website"},"primaryImageOfPage":{"@id":"https:\/\/picoytallo.com\/fr\/producto\/miel-artisanal-thousand-flowers\/#primaryimage"},"image":{"@id":"https:\/\/picoytallo.com\/fr\/producto\/miel-artisanal-thousand-flowers\/#primaryimage"},"thumbnailUrl":"https:\/\/picoytallo.com\/wp-content\/uploads\/2026\/04\/Miel-de-Romero-cruda-pura-y-sin-filtrar.webp","datePublished":"2022-03-21T11:02:27+00:00","dateModified":"2024-11-09T23:56:08+00:00","description":"Acheter du miel de fleurs pur de Pico y Tallo. V\u00e9ritable miel d'abeille brut issu de fleurs. Acheter du miel de Valence en ligne.","breadcrumb":{"@id":"https:\/\/picoytallo.com\/fr\/producto\/miel-artisanal-thousand-flowers\/#breadcrumb"},"inLanguage":"fr-FR","potentialAction":[{"@type":"ReadAction","target":["https:\/\/picoytallo.com\/fr\/producto\/miel-artisanal-thousand-flowers\/"]}]},{"@type":"ImageObject","inLanguage":"fr-FR","@id":"https:\/\/picoytallo.com\/fr\/producto\/miel-artisanal-thousand-flowers\/#primaryimage","url":"https:\/\/picoytallo.com\/wp-content\/uploads\/2026\/04\/Miel-de-Romero-cruda-pura-y-sin-filtrar.webp","contentUrl":"https:\/\/picoytallo.com\/wp-content\/uploads\/2026\/04\/Miel-de-Romero-cruda-pura-y-sin-filtrar.webp","width":500,"height":500},{"@type":"BreadcrumbList","@id":"https:\/\/picoytallo.com\/fr\/producto\/miel-artisanal-thousand-flowers\/#breadcrumb","itemListElement":[{"@type":"ListItem","position":1,"name":"Portada","item":"https:\/\/picoytallo.com\/fr\/"},{"@type":"ListItem","position":2,"name":"Boutique","item":"https:\/\/picoytallo.com\/fr\/boutique\/"},{"@type":"ListItem","position":3,"name":"Miel artisanal Thousand Flowers"}]},{"@type":"WebSite","@id":"https:\/\/picoytallo.com\/fr\/#website","url":"https:\/\/picoytallo.com\/fr\/","name":"Pico y Tallo","description":"Productos Gourmet Online","publisher":{"@id":"https:\/\/picoytallo.com\/fr\/#organization"},"potentialAction":[{"@type":"SearchAction","target":{"@type":"EntryPoint","urlTemplate":"https:\/\/picoytallo.com\/fr\/?s={search_term_string}"},"query-input":{"@type":"PropertyValueSpecification","valueRequired":true,"valueName":"search_term_string"}}],"inLanguage":"fr-FR"},{"@type":"Organization","@id":"https:\/\/picoytallo.com\/fr\/#organization","name":"Pico y Tallo","url":"https:\/\/picoytallo.com\/fr\/","logo":{"@type":"ImageObject","inLanguage":"fr-FR","@id":"https:\/\/picoytallo.com\/fr\/#\/schema\/logo\/image\/","url":"https:\/\/picoytallo.com\/wp-content\/uploads\/2022\/03\/cropped-Productos-gourmet-picotallo.webp","contentUrl":"https:\/\/picoytallo.com\/wp-content\/uploads\/2022\/03\/cropped-Productos-gourmet-picotallo.webp","width":1194,"height":314,"caption":"Pico y Tallo"},"image":{"@id":"https:\/\/picoytallo.com\/fr\/#\/schema\/logo\/image\/"}}]}},"_links":{"self":[{"href":"https:\/\/picoytallo.com\/fr\/wp-json\/wp\/v2\/product\/3534","targetHints":{"allow":["GET"]}}],"collection":[{"href":"https:\/\/picoytallo.com\/fr\/wp-json\/wp\/v2\/product"}],"about":[{"href":"https:\/\/picoytallo.com\/fr\/wp-json\/wp\/v2\/types\/product"}],"replies":[{"embeddable":true,"href":"https:\/\/picoytallo.com\/fr\/wp-json\/wp\/v2\/comments?post=3534"}],"wp:featuredmedia":[{"embeddable":true,"href":"https:\/\/picoytallo.com\/fr\/wp-json\/wp\/v2\/media\/10320"}],"wp:attachment":[{"href":"https:\/\/picoytallo.com\/fr\/wp-json\/wp\/v2\/media?parent=3534"}],"wp:term":[{"taxonomy":"product_brand","embeddable":true,"href":"https:\/\/picoytallo.com\/fr\/wp-json\/wp\/v2\/product_brand?post=3534"},{"taxonomy":"product_cat","embeddable":true,"href":"https:\/\/picoytallo.com\/fr\/wp-json\/wp\/v2\/product_cat?post=3534"},{"taxonomy":"product_tag","embeddable":true,"href":"https:\/\/picoytallo.com\/fr\/wp-json\/wp\/v2\/product_tag?post=3534"}],"curies":[{"name":"wp","href":"https:\/\/api.w.org\/{rel}","templated":true}]}}