{"id":3555,"date":"2022-03-23T22:12:20","date_gmt":"2022-03-23T20:12:20","guid":{"rendered":"https:\/\/picoytallo.com\/producto\/pericana\/"},"modified":"2025-11-14T11:42:28","modified_gmt":"2025-11-14T09:42:28","slug":"pericana","status":"publish","type":"product","link":"https:\/\/picoytallo.com\/fr\/producto\/pericana\/","title":{"rendered":"Pericana"},"content":{"rendered":"<h2>Artisan Pericana<\/h2>\n<p>La p\u00e9ricane est un produit local de la r\u00e9gion du Comtat, \u00e0 Alicante. Selon la recette traditionnelle, une vari\u00e9t\u00e9 locale de poivron, de la morue de premi\u00e8re qualit\u00e9, de l&rsquo;ail et, bien s\u00fbr, de l&rsquo;huile d&rsquo;olive extra vierge.<\/p>\n<p>Ingr\u00e9dients :<\/p>\n<ul>\n<li>Morue<\/li>\n<li>Poivre s\u00e9ch\u00e9<\/li>\n<li>Ail<\/li>\n<li>Huile d&rsquo;olive extra vierge<\/li>\n<\/ul>\n<p>Comment consommer ?<\/p>\n<ul>\n<li>En ap\u00e9ritif<\/li>\n<li>Toast<\/li>\n<li>Salades<\/li>\n<li>Empanadillas<\/li>\n<li>Avec tortilla<\/li>\n<\/ul>\n<p>190 gr<\/p>\n<p>&nbsp;<\/p>\n<p><strong>Vous voulez en savoir plus sur cette entr\u00e9e gourmande ?<\/strong><\/p>\n<p>Au c\u0153ur de la gastronomie traditionnelle espagnole se trouve la <strong>pericana<\/strong>, un plat exquis qui allie l&rsquo;intensit\u00e9 des piments s\u00e9ch\u00e9s \u00e0 la douceur et \u00e0 la saveur unique de la morue. Ce joyau culinaire, originaire de la r\u00e9gion d&rsquo;Alicante, a d\u00e9pass\u00e9 les fronti\u00e8res et est devenu un incontournable pour les amateurs de bonne ch\u00e8re. Si vous souhaitez <strong>acheter de la pericana<\/strong> et profiter de sa saveur authentique, lisez ce qui suit pour en savoir plus sur ce plat et sur la mani\u00e8re de le d\u00e9guster au mieux.  <\/p>\n<h3>Qu&rsquo;est-ce que la Pericana ?<\/h3>\n<p>La p\u00e9ricane est un d\u00e9lice culinaire qui associe des poivrons s\u00e9ch\u00e9s et de la morue, assaisonn\u00e9s avec de l&rsquo;huile d&rsquo;olive de qualit\u00e9, de l&rsquo;ail et parfois des amandes. Ce plat, profond\u00e9ment ancr\u00e9 dans la cuisine m\u00e9diterran\u00e9enne, est appr\u00e9ci\u00e9 pour son parfait \u00e9quilibre de saveurs et de textures. La <strong>Pericana de pimiento seco y bacalao<\/strong> est \u00e0 la fois une entr\u00e9e et un accompagnement, capable de transformer n&rsquo;importe quel repas en une exp\u00e9rience inoubliable.  <\/p>\n<h3>Comment d\u00e9guster le Pericana ?<\/h3>\n<p>La polyvalence de la p\u00e9ricanine permet de l&rsquo;appr\u00e9cier de multiples fa\u00e7ons :<\/p>\n<ul>\n<li><strong>En tapa ou en entr\u00e9e<\/strong>: Servez la pericana sur des tranches de pain grill\u00e9 pour une tapa simple mais \u00e9tonnamment savoureuse.<\/li>\n<li><strong>Accompagnement<\/strong>: Parfaite avec des plats de viande ou de poisson, la p\u00e9ricane apporte une touche de saveur m\u00e9diterran\u00e9enne qui rehausse n&rsquo;importe quel repas.<\/li>\n<li><strong>Dans les salades<\/strong>: Ajoutez une cuiller\u00e9e de pericana \u00e0 vos salades pour une touche d&rsquo;intensit\u00e9 et une saveur unique.<\/li>\n<\/ul>\n<h2>Acheter Pericana en ligne<\/h2>\n<p>\u00c0 l&rsquo;\u00e8re du num\u00e9rique, il est plus facile que jamais d&rsquo;acc\u00e9der \u00e0 des produits gastronomiques traditionnels tels que la pericana. L <g id=\"gid_0\">&lsquo;achat de pericana en ligne<\/g> vous permet de d\u00e9guster ce plat authentique o\u00f9 que vous soyez dans le monde. Voici comment choisir la meilleure pericana en ligne :  <\/p>\n<ul>\n<li><strong>Recherchez des fournisseurs sp\u00e9cialis\u00e9s<\/strong>: optez pour des boutiques en ligne sp\u00e9cialis\u00e9es dans les produits espagnols ou m\u00e9diterran\u00e9ens pour vous assurer d&rsquo;obtenir la meilleure qualit\u00e9 de pericana.<\/li>\n<li><strong>Examinez les ingr\u00e9dients<\/strong>: La qualit\u00e9 d&rsquo;une p\u00e9ricane d\u00e9pend en grande partie de la qualit\u00e9 de ses ingr\u00e9dients. Recherchez les options qui utilisent des poivrons s\u00e9ch\u00e9s et de la morue de premi\u00e8re qualit\u00e9, ainsi que de l&rsquo;huile d&rsquo;olive extra vierge. <\/li>\n<li><strong>Lisez les avis<\/strong>: les avis d&rsquo;autres clients peuvent vous donner une id\u00e9e pr\u00e9cise de la qualit\u00e9 du produit et du service du magasin.<\/li>\n<\/ul>\n<p>La <strong>p\u00e9ricane de morue et de poivre s\u00e9ch\u00e9 n<\/strong> &lsquo;est pas seulement un plat, c&rsquo;est une exp\u00e9rience gastronomique qui parle de tradition, de saveur et de qualit\u00e9. Maintenant que vous savez ce que c&rsquo;est, comment la d\u00e9guster et o\u00f9 <g id=\"gid_1\">acheter la p\u00e9ricane en ligne<\/g>, vous \u00eates pr\u00eat \u00e0 int\u00e9grer ce tr\u00e9sor de la cuisine m\u00e9diterran\u00e9enne \u00e0 votre r\u00e9pertoire culinaire. N&rsquo;attendez plus pour offrir \u00e0 votre palais le plaisir de savourer cette d\u00e9licatesse espagnole.  <\/p>\n","protected":false},"excerpt":{"rendered":"<p>P\u00e9ricane fabriqu\u00e9e \u00e0 la main \u00e0 partir de mati\u00e8res premi\u00e8res de qualit\u00e9.<\/p>\n","protected":false},"featured_media":4915,"comment_status":"open","ping_status":"closed","template":"","meta":[],"product_brand":[],"product_cat":[473,359],"product_tag":[475,444],"class_list":{"0":"post-3555","1":"product","2":"type-product","3":"status-publish","4":"has-post-thumbnail","6":"product_cat-pericana-fr","7":"product_cat-produits-gastronomiques","8":"product_tag-pericana-fr","9":"product_tag-produits-gastronomiques","11":"first","12":"instock","13":"sale","14":"shipping-taxable","15":"purchasable","16":"product-type-simple"},"yoast_head":"<!-- This site is optimized with the Yoast SEO plugin v26.9 - https:\/\/yoast.com\/product\/yoast-seo-wordpress\/ -->\n<title>Acheter Pericana - Gourmet Products Online - Pico y Tallo<\/title>\n<meta name=\"description\" content=\"Achetez de la p\u00e9ricane authentique faite \u00e0 la main dans la Communaut\u00e9 valencienne. Les produits gastronomiques les plus exclusifs se trouvent chez Pico y Tallo.\" \/>\n<meta name=\"robots\" content=\"index, follow, max-snippet:-1, max-image-preview:large, max-video-preview:-1\" \/>\n<link rel=\"canonical\" href=\"https:\/\/picoytallo.com\/fr\/producto\/pericana\/\" \/>\n<meta property=\"og:locale\" content=\"fr_FR\" \/>\n<meta property=\"og:type\" content=\"article\" \/>\n<meta property=\"og:title\" content=\"Acheter Pericana - Gourmet Products Online - Pico y Tallo\" \/>\n<meta property=\"og:description\" content=\"Achetez de la p\u00e9ricane authentique faite \u00e0 la main dans la Communaut\u00e9 valencienne. Les produits gastronomiques les plus exclusifs se trouvent chez Pico y Tallo.\" \/>\n<meta property=\"og:url\" content=\"https:\/\/picoytallo.com\/fr\/producto\/pericana\/\" \/>\n<meta property=\"og:site_name\" content=\"Pico y Tallo\" \/>\n<meta property=\"article:modified_time\" content=\"2025-11-14T09:42:28+00:00\" \/>\n<meta property=\"og:image\" content=\"https:\/\/picoytallo.com\/wp-content\/uploads\/2022\/03\/203.png\" \/>\n\t<meta property=\"og:image:width\" content=\"1080\" \/>\n\t<meta property=\"og:image:height\" content=\"1080\" \/>\n\t<meta property=\"og:image:type\" content=\"image\/png\" \/>\n<meta name=\"twitter:card\" content=\"summary_large_image\" \/>\n<meta name=\"twitter:label1\" content=\"Dur\u00e9e de lecture estim\u00e9e\" \/>\n\t<meta name=\"twitter:data1\" content=\"3 minutes\" \/>\n<script type=\"application\/ld+json\" class=\"yoast-schema-graph\">{\"@context\":\"https:\/\/schema.org\",\"@graph\":[{\"@type\":\"WebPage\",\"@id\":\"https:\/\/picoytallo.com\/fr\/producto\/pericana\/\",\"url\":\"https:\/\/picoytallo.com\/fr\/producto\/pericana\/\",\"name\":\"Acheter Pericana - Gourmet Products Online - Pico y Tallo\",\"isPartOf\":{\"@id\":\"https:\/\/picoytallo.com\/fr\/#website\"},\"primaryImageOfPage\":{\"@id\":\"https:\/\/picoytallo.com\/fr\/producto\/pericana\/#primaryimage\"},\"image\":{\"@id\":\"https:\/\/picoytallo.com\/fr\/producto\/pericana\/#primaryimage\"},\"thumbnailUrl\":\"https:\/\/picoytallo.com\/wp-content\/uploads\/2022\/03\/203.png\",\"datePublished\":\"2022-03-23T20:12:20+00:00\",\"dateModified\":\"2025-11-14T09:42:28+00:00\",\"description\":\"Achetez de la p\u00e9ricane authentique faite \u00e0 la main dans la Communaut\u00e9 valencienne. Les produits gastronomiques les plus exclusifs se trouvent chez Pico y Tallo.\",\"breadcrumb\":{\"@id\":\"https:\/\/picoytallo.com\/fr\/producto\/pericana\/#breadcrumb\"},\"inLanguage\":\"fr-FR\",\"potentialAction\":[{\"@type\":\"ReadAction\",\"target\":[\"https:\/\/picoytallo.com\/fr\/producto\/pericana\/\"]}]},{\"@type\":\"ImageObject\",\"inLanguage\":\"fr-FR\",\"@id\":\"https:\/\/picoytallo.com\/fr\/producto\/pericana\/#primaryimage\",\"url\":\"https:\/\/picoytallo.com\/wp-content\/uploads\/2022\/03\/203.png\",\"contentUrl\":\"https:\/\/picoytallo.com\/wp-content\/uploads\/2022\/03\/203.png\",\"width\":1080,\"height\":1080,\"caption\":\"Pot de p\u00e9ricarpe\"},{\"@type\":\"BreadcrumbList\",\"@id\":\"https:\/\/picoytallo.com\/fr\/producto\/pericana\/#breadcrumb\",\"itemListElement\":[{\"@type\":\"ListItem\",\"position\":1,\"name\":\"Portada\",\"item\":\"https:\/\/picoytallo.com\/fr\/\"},{\"@type\":\"ListItem\",\"position\":2,\"name\":\"Boutique\",\"item\":\"https:\/\/picoytallo.com\/fr\/boutique\/\"},{\"@type\":\"ListItem\",\"position\":3,\"name\":\"Pericana\"}]},{\"@type\":\"WebSite\",\"@id\":\"https:\/\/picoytallo.com\/fr\/#website\",\"url\":\"https:\/\/picoytallo.com\/fr\/\",\"name\":\"Pico y Tallo\",\"description\":\"Productos Gourmet Online\",\"publisher\":{\"@id\":\"https:\/\/picoytallo.com\/fr\/#organization\"},\"potentialAction\":[{\"@type\":\"SearchAction\",\"target\":{\"@type\":\"EntryPoint\",\"urlTemplate\":\"https:\/\/picoytallo.com\/fr\/?s={search_term_string}\"},\"query-input\":{\"@type\":\"PropertyValueSpecification\",\"valueRequired\":true,\"valueName\":\"search_term_string\"}}],\"inLanguage\":\"fr-FR\"},{\"@type\":\"Organization\",\"@id\":\"https:\/\/picoytallo.com\/fr\/#organization\",\"name\":\"Pico y Tallo\",\"url\":\"https:\/\/picoytallo.com\/fr\/\",\"logo\":{\"@type\":\"ImageObject\",\"inLanguage\":\"fr-FR\",\"@id\":\"https:\/\/picoytallo.com\/fr\/#\/schema\/logo\/image\/\",\"url\":\"https:\/\/picoytallo.com\/wp-content\/uploads\/2022\/03\/cropped-Productos-gourmet-picotallo.webp\",\"contentUrl\":\"https:\/\/picoytallo.com\/wp-content\/uploads\/2022\/03\/cropped-Productos-gourmet-picotallo.webp\",\"width\":1194,\"height\":314,\"caption\":\"Pico y Tallo\"},\"image\":{\"@id\":\"https:\/\/picoytallo.com\/fr\/#\/schema\/logo\/image\/\"}}]}<\/script>\n<!-- \/ Yoast SEO plugin. -->","yoast_head_json":{"title":"Acheter Pericana - Gourmet Products Online - Pico y Tallo","description":"Achetez de la p\u00e9ricane authentique faite \u00e0 la main dans la Communaut\u00e9 valencienne. Les produits gastronomiques les plus exclusifs se trouvent chez Pico y Tallo.","robots":{"index":"index","follow":"follow","max-snippet":"max-snippet:-1","max-image-preview":"max-image-preview:large","max-video-preview":"max-video-preview:-1"},"canonical":"https:\/\/picoytallo.com\/fr\/producto\/pericana\/","og_locale":"fr_FR","og_type":"article","og_title":"Acheter Pericana - Gourmet Products Online - Pico y Tallo","og_description":"Achetez de la p\u00e9ricane authentique faite \u00e0 la main dans la Communaut\u00e9 valencienne. Les produits gastronomiques les plus exclusifs se trouvent chez Pico y Tallo.","og_url":"https:\/\/picoytallo.com\/fr\/producto\/pericana\/","og_site_name":"Pico y Tallo","article_modified_time":"2025-11-14T09:42:28+00:00","og_image":[{"width":1080,"height":1080,"url":"https:\/\/picoytallo.com\/wp-content\/uploads\/2022\/03\/203.png","type":"image\/png"}],"twitter_card":"summary_large_image","twitter_misc":{"Dur\u00e9e de lecture estim\u00e9e":"3 minutes"},"schema":{"@context":"https:\/\/schema.org","@graph":[{"@type":"WebPage","@id":"https:\/\/picoytallo.com\/fr\/producto\/pericana\/","url":"https:\/\/picoytallo.com\/fr\/producto\/pericana\/","name":"Acheter Pericana - Gourmet Products Online - Pico y Tallo","isPartOf":{"@id":"https:\/\/picoytallo.com\/fr\/#website"},"primaryImageOfPage":{"@id":"https:\/\/picoytallo.com\/fr\/producto\/pericana\/#primaryimage"},"image":{"@id":"https:\/\/picoytallo.com\/fr\/producto\/pericana\/#primaryimage"},"thumbnailUrl":"https:\/\/picoytallo.com\/wp-content\/uploads\/2022\/03\/203.png","datePublished":"2022-03-23T20:12:20+00:00","dateModified":"2025-11-14T09:42:28+00:00","description":"Achetez de la p\u00e9ricane authentique faite \u00e0 la main dans la Communaut\u00e9 valencienne. Les produits gastronomiques les plus exclusifs se trouvent chez Pico y Tallo.","breadcrumb":{"@id":"https:\/\/picoytallo.com\/fr\/producto\/pericana\/#breadcrumb"},"inLanguage":"fr-FR","potentialAction":[{"@type":"ReadAction","target":["https:\/\/picoytallo.com\/fr\/producto\/pericana\/"]}]},{"@type":"ImageObject","inLanguage":"fr-FR","@id":"https:\/\/picoytallo.com\/fr\/producto\/pericana\/#primaryimage","url":"https:\/\/picoytallo.com\/wp-content\/uploads\/2022\/03\/203.png","contentUrl":"https:\/\/picoytallo.com\/wp-content\/uploads\/2022\/03\/203.png","width":1080,"height":1080,"caption":"Pot de p\u00e9ricarpe"},{"@type":"BreadcrumbList","@id":"https:\/\/picoytallo.com\/fr\/producto\/pericana\/#breadcrumb","itemListElement":[{"@type":"ListItem","position":1,"name":"Portada","item":"https:\/\/picoytallo.com\/fr\/"},{"@type":"ListItem","position":2,"name":"Boutique","item":"https:\/\/picoytallo.com\/fr\/boutique\/"},{"@type":"ListItem","position":3,"name":"Pericana"}]},{"@type":"WebSite","@id":"https:\/\/picoytallo.com\/fr\/#website","url":"https:\/\/picoytallo.com\/fr\/","name":"Pico y Tallo","description":"Productos Gourmet Online","publisher":{"@id":"https:\/\/picoytallo.com\/fr\/#organization"},"potentialAction":[{"@type":"SearchAction","target":{"@type":"EntryPoint","urlTemplate":"https:\/\/picoytallo.com\/fr\/?s={search_term_string}"},"query-input":{"@type":"PropertyValueSpecification","valueRequired":true,"valueName":"search_term_string"}}],"inLanguage":"fr-FR"},{"@type":"Organization","@id":"https:\/\/picoytallo.com\/fr\/#organization","name":"Pico y Tallo","url":"https:\/\/picoytallo.com\/fr\/","logo":{"@type":"ImageObject","inLanguage":"fr-FR","@id":"https:\/\/picoytallo.com\/fr\/#\/schema\/logo\/image\/","url":"https:\/\/picoytallo.com\/wp-content\/uploads\/2022\/03\/cropped-Productos-gourmet-picotallo.webp","contentUrl":"https:\/\/picoytallo.com\/wp-content\/uploads\/2022\/03\/cropped-Productos-gourmet-picotallo.webp","width":1194,"height":314,"caption":"Pico y Tallo"},"image":{"@id":"https:\/\/picoytallo.com\/fr\/#\/schema\/logo\/image\/"}}]}},"_links":{"self":[{"href":"https:\/\/picoytallo.com\/fr\/wp-json\/wp\/v2\/product\/3555","targetHints":{"allow":["GET"]}}],"collection":[{"href":"https:\/\/picoytallo.com\/fr\/wp-json\/wp\/v2\/product"}],"about":[{"href":"https:\/\/picoytallo.com\/fr\/wp-json\/wp\/v2\/types\/product"}],"replies":[{"embeddable":true,"href":"https:\/\/picoytallo.com\/fr\/wp-json\/wp\/v2\/comments?post=3555"}],"wp:featuredmedia":[{"embeddable":true,"href":"https:\/\/picoytallo.com\/fr\/wp-json\/wp\/v2\/media\/4915"}],"wp:attachment":[{"href":"https:\/\/picoytallo.com\/fr\/wp-json\/wp\/v2\/media?parent=3555"}],"wp:term":[{"taxonomy":"product_brand","embeddable":true,"href":"https:\/\/picoytallo.com\/fr\/wp-json\/wp\/v2\/product_brand?post=3555"},{"taxonomy":"product_cat","embeddable":true,"href":"https:\/\/picoytallo.com\/fr\/wp-json\/wp\/v2\/product_cat?post=3555"},{"taxonomy":"product_tag","embeddable":true,"href":"https:\/\/picoytallo.com\/fr\/wp-json\/wp\/v2\/product_tag?post=3555"}],"curies":[{"name":"wp","href":"https:\/\/api.w.org\/{rel}","templated":true}]}}